{"id":294,"date":"2024-09-09T13:01:38","date_gmt":"2024-09-09T16:01:38","guid":{"rendered":"https:\/\/redeicm.org.br\/maossolidarias\/?page_id=294"},"modified":"2025-05-30T09:42:10","modified_gmt":"2025-05-30T12:42:10","slug":"legislacao-sobre-a-protecao-social-basica","status":"publish","type":"page","link":"https:\/\/redeicm.org.br\/maossolidarias\/legislacao-sobre-a-protecao-social-basica\/","title":{"rendered":"Legisla\u00e7\u00e3o sobre a Prote\u00e7\u00e3o Social B\u00e1sica"},"content":{"rendered":"\t\t<div data-elementor-type=\"wp-page\" data-elementor-id=\"294\" class=\"elementor elementor-294\" data-elementor-post-type=\"page\">\n\t\t\t\t<div class=\"elementor-element elementor-element-1ee013a e-con-full e-flex e-con e-parent\" data-id=\"1ee013a\" data-element_type=\"container\" data-e-type=\"container\">\n\t\t<div class=\"elementor-element elementor-element-03401a5 e-flex e-con-boxed e-con e-child\" data-id=\"03401a5\" data-element_type=\"container\" data-e-type=\"container\">\n\t\t\t\t\t<div class=\"e-con-inner\">\n\t\t\t\t<div class=\"elementor-element elementor-element-5cef788 elementor-invisible elementor-widget elementor-widget-text-editor\" data-id=\"5cef788\" data-element_type=\"widget\" data-e-type=\"widget\" data-settings=\"{&quot;_animation&quot;:&quot;fadeInUp&quot;}\" data-widget_type=\"text-editor.default\">\n\t\t\t\t<div class=\"elementor-widget-container\">\n\t\t\t\t\t\t\t\t\t<ul><li><strong>Lei 12.101<\/strong>, de 27 de novembro de 2009 \u2013 Disp\u00f5e sobre a Certifica\u00e7\u00e3o das Entidades Beneficentes de Assist\u00eancia Social;<\/li><li><strong>Lei 12.868\/2013 -,<\/strong>Altera a Lei 12.101\/2009;<\/li><li><strong>Decreto n\u00ba 8.242\/2014 \u2013<\/strong>Regulamenta a Lei 12.101\/2009<strong>;<\/strong><\/li><li><strong>Lei n\u00ba 8.742<\/strong>, de 7 de dezembro de 1993 \u2013 Lei Org\u00e2nica da Assist\u00eancia Social \u2013 LOAS;<\/li><li><strong>Lei n\u00ba 8.213<\/strong>, de 24 de julho de 1991 \u2013 Disp\u00f5e sobre os Planos de Benef\u00edcios da Previd\u00eancia Social e d\u00e1 outras provid\u00eancias;<\/li><li><strong>Decreto n\u00ba 2.536<\/strong>, de 6 de abril de 1998 \u2013 Disp\u00f5e sobre a concess\u00e3o do Certificado de Entidades de Fins Filantr\u00f3picos a que se refere o inciso IV do art. 18 da Lei n\u00ba 8.742, de 7 de dezembro de 1993 e d\u00e1 outras provid\u00eancias;<\/li><li><strong>Decreto n\u00ba 6.308<\/strong>, de 14 de Dezembro de 2007 \u2013 Disp\u00f5e sobre as Entidades e organiza\u00e7\u00f5es de assist\u00eancia social de que trata o art. 3\u00ba da Lei no 8.742, de 7 de dezembro de 1993, e d\u00e1 outras provid\u00eancias;<\/li><li><strong>Decreto 7.237<\/strong>, de 20 de julho de 2010 \u2013 Trata da Regulamenta\u00e7\u00e3o da Lei 12.101;<\/li><li><strong>Lei 8.842<\/strong>, de 04 de janeiro de 1994; Disp\u00f5e sobre a Pol\u00edtica Nacional do Idoso;<\/li><li><strong>Lei 8.069<\/strong>, de 13 de julho de 1990 \u2013 Disp\u00f5e sobre o Estatuto da Crian\u00e7a e do Adolescente e d\u00e1 outras provid\u00eancias;<\/li><li><strong>Resolu\u00e7\u00e3o CNAS n\u00ba 109<\/strong>de 11 de novembro de 2009 \u2013 Trata da Tipifica\u00e7\u00e3o Nacional dos Servi\u00e7os Socioassistenciais;<\/li><li><strong>Lei n\u00b0 12.435,<\/strong>de 06 de julho de 2011<strong>\u00a0<\/strong><strong>\u2013\u00a0<\/strong>Altera a Lei n<u><sup>o<\/sup><\/u>\u00a0742, de 7 de dezembro de 1993, que disp\u00f5e sobre a organiza\u00e7\u00e3o da Assist\u00eancia Social.<\/li><li><strong>Resolu\u00e7\u00e3o CNAS n\u00ba 14<\/strong>, de 15 de maio de 2014 \u2013 Define os par\u00e2metros nacionais para a inscri\u00e7\u00e3o das entidades ou organiza\u00e7\u00f5es de Assist\u00eancia Social, bem como dos servi\u00e7os, programas, projetos e benef\u00edcios socioassistenciais nos Conselhos de Assist\u00eancia Social;<\/li><li><a href=\"http:\/\/mds.gov.br\/\">http:\/\/mds.gov.br\/<\/a>;<\/li><li><a href=\"http:\/\/mds.gov.br\/central-de-conteudo\/assistencia-social\/publicacoes-assistencia-social\/\">http:\/\/mds.gov.br\/central-de-conteudo\/assistencia-social\/publicacoes-assistencia-social\/<\/a>;<\/li><li><a href=\"http:\/\/www.cfess.org.br\/arquivos\/atribuicoes2012-completo.pdf\">http:\/\/www.cfess.org.br\/arquivos\/atribuicoes2012-completo.pdf<\/a>\u2013 Atribui\u00e7\u00f5es Privativas do Assistente Social;<\/li><li><a href=\"http:\/\/www.cfess.org.br\/arquivos\/Cartilha_CFESS_Final_Grafica.pdf\">http:\/\/www.cfess.org.br\/arquivos\/Cartilha_CFESS_Final_Grafica.pdf<\/a>\u2013 Par\u00e2metros para a Atua\u00e7\u00e3o do Assistente Social na Pol\u00edtica de Assist\u00eancia Social;<\/li><li><a href=\"http:\/\/www.cfess.org.br\/arquivos\/CartilhaFinalCFESSCFPset2007.pdf\">http:\/\/www.cfess.org.br\/arquivos\/CartilhaFinalCFESSCFPset2007.pdf<\/a>\u2013 Par\u00e2metros para a Atua\u00e7\u00e3o de Assistentes Sociais e Psic\u00f3logos na Pol\u00edtica de Assist\u00eancia Social;<\/li><li>Demais resolu\u00e7\u00f5es e normatiza\u00e7\u00f5es dos Conselhos Municipais de Assist\u00eancia Social e dos Conselhos Municipais dos Direitos da Crian\u00e7a e do Adolescente.<\/li><\/ul>\t\t\t\t\t\t\t\t<\/div>\n\t\t\t\t<\/div>\n\t\t\t\t\t<\/div>\n\t\t\t\t<\/div>\n\t\t\t\t<\/div>\n\t\t\t\t<\/div>\n\t\t","protected":false},"excerpt":{"rendered":"<p>Lei 12.101, de 27 de novembro de 2009 \u2013 Disp\u00f5e sobre a Certifica\u00e7\u00e3o das Entidades Beneficentes de Assist\u00eancia Social; Lei 12.868\/2013 -,Altera a Lei 12.101\/2009; Decreto n\u00ba 8.242\/2014 \u2013Regulamenta a Lei 12.101\/2009; Lei n\u00ba 8.742, de 7 de dezembro de 1993 \u2013 Lei Org\u00e2nica da Assist\u00eancia Social \u2013 LOAS; Lei n\u00ba 8.213, de 24 de [&hellip;]<\/p>\n","protected":false},"author":1,"featured_media":0,"parent":0,"menu_order":0,"comment_status":"closed","ping_status":"closed","template":"","meta":{"_acf_changed":false,"footnotes":""},"class_list":["post-294","page","type-page","status-publish","hentry"],"acf":[],"yoast_head":"<!-- This site is optimized with the Yoast SEO plugin v26.3 - https:\/\/yoast.com\/wordpress\/plugins\/seo\/ -->\n<title>Legisla\u00e7\u00e3o sobre a Prote\u00e7\u00e3o Social B\u00e1sica - Centro de Conviv\u00eancia M\u00e3os Solid\u00e1rias | Rede ICM de Educa\u00e7\u00e3o e Assist\u00eancia Social<\/title>\n<meta name=\"robots\" content=\"index, follow, max-snippet:-1, max-image-preview:large, max-video-preview:-1\" \/>\n<link rel=\"canonical\" href=\"https:\/\/redeicm.org.br\/maossolidarias\/legislacao-sobre-a-protecao-social-basica\/\" \/>\n<meta property=\"og:locale\" content=\"pt_BR\" \/>\n<meta property=\"og:type\" content=\"article\" \/>\n<meta property=\"og:title\" content=\"Legisla\u00e7\u00e3o sobre a Prote\u00e7\u00e3o Social B\u00e1sica - Centro de Conviv\u00eancia M\u00e3os Solid\u00e1rias | Rede ICM de Educa\u00e7\u00e3o e Assist\u00eancia Social\" \/>\n<meta property=\"og:description\" content=\"Lei 12.101, de 27 de novembro de 2009 \u2013 Disp\u00f5e sobre a Certifica\u00e7\u00e3o das Entidades Beneficentes de Assist\u00eancia Social; Lei 12.868\/2013 -,Altera a Lei 12.101\/2009; Decreto n\u00ba 8.242\/2014 \u2013Regulamenta a Lei 12.101\/2009; Lei n\u00ba 8.742, de 7 de dezembro de 1993 \u2013 Lei Org\u00e2nica da Assist\u00eancia Social \u2013 LOAS; Lei n\u00ba 8.213, de 24 de [&hellip;]\" \/>\n<meta property=\"og:url\" content=\"https:\/\/redeicm.org.br\/maossolidarias\/legislacao-sobre-a-protecao-social-basica\/\" \/>\n<meta property=\"og:site_name\" content=\"Centro de Conviv\u00eancia M\u00e3os Solid\u00e1rias | Rede ICM de Educa\u00e7\u00e3o e Assist\u00eancia Social\" \/>\n<meta property=\"article:modified_time\" content=\"2025-05-30T12:42:10+00:00\" \/>\n<meta name=\"twitter:card\" content=\"summary_large_image\" \/>\n<meta name=\"twitter:label1\" content=\"Est. tempo de leitura\" \/>\n\t<meta name=\"twitter:data1\" content=\"2 minutos\" \/>\n<script type=\"application\/ld+json\" class=\"yoast-schema-graph\">{\"@context\":\"https:\/\/schema.org\",\"@graph\":[{\"@type\":\"WebPage\",\"@id\":\"https:\/\/redeicm.org.br\/maossolidarias\/legislacao-sobre-a-protecao-social-basica\/\",\"url\":\"https:\/\/redeicm.org.br\/maossolidarias\/legislacao-sobre-a-protecao-social-basica\/\",\"name\":\"Legisla\u00e7\u00e3o sobre a Prote\u00e7\u00e3o Social B\u00e1sica - Centro de Conviv\u00eancia M\u00e3os Solid\u00e1rias | Rede ICM de Educa\u00e7\u00e3o e Assist\u00eancia Social\",\"isPartOf\":{\"@id\":\"https:\/\/redeicm.org.br\/maossolidarias\/#website\"},\"datePublished\":\"2024-09-09T16:01:38+00:00\",\"dateModified\":\"2025-05-30T12:42:10+00:00\",\"breadcrumb\":{\"@id\":\"https:\/\/redeicm.org.br\/maossolidarias\/legislacao-sobre-a-protecao-social-basica\/#breadcrumb\"},\"inLanguage\":\"pt-BR\",\"potentialAction\":[{\"@type\":\"ReadAction\",\"target\":[\"https:\/\/redeicm.org.br\/maossolidarias\/legislacao-sobre-a-protecao-social-basica\/\"]}]},{\"@type\":\"BreadcrumbList\",\"@id\":\"https:\/\/redeicm.org.br\/maossolidarias\/legislacao-sobre-a-protecao-social-basica\/#breadcrumb\",\"itemListElement\":[{\"@type\":\"ListItem\",\"position\":1,\"name\":\"In\u00edcio\",\"item\":\"https:\/\/redeicm.org.br\/maossolidarias\/\"},{\"@type\":\"ListItem\",\"position\":2,\"name\":\"Legisla\u00e7\u00e3o sobre a Prote\u00e7\u00e3o Social B\u00e1sica\"}]},{\"@type\":\"WebSite\",\"@id\":\"https:\/\/redeicm.org.br\/maossolidarias\/#website\",\"url\":\"https:\/\/redeicm.org.br\/maossolidarias\/\",\"name\":\"Centro de Conviv\u00eancia M\u00e3os Solid\u00e1rias | Rede ICM de Educa\u00e7\u00e3o e Assist\u00eancia Social\",\"description\":\"\",\"publisher\":{\"@id\":\"https:\/\/redeicm.org.br\/maossolidarias\/#organization\"},\"potentialAction\":[{\"@type\":\"SearchAction\",\"target\":{\"@type\":\"EntryPoint\",\"urlTemplate\":\"https:\/\/redeicm.org.br\/maossolidarias\/?s={search_term_string}\"},\"query-input\":{\"@type\":\"PropertyValueSpecification\",\"valueRequired\":true,\"valueName\":\"search_term_string\"}}],\"inLanguage\":\"pt-BR\"},{\"@type\":\"Organization\",\"@id\":\"https:\/\/redeicm.org.br\/maossolidarias\/#organization\",\"name\":\"Centro de Conviv\u00eancia M\u00e3os Solid\u00e1rias | Rede ICM de Educa\u00e7\u00e3o e Assist\u00eancia Social\",\"url\":\"https:\/\/redeicm.org.br\/maossolidarias\/\",\"logo\":{\"@type\":\"ImageObject\",\"inLanguage\":\"pt-BR\",\"@id\":\"https:\/\/redeicm.org.br\/maossolidarias\/#\/schema\/logo\/image\/\",\"url\":\"https:\/\/redeicm.org.br\/maossolidarias\/wp-content\/uploads\/sites\/19\/2024\/08\/logo-icm-maos-solidarias.webp\",\"contentUrl\":\"https:\/\/redeicm.org.br\/maossolidarias\/wp-content\/uploads\/sites\/19\/2024\/08\/logo-icm-maos-solidarias.webp\",\"width\":1024,\"height\":360,\"caption\":\"Centro de Conviv\u00eancia M\u00e3os Solid\u00e1rias | Rede ICM de Educa\u00e7\u00e3o e Assist\u00eancia Social\"},\"image\":{\"@id\":\"https:\/\/redeicm.org.br\/maossolidarias\/#\/schema\/logo\/image\/\"}}]}<\/script>\n<!-- \/ Yoast SEO plugin. -->","yoast_head_json":{"title":"Legisla\u00e7\u00e3o sobre a Prote\u00e7\u00e3o Social B\u00e1sica - Centro de Conviv\u00eancia M\u00e3os Solid\u00e1rias | Rede ICM de Educa\u00e7\u00e3o e Assist\u00eancia Social","robots":{"index":"index","follow":"follow","max-snippet":"max-snippet:-1","max-image-preview":"max-image-preview:large","max-video-preview":"max-video-preview:-1"},"canonical":"https:\/\/redeicm.org.br\/maossolidarias\/legislacao-sobre-a-protecao-social-basica\/","og_locale":"pt_BR","og_type":"article","og_title":"Legisla\u00e7\u00e3o sobre a Prote\u00e7\u00e3o Social B\u00e1sica - Centro de Conviv\u00eancia M\u00e3os Solid\u00e1rias | Rede ICM de Educa\u00e7\u00e3o e Assist\u00eancia Social","og_description":"Lei 12.101, de 27 de novembro de 2009 \u2013 Disp\u00f5e sobre a Certifica\u00e7\u00e3o das Entidades Beneficentes de Assist\u00eancia Social; Lei 12.868\/2013 -,Altera a Lei 12.101\/2009; Decreto n\u00ba 8.242\/2014 \u2013Regulamenta a Lei 12.101\/2009; Lei n\u00ba 8.742, de 7 de dezembro de 1993 \u2013 Lei Org\u00e2nica da Assist\u00eancia Social \u2013 LOAS; Lei n\u00ba 8.213, de 24 de [&hellip;]","og_url":"https:\/\/redeicm.org.br\/maossolidarias\/legislacao-sobre-a-protecao-social-basica\/","og_site_name":"Centro de Conviv\u00eancia M\u00e3os Solid\u00e1rias | Rede ICM de Educa\u00e7\u00e3o e Assist\u00eancia Social","article_modified_time":"2025-05-30T12:42:10+00:00","twitter_card":"summary_large_image","twitter_misc":{"Est. tempo de leitura":"2 minutos"},"schema":{"@context":"https:\/\/schema.org","@graph":[{"@type":"WebPage","@id":"https:\/\/redeicm.org.br\/maossolidarias\/legislacao-sobre-a-protecao-social-basica\/","url":"https:\/\/redeicm.org.br\/maossolidarias\/legislacao-sobre-a-protecao-social-basica\/","name":"Legisla\u00e7\u00e3o sobre a Prote\u00e7\u00e3o Social B\u00e1sica - Centro de Conviv\u00eancia M\u00e3os Solid\u00e1rias | Rede ICM de Educa\u00e7\u00e3o e Assist\u00eancia Social","isPartOf":{"@id":"https:\/\/redeicm.org.br\/maossolidarias\/#website"},"datePublished":"2024-09-09T16:01:38+00:00","dateModified":"2025-05-30T12:42:10+00:00","breadcrumb":{"@id":"https:\/\/redeicm.org.br\/maossolidarias\/legislacao-sobre-a-protecao-social-basica\/#breadcrumb"},"inLanguage":"pt-BR","potentialAction":[{"@type":"ReadAction","target":["https:\/\/redeicm.org.br\/maossolidarias\/legislacao-sobre-a-protecao-social-basica\/"]}]},{"@type":"BreadcrumbList","@id":"https:\/\/redeicm.org.br\/maossolidarias\/legislacao-sobre-a-protecao-social-basica\/#breadcrumb","itemListElement":[{"@type":"ListItem","position":1,"name":"In\u00edcio","item":"https:\/\/redeicm.org.br\/maossolidarias\/"},{"@type":"ListItem","position":2,"name":"Legisla\u00e7\u00e3o sobre a Prote\u00e7\u00e3o Social B\u00e1sica"}]},{"@type":"WebSite","@id":"https:\/\/redeicm.org.br\/maossolidarias\/#website","url":"https:\/\/redeicm.org.br\/maossolidarias\/","name":"Centro de Conviv\u00eancia M\u00e3os Solid\u00e1rias | Rede ICM de Educa\u00e7\u00e3o e Assist\u00eancia Social","description":"","publisher":{"@id":"https:\/\/redeicm.org.br\/maossolidarias\/#organization"},"potentialAction":[{"@type":"SearchAction","target":{"@type":"EntryPoint","urlTemplate":"https:\/\/redeicm.org.br\/maossolidarias\/?s={search_term_string}"},"query-input":{"@type":"PropertyValueSpecification","valueRequired":true,"valueName":"search_term_string"}}],"inLanguage":"pt-BR"},{"@type":"Organization","@id":"https:\/\/redeicm.org.br\/maossolidarias\/#organization","name":"Centro de Conviv\u00eancia M\u00e3os Solid\u00e1rias | Rede ICM de Educa\u00e7\u00e3o e Assist\u00eancia Social","url":"https:\/\/redeicm.org.br\/maossolidarias\/","logo":{"@type":"ImageObject","inLanguage":"pt-BR","@id":"https:\/\/redeicm.org.br\/maossolidarias\/#\/schema\/logo\/image\/","url":"https:\/\/redeicm.org.br\/maossolidarias\/wp-content\/uploads\/sites\/19\/2024\/08\/logo-icm-maos-solidarias.webp","contentUrl":"https:\/\/redeicm.org.br\/maossolidarias\/wp-content\/uploads\/sites\/19\/2024\/08\/logo-icm-maos-solidarias.webp","width":1024,"height":360,"caption":"Centro de Conviv\u00eancia M\u00e3os Solid\u00e1rias | Rede ICM de Educa\u00e7\u00e3o e Assist\u00eancia Social"},"image":{"@id":"https:\/\/redeicm.org.br\/maossolidarias\/#\/schema\/logo\/image\/"}}]}},"_links":{"self":[{"href":"https:\/\/redeicm.org.br\/maossolidarias\/wp-json\/wp\/v2\/pages\/294","targetHints":{"allow":["GET"]}}],"collection":[{"href":"https:\/\/redeicm.org.br\/maossolidarias\/wp-json\/wp\/v2\/pages"}],"about":[{"href":"https:\/\/redeicm.org.br\/maossolidarias\/wp-json\/wp\/v2\/types\/page"}],"author":[{"embeddable":true,"href":"https:\/\/redeicm.org.br\/maossolidarias\/wp-json\/wp\/v2\/users\/1"}],"replies":[{"embeddable":true,"href":"https:\/\/redeicm.org.br\/maossolidarias\/wp-json\/wp\/v2\/comments?post=294"}],"version-history":[{"count":3,"href":"https:\/\/redeicm.org.br\/maossolidarias\/wp-json\/wp\/v2\/pages\/294\/revisions"}],"predecessor-version":[{"id":410,"href":"https:\/\/redeicm.org.br\/maossolidarias\/wp-json\/wp\/v2\/pages\/294\/revisions\/410"}],"wp:attachment":[{"href":"https:\/\/redeicm.org.br\/maossolidarias\/wp-json\/wp\/v2\/media?parent=294"}],"curies":[{"name":"wp","href":"https:\/\/api.w.org\/{rel}","templated":true}]}}