{"id":287,"date":"2024-09-09T12:58:49","date_gmt":"2024-09-09T15:58:49","guid":{"rendered":"https:\/\/redeicm.org.br\/maossolidarias\/?page_id=287"},"modified":"2025-10-16T15:47:55","modified_gmt":"2025-10-16T18:47:55","slug":"sobre-a-unidade-socioassistencial","status":"publish","type":"page","link":"https:\/\/redeicm.org.br\/maossolidarias\/sobre-a-unidade-socioassistencial\/","title":{"rendered":"Sobre a Unidade Socioassistencial"},"content":{"rendered":"\t\t<div data-elementor-type=\"wp-page\" data-elementor-id=\"287\" class=\"elementor elementor-287\" data-elementor-post-type=\"page\">\n\t\t\t\t<div class=\"elementor-element elementor-element-79b8508 e-flex e-con-boxed e-con e-parent\" data-id=\"79b8508\" data-element_type=\"container\" data-e-type=\"container\">\n\t\t\t\t\t<div class=\"e-con-inner\">\n\t\t\t\t<div class=\"elementor-element elementor-element-b66b4b5 elementor-widget elementor-widget-text-editor\" data-id=\"b66b4b5\" data-element_type=\"widget\" data-e-type=\"widget\" data-widget_type=\"text-editor.default\">\n\t\t\t\t<div class=\"elementor-widget-container\">\n\t\t\t\t\t\t\t\t\t<p>O Centro de Conviv\u00eancia M\u00e3os Solid\u00e1rias \u00e9 uma das unidades socioassistencial mantida pela Sociedade Educa\u00e7\u00e3o e Caridade \u2013 SEC, atualmente denominada Rede ICM de Educa\u00e7\u00e3o e Assist\u00eancia Social. No intuito de, atender as express\u00f5es da quest\u00e3o social presentes no munic\u00edpio de Caxias do Sul, a Rede ICM de Educa\u00e7\u00e3o e Assist\u00eancia Social, idealizou o Centro de Conviv\u00eancia M\u00e3o Solid\u00e1rias, ampliando assim, suas a\u00e7\u00f5es sociais e a luta e defesa da prote\u00e7\u00e3o social, atrav\u00e9s dos servi\u00e7os socioassistenciais e tamb\u00e9m pela presen\u00e7a na Educa\u00e7\u00e3o.<br \/>Assim sendo, o Centro de Conviv\u00eancia M\u00e3os Solid\u00e1rias que est\u00e1 inserido na zona leste da cidade de Caxias do Sul\/RS e foi legalmente institu\u00edda neste territ\u00f3rio em 2001. Com a resolu\u00e7\u00e3o n\u00ba 109\/2009, a entidade passa a ser caracterizada como Servi\u00e7o de Conviv\u00eancia e Fortalecimento de V\u00ednculos para Crian\u00e7as e Adolescentes, onde s\u00e3o atendidas crian\u00e7as, adolescentes e seus familiares provenientes de treze bairros.<br \/>A trajet\u00f3ria de atua\u00e7\u00e3o da Rede ICM de Educa\u00e7\u00e3o e Assist\u00eancia Social, junto ao munic\u00edpio de Caxias do Sul \u00e9 pautada, h\u00e1 muitos anos, pela promo\u00e7\u00e3o e defesa da vida de mulheres, crian\u00e7as e adolescentes, em situa\u00e7\u00e3o de vulnerabilidade e risco pessoal e social.<br \/>Atualmente o Centro de Conviv\u00eancia M\u00e3os Solid\u00e1rias atende 160 crian\u00e7as e adolescente, cujas fam\u00edlias convivem diariamente com situa\u00e7\u00f5es de vulnerabilidade e risco social e pessoal. Atrav\u00e9s do SCFV a institui\u00e7\u00e3o desenvolve um trabalho social de car\u00e1ter continuado com as fam\u00edlias, visando fortalecer a fun\u00e7\u00e3o protetiva e proativa das mesmas, prevenindo assim, a ruptura de v\u00ednculos familiares. E enquanto \u00f3rg\u00e3o protetor est\u00e1 em constante vigil\u00e2ncia e aprimoramento para contribuir na supera\u00e7\u00e3o das demandas apresentadas.<br \/>Diante disso, o servi\u00e7o procura proporcionar um espa\u00e7o mais participativo, din\u00e2mico e criativo para as crian\u00e7as, adolescentes e suas fam\u00edlias, assegurando a prote\u00e7\u00e3o social como garantia do desenvolvimento humano.<\/p>\t\t\t\t\t\t\t\t<\/div>\n\t\t\t\t<\/div>\n\t\t\t\t\t<\/div>\n\t\t\t\t<\/div>\n\t\t\t\t<\/div>\n\t\t","protected":false},"excerpt":{"rendered":"<p>O Centro de Conviv\u00eancia M\u00e3os Solid\u00e1rias \u00e9 uma das unidades socioassistencial mantida pela Sociedade Educa\u00e7\u00e3o e Caridade \u2013 SEC, atualmente denominada Rede ICM de Educa\u00e7\u00e3o e Assist\u00eancia Social. No intuito de, atender as express\u00f5es da quest\u00e3o social presentes no munic\u00edpio de Caxias do Sul, a Rede ICM de Educa\u00e7\u00e3o e Assist\u00eancia Social, idealizou o Centro [&hellip;]<\/p>\n","protected":false},"author":1,"featured_media":0,"parent":0,"menu_order":0,"comment_status":"closed","ping_status":"closed","template":"","meta":{"_acf_changed":false,"footnotes":""},"class_list":["post-287","page","type-page","status-publish","hentry"],"acf":[],"yoast_head":"<!-- This site is optimized with the Yoast SEO plugin v26.3 - https:\/\/yoast.com\/wordpress\/plugins\/seo\/ -->\n<title>Sobre a Unidade Socioassistencial - Centro de Conviv\u00eancia M\u00e3os Solid\u00e1rias | Rede ICM de Educa\u00e7\u00e3o e Assist\u00eancia Social<\/title>\n<meta name=\"robots\" content=\"index, follow, max-snippet:-1, max-image-preview:large, max-video-preview:-1\" \/>\n<link rel=\"canonical\" href=\"https:\/\/redeicm.org.br\/maossolidarias\/sobre-a-unidade-socioassistencial\/\" \/>\n<meta property=\"og:locale\" content=\"pt_BR\" \/>\n<meta property=\"og:type\" content=\"article\" \/>\n<meta property=\"og:title\" content=\"Sobre a Unidade Socioassistencial - Centro de Conviv\u00eancia M\u00e3os Solid\u00e1rias | Rede ICM de Educa\u00e7\u00e3o e Assist\u00eancia Social\" \/>\n<meta property=\"og:description\" content=\"O Centro de Conviv\u00eancia M\u00e3os Solid\u00e1rias \u00e9 uma das unidades socioassistencial mantida pela Sociedade Educa\u00e7\u00e3o e Caridade \u2013 SEC, atualmente denominada Rede ICM de Educa\u00e7\u00e3o e Assist\u00eancia Social. No intuito de, atender as express\u00f5es da quest\u00e3o social presentes no munic\u00edpio de Caxias do Sul, a Rede ICM de Educa\u00e7\u00e3o e Assist\u00eancia Social, idealizou o Centro [&hellip;]\" \/>\n<meta property=\"og:url\" content=\"https:\/\/redeicm.org.br\/maossolidarias\/sobre-a-unidade-socioassistencial\/\" \/>\n<meta property=\"og:site_name\" content=\"Centro de Conviv\u00eancia M\u00e3os Solid\u00e1rias | Rede ICM de Educa\u00e7\u00e3o e Assist\u00eancia Social\" \/>\n<meta property=\"article:modified_time\" content=\"2025-10-16T18:47:55+00:00\" \/>\n<meta name=\"twitter:card\" content=\"summary_large_image\" \/>\n<meta name=\"twitter:label1\" content=\"Est. tempo de leitura\" \/>\n\t<meta name=\"twitter:data1\" content=\"2 minutos\" \/>\n<script type=\"application\/ld+json\" class=\"yoast-schema-graph\">{\"@context\":\"https:\/\/schema.org\",\"@graph\":[{\"@type\":\"WebPage\",\"@id\":\"https:\/\/redeicm.org.br\/maossolidarias\/sobre-a-unidade-socioassistencial\/\",\"url\":\"https:\/\/redeicm.org.br\/maossolidarias\/sobre-a-unidade-socioassistencial\/\",\"name\":\"Sobre a Unidade Socioassistencial - Centro de Conviv\u00eancia M\u00e3os Solid\u00e1rias | Rede ICM de Educa\u00e7\u00e3o e Assist\u00eancia Social\",\"isPartOf\":{\"@id\":\"https:\/\/redeicm.org.br\/maossolidarias\/#website\"},\"datePublished\":\"2024-09-09T15:58:49+00:00\",\"dateModified\":\"2025-10-16T18:47:55+00:00\",\"breadcrumb\":{\"@id\":\"https:\/\/redeicm.org.br\/maossolidarias\/sobre-a-unidade-socioassistencial\/#breadcrumb\"},\"inLanguage\":\"pt-BR\",\"potentialAction\":[{\"@type\":\"ReadAction\",\"target\":[\"https:\/\/redeicm.org.br\/maossolidarias\/sobre-a-unidade-socioassistencial\/\"]}]},{\"@type\":\"BreadcrumbList\",\"@id\":\"https:\/\/redeicm.org.br\/maossolidarias\/sobre-a-unidade-socioassistencial\/#breadcrumb\",\"itemListElement\":[{\"@type\":\"ListItem\",\"position\":1,\"name\":\"In\u00edcio\",\"item\":\"https:\/\/redeicm.org.br\/maossolidarias\/\"},{\"@type\":\"ListItem\",\"position\":2,\"name\":\"Sobre a Unidade Socioassistencial\"}]},{\"@type\":\"WebSite\",\"@id\":\"https:\/\/redeicm.org.br\/maossolidarias\/#website\",\"url\":\"https:\/\/redeicm.org.br\/maossolidarias\/\",\"name\":\"Centro de Conviv\u00eancia M\u00e3os Solid\u00e1rias | Rede ICM de Educa\u00e7\u00e3o e Assist\u00eancia Social\",\"description\":\"\",\"publisher\":{\"@id\":\"https:\/\/redeicm.org.br\/maossolidarias\/#organization\"},\"potentialAction\":[{\"@type\":\"SearchAction\",\"target\":{\"@type\":\"EntryPoint\",\"urlTemplate\":\"https:\/\/redeicm.org.br\/maossolidarias\/?s={search_term_string}\"},\"query-input\":{\"@type\":\"PropertyValueSpecification\",\"valueRequired\":true,\"valueName\":\"search_term_string\"}}],\"inLanguage\":\"pt-BR\"},{\"@type\":\"Organization\",\"@id\":\"https:\/\/redeicm.org.br\/maossolidarias\/#organization\",\"name\":\"Centro de Conviv\u00eancia M\u00e3os Solid\u00e1rias | Rede ICM de Educa\u00e7\u00e3o e Assist\u00eancia Social\",\"url\":\"https:\/\/redeicm.org.br\/maossolidarias\/\",\"logo\":{\"@type\":\"ImageObject\",\"inLanguage\":\"pt-BR\",\"@id\":\"https:\/\/redeicm.org.br\/maossolidarias\/#\/schema\/logo\/image\/\",\"url\":\"https:\/\/redeicm.org.br\/maossolidarias\/wp-content\/uploads\/sites\/19\/2024\/08\/logo-icm-maos-solidarias.webp\",\"contentUrl\":\"https:\/\/redeicm.org.br\/maossolidarias\/wp-content\/uploads\/sites\/19\/2024\/08\/logo-icm-maos-solidarias.webp\",\"width\":1024,\"height\":360,\"caption\":\"Centro de Conviv\u00eancia M\u00e3os Solid\u00e1rias | Rede ICM de Educa\u00e7\u00e3o e Assist\u00eancia Social\"},\"image\":{\"@id\":\"https:\/\/redeicm.org.br\/maossolidarias\/#\/schema\/logo\/image\/\"}}]}<\/script>\n<!-- \/ Yoast SEO plugin. -->","yoast_head_json":{"title":"Sobre a Unidade Socioassistencial - Centro de Conviv\u00eancia M\u00e3os Solid\u00e1rias | Rede ICM de Educa\u00e7\u00e3o e Assist\u00eancia Social","robots":{"index":"index","follow":"follow","max-snippet":"max-snippet:-1","max-image-preview":"max-image-preview:large","max-video-preview":"max-video-preview:-1"},"canonical":"https:\/\/redeicm.org.br\/maossolidarias\/sobre-a-unidade-socioassistencial\/","og_locale":"pt_BR","og_type":"article","og_title":"Sobre a Unidade Socioassistencial - Centro de Conviv\u00eancia M\u00e3os Solid\u00e1rias | Rede ICM de Educa\u00e7\u00e3o e Assist\u00eancia Social","og_description":"O Centro de Conviv\u00eancia M\u00e3os Solid\u00e1rias \u00e9 uma das unidades socioassistencial mantida pela Sociedade Educa\u00e7\u00e3o e Caridade \u2013 SEC, atualmente denominada Rede ICM de Educa\u00e7\u00e3o e Assist\u00eancia Social. No intuito de, atender as express\u00f5es da quest\u00e3o social presentes no munic\u00edpio de Caxias do Sul, a Rede ICM de Educa\u00e7\u00e3o e Assist\u00eancia Social, idealizou o Centro [&hellip;]","og_url":"https:\/\/redeicm.org.br\/maossolidarias\/sobre-a-unidade-socioassistencial\/","og_site_name":"Centro de Conviv\u00eancia M\u00e3os Solid\u00e1rias | Rede ICM de Educa\u00e7\u00e3o e Assist\u00eancia Social","article_modified_time":"2025-10-16T18:47:55+00:00","twitter_card":"summary_large_image","twitter_misc":{"Est. tempo de leitura":"2 minutos"},"schema":{"@context":"https:\/\/schema.org","@graph":[{"@type":"WebPage","@id":"https:\/\/redeicm.org.br\/maossolidarias\/sobre-a-unidade-socioassistencial\/","url":"https:\/\/redeicm.org.br\/maossolidarias\/sobre-a-unidade-socioassistencial\/","name":"Sobre a Unidade Socioassistencial - Centro de Conviv\u00eancia M\u00e3os Solid\u00e1rias | Rede ICM de Educa\u00e7\u00e3o e Assist\u00eancia Social","isPartOf":{"@id":"https:\/\/redeicm.org.br\/maossolidarias\/#website"},"datePublished":"2024-09-09T15:58:49+00:00","dateModified":"2025-10-16T18:47:55+00:00","breadcrumb":{"@id":"https:\/\/redeicm.org.br\/maossolidarias\/sobre-a-unidade-socioassistencial\/#breadcrumb"},"inLanguage":"pt-BR","potentialAction":[{"@type":"ReadAction","target":["https:\/\/redeicm.org.br\/maossolidarias\/sobre-a-unidade-socioassistencial\/"]}]},{"@type":"BreadcrumbList","@id":"https:\/\/redeicm.org.br\/maossolidarias\/sobre-a-unidade-socioassistencial\/#breadcrumb","itemListElement":[{"@type":"ListItem","position":1,"name":"In\u00edcio","item":"https:\/\/redeicm.org.br\/maossolidarias\/"},{"@type":"ListItem","position":2,"name":"Sobre a Unidade Socioassistencial"}]},{"@type":"WebSite","@id":"https:\/\/redeicm.org.br\/maossolidarias\/#website","url":"https:\/\/redeicm.org.br\/maossolidarias\/","name":"Centro de Conviv\u00eancia M\u00e3os Solid\u00e1rias | Rede ICM de Educa\u00e7\u00e3o e Assist\u00eancia Social","description":"","publisher":{"@id":"https:\/\/redeicm.org.br\/maossolidarias\/#organization"},"potentialAction":[{"@type":"SearchAction","target":{"@type":"EntryPoint","urlTemplate":"https:\/\/redeicm.org.br\/maossolidarias\/?s={search_term_string}"},"query-input":{"@type":"PropertyValueSpecification","valueRequired":true,"valueName":"search_term_string"}}],"inLanguage":"pt-BR"},{"@type":"Organization","@id":"https:\/\/redeicm.org.br\/maossolidarias\/#organization","name":"Centro de Conviv\u00eancia M\u00e3os Solid\u00e1rias | Rede ICM de Educa\u00e7\u00e3o e Assist\u00eancia Social","url":"https:\/\/redeicm.org.br\/maossolidarias\/","logo":{"@type":"ImageObject","inLanguage":"pt-BR","@id":"https:\/\/redeicm.org.br\/maossolidarias\/#\/schema\/logo\/image\/","url":"https:\/\/redeicm.org.br\/maossolidarias\/wp-content\/uploads\/sites\/19\/2024\/08\/logo-icm-maos-solidarias.webp","contentUrl":"https:\/\/redeicm.org.br\/maossolidarias\/wp-content\/uploads\/sites\/19\/2024\/08\/logo-icm-maos-solidarias.webp","width":1024,"height":360,"caption":"Centro de Conviv\u00eancia M\u00e3os Solid\u00e1rias | Rede ICM de Educa\u00e7\u00e3o e Assist\u00eancia Social"},"image":{"@id":"https:\/\/redeicm.org.br\/maossolidarias\/#\/schema\/logo\/image\/"}}]}},"_links":{"self":[{"href":"https:\/\/redeicm.org.br\/maossolidarias\/wp-json\/wp\/v2\/pages\/287","targetHints":{"allow":["GET"]}}],"collection":[{"href":"https:\/\/redeicm.org.br\/maossolidarias\/wp-json\/wp\/v2\/pages"}],"about":[{"href":"https:\/\/redeicm.org.br\/maossolidarias\/wp-json\/wp\/v2\/types\/page"}],"author":[{"embeddable":true,"href":"https:\/\/redeicm.org.br\/maossolidarias\/wp-json\/wp\/v2\/users\/1"}],"replies":[{"embeddable":true,"href":"https:\/\/redeicm.org.br\/maossolidarias\/wp-json\/wp\/v2\/comments?post=287"}],"version-history":[{"count":12,"href":"https:\/\/redeicm.org.br\/maossolidarias\/wp-json\/wp\/v2\/pages\/287\/revisions"}],"predecessor-version":[{"id":509,"href":"https:\/\/redeicm.org.br\/maossolidarias\/wp-json\/wp\/v2\/pages\/287\/revisions\/509"}],"wp:attachment":[{"href":"https:\/\/redeicm.org.br\/maossolidarias\/wp-json\/wp\/v2\/media?parent=287"}],"curies":[{"name":"wp","href":"https:\/\/api.w.org\/{rel}","templated":true}]}}