{"id":282,"date":"2024-09-09T12:57:57","date_gmt":"2024-09-09T15:57:57","guid":{"rendered":"https:\/\/redeicm.org.br\/maossolidarias\/?page_id=282"},"modified":"2025-10-16T15:44:37","modified_gmt":"2025-10-16T18:44:37","slug":"rede-icm","status":"publish","type":"page","link":"https:\/\/redeicm.org.br\/maossolidarias\/rede-icm\/","title":{"rendered":"Rede ICM"},"content":{"rendered":"\t\t<div data-elementor-type=\"wp-page\" data-elementor-id=\"282\" class=\"elementor elementor-282\" data-elementor-post-type=\"page\">\n\t\t\t\t<div class=\"elementor-element elementor-element-5eebccb e-con-full e-flex e-con e-parent\" data-id=\"5eebccb\" data-element_type=\"container\" data-e-type=\"container\">\n\t\t<div class=\"elementor-element elementor-element-24dcc86 e-flex e-con-boxed e-con e-child\" data-id=\"24dcc86\" data-element_type=\"container\" data-e-type=\"container\">\n\t\t\t\t\t<div class=\"e-con-inner\">\n\t\t\t\t<div class=\"elementor-element elementor-element-e618a53 elementor-invisible elementor-widget elementor-widget-text-editor\" data-id=\"e618a53\" data-element_type=\"widget\" data-e-type=\"widget\" data-settings=\"{&quot;_animation&quot;:&quot;fadeInUp&quot;}\" data-widget_type=\"text-editor.default\">\n\t\t\t\t<div class=\"elementor-widget-container\">\n\t\t\t\t\t\t\t\t\t<h6>\u00a0<\/h6><h6>Somos a Rede ICM de Educa\u00e7\u00e3o e Assist\u00eancia Social que, fiel \u00e0s suas origens, acolhe e educa crian\u00e7as, adolescentes e jovens, garantindo um processo formativo integral e inovador, que possibilita o desenvolvimento do senso cr\u00edtico, da \u00e9tica, da solidariedade e da cidadania.<br \/>As unidades de ensino e socioassistenciais, em seu fazer educativo, favorecem a constru\u00e7\u00e3o do conhecimento e do desenvolvimento humano, cient\u00edfico, tecnol\u00f3gico e espiritual; contribuem para a forma\u00e7\u00e3o de cidad\u00e3os capazes de analisar, compreender, posicionar-se e intervir na realidade, promovendo transforma\u00e7\u00f5es sociais, com vistas ao bem estar da pessoa, no plano pessoal e coletivo.<br \/>Assim, a Rede ICM de Educa\u00e7\u00e3o e Assist\u00eancia Social garante a excel\u00eancia humana e pedag\u00f3gica, sempre Comprometida com o Futuro.<\/h6>\t\t\t\t\t\t\t\t<\/div>\n\t\t\t\t<\/div>\n\t\t\t\t\t<\/div>\n\t\t\t\t<\/div>\n\t\t\t\t<\/div>\n\t\t\t\t<\/div>\n\t\t","protected":false},"excerpt":{"rendered":"<p>\u00a0 Somos a Rede ICM de Educa\u00e7\u00e3o e Assist\u00eancia Social que, fiel \u00e0s suas origens, acolhe e educa crian\u00e7as, adolescentes e jovens, garantindo um processo formativo integral e inovador, que possibilita o desenvolvimento do senso cr\u00edtico, da \u00e9tica, da solidariedade e da cidadania.As unidades de ensino e socioassistenciais, em seu fazer educativo, favorecem a constru\u00e7\u00e3o [&hellip;]<\/p>\n","protected":false},"author":1,"featured_media":0,"parent":0,"menu_order":0,"comment_status":"closed","ping_status":"closed","template":"","meta":{"_acf_changed":false,"footnotes":""},"class_list":["post-282","page","type-page","status-publish","hentry"],"acf":[],"yoast_head":"<!-- This site is optimized with the Yoast SEO plugin v26.3 - https:\/\/yoast.com\/wordpress\/plugins\/seo\/ -->\n<title>Rede ICM - Centro de Conviv\u00eancia M\u00e3os Solid\u00e1rias | Rede ICM de Educa\u00e7\u00e3o e Assist\u00eancia Social<\/title>\n<meta name=\"robots\" content=\"index, follow, max-snippet:-1, max-image-preview:large, max-video-preview:-1\" \/>\n<link rel=\"canonical\" href=\"https:\/\/redeicm.org.br\/maossolidarias\/rede-icm\/\" \/>\n<meta property=\"og:locale\" content=\"pt_BR\" \/>\n<meta property=\"og:type\" content=\"article\" \/>\n<meta property=\"og:title\" content=\"Rede ICM - Centro de Conviv\u00eancia M\u00e3os Solid\u00e1rias | Rede ICM de Educa\u00e7\u00e3o e Assist\u00eancia Social\" \/>\n<meta property=\"og:description\" content=\"\u00a0 Somos a Rede ICM de Educa\u00e7\u00e3o e Assist\u00eancia Social que, fiel \u00e0s suas origens, acolhe e educa crian\u00e7as, adolescentes e jovens, garantindo um processo formativo integral e inovador, que possibilita o desenvolvimento do senso cr\u00edtico, da \u00e9tica, da solidariedade e da cidadania.As unidades de ensino e socioassistenciais, em seu fazer educativo, favorecem a constru\u00e7\u00e3o [&hellip;]\" \/>\n<meta property=\"og:url\" content=\"https:\/\/redeicm.org.br\/maossolidarias\/rede-icm\/\" \/>\n<meta property=\"og:site_name\" content=\"Centro de Conviv\u00eancia M\u00e3os Solid\u00e1rias | Rede ICM de Educa\u00e7\u00e3o e Assist\u00eancia Social\" \/>\n<meta property=\"article:modified_time\" content=\"2025-10-16T18:44:37+00:00\" \/>\n<meta name=\"twitter:card\" content=\"summary_large_image\" \/>\n<meta name=\"twitter:label1\" content=\"Est. tempo de leitura\" \/>\n\t<meta name=\"twitter:data1\" content=\"1 minuto\" \/>\n<script type=\"application\/ld+json\" class=\"yoast-schema-graph\">{\"@context\":\"https:\/\/schema.org\",\"@graph\":[{\"@type\":\"WebPage\",\"@id\":\"https:\/\/redeicm.org.br\/maossolidarias\/rede-icm\/\",\"url\":\"https:\/\/redeicm.org.br\/maossolidarias\/rede-icm\/\",\"name\":\"Rede ICM - Centro de Conviv\u00eancia M\u00e3os Solid\u00e1rias | Rede ICM de Educa\u00e7\u00e3o e Assist\u00eancia Social\",\"isPartOf\":{\"@id\":\"https:\/\/redeicm.org.br\/maossolidarias\/#website\"},\"datePublished\":\"2024-09-09T15:57:57+00:00\",\"dateModified\":\"2025-10-16T18:44:37+00:00\",\"breadcrumb\":{\"@id\":\"https:\/\/redeicm.org.br\/maossolidarias\/rede-icm\/#breadcrumb\"},\"inLanguage\":\"pt-BR\",\"potentialAction\":[{\"@type\":\"ReadAction\",\"target\":[\"https:\/\/redeicm.org.br\/maossolidarias\/rede-icm\/\"]}]},{\"@type\":\"BreadcrumbList\",\"@id\":\"https:\/\/redeicm.org.br\/maossolidarias\/rede-icm\/#breadcrumb\",\"itemListElement\":[{\"@type\":\"ListItem\",\"position\":1,\"name\":\"In\u00edcio\",\"item\":\"https:\/\/redeicm.org.br\/maossolidarias\/\"},{\"@type\":\"ListItem\",\"position\":2,\"name\":\"Rede ICM\"}]},{\"@type\":\"WebSite\",\"@id\":\"https:\/\/redeicm.org.br\/maossolidarias\/#website\",\"url\":\"https:\/\/redeicm.org.br\/maossolidarias\/\",\"name\":\"Centro de Conviv\u00eancia M\u00e3os Solid\u00e1rias | Rede ICM de Educa\u00e7\u00e3o e Assist\u00eancia Social\",\"description\":\"\",\"publisher\":{\"@id\":\"https:\/\/redeicm.org.br\/maossolidarias\/#organization\"},\"potentialAction\":[{\"@type\":\"SearchAction\",\"target\":{\"@type\":\"EntryPoint\",\"urlTemplate\":\"https:\/\/redeicm.org.br\/maossolidarias\/?s={search_term_string}\"},\"query-input\":{\"@type\":\"PropertyValueSpecification\",\"valueRequired\":true,\"valueName\":\"search_term_string\"}}],\"inLanguage\":\"pt-BR\"},{\"@type\":\"Organization\",\"@id\":\"https:\/\/redeicm.org.br\/maossolidarias\/#organization\",\"name\":\"Centro de Conviv\u00eancia M\u00e3os Solid\u00e1rias | Rede ICM de Educa\u00e7\u00e3o e Assist\u00eancia Social\",\"url\":\"https:\/\/redeicm.org.br\/maossolidarias\/\",\"logo\":{\"@type\":\"ImageObject\",\"inLanguage\":\"pt-BR\",\"@id\":\"https:\/\/redeicm.org.br\/maossolidarias\/#\/schema\/logo\/image\/\",\"url\":\"https:\/\/redeicm.org.br\/maossolidarias\/wp-content\/uploads\/sites\/19\/2024\/08\/logo-icm-maos-solidarias.webp\",\"contentUrl\":\"https:\/\/redeicm.org.br\/maossolidarias\/wp-content\/uploads\/sites\/19\/2024\/08\/logo-icm-maos-solidarias.webp\",\"width\":1024,\"height\":360,\"caption\":\"Centro de Conviv\u00eancia M\u00e3os Solid\u00e1rias | Rede ICM de Educa\u00e7\u00e3o e Assist\u00eancia Social\"},\"image\":{\"@id\":\"https:\/\/redeicm.org.br\/maossolidarias\/#\/schema\/logo\/image\/\"}}]}<\/script>\n<!-- \/ Yoast SEO plugin. -->","yoast_head_json":{"title":"Rede ICM - Centro de Conviv\u00eancia M\u00e3os Solid\u00e1rias | Rede ICM de Educa\u00e7\u00e3o e Assist\u00eancia Social","robots":{"index":"index","follow":"follow","max-snippet":"max-snippet:-1","max-image-preview":"max-image-preview:large","max-video-preview":"max-video-preview:-1"},"canonical":"https:\/\/redeicm.org.br\/maossolidarias\/rede-icm\/","og_locale":"pt_BR","og_type":"article","og_title":"Rede ICM - Centro de Conviv\u00eancia M\u00e3os Solid\u00e1rias | Rede ICM de Educa\u00e7\u00e3o e Assist\u00eancia Social","og_description":"\u00a0 Somos a Rede ICM de Educa\u00e7\u00e3o e Assist\u00eancia Social que, fiel \u00e0s suas origens, acolhe e educa crian\u00e7as, adolescentes e jovens, garantindo um processo formativo integral e inovador, que possibilita o desenvolvimento do senso cr\u00edtico, da \u00e9tica, da solidariedade e da cidadania.As unidades de ensino e socioassistenciais, em seu fazer educativo, favorecem a constru\u00e7\u00e3o [&hellip;]","og_url":"https:\/\/redeicm.org.br\/maossolidarias\/rede-icm\/","og_site_name":"Centro de Conviv\u00eancia M\u00e3os Solid\u00e1rias | Rede ICM de Educa\u00e7\u00e3o e Assist\u00eancia Social","article_modified_time":"2025-10-16T18:44:37+00:00","twitter_card":"summary_large_image","twitter_misc":{"Est. tempo de leitura":"1 minuto"},"schema":{"@context":"https:\/\/schema.org","@graph":[{"@type":"WebPage","@id":"https:\/\/redeicm.org.br\/maossolidarias\/rede-icm\/","url":"https:\/\/redeicm.org.br\/maossolidarias\/rede-icm\/","name":"Rede ICM - Centro de Conviv\u00eancia M\u00e3os Solid\u00e1rias | Rede ICM de Educa\u00e7\u00e3o e Assist\u00eancia Social","isPartOf":{"@id":"https:\/\/redeicm.org.br\/maossolidarias\/#website"},"datePublished":"2024-09-09T15:57:57+00:00","dateModified":"2025-10-16T18:44:37+00:00","breadcrumb":{"@id":"https:\/\/redeicm.org.br\/maossolidarias\/rede-icm\/#breadcrumb"},"inLanguage":"pt-BR","potentialAction":[{"@type":"ReadAction","target":["https:\/\/redeicm.org.br\/maossolidarias\/rede-icm\/"]}]},{"@type":"BreadcrumbList","@id":"https:\/\/redeicm.org.br\/maossolidarias\/rede-icm\/#breadcrumb","itemListElement":[{"@type":"ListItem","position":1,"name":"In\u00edcio","item":"https:\/\/redeicm.org.br\/maossolidarias\/"},{"@type":"ListItem","position":2,"name":"Rede ICM"}]},{"@type":"WebSite","@id":"https:\/\/redeicm.org.br\/maossolidarias\/#website","url":"https:\/\/redeicm.org.br\/maossolidarias\/","name":"Centro de Conviv\u00eancia M\u00e3os Solid\u00e1rias | Rede ICM de Educa\u00e7\u00e3o e Assist\u00eancia Social","description":"","publisher":{"@id":"https:\/\/redeicm.org.br\/maossolidarias\/#organization"},"potentialAction":[{"@type":"SearchAction","target":{"@type":"EntryPoint","urlTemplate":"https:\/\/redeicm.org.br\/maossolidarias\/?s={search_term_string}"},"query-input":{"@type":"PropertyValueSpecification","valueRequired":true,"valueName":"search_term_string"}}],"inLanguage":"pt-BR"},{"@type":"Organization","@id":"https:\/\/redeicm.org.br\/maossolidarias\/#organization","name":"Centro de Conviv\u00eancia M\u00e3os Solid\u00e1rias | Rede ICM de Educa\u00e7\u00e3o e Assist\u00eancia Social","url":"https:\/\/redeicm.org.br\/maossolidarias\/","logo":{"@type":"ImageObject","inLanguage":"pt-BR","@id":"https:\/\/redeicm.org.br\/maossolidarias\/#\/schema\/logo\/image\/","url":"https:\/\/redeicm.org.br\/maossolidarias\/wp-content\/uploads\/sites\/19\/2024\/08\/logo-icm-maos-solidarias.webp","contentUrl":"https:\/\/redeicm.org.br\/maossolidarias\/wp-content\/uploads\/sites\/19\/2024\/08\/logo-icm-maos-solidarias.webp","width":1024,"height":360,"caption":"Centro de Conviv\u00eancia M\u00e3os Solid\u00e1rias | Rede ICM de Educa\u00e7\u00e3o e Assist\u00eancia Social"},"image":{"@id":"https:\/\/redeicm.org.br\/maossolidarias\/#\/schema\/logo\/image\/"}}]}},"_links":{"self":[{"href":"https:\/\/redeicm.org.br\/maossolidarias\/wp-json\/wp\/v2\/pages\/282","targetHints":{"allow":["GET"]}}],"collection":[{"href":"https:\/\/redeicm.org.br\/maossolidarias\/wp-json\/wp\/v2\/pages"}],"about":[{"href":"https:\/\/redeicm.org.br\/maossolidarias\/wp-json\/wp\/v2\/types\/page"}],"author":[{"embeddable":true,"href":"https:\/\/redeicm.org.br\/maossolidarias\/wp-json\/wp\/v2\/users\/1"}],"replies":[{"embeddable":true,"href":"https:\/\/redeicm.org.br\/maossolidarias\/wp-json\/wp\/v2\/comments?post=282"}],"version-history":[{"count":9,"href":"https:\/\/redeicm.org.br\/maossolidarias\/wp-json\/wp\/v2\/pages\/282\/revisions"}],"predecessor-version":[{"id":503,"href":"https:\/\/redeicm.org.br\/maossolidarias\/wp-json\/wp\/v2\/pages\/282\/revisions\/503"}],"wp:attachment":[{"href":"https:\/\/redeicm.org.br\/maossolidarias\/wp-json\/wp\/v2\/media?parent=282"}],"curies":[{"name":"wp","href":"https:\/\/api.w.org\/{rel}","templated":true}]}}