{"id":164,"date":"2024-08-16T15:47:09","date_gmt":"2024-08-16T18:47:09","guid":{"rendered":"https:\/\/redeicm.org.br\/maossolidarias\/horarios-de-funcionamento\/"},"modified":"2025-10-28T15:44:44","modified_gmt":"2025-10-28T18:44:44","slug":"horarios-de-funcionamento","status":"publish","type":"page","link":"https:\/\/redeicm.org.br\/maossolidarias\/horarios-de-funcionamento\/","title":{"rendered":"Hor\u00e1rios de Funcionamento"},"content":{"rendered":"\t\t<div data-elementor-type=\"wp-page\" data-elementor-id=\"164\" class=\"elementor elementor-164\" data-elementor-post-type=\"page\">\n\t\t\t\t<div class=\"elementor-element elementor-element-71ce87e9 e-flex e-con-boxed e-con e-parent\" data-id=\"71ce87e9\" data-element_type=\"container\" data-e-type=\"container\" data-settings=\"{&quot;background_background&quot;:&quot;classic&quot;}\">\n\t\t\t\t\t<div class=\"e-con-inner\">\n\t\t\t\t<div class=\"elementor-element elementor-element-2f056151 elementor-widget elementor-widget-heading\" data-id=\"2f056151\" data-element_type=\"widget\" data-e-type=\"widget\" data-widget_type=\"heading.default\">\n\t\t\t\t<div class=\"elementor-widget-container\">\n\t\t\t\t\t<h1 class=\"elementor-heading-title elementor-size-default\">Hor\u00e1rios de Funcionamento<\/h1>\t\t\t\t<\/div>\n\t\t\t\t<\/div>\n\t\t\t\t\t<\/div>\n\t\t\t\t<\/div>\n\t\t<div class=\"elementor-element elementor-element-1ab0980c e-con-full e-flex e-con e-parent\" data-id=\"1ab0980c\" data-element_type=\"container\" data-e-type=\"container\">\n\t\t<div class=\"elementor-element elementor-element-36c5f7ba e-con-full e-flex e-con e-child\" data-id=\"36c5f7ba\" data-element_type=\"container\" data-e-type=\"container\">\n\t\t\t\t<div class=\"elementor-element elementor-element-4f2cee0e elementor-widget elementor-widget-heading\" data-id=\"4f2cee0e\" data-element_type=\"widget\" data-e-type=\"widget\" data-widget_type=\"heading.default\">\n\t\t\t\t<div class=\"elementor-widget-container\">\n\t\t\t\t\t<h2 class=\"elementor-heading-title elementor-size-default\">Servi\u00e7o de Assist\u00eancia Social <\/h2>\t\t\t\t<\/div>\n\t\t\t\t<\/div>\n\t\t\t\t<div class=\"elementor-element elementor-element-2d1392df elementor-icon-list--layout-traditional elementor-list-item-link-full_width elementor-widget elementor-widget-icon-list\" data-id=\"2d1392df\" data-element_type=\"widget\" data-e-type=\"widget\" data-widget_type=\"icon-list.default\">\n\t\t\t\t<div class=\"elementor-widget-container\">\n\t\t\t\t\t\t\t<ul class=\"elementor-icon-list-items\">\n\t\t\t\t\t\t\t<li class=\"elementor-icon-list-item\">\n\t\t\t\t\t\t\t\t\t\t\t<span class=\"elementor-icon-list-icon\">\n\t\t\t\t\t\t\t<svg aria-hidden=\"true\" class=\"e-font-icon-svg e-far-clock\" viewBox=\"0 0 512 512\" xmlns=\"http:\/\/www.w3.org\/2000\/svg\"><path d=\"M256 8C119 8 8 119 8 256s111 248 248 248 248-111 248-248S393 8 256 8zm0 448c-110.5 0-200-89.5-200-200S145.5 56 256 56s200 89.5 200 200-89.5 200-200 200zm61.8-104.4l-84.9-61.7c-3.1-2.3-4.9-5.9-4.9-9.7V116c0-6.6 5.4-12 12-12h32c6.6 0 12 5.4 12 12v141.7l66.8 48.6c5.4 3.9 6.5 11.4 2.6 16.8L334.6 349c-3.9 5.3-11.4 6.5-16.8 2.6z\"><\/path><\/svg>\t\t\t\t\t\t<\/span>\n\t\t\t\t\t\t\t\t\t\t<span class=\"elementor-icon-list-text\">das 08h \u00e0s 12h e das 13h \u00e0s 17h<\/span>\n\t\t\t\t\t\t\t\t\t<\/li>\n\t\t\t\t\t\t<\/ul>\n\t\t\t\t\t\t<\/div>\n\t\t\t\t<\/div>\n\t\t\t\t<\/div>\n\t\t\t\t<\/div>\n\t\t\t\t<\/div>\n\t\t","protected":false},"excerpt":{"rendered":"<p>Servi\u00e7o de Assist\u00eancia Social das 08h \u00e0s 12h e das 13h \u00e0s 17h<\/p>\n","protected":false},"author":1,"featured_media":167,"parent":0,"menu_order":0,"comment_status":"closed","ping_status":"closed","template":"","meta":{"_acf_changed":false,"footnotes":""},"class_list":["post-164","page","type-page","status-publish","has-post-thumbnail","hentry"],"acf":[],"yoast_head":"<!-- This site is optimized with the Yoast SEO plugin v26.3 - https:\/\/yoast.com\/wordpress\/plugins\/seo\/ -->\n<title>Hor\u00e1rios de Funcionamento - Centro de Conviv\u00eancia M\u00e3os Solid\u00e1rias | Rede ICM de Educa\u00e7\u00e3o e Assist\u00eancia Social<\/title>\n<meta name=\"robots\" content=\"index, follow, max-snippet:-1, max-image-preview:large, max-video-preview:-1\" \/>\n<link rel=\"canonical\" href=\"https:\/\/redeicm.org.br\/maossolidarias\/horarios-de-funcionamento\/\" \/>\n<meta property=\"og:locale\" content=\"pt_BR\" \/>\n<meta property=\"og:type\" content=\"article\" \/>\n<meta property=\"og:title\" content=\"Hor\u00e1rios de Funcionamento - Centro de Conviv\u00eancia M\u00e3os Solid\u00e1rias | Rede ICM de Educa\u00e7\u00e3o e Assist\u00eancia Social\" \/>\n<meta property=\"og:description\" content=\"Servi\u00e7o de Assist\u00eancia Social das 08h \u00e0s 12h e das 13h \u00e0s 17h\" \/>\n<meta property=\"og:url\" content=\"https:\/\/redeicm.org.br\/maossolidarias\/horarios-de-funcionamento\/\" \/>\n<meta property=\"og:site_name\" content=\"Centro de Conviv\u00eancia M\u00e3os Solid\u00e1rias | Rede ICM de Educa\u00e7\u00e3o e Assist\u00eancia Social\" \/>\n<meta property=\"article:modified_time\" content=\"2025-10-28T18:44:44+00:00\" \/>\n<meta property=\"og:image\" content=\"https:\/\/redeicm.org.br\/maossolidarias\/wp-content\/uploads\/sites\/19\/2024\/08\/banner-projetos-educativos-2.jpg\" \/>\n\t<meta property=\"og:image:width\" content=\"1440\" \/>\n\t<meta property=\"og:image:height\" content=\"400\" \/>\n\t<meta property=\"og:image:type\" content=\"image\/jpeg\" \/>\n<meta name=\"twitter:card\" content=\"summary_large_image\" \/>\n<meta name=\"twitter:label1\" content=\"Est. tempo de leitura\" \/>\n\t<meta name=\"twitter:data1\" content=\"1 minuto\" \/>\n<script type=\"application\/ld+json\" class=\"yoast-schema-graph\">{\"@context\":\"https:\/\/schema.org\",\"@graph\":[{\"@type\":\"WebPage\",\"@id\":\"https:\/\/redeicm.org.br\/maossolidarias\/horarios-de-funcionamento\/\",\"url\":\"https:\/\/redeicm.org.br\/maossolidarias\/horarios-de-funcionamento\/\",\"name\":\"Hor\u00e1rios de Funcionamento - Centro de Conviv\u00eancia M\u00e3os Solid\u00e1rias | Rede ICM de Educa\u00e7\u00e3o e Assist\u00eancia Social\",\"isPartOf\":{\"@id\":\"https:\/\/redeicm.org.br\/maossolidarias\/#website\"},\"primaryImageOfPage\":{\"@id\":\"https:\/\/redeicm.org.br\/maossolidarias\/horarios-de-funcionamento\/#primaryimage\"},\"image\":{\"@id\":\"https:\/\/redeicm.org.br\/maossolidarias\/horarios-de-funcionamento\/#primaryimage\"},\"thumbnailUrl\":\"https:\/\/redeicm.org.br\/maossolidarias\/wp-content\/uploads\/sites\/19\/2024\/08\/banner-projetos-educativos-2.jpg\",\"datePublished\":\"2024-08-16T18:47:09+00:00\",\"dateModified\":\"2025-10-28T18:44:44+00:00\",\"breadcrumb\":{\"@id\":\"https:\/\/redeicm.org.br\/maossolidarias\/horarios-de-funcionamento\/#breadcrumb\"},\"inLanguage\":\"pt-BR\",\"potentialAction\":[{\"@type\":\"ReadAction\",\"target\":[\"https:\/\/redeicm.org.br\/maossolidarias\/horarios-de-funcionamento\/\"]}]},{\"@type\":\"ImageObject\",\"inLanguage\":\"pt-BR\",\"@id\":\"https:\/\/redeicm.org.br\/maossolidarias\/horarios-de-funcionamento\/#primaryimage\",\"url\":\"https:\/\/redeicm.org.br\/maossolidarias\/wp-content\/uploads\/sites\/19\/2024\/08\/banner-projetos-educativos-2.jpg\",\"contentUrl\":\"https:\/\/redeicm.org.br\/maossolidarias\/wp-content\/uploads\/sites\/19\/2024\/08\/banner-projetos-educativos-2.jpg\",\"width\":1440,\"height\":400},{\"@type\":\"BreadcrumbList\",\"@id\":\"https:\/\/redeicm.org.br\/maossolidarias\/horarios-de-funcionamento\/#breadcrumb\",\"itemListElement\":[{\"@type\":\"ListItem\",\"position\":1,\"name\":\"In\u00edcio\",\"item\":\"https:\/\/redeicm.org.br\/maossolidarias\/\"},{\"@type\":\"ListItem\",\"position\":2,\"name\":\"Hor\u00e1rios de Funcionamento\"}]},{\"@type\":\"WebSite\",\"@id\":\"https:\/\/redeicm.org.br\/maossolidarias\/#website\",\"url\":\"https:\/\/redeicm.org.br\/maossolidarias\/\",\"name\":\"Centro de Conviv\u00eancia M\u00e3os Solid\u00e1rias | Rede ICM de Educa\u00e7\u00e3o e Assist\u00eancia Social\",\"description\":\"\",\"publisher\":{\"@id\":\"https:\/\/redeicm.org.br\/maossolidarias\/#organization\"},\"potentialAction\":[{\"@type\":\"SearchAction\",\"target\":{\"@type\":\"EntryPoint\",\"urlTemplate\":\"https:\/\/redeicm.org.br\/maossolidarias\/?s={search_term_string}\"},\"query-input\":{\"@type\":\"PropertyValueSpecification\",\"valueRequired\":true,\"valueName\":\"search_term_string\"}}],\"inLanguage\":\"pt-BR\"},{\"@type\":\"Organization\",\"@id\":\"https:\/\/redeicm.org.br\/maossolidarias\/#organization\",\"name\":\"Centro de Conviv\u00eancia M\u00e3os Solid\u00e1rias | Rede ICM de Educa\u00e7\u00e3o e Assist\u00eancia Social\",\"url\":\"https:\/\/redeicm.org.br\/maossolidarias\/\",\"logo\":{\"@type\":\"ImageObject\",\"inLanguage\":\"pt-BR\",\"@id\":\"https:\/\/redeicm.org.br\/maossolidarias\/#\/schema\/logo\/image\/\",\"url\":\"https:\/\/redeicm.org.br\/maossolidarias\/wp-content\/uploads\/sites\/19\/2024\/08\/logo-icm-maos-solidarias.webp\",\"contentUrl\":\"https:\/\/redeicm.org.br\/maossolidarias\/wp-content\/uploads\/sites\/19\/2024\/08\/logo-icm-maos-solidarias.webp\",\"width\":1024,\"height\":360,\"caption\":\"Centro de Conviv\u00eancia M\u00e3os Solid\u00e1rias | Rede ICM de Educa\u00e7\u00e3o e Assist\u00eancia Social\"},\"image\":{\"@id\":\"https:\/\/redeicm.org.br\/maossolidarias\/#\/schema\/logo\/image\/\"}}]}<\/script>\n<!-- \/ Yoast SEO plugin. -->","yoast_head_json":{"title":"Hor\u00e1rios de Funcionamento - Centro de Conviv\u00eancia M\u00e3os Solid\u00e1rias | Rede ICM de Educa\u00e7\u00e3o e Assist\u00eancia Social","robots":{"index":"index","follow":"follow","max-snippet":"max-snippet:-1","max-image-preview":"max-image-preview:large","max-video-preview":"max-video-preview:-1"},"canonical":"https:\/\/redeicm.org.br\/maossolidarias\/horarios-de-funcionamento\/","og_locale":"pt_BR","og_type":"article","og_title":"Hor\u00e1rios de Funcionamento - Centro de Conviv\u00eancia M\u00e3os Solid\u00e1rias | Rede ICM de Educa\u00e7\u00e3o e Assist\u00eancia Social","og_description":"Servi\u00e7o de Assist\u00eancia Social das 08h \u00e0s 12h e das 13h \u00e0s 17h","og_url":"https:\/\/redeicm.org.br\/maossolidarias\/horarios-de-funcionamento\/","og_site_name":"Centro de Conviv\u00eancia M\u00e3os Solid\u00e1rias | Rede ICM de Educa\u00e7\u00e3o e Assist\u00eancia Social","article_modified_time":"2025-10-28T18:44:44+00:00","og_image":[{"width":1440,"height":400,"url":"https:\/\/redeicm.org.br\/maossolidarias\/wp-content\/uploads\/sites\/19\/2024\/08\/banner-projetos-educativos-2.jpg","type":"image\/jpeg"}],"twitter_card":"summary_large_image","twitter_misc":{"Est. tempo de leitura":"1 minuto"},"schema":{"@context":"https:\/\/schema.org","@graph":[{"@type":"WebPage","@id":"https:\/\/redeicm.org.br\/maossolidarias\/horarios-de-funcionamento\/","url":"https:\/\/redeicm.org.br\/maossolidarias\/horarios-de-funcionamento\/","name":"Hor\u00e1rios de Funcionamento - Centro de Conviv\u00eancia M\u00e3os Solid\u00e1rias | Rede ICM de Educa\u00e7\u00e3o e Assist\u00eancia Social","isPartOf":{"@id":"https:\/\/redeicm.org.br\/maossolidarias\/#website"},"primaryImageOfPage":{"@id":"https:\/\/redeicm.org.br\/maossolidarias\/horarios-de-funcionamento\/#primaryimage"},"image":{"@id":"https:\/\/redeicm.org.br\/maossolidarias\/horarios-de-funcionamento\/#primaryimage"},"thumbnailUrl":"https:\/\/redeicm.org.br\/maossolidarias\/wp-content\/uploads\/sites\/19\/2024\/08\/banner-projetos-educativos-2.jpg","datePublished":"2024-08-16T18:47:09+00:00","dateModified":"2025-10-28T18:44:44+00:00","breadcrumb":{"@id":"https:\/\/redeicm.org.br\/maossolidarias\/horarios-de-funcionamento\/#breadcrumb"},"inLanguage":"pt-BR","potentialAction":[{"@type":"ReadAction","target":["https:\/\/redeicm.org.br\/maossolidarias\/horarios-de-funcionamento\/"]}]},{"@type":"ImageObject","inLanguage":"pt-BR","@id":"https:\/\/redeicm.org.br\/maossolidarias\/horarios-de-funcionamento\/#primaryimage","url":"https:\/\/redeicm.org.br\/maossolidarias\/wp-content\/uploads\/sites\/19\/2024\/08\/banner-projetos-educativos-2.jpg","contentUrl":"https:\/\/redeicm.org.br\/maossolidarias\/wp-content\/uploads\/sites\/19\/2024\/08\/banner-projetos-educativos-2.jpg","width":1440,"height":400},{"@type":"BreadcrumbList","@id":"https:\/\/redeicm.org.br\/maossolidarias\/horarios-de-funcionamento\/#breadcrumb","itemListElement":[{"@type":"ListItem","position":1,"name":"In\u00edcio","item":"https:\/\/redeicm.org.br\/maossolidarias\/"},{"@type":"ListItem","position":2,"name":"Hor\u00e1rios de Funcionamento"}]},{"@type":"WebSite","@id":"https:\/\/redeicm.org.br\/maossolidarias\/#website","url":"https:\/\/redeicm.org.br\/maossolidarias\/","name":"Centro de Conviv\u00eancia M\u00e3os Solid\u00e1rias | Rede ICM de Educa\u00e7\u00e3o e Assist\u00eancia Social","description":"","publisher":{"@id":"https:\/\/redeicm.org.br\/maossolidarias\/#organization"},"potentialAction":[{"@type":"SearchAction","target":{"@type":"EntryPoint","urlTemplate":"https:\/\/redeicm.org.br\/maossolidarias\/?s={search_term_string}"},"query-input":{"@type":"PropertyValueSpecification","valueRequired":true,"valueName":"search_term_string"}}],"inLanguage":"pt-BR"},{"@type":"Organization","@id":"https:\/\/redeicm.org.br\/maossolidarias\/#organization","name":"Centro de Conviv\u00eancia M\u00e3os Solid\u00e1rias | Rede ICM de Educa\u00e7\u00e3o e Assist\u00eancia Social","url":"https:\/\/redeicm.org.br\/maossolidarias\/","logo":{"@type":"ImageObject","inLanguage":"pt-BR","@id":"https:\/\/redeicm.org.br\/maossolidarias\/#\/schema\/logo\/image\/","url":"https:\/\/redeicm.org.br\/maossolidarias\/wp-content\/uploads\/sites\/19\/2024\/08\/logo-icm-maos-solidarias.webp","contentUrl":"https:\/\/redeicm.org.br\/maossolidarias\/wp-content\/uploads\/sites\/19\/2024\/08\/logo-icm-maos-solidarias.webp","width":1024,"height":360,"caption":"Centro de Conviv\u00eancia M\u00e3os Solid\u00e1rias | Rede ICM de Educa\u00e7\u00e3o e Assist\u00eancia Social"},"image":{"@id":"https:\/\/redeicm.org.br\/maossolidarias\/#\/schema\/logo\/image\/"}}]}},"_links":{"self":[{"href":"https:\/\/redeicm.org.br\/maossolidarias\/wp-json\/wp\/v2\/pages\/164","targetHints":{"allow":["GET"]}}],"collection":[{"href":"https:\/\/redeicm.org.br\/maossolidarias\/wp-json\/wp\/v2\/pages"}],"about":[{"href":"https:\/\/redeicm.org.br\/maossolidarias\/wp-json\/wp\/v2\/types\/page"}],"author":[{"embeddable":true,"href":"https:\/\/redeicm.org.br\/maossolidarias\/wp-json\/wp\/v2\/users\/1"}],"replies":[{"embeddable":true,"href":"https:\/\/redeicm.org.br\/maossolidarias\/wp-json\/wp\/v2\/comments?post=164"}],"version-history":[{"count":3,"href":"https:\/\/redeicm.org.br\/maossolidarias\/wp-json\/wp\/v2\/pages\/164\/revisions"}],"predecessor-version":[{"id":560,"href":"https:\/\/redeicm.org.br\/maossolidarias\/wp-json\/wp\/v2\/pages\/164\/revisions\/560"}],"wp:featuredmedia":[{"embeddable":true,"href":"https:\/\/redeicm.org.br\/maossolidarias\/wp-json\/wp\/v2\/media\/167"}],"wp:attachment":[{"href":"https:\/\/redeicm.org.br\/maossolidarias\/wp-json\/wp\/v2\/media?parent=164"}],"curies":[{"name":"wp","href":"https:\/\/api.w.org\/{rel}","templated":true}]}}