{"id":814,"date":"2025-06-12T22:39:19","date_gmt":"2025-06-13T01:39:19","guid":{"rendered":"https:\/\/redeicm.org.br\/maededeus\/?page_id=814"},"modified":"2025-09-12T10:52:47","modified_gmt":"2025-09-12T13:52:47","slug":"biblioteca","status":"publish","type":"page","link":"https:\/\/redeicm.org.br\/maededeus\/biblioteca\/","title":{"rendered":"Biblioteca"},"content":{"rendered":"\t\t<div data-elementor-type=\"wp-page\" data-elementor-id=\"814\" class=\"elementor elementor-814\" data-elementor-post-type=\"page\">\n\t\t\t\t<div class=\"elementor-element elementor-element-3d5665a e-flex e-con-boxed e-con e-parent\" data-id=\"3d5665a\" data-element_type=\"container\" data-e-type=\"container\" data-settings=\"{&quot;background_background&quot;:&quot;classic&quot;}\">\n\t\t\t\t\t<div class=\"e-con-inner\">\n\t\t\t\t<div class=\"elementor-element elementor-element-8b2803a elementor-widget elementor-widget-heading\" data-id=\"8b2803a\" data-element_type=\"widget\" data-e-type=\"widget\" data-widget_type=\"heading.default\">\n\t\t\t\t<div class=\"elementor-widget-container\">\n\t\t\t\t\t<h1 class=\"elementor-heading-title elementor-size-default\">BIBLIOTECA MONTEIRO LOBATO\n\n<\/h1>\t\t\t\t<\/div>\n\t\t\t\t<\/div>\n\t\t\t\t\t<\/div>\n\t\t\t\t<\/div>\n\t\t<div class=\"elementor-element elementor-element-8483590 e-flex e-con-boxed e-con e-parent\" data-id=\"8483590\" data-element_type=\"container\" data-e-type=\"container\">\n\t\t\t\t\t<div class=\"e-con-inner\">\n\t\t\t\t<div class=\"elementor-element elementor-element-5e0670a elementor-invisible elementor-widget elementor-widget-text-editor\" data-id=\"5e0670a\" data-element_type=\"widget\" data-e-type=\"widget\" data-settings=\"{&quot;_animation&quot;:&quot;fadeInUp&quot;}\" data-widget_type=\"text-editor.default\">\n\t\t\t\t<div class=\"elementor-widget-container\">\n\t\t\t\t\t\t\t\t\t<p>A Biblioteca Monteiro Lobato \u00e9 um espa\u00e7o de conviv\u00eancia que promove a integra\u00e7\u00e3o social e possibilita o acesso \u00e0s diversas fontes de informa\u00e7\u00e3o, pesquisa e media\u00e7\u00e3o da leitura. Serve como apoio pedag\u00f3gico, desenvolvendo compet\u00eancias e habilidades, voltadas \u00e0 qualidade da educa\u00e7\u00e3o, fazendo com que o educando se aproprie da leitura, compreendendo-a como um todo, auxiliando assim, no processo de ensino e aprendizagem.<\/p><p>Hor\u00e1rios de Atendimento \u2013 De segunda a sexta-feira.<br \/>Manh\u00e3 \u2013 Das 7h30min \u00e0s 12h30min<br \/>Tarde \u2013 Das 13h \u00e0s 17h45min<\/p><p>Possui um acervo com aproximadamente 20 mil exemplares, entre livros, revistas, multimeios e folhetos.<\/p><p>A biblioteca presta os seguintes servi\u00e7os:<br \/>\u2013 Orienta\u00e7\u00e3o \u00e0 pesquisa bibliogr\u00e1fica e on-line;<br \/>\u2013 Empr\u00e9stimo local e domiciliar;<br \/>\u2013 Orienta\u00e7\u00e3o e treinamento de usu\u00e1rio;<br \/>\u2013 Levantamento bibliogr\u00e1fico e reservas;<br \/>\u2013 Orienta\u00e7\u00e3o quanto \u00e0 normaliza\u00e7\u00e3o de trabalhos escolares, conforme as normas da ABNT;<br \/>\u2013 Elabora\u00e7\u00e3o de ficha catalogr\u00e1fica;<br \/>\u2013 Realiza\u00e7\u00e3o da Hora do Conto e Hora da Leitura;<br \/>\u2013 Dissemina\u00e7\u00e3o seletiva da informa\u00e7\u00e3o, com dicas de leitura, pesquisa e divulga\u00e7\u00e3o dos itens atuais e rec\u00e9m-chegados \u00e0 biblioteca por assunto de interesse;<br \/>\u2013 Preserva\u00e7\u00e3o e recupera\u00e7\u00e3o do acervo.<\/p>\t\t\t\t\t\t\t\t<\/div>\n\t\t\t\t<\/div>\n\t\t\t\t\t<\/div>\n\t\t\t\t<\/div>\n\t\t<div class=\"elementor-element elementor-element-9ed2ea2 e-con-full e-flex e-con e-parent\" data-id=\"9ed2ea2\" data-element_type=\"container\" data-e-type=\"container\">\n\t\t<div class=\"elementor-element elementor-element-3c20760 e-flex e-con-boxed e-con e-child\" data-id=\"3c20760\" data-element_type=\"container\" data-e-type=\"container\">\n\t\t\t\t\t<div class=\"e-con-inner\">\n\t\t\t\t<div class=\"elementor-element elementor-element-5a5a339 elementor-invisible elementor-widget elementor-widget-text-editor\" data-id=\"5a5a339\" data-element_type=\"widget\" data-e-type=\"widget\" data-settings=\"{&quot;_animation&quot;:&quot;fadeInUp&quot;}\" data-widget_type=\"text-editor.default\">\n\t\t\t\t<div class=\"elementor-widget-container\">\n\t\t\t\t\t\t\t\t\t<div><strong>Espa\u00e7os comuns de conviv\u00eancia<\/strong><\/div><div><p>\u00a0<\/p><p>O espa\u00e7o \u201cEra uma vez\u201d \u00e9 pensado para os pequenos. O ambiente \u00e9 l\u00fadico e acolhedor, no qual acontecem semanalmente, a Hora do Conto e Leitura direcionados aos alunos da Educa\u00e7\u00e3o Infantil e dos Anos Iniciais do Ensino Fundamental. Neste local, os leitores t\u00eam acesso ao acervo infanto-juvenil selecionado para atender esta faixa et\u00e1ria.<\/p><p><img fetchpriority=\"high\" decoding=\"async\" class=\"alignnone wp-image-2714 size-full\" src=\"https:\/\/redeicm.org.br\/maededeus\/wp-content\/uploads\/sites\/8\/2025\/09\/Biblioteca1.jpg\" alt=\"\" width=\"2041\" height=\"822\" srcset=\"https:\/\/redeicm.org.br\/maededeus\/wp-content\/uploads\/sites\/8\/2025\/09\/Biblioteca1.jpg 2041w, https:\/\/redeicm.org.br\/maededeus\/wp-content\/uploads\/sites\/8\/2025\/09\/Biblioteca1-300x121.jpg 300w, https:\/\/redeicm.org.br\/maededeus\/wp-content\/uploads\/sites\/8\/2025\/09\/Biblioteca1-1024x412.jpg 1024w, https:\/\/redeicm.org.br\/maededeus\/wp-content\/uploads\/sites\/8\/2025\/09\/Biblioteca1-768x309.jpg 768w, https:\/\/redeicm.org.br\/maededeus\/wp-content\/uploads\/sites\/8\/2025\/09\/Biblioteca1-1536x619.jpg 1536w\" sizes=\"(max-width: 2041px) 100vw, 2041px\" \/><\/p><\/div><div>\u00a0<\/div><p>A \u201cSala de Pesquisa\u201d \u00e9 interativa e aconchegante para a leitura. Disponibiliza computadores com acesso \u00e0 internet para auxiliar nos estudos, pesquisas e realiza\u00e7\u00e3o de trabalhos, com a orienta\u00e7\u00e3o dos educadores da biblioteca.<\/p><div>\u00a0<\/div><div><strong>Projetos de media\u00e7\u00e3o da leitura<\/strong><\/div><div>A biblioteca desenvolve projetos de media\u00e7\u00e3o da leitura, realiza eventos e atividades culturais, tais como: Feira Liter\u00e1ria; Hora do Conto e Leitura; Semana da Biblioteca; Clube de Leitura; Teatro; Sarau; Oficinas; Caf\u00e9 Liter\u00e1rio; Palestras; Exposi\u00e7\u00f5es Culturais, entre outras.<\/div><div>\u00a0<\/div><div><strong>Feira Liter\u00e1ria<\/strong><\/div><div>A Feira Liter\u00e1ria do Col\u00e9gio M\u00e3e de Deus acontece no m\u00eas de maio. Este \u00e9 considerado o maior evento promovido pela biblioteca. Ele tem como objetivo, incentivar e integrar os leitores ao universo da literatura, oferecendo \u00e0 comunidade educativa, as mais variadas atividades, tais como: encontro com escritores e ilustradores, sess\u00f5es de aut\u00f3grafos, conta\u00e7\u00e3o de hist\u00f3rias, palestras, oficinas e a presen\u00e7a de bancas expositoras de comercializa\u00e7\u00e3o de livros, e muito mais.<\/div><p><img decoding=\"async\" class=\"alignnone wp-image-2715 size-full\" src=\"https:\/\/redeicm.org.br\/maededeus\/wp-content\/uploads\/sites\/8\/2025\/09\/Biblioteca2.jpg\" alt=\"\" width=\"2036\" height=\"822\" srcset=\"https:\/\/redeicm.org.br\/maededeus\/wp-content\/uploads\/sites\/8\/2025\/09\/Biblioteca2.jpg 2036w, https:\/\/redeicm.org.br\/maededeus\/wp-content\/uploads\/sites\/8\/2025\/09\/Biblioteca2-300x121.jpg 300w, https:\/\/redeicm.org.br\/maededeus\/wp-content\/uploads\/sites\/8\/2025\/09\/Biblioteca2-1024x413.jpg 1024w, https:\/\/redeicm.org.br\/maededeus\/wp-content\/uploads\/sites\/8\/2025\/09\/Biblioteca2-768x310.jpg 768w, https:\/\/redeicm.org.br\/maededeus\/wp-content\/uploads\/sites\/8\/2025\/09\/Biblioteca2-1536x620.jpg 1536w\" sizes=\"(max-width: 2036px) 100vw, 2036px\" \/><\/p><p>\u00a0<\/p><div>\u00a0<\/div><div><strong>Hora do Conto e Leitura<\/strong><\/div><div>A equipe da biblioteca d\u00e1 vida a diversas hist\u00f3rias, utilizando entona\u00e7\u00e3o, linguagem corporal, musicalidade e elementos visuais, com o objetivo de despertar a imagina\u00e7\u00e3o, a criatividade e o interesse pela hist\u00f3ria.<\/div><div>\u00c9 importante para a crian\u00e7a, a frequ\u00eancia em escutar e ler hist\u00f3rias, criando uma rotina e uma afinidade com os livros e com o universo liter\u00e1rio, a fim de estabelecer o gosto e o prazer pela leitura.<\/div><div>Hora do Conto \u2013 Destinada aos alunos da Educa\u00e7\u00e3o Infantil ao 3\u00ba ano do Ensino Fundamental.<\/div><div>Hora da Leitura \u2013 Destinada aos alunos do 4\u00ba e 5\u00ba ano do Ensino Fundamental.<\/div><p>\u00a0<\/p><p><strong>Clube de Leitura da Biblioteca<\/strong><\/p><p>Os encontros do clube acontecem\u00a0uma vez por semana na biblioteca. Os alunos inscritos no projeto participam de uma roda de conversa, com o objetivo de estimular o interesse e a democratiza\u00e7\u00e3o da leitura, o debate, a intera\u00e7\u00e3o e a socializa\u00e7\u00e3o dos alunos atrav\u00e9s do contato com variados g\u00eaneros liter\u00e1rios.<\/p><p><strong>Orienta\u00e7\u00e3o e Treinamento de Usu\u00e1rio<\/strong><\/p><p>No in\u00edcio do ano letivo, os alunos da Educa\u00e7\u00e3o Infantil ao 6\u00ba ano do Ensino Fundamental, s\u00e3o convidados a participar da orienta\u00e7\u00e3o de usu\u00e1rio. Este servi\u00e7o permite ao estudante, conhecer a din\u00e2mica de funcionamento da biblioteca, localiza\u00e7\u00e3o dos livros nas estantes e sobre os cuidados de preserva\u00e7\u00e3o do material. Destacando\u00a0a import\u00e2ncia da leitura na rotina de estudos como fonte de aprendizado e imagina\u00e7\u00e3o.<br \/>Durante a orienta\u00e7\u00e3o, os alunos s\u00e3o incentivados a acessar tamb\u00e9m o acervo digital dispon\u00edvel nas plataformas de leitura que o col\u00e9gio oferece (Elefante Letrado e \u00c1rvore de Livros).<\/p><p><img decoding=\"async\" class=\"aligncenter wp-image-2716 size-full\" src=\"https:\/\/redeicm.org.br\/maededeus\/wp-content\/uploads\/sites\/8\/2025\/09\/Biblioteca3.jpg\" alt=\"\" width=\"2046\" height=\"821\" srcset=\"https:\/\/redeicm.org.br\/maededeus\/wp-content\/uploads\/sites\/8\/2025\/09\/Biblioteca3.jpg 2046w, https:\/\/redeicm.org.br\/maededeus\/wp-content\/uploads\/sites\/8\/2025\/09\/Biblioteca3-300x120.jpg 300w, https:\/\/redeicm.org.br\/maededeus\/wp-content\/uploads\/sites\/8\/2025\/09\/Biblioteca3-1024x411.jpg 1024w, https:\/\/redeicm.org.br\/maededeus\/wp-content\/uploads\/sites\/8\/2025\/09\/Biblioteca3-768x308.jpg 768w, https:\/\/redeicm.org.br\/maededeus\/wp-content\/uploads\/sites\/8\/2025\/09\/Biblioteca3-1536x616.jpg 1536w\" sizes=\"(max-width: 2046px) 100vw, 2046px\" \/><\/p><p>\u00a0<\/p><p>PRESERVA\u00c7\u00c3O E RECUPERA\u00c7\u00c3O DO ACERVO<br \/>A biblioteca realiza a\u00e7\u00f5es preventivas para a manuten\u00e7\u00e3o, preserva\u00e7\u00e3o e conserva\u00e7\u00e3o do acervo.<\/p><p>Respons\u00e1vel<br \/>Bibliotec\u00e1ria: Silvane Ruas Manhago (CRB10\/1783)<br \/>Contato: biblioteca@colegiomaededeus.com.br<\/p><p>Consulta ao acervo da biblioteca pelo Cat\u00e1logo on-line<br \/><a href=\"https:\/\/biblioteca.redeicm.org.br\/?q=&amp;for=LIVRE&amp;id_biblioteca=4\">https:\/\/biblioteca.redeicm.org.br\/consulta\/biblioteca\/index.php?id=CMD<\/a><\/p>\t\t\t\t\t\t\t\t<\/div>\n\t\t\t\t<\/div>\n\t\t\t\t\t<\/div>\n\t\t\t\t<\/div>\n\t\t\t\t<\/div>\n\t\t\t\t<\/div>\n\t\t","protected":false},"excerpt":{"rendered":"<p>BIBLIOTECA MONTEIRO LOBATO A Biblioteca Monteiro Lobato \u00e9 um espa\u00e7o de conviv\u00eancia que promove a integra\u00e7\u00e3o social e possibilita o acesso \u00e0s diversas fontes de informa\u00e7\u00e3o, pesquisa e media\u00e7\u00e3o da leitura. Serve como apoio pedag\u00f3gico, desenvolvendo compet\u00eancias e habilidades, voltadas \u00e0 qualidade da educa\u00e7\u00e3o, fazendo com que o educando se aproprie da leitura, compreendendo-a como [&hellip;]<\/p>\n","protected":false},"author":1,"featured_media":0,"parent":0,"menu_order":0,"comment_status":"closed","ping_status":"closed","template":"","meta":{"_acf_changed":false,"footnotes":""},"class_list":["post-814","page","type-page","status-publish","hentry"],"acf":[],"yoast_head":"<!-- This site is optimized with the Yoast SEO plugin v26.3 - https:\/\/yoast.com\/wordpress\/plugins\/seo\/ -->\n<title>Biblioteca - Col\u00e9gio M\u00e3e de Deus | Rede ICM de educa\u00e7\u00e3o<\/title>\n<meta name=\"robots\" content=\"index, follow, max-snippet:-1, max-image-preview:large, max-video-preview:-1\" \/>\n<link rel=\"canonical\" href=\"https:\/\/redeicm.org.br\/maededeus\/biblioteca\/\" \/>\n<meta property=\"og:locale\" content=\"pt_BR\" \/>\n<meta property=\"og:type\" content=\"article\" \/>\n<meta property=\"og:title\" content=\"Biblioteca - Col\u00e9gio M\u00e3e de Deus | Rede ICM de educa\u00e7\u00e3o\" \/>\n<meta property=\"og:description\" content=\"BIBLIOTECA MONTEIRO LOBATO A Biblioteca Monteiro Lobato \u00e9 um espa\u00e7o de conviv\u00eancia que promove a integra\u00e7\u00e3o social e possibilita o acesso \u00e0s diversas fontes de informa\u00e7\u00e3o, pesquisa e media\u00e7\u00e3o da leitura. Serve como apoio pedag\u00f3gico, desenvolvendo compet\u00eancias e habilidades, voltadas \u00e0 qualidade da educa\u00e7\u00e3o, fazendo com que o educando se aproprie da leitura, compreendendo-a como [&hellip;]\" \/>\n<meta property=\"og:url\" content=\"https:\/\/redeicm.org.br\/maededeus\/biblioteca\/\" \/>\n<meta property=\"og:site_name\" content=\"Col\u00e9gio M\u00e3e de Deus | Rede ICM de educa\u00e7\u00e3o\" \/>\n<meta property=\"article:modified_time\" content=\"2025-09-12T13:52:47+00:00\" \/>\n<meta property=\"og:image\" content=\"https:\/\/redeicm.org.br\/maededeus\/wp-content\/uploads\/sites\/8\/2025\/09\/Biblioteca1.jpg\" \/>\n\t<meta property=\"og:image:width\" content=\"2041\" \/>\n\t<meta property=\"og:image:height\" content=\"822\" \/>\n\t<meta property=\"og:image:type\" content=\"image\/jpeg\" \/>\n<meta name=\"twitter:card\" content=\"summary_large_image\" \/>\n<meta name=\"twitter:label1\" content=\"Est. tempo de leitura\" \/>\n\t<meta name=\"twitter:data1\" content=\"5 minutos\" \/>\n<script type=\"application\/ld+json\" class=\"yoast-schema-graph\">{\"@context\":\"https:\/\/schema.org\",\"@graph\":[{\"@type\":\"WebPage\",\"@id\":\"https:\/\/redeicm.org.br\/maededeus\/biblioteca\/\",\"url\":\"https:\/\/redeicm.org.br\/maededeus\/biblioteca\/\",\"name\":\"Biblioteca - Col\u00e9gio M\u00e3e de Deus | Rede ICM de educa\u00e7\u00e3o\",\"isPartOf\":{\"@id\":\"https:\/\/redeicm.org.br\/maededeus\/#website\"},\"primaryImageOfPage\":{\"@id\":\"https:\/\/redeicm.org.br\/maededeus\/biblioteca\/#primaryimage\"},\"image\":{\"@id\":\"https:\/\/redeicm.org.br\/maededeus\/biblioteca\/#primaryimage\"},\"thumbnailUrl\":\"https:\/\/redeicm.org.br\/maededeus\/wp-content\/uploads\/sites\/8\/2025\/09\/Biblioteca1.jpg\",\"datePublished\":\"2025-06-13T01:39:19+00:00\",\"dateModified\":\"2025-09-12T13:52:47+00:00\",\"breadcrumb\":{\"@id\":\"https:\/\/redeicm.org.br\/maededeus\/biblioteca\/#breadcrumb\"},\"inLanguage\":\"pt-BR\",\"potentialAction\":[{\"@type\":\"ReadAction\",\"target\":[\"https:\/\/redeicm.org.br\/maededeus\/biblioteca\/\"]}]},{\"@type\":\"ImageObject\",\"inLanguage\":\"pt-BR\",\"@id\":\"https:\/\/redeicm.org.br\/maededeus\/biblioteca\/#primaryimage\",\"url\":\"https:\/\/redeicm.org.br\/maededeus\/wp-content\/uploads\/sites\/8\/2025\/09\/Biblioteca1.jpg\",\"contentUrl\":\"https:\/\/redeicm.org.br\/maededeus\/wp-content\/uploads\/sites\/8\/2025\/09\/Biblioteca1.jpg\",\"width\":2041,\"height\":822},{\"@type\":\"BreadcrumbList\",\"@id\":\"https:\/\/redeicm.org.br\/maededeus\/biblioteca\/#breadcrumb\",\"itemListElement\":[{\"@type\":\"ListItem\",\"position\":1,\"name\":\"In\u00edcio\",\"item\":\"https:\/\/redeicm.org.br\/maededeus\/\"},{\"@type\":\"ListItem\",\"position\":2,\"name\":\"Biblioteca\"}]},{\"@type\":\"WebSite\",\"@id\":\"https:\/\/redeicm.org.br\/maededeus\/#website\",\"url\":\"https:\/\/redeicm.org.br\/maededeus\/\",\"name\":\"Col\u00e9gio M\u00e3e de Deus | Rede ICM de educa\u00e7\u00e3o\",\"description\":\"\",\"publisher\":{\"@id\":\"https:\/\/redeicm.org.br\/maededeus\/#organization\"},\"potentialAction\":[{\"@type\":\"SearchAction\",\"target\":{\"@type\":\"EntryPoint\",\"urlTemplate\":\"https:\/\/redeicm.org.br\/maededeus\/?s={search_term_string}\"},\"query-input\":{\"@type\":\"PropertyValueSpecification\",\"valueRequired\":true,\"valueName\":\"search_term_string\"}}],\"inLanguage\":\"pt-BR\"},{\"@type\":\"Organization\",\"@id\":\"https:\/\/redeicm.org.br\/maededeus\/#organization\",\"name\":\"Col\u00e9gio M\u00e3e de Deus | Rede ICM de educa\u00e7\u00e3o\",\"url\":\"https:\/\/redeicm.org.br\/maededeus\/\",\"logo\":{\"@type\":\"ImageObject\",\"inLanguage\":\"pt-BR\",\"@id\":\"https:\/\/redeicm.org.br\/maededeus\/#\/schema\/logo\/image\/\",\"url\":\"https:\/\/redeicm.org.br\/maededeus\/wp-content\/uploads\/sites\/8\/2024\/08\/icm_educacao_mae_de_deus_preferencial_coares.webp\",\"contentUrl\":\"https:\/\/redeicm.org.br\/maededeus\/wp-content\/uploads\/sites\/8\/2024\/08\/icm_educacao_mae_de_deus_preferencial_coares.webp\",\"width\":493,\"height\":185,\"caption\":\"Col\u00e9gio M\u00e3e de Deus | Rede ICM de educa\u00e7\u00e3o\"},\"image\":{\"@id\":\"https:\/\/redeicm.org.br\/maededeus\/#\/schema\/logo\/image\/\"}}]}<\/script>\n<!-- \/ Yoast SEO plugin. -->","yoast_head_json":{"title":"Biblioteca - Col\u00e9gio M\u00e3e de Deus | Rede ICM de educa\u00e7\u00e3o","robots":{"index":"index","follow":"follow","max-snippet":"max-snippet:-1","max-image-preview":"max-image-preview:large","max-video-preview":"max-video-preview:-1"},"canonical":"https:\/\/redeicm.org.br\/maededeus\/biblioteca\/","og_locale":"pt_BR","og_type":"article","og_title":"Biblioteca - Col\u00e9gio M\u00e3e de Deus | Rede ICM de educa\u00e7\u00e3o","og_description":"BIBLIOTECA MONTEIRO LOBATO A Biblioteca Monteiro Lobato \u00e9 um espa\u00e7o de conviv\u00eancia que promove a integra\u00e7\u00e3o social e possibilita o acesso \u00e0s diversas fontes de informa\u00e7\u00e3o, pesquisa e media\u00e7\u00e3o da leitura. Serve como apoio pedag\u00f3gico, desenvolvendo compet\u00eancias e habilidades, voltadas \u00e0 qualidade da educa\u00e7\u00e3o, fazendo com que o educando se aproprie da leitura, compreendendo-a como [&hellip;]","og_url":"https:\/\/redeicm.org.br\/maededeus\/biblioteca\/","og_site_name":"Col\u00e9gio M\u00e3e de Deus | Rede ICM de educa\u00e7\u00e3o","article_modified_time":"2025-09-12T13:52:47+00:00","og_image":[{"width":2041,"height":822,"url":"https:\/\/redeicm.org.br\/maededeus\/wp-content\/uploads\/sites\/8\/2025\/09\/Biblioteca1.jpg","type":"image\/jpeg"}],"twitter_card":"summary_large_image","twitter_misc":{"Est. tempo de leitura":"5 minutos"},"schema":{"@context":"https:\/\/schema.org","@graph":[{"@type":"WebPage","@id":"https:\/\/redeicm.org.br\/maededeus\/biblioteca\/","url":"https:\/\/redeicm.org.br\/maededeus\/biblioteca\/","name":"Biblioteca - Col\u00e9gio M\u00e3e de Deus | Rede ICM de educa\u00e7\u00e3o","isPartOf":{"@id":"https:\/\/redeicm.org.br\/maededeus\/#website"},"primaryImageOfPage":{"@id":"https:\/\/redeicm.org.br\/maededeus\/biblioteca\/#primaryimage"},"image":{"@id":"https:\/\/redeicm.org.br\/maededeus\/biblioteca\/#primaryimage"},"thumbnailUrl":"https:\/\/redeicm.org.br\/maededeus\/wp-content\/uploads\/sites\/8\/2025\/09\/Biblioteca1.jpg","datePublished":"2025-06-13T01:39:19+00:00","dateModified":"2025-09-12T13:52:47+00:00","breadcrumb":{"@id":"https:\/\/redeicm.org.br\/maededeus\/biblioteca\/#breadcrumb"},"inLanguage":"pt-BR","potentialAction":[{"@type":"ReadAction","target":["https:\/\/redeicm.org.br\/maededeus\/biblioteca\/"]}]},{"@type":"ImageObject","inLanguage":"pt-BR","@id":"https:\/\/redeicm.org.br\/maededeus\/biblioteca\/#primaryimage","url":"https:\/\/redeicm.org.br\/maededeus\/wp-content\/uploads\/sites\/8\/2025\/09\/Biblioteca1.jpg","contentUrl":"https:\/\/redeicm.org.br\/maededeus\/wp-content\/uploads\/sites\/8\/2025\/09\/Biblioteca1.jpg","width":2041,"height":822},{"@type":"BreadcrumbList","@id":"https:\/\/redeicm.org.br\/maededeus\/biblioteca\/#breadcrumb","itemListElement":[{"@type":"ListItem","position":1,"name":"In\u00edcio","item":"https:\/\/redeicm.org.br\/maededeus\/"},{"@type":"ListItem","position":2,"name":"Biblioteca"}]},{"@type":"WebSite","@id":"https:\/\/redeicm.org.br\/maededeus\/#website","url":"https:\/\/redeicm.org.br\/maededeus\/","name":"Col\u00e9gio M\u00e3e de Deus | Rede ICM de educa\u00e7\u00e3o","description":"","publisher":{"@id":"https:\/\/redeicm.org.br\/maededeus\/#organization"},"potentialAction":[{"@type":"SearchAction","target":{"@type":"EntryPoint","urlTemplate":"https:\/\/redeicm.org.br\/maededeus\/?s={search_term_string}"},"query-input":{"@type":"PropertyValueSpecification","valueRequired":true,"valueName":"search_term_string"}}],"inLanguage":"pt-BR"},{"@type":"Organization","@id":"https:\/\/redeicm.org.br\/maededeus\/#organization","name":"Col\u00e9gio M\u00e3e de Deus | Rede ICM de educa\u00e7\u00e3o","url":"https:\/\/redeicm.org.br\/maededeus\/","logo":{"@type":"ImageObject","inLanguage":"pt-BR","@id":"https:\/\/redeicm.org.br\/maededeus\/#\/schema\/logo\/image\/","url":"https:\/\/redeicm.org.br\/maededeus\/wp-content\/uploads\/sites\/8\/2024\/08\/icm_educacao_mae_de_deus_preferencial_coares.webp","contentUrl":"https:\/\/redeicm.org.br\/maededeus\/wp-content\/uploads\/sites\/8\/2024\/08\/icm_educacao_mae_de_deus_preferencial_coares.webp","width":493,"height":185,"caption":"Col\u00e9gio M\u00e3e de Deus | Rede ICM de educa\u00e7\u00e3o"},"image":{"@id":"https:\/\/redeicm.org.br\/maededeus\/#\/schema\/logo\/image\/"}}]}},"_links":{"self":[{"href":"https:\/\/redeicm.org.br\/maededeus\/wp-json\/wp\/v2\/pages\/814","targetHints":{"allow":["GET"]}}],"collection":[{"href":"https:\/\/redeicm.org.br\/maededeus\/wp-json\/wp\/v2\/pages"}],"about":[{"href":"https:\/\/redeicm.org.br\/maededeus\/wp-json\/wp\/v2\/types\/page"}],"author":[{"embeddable":true,"href":"https:\/\/redeicm.org.br\/maededeus\/wp-json\/wp\/v2\/users\/1"}],"replies":[{"embeddable":true,"href":"https:\/\/redeicm.org.br\/maededeus\/wp-json\/wp\/v2\/comments?post=814"}],"version-history":[{"count":16,"href":"https:\/\/redeicm.org.br\/maededeus\/wp-json\/wp\/v2\/pages\/814\/revisions"}],"predecessor-version":[{"id":2719,"href":"https:\/\/redeicm.org.br\/maededeus\/wp-json\/wp\/v2\/pages\/814\/revisions\/2719"}],"wp:attachment":[{"href":"https:\/\/redeicm.org.br\/maededeus\/wp-json\/wp\/v2\/media?parent=814"}],"curies":[{"name":"wp","href":"https:\/\/api.w.org\/{rel}","templated":true}]}}