{"id":554,"date":"2024-08-19T16:52:35","date_gmt":"2024-08-19T19:52:35","guid":{"rendered":"https:\/\/redeicm.org.br\/maededeus\/?page_id=554"},"modified":"2025-05-16T12:35:24","modified_gmt":"2025-05-16T15:35:24","slug":"normas-de-convivencia","status":"publish","type":"page","link":"https:\/\/redeicm.org.br\/maededeus\/normas-de-convivencia\/","title":{"rendered":"Normas de Conviv\u00eancia"},"content":{"rendered":"\t\t<div data-elementor-type=\"wp-page\" data-elementor-id=\"554\" class=\"elementor elementor-554\" data-elementor-post-type=\"page\">\n\t\t\t\t<div class=\"elementor-element elementor-element-717887b e-flex e-con-boxed e-con e-parent\" data-id=\"717887b\" data-element_type=\"container\" data-e-type=\"container\" data-settings=\"{&quot;background_background&quot;:&quot;classic&quot;}\">\n\t\t\t\t\t<div class=\"e-con-inner\">\n\t\t\t\t<div class=\"elementor-element elementor-element-6303c79 elementor-widget elementor-widget-heading\" data-id=\"6303c79\" data-element_type=\"widget\" data-e-type=\"widget\" data-widget_type=\"heading.default\">\n\t\t\t\t<div class=\"elementor-widget-container\">\n\t\t\t\t\t<h1 class=\"elementor-heading-title elementor-size-default\">Normas de Conviv\u00eancia<\/h1>\t\t\t\t<\/div>\n\t\t\t\t<\/div>\n\t\t\t\t\t<\/div>\n\t\t\t\t<\/div>\n\t\t<div class=\"elementor-element elementor-element-3fda604 e-con-full e-flex e-con e-parent\" data-id=\"3fda604\" data-element_type=\"container\" data-e-type=\"container\">\n\t\t<div class=\"elementor-element elementor-element-c4a61d0 e-flex e-con-boxed e-con e-child\" data-id=\"c4a61d0\" data-element_type=\"container\" data-e-type=\"container\">\n\t\t\t\t\t<div class=\"e-con-inner\">\n\t\t\t\t<div class=\"elementor-element elementor-element-358f479 elementor-invisible elementor-widget elementor-widget-text-editor\" data-id=\"358f479\" data-element_type=\"widget\" data-e-type=\"widget\" data-settings=\"{&quot;_animation&quot;:&quot;fadeInUp&quot;}\" data-widget_type=\"text-editor.default\">\n\t\t\t\t<div class=\"elementor-widget-container\">\n\t\t\t\t\t\t\t\t\t<p>Para que nosso Col\u00e9gio mantenha a organiza\u00e7\u00e3o e construa um trabalho que favore\u00e7a o desenvolvimento dos seus educandos, faz-se imprescind\u00edvel um agir pautado em orienta\u00e7\u00f5es comuns de acordo com o Projeto Educativo da Congrega\u00e7\u00e3o Irm\u00e3s do Imaculado Cora\u00e7\u00e3o de Maria. Princ\u00edpios como \u00e9tica, solidariedade, verdade, di\u00e1logo, corresponsabilidade e respeito ao outro s\u00e3o indispens\u00e1veis para uma conviv\u00eancia saud\u00e1vel, promovendo um desenvolvimento integral do educando e estabelecendo com ele uma constru\u00e7\u00e3o conjunta do ambiente de aprendizagem que seguem:<\/p><ol><li>Educandos e familiares dever\u00e3o respeitar os crit\u00e9rios utilizados pelo Col\u00e9gio para a configura\u00e7\u00e3o das novas turmas e dos hor\u00e1rios, a cada in\u00edcio do ano letivo;<\/li><li>O uso do uniforme escolar \u00e9 obrigat\u00f3rio para todos os Educandos, inclusive para frequentarem atividades no turno inverso no ambiente escolar e em atividades externas organizadas pela escola;<\/li><li>Uniformes customizados ou modificados na sua estrutura original n\u00e3o ser\u00e3o aceitos;<\/li><li>Bon\u00e9 n\u00e3o faz parte do uniforme escolar, portanto n\u00e3o \u00e9 permitido o uso em sala de aula;<\/li><li>O Educando atrasado no primeiro per\u00edodo entrar\u00e1 apenas no segundo, mediante autoriza\u00e7\u00e3o da Coordena\u00e7\u00e3o da Etapa. A entrada do Educando, ap\u00f3s o segundo per\u00edodo, somente ser\u00e1 poss\u00edvel mediante justificativa do respons\u00e1vel por escrito na agenda do Col\u00e9gio;<\/li><li>Os educandos que chegarem atrasados, entre per\u00edodos, aguardar\u00e3o a pr\u00f3xima aula na sala indicada;<\/li><li>Na troca de per\u00edodos, n\u00e3o ser\u00e1 permitida a circula\u00e7\u00e3o de educandos pelos corredores, estes dever\u00e3o permanecer em sala aguardando o professor do pr\u00f3ximo per\u00edodo;<\/li><li>Os servi\u00e7os, como Biblioteca, Secretaria, Xerox, Cantina e outros, atender\u00e3o os educandos somente no hor\u00e1rio do recreio ou no turno inverso. N\u00e3o ser\u00e3o permitidos esses atendimentos durante o per\u00edodo de aula;<\/li><li>Entrega de materiais e\/ou recados aos alunos, durante o per\u00edodo de aula, somente em casos especiais, pois as aulas n\u00e3o ser\u00e3o interrompidas;<\/li><li>Os comunicados dos Pais e\/ou Respons\u00e1veis aos Educadores dever\u00e3o ser realizados via e-mail para a Coordena\u00e7\u00e3o de Etapa do Col\u00e9gio;<\/li><li>As solicita\u00e7\u00f5es de sa\u00eddas antecipadas dos educandos dever\u00e3o ser realizadas via e-mail para a Coordena\u00e7\u00e3o de Etapa ou pessoalmente pelos pais e\/ou respons\u00e1veis. Solicita\u00e7\u00f5es por telefone ou por outras pessoas, n\u00e3o ser\u00e3o aceitas;<\/li><li>Em caso de aus\u00eancia do educando por motivo de sa\u00fade, e havendo perda de avalia\u00e7\u00e3o, o educando justificar\u00e1 mediante atestado m\u00e9dico. O atestado m\u00e9dico dever\u00e1 ser apresentado \u00e0 Coordena\u00e7\u00e3o de Etapa no prazo de at\u00e9 quarenta e oito horas ap\u00f3s seu retorno ao col\u00e9gio;<\/li><li>O educando dever\u00e1 evitar portar objetos que n\u00e3o fazem parte do material escolar como celulares, valores em dinheiro, joias e outros, pois, o Col\u00e9gio n\u00e3o se responsabilizar\u00e1 por perda ou por danos de pertences pessoais;<\/li><li>Os celulares e aparelhos eletr\u00f4nicos n\u00e3o fazem parte do material escolar, salvo solicita\u00e7\u00e3o do professor, portanto, seu uso em sala de aula n\u00e3o ser\u00e1 permitido;<\/li><li>Todo o material e uniforme escolar dever\u00e1 ser identificado. Em caso de perda, procurar na sala de apoio;<\/li><li>As salas de aula, durante o recreio e\/ou nos per\u00edodos de aulas, em salas especiais, ser\u00e3o chaveadas;<\/li><li>Os educandos que apresentarem alguma indisposi\u00e7\u00e3o em sua sa\u00fade f\u00edsica, no per\u00edodo escolar, dever\u00e3o procurar aux\u00edlio na sala de apoio. A comunica\u00e7\u00e3o aos Pais e\/ou Respons\u00e1veis, quando necess\u00e1rio, ser\u00e1 feita somente pela Coordena\u00e7\u00e3o ou respons\u00e1vel por esse setor;<\/li><li>A escola n\u00e3o administrar\u00e1 qualquer tipo de medica\u00e7\u00e3o, segundo orienta\u00e7\u00e3o da Vigil\u00e2ncia Sanit\u00e1ria;<\/li><li>O ambiente escolar deve ser um lugar de conviv\u00eancia saud\u00e1vel e respeitosa, portanto, atitudes de intimidade entre os pares (namorados) n\u00e3o ser\u00e3o permitidas;<\/li><li>A realiza\u00e7\u00e3o de confraterniza\u00e7\u00f5es e de festa de anivers\u00e1rios, em sala de aula ou nas salas especiais, n\u00e3o ser\u00e1 permitida;<\/li><li>O Col\u00e9gio n\u00e3o se responsabilizar\u00e1 pelos dados armazenados nas unidades dos usu\u00e1rios que fazem uso do seu servidor. Somente ser\u00e1 permitida a armazenagem, no servidor do Col\u00e9gio, de conte\u00fado desenvolvido pelo professor e\/ou de material de trabalho escolar;<\/li><li>N\u00e3o \u00e9 permitido o uso da internet para acesso \u00e0s redes sociais, a sites de jogos, a chats e a afins, durante as atividades escolares e\/ou o uso dos recursos dos laborat\u00f3rios de inform\u00e1tica.<\/li><\/ol>\t\t\t\t\t\t\t\t<\/div>\n\t\t\t\t<\/div>\n\t\t\t\t\t<\/div>\n\t\t\t\t<\/div>\n\t\t\t\t<\/div>\n\t\t\t\t<\/div>\n\t\t","protected":false},"excerpt":{"rendered":"<p>Normas de Conviv\u00eancia Para que nosso Col\u00e9gio mantenha a organiza\u00e7\u00e3o e construa um trabalho que favore\u00e7a o desenvolvimento dos seus educandos, faz-se imprescind\u00edvel um agir pautado em orienta\u00e7\u00f5es comuns de acordo com o Projeto Educativo da Congrega\u00e7\u00e3o Irm\u00e3s do Imaculado Cora\u00e7\u00e3o de Maria. Princ\u00edpios como \u00e9tica, solidariedade, verdade, di\u00e1logo, corresponsabilidade e respeito ao outro s\u00e3o [&hellip;]<\/p>\n","protected":false},"author":1,"featured_media":0,"parent":0,"menu_order":0,"comment_status":"closed","ping_status":"closed","template":"","meta":{"_acf_changed":false,"footnotes":""},"class_list":["post-554","page","type-page","status-publish","hentry"],"acf":[],"yoast_head":"<!-- This site is optimized with the Yoast SEO plugin v26.3 - https:\/\/yoast.com\/wordpress\/plugins\/seo\/ -->\n<title>Normas de Conviv\u00eancia - Col\u00e9gio M\u00e3e de Deus | Rede ICM de educa\u00e7\u00e3o<\/title>\n<meta name=\"robots\" content=\"index, follow, max-snippet:-1, max-image-preview:large, max-video-preview:-1\" \/>\n<link rel=\"canonical\" href=\"https:\/\/redeicm.org.br\/maededeus\/normas-de-convivencia\/\" \/>\n<meta property=\"og:locale\" content=\"pt_BR\" \/>\n<meta property=\"og:type\" content=\"article\" \/>\n<meta property=\"og:title\" content=\"Normas de Conviv\u00eancia - Col\u00e9gio M\u00e3e de Deus | Rede ICM de educa\u00e7\u00e3o\" \/>\n<meta property=\"og:description\" content=\"Normas de Conviv\u00eancia Para que nosso Col\u00e9gio mantenha a organiza\u00e7\u00e3o e construa um trabalho que favore\u00e7a o desenvolvimento dos seus educandos, faz-se imprescind\u00edvel um agir pautado em orienta\u00e7\u00f5es comuns de acordo com o Projeto Educativo da Congrega\u00e7\u00e3o Irm\u00e3s do Imaculado Cora\u00e7\u00e3o de Maria. Princ\u00edpios como \u00e9tica, solidariedade, verdade, di\u00e1logo, corresponsabilidade e respeito ao outro s\u00e3o [&hellip;]\" \/>\n<meta property=\"og:url\" content=\"https:\/\/redeicm.org.br\/maededeus\/normas-de-convivencia\/\" \/>\n<meta property=\"og:site_name\" content=\"Col\u00e9gio M\u00e3e de Deus | Rede ICM de educa\u00e7\u00e3o\" \/>\n<meta property=\"article:modified_time\" content=\"2025-05-16T15:35:24+00:00\" \/>\n<meta name=\"twitter:card\" content=\"summary_large_image\" \/>\n<meta name=\"twitter:label1\" content=\"Est. tempo de leitura\" \/>\n\t<meta name=\"twitter:data1\" content=\"4 minutos\" \/>\n<script type=\"application\/ld+json\" class=\"yoast-schema-graph\">{\"@context\":\"https:\/\/schema.org\",\"@graph\":[{\"@type\":\"WebPage\",\"@id\":\"https:\/\/redeicm.org.br\/maededeus\/normas-de-convivencia\/\",\"url\":\"https:\/\/redeicm.org.br\/maededeus\/normas-de-convivencia\/\",\"name\":\"Normas de Conviv\u00eancia - Col\u00e9gio M\u00e3e de Deus | Rede ICM de educa\u00e7\u00e3o\",\"isPartOf\":{\"@id\":\"https:\/\/redeicm.org.br\/maededeus\/#website\"},\"datePublished\":\"2024-08-19T19:52:35+00:00\",\"dateModified\":\"2025-05-16T15:35:24+00:00\",\"breadcrumb\":{\"@id\":\"https:\/\/redeicm.org.br\/maededeus\/normas-de-convivencia\/#breadcrumb\"},\"inLanguage\":\"pt-BR\",\"potentialAction\":[{\"@type\":\"ReadAction\",\"target\":[\"https:\/\/redeicm.org.br\/maededeus\/normas-de-convivencia\/\"]}]},{\"@type\":\"BreadcrumbList\",\"@id\":\"https:\/\/redeicm.org.br\/maededeus\/normas-de-convivencia\/#breadcrumb\",\"itemListElement\":[{\"@type\":\"ListItem\",\"position\":1,\"name\":\"In\u00edcio\",\"item\":\"https:\/\/redeicm.org.br\/maededeus\/\"},{\"@type\":\"ListItem\",\"position\":2,\"name\":\"Normas de Conviv\u00eancia\"}]},{\"@type\":\"WebSite\",\"@id\":\"https:\/\/redeicm.org.br\/maededeus\/#website\",\"url\":\"https:\/\/redeicm.org.br\/maededeus\/\",\"name\":\"Col\u00e9gio M\u00e3e de Deus | Rede ICM de educa\u00e7\u00e3o\",\"description\":\"\",\"publisher\":{\"@id\":\"https:\/\/redeicm.org.br\/maededeus\/#organization\"},\"potentialAction\":[{\"@type\":\"SearchAction\",\"target\":{\"@type\":\"EntryPoint\",\"urlTemplate\":\"https:\/\/redeicm.org.br\/maededeus\/?s={search_term_string}\"},\"query-input\":{\"@type\":\"PropertyValueSpecification\",\"valueRequired\":true,\"valueName\":\"search_term_string\"}}],\"inLanguage\":\"pt-BR\"},{\"@type\":\"Organization\",\"@id\":\"https:\/\/redeicm.org.br\/maededeus\/#organization\",\"name\":\"Col\u00e9gio M\u00e3e de Deus | Rede ICM de educa\u00e7\u00e3o\",\"url\":\"https:\/\/redeicm.org.br\/maededeus\/\",\"logo\":{\"@type\":\"ImageObject\",\"inLanguage\":\"pt-BR\",\"@id\":\"https:\/\/redeicm.org.br\/maededeus\/#\/schema\/logo\/image\/\",\"url\":\"https:\/\/redeicm.org.br\/maededeus\/wp-content\/uploads\/sites\/8\/2024\/08\/icm_educacao_mae_de_deus_preferencial_coares.webp\",\"contentUrl\":\"https:\/\/redeicm.org.br\/maededeus\/wp-content\/uploads\/sites\/8\/2024\/08\/icm_educacao_mae_de_deus_preferencial_coares.webp\",\"width\":493,\"height\":185,\"caption\":\"Col\u00e9gio M\u00e3e de Deus | Rede ICM de educa\u00e7\u00e3o\"},\"image\":{\"@id\":\"https:\/\/redeicm.org.br\/maededeus\/#\/schema\/logo\/image\/\"}}]}<\/script>\n<!-- \/ Yoast SEO plugin. -->","yoast_head_json":{"title":"Normas de Conviv\u00eancia - Col\u00e9gio M\u00e3e de Deus | Rede ICM de educa\u00e7\u00e3o","robots":{"index":"index","follow":"follow","max-snippet":"max-snippet:-1","max-image-preview":"max-image-preview:large","max-video-preview":"max-video-preview:-1"},"canonical":"https:\/\/redeicm.org.br\/maededeus\/normas-de-convivencia\/","og_locale":"pt_BR","og_type":"article","og_title":"Normas de Conviv\u00eancia - Col\u00e9gio M\u00e3e de Deus | Rede ICM de educa\u00e7\u00e3o","og_description":"Normas de Conviv\u00eancia Para que nosso Col\u00e9gio mantenha a organiza\u00e7\u00e3o e construa um trabalho que favore\u00e7a o desenvolvimento dos seus educandos, faz-se imprescind\u00edvel um agir pautado em orienta\u00e7\u00f5es comuns de acordo com o Projeto Educativo da Congrega\u00e7\u00e3o Irm\u00e3s do Imaculado Cora\u00e7\u00e3o de Maria. Princ\u00edpios como \u00e9tica, solidariedade, verdade, di\u00e1logo, corresponsabilidade e respeito ao outro s\u00e3o [&hellip;]","og_url":"https:\/\/redeicm.org.br\/maededeus\/normas-de-convivencia\/","og_site_name":"Col\u00e9gio M\u00e3e de Deus | Rede ICM de educa\u00e7\u00e3o","article_modified_time":"2025-05-16T15:35:24+00:00","twitter_card":"summary_large_image","twitter_misc":{"Est. tempo de leitura":"4 minutos"},"schema":{"@context":"https:\/\/schema.org","@graph":[{"@type":"WebPage","@id":"https:\/\/redeicm.org.br\/maededeus\/normas-de-convivencia\/","url":"https:\/\/redeicm.org.br\/maededeus\/normas-de-convivencia\/","name":"Normas de Conviv\u00eancia - Col\u00e9gio M\u00e3e de Deus | Rede ICM de educa\u00e7\u00e3o","isPartOf":{"@id":"https:\/\/redeicm.org.br\/maededeus\/#website"},"datePublished":"2024-08-19T19:52:35+00:00","dateModified":"2025-05-16T15:35:24+00:00","breadcrumb":{"@id":"https:\/\/redeicm.org.br\/maededeus\/normas-de-convivencia\/#breadcrumb"},"inLanguage":"pt-BR","potentialAction":[{"@type":"ReadAction","target":["https:\/\/redeicm.org.br\/maededeus\/normas-de-convivencia\/"]}]},{"@type":"BreadcrumbList","@id":"https:\/\/redeicm.org.br\/maededeus\/normas-de-convivencia\/#breadcrumb","itemListElement":[{"@type":"ListItem","position":1,"name":"In\u00edcio","item":"https:\/\/redeicm.org.br\/maededeus\/"},{"@type":"ListItem","position":2,"name":"Normas de Conviv\u00eancia"}]},{"@type":"WebSite","@id":"https:\/\/redeicm.org.br\/maededeus\/#website","url":"https:\/\/redeicm.org.br\/maededeus\/","name":"Col\u00e9gio M\u00e3e de Deus | Rede ICM de educa\u00e7\u00e3o","description":"","publisher":{"@id":"https:\/\/redeicm.org.br\/maededeus\/#organization"},"potentialAction":[{"@type":"SearchAction","target":{"@type":"EntryPoint","urlTemplate":"https:\/\/redeicm.org.br\/maededeus\/?s={search_term_string}"},"query-input":{"@type":"PropertyValueSpecification","valueRequired":true,"valueName":"search_term_string"}}],"inLanguage":"pt-BR"},{"@type":"Organization","@id":"https:\/\/redeicm.org.br\/maededeus\/#organization","name":"Col\u00e9gio M\u00e3e de Deus | Rede ICM de educa\u00e7\u00e3o","url":"https:\/\/redeicm.org.br\/maededeus\/","logo":{"@type":"ImageObject","inLanguage":"pt-BR","@id":"https:\/\/redeicm.org.br\/maededeus\/#\/schema\/logo\/image\/","url":"https:\/\/redeicm.org.br\/maededeus\/wp-content\/uploads\/sites\/8\/2024\/08\/icm_educacao_mae_de_deus_preferencial_coares.webp","contentUrl":"https:\/\/redeicm.org.br\/maededeus\/wp-content\/uploads\/sites\/8\/2024\/08\/icm_educacao_mae_de_deus_preferencial_coares.webp","width":493,"height":185,"caption":"Col\u00e9gio M\u00e3e de Deus | Rede ICM de educa\u00e7\u00e3o"},"image":{"@id":"https:\/\/redeicm.org.br\/maededeus\/#\/schema\/logo\/image\/"}}]}},"_links":{"self":[{"href":"https:\/\/redeicm.org.br\/maededeus\/wp-json\/wp\/v2\/pages\/554","targetHints":{"allow":["GET"]}}],"collection":[{"href":"https:\/\/redeicm.org.br\/maededeus\/wp-json\/wp\/v2\/pages"}],"about":[{"href":"https:\/\/redeicm.org.br\/maededeus\/wp-json\/wp\/v2\/types\/page"}],"author":[{"embeddable":true,"href":"https:\/\/redeicm.org.br\/maededeus\/wp-json\/wp\/v2\/users\/1"}],"replies":[{"embeddable":true,"href":"https:\/\/redeicm.org.br\/maededeus\/wp-json\/wp\/v2\/comments?post=554"}],"version-history":[{"count":3,"href":"https:\/\/redeicm.org.br\/maededeus\/wp-json\/wp\/v2\/pages\/554\/revisions"}],"predecessor-version":[{"id":776,"href":"https:\/\/redeicm.org.br\/maededeus\/wp-json\/wp\/v2\/pages\/554\/revisions\/776"}],"wp:attachment":[{"href":"https:\/\/redeicm.org.br\/maededeus\/wp-json\/wp\/v2\/media?parent=554"}],"curies":[{"name":"wp","href":"https:\/\/api.w.org\/{rel}","templated":true}]}}