{"id":549,"date":"2024-08-19T16:51:43","date_gmt":"2024-08-19T19:51:43","guid":{"rendered":"https:\/\/redeicm.org.br\/maededeus\/?page_id=549"},"modified":"2025-10-13T15:13:57","modified_gmt":"2025-10-13T18:13:57","slug":"uniforme","status":"publish","type":"page","link":"https:\/\/redeicm.org.br\/maededeus\/uniforme\/","title":{"rendered":"Uniforme"},"content":{"rendered":"\t\t<div data-elementor-type=\"wp-page\" data-elementor-id=\"549\" class=\"elementor elementor-549\" data-elementor-post-type=\"page\">\n\t\t\t\t<div class=\"elementor-element elementor-element-d3ed45d e-flex e-con-boxed e-con e-parent\" data-id=\"d3ed45d\" data-element_type=\"container\" data-e-type=\"container\" data-settings=\"{&quot;background_background&quot;:&quot;classic&quot;}\">\n\t\t\t\t\t<div class=\"e-con-inner\">\n\t\t\t\t<div class=\"elementor-element elementor-element-3fe44b1 elementor-widget elementor-widget-heading\" data-id=\"3fe44b1\" data-element_type=\"widget\" data-e-type=\"widget\" data-widget_type=\"heading.default\">\n\t\t\t\t<div class=\"elementor-widget-container\">\n\t\t\t\t\t<h1 class=\"elementor-heading-title elementor-size-default\">Uniformes<\/h1>\t\t\t\t<\/div>\n\t\t\t\t<\/div>\n\t\t\t\t\t<\/div>\n\t\t\t\t<\/div>\n\t\t<div class=\"elementor-element elementor-element-c62490a e-con-full e-flex e-con e-parent\" data-id=\"c62490a\" data-element_type=\"container\" data-e-type=\"container\">\n\t\t<div class=\"elementor-element elementor-element-47a7085 e-flex e-con-boxed e-con e-child\" data-id=\"47a7085\" data-element_type=\"container\" data-e-type=\"container\">\n\t\t\t\t\t<div class=\"e-con-inner\">\n\t\t\t\t<div class=\"elementor-element elementor-element-d9f74eb elementor-invisible elementor-widget elementor-widget-text-editor\" data-id=\"d9f74eb\" data-element_type=\"widget\" data-e-type=\"widget\" data-settings=\"{&quot;_animation&quot;:&quot;fadeInUp&quot;}\" data-widget_type=\"text-editor.default\">\n\t\t\t\t<div class=\"elementor-widget-container\">\n\t\t\t\t\t\t\t\t\t<div>O uso do uniforme pelos estudantes \u00e9 obrigat\u00f3rio, o que facilita a sua identifica\u00e7\u00e3o como participante da Comunidade Escolar.<\/div><div>Cabe \u00e0 fam\u00edlia providenciar o uniforme a fim de evitar transtornos. Orientamos que a identifica\u00e7\u00e3o das pe\u00e7as do uniforme seja feita com o nome e a turma do aluno na parte interna da etiqueta.<\/div><div>Os Pais\/Respons\u00e1veis devem estar cientes da obrigatoriedade do uniforme e de que este deve seguir o modelo e especifica\u00e7\u00f5es protocoladas junto \u00e0s Empresas credenciadas. Somente estas est\u00e3o autorizadas a produzir o material.<\/div><div>Empresas credenciadas e autorizadas a confeccionar e comercializar as pe\u00e7as do uniforme:<\/div><div>\u00a0<\/div><div><strong>\u2022 WERLLAN UNIFORMES<\/strong><\/div><div>Avenida Coronel Marcos, 1780 Bairro Ipanema \u2013 Whats: 997715159<\/div><div><strong>\u2022 RAINBOW COMPANY<\/strong><\/div><div>Av. Tramanda\u00ed, 49. Bairro Ipanema Tel.: 3248-0308 ou 3207-6824<\/div>\t\t\t\t\t\t\t\t<\/div>\n\t\t\t\t<\/div>\n\t\t\t\t\t<\/div>\n\t\t\t\t<\/div>\n\t\t\t\t<\/div>\n\t\t\t\t<\/div>\n\t\t","protected":false},"excerpt":{"rendered":"<p>Uniformes O uso do uniforme pelos estudantes \u00e9 obrigat\u00f3rio, o que facilita a sua identifica\u00e7\u00e3o como participante da Comunidade Escolar.Cabe \u00e0 fam\u00edlia providenciar o uniforme a fim de evitar transtornos. Orientamos que a identifica\u00e7\u00e3o das pe\u00e7as do uniforme seja feita com o nome e a turma do aluno na parte interna da etiqueta.Os Pais\/Respons\u00e1veis devem [&hellip;]<\/p>\n","protected":false},"author":1,"featured_media":0,"parent":0,"menu_order":0,"comment_status":"closed","ping_status":"closed","template":"","meta":{"_acf_changed":false,"footnotes":""},"class_list":["post-549","page","type-page","status-publish","hentry"],"acf":[],"yoast_head":"<!-- This site is optimized with the Yoast SEO plugin v26.3 - https:\/\/yoast.com\/wordpress\/plugins\/seo\/ -->\n<title>Uniforme - Col\u00e9gio M\u00e3e de Deus | Rede ICM de educa\u00e7\u00e3o<\/title>\n<meta name=\"robots\" content=\"index, follow, max-snippet:-1, max-image-preview:large, max-video-preview:-1\" \/>\n<link rel=\"canonical\" href=\"https:\/\/redeicm.org.br\/maededeus\/uniforme\/\" \/>\n<meta property=\"og:locale\" content=\"pt_BR\" \/>\n<meta property=\"og:type\" content=\"article\" \/>\n<meta property=\"og:title\" content=\"Uniforme - Col\u00e9gio M\u00e3e de Deus | Rede ICM de educa\u00e7\u00e3o\" \/>\n<meta property=\"og:description\" content=\"Uniformes O uso do uniforme pelos estudantes \u00e9 obrigat\u00f3rio, o que facilita a sua identifica\u00e7\u00e3o como participante da Comunidade Escolar.Cabe \u00e0 fam\u00edlia providenciar o uniforme a fim de evitar transtornos. Orientamos que a identifica\u00e7\u00e3o das pe\u00e7as do uniforme seja feita com o nome e a turma do aluno na parte interna da etiqueta.Os Pais\/Respons\u00e1veis devem [&hellip;]\" \/>\n<meta property=\"og:url\" content=\"https:\/\/redeicm.org.br\/maededeus\/uniforme\/\" \/>\n<meta property=\"og:site_name\" content=\"Col\u00e9gio M\u00e3e de Deus | Rede ICM de educa\u00e7\u00e3o\" \/>\n<meta property=\"article:modified_time\" content=\"2025-10-13T18:13:57+00:00\" \/>\n<meta name=\"twitter:card\" content=\"summary_large_image\" \/>\n<meta name=\"twitter:label1\" content=\"Est. tempo de leitura\" \/>\n\t<meta name=\"twitter:data1\" content=\"1 minuto\" \/>\n<script type=\"application\/ld+json\" class=\"yoast-schema-graph\">{\"@context\":\"https:\/\/schema.org\",\"@graph\":[{\"@type\":\"WebPage\",\"@id\":\"https:\/\/redeicm.org.br\/maededeus\/uniforme\/\",\"url\":\"https:\/\/redeicm.org.br\/maededeus\/uniforme\/\",\"name\":\"Uniforme - Col\u00e9gio M\u00e3e de Deus | Rede ICM de educa\u00e7\u00e3o\",\"isPartOf\":{\"@id\":\"https:\/\/redeicm.org.br\/maededeus\/#website\"},\"datePublished\":\"2024-08-19T19:51:43+00:00\",\"dateModified\":\"2025-10-13T18:13:57+00:00\",\"breadcrumb\":{\"@id\":\"https:\/\/redeicm.org.br\/maededeus\/uniforme\/#breadcrumb\"},\"inLanguage\":\"pt-BR\",\"potentialAction\":[{\"@type\":\"ReadAction\",\"target\":[\"https:\/\/redeicm.org.br\/maededeus\/uniforme\/\"]}]},{\"@type\":\"BreadcrumbList\",\"@id\":\"https:\/\/redeicm.org.br\/maededeus\/uniforme\/#breadcrumb\",\"itemListElement\":[{\"@type\":\"ListItem\",\"position\":1,\"name\":\"In\u00edcio\",\"item\":\"https:\/\/redeicm.org.br\/maededeus\/\"},{\"@type\":\"ListItem\",\"position\":2,\"name\":\"Uniforme\"}]},{\"@type\":\"WebSite\",\"@id\":\"https:\/\/redeicm.org.br\/maededeus\/#website\",\"url\":\"https:\/\/redeicm.org.br\/maededeus\/\",\"name\":\"Col\u00e9gio M\u00e3e de Deus | Rede ICM de educa\u00e7\u00e3o\",\"description\":\"\",\"publisher\":{\"@id\":\"https:\/\/redeicm.org.br\/maededeus\/#organization\"},\"potentialAction\":[{\"@type\":\"SearchAction\",\"target\":{\"@type\":\"EntryPoint\",\"urlTemplate\":\"https:\/\/redeicm.org.br\/maededeus\/?s={search_term_string}\"},\"query-input\":{\"@type\":\"PropertyValueSpecification\",\"valueRequired\":true,\"valueName\":\"search_term_string\"}}],\"inLanguage\":\"pt-BR\"},{\"@type\":\"Organization\",\"@id\":\"https:\/\/redeicm.org.br\/maededeus\/#organization\",\"name\":\"Col\u00e9gio M\u00e3e de Deus | Rede ICM de educa\u00e7\u00e3o\",\"url\":\"https:\/\/redeicm.org.br\/maededeus\/\",\"logo\":{\"@type\":\"ImageObject\",\"inLanguage\":\"pt-BR\",\"@id\":\"https:\/\/redeicm.org.br\/maededeus\/#\/schema\/logo\/image\/\",\"url\":\"https:\/\/redeicm.org.br\/maededeus\/wp-content\/uploads\/sites\/8\/2024\/08\/icm_educacao_mae_de_deus_preferencial_coares.webp\",\"contentUrl\":\"https:\/\/redeicm.org.br\/maededeus\/wp-content\/uploads\/sites\/8\/2024\/08\/icm_educacao_mae_de_deus_preferencial_coares.webp\",\"width\":493,\"height\":185,\"caption\":\"Col\u00e9gio M\u00e3e de Deus | Rede ICM de educa\u00e7\u00e3o\"},\"image\":{\"@id\":\"https:\/\/redeicm.org.br\/maededeus\/#\/schema\/logo\/image\/\"}}]}<\/script>\n<!-- \/ Yoast SEO plugin. -->","yoast_head_json":{"title":"Uniforme - Col\u00e9gio M\u00e3e de Deus | Rede ICM de educa\u00e7\u00e3o","robots":{"index":"index","follow":"follow","max-snippet":"max-snippet:-1","max-image-preview":"max-image-preview:large","max-video-preview":"max-video-preview:-1"},"canonical":"https:\/\/redeicm.org.br\/maededeus\/uniforme\/","og_locale":"pt_BR","og_type":"article","og_title":"Uniforme - Col\u00e9gio M\u00e3e de Deus | Rede ICM de educa\u00e7\u00e3o","og_description":"Uniformes O uso do uniforme pelos estudantes \u00e9 obrigat\u00f3rio, o que facilita a sua identifica\u00e7\u00e3o como participante da Comunidade Escolar.Cabe \u00e0 fam\u00edlia providenciar o uniforme a fim de evitar transtornos. Orientamos que a identifica\u00e7\u00e3o das pe\u00e7as do uniforme seja feita com o nome e a turma do aluno na parte interna da etiqueta.Os Pais\/Respons\u00e1veis devem [&hellip;]","og_url":"https:\/\/redeicm.org.br\/maededeus\/uniforme\/","og_site_name":"Col\u00e9gio M\u00e3e de Deus | Rede ICM de educa\u00e7\u00e3o","article_modified_time":"2025-10-13T18:13:57+00:00","twitter_card":"summary_large_image","twitter_misc":{"Est. tempo de leitura":"1 minuto"},"schema":{"@context":"https:\/\/schema.org","@graph":[{"@type":"WebPage","@id":"https:\/\/redeicm.org.br\/maededeus\/uniforme\/","url":"https:\/\/redeicm.org.br\/maededeus\/uniforme\/","name":"Uniforme - Col\u00e9gio M\u00e3e de Deus | Rede ICM de educa\u00e7\u00e3o","isPartOf":{"@id":"https:\/\/redeicm.org.br\/maededeus\/#website"},"datePublished":"2024-08-19T19:51:43+00:00","dateModified":"2025-10-13T18:13:57+00:00","breadcrumb":{"@id":"https:\/\/redeicm.org.br\/maededeus\/uniforme\/#breadcrumb"},"inLanguage":"pt-BR","potentialAction":[{"@type":"ReadAction","target":["https:\/\/redeicm.org.br\/maededeus\/uniforme\/"]}]},{"@type":"BreadcrumbList","@id":"https:\/\/redeicm.org.br\/maededeus\/uniforme\/#breadcrumb","itemListElement":[{"@type":"ListItem","position":1,"name":"In\u00edcio","item":"https:\/\/redeicm.org.br\/maededeus\/"},{"@type":"ListItem","position":2,"name":"Uniforme"}]},{"@type":"WebSite","@id":"https:\/\/redeicm.org.br\/maededeus\/#website","url":"https:\/\/redeicm.org.br\/maededeus\/","name":"Col\u00e9gio M\u00e3e de Deus | Rede ICM de educa\u00e7\u00e3o","description":"","publisher":{"@id":"https:\/\/redeicm.org.br\/maededeus\/#organization"},"potentialAction":[{"@type":"SearchAction","target":{"@type":"EntryPoint","urlTemplate":"https:\/\/redeicm.org.br\/maededeus\/?s={search_term_string}"},"query-input":{"@type":"PropertyValueSpecification","valueRequired":true,"valueName":"search_term_string"}}],"inLanguage":"pt-BR"},{"@type":"Organization","@id":"https:\/\/redeicm.org.br\/maededeus\/#organization","name":"Col\u00e9gio M\u00e3e de Deus | Rede ICM de educa\u00e7\u00e3o","url":"https:\/\/redeicm.org.br\/maededeus\/","logo":{"@type":"ImageObject","inLanguage":"pt-BR","@id":"https:\/\/redeicm.org.br\/maededeus\/#\/schema\/logo\/image\/","url":"https:\/\/redeicm.org.br\/maededeus\/wp-content\/uploads\/sites\/8\/2024\/08\/icm_educacao_mae_de_deus_preferencial_coares.webp","contentUrl":"https:\/\/redeicm.org.br\/maededeus\/wp-content\/uploads\/sites\/8\/2024\/08\/icm_educacao_mae_de_deus_preferencial_coares.webp","width":493,"height":185,"caption":"Col\u00e9gio M\u00e3e de Deus | Rede ICM de educa\u00e7\u00e3o"},"image":{"@id":"https:\/\/redeicm.org.br\/maededeus\/#\/schema\/logo\/image\/"}}]}},"_links":{"self":[{"href":"https:\/\/redeicm.org.br\/maededeus\/wp-json\/wp\/v2\/pages\/549","targetHints":{"allow":["GET"]}}],"collection":[{"href":"https:\/\/redeicm.org.br\/maededeus\/wp-json\/wp\/v2\/pages"}],"about":[{"href":"https:\/\/redeicm.org.br\/maededeus\/wp-json\/wp\/v2\/types\/page"}],"author":[{"embeddable":true,"href":"https:\/\/redeicm.org.br\/maededeus\/wp-json\/wp\/v2\/users\/1"}],"replies":[{"embeddable":true,"href":"https:\/\/redeicm.org.br\/maededeus\/wp-json\/wp\/v2\/comments?post=549"}],"version-history":[{"count":3,"href":"https:\/\/redeicm.org.br\/maededeus\/wp-json\/wp\/v2\/pages\/549\/revisions"}],"predecessor-version":[{"id":2770,"href":"https:\/\/redeicm.org.br\/maededeus\/wp-json\/wp\/v2\/pages\/549\/revisions\/2770"}],"wp:attachment":[{"href":"https:\/\/redeicm.org.br\/maededeus\/wp-json\/wp\/v2\/media?parent=549"}],"curies":[{"name":"wp","href":"https:\/\/api.w.org\/{rel}","templated":true}]}}