{"id":446,"date":"2024-08-19T16:00:23","date_gmt":"2024-08-19T19:00:23","guid":{"rendered":"https:\/\/redeicm.org.br\/maededeus\/?page_id=446"},"modified":"2026-02-04T17:29:18","modified_gmt":"2026-02-04T20:29:18","slug":"oficinas","status":"publish","type":"page","link":"https:\/\/redeicm.org.br\/maededeus\/oficinas\/","title":{"rendered":"Oficinas"},"content":{"rendered":"\t\t<div data-elementor-type=\"wp-page\" data-elementor-id=\"446\" class=\"elementor elementor-446\" data-elementor-post-type=\"page\">\n\t\t\t\t<div class=\"elementor-element elementor-element-9eddaa4 e-flex e-con-boxed e-con e-parent\" data-id=\"9eddaa4\" data-element_type=\"container\" data-e-type=\"container\" data-settings=\"{&quot;background_background&quot;:&quot;classic&quot;}\">\n\t\t\t\t\t<div class=\"e-con-inner\">\n\t\t\t\t<div class=\"elementor-element elementor-element-a0307de elementor-widget elementor-widget-heading\" data-id=\"a0307de\" data-element_type=\"widget\" data-e-type=\"widget\" data-widget_type=\"heading.default\">\n\t\t\t\t<div class=\"elementor-widget-container\">\n\t\t\t\t\t<h1 class=\"elementor-heading-title elementor-size-default\">Oficinas<\/h1>\t\t\t\t<\/div>\n\t\t\t\t<\/div>\n\t\t\t\t\t<\/div>\n\t\t\t\t<\/div>\n\t\t<div class=\"elementor-element elementor-element-03bba3d e-con-full e-flex e-con e-parent\" data-id=\"03bba3d\" data-element_type=\"container\" data-e-type=\"container\">\n\t\t<div class=\"elementor-element elementor-element-83fd419 e-flex e-con-boxed e-con e-child\" data-id=\"83fd419\" data-element_type=\"container\" data-e-type=\"container\">\n\t\t\t\t\t<div class=\"e-con-inner\">\n\t\t\t\t<div class=\"elementor-element elementor-element-e895b6d elementor-invisible elementor-widget elementor-widget-text-editor\" data-id=\"e895b6d\" data-element_type=\"widget\" data-e-type=\"widget\" data-settings=\"{&quot;_animation&quot;:&quot;fadeInUp&quot;}\" data-widget_type=\"text-editor.default\">\n\t\t\t\t<div class=\"elementor-widget-container\">\n\t\t\t\t\t\t\t\t\t<p>As atividades e oficinas s\u00e3o voltadas para as \u00e1reas do conhecimento, das rela\u00e7\u00f5es interpessoais e das pr\u00e1ticas culturais, realizando tarefas que atendam o interesse, a curiosidade e as necessidades das crian\u00e7as, onde o objetivo \u00e9 trabalhar educa\u00e7\u00e3o, recrea\u00e7\u00e3o e forma\u00e7\u00e3o por meio do suporte pedag\u00f3gico.<\/p><p>OFICINAS:\u00a0<strong>Arte, Express\u00e3o Corporal, Gastronomia e Rob\u00f3tica.<\/strong><\/p><p>ATIVIDADES:\u00a0<strong>Brincadeiras, Recrea\u00e7\u00e3o, Jardim e Horta, Pra\u00e7a, Descanso, Sess\u00f5es de v\u00eddeo, Aux\u00edlio ao Tema, Hora do conto,\u00a0<\/strong><\/p><ul><li>Trabalhos em grupo e individuais, estabelecendo o bom conv\u00edvio.<\/li><li>Atividades l\u00fadicas em ambientes variados do nosso col\u00e9gio.<\/li><li>Jogos e brincadeiras que refor\u00e7am a mem\u00f3ria, aten\u00e7\u00e3o e concentra\u00e7\u00e3o.<\/li><li>Cuidado da natureza atrav\u00e9s de confec\u00e7\u00e3o com sucatas.<\/li><li>Express\u00e3o art\u00edstica: desenho, pintura, modelagem, dobradura.<\/li><li>Jogos teatrais que ampliam os potenciais do indiv\u00edduo, seus processos criativos e cognitivos.<\/li><li>Experi\u00eancias simples para facilitar a compreens\u00e3o, usando materiais do cotidiano do aluno.<\/li><li>Rob\u00f3tica, como metodologia de aprendizagem, motivar os educandos a serem proativos, assim assumindo o comprometimento por seu processo de aprendizado.<\/li><\/ul>\t\t\t\t\t\t\t\t<\/div>\n\t\t\t\t<\/div>\n\t\t\t\t\t<\/div>\n\t\t\t\t<\/div>\n\t\t\t\t<\/div>\n\t\t\t\t<\/div>\n\t\t","protected":false},"excerpt":{"rendered":"<p>Oficinas As atividades e oficinas s\u00e3o voltadas para as \u00e1reas do conhecimento, das rela\u00e7\u00f5es interpessoais e das pr\u00e1ticas culturais, realizando tarefas que atendam o interesse, a curiosidade e as necessidades das crian\u00e7as, onde o objetivo \u00e9 trabalhar educa\u00e7\u00e3o, recrea\u00e7\u00e3o e forma\u00e7\u00e3o por meio do suporte pedag\u00f3gico. OFICINAS:\u00a0Arte, Express\u00e3o Corporal, Gastronomia e Rob\u00f3tica. ATIVIDADES:\u00a0Brincadeiras, Recrea\u00e7\u00e3o, Jardim [&hellip;]<\/p>\n","protected":false},"author":1,"featured_media":0,"parent":0,"menu_order":0,"comment_status":"closed","ping_status":"closed","template":"","meta":{"_acf_changed":false,"footnotes":""},"class_list":["post-446","page","type-page","status-publish","hentry"],"acf":[],"yoast_head":"<!-- This site is optimized with the Yoast SEO plugin v26.3 - https:\/\/yoast.com\/wordpress\/plugins\/seo\/ -->\n<title>Oficinas - Col\u00e9gio M\u00e3e de Deus | Rede ICM de educa\u00e7\u00e3o<\/title>\n<meta name=\"robots\" content=\"index, follow, max-snippet:-1, max-image-preview:large, max-video-preview:-1\" \/>\n<link rel=\"canonical\" href=\"https:\/\/redeicm.org.br\/maededeus\/oficinas\/\" \/>\n<meta property=\"og:locale\" content=\"pt_BR\" \/>\n<meta property=\"og:type\" content=\"article\" \/>\n<meta property=\"og:title\" content=\"Oficinas - Col\u00e9gio M\u00e3e de Deus | Rede ICM de educa\u00e7\u00e3o\" \/>\n<meta property=\"og:description\" content=\"Oficinas As atividades e oficinas s\u00e3o voltadas para as \u00e1reas do conhecimento, das rela\u00e7\u00f5es interpessoais e das pr\u00e1ticas culturais, realizando tarefas que atendam o interesse, a curiosidade e as necessidades das crian\u00e7as, onde o objetivo \u00e9 trabalhar educa\u00e7\u00e3o, recrea\u00e7\u00e3o e forma\u00e7\u00e3o por meio do suporte pedag\u00f3gico. OFICINAS:\u00a0Arte, Express\u00e3o Corporal, Gastronomia e Rob\u00f3tica. ATIVIDADES:\u00a0Brincadeiras, Recrea\u00e7\u00e3o, Jardim [&hellip;]\" \/>\n<meta property=\"og:url\" content=\"https:\/\/redeicm.org.br\/maededeus\/oficinas\/\" \/>\n<meta property=\"og:site_name\" content=\"Col\u00e9gio M\u00e3e de Deus | Rede ICM de educa\u00e7\u00e3o\" \/>\n<meta property=\"article:modified_time\" content=\"2026-02-04T20:29:18+00:00\" \/>\n<meta name=\"twitter:card\" content=\"summary_large_image\" \/>\n<meta name=\"twitter:label1\" content=\"Est. tempo de leitura\" \/>\n\t<meta name=\"twitter:data1\" content=\"1 minuto\" \/>\n<script type=\"application\/ld+json\" class=\"yoast-schema-graph\">{\"@context\":\"https:\/\/schema.org\",\"@graph\":[{\"@type\":\"WebPage\",\"@id\":\"https:\/\/redeicm.org.br\/maededeus\/oficinas\/\",\"url\":\"https:\/\/redeicm.org.br\/maededeus\/oficinas\/\",\"name\":\"Oficinas - Col\u00e9gio M\u00e3e de Deus | Rede ICM de educa\u00e7\u00e3o\",\"isPartOf\":{\"@id\":\"https:\/\/redeicm.org.br\/maededeus\/#website\"},\"datePublished\":\"2024-08-19T19:00:23+00:00\",\"dateModified\":\"2026-02-04T20:29:18+00:00\",\"breadcrumb\":{\"@id\":\"https:\/\/redeicm.org.br\/maededeus\/oficinas\/#breadcrumb\"},\"inLanguage\":\"pt-BR\",\"potentialAction\":[{\"@type\":\"ReadAction\",\"target\":[\"https:\/\/redeicm.org.br\/maededeus\/oficinas\/\"]}]},{\"@type\":\"BreadcrumbList\",\"@id\":\"https:\/\/redeicm.org.br\/maededeus\/oficinas\/#breadcrumb\",\"itemListElement\":[{\"@type\":\"ListItem\",\"position\":1,\"name\":\"In\u00edcio\",\"item\":\"https:\/\/redeicm.org.br\/maededeus\/\"},{\"@type\":\"ListItem\",\"position\":2,\"name\":\"Oficinas\"}]},{\"@type\":\"WebSite\",\"@id\":\"https:\/\/redeicm.org.br\/maededeus\/#website\",\"url\":\"https:\/\/redeicm.org.br\/maededeus\/\",\"name\":\"Col\u00e9gio M\u00e3e de Deus | Rede ICM de educa\u00e7\u00e3o\",\"description\":\"\",\"publisher\":{\"@id\":\"https:\/\/redeicm.org.br\/maededeus\/#organization\"},\"potentialAction\":[{\"@type\":\"SearchAction\",\"target\":{\"@type\":\"EntryPoint\",\"urlTemplate\":\"https:\/\/redeicm.org.br\/maededeus\/?s={search_term_string}\"},\"query-input\":{\"@type\":\"PropertyValueSpecification\",\"valueRequired\":true,\"valueName\":\"search_term_string\"}}],\"inLanguage\":\"pt-BR\"},{\"@type\":\"Organization\",\"@id\":\"https:\/\/redeicm.org.br\/maededeus\/#organization\",\"name\":\"Col\u00e9gio M\u00e3e de Deus | Rede ICM de educa\u00e7\u00e3o\",\"url\":\"https:\/\/redeicm.org.br\/maededeus\/\",\"logo\":{\"@type\":\"ImageObject\",\"inLanguage\":\"pt-BR\",\"@id\":\"https:\/\/redeicm.org.br\/maededeus\/#\/schema\/logo\/image\/\",\"url\":\"https:\/\/redeicm.org.br\/maededeus\/wp-content\/uploads\/sites\/8\/2024\/08\/icm_educacao_mae_de_deus_preferencial_coares.webp\",\"contentUrl\":\"https:\/\/redeicm.org.br\/maededeus\/wp-content\/uploads\/sites\/8\/2024\/08\/icm_educacao_mae_de_deus_preferencial_coares.webp\",\"width\":493,\"height\":185,\"caption\":\"Col\u00e9gio M\u00e3e de Deus | Rede ICM de educa\u00e7\u00e3o\"},\"image\":{\"@id\":\"https:\/\/redeicm.org.br\/maededeus\/#\/schema\/logo\/image\/\"}}]}<\/script>\n<!-- \/ Yoast SEO plugin. -->","yoast_head_json":{"title":"Oficinas - Col\u00e9gio M\u00e3e de Deus | Rede ICM de educa\u00e7\u00e3o","robots":{"index":"index","follow":"follow","max-snippet":"max-snippet:-1","max-image-preview":"max-image-preview:large","max-video-preview":"max-video-preview:-1"},"canonical":"https:\/\/redeicm.org.br\/maededeus\/oficinas\/","og_locale":"pt_BR","og_type":"article","og_title":"Oficinas - Col\u00e9gio M\u00e3e de Deus | Rede ICM de educa\u00e7\u00e3o","og_description":"Oficinas As atividades e oficinas s\u00e3o voltadas para as \u00e1reas do conhecimento, das rela\u00e7\u00f5es interpessoais e das pr\u00e1ticas culturais, realizando tarefas que atendam o interesse, a curiosidade e as necessidades das crian\u00e7as, onde o objetivo \u00e9 trabalhar educa\u00e7\u00e3o, recrea\u00e7\u00e3o e forma\u00e7\u00e3o por meio do suporte pedag\u00f3gico. OFICINAS:\u00a0Arte, Express\u00e3o Corporal, Gastronomia e Rob\u00f3tica. ATIVIDADES:\u00a0Brincadeiras, Recrea\u00e7\u00e3o, Jardim [&hellip;]","og_url":"https:\/\/redeicm.org.br\/maededeus\/oficinas\/","og_site_name":"Col\u00e9gio M\u00e3e de Deus | Rede ICM de educa\u00e7\u00e3o","article_modified_time":"2026-02-04T20:29:18+00:00","twitter_card":"summary_large_image","twitter_misc":{"Est. tempo de leitura":"1 minuto"},"schema":{"@context":"https:\/\/schema.org","@graph":[{"@type":"WebPage","@id":"https:\/\/redeicm.org.br\/maededeus\/oficinas\/","url":"https:\/\/redeicm.org.br\/maededeus\/oficinas\/","name":"Oficinas - Col\u00e9gio M\u00e3e de Deus | Rede ICM de educa\u00e7\u00e3o","isPartOf":{"@id":"https:\/\/redeicm.org.br\/maededeus\/#website"},"datePublished":"2024-08-19T19:00:23+00:00","dateModified":"2026-02-04T20:29:18+00:00","breadcrumb":{"@id":"https:\/\/redeicm.org.br\/maededeus\/oficinas\/#breadcrumb"},"inLanguage":"pt-BR","potentialAction":[{"@type":"ReadAction","target":["https:\/\/redeicm.org.br\/maededeus\/oficinas\/"]}]},{"@type":"BreadcrumbList","@id":"https:\/\/redeicm.org.br\/maededeus\/oficinas\/#breadcrumb","itemListElement":[{"@type":"ListItem","position":1,"name":"In\u00edcio","item":"https:\/\/redeicm.org.br\/maededeus\/"},{"@type":"ListItem","position":2,"name":"Oficinas"}]},{"@type":"WebSite","@id":"https:\/\/redeicm.org.br\/maededeus\/#website","url":"https:\/\/redeicm.org.br\/maededeus\/","name":"Col\u00e9gio M\u00e3e de Deus | Rede ICM de educa\u00e7\u00e3o","description":"","publisher":{"@id":"https:\/\/redeicm.org.br\/maededeus\/#organization"},"potentialAction":[{"@type":"SearchAction","target":{"@type":"EntryPoint","urlTemplate":"https:\/\/redeicm.org.br\/maededeus\/?s={search_term_string}"},"query-input":{"@type":"PropertyValueSpecification","valueRequired":true,"valueName":"search_term_string"}}],"inLanguage":"pt-BR"},{"@type":"Organization","@id":"https:\/\/redeicm.org.br\/maededeus\/#organization","name":"Col\u00e9gio M\u00e3e de Deus | Rede ICM de educa\u00e7\u00e3o","url":"https:\/\/redeicm.org.br\/maededeus\/","logo":{"@type":"ImageObject","inLanguage":"pt-BR","@id":"https:\/\/redeicm.org.br\/maededeus\/#\/schema\/logo\/image\/","url":"https:\/\/redeicm.org.br\/maededeus\/wp-content\/uploads\/sites\/8\/2024\/08\/icm_educacao_mae_de_deus_preferencial_coares.webp","contentUrl":"https:\/\/redeicm.org.br\/maededeus\/wp-content\/uploads\/sites\/8\/2024\/08\/icm_educacao_mae_de_deus_preferencial_coares.webp","width":493,"height":185,"caption":"Col\u00e9gio M\u00e3e de Deus | Rede ICM de educa\u00e7\u00e3o"},"image":{"@id":"https:\/\/redeicm.org.br\/maededeus\/#\/schema\/logo\/image\/"}}]}},"_links":{"self":[{"href":"https:\/\/redeicm.org.br\/maededeus\/wp-json\/wp\/v2\/pages\/446","targetHints":{"allow":["GET"]}}],"collection":[{"href":"https:\/\/redeicm.org.br\/maededeus\/wp-json\/wp\/v2\/pages"}],"about":[{"href":"https:\/\/redeicm.org.br\/maededeus\/wp-json\/wp\/v2\/types\/page"}],"author":[{"embeddable":true,"href":"https:\/\/redeicm.org.br\/maededeus\/wp-json\/wp\/v2\/users\/1"}],"replies":[{"embeddable":true,"href":"https:\/\/redeicm.org.br\/maededeus\/wp-json\/wp\/v2\/comments?post=446"}],"version-history":[{"count":6,"href":"https:\/\/redeicm.org.br\/maededeus\/wp-json\/wp\/v2\/pages\/446\/revisions"}],"predecessor-version":[{"id":3401,"href":"https:\/\/redeicm.org.br\/maededeus\/wp-json\/wp\/v2\/pages\/446\/revisions\/3401"}],"wp:attachment":[{"href":"https:\/\/redeicm.org.br\/maededeus\/wp-json\/wp\/v2\/media?parent=446"}],"curies":[{"name":"wp","href":"https:\/\/api.w.org\/{rel}","templated":true}]}}