{"id":343,"date":"2024-08-19T13:58:42","date_gmt":"2024-08-19T16:58:42","guid":{"rendered":"https:\/\/redeicm.org.br\/maededeus\/?page_id=343"},"modified":"2025-11-11T11:18:49","modified_gmt":"2025-11-11T14:18:49","slug":"edital-bolsas-de-estudo","status":"publish","type":"page","link":"https:\/\/redeicm.org.br\/maededeus\/edital-bolsas-de-estudo\/","title":{"rendered":"Edital Bolsas de Estudo"},"content":{"rendered":"\t\t<div data-elementor-type=\"wp-page\" data-elementor-id=\"343\" class=\"elementor elementor-343\" data-elementor-post-type=\"page\">\n\t\t\t\t<div class=\"elementor-element elementor-element-ba61c4f e-flex e-con-boxed e-con e-parent\" data-id=\"ba61c4f\" data-element_type=\"container\" data-e-type=\"container\" data-settings=\"{&quot;background_background&quot;:&quot;classic&quot;}\">\n\t\t\t\t\t<div class=\"e-con-inner\">\n\t\t\t\t<div class=\"elementor-element elementor-element-e0c3c1b elementor-widget elementor-widget-heading\" data-id=\"e0c3c1b\" data-element_type=\"widget\" data-e-type=\"widget\" data-widget_type=\"heading.default\">\n\t\t\t\t<div class=\"elementor-widget-container\">\n\t\t\t\t\t<h1 class=\"elementor-heading-title elementor-size-default\">Edital Bolsas de Estudo<\/h1>\t\t\t\t<\/div>\n\t\t\t\t<\/div>\n\t\t\t\t\t<\/div>\n\t\t\t\t<\/div>\n\t\t<div class=\"elementor-element elementor-element-428e40b e-flex e-con-boxed e-con e-parent\" data-id=\"428e40b\" data-element_type=\"container\" data-e-type=\"container\" data-settings=\"{&quot;background_background&quot;:&quot;classic&quot;}\">\n\t\t\t\t\t<div class=\"e-con-inner\">\n\t\t\t\t<div class=\"elementor-element elementor-element-c5d2c57 elementor-widget__width-inherit elementor-widget elementor-widget-text-editor\" data-id=\"c5d2c57\" data-element_type=\"widget\" data-e-type=\"widget\" data-widget_type=\"text-editor.default\">\n\t\t\t\t<div class=\"elementor-widget-container\">\n\t\t\t\t\t\t\t\t\t<p>Veja informa\u00e7\u00f5es sobre as Bolsas de Estudo 2026 clicando nos Menus abaixo.<\/p>\t\t\t\t\t\t\t\t<\/div>\n\t\t\t\t<\/div>\n\t\t\t\t<div class=\"elementor-element elementor-element-8a81303 elementor-align-center elementor-widget__width-auto elementor-invisible elementor-widget elementor-widget-button\" data-id=\"8a81303\" data-element_type=\"widget\" data-e-type=\"widget\" data-settings=\"{&quot;_animation&quot;:&quot;fadeInUp&quot;,&quot;_animation_delay&quot;:&quot;150&quot;}\" data-widget_type=\"button.default\">\n\t\t\t\t<div class=\"elementor-widget-container\">\n\t\t\t\t\t\t\t\t\t<div class=\"elementor-button-wrapper\">\n\t\t\t\t\t<a class=\"elementor-button elementor-button-link elementor-size-sm\" href=\"https:\/\/redeicm.org.br\/maededeus\/wp-content\/uploads\/sites\/8\/2025\/08\/Edital-Bolsa-de-estudos-2026.pdf\" target=\"_blank\">\n\t\t\t\t\t\t<span class=\"elementor-button-content-wrapper\">\n\t\t\t\t\t\t\t\t\t<span class=\"elementor-button-text\">Edital Bolsas de Estudos<\/span>\n\t\t\t\t\t<\/span>\n\t\t\t\t\t<\/a>\n\t\t\t\t<\/div>\n\t\t\t\t\t\t\t\t<\/div>\n\t\t\t\t<\/div>\n\t\t\t\t<div class=\"elementor-element elementor-element-7bf390a elementor-align-center elementor-widget__width-auto elementor-invisible elementor-widget elementor-widget-button\" data-id=\"7bf390a\" data-element_type=\"widget\" data-e-type=\"widget\" data-settings=\"{&quot;_animation&quot;:&quot;fadeInUp&quot;,&quot;_animation_delay&quot;:&quot;150&quot;}\" data-widget_type=\"button.default\">\n\t\t\t\t<div class=\"elementor-widget-container\">\n\t\t\t\t\t\t\t\t\t<div class=\"elementor-button-wrapper\">\n\t\t\t\t\t<a class=\"elementor-button elementor-button-link elementor-size-sm\" href=\"https:\/\/redeicm.org.br\/maededeus\/wp-content\/uploads\/sites\/8\/2025\/08\/declaracoes-1.pdf\" target=\"_blank\">\n\t\t\t\t\t\t<span class=\"elementor-button-content-wrapper\">\n\t\t\t\t\t\t\t\t\t<span class=\"elementor-button-text\">Modelo de Declara\u00e7\u00f5es<\/span>\n\t\t\t\t\t<\/span>\n\t\t\t\t\t<\/a>\n\t\t\t\t<\/div>\n\t\t\t\t\t\t\t\t<\/div>\n\t\t\t\t<\/div>\n\t\t\t\t<div class=\"elementor-element elementor-element-0d45117 elementor-align-center elementor-widget__width-auto elementor-invisible elementor-widget elementor-widget-button\" data-id=\"0d45117\" data-element_type=\"widget\" data-e-type=\"widget\" data-settings=\"{&quot;_animation&quot;:&quot;fadeInUp&quot;,&quot;_animation_delay&quot;:&quot;150&quot;}\" data-widget_type=\"button.default\">\n\t\t\t\t<div class=\"elementor-widget-container\">\n\t\t\t\t\t\t\t\t\t<div class=\"elementor-button-wrapper\">\n\t\t\t\t\t<a class=\"elementor-button elementor-button-link elementor-size-sm\" href=\"https:\/\/redeicm.org.br\/maededeus\/wp-content\/uploads\/sites\/8\/2025\/11\/Portaria_complementar.pdf\" target=\"_blank\">\n\t\t\t\t\t\t<span class=\"elementor-button-content-wrapper\">\n\t\t\t\t\t\t\t\t\t<span class=\"elementor-button-text\">Portaria complementar<\/span>\n\t\t\t\t\t<\/span>\n\t\t\t\t\t<\/a>\n\t\t\t\t<\/div>\n\t\t\t\t\t\t\t\t<\/div>\n\t\t\t\t<\/div>\n\t\t\t\t\t<\/div>\n\t\t\t\t<\/div>\n\t\t\t\t<\/div>\n\t\t","protected":false},"excerpt":{"rendered":"<p>Edital Bolsas de Estudo Veja informa\u00e7\u00f5es sobre as Bolsas de Estudo 2026 clicando nos Menus abaixo. Edital Bolsas de Estudos Modelo de Declara\u00e7\u00f5es Portaria complementar<\/p>\n","protected":false},"author":1,"featured_media":0,"parent":0,"menu_order":0,"comment_status":"closed","ping_status":"closed","template":"","meta":{"_acf_changed":false,"footnotes":""},"class_list":["post-343","page","type-page","status-publish","hentry"],"acf":[],"yoast_head":"<!-- This site is optimized with the Yoast SEO plugin v26.3 - https:\/\/yoast.com\/wordpress\/plugins\/seo\/ -->\n<title>Edital Bolsas de Estudo - Col\u00e9gio M\u00e3e de Deus | Rede ICM de educa\u00e7\u00e3o<\/title>\n<meta name=\"robots\" content=\"index, follow, max-snippet:-1, max-image-preview:large, max-video-preview:-1\" \/>\n<link rel=\"canonical\" href=\"https:\/\/redeicm.org.br\/maededeus\/edital-bolsas-de-estudo\/\" \/>\n<meta property=\"og:locale\" content=\"pt_BR\" \/>\n<meta property=\"og:type\" content=\"article\" \/>\n<meta property=\"og:title\" content=\"Edital Bolsas de Estudo - Col\u00e9gio M\u00e3e de Deus | Rede ICM de educa\u00e7\u00e3o\" \/>\n<meta property=\"og:description\" content=\"Edital Bolsas de Estudo Veja informa\u00e7\u00f5es sobre as Bolsas de Estudo 2026 clicando nos Menus abaixo. Edital Bolsas de Estudos Modelo de Declara\u00e7\u00f5es Portaria complementar\" \/>\n<meta property=\"og:url\" content=\"https:\/\/redeicm.org.br\/maededeus\/edital-bolsas-de-estudo\/\" \/>\n<meta property=\"og:site_name\" content=\"Col\u00e9gio M\u00e3e de Deus | Rede ICM de educa\u00e7\u00e3o\" \/>\n<meta property=\"article:modified_time\" content=\"2025-11-11T14:18:49+00:00\" \/>\n<meta name=\"twitter:card\" content=\"summary_large_image\" \/>\n<meta name=\"twitter:label1\" content=\"Est. tempo de leitura\" \/>\n\t<meta name=\"twitter:data1\" content=\"1 minuto\" \/>\n<script type=\"application\/ld+json\" class=\"yoast-schema-graph\">{\"@context\":\"https:\/\/schema.org\",\"@graph\":[{\"@type\":\"WebPage\",\"@id\":\"https:\/\/redeicm.org.br\/maededeus\/edital-bolsas-de-estudo\/\",\"url\":\"https:\/\/redeicm.org.br\/maededeus\/edital-bolsas-de-estudo\/\",\"name\":\"Edital Bolsas de Estudo - Col\u00e9gio M\u00e3e de Deus | Rede ICM de educa\u00e7\u00e3o\",\"isPartOf\":{\"@id\":\"https:\/\/redeicm.org.br\/maededeus\/#website\"},\"datePublished\":\"2024-08-19T16:58:42+00:00\",\"dateModified\":\"2025-11-11T14:18:49+00:00\",\"breadcrumb\":{\"@id\":\"https:\/\/redeicm.org.br\/maededeus\/edital-bolsas-de-estudo\/#breadcrumb\"},\"inLanguage\":\"pt-BR\",\"potentialAction\":[{\"@type\":\"ReadAction\",\"target\":[\"https:\/\/redeicm.org.br\/maededeus\/edital-bolsas-de-estudo\/\"]}]},{\"@type\":\"BreadcrumbList\",\"@id\":\"https:\/\/redeicm.org.br\/maededeus\/edital-bolsas-de-estudo\/#breadcrumb\",\"itemListElement\":[{\"@type\":\"ListItem\",\"position\":1,\"name\":\"In\u00edcio\",\"item\":\"https:\/\/redeicm.org.br\/maededeus\/\"},{\"@type\":\"ListItem\",\"position\":2,\"name\":\"Edital Bolsas de Estudo\"}]},{\"@type\":\"WebSite\",\"@id\":\"https:\/\/redeicm.org.br\/maededeus\/#website\",\"url\":\"https:\/\/redeicm.org.br\/maededeus\/\",\"name\":\"Col\u00e9gio M\u00e3e de Deus | Rede ICM de educa\u00e7\u00e3o\",\"description\":\"\",\"publisher\":{\"@id\":\"https:\/\/redeicm.org.br\/maededeus\/#organization\"},\"potentialAction\":[{\"@type\":\"SearchAction\",\"target\":{\"@type\":\"EntryPoint\",\"urlTemplate\":\"https:\/\/redeicm.org.br\/maededeus\/?s={search_term_string}\"},\"query-input\":{\"@type\":\"PropertyValueSpecification\",\"valueRequired\":true,\"valueName\":\"search_term_string\"}}],\"inLanguage\":\"pt-BR\"},{\"@type\":\"Organization\",\"@id\":\"https:\/\/redeicm.org.br\/maededeus\/#organization\",\"name\":\"Col\u00e9gio M\u00e3e de Deus | Rede ICM de educa\u00e7\u00e3o\",\"url\":\"https:\/\/redeicm.org.br\/maededeus\/\",\"logo\":{\"@type\":\"ImageObject\",\"inLanguage\":\"pt-BR\",\"@id\":\"https:\/\/redeicm.org.br\/maededeus\/#\/schema\/logo\/image\/\",\"url\":\"https:\/\/redeicm.org.br\/maededeus\/wp-content\/uploads\/sites\/8\/2024\/08\/icm_educacao_mae_de_deus_preferencial_coares.webp\",\"contentUrl\":\"https:\/\/redeicm.org.br\/maededeus\/wp-content\/uploads\/sites\/8\/2024\/08\/icm_educacao_mae_de_deus_preferencial_coares.webp\",\"width\":493,\"height\":185,\"caption\":\"Col\u00e9gio M\u00e3e de Deus | Rede ICM de educa\u00e7\u00e3o\"},\"image\":{\"@id\":\"https:\/\/redeicm.org.br\/maededeus\/#\/schema\/logo\/image\/\"}}]}<\/script>\n<!-- \/ Yoast SEO plugin. -->","yoast_head_json":{"title":"Edital Bolsas de Estudo - Col\u00e9gio M\u00e3e de Deus | Rede ICM de educa\u00e7\u00e3o","robots":{"index":"index","follow":"follow","max-snippet":"max-snippet:-1","max-image-preview":"max-image-preview:large","max-video-preview":"max-video-preview:-1"},"canonical":"https:\/\/redeicm.org.br\/maededeus\/edital-bolsas-de-estudo\/","og_locale":"pt_BR","og_type":"article","og_title":"Edital Bolsas de Estudo - Col\u00e9gio M\u00e3e de Deus | Rede ICM de educa\u00e7\u00e3o","og_description":"Edital Bolsas de Estudo Veja informa\u00e7\u00f5es sobre as Bolsas de Estudo 2026 clicando nos Menus abaixo. Edital Bolsas de Estudos Modelo de Declara\u00e7\u00f5es Portaria complementar","og_url":"https:\/\/redeicm.org.br\/maededeus\/edital-bolsas-de-estudo\/","og_site_name":"Col\u00e9gio M\u00e3e de Deus | Rede ICM de educa\u00e7\u00e3o","article_modified_time":"2025-11-11T14:18:49+00:00","twitter_card":"summary_large_image","twitter_misc":{"Est. tempo de leitura":"1 minuto"},"schema":{"@context":"https:\/\/schema.org","@graph":[{"@type":"WebPage","@id":"https:\/\/redeicm.org.br\/maededeus\/edital-bolsas-de-estudo\/","url":"https:\/\/redeicm.org.br\/maededeus\/edital-bolsas-de-estudo\/","name":"Edital Bolsas de Estudo - Col\u00e9gio M\u00e3e de Deus | Rede ICM de educa\u00e7\u00e3o","isPartOf":{"@id":"https:\/\/redeicm.org.br\/maededeus\/#website"},"datePublished":"2024-08-19T16:58:42+00:00","dateModified":"2025-11-11T14:18:49+00:00","breadcrumb":{"@id":"https:\/\/redeicm.org.br\/maededeus\/edital-bolsas-de-estudo\/#breadcrumb"},"inLanguage":"pt-BR","potentialAction":[{"@type":"ReadAction","target":["https:\/\/redeicm.org.br\/maededeus\/edital-bolsas-de-estudo\/"]}]},{"@type":"BreadcrumbList","@id":"https:\/\/redeicm.org.br\/maededeus\/edital-bolsas-de-estudo\/#breadcrumb","itemListElement":[{"@type":"ListItem","position":1,"name":"In\u00edcio","item":"https:\/\/redeicm.org.br\/maededeus\/"},{"@type":"ListItem","position":2,"name":"Edital Bolsas de Estudo"}]},{"@type":"WebSite","@id":"https:\/\/redeicm.org.br\/maededeus\/#website","url":"https:\/\/redeicm.org.br\/maededeus\/","name":"Col\u00e9gio M\u00e3e de Deus | Rede ICM de educa\u00e7\u00e3o","description":"","publisher":{"@id":"https:\/\/redeicm.org.br\/maededeus\/#organization"},"potentialAction":[{"@type":"SearchAction","target":{"@type":"EntryPoint","urlTemplate":"https:\/\/redeicm.org.br\/maededeus\/?s={search_term_string}"},"query-input":{"@type":"PropertyValueSpecification","valueRequired":true,"valueName":"search_term_string"}}],"inLanguage":"pt-BR"},{"@type":"Organization","@id":"https:\/\/redeicm.org.br\/maededeus\/#organization","name":"Col\u00e9gio M\u00e3e de Deus | Rede ICM de educa\u00e7\u00e3o","url":"https:\/\/redeicm.org.br\/maededeus\/","logo":{"@type":"ImageObject","inLanguage":"pt-BR","@id":"https:\/\/redeicm.org.br\/maededeus\/#\/schema\/logo\/image\/","url":"https:\/\/redeicm.org.br\/maededeus\/wp-content\/uploads\/sites\/8\/2024\/08\/icm_educacao_mae_de_deus_preferencial_coares.webp","contentUrl":"https:\/\/redeicm.org.br\/maededeus\/wp-content\/uploads\/sites\/8\/2024\/08\/icm_educacao_mae_de_deus_preferencial_coares.webp","width":493,"height":185,"caption":"Col\u00e9gio M\u00e3e de Deus | Rede ICM de educa\u00e7\u00e3o"},"image":{"@id":"https:\/\/redeicm.org.br\/maededeus\/#\/schema\/logo\/image\/"}}]}},"_links":{"self":[{"href":"https:\/\/redeicm.org.br\/maededeus\/wp-json\/wp\/v2\/pages\/343","targetHints":{"allow":["GET"]}}],"collection":[{"href":"https:\/\/redeicm.org.br\/maededeus\/wp-json\/wp\/v2\/pages"}],"about":[{"href":"https:\/\/redeicm.org.br\/maededeus\/wp-json\/wp\/v2\/types\/page"}],"author":[{"embeddable":true,"href":"https:\/\/redeicm.org.br\/maededeus\/wp-json\/wp\/v2\/users\/1"}],"replies":[{"embeddable":true,"href":"https:\/\/redeicm.org.br\/maededeus\/wp-json\/wp\/v2\/comments?post=343"}],"version-history":[{"count":21,"href":"https:\/\/redeicm.org.br\/maededeus\/wp-json\/wp\/v2\/pages\/343\/revisions"}],"predecessor-version":[{"id":2799,"href":"https:\/\/redeicm.org.br\/maededeus\/wp-json\/wp\/v2\/pages\/343\/revisions\/2799"}],"wp:attachment":[{"href":"https:\/\/redeicm.org.br\/maededeus\/wp-json\/wp\/v2\/media?parent=343"}],"curies":[{"name":"wp","href":"https:\/\/api.w.org\/{rel}","templated":true}]}}