{"id":320,"date":"2024-08-19T13:48:26","date_gmt":"2024-08-19T16:48:26","guid":{"rendered":"https:\/\/redeicm.org.br\/maededeus\/?page_id=320"},"modified":"2025-05-16T10:57:04","modified_gmt":"2025-05-16T13:57:04","slug":"metodologia","status":"publish","type":"page","link":"https:\/\/redeicm.org.br\/maededeus\/metodologia\/","title":{"rendered":"Metodologia"},"content":{"rendered":"\t\t<div data-elementor-type=\"wp-page\" data-elementor-id=\"320\" class=\"elementor elementor-320\" data-elementor-post-type=\"page\">\n\t\t\t\t<div class=\"elementor-element elementor-element-0db710c e-flex e-con-boxed e-con e-parent\" data-id=\"0db710c\" data-element_type=\"container\" data-e-type=\"container\" data-settings=\"{&quot;background_background&quot;:&quot;classic&quot;}\">\n\t\t\t\t\t<div class=\"e-con-inner\">\n\t\t\t\t<div class=\"elementor-element elementor-element-d91b07e elementor-widget elementor-widget-heading\" data-id=\"d91b07e\" data-element_type=\"widget\" data-e-type=\"widget\" data-widget_type=\"heading.default\">\n\t\t\t\t<div class=\"elementor-widget-container\">\n\t\t\t\t\t<h1 class=\"elementor-heading-title elementor-size-default\">Metodologia<\/h1>\t\t\t\t<\/div>\n\t\t\t\t<\/div>\n\t\t\t\t\t<\/div>\n\t\t\t\t<\/div>\n\t\t<div class=\"elementor-element elementor-element-6d740bb e-con-full e-flex e-con e-parent\" data-id=\"6d740bb\" data-element_type=\"container\" data-e-type=\"container\">\n\t\t<div class=\"elementor-element elementor-element-4530f08 e-flex e-con-boxed e-con e-child\" data-id=\"4530f08\" data-element_type=\"container\" data-e-type=\"container\">\n\t\t\t\t\t<div class=\"e-con-inner\">\n\t\t\t\t<div class=\"elementor-element elementor-element-60899e9 elementor-invisible elementor-widget elementor-widget-text-editor\" data-id=\"60899e9\" data-element_type=\"widget\" data-e-type=\"widget\" data-settings=\"{&quot;_animation&quot;:&quot;fadeInUp&quot;}\" data-widget_type=\"text-editor.default\">\n\t\t\t\t<div class=\"elementor-widget-container\">\n\t\t\t\t\t\t\t\t\t<p>Em nosso processo educativo, a metodologia, articula as diferentes linguagens e as \u00e1reas do conhecimento superando a fragmenta\u00e7\u00e3o dos saberes num curr\u00edculo que busca desenvolver ao m\u00e1ximo o potencial de nossos estudantes. \u00a0Tal organiza\u00e7\u00e3o metodol\u00f3gica \u00e9 vivenciada numa rela\u00e7\u00e3o dial\u00e9tica entre professore e Estudante, com \u00eanfase no atendimento adequado \u00e0 supera\u00e7\u00e3o das dificuldades individuais e coletivas. Para isso, desenvolvemos uma abordagem com equil\u00edbrio entre teorias e conhecimento aplicado, em que os conceitos e \u00a0os conte\u00fados estejam conectados com quest\u00f5es do cotidiano a fim de que o estudante se sinta engajado e motivado a, cada vez mais, compreender o mundo e nele interagir com autonomia, criticidade, \u00e9tica e responsabilidade.<\/p><p>A metodologia proposta baseia-se na articula\u00e7\u00e3o do projeto curricular ao processo din\u00e2mico das rela\u00e7\u00f5es sociais e da pr\u00e1tica did\u00e1tico-pedag\u00f3gica, por meio de projetos cient\u00edficos e de aprendizagem que oportunizem ao estudante \u00a0a resolu\u00e7\u00e3o de problemas e que estimulem \u00e0 aprendizagem conceitual-significativa de forma a estabelecer uma rela\u00e7\u00e3o de prazer com o conhecimento, oportunizando o saber, o saber fazer, o saber ser e o conviver \u2013 pilares fundamentais para o desenvolvimento dos conhecimentos, valores, habilidades e compet\u00eancias constru\u00eddos no decorrer dos estudos.<\/p><p>A Proposta metodol\u00f3gica do Col\u00e9gio est\u00e1 registrada no Projeto Pol\u00edtico-Pedag\u00f3gico \u2013 Plano Global.<\/p>\t\t\t\t\t\t\t\t<\/div>\n\t\t\t\t<\/div>\n\t\t\t\t\t<\/div>\n\t\t\t\t<\/div>\n\t\t\t\t<\/div>\n\t\t\t\t<\/div>\n\t\t","protected":false},"excerpt":{"rendered":"<p>Em nosso processo educativo, a metodologia, articula as diferentes linguagens e as \u00e1reas do conhecimento superando a fragmenta\u00e7\u00e3o dos saberes num curr\u00edculo que busca desenvolver ao m\u00e1ximo o potencial de nossos estudantes. \u00a0Tal organiza\u00e7\u00e3o metodol\u00f3gica \u00e9 vivenciada numa rela\u00e7\u00e3o dial\u00e9tica entre professore e Estudante, com \u00eanfase no atendimento adequado \u00e0 supera\u00e7\u00e3o das dificuldades individuais e [&hellip;]<\/p>\n","protected":false},"author":1,"featured_media":0,"parent":0,"menu_order":0,"comment_status":"closed","ping_status":"closed","template":"","meta":{"_acf_changed":false,"footnotes":""},"class_list":["post-320","page","type-page","status-publish","hentry"],"acf":[],"yoast_head":"<!-- This site is optimized with the Yoast SEO plugin v26.3 - https:\/\/yoast.com\/wordpress\/plugins\/seo\/ -->\n<title>Metodologia - Col\u00e9gio M\u00e3e de Deus | Rede ICM de educa\u00e7\u00e3o<\/title>\n<meta name=\"robots\" content=\"index, follow, max-snippet:-1, max-image-preview:large, max-video-preview:-1\" \/>\n<link rel=\"canonical\" href=\"https:\/\/redeicm.org.br\/maededeus\/metodologia\/\" \/>\n<meta property=\"og:locale\" content=\"pt_BR\" \/>\n<meta property=\"og:type\" content=\"article\" \/>\n<meta property=\"og:title\" content=\"Metodologia - Col\u00e9gio M\u00e3e de Deus | Rede ICM de educa\u00e7\u00e3o\" \/>\n<meta property=\"og:description\" content=\"Em nosso processo educativo, a metodologia, articula as diferentes linguagens e as \u00e1reas do conhecimento superando a fragmenta\u00e7\u00e3o dos saberes num curr\u00edculo que busca desenvolver ao m\u00e1ximo o potencial de nossos estudantes. \u00a0Tal organiza\u00e7\u00e3o metodol\u00f3gica \u00e9 vivenciada numa rela\u00e7\u00e3o dial\u00e9tica entre professore e Estudante, com \u00eanfase no atendimento adequado \u00e0 supera\u00e7\u00e3o das dificuldades individuais e [&hellip;]\" \/>\n<meta property=\"og:url\" content=\"https:\/\/redeicm.org.br\/maededeus\/metodologia\/\" \/>\n<meta property=\"og:site_name\" content=\"Col\u00e9gio M\u00e3e de Deus | Rede ICM de educa\u00e7\u00e3o\" \/>\n<meta property=\"article:modified_time\" content=\"2025-05-16T13:57:04+00:00\" \/>\n<meta name=\"twitter:card\" content=\"summary_large_image\" \/>\n<meta name=\"twitter:label1\" content=\"Est. tempo de leitura\" \/>\n\t<meta name=\"twitter:data1\" content=\"2 minutos\" \/>\n<script type=\"application\/ld+json\" class=\"yoast-schema-graph\">{\"@context\":\"https:\/\/schema.org\",\"@graph\":[{\"@type\":\"WebPage\",\"@id\":\"https:\/\/redeicm.org.br\/maededeus\/metodologia\/\",\"url\":\"https:\/\/redeicm.org.br\/maededeus\/metodologia\/\",\"name\":\"Metodologia - Col\u00e9gio M\u00e3e de Deus | Rede ICM de educa\u00e7\u00e3o\",\"isPartOf\":{\"@id\":\"https:\/\/redeicm.org.br\/maededeus\/#website\"},\"datePublished\":\"2024-08-19T16:48:26+00:00\",\"dateModified\":\"2025-05-16T13:57:04+00:00\",\"breadcrumb\":{\"@id\":\"https:\/\/redeicm.org.br\/maededeus\/metodologia\/#breadcrumb\"},\"inLanguage\":\"pt-BR\",\"potentialAction\":[{\"@type\":\"ReadAction\",\"target\":[\"https:\/\/redeicm.org.br\/maededeus\/metodologia\/\"]}]},{\"@type\":\"BreadcrumbList\",\"@id\":\"https:\/\/redeicm.org.br\/maededeus\/metodologia\/#breadcrumb\",\"itemListElement\":[{\"@type\":\"ListItem\",\"position\":1,\"name\":\"In\u00edcio\",\"item\":\"https:\/\/redeicm.org.br\/maededeus\/\"},{\"@type\":\"ListItem\",\"position\":2,\"name\":\"Metodologia\"}]},{\"@type\":\"WebSite\",\"@id\":\"https:\/\/redeicm.org.br\/maededeus\/#website\",\"url\":\"https:\/\/redeicm.org.br\/maededeus\/\",\"name\":\"Col\u00e9gio M\u00e3e de Deus | Rede ICM de educa\u00e7\u00e3o\",\"description\":\"\",\"publisher\":{\"@id\":\"https:\/\/redeicm.org.br\/maededeus\/#organization\"},\"potentialAction\":[{\"@type\":\"SearchAction\",\"target\":{\"@type\":\"EntryPoint\",\"urlTemplate\":\"https:\/\/redeicm.org.br\/maededeus\/?s={search_term_string}\"},\"query-input\":{\"@type\":\"PropertyValueSpecification\",\"valueRequired\":true,\"valueName\":\"search_term_string\"}}],\"inLanguage\":\"pt-BR\"},{\"@type\":\"Organization\",\"@id\":\"https:\/\/redeicm.org.br\/maededeus\/#organization\",\"name\":\"Col\u00e9gio M\u00e3e de Deus | Rede ICM de educa\u00e7\u00e3o\",\"url\":\"https:\/\/redeicm.org.br\/maededeus\/\",\"logo\":{\"@type\":\"ImageObject\",\"inLanguage\":\"pt-BR\",\"@id\":\"https:\/\/redeicm.org.br\/maededeus\/#\/schema\/logo\/image\/\",\"url\":\"https:\/\/redeicm.org.br\/maededeus\/wp-content\/uploads\/sites\/8\/2024\/08\/icm_educacao_mae_de_deus_preferencial_coares.webp\",\"contentUrl\":\"https:\/\/redeicm.org.br\/maededeus\/wp-content\/uploads\/sites\/8\/2024\/08\/icm_educacao_mae_de_deus_preferencial_coares.webp\",\"width\":493,\"height\":185,\"caption\":\"Col\u00e9gio M\u00e3e de Deus | Rede ICM de educa\u00e7\u00e3o\"},\"image\":{\"@id\":\"https:\/\/redeicm.org.br\/maededeus\/#\/schema\/logo\/image\/\"}}]}<\/script>\n<!-- \/ Yoast SEO plugin. -->","yoast_head_json":{"title":"Metodologia - Col\u00e9gio M\u00e3e de Deus | Rede ICM de educa\u00e7\u00e3o","robots":{"index":"index","follow":"follow","max-snippet":"max-snippet:-1","max-image-preview":"max-image-preview:large","max-video-preview":"max-video-preview:-1"},"canonical":"https:\/\/redeicm.org.br\/maededeus\/metodologia\/","og_locale":"pt_BR","og_type":"article","og_title":"Metodologia - Col\u00e9gio M\u00e3e de Deus | Rede ICM de educa\u00e7\u00e3o","og_description":"Em nosso processo educativo, a metodologia, articula as diferentes linguagens e as \u00e1reas do conhecimento superando a fragmenta\u00e7\u00e3o dos saberes num curr\u00edculo que busca desenvolver ao m\u00e1ximo o potencial de nossos estudantes. \u00a0Tal organiza\u00e7\u00e3o metodol\u00f3gica \u00e9 vivenciada numa rela\u00e7\u00e3o dial\u00e9tica entre professore e Estudante, com \u00eanfase no atendimento adequado \u00e0 supera\u00e7\u00e3o das dificuldades individuais e [&hellip;]","og_url":"https:\/\/redeicm.org.br\/maededeus\/metodologia\/","og_site_name":"Col\u00e9gio M\u00e3e de Deus | Rede ICM de educa\u00e7\u00e3o","article_modified_time":"2025-05-16T13:57:04+00:00","twitter_card":"summary_large_image","twitter_misc":{"Est. tempo de leitura":"2 minutos"},"schema":{"@context":"https:\/\/schema.org","@graph":[{"@type":"WebPage","@id":"https:\/\/redeicm.org.br\/maededeus\/metodologia\/","url":"https:\/\/redeicm.org.br\/maededeus\/metodologia\/","name":"Metodologia - Col\u00e9gio M\u00e3e de Deus | Rede ICM de educa\u00e7\u00e3o","isPartOf":{"@id":"https:\/\/redeicm.org.br\/maededeus\/#website"},"datePublished":"2024-08-19T16:48:26+00:00","dateModified":"2025-05-16T13:57:04+00:00","breadcrumb":{"@id":"https:\/\/redeicm.org.br\/maededeus\/metodologia\/#breadcrumb"},"inLanguage":"pt-BR","potentialAction":[{"@type":"ReadAction","target":["https:\/\/redeicm.org.br\/maededeus\/metodologia\/"]}]},{"@type":"BreadcrumbList","@id":"https:\/\/redeicm.org.br\/maededeus\/metodologia\/#breadcrumb","itemListElement":[{"@type":"ListItem","position":1,"name":"In\u00edcio","item":"https:\/\/redeicm.org.br\/maededeus\/"},{"@type":"ListItem","position":2,"name":"Metodologia"}]},{"@type":"WebSite","@id":"https:\/\/redeicm.org.br\/maededeus\/#website","url":"https:\/\/redeicm.org.br\/maededeus\/","name":"Col\u00e9gio M\u00e3e de Deus | Rede ICM de educa\u00e7\u00e3o","description":"","publisher":{"@id":"https:\/\/redeicm.org.br\/maededeus\/#organization"},"potentialAction":[{"@type":"SearchAction","target":{"@type":"EntryPoint","urlTemplate":"https:\/\/redeicm.org.br\/maededeus\/?s={search_term_string}"},"query-input":{"@type":"PropertyValueSpecification","valueRequired":true,"valueName":"search_term_string"}}],"inLanguage":"pt-BR"},{"@type":"Organization","@id":"https:\/\/redeicm.org.br\/maededeus\/#organization","name":"Col\u00e9gio M\u00e3e de Deus | Rede ICM de educa\u00e7\u00e3o","url":"https:\/\/redeicm.org.br\/maededeus\/","logo":{"@type":"ImageObject","inLanguage":"pt-BR","@id":"https:\/\/redeicm.org.br\/maededeus\/#\/schema\/logo\/image\/","url":"https:\/\/redeicm.org.br\/maededeus\/wp-content\/uploads\/sites\/8\/2024\/08\/icm_educacao_mae_de_deus_preferencial_coares.webp","contentUrl":"https:\/\/redeicm.org.br\/maededeus\/wp-content\/uploads\/sites\/8\/2024\/08\/icm_educacao_mae_de_deus_preferencial_coares.webp","width":493,"height":185,"caption":"Col\u00e9gio M\u00e3e de Deus | Rede ICM de educa\u00e7\u00e3o"},"image":{"@id":"https:\/\/redeicm.org.br\/maededeus\/#\/schema\/logo\/image\/"}}]}},"_links":{"self":[{"href":"https:\/\/redeicm.org.br\/maededeus\/wp-json\/wp\/v2\/pages\/320","targetHints":{"allow":["GET"]}}],"collection":[{"href":"https:\/\/redeicm.org.br\/maededeus\/wp-json\/wp\/v2\/pages"}],"about":[{"href":"https:\/\/redeicm.org.br\/maededeus\/wp-json\/wp\/v2\/types\/page"}],"author":[{"embeddable":true,"href":"https:\/\/redeicm.org.br\/maededeus\/wp-json\/wp\/v2\/users\/1"}],"replies":[{"embeddable":true,"href":"https:\/\/redeicm.org.br\/maededeus\/wp-json\/wp\/v2\/comments?post=320"}],"version-history":[{"count":6,"href":"https:\/\/redeicm.org.br\/maededeus\/wp-json\/wp\/v2\/pages\/320\/revisions"}],"predecessor-version":[{"id":691,"href":"https:\/\/redeicm.org.br\/maededeus\/wp-json\/wp\/v2\/pages\/320\/revisions\/691"}],"wp:attachment":[{"href":"https:\/\/redeicm.org.br\/maededeus\/wp-json\/wp\/v2\/media?parent=320"}],"curies":[{"name":"wp","href":"https:\/\/api.w.org\/{rel}","templated":true}]}}