{"id":118,"date":"2024-08-14T15:53:29","date_gmt":"2024-08-14T18:53:29","guid":{"rendered":"https:\/\/redeicm.org.br\/maededeus\/ensino-medio\/"},"modified":"2025-09-05T11:27:07","modified_gmt":"2025-09-05T14:27:07","slug":"ensino-medio","status":"publish","type":"page","link":"https:\/\/redeicm.org.br\/maededeus\/ensino-medio\/","title":{"rendered":"Ensino M\u00e9dio"},"content":{"rendered":"\t\t<div data-elementor-type=\"wp-page\" data-elementor-id=\"118\" class=\"elementor elementor-118\" data-elementor-post-type=\"page\">\n\t\t\t\t<div class=\"elementor-element elementor-element-b7aa277 e-con-full e-flex e-con e-parent\" data-id=\"b7aa277\" data-element_type=\"container\" data-e-type=\"container\">\n\t\t\t\t<div class=\"elementor-element elementor-element-dc780ea elementor-pagination-type-bullets elementor-pagination-position-outside elementor-widget elementor-widget-n-carousel\" data-id=\"dc780ea\" data-element_type=\"widget\" data-e-type=\"widget\" data-settings=\"{&quot;carousel_items&quot;:[{&quot;slide_title&quot;:&quot;Slide #1&quot;,&quot;_id&quot;:&quot;e4e19ea&quot;},{&quot;slide_title&quot;:&quot;Slide #2&quot;,&quot;_id&quot;:&quot;6f8ec91&quot;}],&quot;slides_to_show&quot;:&quot;1&quot;,&quot;slides_to_scroll&quot;:&quot;1&quot;,&quot;slides_to_show_tablet&quot;:&quot;1&quot;,&quot;slides_to_scroll_tablet&quot;:&quot;1&quot;,&quot;slides_to_show_mobile&quot;:&quot;1&quot;,&quot;autoplay&quot;:&quot;yes&quot;,&quot;autoplay_speed&quot;:5000,&quot;pause_on_hover&quot;:&quot;yes&quot;,&quot;pause_on_interaction&quot;:&quot;yes&quot;,&quot;infinite&quot;:&quot;yes&quot;,&quot;speed&quot;:500,&quot;offset_sides&quot;:&quot;none&quot;,&quot;pagination&quot;:&quot;bullets&quot;,&quot;image_spacing_custom&quot;:{&quot;unit&quot;:&quot;px&quot;,&quot;size&quot;:10,&quot;sizes&quot;:[]},&quot;image_spacing_custom_tablet&quot;:{&quot;unit&quot;:&quot;px&quot;,&quot;size&quot;:&quot;&quot;,&quot;sizes&quot;:[]},&quot;image_spacing_custom_mobile&quot;:{&quot;unit&quot;:&quot;px&quot;,&quot;size&quot;:&quot;&quot;,&quot;sizes&quot;:[]}}\" data-widget_type=\"nested-carousel.default\">\n\t\t\t\t<div class=\"elementor-widget-container\">\n\t\t\t\t\t\t\t<div class=\"e-n-carousel swiper\" role=\"region\" aria-roledescription=\"carousel\" aria-label=\"Carousel\" dir=\"ltr\">\n\t\t\t<div class=\"swiper-wrapper\" aria-live=\"off\">\n\t\t\t\t\t\t\t\t\t\t<div class=\"swiper-slide\" data-slide=\"1\" role=\"group\" aria-roledescription=\"slide\" aria-label=\"1 de 2\">\n\t\t\t\t\t\t\t<div class=\"elementor-element elementor-element-6d30660 e-con-full e-flex e-con e-child\" data-id=\"6d30660\" data-element_type=\"container\" data-e-type=\"container\">\n\t\t\t\t<div class=\"elementor-element elementor-element-d139f4c elementor-widget elementor-widget-image\" data-id=\"d139f4c\" data-element_type=\"widget\" data-e-type=\"widget\" data-widget_type=\"image.default\">\n\t\t\t\t<div class=\"elementor-widget-container\">\n\t\t\t\t\t\t\t\t\t\t\t\t\t\t\t\t<a href=\"https:\/\/matriculas.redeicm.org.br\/maededeus\" target=\"_blank\">\n\t\t\t\t\t\t\t<img fetchpriority=\"high\" decoding=\"async\" width=\"2048\" height=\"822\" src=\"https:\/\/redeicm.org.br\/maededeus\/wp-content\/uploads\/sites\/8\/2025\/09\/Ensino_Medio1.jpg\" class=\"attachment-full size-full wp-image-2606\" alt=\"\" srcset=\"https:\/\/redeicm.org.br\/maededeus\/wp-content\/uploads\/sites\/8\/2025\/09\/Ensino_Medio1.jpg 2048w, https:\/\/redeicm.org.br\/maededeus\/wp-content\/uploads\/sites\/8\/2025\/09\/Ensino_Medio1-300x120.jpg 300w, https:\/\/redeicm.org.br\/maededeus\/wp-content\/uploads\/sites\/8\/2025\/09\/Ensino_Medio1-1024x411.jpg 1024w, https:\/\/redeicm.org.br\/maededeus\/wp-content\/uploads\/sites\/8\/2025\/09\/Ensino_Medio1-768x308.jpg 768w, https:\/\/redeicm.org.br\/maededeus\/wp-content\/uploads\/sites\/8\/2025\/09\/Ensino_Medio1-1536x617.jpg 1536w\" sizes=\"(max-width: 2048px) 100vw, 2048px\" \/>\t\t\t\t\t\t\t\t<\/a>\n\t\t\t\t\t\t\t\t\t\t\t\t\t\t\t<\/div>\n\t\t\t\t<\/div>\n\t\t\t\t<\/div>\n\t\t\t\t\t\t\t\t<\/div>\n\t\t\t\t\t\t\t\t\t\t\t<div class=\"swiper-slide\" data-slide=\"2\" role=\"group\" aria-roledescription=\"slide\" aria-label=\"2 de 2\">\n\t\t\t\t\t\t\t<div class=\"elementor-element elementor-element-554af3d e-con-full e-flex e-con e-child\" data-id=\"554af3d\" data-element_type=\"container\" data-e-type=\"container\">\n\t\t\t\t<div class=\"elementor-element elementor-element-0a09af1 elementor-widget elementor-widget-image\" data-id=\"0a09af1\" data-element_type=\"widget\" data-e-type=\"widget\" data-widget_type=\"image.default\">\n\t\t\t\t<div class=\"elementor-widget-container\">\n\t\t\t\t\t\t\t\t\t\t\t\t\t\t\t\t<a href=\"https:\/\/matriculas.redeicm.org.br\/maededeus\" target=\"_blank\">\n\t\t\t\t\t\t\t<img decoding=\"async\" width=\"2048\" height=\"822\" src=\"https:\/\/redeicm.org.br\/maededeus\/wp-content\/uploads\/sites\/8\/2025\/09\/Ensino_Medio2.jpg\" class=\"attachment-full size-full wp-image-2607\" alt=\"\" srcset=\"https:\/\/redeicm.org.br\/maededeus\/wp-content\/uploads\/sites\/8\/2025\/09\/Ensino_Medio2.jpg 2048w, https:\/\/redeicm.org.br\/maededeus\/wp-content\/uploads\/sites\/8\/2025\/09\/Ensino_Medio2-300x120.jpg 300w, https:\/\/redeicm.org.br\/maededeus\/wp-content\/uploads\/sites\/8\/2025\/09\/Ensino_Medio2-1024x411.jpg 1024w, https:\/\/redeicm.org.br\/maededeus\/wp-content\/uploads\/sites\/8\/2025\/09\/Ensino_Medio2-768x308.jpg 768w, https:\/\/redeicm.org.br\/maededeus\/wp-content\/uploads\/sites\/8\/2025\/09\/Ensino_Medio2-1536x617.jpg 1536w\" sizes=\"(max-width: 2048px) 100vw, 2048px\" \/>\t\t\t\t\t\t\t\t<\/a>\n\t\t\t\t\t\t\t\t\t\t\t\t\t\t\t<\/div>\n\t\t\t\t<\/div>\n\t\t\t\t<\/div>\n\t\t\t\t\t\t\t\t<\/div>\n\t\t\t\t\t\t\t\t<\/div>\n\t\t<\/div>\n\t\t\t\t\t<div class=\"swiper-pagination\"><\/div>\n\t\t\t\t\t\t<\/div>\n\t\t\t\t<\/div>\n\t\t\t\t<\/div>\n\t\t<div class=\"elementor-element elementor-element-6246261b e-flex e-con-boxed e-con e-parent\" data-id=\"6246261b\" data-element_type=\"container\" data-e-type=\"container\">\n\t\t\t\t\t<div class=\"e-con-inner\">\n\t\t\t\t<div class=\"elementor-element elementor-element-7468e21e elementor-widget elementor-widget-heading\" data-id=\"7468e21e\" data-element_type=\"widget\" data-e-type=\"widget\" data-widget_type=\"heading.default\">\n\t\t\t\t<div class=\"elementor-widget-container\">\n\t\t\t\t\t<h1 class=\"elementor-heading-title elementor-size-default\">Ensino M\u00e9dio<\/h1>\t\t\t\t<\/div>\n\t\t\t\t<\/div>\n\t\t\t\t\t<\/div>\n\t\t\t\t<\/div>\n\t\t<div class=\"elementor-element elementor-element-44057ec e-con-full e-flex e-con e-parent\" data-id=\"44057ec\" data-element_type=\"container\" data-e-type=\"container\">\n\t\t<div class=\"elementor-element elementor-element-90fb5b0 e-flex e-con-boxed e-con e-child\" data-id=\"90fb5b0\" data-element_type=\"container\" data-e-type=\"container\">\n\t\t\t\t\t<div class=\"e-con-inner\">\n\t\t\t\t<div class=\"elementor-element elementor-element-af3ea0f elementor-invisible elementor-widget elementor-widget-text-editor\" data-id=\"af3ea0f\" data-element_type=\"widget\" data-e-type=\"widget\" data-settings=\"{&quot;_animation&quot;:&quot;fadeInUp&quot;}\" data-widget_type=\"text-editor.default\">\n\t\t\t\t<div class=\"elementor-widget-container\">\n\t\t\t\t\t\t\t\t\t<p class=\"Fonte_texto_corpo\">O Ensino M\u00e9dio\u00a0do Col\u00e9gio busca:<\/p><ul><li class=\"Fonte_texto_corpo\">Aprofundar e consolidar os conhecimentos, habilidades e valores adquiridos no decorrer do Ensino Fundamental.<\/li><li class=\"Fonte_texto_corpo\">A prepara\u00e7\u00e3o b\u00e1sica para o trabalho e a cidadania do educando, para continuar aprendendo, de modo a se adaptar cr\u00edtica e criativamente \u00e0s novas condi\u00e7\u00f5es de ocupa\u00e7\u00e3o ou aperfei\u00e7oamento posteriores.<\/li><li class=\"Fonte_texto_corpo\">O aprimoramento do educando como pessoa, incluindo a forma\u00e7\u00e3o \u00e9tica e o desenvolvimento da autonomia intelectual e do pensamento cr\u00edtico.<\/li><li class=\"Fonte_texto_corpo\">Adquirir conhecimentos que constituem o patrim\u00f4nio cultural da humanidade.<\/li><li class=\"Fonte_texto_corpo\">A compreens\u00e3o dos fundamentos cient\u00edfico-tecnol\u00f3gicos dos processos produtivos, relacionando a teoria com a pr\u00e1tica, no ensino de cada disciplina.<\/li><li class=\"Fonte_texto_corpo\">Desenvolvimento psicomotor e afetivo.<\/li><\/ul><p class=\"Fonte_texto_corpo\">Temos como indicadores:<\/p><ul><li class=\"Fonte_texto_corpo\">Argui\u00e7\u00e3o cient\u00edfica.<\/li><li class=\"Fonte_texto_corpo\">Iniciativa e curiosidade.<\/li><li class=\"Fonte_texto_corpo\">Autonomia intelectual.<\/li><li class=\"Fonte_texto_corpo\">Conduta participativa.<\/li><li class=\"Fonte_texto_corpo\">Flu\u00eancia e argumenta\u00e7\u00e3o de ideias.<\/li><li class=\"Fonte_texto_corpo\">Flexibilidade \u201coriginalidade de pensamento.<\/li><li class=\"Fonte_texto_corpo\">Op\u00e7\u00e3o profissional consciente.<\/li><li class=\"Fonte_texto_corpo\">Atitude cr\u00edtica frente a realidade.<\/li><li class=\"Fonte_texto_corpo\">Viv\u00eancia da solidariedade.<\/li><li class=\"Fonte_texto_corpo\">Capacidade de dialogar abertamente.<\/li><li class=\"Fonte_texto_corpo\">Abertura ao Transcendente.<\/li><\/ul>\t\t\t\t\t\t\t\t<\/div>\n\t\t\t\t<\/div>\n\t\t<div class=\"elementor-element elementor-element-9109a35 e-con-full e-flex elementor-invisible e-con e-child\" data-id=\"9109a35\" data-element_type=\"container\" data-e-type=\"container\" data-settings=\"{&quot;animation&quot;:&quot;fadeInUp&quot;}\">\n\t\t<div class=\"elementor-element elementor-element-feb9a58 e-con-full e-flex e-con e-child\" data-id=\"feb9a58\" data-element_type=\"container\" data-e-type=\"container\">\n\t\t\t\t<div class=\"elementor-element elementor-element-f550f53 elementor-widget elementor-widget-heading\" data-id=\"f550f53\" data-element_type=\"widget\" data-e-type=\"widget\" data-widget_type=\"heading.default\">\n\t\t\t\t<div class=\"elementor-widget-container\">\n\t\t\t\t\t<h3 class=\"elementor-heading-title elementor-size-default\">Coordenadora da Etapa<\/h3>\t\t\t\t<\/div>\n\t\t\t\t<\/div>\n\t\t<div class=\"elementor-element elementor-element-cf76298 e-con-full e-flex e-con e-child\" data-id=\"cf76298\" data-element_type=\"container\" data-e-type=\"container\">\n\t\t\t\t<div class=\"elementor-element elementor-element-99a59b4 elementor-widget elementor-widget-text-editor\" data-id=\"99a59b4\" data-element_type=\"widget\" data-e-type=\"widget\" data-settings=\"{&quot;_animation&quot;:&quot;none&quot;}\" data-widget_type=\"text-editor.default\">\n\t\t\t\t<div class=\"elementor-widget-container\">\n\t\t\t\t\t\t\t\t\t<p>Simone Gimenes<\/p><p>simone.gimenes@redeicm.org.br<\/p>\t\t\t\t\t\t\t\t<\/div>\n\t\t\t\t<\/div>\n\t\t\t\t<\/div>\n\t\t\t\t<\/div>\n\t\t<div class=\"elementor-element elementor-element-067c6ca e-con-full e-flex e-con e-child\" data-id=\"067c6ca\" data-element_type=\"container\" data-e-type=\"container\">\n\t\t\t\t<div class=\"elementor-element elementor-element-ceca18a elementor-widget elementor-widget-heading\" data-id=\"ceca18a\" data-element_type=\"widget\" data-e-type=\"widget\" data-widget_type=\"heading.default\">\n\t\t\t\t<div class=\"elementor-widget-container\">\n\t\t\t\t\t<h3 class=\"elementor-heading-title elementor-size-default\">Orientadora Educacional <\/h3>\t\t\t\t<\/div>\n\t\t\t\t<\/div>\n\t\t<div class=\"elementor-element elementor-element-cbc9dc0 e-con-full e-flex e-con e-child\" data-id=\"cbc9dc0\" data-element_type=\"container\" data-e-type=\"container\" data-settings=\"{&quot;background_background&quot;:&quot;classic&quot;}\">\n\t\t\t\t<div class=\"elementor-element elementor-element-55bc14a elementor-widget elementor-widget-text-editor\" data-id=\"55bc14a\" data-element_type=\"widget\" data-e-type=\"widget\" data-settings=\"{&quot;_animation&quot;:&quot;none&quot;}\" data-widget_type=\"text-editor.default\">\n\t\t\t\t<div class=\"elementor-widget-container\">\n\t\t\t\t\t\t\t\t\t<p>Ananda Jung<\/p><p>ananda.jung@colegiomaededeus.com.br<\/p>\t\t\t\t\t\t\t\t<\/div>\n\t\t\t\t<\/div>\n\t\t\t\t<\/div>\n\t\t\t\t<\/div>\n\t\t\t\t<\/div>\n\t\t\t\t\t<\/div>\n\t\t\t\t<\/div>\n\t\t<div class=\"elementor-element elementor-element-6a8d61c e-flex e-con-boxed e-con e-child\" data-id=\"6a8d61c\" data-element_type=\"container\" data-e-type=\"container\">\n\t\t\t\t\t<div class=\"e-con-inner\">\n\t\t<div class=\"elementor-element elementor-element-67c59b3 e-con-full elementor-hidden-desktop elementor-hidden-tablet elementor-hidden-mobile e-flex elementor-invisible e-con e-child\" data-id=\"67c59b3\" data-element_type=\"container\" data-e-type=\"container\" data-settings=\"{&quot;animation&quot;:&quot;fadeInUp&quot;}\">\n\t\t\t\t<div class=\"elementor-element elementor-element-ac166d4 elementor-widget elementor-widget-heading\" data-id=\"ac166d4\" data-element_type=\"widget\" data-e-type=\"widget\" data-widget_type=\"heading.default\">\n\t\t\t\t<div class=\"elementor-widget-container\">\n\t\t\t\t\t<h3 class=\"elementor-heading-title elementor-size-default\">Orientadora Educacional<\/h3>\t\t\t\t<\/div>\n\t\t\t\t<\/div>\n\t\t<div class=\"elementor-element elementor-element-4792891 e-con-full e-flex e-con e-child\" data-id=\"4792891\" data-element_type=\"container\" data-e-type=\"container\">\n\t\t\t\t<div class=\"elementor-element elementor-element-59d4296 elementor-widget elementor-widget-text-editor\" data-id=\"59d4296\" data-element_type=\"widget\" data-e-type=\"widget\" data-settings=\"{&quot;_animation&quot;:&quot;none&quot;}\" data-widget_type=\"text-editor.default\">\n\t\t\t\t<div class=\"elementor-widget-container\">\n\t\t\t\t\t\t\t\t\t<p>Ananda Jung<\/p><p>ananda.jung@colegiomaededeus.com.br<\/p>\t\t\t\t\t\t\t\t<\/div>\n\t\t\t\t<\/div>\n\t\t\t\t<\/div>\n\t\t\t\t<\/div>\n\t\t\t\t\t<\/div>\n\t\t\t\t<\/div>\n\t\t\t\t<\/div>\n\t\t\t\t<\/div>\n\t\t","protected":false},"excerpt":{"rendered":"<p>O Ensino M\u00e9dio\u00a0do Col\u00e9gio busca: Aprofundar e consolidar os conhecimentos, habilidades e valores adquiridos no decorrer do Ensino Fundamental. A prepara\u00e7\u00e3o b\u00e1sica para o trabalho e a cidadania do educando, para continuar aprendendo, de modo a se adaptar cr\u00edtica e criativamente \u00e0s novas condi\u00e7\u00f5es de ocupa\u00e7\u00e3o ou aperfei\u00e7oamento posteriores. O aprimoramento do educando como pessoa, [&hellip;]<\/p>\n","protected":false},"author":1,"featured_media":121,"parent":0,"menu_order":0,"comment_status":"closed","ping_status":"closed","template":"","meta":{"_acf_changed":false,"footnotes":""},"class_list":["post-118","page","type-page","status-publish","has-post-thumbnail","hentry"],"acf":[],"yoast_head":"<!-- This site is optimized with the Yoast SEO plugin v26.3 - https:\/\/yoast.com\/wordpress\/plugins\/seo\/ -->\n<title>Ensino M\u00e9dio - Col\u00e9gio M\u00e3e de Deus | Rede ICM de educa\u00e7\u00e3o<\/title>\n<meta name=\"robots\" content=\"index, follow, max-snippet:-1, max-image-preview:large, max-video-preview:-1\" \/>\n<link rel=\"canonical\" href=\"https:\/\/redeicm.org.br\/maededeus\/ensino-medio\/\" \/>\n<meta property=\"og:locale\" content=\"pt_BR\" \/>\n<meta property=\"og:type\" content=\"article\" \/>\n<meta property=\"og:title\" content=\"Ensino M\u00e9dio - Col\u00e9gio M\u00e3e de Deus | Rede ICM de educa\u00e7\u00e3o\" \/>\n<meta property=\"og:description\" content=\"O Ensino M\u00e9dio\u00a0do Col\u00e9gio busca: Aprofundar e consolidar os conhecimentos, habilidades e valores adquiridos no decorrer do Ensino Fundamental. A prepara\u00e7\u00e3o b\u00e1sica para o trabalho e a cidadania do educando, para continuar aprendendo, de modo a se adaptar cr\u00edtica e criativamente \u00e0s novas condi\u00e7\u00f5es de ocupa\u00e7\u00e3o ou aperfei\u00e7oamento posteriores. O aprimoramento do educando como pessoa, [&hellip;]\" \/>\n<meta property=\"og:url\" content=\"https:\/\/redeicm.org.br\/maededeus\/ensino-medio\/\" \/>\n<meta property=\"og:site_name\" content=\"Col\u00e9gio M\u00e3e de Deus | Rede ICM de educa\u00e7\u00e3o\" \/>\n<meta property=\"article:modified_time\" content=\"2025-09-05T14:27:07+00:00\" \/>\n<meta property=\"og:image\" content=\"https:\/\/redeicm.org.br\/maededeus\/wp-content\/uploads\/sites\/8\/2024\/08\/banner-ensino-medio.jpg\" \/>\n\t<meta property=\"og:image:width\" content=\"1440\" \/>\n\t<meta property=\"og:image:height\" content=\"401\" \/>\n\t<meta property=\"og:image:type\" content=\"image\/jpeg\" \/>\n<meta name=\"twitter:card\" content=\"summary_large_image\" \/>\n<meta name=\"twitter:label1\" content=\"Est. tempo de leitura\" \/>\n\t<meta name=\"twitter:data1\" content=\"2 minutos\" \/>\n<script type=\"application\/ld+json\" class=\"yoast-schema-graph\">{\"@context\":\"https:\/\/schema.org\",\"@graph\":[{\"@type\":\"WebPage\",\"@id\":\"https:\/\/redeicm.org.br\/maededeus\/ensino-medio\/\",\"url\":\"https:\/\/redeicm.org.br\/maededeus\/ensino-medio\/\",\"name\":\"Ensino M\u00e9dio - Col\u00e9gio M\u00e3e de Deus | Rede ICM de educa\u00e7\u00e3o\",\"isPartOf\":{\"@id\":\"https:\/\/redeicm.org.br\/maededeus\/#website\"},\"primaryImageOfPage\":{\"@id\":\"https:\/\/redeicm.org.br\/maededeus\/ensino-medio\/#primaryimage\"},\"image\":{\"@id\":\"https:\/\/redeicm.org.br\/maededeus\/ensino-medio\/#primaryimage\"},\"thumbnailUrl\":\"https:\/\/redeicm.org.br\/maededeus\/wp-content\/uploads\/sites\/8\/2024\/08\/banner-ensino-medio.jpg\",\"datePublished\":\"2024-08-14T18:53:29+00:00\",\"dateModified\":\"2025-09-05T14:27:07+00:00\",\"breadcrumb\":{\"@id\":\"https:\/\/redeicm.org.br\/maededeus\/ensino-medio\/#breadcrumb\"},\"inLanguage\":\"pt-BR\",\"potentialAction\":[{\"@type\":\"ReadAction\",\"target\":[\"https:\/\/redeicm.org.br\/maededeus\/ensino-medio\/\"]}]},{\"@type\":\"ImageObject\",\"inLanguage\":\"pt-BR\",\"@id\":\"https:\/\/redeicm.org.br\/maededeus\/ensino-medio\/#primaryimage\",\"url\":\"https:\/\/redeicm.org.br\/maededeus\/wp-content\/uploads\/sites\/8\/2024\/08\/banner-ensino-medio.jpg\",\"contentUrl\":\"https:\/\/redeicm.org.br\/maededeus\/wp-content\/uploads\/sites\/8\/2024\/08\/banner-ensino-medio.jpg\",\"width\":1440,\"height\":401},{\"@type\":\"BreadcrumbList\",\"@id\":\"https:\/\/redeicm.org.br\/maededeus\/ensino-medio\/#breadcrumb\",\"itemListElement\":[{\"@type\":\"ListItem\",\"position\":1,\"name\":\"In\u00edcio\",\"item\":\"https:\/\/redeicm.org.br\/maededeus\/\"},{\"@type\":\"ListItem\",\"position\":2,\"name\":\"Ensino M\u00e9dio\"}]},{\"@type\":\"WebSite\",\"@id\":\"https:\/\/redeicm.org.br\/maededeus\/#website\",\"url\":\"https:\/\/redeicm.org.br\/maededeus\/\",\"name\":\"Col\u00e9gio M\u00e3e de Deus | Rede ICM de educa\u00e7\u00e3o\",\"description\":\"\",\"publisher\":{\"@id\":\"https:\/\/redeicm.org.br\/maededeus\/#organization\"},\"potentialAction\":[{\"@type\":\"SearchAction\",\"target\":{\"@type\":\"EntryPoint\",\"urlTemplate\":\"https:\/\/redeicm.org.br\/maededeus\/?s={search_term_string}\"},\"query-input\":{\"@type\":\"PropertyValueSpecification\",\"valueRequired\":true,\"valueName\":\"search_term_string\"}}],\"inLanguage\":\"pt-BR\"},{\"@type\":\"Organization\",\"@id\":\"https:\/\/redeicm.org.br\/maededeus\/#organization\",\"name\":\"Col\u00e9gio M\u00e3e de Deus | Rede ICM de educa\u00e7\u00e3o\",\"url\":\"https:\/\/redeicm.org.br\/maededeus\/\",\"logo\":{\"@type\":\"ImageObject\",\"inLanguage\":\"pt-BR\",\"@id\":\"https:\/\/redeicm.org.br\/maededeus\/#\/schema\/logo\/image\/\",\"url\":\"https:\/\/redeicm.org.br\/maededeus\/wp-content\/uploads\/sites\/8\/2024\/08\/icm_educacao_mae_de_deus_preferencial_coares.webp\",\"contentUrl\":\"https:\/\/redeicm.org.br\/maededeus\/wp-content\/uploads\/sites\/8\/2024\/08\/icm_educacao_mae_de_deus_preferencial_coares.webp\",\"width\":493,\"height\":185,\"caption\":\"Col\u00e9gio M\u00e3e de Deus | Rede ICM de educa\u00e7\u00e3o\"},\"image\":{\"@id\":\"https:\/\/redeicm.org.br\/maededeus\/#\/schema\/logo\/image\/\"}}]}<\/script>\n<!-- \/ Yoast SEO plugin. -->","yoast_head_json":{"title":"Ensino M\u00e9dio - Col\u00e9gio M\u00e3e de Deus | Rede ICM de educa\u00e7\u00e3o","robots":{"index":"index","follow":"follow","max-snippet":"max-snippet:-1","max-image-preview":"max-image-preview:large","max-video-preview":"max-video-preview:-1"},"canonical":"https:\/\/redeicm.org.br\/maededeus\/ensino-medio\/","og_locale":"pt_BR","og_type":"article","og_title":"Ensino M\u00e9dio - Col\u00e9gio M\u00e3e de Deus | Rede ICM de educa\u00e7\u00e3o","og_description":"O Ensino M\u00e9dio\u00a0do Col\u00e9gio busca: Aprofundar e consolidar os conhecimentos, habilidades e valores adquiridos no decorrer do Ensino Fundamental. A prepara\u00e7\u00e3o b\u00e1sica para o trabalho e a cidadania do educando, para continuar aprendendo, de modo a se adaptar cr\u00edtica e criativamente \u00e0s novas condi\u00e7\u00f5es de ocupa\u00e7\u00e3o ou aperfei\u00e7oamento posteriores. O aprimoramento do educando como pessoa, [&hellip;]","og_url":"https:\/\/redeicm.org.br\/maededeus\/ensino-medio\/","og_site_name":"Col\u00e9gio M\u00e3e de Deus | Rede ICM de educa\u00e7\u00e3o","article_modified_time":"2025-09-05T14:27:07+00:00","og_image":[{"width":1440,"height":401,"url":"https:\/\/redeicm.org.br\/maededeus\/wp-content\/uploads\/sites\/8\/2024\/08\/banner-ensino-medio.jpg","type":"image\/jpeg"}],"twitter_card":"summary_large_image","twitter_misc":{"Est. tempo de leitura":"2 minutos"},"schema":{"@context":"https:\/\/schema.org","@graph":[{"@type":"WebPage","@id":"https:\/\/redeicm.org.br\/maededeus\/ensino-medio\/","url":"https:\/\/redeicm.org.br\/maededeus\/ensino-medio\/","name":"Ensino M\u00e9dio - Col\u00e9gio M\u00e3e de Deus | Rede ICM de educa\u00e7\u00e3o","isPartOf":{"@id":"https:\/\/redeicm.org.br\/maededeus\/#website"},"primaryImageOfPage":{"@id":"https:\/\/redeicm.org.br\/maededeus\/ensino-medio\/#primaryimage"},"image":{"@id":"https:\/\/redeicm.org.br\/maededeus\/ensino-medio\/#primaryimage"},"thumbnailUrl":"https:\/\/redeicm.org.br\/maededeus\/wp-content\/uploads\/sites\/8\/2024\/08\/banner-ensino-medio.jpg","datePublished":"2024-08-14T18:53:29+00:00","dateModified":"2025-09-05T14:27:07+00:00","breadcrumb":{"@id":"https:\/\/redeicm.org.br\/maededeus\/ensino-medio\/#breadcrumb"},"inLanguage":"pt-BR","potentialAction":[{"@type":"ReadAction","target":["https:\/\/redeicm.org.br\/maededeus\/ensino-medio\/"]}]},{"@type":"ImageObject","inLanguage":"pt-BR","@id":"https:\/\/redeicm.org.br\/maededeus\/ensino-medio\/#primaryimage","url":"https:\/\/redeicm.org.br\/maededeus\/wp-content\/uploads\/sites\/8\/2024\/08\/banner-ensino-medio.jpg","contentUrl":"https:\/\/redeicm.org.br\/maededeus\/wp-content\/uploads\/sites\/8\/2024\/08\/banner-ensino-medio.jpg","width":1440,"height":401},{"@type":"BreadcrumbList","@id":"https:\/\/redeicm.org.br\/maededeus\/ensino-medio\/#breadcrumb","itemListElement":[{"@type":"ListItem","position":1,"name":"In\u00edcio","item":"https:\/\/redeicm.org.br\/maededeus\/"},{"@type":"ListItem","position":2,"name":"Ensino M\u00e9dio"}]},{"@type":"WebSite","@id":"https:\/\/redeicm.org.br\/maededeus\/#website","url":"https:\/\/redeicm.org.br\/maededeus\/","name":"Col\u00e9gio M\u00e3e de Deus | Rede ICM de educa\u00e7\u00e3o","description":"","publisher":{"@id":"https:\/\/redeicm.org.br\/maededeus\/#organization"},"potentialAction":[{"@type":"SearchAction","target":{"@type":"EntryPoint","urlTemplate":"https:\/\/redeicm.org.br\/maededeus\/?s={search_term_string}"},"query-input":{"@type":"PropertyValueSpecification","valueRequired":true,"valueName":"search_term_string"}}],"inLanguage":"pt-BR"},{"@type":"Organization","@id":"https:\/\/redeicm.org.br\/maededeus\/#organization","name":"Col\u00e9gio M\u00e3e de Deus | Rede ICM de educa\u00e7\u00e3o","url":"https:\/\/redeicm.org.br\/maededeus\/","logo":{"@type":"ImageObject","inLanguage":"pt-BR","@id":"https:\/\/redeicm.org.br\/maededeus\/#\/schema\/logo\/image\/","url":"https:\/\/redeicm.org.br\/maededeus\/wp-content\/uploads\/sites\/8\/2024\/08\/icm_educacao_mae_de_deus_preferencial_coares.webp","contentUrl":"https:\/\/redeicm.org.br\/maededeus\/wp-content\/uploads\/sites\/8\/2024\/08\/icm_educacao_mae_de_deus_preferencial_coares.webp","width":493,"height":185,"caption":"Col\u00e9gio M\u00e3e de Deus | Rede ICM de educa\u00e7\u00e3o"},"image":{"@id":"https:\/\/redeicm.org.br\/maededeus\/#\/schema\/logo\/image\/"}}]}},"_links":{"self":[{"href":"https:\/\/redeicm.org.br\/maededeus\/wp-json\/wp\/v2\/pages\/118","targetHints":{"allow":["GET"]}}],"collection":[{"href":"https:\/\/redeicm.org.br\/maededeus\/wp-json\/wp\/v2\/pages"}],"about":[{"href":"https:\/\/redeicm.org.br\/maededeus\/wp-json\/wp\/v2\/types\/page"}],"author":[{"embeddable":true,"href":"https:\/\/redeicm.org.br\/maededeus\/wp-json\/wp\/v2\/users\/1"}],"replies":[{"embeddable":true,"href":"https:\/\/redeicm.org.br\/maededeus\/wp-json\/wp\/v2\/comments?post=118"}],"version-history":[{"count":24,"href":"https:\/\/redeicm.org.br\/maededeus\/wp-json\/wp\/v2\/pages\/118\/revisions"}],"predecessor-version":[{"id":2698,"href":"https:\/\/redeicm.org.br\/maededeus\/wp-json\/wp\/v2\/pages\/118\/revisions\/2698"}],"wp:featuredmedia":[{"embeddable":true,"href":"https:\/\/redeicm.org.br\/maededeus\/wp-json\/wp\/v2\/media\/121"}],"wp:attachment":[{"href":"https:\/\/redeicm.org.br\/maededeus\/wp-json\/wp\/v2\/media?parent=118"}],"curies":[{"name":"wp","href":"https:\/\/api.w.org\/{rel}","templated":true}]}}