{"id":8640,"date":"2025-07-04T12:15:30","date_gmt":"2025-07-04T15:15:30","guid":{"rendered":"https:\/\/redeicm.org.br\/madreimilda\/?page_id=8640"},"modified":"2025-07-04T12:18:13","modified_gmt":"2025-07-04T15:18:13","slug":"politica-de-privacidade","status":"publish","type":"page","link":"https:\/\/redeicm.org.br\/madreimilda\/politica-de-privacidade\/","title":{"rendered":"Pol\u00edtica de Privacidade"},"content":{"rendered":"\t\t<div data-elementor-type=\"wp-page\" data-elementor-id=\"8640\" class=\"elementor elementor-8640\" data-elementor-post-type=\"page\">\n\t\t\t\t<div class=\"elementor-element elementor-element-dab7717 e-flex e-con-boxed e-con e-parent\" data-id=\"dab7717\" data-element_type=\"container\" data-e-type=\"container\" data-settings=\"{&quot;background_background&quot;:&quot;classic&quot;}\">\n\t\t\t\t\t<div class=\"e-con-inner\">\n\t\t\t\t<div class=\"elementor-element elementor-element-36101fd elementor-widget elementor-widget-heading\" data-id=\"36101fd\" data-element_type=\"widget\" data-e-type=\"widget\" data-widget_type=\"heading.default\">\n\t\t\t\t<div class=\"elementor-widget-container\">\n\t\t\t\t\t<h1 class=\"elementor-heading-title elementor-size-default\">Pol\u00edtica de Privacidade<\/h1>\t\t\t\t<\/div>\n\t\t\t\t<\/div>\n\t\t\t\t\t<\/div>\n\t\t\t\t<\/div>\n\t\t<div class=\"elementor-element elementor-element-7cae91a e-con-full e-flex e-con e-parent\" data-id=\"7cae91a\" data-element_type=\"container\" data-e-type=\"container\">\n\t\t<div class=\"elementor-element elementor-element-0078c57 e-flex e-con-boxed e-con e-child\" data-id=\"0078c57\" data-element_type=\"container\" data-e-type=\"container\">\n\t\t\t\t\t<div class=\"e-con-inner\">\n\t\t\t\t<div class=\"elementor-element elementor-element-4fd0ac6 elementor-invisible elementor-widget elementor-widget-text-editor\" data-id=\"4fd0ac6\" data-element_type=\"widget\" data-e-type=\"widget\" data-settings=\"{&quot;_animation&quot;:&quot;fadeInUp&quot;}\" data-widget_type=\"text-editor.default\">\n\t\t\t\t<div class=\"elementor-widget-container\">\n\t\t\t\t\t\t\t\t\t<p><strong>POL\u00cdTICA DE PRIVACIDADE \u2013 SITES DA REDE ICM DE EDUCA\u00c7\u00c3O E ASSIST\u00caNCIA SOCIAL<\/strong><\/p>\t\t\t\t\t\t\t\t<\/div>\n\t\t\t\t<\/div>\n\t\t\t\t\t<\/div>\n\t\t\t\t<\/div>\n\t\t\t\t<\/div>\n\t\t<div class=\"elementor-element elementor-element-1f807f2 e-con-full e-flex e-con e-parent\" data-id=\"1f807f2\" data-element_type=\"container\" data-e-type=\"container\">\n\t\t<div class=\"elementor-element elementor-element-8a71fd8 e-flex e-con-boxed e-con e-child\" data-id=\"8a71fd8\" data-element_type=\"container\" data-e-type=\"container\">\n\t\t\t\t\t<div class=\"e-con-inner\">\n\t\t\t\t<div class=\"elementor-element elementor-element-5694e18 elementor-invisible elementor-widget elementor-widget-text-editor\" data-id=\"5694e18\" data-element_type=\"widget\" data-e-type=\"widget\" data-settings=\"{&quot;_animation&quot;:&quot;fadeInUp&quot;}\" data-widget_type=\"text-editor.default\">\n\t\t\t\t<div class=\"elementor-widget-container\">\n\t\t\t\t\t\t\t\t\t<p><strong>INFORMA\u00c7\u00d5ES GERAIS E DEFINI\u00c7\u00d5ES<\/strong><\/p><p>A Sociedade Educa\u00e7\u00e3o e Caridade \u2013 REDE ICM, personifica\u00e7\u00e3o Jur\u00eddica da Rede ICM de Educa\u00e7\u00e3o e Assist\u00eancia Social, valoriza a privacidade de seus usu\u00e1rios e criou esta Pol\u00edtica de Privacidade para demonstrar seu compromisso em proteger a sua privacidade e seus dados pessoais, nos termos da Lei Geral de Prote\u00e7\u00e3o de Dados (LGPD) \u2013 Lei N\u00ba 13.709\/2018, e demais leis sobre o tema, bem como descrever de que forma sua privacidade \u00e9 protegida ao coletar, tratar e armazenar suas informa\u00e7\u00f5es pessoais.<\/p><p>\u00a0<\/p><p><strong>DIREITO \u00c0 PRIVACIDADE<\/strong><\/p><p>A privacidade \u00e9 um dos direitos mais importantes para o indiv\u00edduo, est\u00e1 protegida pela lei brasileira e consiste na habilidade que este tem de controlar a exposi\u00e7\u00e3o de informa\u00e7\u00f5es sobre sua vida pessoal, sua intimidade, bem como a disponibilidade de dados sobre si mesmo, de retificar, ratificar ou apagar estes e de proteger a confidencialidade de suas comunica\u00e7\u00f5es, seu domic\u00edlio, sua imagem, honra e reputa\u00e7\u00e3o perante terceiros.<\/p><p>Quando voc\u00ea aceita essa Pol\u00edtica de Privacidade, confere sua livre e expressa concord\u00e2ncia com os termos aqui estipulados, diretamente e\/ou por meio de seu respons\u00e1vel legal, que deve estar ciente tamb\u00e9m das regras aqui estabelecidas.<\/p><p>\u00a0<\/p><p><strong>COMO ENTRAR EM CONTATO<\/strong><\/p><p>Caso tenha alguma d\u00favida relacionada a esta Pol\u00edtica de Privacidade e coleta, tratamento e armazenamento de dados ou deseje entrar em contato por outro motivo, acesse a \u00e1rea \u201cFale Conosco\u201d que aparece no nosso Portal\u00a0 www.redeicm.org.br, preencha o formul\u00e1rio com a sua d\u00favida que o encarregado de prote\u00e7\u00e3o de dados da organiza\u00e7\u00e3o entrar\u00e1 em contato o mais breve poss\u00edvel.<\/p><p>DPO \/ Encarregado : Vitor Kodama<br \/>Email: lgpd@redeicm.org.br<\/p><p>\u00a0<\/p><p><strong>APLICA\u00c7\u00c3O<\/strong><\/p><p>Esta Pol\u00edtica ser\u00e1 aplicada todas as vezes que voc\u00ea acessar e\/ou interagir com algum dos Portais\/LandPages da REDE ICM ou com outros ambientes que possam recepcionar seus dados, tais como formul\u00e1rios preenchidos e entregues para a Institui\u00e7\u00e3o, assim como toda a documenta\u00e7\u00e3o administrativa e abranger\u00e1 todas as funcionalidades disponibilizadas neste. No caso de servi\u00e7os ofertados pela Institui\u00e7\u00e3o em outras plataformas, esta Pol\u00edtica ser\u00e1 aplicada de modo complementar ao da pr\u00f3pria plataforma.<\/p><p>\u00a0<\/p><p><strong>INFORMA\u00c7\u00d5ES QUE COLETAMOS<\/strong><\/p><p>Voc\u00ea n\u00e3o \u00e9 obrigado a fornecer qualquer informa\u00e7\u00e3o pessoal a fim de visitar nosso Portal\/LandPages ou visualizar certos recursos dispon\u00edveis no mesmo, todavia poderemos disponibilizar o cadastro em nosso mailing list, a fim de cientific\u00e1-lo acerca das informa\u00e7\u00f5es ligadas a Rede ICM de Educa\u00e7\u00e3o e Assist\u00eancia Social.<\/p><p>Coleta autom\u00e1tica de dados. Tendo ou n\u00e3o se cadastrado em nosso Portal\/LandPages, coletaremos dados enquanto voc\u00ea navega pelo site, dados esses que n\u00e3o te identificam pessoalmente, como velocidade de conex\u00e3o, endere\u00e7o de IP, localiza\u00e7\u00e3o geogr\u00e1fica, etc. Esses dados permanecer\u00e3o em nossa base por prazo indeterminado, a menos que voc\u00ea pe\u00e7a a exclus\u00e3o.<\/p><p>\u00a0<\/p><p><strong>FINALIDADE DOS CAMPOS COLETADOS<\/strong><\/p><p>A coleta de dados sens\u00edveis \u00e9 imprescind\u00edvel para uma melhor comunica\u00e7\u00e3o com o usu\u00e1rio.<\/p><p>Em nossos formul\u00e1rios, presentes em nossos Portais coletamos os campos:<\/p><ul><li>Nome;<\/li><li>E-mail;<\/li><\/ul><p>Para permitir uma comunica\u00e7\u00e3o adequada com o usu\u00e1rio afim de retornar com qualidade o seu contato.<\/p><p>Em nossas LandPages de Matr\u00edculas coletamos os campos:<\/p><ul><li>Turno de Visita\u00e7\u00e3o (para adequar o futuro agendamento de visita do usu\u00e1rio a uma de nossas Unidades);<\/li><li>Nome, e-mail e telefone do Respons\u00e1vel (meios para entrar em contato com o usu\u00e1rio afim de agendar uma visita a uma de nossas Unidades);<\/li><li>Nome, data de nascimento e ano a ser cursado do candidato (para agilizar e personalizar o atendimento para futuro agendamento em uma de nossas Unidades). Caso o candidato seja menor de idade \u00e9 necess\u00e1rio que voc\u00ea seja respons\u00e1vel legal por ele, consentindo expressamente da coleta, neste caso, algum encarregado de dados do REDE ICM poder\u00e1 entrar em contato confirmando os dados, caso haja alguma inconsist\u00eancia de informa\u00e7\u00e3o.<\/li><\/ul><p>\u00a0<\/p><p><strong>PROP\u00d3SITO DA COLETA, USO E ARMAZENAMENTO DAS INFORMA\u00c7\u00d5ES DO USU\u00c1RIO<\/strong><\/p><p>Os prop\u00f3sitos da coleta, uso e armazenamento das suas informa\u00e7\u00f5es como usu\u00e1rio dos Portais\/LandPages da REDE ICM s\u00e3o:<\/p><ul><li>atender adequadamente \u00e0s solicita\u00e7\u00f5es e d\u00favidas dos usu\u00e1rios;<\/li><li>mant\u00ea-las, para fins de guarda como acervo permanente da Institui\u00e7\u00e3o para registro das atividades educacionais e acad\u00eamicas;<\/li><li>contribuir para melhorias cont\u00ednuas das plataformas e dos servi\u00e7os educacionais prestados pela REDE ICM, notadamente quanto \u00e0 usabilidade, navegabilidade e interatividade, sempre buscando melhores experi\u00eancias para os usu\u00e1rios;<\/li><li>manter atualizados os cadastros dos seus dados para fins de contato por telefone fixo, celular, E-mail, SMS, E-mail Marketing, redes sociais ou por outros meios de comunica\u00e7\u00e3o existentes;<\/li><li>efetuar estat\u00edsticas, estudos, pesquisas e levantamento pertinentes \u00e0 atividade de ensino mediante o comportamento dos usu\u00e1rios;<\/li><li>promover os servi\u00e7os da Institui\u00e7\u00e3o e seus parceiros, al\u00e9m de informar sobre novidades, conte\u00fados e demais informa\u00e7\u00f5es relevantes para a manuten\u00e7\u00e3o do relacionamento com a Institui\u00e7\u00e3o;<\/li><li>colaborar e\/ou cumprir ordem judicial ou requisi\u00e7\u00e3o por autoridade.<\/li><\/ul><p>A base de dados formada por meio da coleta de dados nos Portais\/LandPages da REDE ICM \u00e9 de propriedade e responsabilidade da Institui\u00e7\u00e3o e n\u00e3o ser\u00e1 comercializada e\/ou alugada para terceiros, sendo seu acesso ou compartilhamento, quando necess\u00e1rios, feitos dentro dos limites e prop\u00f3sitos educacionais e acad\u00eamicos, inclusive fornecedores e parceiros para consecu\u00e7\u00e3o dos servi\u00e7os contratados. Internamente, os dados poder\u00e3o ser acessados por profissionais devidamente autorizados pela REDE ICM, respeitando os princ\u00edpios de proporcionalidade e necessidade, relev\u00e2ncia para os objetivos e prop\u00f3sitos educacionais e acad\u00eamicos, tal qual o compromisso de confidencialidade e preserva\u00e7\u00e3o da privacidade.<\/p><p>\u00a0<\/p><p><strong>GEST\u00c3O E SEGURAN\u00c7A DAS INFORMA\u00c7\u00d5ES DO USU\u00c1RIO<\/strong><\/p><p>Seus dados s\u00e3o obtidos por meio da efetiva\u00e7\u00e3o de seu v\u00ednculo com a Institui\u00e7\u00e3o, quando voc\u00ea insere as suas informa\u00e7\u00f5es voluntariamente, por meio de ferramentas de coleta de dados de acesso e navega\u00e7\u00e3o existentes em algum dos nossos Portais e Landpages.<\/p><p>A Rede ICM n\u00e3o \u00e9 respons\u00e1vel pela veracidade ou falta dela nas informa\u00e7\u00f5es prestadas por seus usu\u00e1rios ou pela desatualiza\u00e7\u00e3o destas, sendo responsabilidade do usu\u00e1rio atualiz\u00e1-las. Os dados coletados s\u00e3o armazenados utilizando as melhores pr\u00e1ticas em seguran\u00e7a da informa\u00e7\u00e3o.<\/p><p>Voc\u00ea est\u00e1 ciente de que os seus dados obtidos por um dos sites da Rede ICM poder\u00e3o ser armazenados em servidor pr\u00f3prio ou de terceiro contratado para este fim, sejam eles alocados no Brasil ou fora do pa\u00eds.<\/p><p>\u00a0<\/p><p><strong>QUAIS TIPOS DE COOKIES QUE UTILIZAMOS?<\/strong><\/p><p>Cookies s\u00e3o arquivos criados pelos sites que, enquanto voc\u00ea navega na internet, s\u00e3o armazenados em seu navegador e ajudam a personalizar seu acesso.<\/p><p>Cookies de prefer\u00eancias \u2013 Estes cookies permitem que nossos sites lembrem informa\u00e7\u00f5es que mudam a forma como o site se comporta ou \u00e9 exibido, como o idioma preferido ou a regi\u00e3o em que o usu\u00e1rio est\u00e1.<\/p><p>Cookies de sess\u00e3o \u2013 Estes cookies s\u00e3o usados \u201cna sess\u00e3o\u201d, a cada vez que voc\u00ea visita, e expiram em seguida, quando voc\u00ea deixa um site ou logo depois. N\u00e3o s\u00e3o armazenados no seu dispositivo permanentemente, n\u00e3o cont\u00eam dados pessoais e ajudam a minimizar a necessidade de transferir dados pessoais pela internet. Esses cookies podem ser exclu\u00eddos ou voc\u00ea pode se recusar a permitir o uso, mas isso prejudicar\u00e1 o desempenho e a sua experi\u00eancia no uso dos sites. Os cookies tamb\u00e9m utilizam registros de hora, que marcam quando voc\u00ea acessa e quando voc\u00ea sai de um site.<\/p><p>Cookies de rastreamento \u2013 Estes cookies permitem o reconhecimento de visitantes que retornam aos nossos sites. Ao combinar um identificador an\u00f4nimo gerado aleatoriamente, o cookie de rastreamento mant\u00e9m o controle sobre o local de onde veio o usu\u00e1rio dos nossos sites, o mecanismo de busca que pode ter usado, o link em que clicou, e sua localiza\u00e7\u00e3o geogr\u00e1fica ao acessar um site. Ao monitorar esses dados, podemos fazer melhorias em nossos sites.<\/p><p>Cookies anal\u00edticos \u2013 Cookies de desempenho s\u00e3o utilizados para analisar a forma como os sites s\u00e3o usados e para monitorar seu desempenho, o que nos permite melhorar a sua experi\u00eancia no uso dos sites. Estes cookies ajudam-nos a adaptar os conte\u00fados para refletir o que os usu\u00e1rios consideram mais interessante e identificar quando surgem problemas t\u00e9cnicos. Tamb\u00e9m podemos usar esses dados para compilar relat\u00f3rios que nos ajudam a analisar como os sites s\u00e3o utilizados, quais s\u00e3o os problemas mais comuns e como podemos melhor\u00e1-los.<\/p><p>Voc\u00ea pode desativar os cookies atrav\u00e9s das prefer\u00eancias do seu navegador. Sem eles sua navega\u00e7\u00e3o pode se tornar limitada e algumas funcionalidades dos sites podem ficar comprometidas.<\/p><p>Cookies. Ao utilizar nosso Portal\/LandPage, poderemos utilizar uma tecnologia comum no setor, chamada \u201ccookies\u201d, armazenando algumas informa\u00e7\u00f5es em seu computador, as quais possibilitam uma navega\u00e7\u00e3o personalizada ao usu\u00e1rio, ou, at\u00e9 mesmo, facilitando sua navega\u00e7\u00e3o. A maioria dos navegadores permitem que o usu\u00e1rio apague esses arquivos de seu computador, no entanto, caso o usu\u00e1rio configure seu navegador para bloquear os cookies, a experi\u00eancia de navega\u00e7\u00e3o poder\u00e1 estar prejudicada.<\/p><p>\u00a0<\/p><p><strong>COMO ALTERAR E\/OU EXCLUIR INFORMA\u00c7\u00d5ES PESSOAIS<\/strong><\/p><p>Para alterar informa\u00e7\u00f5es pessoais ou mesmo restringi-las ou exclu\u00ed-las de nosso sistema, entre em contato com a Rede ICM pelo e- mail:\u00a0<a href=\"mailto:privacidade@redeicm.org.br\">lgpd@redeicm.org.br<\/a>, ser\u00e1 realizado uma an\u00e1lise na solicita\u00e7\u00e3o e ap\u00f3s isso poder\u00e1 ser alteradas ou exclu\u00eddas as informa\u00e7\u00f5es.<\/p><p>DPO \/ Encarregado: Vitor Kodama<br \/>Email: lgpd@redeicm.org.br<\/p><p><strong>\u00a0<\/strong><\/p><p><strong>ATUALIZA\u00c7\u00d5ES<\/strong><\/p><p>A presente Pol\u00edtica de Privacidade pode passar por atualiza\u00e7\u00f5es. Dessa forma, recomendamos que visite, periodicamente, esta p\u00e1gina para que tenha conhecimento das altera\u00e7\u00f5es.<\/p><p>\u00a0<\/p><p><strong>DISPOSI\u00c7\u00d5ES FINAIS<\/strong><\/p><p>As disposi\u00e7\u00f5es constantes desta Pol\u00edtica de Privacidade est\u00e3o sujeitas \u00e0 melhoria e ao aprimoramento cont\u00ednuos e podem ser atualizadas ou modificadas a qualquer momento, de forma unilateral ou em raz\u00e3o de lei, cabendo a voc\u00ea, ou a seu respons\u00e1vel legal, caso voc\u00ea seja menor de idade, o dever de ci\u00eancia de seu teor no momento do acesso e navega\u00e7\u00e3o nos Portais\/LandPages da REDE ICM. Recomendamos que voc\u00ea realize a leitura peri\u00f3dica desta Pol\u00edtica, para fins de atualiza\u00e7\u00e3o e conhecimento de seus direitos e obriga\u00e7\u00f5es.<\/p><p>\u00a0<\/p><p>\u00a0<\/p><p>\u00a0<\/p>\t\t\t\t\t\t\t\t<\/div>\n\t\t\t\t<\/div>\n\t\t\t\t\t<\/div>\n\t\t\t\t<\/div>\n\t\t\t\t<\/div>\n\t\t\t\t<\/div>\n\t\t","protected":false},"excerpt":{"rendered":"<p>POL\u00cdTICA DE PRIVACIDADE \u2013 SITES DA REDE ICM DE EDUCA\u00c7\u00c3O E ASSIST\u00caNCIA SOCIAL INFORMA\u00c7\u00d5ES GERAIS E DEFINI\u00c7\u00d5ES A Sociedade Educa\u00e7\u00e3o e Caridade \u2013 REDE ICM, personifica\u00e7\u00e3o Jur\u00eddica da Rede ICM de Educa\u00e7\u00e3o e Assist\u00eancia Social, valoriza a privacidade de seus usu\u00e1rios e criou esta Pol\u00edtica de Privacidade para demonstrar seu compromisso em proteger a sua [&hellip;]<\/p>\n","protected":false},"author":1,"featured_media":117,"parent":0,"menu_order":0,"comment_status":"closed","ping_status":"closed","template":"","meta":{"_acf_changed":false,"footnotes":""},"class_list":["post-8640","page","type-page","status-publish","has-post-thumbnail","hentry"],"acf":[],"yoast_head":"<!-- This site is optimized with the Yoast SEO plugin v26.3 - https:\/\/yoast.com\/wordpress\/plugins\/seo\/ -->\n<title>Pol\u00edtica de Privacidade - Col\u00e9gio Madre Imilda | Rede ICM de educa\u00e7\u00e3o<\/title>\n<meta name=\"robots\" content=\"index, follow, max-snippet:-1, max-image-preview:large, max-video-preview:-1\" \/>\n<link rel=\"canonical\" href=\"https:\/\/redeicm.org.br\/madreimilda\/politica-de-privacidade\/\" \/>\n<meta property=\"og:locale\" content=\"pt_BR\" \/>\n<meta property=\"og:type\" content=\"article\" \/>\n<meta property=\"og:title\" content=\"Pol\u00edtica de Privacidade - Col\u00e9gio Madre Imilda | Rede ICM de educa\u00e7\u00e3o\" \/>\n<meta property=\"og:description\" content=\"POL\u00cdTICA DE PRIVACIDADE \u2013 SITES DA REDE ICM DE EDUCA\u00c7\u00c3O E ASSIST\u00caNCIA SOCIAL INFORMA\u00c7\u00d5ES GERAIS E DEFINI\u00c7\u00d5ES A Sociedade Educa\u00e7\u00e3o e Caridade \u2013 REDE ICM, personifica\u00e7\u00e3o Jur\u00eddica da Rede ICM de Educa\u00e7\u00e3o e Assist\u00eancia Social, valoriza a privacidade de seus usu\u00e1rios e criou esta Pol\u00edtica de Privacidade para demonstrar seu compromisso em proteger a sua [&hellip;]\" \/>\n<meta property=\"og:url\" content=\"https:\/\/redeicm.org.br\/madreimilda\/politica-de-privacidade\/\" \/>\n<meta property=\"og:site_name\" content=\"Col\u00e9gio Madre Imilda | Rede ICM de educa\u00e7\u00e3o\" \/>\n<meta property=\"article:modified_time\" content=\"2025-07-04T15:18:13+00:00\" \/>\n<meta property=\"og:image\" content=\"https:\/\/redeicm.org.br\/madreimilda\/wp-content\/uploads\/sites\/18\/2024\/08\/banner-ensino-fundamental-iniciais.jpg\" \/>\n\t<meta property=\"og:image:width\" content=\"1440\" \/>\n\t<meta property=\"og:image:height\" content=\"400\" \/>\n\t<meta property=\"og:image:type\" content=\"image\/jpeg\" \/>\n<meta name=\"twitter:card\" content=\"summary_large_image\" \/>\n<meta name=\"twitter:label1\" content=\"Est. tempo de leitura\" \/>\n\t<meta name=\"twitter:data1\" content=\"9 minutos\" \/>\n<script type=\"application\/ld+json\" class=\"yoast-schema-graph\">{\"@context\":\"https:\/\/schema.org\",\"@graph\":[{\"@type\":\"WebPage\",\"@id\":\"https:\/\/redeicm.org.br\/madreimilda\/politica-de-privacidade\/\",\"url\":\"https:\/\/redeicm.org.br\/madreimilda\/politica-de-privacidade\/\",\"name\":\"Pol\u00edtica de Privacidade - Col\u00e9gio Madre Imilda | Rede ICM de educa\u00e7\u00e3o\",\"isPartOf\":{\"@id\":\"https:\/\/redeicm.org.br\/madreimilda\/#website\"},\"primaryImageOfPage\":{\"@id\":\"https:\/\/redeicm.org.br\/madreimilda\/politica-de-privacidade\/#primaryimage\"},\"image\":{\"@id\":\"https:\/\/redeicm.org.br\/madreimilda\/politica-de-privacidade\/#primaryimage\"},\"thumbnailUrl\":\"https:\/\/redeicm.org.br\/madreimilda\/wp-content\/uploads\/sites\/18\/2024\/08\/banner-ensino-fundamental-iniciais.jpg\",\"datePublished\":\"2025-07-04T15:15:30+00:00\",\"dateModified\":\"2025-07-04T15:18:13+00:00\",\"breadcrumb\":{\"@id\":\"https:\/\/redeicm.org.br\/madreimilda\/politica-de-privacidade\/#breadcrumb\"},\"inLanguage\":\"pt-BR\",\"potentialAction\":[{\"@type\":\"ReadAction\",\"target\":[\"https:\/\/redeicm.org.br\/madreimilda\/politica-de-privacidade\/\"]}]},{\"@type\":\"ImageObject\",\"inLanguage\":\"pt-BR\",\"@id\":\"https:\/\/redeicm.org.br\/madreimilda\/politica-de-privacidade\/#primaryimage\",\"url\":\"https:\/\/redeicm.org.br\/madreimilda\/wp-content\/uploads\/sites\/18\/2024\/08\/banner-ensino-fundamental-iniciais.jpg\",\"contentUrl\":\"https:\/\/redeicm.org.br\/madreimilda\/wp-content\/uploads\/sites\/18\/2024\/08\/banner-ensino-fundamental-iniciais.jpg\",\"width\":1440,\"height\":400},{\"@type\":\"BreadcrumbList\",\"@id\":\"https:\/\/redeicm.org.br\/madreimilda\/politica-de-privacidade\/#breadcrumb\",\"itemListElement\":[{\"@type\":\"ListItem\",\"position\":1,\"name\":\"In\u00edcio\",\"item\":\"https:\/\/redeicm.org.br\/madreimilda\/\"},{\"@type\":\"ListItem\",\"position\":2,\"name\":\"Pol\u00edtica de Privacidade\"}]},{\"@type\":\"WebSite\",\"@id\":\"https:\/\/redeicm.org.br\/madreimilda\/#website\",\"url\":\"https:\/\/redeicm.org.br\/madreimilda\/\",\"name\":\"Col\u00e9gio Madre Imilda | Rede ICM de educa\u00e7\u00e3o\",\"description\":\"\",\"publisher\":{\"@id\":\"https:\/\/redeicm.org.br\/madreimilda\/#organization\"},\"potentialAction\":[{\"@type\":\"SearchAction\",\"target\":{\"@type\":\"EntryPoint\",\"urlTemplate\":\"https:\/\/redeicm.org.br\/madreimilda\/?s={search_term_string}\"},\"query-input\":{\"@type\":\"PropertyValueSpecification\",\"valueRequired\":true,\"valueName\":\"search_term_string\"}}],\"inLanguage\":\"pt-BR\"},{\"@type\":\"Organization\",\"@id\":\"https:\/\/redeicm.org.br\/madreimilda\/#organization\",\"name\":\"Col\u00e9gio Madre Imilda | Rede ICM de educa\u00e7\u00e3o\",\"url\":\"https:\/\/redeicm.org.br\/madreimilda\/\",\"logo\":{\"@type\":\"ImageObject\",\"inLanguage\":\"pt-BR\",\"@id\":\"https:\/\/redeicm.org.br\/madreimilda\/#\/schema\/logo\/image\/\",\"url\":\"https:\/\/redeicm.org.br\/madreimilda\/wp-content\/uploads\/sites\/18\/2024\/08\/logo-colegio-madre-imilda.png\",\"contentUrl\":\"https:\/\/redeicm.org.br\/madreimilda\/wp-content\/uploads\/sites\/18\/2024\/08\/logo-colegio-madre-imilda.png\",\"width\":299,\"height\":135,\"caption\":\"Col\u00e9gio Madre Imilda | Rede ICM de educa\u00e7\u00e3o\"},\"image\":{\"@id\":\"https:\/\/redeicm.org.br\/madreimilda\/#\/schema\/logo\/image\/\"}}]}<\/script>\n<!-- \/ Yoast SEO plugin. -->","yoast_head_json":{"title":"Pol\u00edtica de Privacidade - Col\u00e9gio Madre Imilda | Rede ICM de educa\u00e7\u00e3o","robots":{"index":"index","follow":"follow","max-snippet":"max-snippet:-1","max-image-preview":"max-image-preview:large","max-video-preview":"max-video-preview:-1"},"canonical":"https:\/\/redeicm.org.br\/madreimilda\/politica-de-privacidade\/","og_locale":"pt_BR","og_type":"article","og_title":"Pol\u00edtica de Privacidade - Col\u00e9gio Madre Imilda | Rede ICM de educa\u00e7\u00e3o","og_description":"POL\u00cdTICA DE PRIVACIDADE \u2013 SITES DA REDE ICM DE EDUCA\u00c7\u00c3O E ASSIST\u00caNCIA SOCIAL INFORMA\u00c7\u00d5ES GERAIS E DEFINI\u00c7\u00d5ES A Sociedade Educa\u00e7\u00e3o e Caridade \u2013 REDE ICM, personifica\u00e7\u00e3o Jur\u00eddica da Rede ICM de Educa\u00e7\u00e3o e Assist\u00eancia Social, valoriza a privacidade de seus usu\u00e1rios e criou esta Pol\u00edtica de Privacidade para demonstrar seu compromisso em proteger a sua [&hellip;]","og_url":"https:\/\/redeicm.org.br\/madreimilda\/politica-de-privacidade\/","og_site_name":"Col\u00e9gio Madre Imilda | Rede ICM de educa\u00e7\u00e3o","article_modified_time":"2025-07-04T15:18:13+00:00","og_image":[{"width":1440,"height":400,"url":"https:\/\/redeicm.org.br\/madreimilda\/wp-content\/uploads\/sites\/18\/2024\/08\/banner-ensino-fundamental-iniciais.jpg","type":"image\/jpeg"}],"twitter_card":"summary_large_image","twitter_misc":{"Est. tempo de leitura":"9 minutos"},"schema":{"@context":"https:\/\/schema.org","@graph":[{"@type":"WebPage","@id":"https:\/\/redeicm.org.br\/madreimilda\/politica-de-privacidade\/","url":"https:\/\/redeicm.org.br\/madreimilda\/politica-de-privacidade\/","name":"Pol\u00edtica de Privacidade - Col\u00e9gio Madre Imilda | Rede ICM de educa\u00e7\u00e3o","isPartOf":{"@id":"https:\/\/redeicm.org.br\/madreimilda\/#website"},"primaryImageOfPage":{"@id":"https:\/\/redeicm.org.br\/madreimilda\/politica-de-privacidade\/#primaryimage"},"image":{"@id":"https:\/\/redeicm.org.br\/madreimilda\/politica-de-privacidade\/#primaryimage"},"thumbnailUrl":"https:\/\/redeicm.org.br\/madreimilda\/wp-content\/uploads\/sites\/18\/2024\/08\/banner-ensino-fundamental-iniciais.jpg","datePublished":"2025-07-04T15:15:30+00:00","dateModified":"2025-07-04T15:18:13+00:00","breadcrumb":{"@id":"https:\/\/redeicm.org.br\/madreimilda\/politica-de-privacidade\/#breadcrumb"},"inLanguage":"pt-BR","potentialAction":[{"@type":"ReadAction","target":["https:\/\/redeicm.org.br\/madreimilda\/politica-de-privacidade\/"]}]},{"@type":"ImageObject","inLanguage":"pt-BR","@id":"https:\/\/redeicm.org.br\/madreimilda\/politica-de-privacidade\/#primaryimage","url":"https:\/\/redeicm.org.br\/madreimilda\/wp-content\/uploads\/sites\/18\/2024\/08\/banner-ensino-fundamental-iniciais.jpg","contentUrl":"https:\/\/redeicm.org.br\/madreimilda\/wp-content\/uploads\/sites\/18\/2024\/08\/banner-ensino-fundamental-iniciais.jpg","width":1440,"height":400},{"@type":"BreadcrumbList","@id":"https:\/\/redeicm.org.br\/madreimilda\/politica-de-privacidade\/#breadcrumb","itemListElement":[{"@type":"ListItem","position":1,"name":"In\u00edcio","item":"https:\/\/redeicm.org.br\/madreimilda\/"},{"@type":"ListItem","position":2,"name":"Pol\u00edtica de Privacidade"}]},{"@type":"WebSite","@id":"https:\/\/redeicm.org.br\/madreimilda\/#website","url":"https:\/\/redeicm.org.br\/madreimilda\/","name":"Col\u00e9gio Madre Imilda | Rede ICM de educa\u00e7\u00e3o","description":"","publisher":{"@id":"https:\/\/redeicm.org.br\/madreimilda\/#organization"},"potentialAction":[{"@type":"SearchAction","target":{"@type":"EntryPoint","urlTemplate":"https:\/\/redeicm.org.br\/madreimilda\/?s={search_term_string}"},"query-input":{"@type":"PropertyValueSpecification","valueRequired":true,"valueName":"search_term_string"}}],"inLanguage":"pt-BR"},{"@type":"Organization","@id":"https:\/\/redeicm.org.br\/madreimilda\/#organization","name":"Col\u00e9gio Madre Imilda | Rede ICM de educa\u00e7\u00e3o","url":"https:\/\/redeicm.org.br\/madreimilda\/","logo":{"@type":"ImageObject","inLanguage":"pt-BR","@id":"https:\/\/redeicm.org.br\/madreimilda\/#\/schema\/logo\/image\/","url":"https:\/\/redeicm.org.br\/madreimilda\/wp-content\/uploads\/sites\/18\/2024\/08\/logo-colegio-madre-imilda.png","contentUrl":"https:\/\/redeicm.org.br\/madreimilda\/wp-content\/uploads\/sites\/18\/2024\/08\/logo-colegio-madre-imilda.png","width":299,"height":135,"caption":"Col\u00e9gio Madre Imilda | Rede ICM de educa\u00e7\u00e3o"},"image":{"@id":"https:\/\/redeicm.org.br\/madreimilda\/#\/schema\/logo\/image\/"}}]}},"_links":{"self":[{"href":"https:\/\/redeicm.org.br\/madreimilda\/wp-json\/wp\/v2\/pages\/8640","targetHints":{"allow":["GET"]}}],"collection":[{"href":"https:\/\/redeicm.org.br\/madreimilda\/wp-json\/wp\/v2\/pages"}],"about":[{"href":"https:\/\/redeicm.org.br\/madreimilda\/wp-json\/wp\/v2\/types\/page"}],"author":[{"embeddable":true,"href":"https:\/\/redeicm.org.br\/madreimilda\/wp-json\/wp\/v2\/users\/1"}],"replies":[{"embeddable":true,"href":"https:\/\/redeicm.org.br\/madreimilda\/wp-json\/wp\/v2\/comments?post=8640"}],"version-history":[{"count":4,"href":"https:\/\/redeicm.org.br\/madreimilda\/wp-json\/wp\/v2\/pages\/8640\/revisions"}],"predecessor-version":[{"id":8644,"href":"https:\/\/redeicm.org.br\/madreimilda\/wp-json\/wp\/v2\/pages\/8640\/revisions\/8644"}],"wp:featuredmedia":[{"embeddable":true,"href":"https:\/\/redeicm.org.br\/madreimilda\/wp-json\/wp\/v2\/media\/117"}],"wp:attachment":[{"href":"https:\/\/redeicm.org.br\/madreimilda\/wp-json\/wp\/v2\/media?parent=8640"}],"curies":[{"name":"wp","href":"https:\/\/api.w.org\/{rel}","templated":true}]}}