{"id":400,"date":"2024-09-11T15:27:33","date_gmt":"2024-09-11T18:27:33","guid":{"rendered":"https:\/\/redeicm.org.br\/madreimilda\/?page_id=400"},"modified":"2026-04-01T16:43:33","modified_gmt":"2026-04-01T19:43:33","slug":"madre-news","status":"publish","type":"page","link":"https:\/\/redeicm.org.br\/madreimilda\/madre-news\/","title":{"rendered":"Madre News"},"content":{"rendered":"\t\t<div data-elementor-type=\"wp-page\" data-elementor-id=\"400\" class=\"elementor elementor-400\" data-elementor-post-type=\"page\">\n\t\t\t\t<div class=\"elementor-element elementor-element-6bee8ee e-flex e-con-boxed e-con e-parent\" data-id=\"6bee8ee\" data-element_type=\"container\" data-e-type=\"container\">\n\t\t\t\t\t<div class=\"e-con-inner\">\n\t\t\t\t\t<\/div>\n\t\t\t\t<\/div>\n\t\t<div class=\"elementor-element elementor-element-c2ef317 e-flex e-con-boxed e-con e-parent\" data-id=\"c2ef317\" data-element_type=\"container\" data-e-type=\"container\">\n\t\t\t\t\t<div class=\"e-con-inner\">\n\t\t<div class=\"elementor-element elementor-element-a3b60c3 e-con-full e-flex e-con e-child\" data-id=\"a3b60c3\" data-element_type=\"container\" data-e-type=\"container\">\n\t\t\t\t<div class=\"elementor-element elementor-element-da7aec8 elementor-widget elementor-widget-image\" data-id=\"da7aec8\" data-element_type=\"widget\" data-e-type=\"widget\" data-widget_type=\"image.default\">\n\t\t\t\t<div class=\"elementor-widget-container\">\n\t\t\t\t\t\t\t\t\t\t\t\t\t\t\t<img fetchpriority=\"high\" decoding=\"async\" width=\"1241\" height=\"1755\" src=\"https:\/\/redeicm.org.br\/madreimilda\/wp-content\/uploads\/sites\/18\/2026\/04\/Madre-News-28-EXTERNO-1_page-0001.jpg\" class=\"attachment-2048x2048 size-2048x2048 wp-image-26681\" alt=\"\" srcset=\"https:\/\/redeicm.org.br\/madreimilda\/wp-content\/uploads\/sites\/18\/2026\/04\/Madre-News-28-EXTERNO-1_page-0001.jpg 1241w, https:\/\/redeicm.org.br\/madreimilda\/wp-content\/uploads\/sites\/18\/2026\/04\/Madre-News-28-EXTERNO-1_page-0001-212x300.jpg 212w, https:\/\/redeicm.org.br\/madreimilda\/wp-content\/uploads\/sites\/18\/2026\/04\/Madre-News-28-EXTERNO-1_page-0001-724x1024.jpg 724w, https:\/\/redeicm.org.br\/madreimilda\/wp-content\/uploads\/sites\/18\/2026\/04\/Madre-News-28-EXTERNO-1_page-0001-768x1086.jpg 768w, https:\/\/redeicm.org.br\/madreimilda\/wp-content\/uploads\/sites\/18\/2026\/04\/Madre-News-28-EXTERNO-1_page-0001-1086x1536.jpg 1086w\" sizes=\"(max-width: 1241px) 100vw, 1241px\" \/>\t\t\t\t\t\t\t\t\t\t\t\t\t\t\t<\/div>\n\t\t\t\t<\/div>\n\t\t\t\t<div class=\"elementor-element elementor-element-de91ff5 elementor-widget elementor-widget-image\" data-id=\"de91ff5\" data-element_type=\"widget\" data-e-type=\"widget\" data-widget_type=\"image.default\">\n\t\t\t\t<div class=\"elementor-widget-container\">\n\t\t\t\t\t\t\t\t\t\t\t\t\t\t\t<img decoding=\"async\" width=\"1241\" height=\"1755\" src=\"https:\/\/redeicm.org.br\/madreimilda\/wp-content\/uploads\/sites\/18\/2026\/04\/Madre-News-28-EXTERNO-2_page-0001.jpg\" class=\"attachment-2048x2048 size-2048x2048 wp-image-26682\" alt=\"\" srcset=\"https:\/\/redeicm.org.br\/madreimilda\/wp-content\/uploads\/sites\/18\/2026\/04\/Madre-News-28-EXTERNO-2_page-0001.jpg 1241w, https:\/\/redeicm.org.br\/madreimilda\/wp-content\/uploads\/sites\/18\/2026\/04\/Madre-News-28-EXTERNO-2_page-0001-212x300.jpg 212w, https:\/\/redeicm.org.br\/madreimilda\/wp-content\/uploads\/sites\/18\/2026\/04\/Madre-News-28-EXTERNO-2_page-0001-724x1024.jpg 724w, https:\/\/redeicm.org.br\/madreimilda\/wp-content\/uploads\/sites\/18\/2026\/04\/Madre-News-28-EXTERNO-2_page-0001-768x1086.jpg 768w, https:\/\/redeicm.org.br\/madreimilda\/wp-content\/uploads\/sites\/18\/2026\/04\/Madre-News-28-EXTERNO-2_page-0001-1086x1536.jpg 1086w\" sizes=\"(max-width: 1241px) 100vw, 1241px\" \/>\t\t\t\t\t\t\t\t\t\t\t\t\t\t\t<\/div>\n\t\t\t\t<\/div>\n\t\t\t\t<\/div>\n\t\t\t\t\t<\/div>\n\t\t\t\t<\/div>\n\t\t<div class=\"elementor-element elementor-element-7d49f4d e-flex e-con-boxed e-con e-parent\" data-id=\"7d49f4d\" data-element_type=\"container\" data-e-type=\"container\">\n\t\t\t\t\t<div class=\"e-con-inner\">\n\t\t\t\t<div class=\"elementor-element elementor-element-60cde79 elementor-widget elementor-widget-image\" data-id=\"60cde79\" data-element_type=\"widget\" data-e-type=\"widget\" data-widget_type=\"image.default\">\n\t\t\t\t<div class=\"elementor-widget-container\">\n\t\t\t\t\t\t\t\t\t\t\t\t\t\t\t<img decoding=\"async\" width=\"1241\" height=\"1755\" src=\"https:\/\/redeicm.org.br\/madreimilda\/wp-content\/uploads\/sites\/18\/2026\/04\/Madre-News-28-EXTERNO-3_page-0001.jpg\" class=\"attachment-2048x2048 size-2048x2048 wp-image-26679\" alt=\"\" srcset=\"https:\/\/redeicm.org.br\/madreimilda\/wp-content\/uploads\/sites\/18\/2026\/04\/Madre-News-28-EXTERNO-3_page-0001.jpg 1241w, https:\/\/redeicm.org.br\/madreimilda\/wp-content\/uploads\/sites\/18\/2026\/04\/Madre-News-28-EXTERNO-3_page-0001-212x300.jpg 212w, https:\/\/redeicm.org.br\/madreimilda\/wp-content\/uploads\/sites\/18\/2026\/04\/Madre-News-28-EXTERNO-3_page-0001-724x1024.jpg 724w, https:\/\/redeicm.org.br\/madreimilda\/wp-content\/uploads\/sites\/18\/2026\/04\/Madre-News-28-EXTERNO-3_page-0001-768x1086.jpg 768w, https:\/\/redeicm.org.br\/madreimilda\/wp-content\/uploads\/sites\/18\/2026\/04\/Madre-News-28-EXTERNO-3_page-0001-1086x1536.jpg 1086w\" sizes=\"(max-width: 1241px) 100vw, 1241px\" \/>\t\t\t\t\t\t\t\t\t\t\t\t\t\t\t<\/div>\n\t\t\t\t<\/div>\n\t\t\t\t<div class=\"elementor-element elementor-element-e00ae6b elementor-widget elementor-widget-image\" data-id=\"e00ae6b\" data-element_type=\"widget\" data-e-type=\"widget\" data-widget_type=\"image.default\">\n\t\t\t\t<div class=\"elementor-widget-container\">\n\t\t\t\t\t\t\t\t\t\t\t\t\t\t\t<img loading=\"lazy\" decoding=\"async\" width=\"1241\" height=\"1755\" src=\"https:\/\/redeicm.org.br\/madreimilda\/wp-content\/uploads\/sites\/18\/2026\/04\/Madre-News-28-EXTERNO-4_page-0001.jpg\" class=\"attachment-2048x2048 size-2048x2048 wp-image-26680\" alt=\"\" srcset=\"https:\/\/redeicm.org.br\/madreimilda\/wp-content\/uploads\/sites\/18\/2026\/04\/Madre-News-28-EXTERNO-4_page-0001.jpg 1241w, https:\/\/redeicm.org.br\/madreimilda\/wp-content\/uploads\/sites\/18\/2026\/04\/Madre-News-28-EXTERNO-4_page-0001-212x300.jpg 212w, https:\/\/redeicm.org.br\/madreimilda\/wp-content\/uploads\/sites\/18\/2026\/04\/Madre-News-28-EXTERNO-4_page-0001-724x1024.jpg 724w, https:\/\/redeicm.org.br\/madreimilda\/wp-content\/uploads\/sites\/18\/2026\/04\/Madre-News-28-EXTERNO-4_page-0001-768x1086.jpg 768w, https:\/\/redeicm.org.br\/madreimilda\/wp-content\/uploads\/sites\/18\/2026\/04\/Madre-News-28-EXTERNO-4_page-0001-1086x1536.jpg 1086w\" sizes=\"(max-width: 1241px) 100vw, 1241px\" \/>\t\t\t\t\t\t\t\t\t\t\t\t\t\t\t<\/div>\n\t\t\t\t<\/div>\n\t\t\t\t<div class=\"elementor-element elementor-element-e5872e0 elementor-widget elementor-widget-image\" data-id=\"e5872e0\" data-element_type=\"widget\" data-e-type=\"widget\" data-widget_type=\"image.default\">\n\t\t\t\t<div class=\"elementor-widget-container\">\n\t\t\t\t\t\t\t\t\t\t\t\t\t\t\t<img loading=\"lazy\" decoding=\"async\" width=\"1241\" height=\"1755\" src=\"https:\/\/redeicm.org.br\/madreimilda\/wp-content\/uploads\/sites\/18\/2026\/04\/Madre-News-28-EXTERNO-5_page-0001.jpg\" class=\"attachment-2048x2048 size-2048x2048 wp-image-26683\" alt=\"\" srcset=\"https:\/\/redeicm.org.br\/madreimilda\/wp-content\/uploads\/sites\/18\/2026\/04\/Madre-News-28-EXTERNO-5_page-0001.jpg 1241w, https:\/\/redeicm.org.br\/madreimilda\/wp-content\/uploads\/sites\/18\/2026\/04\/Madre-News-28-EXTERNO-5_page-0001-212x300.jpg 212w, https:\/\/redeicm.org.br\/madreimilda\/wp-content\/uploads\/sites\/18\/2026\/04\/Madre-News-28-EXTERNO-5_page-0001-724x1024.jpg 724w, https:\/\/redeicm.org.br\/madreimilda\/wp-content\/uploads\/sites\/18\/2026\/04\/Madre-News-28-EXTERNO-5_page-0001-768x1086.jpg 768w, https:\/\/redeicm.org.br\/madreimilda\/wp-content\/uploads\/sites\/18\/2026\/04\/Madre-News-28-EXTERNO-5_page-0001-1086x1536.jpg 1086w\" sizes=\"(max-width: 1241px) 100vw, 1241px\" \/>\t\t\t\t\t\t\t\t\t\t\t\t\t\t\t<\/div>\n\t\t\t\t<\/div>\n\t\t\t\t\t<\/div>\n\t\t\t\t<\/div>\n\t\t<div class=\"elementor-element elementor-element-669573a e-flex e-con-boxed e-con e-parent\" data-id=\"669573a\" data-element_type=\"container\" data-e-type=\"container\">\n\t\t\t\t\t<div class=\"e-con-inner\">\n\t\t<div class=\"elementor-element elementor-element-dd7c509 e-con-full e-flex e-con e-child\" data-id=\"dd7c509\" data-element_type=\"container\" data-e-type=\"container\">\n\t\t\t\t<div class=\"elementor-element elementor-element-8440906 elementor-invisible elementor-widget elementor-widget-text-editor\" data-id=\"8440906\" data-element_type=\"widget\" data-e-type=\"widget\" data-settings=\"{&quot;_animation&quot;:&quot;fadeInUp&quot;}\" data-widget_type=\"text-editor.default\">\n\t\t\t\t<div class=\"elementor-widget-container\">\n\t\t\t\t\t\t\t\t\t<h4>Clique nos links abaixo para acessar as edi\u00e7\u00f5es anteriores.\u00a0<\/h4><p><a href=\"https:\/\/redeicm.org.br\/madreimilda\/wp-content\/uploads\/sites\/18\/2026\/04\/Madre-News-27-EXTERNO_compressed.pdf\" target=\"_blank\" rel=\"noopener\">Edi\u00e7\u00e3o de Mar\u00e7o\/2026<\/a><\/p><p><a href=\"https:\/\/redeicm.org.br\/madreimilda\/wp-content\/uploads\/sites\/18\/2026\/03\/Madre-News-26-EXTERNO_compressed.pdf\" target=\"_blank\" rel=\"noopener\">Edi\u00e7\u00e3o de Fevereiro\/2026<\/a><\/p><p><a href=\"https:\/\/redeicm.org.br\/madreimilda\/wp-content\/uploads\/sites\/18\/2026\/02\/Madre-News-25-EXTERNO-1_compressed-1.pdf\">Edi\u00e7\u00e3o de Dezembro\/2025<\/a><\/p><p><a href=\"https:\/\/redeicm.org.br\/madreimilda\/wp-content\/uploads\/sites\/18\/2025\/12\/Madre-News-24-EXTERNO_compressed.pdf\">Edi\u00e7\u00e3o de Novembro\/2025<\/a><\/p><p><a href=\"https:\/\/redeicm.org.br\/madreimilda\/wp-content\/uploads\/sites\/18\/2025\/11\/Madre-News-23-EXTERNO_compressed.pdf\">Edi\u00e7\u00e3o de Outubro\/2025<\/a><\/p><p><a href=\"https:\/\/redeicm.org.br\/madreimilda\/wp-content\/uploads\/sites\/18\/2025\/10\/Madre-News-22-EXTERNO_compressed.pdf\">Edi\u00e7\u00e3o de Setembro\/2025<\/a><\/p><p><a href=\"https:\/\/redeicm.org.br\/madreimilda\/wp-content\/uploads\/sites\/18\/2025\/09\/Madre-News-21-EXTERNO_compressed.pdf\">Edi\u00e7\u00e3o de Agosto\/2025<\/a><\/p><p><a href=\"https:\/\/redeicm.org.br\/madreimilda\/wp-content\/uploads\/sites\/18\/2025\/08\/Madre-News-20-EXTERNO_compressed.pdf\">Edi\u00e7\u00e3o de Julho\/2025<\/a><\/p><p><a href=\"https:\/\/redeicm.org.br\/madreimilda\/wp-content\/uploads\/sites\/18\/2025\/08\/Madre-News-19-EXTERNO_compressed.pdf\">Edi\u00e7\u00e3o de Junho\/2025<\/a><\/p><p><a href=\"https:\/\/redeicm.org.br\/madreimilda\/wp-content\/uploads\/sites\/18\/2025\/08\/MADRE-NEWS-18_compressed.pdf\">Edi\u00e7\u00e3o de Maio\/2025<\/a><\/p><p><a href=\"https:\/\/redeicm.org.br\/madreimilda\/wp-content\/uploads\/sites\/18\/2025\/10\/MADRE-NEWS-17-Abril_compressed.pdf\">Edi\u00e7\u00e3o de Abril\/2025<\/a><\/p><p><a href=\"https:\/\/redeicm.org.br\/madreimilda\/wp-content\/uploads\/sites\/18\/2025\/10\/MADRE-NEWS-16-Marco_compressed.pdf\" target=\"_blank\" rel=\"noopener\">Edi\u00e7\u00e3o de Mar\u00e7o\/2025<\/a><\/p><p><a href=\"https:\/\/www.redeicm.org.br\/madreimilda\/wp-content\/uploads\/sites\/13\/2025\/03\/MADRE-NEWS-15_compressed.pdf\" target=\"_blank\" rel=\"noopener\">Edi\u00e7\u00e3o de Fevereiro\/2025<\/a><\/p><p><a href=\"https:\/\/www.redeicm.org.br\/madreimilda\/wp-content\/uploads\/sites\/13\/2025\/03\/Madre-News-14-1_compressed.pdf\" target=\"_blank\" rel=\"noopener\">Edi\u00e7\u00e3o de Dezembro\/2024<\/a><\/p><p><a href=\"https:\/\/www.redeicm.org.br\/madreimilda\/wp-content\/uploads\/sites\/13\/2024\/12\/Madre-News-13_compressed.pdf\" target=\"_blank\" rel=\"noopener\">Edi\u00e7\u00e3o de Novembro\/2024<\/a><\/p><p><a href=\"https:\/\/drive.google.com\/file\/d\/1nqppVBtS0WVziYxAumBF62ip2TqLuFEh\/view?usp=sharing\">Edi\u00e7\u00e3o de Outubro\/2024<\/a><\/p><p><a href=\"https:\/\/www.redeicm.org.br\/madreimilda\/wp-content\/uploads\/sites\/13\/2024\/10\/MN-11.pdf\" target=\"_blank\" rel=\"noopener\">Edi\u00e7\u00e3o de Setembro\/2024<\/a><\/p><p><a href=\"https:\/\/www.redeicm.org.br\/madreimilda\/wp-content\/uploads\/sites\/13\/2024\/09\/madre.pdf\">Edi\u00e7\u00e3o de Agosto\/2024<\/a><\/p><p><a href=\"https:\/\/www.redeicm.org.br\/madreimilda\/wp-content\/uploads\/sites\/13\/2024\/08\/MADRE-NEWS-09.pdf\">Edi\u00e7\u00e3o de Julho\/2024<\/a><\/p><p><a href=\"https:\/\/www.redeicm.org.br\/madreimilda\/wp-content\/uploads\/sites\/13\/2025\/03\/MADRE-NEWS-08_compressed.pdf\">Edi\u00e7\u00e3o de Junho\/2024<\/a><\/p><p><a href=\"https:\/\/www.redeicm.org.br\/madreimilda\/wp-content\/uploads\/sites\/13\/2024\/06\/MADRE-NEWS-MAIO.pdf\">Edi\u00e7\u00e3o de\u00a0<\/a><a href=\"https:\/\/www.redeicm.org.br\/madreimilda\/wp-content\/uploads\/sites\/13\/2024\/06\/MADRE-NEWS-MAIO.pdf\">Maio\/2024<\/a><\/p><p><a href=\"https:\/\/www.redeicm.org.br\/madreimilda\/wp-content\/uploads\/sites\/13\/2024\/04\/MADRE-NEWS-Abril_-2024.pdf\">Edi\u00e7\u00e3o de A<\/a><a href=\"https:\/\/www.redeicm.org.br\/madreimilda\/wp-content\/uploads\/sites\/13\/2024\/04\/MADRE-NEWS-Abril_-2024.pdf\">bril\/2024<\/a><\/p><p><a href=\"https:\/\/www.redeicm.org.br\/madreimilda\/wp-content\/uploads\/sites\/13\/2024\/04\/MADRE-NEWS-Marco_-2024.pdf\">Edi\u00e7\u00e3o de Mar\u00e7o<\/a><a href=\"https:\/\/www.redeicm.org.br\/madreimilda\/wp-content\/uploads\/sites\/13\/2024\/04\/MADRE-NEWS-Marco_-2024.pdf\">\/2024<\/a><\/p><p><a href=\"https:\/\/www.redeicm.org.br\/madreimilda\/wp-content\/uploads\/sites\/13\/2024\/04\/MADRE-NEWS-Fevereiro_-2024.pdf\">Edi\u00e7\u00e3o de Fevereiro\/2024<\/a><\/p><p><a href=\"https:\/\/www.redeicm.org.br\/madreimilda\/wp-content\/uploads\/sites\/13\/2025\/03\/MADRE-NEWS-03-1_compressed.pdf\">Edi\u00e7\u00e3o de Janeiro\/2024<\/a><\/p><p><a href=\"https:\/\/www.redeicm.org.br\/madreimilda\/wp-content\/uploads\/sites\/13\/2025\/03\/MADRE-NEWS-02_compressed.pdf\">Edi\u00e7\u00e3o de Dezembro\/2023<\/a><\/p><p><a href=\"https:\/\/www.redeicm.org.br\/madreimilda\/wp-content\/uploads\/sites\/13\/2025\/03\/MADRE-NEWS-01-1_compressed.pdf\">Edi\u00e7\u00e3o de Novembro\/2023<\/a><\/p><div class=\"angwp_40785 _ning_cont _ning_hidden _ning_outer _align_center responsive _ning_visible\" data-size=\"customxundefined\" data-bid=\"40785\" data-aid=\"0\"><div class=\"_ning_label _left\">\u00a0<\/div><div class=\"_ning_inner\"><a class=\"strack_cli _ning_link\" href=\"https:\/\/www.redeicm.org.br\/madreimilda?_dnlink=40785&amp;t=1747818019\" target=\"_blank\" rel=\"noopener\">\u00a0<\/a><\/div><\/div>\t\t\t\t\t\t\t\t<\/div>\n\t\t\t\t<\/div>\n\t\t\t\t<\/div>\n\t\t\t\t\t<\/div>\n\t\t\t\t<\/div>\n\t\t\t\t<\/div>\n\t\t","protected":false},"excerpt":{"rendered":"<p>Clique nos links abaixo para acessar as edi\u00e7\u00f5es anteriores.\u00a0 Edi\u00e7\u00e3o de Mar\u00e7o\/2026 Edi\u00e7\u00e3o de Fevereiro\/2026 Edi\u00e7\u00e3o de Dezembro\/2025 Edi\u00e7\u00e3o de Novembro\/2025 Edi\u00e7\u00e3o de Outubro\/2025 Edi\u00e7\u00e3o de Setembro\/2025 Edi\u00e7\u00e3o de Agosto\/2025 Edi\u00e7\u00e3o de Julho\/2025 Edi\u00e7\u00e3o de Junho\/2025 Edi\u00e7\u00e3o de Maio\/2025 Edi\u00e7\u00e3o de Abril\/2025 Edi\u00e7\u00e3o de Mar\u00e7o\/2025 Edi\u00e7\u00e3o de Fevereiro\/2025 Edi\u00e7\u00e3o de Dezembro\/2024 Edi\u00e7\u00e3o de Novembro\/2024 Edi\u00e7\u00e3o [&hellip;]<\/p>\n","protected":false},"author":1,"featured_media":0,"parent":0,"menu_order":0,"comment_status":"closed","ping_status":"closed","template":"","meta":{"_acf_changed":false,"footnotes":""},"class_list":["post-400","page","type-page","status-publish","hentry"],"acf":[],"yoast_head":"<!-- This site is optimized with the Yoast SEO plugin v26.3 - https:\/\/yoast.com\/wordpress\/plugins\/seo\/ -->\n<title>Madre News - Col\u00e9gio Madre Imilda | Rede ICM de educa\u00e7\u00e3o<\/title>\n<meta name=\"robots\" content=\"index, follow, max-snippet:-1, max-image-preview:large, max-video-preview:-1\" \/>\n<link rel=\"canonical\" href=\"https:\/\/redeicm.org.br\/madreimilda\/madre-news\/\" \/>\n<meta property=\"og:locale\" content=\"pt_BR\" \/>\n<meta property=\"og:type\" content=\"article\" \/>\n<meta property=\"og:title\" content=\"Madre News - Col\u00e9gio Madre Imilda | Rede ICM de educa\u00e7\u00e3o\" \/>\n<meta property=\"og:description\" content=\"Clique nos links abaixo para acessar as edi\u00e7\u00f5es anteriores.\u00a0 Edi\u00e7\u00e3o de Mar\u00e7o\/2026 Edi\u00e7\u00e3o de Fevereiro\/2026 Edi\u00e7\u00e3o de Dezembro\/2025 Edi\u00e7\u00e3o de Novembro\/2025 Edi\u00e7\u00e3o de Outubro\/2025 Edi\u00e7\u00e3o de Setembro\/2025 Edi\u00e7\u00e3o de Agosto\/2025 Edi\u00e7\u00e3o de Julho\/2025 Edi\u00e7\u00e3o de Junho\/2025 Edi\u00e7\u00e3o de Maio\/2025 Edi\u00e7\u00e3o de Abril\/2025 Edi\u00e7\u00e3o de Mar\u00e7o\/2025 Edi\u00e7\u00e3o de Fevereiro\/2025 Edi\u00e7\u00e3o de Dezembro\/2024 Edi\u00e7\u00e3o de Novembro\/2024 Edi\u00e7\u00e3o [&hellip;]\" \/>\n<meta property=\"og:url\" content=\"https:\/\/redeicm.org.br\/madreimilda\/madre-news\/\" \/>\n<meta property=\"og:site_name\" content=\"Col\u00e9gio Madre Imilda | Rede ICM de educa\u00e7\u00e3o\" \/>\n<meta property=\"article:modified_time\" content=\"2026-04-01T19:43:33+00:00\" \/>\n<meta property=\"og:image\" content=\"https:\/\/redeicm.org.br\/madreimilda\/wp-content\/uploads\/sites\/18\/2026\/04\/Madre-News-28-EXTERNO-1_page-0001.jpg\" \/>\n\t<meta property=\"og:image:width\" content=\"1241\" \/>\n\t<meta property=\"og:image:height\" content=\"1755\" \/>\n\t<meta property=\"og:image:type\" content=\"image\/jpeg\" \/>\n<meta name=\"twitter:card\" content=\"summary_large_image\" \/>\n<meta name=\"twitter:label1\" content=\"Est. tempo de leitura\" \/>\n\t<meta name=\"twitter:data1\" content=\"2 minutos\" \/>\n<script type=\"application\/ld+json\" class=\"yoast-schema-graph\">{\"@context\":\"https:\/\/schema.org\",\"@graph\":[{\"@type\":\"WebPage\",\"@id\":\"https:\/\/redeicm.org.br\/madreimilda\/madre-news\/\",\"url\":\"https:\/\/redeicm.org.br\/madreimilda\/madre-news\/\",\"name\":\"Madre News - Col\u00e9gio Madre Imilda | Rede ICM de educa\u00e7\u00e3o\",\"isPartOf\":{\"@id\":\"https:\/\/redeicm.org.br\/madreimilda\/#website\"},\"primaryImageOfPage\":{\"@id\":\"https:\/\/redeicm.org.br\/madreimilda\/madre-news\/#primaryimage\"},\"image\":{\"@id\":\"https:\/\/redeicm.org.br\/madreimilda\/madre-news\/#primaryimage\"},\"thumbnailUrl\":\"https:\/\/redeicm.org.br\/madreimilda\/wp-content\/uploads\/sites\/18\/2026\/04\/Madre-News-28-EXTERNO-1_page-0001.jpg\",\"datePublished\":\"2024-09-11T18:27:33+00:00\",\"dateModified\":\"2026-04-01T19:43:33+00:00\",\"breadcrumb\":{\"@id\":\"https:\/\/redeicm.org.br\/madreimilda\/madre-news\/#breadcrumb\"},\"inLanguage\":\"pt-BR\",\"potentialAction\":[{\"@type\":\"ReadAction\",\"target\":[\"https:\/\/redeicm.org.br\/madreimilda\/madre-news\/\"]}]},{\"@type\":\"ImageObject\",\"inLanguage\":\"pt-BR\",\"@id\":\"https:\/\/redeicm.org.br\/madreimilda\/madre-news\/#primaryimage\",\"url\":\"https:\/\/redeicm.org.br\/madreimilda\/wp-content\/uploads\/sites\/18\/2026\/04\/Madre-News-28-EXTERNO-1_page-0001.jpg\",\"contentUrl\":\"https:\/\/redeicm.org.br\/madreimilda\/wp-content\/uploads\/sites\/18\/2026\/04\/Madre-News-28-EXTERNO-1_page-0001.jpg\",\"width\":1241,\"height\":1755},{\"@type\":\"BreadcrumbList\",\"@id\":\"https:\/\/redeicm.org.br\/madreimilda\/madre-news\/#breadcrumb\",\"itemListElement\":[{\"@type\":\"ListItem\",\"position\":1,\"name\":\"In\u00edcio\",\"item\":\"https:\/\/redeicm.org.br\/madreimilda\/\"},{\"@type\":\"ListItem\",\"position\":2,\"name\":\"Madre News\"}]},{\"@type\":\"WebSite\",\"@id\":\"https:\/\/redeicm.org.br\/madreimilda\/#website\",\"url\":\"https:\/\/redeicm.org.br\/madreimilda\/\",\"name\":\"Col\u00e9gio Madre Imilda | Rede ICM de educa\u00e7\u00e3o\",\"description\":\"\",\"publisher\":{\"@id\":\"https:\/\/redeicm.org.br\/madreimilda\/#organization\"},\"potentialAction\":[{\"@type\":\"SearchAction\",\"target\":{\"@type\":\"EntryPoint\",\"urlTemplate\":\"https:\/\/redeicm.org.br\/madreimilda\/?s={search_term_string}\"},\"query-input\":{\"@type\":\"PropertyValueSpecification\",\"valueRequired\":true,\"valueName\":\"search_term_string\"}}],\"inLanguage\":\"pt-BR\"},{\"@type\":\"Organization\",\"@id\":\"https:\/\/redeicm.org.br\/madreimilda\/#organization\",\"name\":\"Col\u00e9gio Madre Imilda | Rede ICM de educa\u00e7\u00e3o\",\"url\":\"https:\/\/redeicm.org.br\/madreimilda\/\",\"logo\":{\"@type\":\"ImageObject\",\"inLanguage\":\"pt-BR\",\"@id\":\"https:\/\/redeicm.org.br\/madreimilda\/#\/schema\/logo\/image\/\",\"url\":\"https:\/\/redeicm.org.br\/madreimilda\/wp-content\/uploads\/sites\/18\/2024\/08\/logo-colegio-madre-imilda.png\",\"contentUrl\":\"https:\/\/redeicm.org.br\/madreimilda\/wp-content\/uploads\/sites\/18\/2024\/08\/logo-colegio-madre-imilda.png\",\"width\":299,\"height\":135,\"caption\":\"Col\u00e9gio Madre Imilda | Rede ICM de educa\u00e7\u00e3o\"},\"image\":{\"@id\":\"https:\/\/redeicm.org.br\/madreimilda\/#\/schema\/logo\/image\/\"}}]}<\/script>\n<!-- \/ Yoast SEO plugin. -->","yoast_head_json":{"title":"Madre News - Col\u00e9gio Madre Imilda | Rede ICM de educa\u00e7\u00e3o","robots":{"index":"index","follow":"follow","max-snippet":"max-snippet:-1","max-image-preview":"max-image-preview:large","max-video-preview":"max-video-preview:-1"},"canonical":"https:\/\/redeicm.org.br\/madreimilda\/madre-news\/","og_locale":"pt_BR","og_type":"article","og_title":"Madre News - Col\u00e9gio Madre Imilda | Rede ICM de educa\u00e7\u00e3o","og_description":"Clique nos links abaixo para acessar as edi\u00e7\u00f5es anteriores.\u00a0 Edi\u00e7\u00e3o de Mar\u00e7o\/2026 Edi\u00e7\u00e3o de Fevereiro\/2026 Edi\u00e7\u00e3o de Dezembro\/2025 Edi\u00e7\u00e3o de Novembro\/2025 Edi\u00e7\u00e3o de Outubro\/2025 Edi\u00e7\u00e3o de Setembro\/2025 Edi\u00e7\u00e3o de Agosto\/2025 Edi\u00e7\u00e3o de Julho\/2025 Edi\u00e7\u00e3o de Junho\/2025 Edi\u00e7\u00e3o de Maio\/2025 Edi\u00e7\u00e3o de Abril\/2025 Edi\u00e7\u00e3o de Mar\u00e7o\/2025 Edi\u00e7\u00e3o de Fevereiro\/2025 Edi\u00e7\u00e3o de Dezembro\/2024 Edi\u00e7\u00e3o de Novembro\/2024 Edi\u00e7\u00e3o [&hellip;]","og_url":"https:\/\/redeicm.org.br\/madreimilda\/madre-news\/","og_site_name":"Col\u00e9gio Madre Imilda | Rede ICM de educa\u00e7\u00e3o","article_modified_time":"2026-04-01T19:43:33+00:00","og_image":[{"width":1241,"height":1755,"url":"https:\/\/redeicm.org.br\/madreimilda\/wp-content\/uploads\/sites\/18\/2026\/04\/Madre-News-28-EXTERNO-1_page-0001.jpg","type":"image\/jpeg"}],"twitter_card":"summary_large_image","twitter_misc":{"Est. tempo de leitura":"2 minutos"},"schema":{"@context":"https:\/\/schema.org","@graph":[{"@type":"WebPage","@id":"https:\/\/redeicm.org.br\/madreimilda\/madre-news\/","url":"https:\/\/redeicm.org.br\/madreimilda\/madre-news\/","name":"Madre News - Col\u00e9gio Madre Imilda | Rede ICM de educa\u00e7\u00e3o","isPartOf":{"@id":"https:\/\/redeicm.org.br\/madreimilda\/#website"},"primaryImageOfPage":{"@id":"https:\/\/redeicm.org.br\/madreimilda\/madre-news\/#primaryimage"},"image":{"@id":"https:\/\/redeicm.org.br\/madreimilda\/madre-news\/#primaryimage"},"thumbnailUrl":"https:\/\/redeicm.org.br\/madreimilda\/wp-content\/uploads\/sites\/18\/2026\/04\/Madre-News-28-EXTERNO-1_page-0001.jpg","datePublished":"2024-09-11T18:27:33+00:00","dateModified":"2026-04-01T19:43:33+00:00","breadcrumb":{"@id":"https:\/\/redeicm.org.br\/madreimilda\/madre-news\/#breadcrumb"},"inLanguage":"pt-BR","potentialAction":[{"@type":"ReadAction","target":["https:\/\/redeicm.org.br\/madreimilda\/madre-news\/"]}]},{"@type":"ImageObject","inLanguage":"pt-BR","@id":"https:\/\/redeicm.org.br\/madreimilda\/madre-news\/#primaryimage","url":"https:\/\/redeicm.org.br\/madreimilda\/wp-content\/uploads\/sites\/18\/2026\/04\/Madre-News-28-EXTERNO-1_page-0001.jpg","contentUrl":"https:\/\/redeicm.org.br\/madreimilda\/wp-content\/uploads\/sites\/18\/2026\/04\/Madre-News-28-EXTERNO-1_page-0001.jpg","width":1241,"height":1755},{"@type":"BreadcrumbList","@id":"https:\/\/redeicm.org.br\/madreimilda\/madre-news\/#breadcrumb","itemListElement":[{"@type":"ListItem","position":1,"name":"In\u00edcio","item":"https:\/\/redeicm.org.br\/madreimilda\/"},{"@type":"ListItem","position":2,"name":"Madre News"}]},{"@type":"WebSite","@id":"https:\/\/redeicm.org.br\/madreimilda\/#website","url":"https:\/\/redeicm.org.br\/madreimilda\/","name":"Col\u00e9gio Madre Imilda | Rede ICM de educa\u00e7\u00e3o","description":"","publisher":{"@id":"https:\/\/redeicm.org.br\/madreimilda\/#organization"},"potentialAction":[{"@type":"SearchAction","target":{"@type":"EntryPoint","urlTemplate":"https:\/\/redeicm.org.br\/madreimilda\/?s={search_term_string}"},"query-input":{"@type":"PropertyValueSpecification","valueRequired":true,"valueName":"search_term_string"}}],"inLanguage":"pt-BR"},{"@type":"Organization","@id":"https:\/\/redeicm.org.br\/madreimilda\/#organization","name":"Col\u00e9gio Madre Imilda | Rede ICM de educa\u00e7\u00e3o","url":"https:\/\/redeicm.org.br\/madreimilda\/","logo":{"@type":"ImageObject","inLanguage":"pt-BR","@id":"https:\/\/redeicm.org.br\/madreimilda\/#\/schema\/logo\/image\/","url":"https:\/\/redeicm.org.br\/madreimilda\/wp-content\/uploads\/sites\/18\/2024\/08\/logo-colegio-madre-imilda.png","contentUrl":"https:\/\/redeicm.org.br\/madreimilda\/wp-content\/uploads\/sites\/18\/2024\/08\/logo-colegio-madre-imilda.png","width":299,"height":135,"caption":"Col\u00e9gio Madre Imilda | Rede ICM de educa\u00e7\u00e3o"},"image":{"@id":"https:\/\/redeicm.org.br\/madreimilda\/#\/schema\/logo\/image\/"}}]}},"_links":{"self":[{"href":"https:\/\/redeicm.org.br\/madreimilda\/wp-json\/wp\/v2\/pages\/400","targetHints":{"allow":["GET"]}}],"collection":[{"href":"https:\/\/redeicm.org.br\/madreimilda\/wp-json\/wp\/v2\/pages"}],"about":[{"href":"https:\/\/redeicm.org.br\/madreimilda\/wp-json\/wp\/v2\/types\/page"}],"author":[{"embeddable":true,"href":"https:\/\/redeicm.org.br\/madreimilda\/wp-json\/wp\/v2\/users\/1"}],"replies":[{"embeddable":true,"href":"https:\/\/redeicm.org.br\/madreimilda\/wp-json\/wp\/v2\/comments?post=400"}],"version-history":[{"count":57,"href":"https:\/\/redeicm.org.br\/madreimilda\/wp-json\/wp\/v2\/pages\/400\/revisions"}],"predecessor-version":[{"id":26691,"href":"https:\/\/redeicm.org.br\/madreimilda\/wp-json\/wp\/v2\/pages\/400\/revisions\/26691"}],"wp:attachment":[{"href":"https:\/\/redeicm.org.br\/madreimilda\/wp-json\/wp\/v2\/media?parent=400"}],"curies":[{"name":"wp","href":"https:\/\/api.w.org\/{rel}","templated":true}]}}