{"id":335,"date":"2024-09-11T13:34:25","date_gmt":"2024-09-11T16:34:25","guid":{"rendered":"https:\/\/redeicm.org.br\/madreimilda\/?page_id=335"},"modified":"2025-06-12T18:05:03","modified_gmt":"2025-06-12T21:05:03","slug":"ensino-medio-2","status":"publish","type":"page","link":"https:\/\/redeicm.org.br\/madreimilda\/ensino-medio-2\/","title":{"rendered":"Ensino M\u00e9dio"},"content":{"rendered":"\t\t<div data-elementor-type=\"wp-page\" data-elementor-id=\"335\" class=\"elementor elementor-335\" data-elementor-post-type=\"page\">\n\t\t\t\t<div class=\"elementor-element elementor-element-a47d581 e-flex e-con-boxed e-con e-parent\" data-id=\"a47d581\" data-element_type=\"container\" data-e-type=\"container\" data-settings=\"{&quot;background_background&quot;:&quot;classic&quot;}\">\n\t\t\t\t\t<div class=\"e-con-inner\">\n\t\t\t\t<div class=\"elementor-element elementor-element-8cc7837 elementor-widget elementor-widget-heading\" data-id=\"8cc7837\" data-element_type=\"widget\" data-e-type=\"widget\" data-widget_type=\"heading.default\">\n\t\t\t\t<div class=\"elementor-widget-container\">\n\t\t\t\t\t<h1 class=\"elementor-heading-title elementor-size-default\">Ensino M\u00e9dio<\/h1>\t\t\t\t<\/div>\n\t\t\t\t<\/div>\n\t\t\t\t\t<\/div>\n\t\t\t\t<\/div>\n\t\t<div class=\"elementor-element elementor-element-182cb79 e-con-full e-flex e-con e-parent\" data-id=\"182cb79\" data-element_type=\"container\" data-e-type=\"container\">\n\t\t<div class=\"elementor-element elementor-element-930acda e-flex e-con-boxed e-con e-child\" data-id=\"930acda\" data-element_type=\"container\" data-e-type=\"container\">\n\t\t\t\t\t<div class=\"e-con-inner\">\n\t\t\t\t<div class=\"elementor-element elementor-element-17c26f3 elementor-invisible elementor-widget elementor-widget-text-editor\" data-id=\"17c26f3\" data-element_type=\"widget\" data-e-type=\"widget\" data-settings=\"{&quot;_animation&quot;:&quot;fadeInUp&quot;}\" data-widget_type=\"text-editor.default\">\n\t\t\t\t<div class=\"elementor-widget-container\">\n\t\t\t\t\t\t\t\t\t<h5><span style=\"color: #003366;\"><strong>Rotinas e Hor\u00e1rios do Ensino M\u00e9dio<\/strong><\/span><\/h5><p>7h15min \u00e0s 12h30min.<\/p><p>Entradas e sa\u00eddas pelo sagu\u00e3o do estacionamento.<\/p><h5><span style=\"color: #003366;\"><strong>Ensino M\u00e9dio<\/strong><\/span><\/h5><p>Na Rede ICM de Educa\u00e7\u00e3o, contribu\u00edmos com a forma\u00e7\u00e3o integral do adolescente e do jovem, consolidando a autonomia de pensamento, a criticidade, a argui\u00e7\u00e3o cient\u00edfica e a alteridade, ajudando-o a ser um cidad\u00e3o consciente de suas responsabilidades e atitudes na sociedade em que vive. \u00c9 Proposta de Valor no Ensino M\u00e9dio:<\/p><p>PROJETO DE VIDA, INOVA\u00c7\u00c3O E EMPREENDEDORISMO<\/p><p>Desenvolvemos projetos de forma\u00e7\u00e3o de lideran\u00e7as, por meio do processo de autogest\u00e3o e autoconhecimento, que possibilita ao estudante o fortalecimento de suas descobertas e motiva\u00e7\u00f5es e a percep\u00e7\u00e3o do seu protagonismo na Hist\u00f3ria. Nessa perspectiva, o estudante elabora seu projeto d\u00ea vida, considerando as exig\u00eancias da sociedade do conhecimento, de forma inovadora, proativa e com uma vis\u00e3o empreendedora da vida, o que lhe garante fazer as pr\u00f3prias escolhas. Oportunizamos ao estudante experi\u00eancias reais do mundo dos neg\u00f3cios, criando modelos de Startup, a partir de uma cultura \u00e1gil, veloz e inteligente, aplicando os conhecimentos adquiridos em situa\u00e7\u00f5es reais.<\/p><p>AUTONOMIA INTELECTUAL<\/p><p>Enfatizamos o protagonismo do estudante, inserindo-o em propostas e estrat\u00e9gias complexas de aprofundamento cient\u00edfico e de formas de ler e entender o mundo. Desenvolvemos a autonomia intelectual atrav\u00e9s do esp\u00edrito investigativo, da argumenta\u00e7\u00e3o, da an\u00e1lise cr\u00edtica e da intera\u00e7\u00e3o no exerc\u00edcio da coautoria.<\/p><p>ESPA\u00c7OS H\u00cdBRIDOS E INTERATIVOS<\/p><p>Apresentamos tecnologias aliadas \u00e0s metodologias ativas, trazendo um ensino contempor\u00e2neo, no qual o estudante \u00e9 o protagonista de seu pr\u00f3prio aprendizado.<\/p><p>Disponibilizamos espa\u00e7os h\u00edbridos e multimodais, onde o estudante redesenha seu processo cognitivo. Nesses espa\u00e7os conectados, com design interativo, potencial criativo e desenvolve seu investigador, com o uso das tecnologias digitais, gamificadas e de informa\u00e7\u00f5es contextualizadas. A aprendizagem acontece na constru\u00e7\u00e3o individual e colaborativa, mediada por modelos pedag\u00f3gico flex\u00edveis desafiadores.<\/p><p>EXCEL\u00caNCIA ACAD\u00caMICA<\/p><p>Promovemos um processo que alia potencial de aprendizagem do estudante ao seu desenvolvimento integral. Com s\u00f3lida forma\u00e7\u00e3o humana e acad\u00eamica, prepara para enfrentar, com efici\u00eancia, novos cen\u00e1rios, num mundo em constantes transforma\u00e7\u00f5es. Nossa proposta pedag\u00f3gica consolida-se no desenvolvimento de compet\u00eancias, alicer\u00e7ada na pesquisa e no fortalecimento de bases cient\u00edficas e tecnol\u00f3gicas.<\/p><p>\u00c9TICA E CIDADANIA<\/p><p>Propomos uma educa\u00e7\u00e3o humanizadora, pautada no respeito \u00e0 diversidade e \u00e0 pluralidade de pensamento. Por meio do di\u00e1logo, de estrat\u00e9gias e de projetos interativos, contribu\u00edmos na consolida\u00e7\u00e3o de valores crist\u00e3os, na forma\u00e7\u00e3o da consci\u00eancia cr\u00edtica e social e no exerc\u00edcio de uma cidadania participativa, solid\u00e1ria e comprometida com a Vida.<\/p><p>FORMA\u00c7\u00c3O PARA VIDA ACAD\u00caMICA E PROFISSIONAL<\/p><p>Oportunizamos a consolida\u00e7\u00e3o de habilidades e compet\u00eancias cognitivas, socioemocionais e atitudinais, aliadas a um ensino de alta qualidade, solidez nos valores \u00e9ticos e crist\u00e3os e foco em resultados. A orienta\u00e7\u00e3o pedag\u00f3gica e profissional, as viv\u00eancias de experi\u00eancias reais do mundo dos neg\u00f3cios, por meio de projetos e da plasticidade do curr\u00edculo, garantem um ensino interdisciplinar e uma aprendizagem significativa.<\/p>\t\t\t\t\t\t\t\t<\/div>\n\t\t\t\t<\/div>\n\t\t\t\t\t<\/div>\n\t\t\t\t<\/div>\n\t\t\t\t<\/div>\n\t\t\t\t<\/div>\n\t\t","protected":false},"excerpt":{"rendered":"<p>Rotinas e Hor\u00e1rios do Ensino M\u00e9dio 7h15min \u00e0s 12h30min. Entradas e sa\u00eddas pelo sagu\u00e3o do estacionamento. Ensino M\u00e9dio Na Rede ICM de Educa\u00e7\u00e3o, contribu\u00edmos com a forma\u00e7\u00e3o integral do adolescente e do jovem, consolidando a autonomia de pensamento, a criticidade, a argui\u00e7\u00e3o cient\u00edfica e a alteridade, ajudando-o a ser um cidad\u00e3o consciente de suas responsabilidades [&hellip;]<\/p>\n","protected":false},"author":1,"featured_media":0,"parent":0,"menu_order":0,"comment_status":"closed","ping_status":"closed","template":"","meta":{"_acf_changed":false,"footnotes":""},"class_list":["post-335","page","type-page","status-publish","hentry"],"acf":[],"yoast_head":"<!-- This site is optimized with the Yoast SEO plugin v26.3 - https:\/\/yoast.com\/wordpress\/plugins\/seo\/ -->\n<title>Ensino M\u00e9dio - Col\u00e9gio Madre Imilda | Rede ICM de educa\u00e7\u00e3o<\/title>\n<meta name=\"robots\" content=\"index, follow, max-snippet:-1, max-image-preview:large, max-video-preview:-1\" \/>\n<link rel=\"canonical\" href=\"https:\/\/redeicm.org.br\/madreimilda\/ensino-medio-2\/\" \/>\n<meta property=\"og:locale\" content=\"pt_BR\" \/>\n<meta property=\"og:type\" content=\"article\" \/>\n<meta property=\"og:title\" content=\"Ensino M\u00e9dio - Col\u00e9gio Madre Imilda | Rede ICM de educa\u00e7\u00e3o\" \/>\n<meta property=\"og:description\" content=\"Rotinas e Hor\u00e1rios do Ensino M\u00e9dio 7h15min \u00e0s 12h30min. Entradas e sa\u00eddas pelo sagu\u00e3o do estacionamento. Ensino M\u00e9dio Na Rede ICM de Educa\u00e7\u00e3o, contribu\u00edmos com a forma\u00e7\u00e3o integral do adolescente e do jovem, consolidando a autonomia de pensamento, a criticidade, a argui\u00e7\u00e3o cient\u00edfica e a alteridade, ajudando-o a ser um cidad\u00e3o consciente de suas responsabilidades [&hellip;]\" \/>\n<meta property=\"og:url\" content=\"https:\/\/redeicm.org.br\/madreimilda\/ensino-medio-2\/\" \/>\n<meta property=\"og:site_name\" content=\"Col\u00e9gio Madre Imilda | Rede ICM de educa\u00e7\u00e3o\" \/>\n<meta property=\"article:modified_time\" content=\"2025-06-12T21:05:03+00:00\" \/>\n<meta name=\"twitter:card\" content=\"summary_large_image\" \/>\n<meta name=\"twitter:label1\" content=\"Est. tempo de leitura\" \/>\n\t<meta name=\"twitter:data1\" content=\"3 minutos\" \/>\n<script type=\"application\/ld+json\" class=\"yoast-schema-graph\">{\"@context\":\"https:\/\/schema.org\",\"@graph\":[{\"@type\":\"WebPage\",\"@id\":\"https:\/\/redeicm.org.br\/madreimilda\/ensino-medio-2\/\",\"url\":\"https:\/\/redeicm.org.br\/madreimilda\/ensino-medio-2\/\",\"name\":\"Ensino M\u00e9dio - Col\u00e9gio Madre Imilda | Rede ICM de educa\u00e7\u00e3o\",\"isPartOf\":{\"@id\":\"https:\/\/redeicm.org.br\/madreimilda\/#website\"},\"datePublished\":\"2024-09-11T16:34:25+00:00\",\"dateModified\":\"2025-06-12T21:05:03+00:00\",\"breadcrumb\":{\"@id\":\"https:\/\/redeicm.org.br\/madreimilda\/ensino-medio-2\/#breadcrumb\"},\"inLanguage\":\"pt-BR\",\"potentialAction\":[{\"@type\":\"ReadAction\",\"target\":[\"https:\/\/redeicm.org.br\/madreimilda\/ensino-medio-2\/\"]}]},{\"@type\":\"BreadcrumbList\",\"@id\":\"https:\/\/redeicm.org.br\/madreimilda\/ensino-medio-2\/#breadcrumb\",\"itemListElement\":[{\"@type\":\"ListItem\",\"position\":1,\"name\":\"In\u00edcio\",\"item\":\"https:\/\/redeicm.org.br\/madreimilda\/\"},{\"@type\":\"ListItem\",\"position\":2,\"name\":\"Ensino M\u00e9dio\"}]},{\"@type\":\"WebSite\",\"@id\":\"https:\/\/redeicm.org.br\/madreimilda\/#website\",\"url\":\"https:\/\/redeicm.org.br\/madreimilda\/\",\"name\":\"Col\u00e9gio Madre Imilda | Rede ICM de educa\u00e7\u00e3o\",\"description\":\"\",\"publisher\":{\"@id\":\"https:\/\/redeicm.org.br\/madreimilda\/#organization\"},\"potentialAction\":[{\"@type\":\"SearchAction\",\"target\":{\"@type\":\"EntryPoint\",\"urlTemplate\":\"https:\/\/redeicm.org.br\/madreimilda\/?s={search_term_string}\"},\"query-input\":{\"@type\":\"PropertyValueSpecification\",\"valueRequired\":true,\"valueName\":\"search_term_string\"}}],\"inLanguage\":\"pt-BR\"},{\"@type\":\"Organization\",\"@id\":\"https:\/\/redeicm.org.br\/madreimilda\/#organization\",\"name\":\"Col\u00e9gio Madre Imilda | Rede ICM de educa\u00e7\u00e3o\",\"url\":\"https:\/\/redeicm.org.br\/madreimilda\/\",\"logo\":{\"@type\":\"ImageObject\",\"inLanguage\":\"pt-BR\",\"@id\":\"https:\/\/redeicm.org.br\/madreimilda\/#\/schema\/logo\/image\/\",\"url\":\"https:\/\/redeicm.org.br\/madreimilda\/wp-content\/uploads\/sites\/18\/2024\/08\/logo-colegio-madre-imilda.png\",\"contentUrl\":\"https:\/\/redeicm.org.br\/madreimilda\/wp-content\/uploads\/sites\/18\/2024\/08\/logo-colegio-madre-imilda.png\",\"width\":299,\"height\":135,\"caption\":\"Col\u00e9gio Madre Imilda | Rede ICM de educa\u00e7\u00e3o\"},\"image\":{\"@id\":\"https:\/\/redeicm.org.br\/madreimilda\/#\/schema\/logo\/image\/\"}}]}<\/script>\n<!-- \/ Yoast SEO plugin. -->","yoast_head_json":{"title":"Ensino M\u00e9dio - Col\u00e9gio Madre Imilda | Rede ICM de educa\u00e7\u00e3o","robots":{"index":"index","follow":"follow","max-snippet":"max-snippet:-1","max-image-preview":"max-image-preview:large","max-video-preview":"max-video-preview:-1"},"canonical":"https:\/\/redeicm.org.br\/madreimilda\/ensino-medio-2\/","og_locale":"pt_BR","og_type":"article","og_title":"Ensino M\u00e9dio - Col\u00e9gio Madre Imilda | Rede ICM de educa\u00e7\u00e3o","og_description":"Rotinas e Hor\u00e1rios do Ensino M\u00e9dio 7h15min \u00e0s 12h30min. Entradas e sa\u00eddas pelo sagu\u00e3o do estacionamento. Ensino M\u00e9dio Na Rede ICM de Educa\u00e7\u00e3o, contribu\u00edmos com a forma\u00e7\u00e3o integral do adolescente e do jovem, consolidando a autonomia de pensamento, a criticidade, a argui\u00e7\u00e3o cient\u00edfica e a alteridade, ajudando-o a ser um cidad\u00e3o consciente de suas responsabilidades [&hellip;]","og_url":"https:\/\/redeicm.org.br\/madreimilda\/ensino-medio-2\/","og_site_name":"Col\u00e9gio Madre Imilda | Rede ICM de educa\u00e7\u00e3o","article_modified_time":"2025-06-12T21:05:03+00:00","twitter_card":"summary_large_image","twitter_misc":{"Est. tempo de leitura":"3 minutos"},"schema":{"@context":"https:\/\/schema.org","@graph":[{"@type":"WebPage","@id":"https:\/\/redeicm.org.br\/madreimilda\/ensino-medio-2\/","url":"https:\/\/redeicm.org.br\/madreimilda\/ensino-medio-2\/","name":"Ensino M\u00e9dio - Col\u00e9gio Madre Imilda | Rede ICM de educa\u00e7\u00e3o","isPartOf":{"@id":"https:\/\/redeicm.org.br\/madreimilda\/#website"},"datePublished":"2024-09-11T16:34:25+00:00","dateModified":"2025-06-12T21:05:03+00:00","breadcrumb":{"@id":"https:\/\/redeicm.org.br\/madreimilda\/ensino-medio-2\/#breadcrumb"},"inLanguage":"pt-BR","potentialAction":[{"@type":"ReadAction","target":["https:\/\/redeicm.org.br\/madreimilda\/ensino-medio-2\/"]}]},{"@type":"BreadcrumbList","@id":"https:\/\/redeicm.org.br\/madreimilda\/ensino-medio-2\/#breadcrumb","itemListElement":[{"@type":"ListItem","position":1,"name":"In\u00edcio","item":"https:\/\/redeicm.org.br\/madreimilda\/"},{"@type":"ListItem","position":2,"name":"Ensino M\u00e9dio"}]},{"@type":"WebSite","@id":"https:\/\/redeicm.org.br\/madreimilda\/#website","url":"https:\/\/redeicm.org.br\/madreimilda\/","name":"Col\u00e9gio Madre Imilda | Rede ICM de educa\u00e7\u00e3o","description":"","publisher":{"@id":"https:\/\/redeicm.org.br\/madreimilda\/#organization"},"potentialAction":[{"@type":"SearchAction","target":{"@type":"EntryPoint","urlTemplate":"https:\/\/redeicm.org.br\/madreimilda\/?s={search_term_string}"},"query-input":{"@type":"PropertyValueSpecification","valueRequired":true,"valueName":"search_term_string"}}],"inLanguage":"pt-BR"},{"@type":"Organization","@id":"https:\/\/redeicm.org.br\/madreimilda\/#organization","name":"Col\u00e9gio Madre Imilda | Rede ICM de educa\u00e7\u00e3o","url":"https:\/\/redeicm.org.br\/madreimilda\/","logo":{"@type":"ImageObject","inLanguage":"pt-BR","@id":"https:\/\/redeicm.org.br\/madreimilda\/#\/schema\/logo\/image\/","url":"https:\/\/redeicm.org.br\/madreimilda\/wp-content\/uploads\/sites\/18\/2024\/08\/logo-colegio-madre-imilda.png","contentUrl":"https:\/\/redeicm.org.br\/madreimilda\/wp-content\/uploads\/sites\/18\/2024\/08\/logo-colegio-madre-imilda.png","width":299,"height":135,"caption":"Col\u00e9gio Madre Imilda | Rede ICM de educa\u00e7\u00e3o"},"image":{"@id":"https:\/\/redeicm.org.br\/madreimilda\/#\/schema\/logo\/image\/"}}]}},"_links":{"self":[{"href":"https:\/\/redeicm.org.br\/madreimilda\/wp-json\/wp\/v2\/pages\/335","targetHints":{"allow":["GET"]}}],"collection":[{"href":"https:\/\/redeicm.org.br\/madreimilda\/wp-json\/wp\/v2\/pages"}],"about":[{"href":"https:\/\/redeicm.org.br\/madreimilda\/wp-json\/wp\/v2\/types\/page"}],"author":[{"embeddable":true,"href":"https:\/\/redeicm.org.br\/madreimilda\/wp-json\/wp\/v2\/users\/1"}],"replies":[{"embeddable":true,"href":"https:\/\/redeicm.org.br\/madreimilda\/wp-json\/wp\/v2\/comments?post=335"}],"version-history":[{"count":9,"href":"https:\/\/redeicm.org.br\/madreimilda\/wp-json\/wp\/v2\/pages\/335\/revisions"}],"predecessor-version":[{"id":6810,"href":"https:\/\/redeicm.org.br\/madreimilda\/wp-json\/wp\/v2\/pages\/335\/revisions\/6810"}],"wp:attachment":[{"href":"https:\/\/redeicm.org.br\/madreimilda\/wp-json\/wp\/v2\/media?parent=335"}],"curies":[{"name":"wp","href":"https:\/\/api.w.org\/{rel}","templated":true}]}}