{"id":324,"date":"2024-09-11T11:27:12","date_gmt":"2024-09-11T14:27:12","guid":{"rendered":"https:\/\/redeicm.org.br\/madreimilda\/?page_id=324"},"modified":"2025-06-12T17:59:30","modified_gmt":"2025-06-12T20:59:30","slug":"educacao-infantil-2","status":"publish","type":"page","link":"https:\/\/redeicm.org.br\/madreimilda\/educacao-infantil-2\/","title":{"rendered":"Educa\u00e7\u00e3o Infantil"},"content":{"rendered":"\t\t<div data-elementor-type=\"wp-page\" data-elementor-id=\"324\" class=\"elementor elementor-324\" data-elementor-post-type=\"page\">\n\t\t\t\t<div class=\"elementor-element elementor-element-802c40f e-flex e-con-boxed e-con e-parent\" data-id=\"802c40f\" data-element_type=\"container\" data-e-type=\"container\" data-settings=\"{&quot;background_background&quot;:&quot;classic&quot;}\">\n\t\t\t\t\t<div class=\"e-con-inner\">\n\t\t\t\t<div class=\"elementor-element elementor-element-122c90b elementor-widget elementor-widget-heading\" data-id=\"122c90b\" data-element_type=\"widget\" data-e-type=\"widget\" data-widget_type=\"heading.default\">\n\t\t\t\t<div class=\"elementor-widget-container\">\n\t\t\t\t\t<h1 class=\"elementor-heading-title elementor-size-default\">Educa\u00e7\u00e3o Infantil<\/h1>\t\t\t\t<\/div>\n\t\t\t\t<\/div>\n\t\t\t\t\t<\/div>\n\t\t\t\t<\/div>\n\t\t<div class=\"elementor-element elementor-element-2b787eb e-con-full e-flex e-con e-parent\" data-id=\"2b787eb\" data-element_type=\"container\" data-e-type=\"container\">\n\t\t<div class=\"elementor-element elementor-element-a7a244d e-flex e-con-boxed e-con e-child\" data-id=\"a7a244d\" data-element_type=\"container\" data-e-type=\"container\">\n\t\t\t\t\t<div class=\"e-con-inner\">\n\t\t\t\t<div class=\"elementor-element elementor-element-9b39722 elementor-invisible elementor-widget elementor-widget-text-editor\" data-id=\"9b39722\" data-element_type=\"widget\" data-e-type=\"widget\" data-settings=\"{&quot;_animation&quot;:&quot;fadeInUp&quot;}\" data-widget_type=\"text-editor.default\">\n\t\t\t\t<div class=\"elementor-widget-container\">\n\t\t\t\t\t\t\t\t\t<h2><strong>Atividades de Rotina e Hor\u00e1rios da Educa\u00e7\u00e3o Infantil<\/strong><\/h2><ul><li>Na entrada, at\u00e9 \u00e0s 13h15min, as crian\u00e7as dever\u00e3o ser acompanhadas por um adulto respons\u00e1vel at\u00e9 a sua sala de aula.<\/li><li>Na sa\u00edda do col\u00e9gio, a partir das 17h15min, as crian\u00e7as dever\u00e3o ser buscadas na sala de aula por um adulto respons\u00e1vel.<\/li><li>As crian\u00e7as fazem a higiene, orientadas pela professora, depois lancham em sala de aula.<\/li><li>A escola possui um ambiente especializado para trabalhar com as atividades motoras e cognitivas com os alunos.<\/li><li>As crian\u00e7as utilizam todos os espa\u00e7os do Col\u00e9gio nas atividades rotineiras, sempre acompanhadas por suas professoras: oficina l\u00fadica, parques, capela, laborat\u00f3rio de\u00a0 ci\u00eancias, biblioteca, p\u00e1tios, etc\u2026<\/li><\/ul><p>\u00a0<\/p><h2><strong>Educa\u00e7\u00e3o Infantil<\/strong><\/h2><p>Encontramos na Educa\u00e7\u00e3o Infantil das Unidades de Ensino da Rede ICM de Educa\u00e7\u00e3o, uma proposta de aprendizagem integral, valorizando:<\/p><p>\u00a0<\/p><h3><strong>IDENTIDADE E AUTONOMIA<\/strong><\/h3><p>Desenvolvemos a constru\u00e7\u00e3o da identidade e da autonomia, num processo de intera\u00e7\u00e3o, afetividade, diversidade, constru\u00e7\u00e3o e apropria\u00e7\u00e3o de regras de conviv\u00eancia, bem como a\u00e7\u00f5es de autocuidado e confian\u00e7a em suas capacidades, despertando os sentimentos e atitudes de solidariedade e respeito m\u00fatuo, sendo autor e protagonista da sua hist\u00f3ria.<\/p><p>\u00a0<\/p><h3><strong>CRIATIVIDADE<\/strong><\/h3><p>Estimulamos o pensamento criativo, o encantamento pela descoberta, a imagina\u00e7\u00e3o, a fantasia, os desafios, as explora\u00e7\u00f5es individuais e coletivas. Potencializamos a curiosidade em pesquisar, a interagir com os ambientes, \u00e0 perguntar, a brincar com as ideias e a pensar de maneira flex\u00edvel e reflexiva. O pensamento reflexivo se constr\u00f3i nas viv\u00eancias dos campos de experi\u00eancia e na media\u00e7\u00e3o docente, que constr\u00f3i estruturas cada vez mais complexas e conscientes.<\/p><p>\u00a0<\/p><h3><strong>ESPA\u00c7OS L\u00daDICOS E CRIATIVOS<\/strong><\/h3><p>Desenvolvemos atividades e projetos em espa\u00e7os que apresentam um design inovador, diferenciado. Ambientes amplos, organizados, coloridos, comunicativos e acolhedores. Os materiais, brinquedos e brincadeiras s\u00e3o utilizados como incentivo para explora\u00e7\u00e3o, para a troca, para a descoberta e aprendizagem, atrav\u00e9s de viv\u00eancias mediadas pelos campos de experi\u00eancia.<\/p><p>\u00a0<\/p><h3><strong>APRENDIZAGEM NAS DIFERENTES LINGUAGENS<\/strong><\/h3><p>Valorizamos a aprendizagem nas diferentes linguagens utilizadas pelas crian\u00e7as em sua intera\u00e7\u00e3o com o mundo e com o outro. Fala, escrita, representa\u00e7\u00f5es gr\u00e1ficas, gestos, olhares, comportamentos, produ\u00e7\u00f5es, brincadeiras e jogos s\u00e3o utilizados pelas crian\u00e7as para expressarem seus sonhos, temores, curiosidades, sentimentos e espiritualidade, por meio de pr\u00e1ticas pedag\u00f3gicas alicer\u00e7adas na media\u00e7\u00e3o sens\u00edvel e cuidadosa do adulto.<\/p><p>\u00a0<\/p><h3><strong>CUIDADO, CONVIV\u00caNCIA E AFETO<\/strong><\/h3><p>Oferecemos um ambiente seguro e acolhedor, com base nos valores de coopera\u00e7\u00e3o, respeito, partilha e solidariedade, proporcionando viv\u00eancias e conviv\u00eancias estimuladoras para o desenvolvimento da crian\u00e7a em seus m\u00faltiplos aspectos. Contamos com profissionais afetivos e qualificados para trabalhar com as diferen\u00e7as, assegurando o bem-estar da crian\u00e7a, acolhendo-a na sua individualidade.<\/p><p>\u00a0<\/p><h3><strong>EDUCAR, CUIDAR E BRINCAR<\/strong><\/h3><p>Alicer\u00e7amos nossa proposta no trip\u00e9 educar, cuidar e brincar, reconhecendo estes eixos como essenciais para um trabalho diferenciado e de qualidade. Essa tr\u00edade \u00e9 o caminho da aprendizagem da crian\u00e7a, onde ela investiga, compartilha, pensa, constr\u00f3i, testa seus limites, se envolve com o mundo, resultando em experi\u00eancias criativas de aprendizagem.<\/p>\t\t\t\t\t\t\t\t<\/div>\n\t\t\t\t<\/div>\n\t\t\t\t\t<\/div>\n\t\t\t\t<\/div>\n\t\t\t\t<\/div>\n\t\t\t\t<\/div>\n\t\t","protected":false},"excerpt":{"rendered":"<p>Atividades de Rotina e Hor\u00e1rios da Educa\u00e7\u00e3o Infantil Na entrada, at\u00e9 \u00e0s 13h15min, as crian\u00e7as dever\u00e3o ser acompanhadas por um adulto respons\u00e1vel at\u00e9 a sua sala de aula. Na sa\u00edda do col\u00e9gio, a partir das 17h15min, as crian\u00e7as dever\u00e3o ser buscadas na sala de aula por um adulto respons\u00e1vel. As crian\u00e7as fazem a higiene, orientadas [&hellip;]<\/p>\n","protected":false},"author":1,"featured_media":0,"parent":0,"menu_order":0,"comment_status":"closed","ping_status":"closed","template":"","meta":{"_acf_changed":false,"footnotes":""},"class_list":["post-324","page","type-page","status-publish","hentry"],"acf":[],"yoast_head":"<!-- This site is optimized with the Yoast SEO plugin v26.3 - https:\/\/yoast.com\/wordpress\/plugins\/seo\/ -->\n<title>Educa\u00e7\u00e3o Infantil - Col\u00e9gio Madre Imilda | Rede ICM de educa\u00e7\u00e3o<\/title>\n<meta name=\"robots\" content=\"index, follow, max-snippet:-1, max-image-preview:large, max-video-preview:-1\" \/>\n<link rel=\"canonical\" href=\"https:\/\/redeicm.org.br\/madreimilda\/educacao-infantil-2\/\" \/>\n<meta property=\"og:locale\" content=\"pt_BR\" \/>\n<meta property=\"og:type\" content=\"article\" \/>\n<meta property=\"og:title\" content=\"Educa\u00e7\u00e3o Infantil - Col\u00e9gio Madre Imilda | Rede ICM de educa\u00e7\u00e3o\" \/>\n<meta property=\"og:description\" content=\"Atividades de Rotina e Hor\u00e1rios da Educa\u00e7\u00e3o Infantil Na entrada, at\u00e9 \u00e0s 13h15min, as crian\u00e7as dever\u00e3o ser acompanhadas por um adulto respons\u00e1vel at\u00e9 a sua sala de aula. Na sa\u00edda do col\u00e9gio, a partir das 17h15min, as crian\u00e7as dever\u00e3o ser buscadas na sala de aula por um adulto respons\u00e1vel. As crian\u00e7as fazem a higiene, orientadas [&hellip;]\" \/>\n<meta property=\"og:url\" content=\"https:\/\/redeicm.org.br\/madreimilda\/educacao-infantil-2\/\" \/>\n<meta property=\"og:site_name\" content=\"Col\u00e9gio Madre Imilda | Rede ICM de educa\u00e7\u00e3o\" \/>\n<meta property=\"article:modified_time\" content=\"2025-06-12T20:59:30+00:00\" \/>\n<meta name=\"twitter:card\" content=\"summary_large_image\" \/>\n<meta name=\"twitter:label1\" content=\"Est. tempo de leitura\" \/>\n\t<meta name=\"twitter:data1\" content=\"3 minutos\" \/>\n<script type=\"application\/ld+json\" class=\"yoast-schema-graph\">{\"@context\":\"https:\/\/schema.org\",\"@graph\":[{\"@type\":\"WebPage\",\"@id\":\"https:\/\/redeicm.org.br\/madreimilda\/educacao-infantil-2\/\",\"url\":\"https:\/\/redeicm.org.br\/madreimilda\/educacao-infantil-2\/\",\"name\":\"Educa\u00e7\u00e3o Infantil - Col\u00e9gio Madre Imilda | Rede ICM de educa\u00e7\u00e3o\",\"isPartOf\":{\"@id\":\"https:\/\/redeicm.org.br\/madreimilda\/#website\"},\"datePublished\":\"2024-09-11T14:27:12+00:00\",\"dateModified\":\"2025-06-12T20:59:30+00:00\",\"breadcrumb\":{\"@id\":\"https:\/\/redeicm.org.br\/madreimilda\/educacao-infantil-2\/#breadcrumb\"},\"inLanguage\":\"pt-BR\",\"potentialAction\":[{\"@type\":\"ReadAction\",\"target\":[\"https:\/\/redeicm.org.br\/madreimilda\/educacao-infantil-2\/\"]}]},{\"@type\":\"BreadcrumbList\",\"@id\":\"https:\/\/redeicm.org.br\/madreimilda\/educacao-infantil-2\/#breadcrumb\",\"itemListElement\":[{\"@type\":\"ListItem\",\"position\":1,\"name\":\"In\u00edcio\",\"item\":\"https:\/\/redeicm.org.br\/madreimilda\/\"},{\"@type\":\"ListItem\",\"position\":2,\"name\":\"Educa\u00e7\u00e3o Infantil\"}]},{\"@type\":\"WebSite\",\"@id\":\"https:\/\/redeicm.org.br\/madreimilda\/#website\",\"url\":\"https:\/\/redeicm.org.br\/madreimilda\/\",\"name\":\"Col\u00e9gio Madre Imilda | Rede ICM de educa\u00e7\u00e3o\",\"description\":\"\",\"publisher\":{\"@id\":\"https:\/\/redeicm.org.br\/madreimilda\/#organization\"},\"potentialAction\":[{\"@type\":\"SearchAction\",\"target\":{\"@type\":\"EntryPoint\",\"urlTemplate\":\"https:\/\/redeicm.org.br\/madreimilda\/?s={search_term_string}\"},\"query-input\":{\"@type\":\"PropertyValueSpecification\",\"valueRequired\":true,\"valueName\":\"search_term_string\"}}],\"inLanguage\":\"pt-BR\"},{\"@type\":\"Organization\",\"@id\":\"https:\/\/redeicm.org.br\/madreimilda\/#organization\",\"name\":\"Col\u00e9gio Madre Imilda | Rede ICM de educa\u00e7\u00e3o\",\"url\":\"https:\/\/redeicm.org.br\/madreimilda\/\",\"logo\":{\"@type\":\"ImageObject\",\"inLanguage\":\"pt-BR\",\"@id\":\"https:\/\/redeicm.org.br\/madreimilda\/#\/schema\/logo\/image\/\",\"url\":\"https:\/\/redeicm.org.br\/madreimilda\/wp-content\/uploads\/sites\/18\/2024\/08\/logo-colegio-madre-imilda.png\",\"contentUrl\":\"https:\/\/redeicm.org.br\/madreimilda\/wp-content\/uploads\/sites\/18\/2024\/08\/logo-colegio-madre-imilda.png\",\"width\":299,\"height\":135,\"caption\":\"Col\u00e9gio Madre Imilda | Rede ICM de educa\u00e7\u00e3o\"},\"image\":{\"@id\":\"https:\/\/redeicm.org.br\/madreimilda\/#\/schema\/logo\/image\/\"}}]}<\/script>\n<!-- \/ Yoast SEO plugin. -->","yoast_head_json":{"title":"Educa\u00e7\u00e3o Infantil - Col\u00e9gio Madre Imilda | Rede ICM de educa\u00e7\u00e3o","robots":{"index":"index","follow":"follow","max-snippet":"max-snippet:-1","max-image-preview":"max-image-preview:large","max-video-preview":"max-video-preview:-1"},"canonical":"https:\/\/redeicm.org.br\/madreimilda\/educacao-infantil-2\/","og_locale":"pt_BR","og_type":"article","og_title":"Educa\u00e7\u00e3o Infantil - Col\u00e9gio Madre Imilda | Rede ICM de educa\u00e7\u00e3o","og_description":"Atividades de Rotina e Hor\u00e1rios da Educa\u00e7\u00e3o Infantil Na entrada, at\u00e9 \u00e0s 13h15min, as crian\u00e7as dever\u00e3o ser acompanhadas por um adulto respons\u00e1vel at\u00e9 a sua sala de aula. Na sa\u00edda do col\u00e9gio, a partir das 17h15min, as crian\u00e7as dever\u00e3o ser buscadas na sala de aula por um adulto respons\u00e1vel. As crian\u00e7as fazem a higiene, orientadas [&hellip;]","og_url":"https:\/\/redeicm.org.br\/madreimilda\/educacao-infantil-2\/","og_site_name":"Col\u00e9gio Madre Imilda | Rede ICM de educa\u00e7\u00e3o","article_modified_time":"2025-06-12T20:59:30+00:00","twitter_card":"summary_large_image","twitter_misc":{"Est. tempo de leitura":"3 minutos"},"schema":{"@context":"https:\/\/schema.org","@graph":[{"@type":"WebPage","@id":"https:\/\/redeicm.org.br\/madreimilda\/educacao-infantil-2\/","url":"https:\/\/redeicm.org.br\/madreimilda\/educacao-infantil-2\/","name":"Educa\u00e7\u00e3o Infantil - Col\u00e9gio Madre Imilda | Rede ICM de educa\u00e7\u00e3o","isPartOf":{"@id":"https:\/\/redeicm.org.br\/madreimilda\/#website"},"datePublished":"2024-09-11T14:27:12+00:00","dateModified":"2025-06-12T20:59:30+00:00","breadcrumb":{"@id":"https:\/\/redeicm.org.br\/madreimilda\/educacao-infantil-2\/#breadcrumb"},"inLanguage":"pt-BR","potentialAction":[{"@type":"ReadAction","target":["https:\/\/redeicm.org.br\/madreimilda\/educacao-infantil-2\/"]}]},{"@type":"BreadcrumbList","@id":"https:\/\/redeicm.org.br\/madreimilda\/educacao-infantil-2\/#breadcrumb","itemListElement":[{"@type":"ListItem","position":1,"name":"In\u00edcio","item":"https:\/\/redeicm.org.br\/madreimilda\/"},{"@type":"ListItem","position":2,"name":"Educa\u00e7\u00e3o Infantil"}]},{"@type":"WebSite","@id":"https:\/\/redeicm.org.br\/madreimilda\/#website","url":"https:\/\/redeicm.org.br\/madreimilda\/","name":"Col\u00e9gio Madre Imilda | Rede ICM de educa\u00e7\u00e3o","description":"","publisher":{"@id":"https:\/\/redeicm.org.br\/madreimilda\/#organization"},"potentialAction":[{"@type":"SearchAction","target":{"@type":"EntryPoint","urlTemplate":"https:\/\/redeicm.org.br\/madreimilda\/?s={search_term_string}"},"query-input":{"@type":"PropertyValueSpecification","valueRequired":true,"valueName":"search_term_string"}}],"inLanguage":"pt-BR"},{"@type":"Organization","@id":"https:\/\/redeicm.org.br\/madreimilda\/#organization","name":"Col\u00e9gio Madre Imilda | Rede ICM de educa\u00e7\u00e3o","url":"https:\/\/redeicm.org.br\/madreimilda\/","logo":{"@type":"ImageObject","inLanguage":"pt-BR","@id":"https:\/\/redeicm.org.br\/madreimilda\/#\/schema\/logo\/image\/","url":"https:\/\/redeicm.org.br\/madreimilda\/wp-content\/uploads\/sites\/18\/2024\/08\/logo-colegio-madre-imilda.png","contentUrl":"https:\/\/redeicm.org.br\/madreimilda\/wp-content\/uploads\/sites\/18\/2024\/08\/logo-colegio-madre-imilda.png","width":299,"height":135,"caption":"Col\u00e9gio Madre Imilda | Rede ICM de educa\u00e7\u00e3o"},"image":{"@id":"https:\/\/redeicm.org.br\/madreimilda\/#\/schema\/logo\/image\/"}}]}},"_links":{"self":[{"href":"https:\/\/redeicm.org.br\/madreimilda\/wp-json\/wp\/v2\/pages\/324","targetHints":{"allow":["GET"]}}],"collection":[{"href":"https:\/\/redeicm.org.br\/madreimilda\/wp-json\/wp\/v2\/pages"}],"about":[{"href":"https:\/\/redeicm.org.br\/madreimilda\/wp-json\/wp\/v2\/types\/page"}],"author":[{"embeddable":true,"href":"https:\/\/redeicm.org.br\/madreimilda\/wp-json\/wp\/v2\/users\/1"}],"replies":[{"embeddable":true,"href":"https:\/\/redeicm.org.br\/madreimilda\/wp-json\/wp\/v2\/comments?post=324"}],"version-history":[{"count":6,"href":"https:\/\/redeicm.org.br\/madreimilda\/wp-json\/wp\/v2\/pages\/324\/revisions"}],"predecessor-version":[{"id":6800,"href":"https:\/\/redeicm.org.br\/madreimilda\/wp-json\/wp\/v2\/pages\/324\/revisions\/6800"}],"wp:attachment":[{"href":"https:\/\/redeicm.org.br\/madreimilda\/wp-json\/wp\/v2\/media?parent=324"}],"curies":[{"name":"wp","href":"https:\/\/api.w.org\/{rel}","templated":true}]}}