{"id":305,"date":"2024-09-11T11:09:42","date_gmt":"2024-09-11T14:09:42","guid":{"rendered":"https:\/\/redeicm.org.br\/madreimilda\/?page_id=305"},"modified":"2025-10-21T13:07:28","modified_gmt":"2025-10-21T16:07:28","slug":"referenciais-da-pratica-educativa","status":"publish","type":"page","link":"https:\/\/redeicm.org.br\/madreimilda\/referenciais-da-pratica-educativa\/","title":{"rendered":"Referenciais da Pr\u00e1tica Educativa"},"content":{"rendered":"\t\t<div data-elementor-type=\"wp-page\" data-elementor-id=\"305\" class=\"elementor elementor-305\" data-elementor-post-type=\"page\">\n\t\t\t\t<div class=\"elementor-element elementor-element-05a7850 e-flex e-con-boxed e-con e-parent\" data-id=\"05a7850\" data-element_type=\"container\" data-e-type=\"container\" data-settings=\"{&quot;background_background&quot;:&quot;classic&quot;}\">\n\t\t\t\t\t<div class=\"e-con-inner\">\n\t\t\t\t<div class=\"elementor-element elementor-element-98b9751 elementor-widget elementor-widget-heading\" data-id=\"98b9751\" data-element_type=\"widget\" data-e-type=\"widget\" data-widget_type=\"heading.default\">\n\t\t\t\t<div class=\"elementor-widget-container\">\n\t\t\t\t\t<h1 class=\"elementor-heading-title elementor-size-default\">Referenciais da Pr\u00e1tica Educativa<\/h1>\t\t\t\t<\/div>\n\t\t\t\t<\/div>\n\t\t\t\t\t<\/div>\n\t\t\t\t<\/div>\n\t\t<div class=\"elementor-element elementor-element-08c18e8 e-con-full e-flex e-con e-parent\" data-id=\"08c18e8\" data-element_type=\"container\" data-e-type=\"container\">\n\t\t<div class=\"elementor-element elementor-element-30a403b e-flex e-con-boxed e-con e-child\" data-id=\"30a403b\" data-element_type=\"container\" data-e-type=\"container\">\n\t\t\t\t\t<div class=\"e-con-inner\">\n\t\t\t\t<div class=\"elementor-element elementor-element-7c7d068 elementor-invisible elementor-widget elementor-widget-text-editor\" data-id=\"7c7d068\" data-element_type=\"widget\" data-e-type=\"widget\" data-settings=\"{&quot;_animation&quot;:&quot;fadeInUp&quot;}\" data-widget_type=\"text-editor.default\">\n\t\t\t\t<div class=\"elementor-widget-container\">\n\t\t\t\t\t\t\t\t\t<p>A Unidade de Ensino Col\u00e9gio Madre Imilda, assume plenamente a Filosofia delineada pelo\u00a0<strong><a href=\"https:\/\/redeicm.org.br\/wp-content\/uploads\/pdf\/ICM_ProjetoEducativo-FINAL.pdf\" target=\"_blank\" rel=\"noopener noreferrer\">Projeto Educativo ICM<\/a>.\u00a0<\/strong>A Filosofia da Rede ICM de Educa\u00e7\u00e3o tem seus alicerces nos princ\u00edpios evang\u00e9licos deixados por Jesus Cristo e na M\u00edstica da Bem-Aventura B\u00e1rbara Maix.<\/p><p>A forma\u00e7\u00e3o atualizada que a Unidade de Ensino promove visa dar respostas \u00e0s necessidades de prepara\u00e7\u00e3o para a vida. A partir desta clara op\u00e7\u00e3o, a Unidade de Ensino constr\u00f3i uma trajet\u00f3ria pedag\u00f3gica que tem como centro a\u00a0<strong>dignidade da pessoa humana<\/strong>, constitu\u00edda ou ressignificada, atrav\u00e9s de metodologias baseadas na inclus\u00e3o e no amor. A Unidade de Ensino, a exemplo do que viveu e nos legou a Bem-Aventurada B\u00e1rbara Maix, considera essencial ensinar e vivenciar a import\u00e2ncia de relacionar-se com os outros e o grande Outro, um modo \u00edmpar de entender a pessoa humana, a coragem de ousar e inovar, a promo\u00e7\u00e3o da vida e a forma\u00e7\u00e3o do car\u00e1ter.<\/p><p>A fundamenta\u00e7\u00e3o da pr\u00e1tica educativa da Rede ICM de Educa\u00e7\u00e3o encontra-se na forma como a Bem-Aventurada B\u00e1rbara Maix leu o mundo, vivenciou os valores evang\u00e9licos, relacionou-se com as pessoas, com a natureza e com Deus. Nesta perspectiva, o\u00a0<strong>testemunho\u00a0<\/strong>se configura em uma dimens\u00e3o fundamental para desenvolver a sensibilidade da leitura de mundo que permite o sujeito posicionar-se e agir. A a\u00e7\u00e3o humana se d\u00e1 no coletivo, na viv\u00eancia da\u00a0<strong>comunidade,\u00a0<\/strong>da Igreja viva, que constr\u00f3i no cotidiano a responsabilidade social, a promo\u00e7\u00e3o da vida, do respeito e da solidariedade.<\/p><p>A sociedade que queremos desenvolver a partir da experi\u00eancia educativa \u00e9 a sociedade do conhecimento a servi\u00e7o da vida, que seja economicamente justa, \u00e9tica, equitativa, solid\u00e1ria, politicamente democr\u00e1tica, culturalmente plural e religiosamente ecum\u00eanica. A pr\u00e1tica educativa desenvolve a\u00a0<strong>conviv\u00eancia,\u00a0<\/strong>e no espa\u00e7o escolar o sujeito constr\u00f3i a experi\u00eancia de aprender a conviver, de transitar com harmonia e respeito em uma sociedade de direitos e deveres.<\/p><p>Para a concretiza\u00e7\u00e3o de seus princ\u00edpios, a Rede ICM de Educa\u00e7\u00e3o e suas Unidades de Ensino assumem a\u00a0<strong>Educa\u00e7\u00e3o Humanizadora\u00a0<\/strong>como seu eixo estruturante da pr\u00e1tica pedag\u00f3gica, propondo uma educa\u00e7\u00e3o pautada no di\u00e1logo, sempre movido pelo olhar do cora\u00e7\u00e3o, na clareza de objetivos e convic\u00e7\u00e3o, que se d\u00e1 na firmeza da linguagem, na acolhida e no perd\u00e3o, na sensibilidade e flexibilidade, na perspic\u00e1cia e determina\u00e7\u00e3o. A\u00a0<strong>Educa\u00e7\u00e3o Humanizadora<\/strong>\u00a0na Unidade de Ensino se preocupa com a forma\u00e7\u00e3o integral do ser humano, com a forma\u00e7\u00e3o do car\u00e1ter, com o equil\u00edbrio entre exig\u00eancia e rigor, entre Raz\u00e3o e intelig\u00eancia, F\u00e9 e confian\u00e7a.<\/p><p>A Unidade de Ensino prop\u00f5e uma educa\u00e7\u00e3o comprometida com a totalidade do ser, em que a pessoa \u00e9 o fim \u00faltimo da pr\u00e1tica educativa que prioriza a constru\u00e7\u00e3o e a experi\u00eancia de um\u00a0<strong>Projeto de Vida\u00a0<\/strong>que valorize o conhecimento e o desenvolvimento das habilidades e compet\u00eancias.<\/p><p>A filosofia da Rede ICM de Educa\u00e7\u00e3o tem como princ\u00edpio epistemol\u00f3gico a\u00a0<strong>Concep\u00e7\u00e3o Interacionista,\u00a0<\/strong>como modelo de rela\u00e7\u00e3o com o conhecimento e como postura pedag\u00f3gica. A Unidade de Ensino constr\u00f3i sua pr\u00e1tica pedag\u00f3gica considerando a articula\u00e7\u00e3o entre a\u00a0<strong>dimens\u00e3o pol\u00edtico-filos\u00f3fica<\/strong>\u00a0da educa\u00e7\u00e3o, que pressup\u00f5e um olhar atento aos desafios lan\u00e7ados pelas intensas transforma\u00e7\u00f5es sociais decorrentes da necessidade de compartilhar diferen\u00e7as e valores, e a\u00a0<strong>dimens\u00e3o formativa-cient\u00edfica<\/strong>, integrada pelas especificidades cient\u00edficas, culturais e profissionais \u00e0 luz de um conjunto de conte\u00fados program\u00e1ticos capazes de contribuir para a qualifica\u00e7\u00e3o e capacita\u00e7\u00e3o nas diferentes \u00e1reas e campos do conhecimento, garantindo-se nesse processo as interfaces com as possibilidades da experimenta\u00e7\u00e3o e da interdisciplinaridade.<\/p>\t\t\t\t\t\t\t\t<\/div>\n\t\t\t\t<\/div>\n\t\t\t\t\t<\/div>\n\t\t\t\t<\/div>\n\t\t\t\t<\/div>\n\t\t\t\t<\/div>\n\t\t","protected":false},"excerpt":{"rendered":"<p>A Unidade de Ensino Col\u00e9gio Madre Imilda, assume plenamente a Filosofia delineada pelo\u00a0Projeto Educativo ICM.\u00a0A Filosofia da Rede ICM de Educa\u00e7\u00e3o tem seus alicerces nos princ\u00edpios evang\u00e9licos deixados por Jesus Cristo e na M\u00edstica da Bem-Aventura B\u00e1rbara Maix. A forma\u00e7\u00e3o atualizada que a Unidade de Ensino promove visa dar respostas \u00e0s necessidades de prepara\u00e7\u00e3o para [&hellip;]<\/p>\n","protected":false},"author":1,"featured_media":0,"parent":0,"menu_order":0,"comment_status":"closed","ping_status":"closed","template":"","meta":{"_acf_changed":false,"footnotes":""},"class_list":["post-305","page","type-page","status-publish","hentry"],"acf":[],"yoast_head":"<!-- This site is optimized with the Yoast SEO plugin v26.3 - https:\/\/yoast.com\/wordpress\/plugins\/seo\/ -->\n<title>Referenciais da Pr\u00e1tica Educativa - Col\u00e9gio Madre Imilda | Rede ICM de educa\u00e7\u00e3o<\/title>\n<meta name=\"robots\" content=\"index, follow, max-snippet:-1, max-image-preview:large, max-video-preview:-1\" \/>\n<link rel=\"canonical\" href=\"https:\/\/redeicm.org.br\/madreimilda\/referenciais-da-pratica-educativa\/\" \/>\n<meta property=\"og:locale\" content=\"pt_BR\" \/>\n<meta property=\"og:type\" content=\"article\" \/>\n<meta property=\"og:title\" content=\"Referenciais da Pr\u00e1tica Educativa - Col\u00e9gio Madre Imilda | Rede ICM de educa\u00e7\u00e3o\" \/>\n<meta property=\"og:description\" content=\"A Unidade de Ensino Col\u00e9gio Madre Imilda, assume plenamente a Filosofia delineada pelo\u00a0Projeto Educativo ICM.\u00a0A Filosofia da Rede ICM de Educa\u00e7\u00e3o tem seus alicerces nos princ\u00edpios evang\u00e9licos deixados por Jesus Cristo e na M\u00edstica da Bem-Aventura B\u00e1rbara Maix. A forma\u00e7\u00e3o atualizada que a Unidade de Ensino promove visa dar respostas \u00e0s necessidades de prepara\u00e7\u00e3o para [&hellip;]\" \/>\n<meta property=\"og:url\" content=\"https:\/\/redeicm.org.br\/madreimilda\/referenciais-da-pratica-educativa\/\" \/>\n<meta property=\"og:site_name\" content=\"Col\u00e9gio Madre Imilda | Rede ICM de educa\u00e7\u00e3o\" \/>\n<meta property=\"article:modified_time\" content=\"2025-10-21T16:07:28+00:00\" \/>\n<meta name=\"twitter:card\" content=\"summary_large_image\" \/>\n<meta name=\"twitter:label1\" content=\"Est. tempo de leitura\" \/>\n\t<meta name=\"twitter:data1\" content=\"4 minutos\" \/>\n<script type=\"application\/ld+json\" class=\"yoast-schema-graph\">{\"@context\":\"https:\/\/schema.org\",\"@graph\":[{\"@type\":\"WebPage\",\"@id\":\"https:\/\/redeicm.org.br\/madreimilda\/referenciais-da-pratica-educativa\/\",\"url\":\"https:\/\/redeicm.org.br\/madreimilda\/referenciais-da-pratica-educativa\/\",\"name\":\"Referenciais da Pr\u00e1tica Educativa - Col\u00e9gio Madre Imilda | Rede ICM de educa\u00e7\u00e3o\",\"isPartOf\":{\"@id\":\"https:\/\/redeicm.org.br\/madreimilda\/#website\"},\"datePublished\":\"2024-09-11T14:09:42+00:00\",\"dateModified\":\"2025-10-21T16:07:28+00:00\",\"breadcrumb\":{\"@id\":\"https:\/\/redeicm.org.br\/madreimilda\/referenciais-da-pratica-educativa\/#breadcrumb\"},\"inLanguage\":\"pt-BR\",\"potentialAction\":[{\"@type\":\"ReadAction\",\"target\":[\"https:\/\/redeicm.org.br\/madreimilda\/referenciais-da-pratica-educativa\/\"]}]},{\"@type\":\"BreadcrumbList\",\"@id\":\"https:\/\/redeicm.org.br\/madreimilda\/referenciais-da-pratica-educativa\/#breadcrumb\",\"itemListElement\":[{\"@type\":\"ListItem\",\"position\":1,\"name\":\"In\u00edcio\",\"item\":\"https:\/\/redeicm.org.br\/madreimilda\/\"},{\"@type\":\"ListItem\",\"position\":2,\"name\":\"Referenciais da Pr\u00e1tica Educativa\"}]},{\"@type\":\"WebSite\",\"@id\":\"https:\/\/redeicm.org.br\/madreimilda\/#website\",\"url\":\"https:\/\/redeicm.org.br\/madreimilda\/\",\"name\":\"Col\u00e9gio Madre Imilda | Rede ICM de educa\u00e7\u00e3o\",\"description\":\"\",\"publisher\":{\"@id\":\"https:\/\/redeicm.org.br\/madreimilda\/#organization\"},\"potentialAction\":[{\"@type\":\"SearchAction\",\"target\":{\"@type\":\"EntryPoint\",\"urlTemplate\":\"https:\/\/redeicm.org.br\/madreimilda\/?s={search_term_string}\"},\"query-input\":{\"@type\":\"PropertyValueSpecification\",\"valueRequired\":true,\"valueName\":\"search_term_string\"}}],\"inLanguage\":\"pt-BR\"},{\"@type\":\"Organization\",\"@id\":\"https:\/\/redeicm.org.br\/madreimilda\/#organization\",\"name\":\"Col\u00e9gio Madre Imilda | Rede ICM de educa\u00e7\u00e3o\",\"url\":\"https:\/\/redeicm.org.br\/madreimilda\/\",\"logo\":{\"@type\":\"ImageObject\",\"inLanguage\":\"pt-BR\",\"@id\":\"https:\/\/redeicm.org.br\/madreimilda\/#\/schema\/logo\/image\/\",\"url\":\"https:\/\/redeicm.org.br\/madreimilda\/wp-content\/uploads\/sites\/18\/2024\/08\/logo-colegio-madre-imilda.png\",\"contentUrl\":\"https:\/\/redeicm.org.br\/madreimilda\/wp-content\/uploads\/sites\/18\/2024\/08\/logo-colegio-madre-imilda.png\",\"width\":299,\"height\":135,\"caption\":\"Col\u00e9gio Madre Imilda | Rede ICM de educa\u00e7\u00e3o\"},\"image\":{\"@id\":\"https:\/\/redeicm.org.br\/madreimilda\/#\/schema\/logo\/image\/\"}}]}<\/script>\n<!-- \/ Yoast SEO plugin. -->","yoast_head_json":{"title":"Referenciais da Pr\u00e1tica Educativa - Col\u00e9gio Madre Imilda | Rede ICM de educa\u00e7\u00e3o","robots":{"index":"index","follow":"follow","max-snippet":"max-snippet:-1","max-image-preview":"max-image-preview:large","max-video-preview":"max-video-preview:-1"},"canonical":"https:\/\/redeicm.org.br\/madreimilda\/referenciais-da-pratica-educativa\/","og_locale":"pt_BR","og_type":"article","og_title":"Referenciais da Pr\u00e1tica Educativa - Col\u00e9gio Madre Imilda | Rede ICM de educa\u00e7\u00e3o","og_description":"A Unidade de Ensino Col\u00e9gio Madre Imilda, assume plenamente a Filosofia delineada pelo\u00a0Projeto Educativo ICM.\u00a0A Filosofia da Rede ICM de Educa\u00e7\u00e3o tem seus alicerces nos princ\u00edpios evang\u00e9licos deixados por Jesus Cristo e na M\u00edstica da Bem-Aventura B\u00e1rbara Maix. A forma\u00e7\u00e3o atualizada que a Unidade de Ensino promove visa dar respostas \u00e0s necessidades de prepara\u00e7\u00e3o para [&hellip;]","og_url":"https:\/\/redeicm.org.br\/madreimilda\/referenciais-da-pratica-educativa\/","og_site_name":"Col\u00e9gio Madre Imilda | Rede ICM de educa\u00e7\u00e3o","article_modified_time":"2025-10-21T16:07:28+00:00","twitter_card":"summary_large_image","twitter_misc":{"Est. tempo de leitura":"4 minutos"},"schema":{"@context":"https:\/\/schema.org","@graph":[{"@type":"WebPage","@id":"https:\/\/redeicm.org.br\/madreimilda\/referenciais-da-pratica-educativa\/","url":"https:\/\/redeicm.org.br\/madreimilda\/referenciais-da-pratica-educativa\/","name":"Referenciais da Pr\u00e1tica Educativa - Col\u00e9gio Madre Imilda | Rede ICM de educa\u00e7\u00e3o","isPartOf":{"@id":"https:\/\/redeicm.org.br\/madreimilda\/#website"},"datePublished":"2024-09-11T14:09:42+00:00","dateModified":"2025-10-21T16:07:28+00:00","breadcrumb":{"@id":"https:\/\/redeicm.org.br\/madreimilda\/referenciais-da-pratica-educativa\/#breadcrumb"},"inLanguage":"pt-BR","potentialAction":[{"@type":"ReadAction","target":["https:\/\/redeicm.org.br\/madreimilda\/referenciais-da-pratica-educativa\/"]}]},{"@type":"BreadcrumbList","@id":"https:\/\/redeicm.org.br\/madreimilda\/referenciais-da-pratica-educativa\/#breadcrumb","itemListElement":[{"@type":"ListItem","position":1,"name":"In\u00edcio","item":"https:\/\/redeicm.org.br\/madreimilda\/"},{"@type":"ListItem","position":2,"name":"Referenciais da Pr\u00e1tica Educativa"}]},{"@type":"WebSite","@id":"https:\/\/redeicm.org.br\/madreimilda\/#website","url":"https:\/\/redeicm.org.br\/madreimilda\/","name":"Col\u00e9gio Madre Imilda | Rede ICM de educa\u00e7\u00e3o","description":"","publisher":{"@id":"https:\/\/redeicm.org.br\/madreimilda\/#organization"},"potentialAction":[{"@type":"SearchAction","target":{"@type":"EntryPoint","urlTemplate":"https:\/\/redeicm.org.br\/madreimilda\/?s={search_term_string}"},"query-input":{"@type":"PropertyValueSpecification","valueRequired":true,"valueName":"search_term_string"}}],"inLanguage":"pt-BR"},{"@type":"Organization","@id":"https:\/\/redeicm.org.br\/madreimilda\/#organization","name":"Col\u00e9gio Madre Imilda | Rede ICM de educa\u00e7\u00e3o","url":"https:\/\/redeicm.org.br\/madreimilda\/","logo":{"@type":"ImageObject","inLanguage":"pt-BR","@id":"https:\/\/redeicm.org.br\/madreimilda\/#\/schema\/logo\/image\/","url":"https:\/\/redeicm.org.br\/madreimilda\/wp-content\/uploads\/sites\/18\/2024\/08\/logo-colegio-madre-imilda.png","contentUrl":"https:\/\/redeicm.org.br\/madreimilda\/wp-content\/uploads\/sites\/18\/2024\/08\/logo-colegio-madre-imilda.png","width":299,"height":135,"caption":"Col\u00e9gio Madre Imilda | Rede ICM de educa\u00e7\u00e3o"},"image":{"@id":"https:\/\/redeicm.org.br\/madreimilda\/#\/schema\/logo\/image\/"}}]}},"_links":{"self":[{"href":"https:\/\/redeicm.org.br\/madreimilda\/wp-json\/wp\/v2\/pages\/305","targetHints":{"allow":["GET"]}}],"collection":[{"href":"https:\/\/redeicm.org.br\/madreimilda\/wp-json\/wp\/v2\/pages"}],"about":[{"href":"https:\/\/redeicm.org.br\/madreimilda\/wp-json\/wp\/v2\/types\/page"}],"author":[{"embeddable":true,"href":"https:\/\/redeicm.org.br\/madreimilda\/wp-json\/wp\/v2\/users\/1"}],"replies":[{"embeddable":true,"href":"https:\/\/redeicm.org.br\/madreimilda\/wp-json\/wp\/v2\/comments?post=305"}],"version-history":[{"count":12,"href":"https:\/\/redeicm.org.br\/madreimilda\/wp-json\/wp\/v2\/pages\/305\/revisions"}],"predecessor-version":[{"id":23305,"href":"https:\/\/redeicm.org.br\/madreimilda\/wp-json\/wp\/v2\/pages\/305\/revisions\/23305"}],"wp:attachment":[{"href":"https:\/\/redeicm.org.br\/madreimilda\/wp-json\/wp\/v2\/media?parent=305"}],"curies":[{"name":"wp","href":"https:\/\/api.w.org\/{rel}","templated":true}]}}