{"id":271,"date":"2024-09-11T10:46:40","date_gmt":"2024-09-11T13:46:40","guid":{"rendered":"https:\/\/redeicm.org.br\/madreimilda\/?page_id=271"},"modified":"2025-06-12T15:37:20","modified_gmt":"2025-06-12T18:37:20","slug":"sobre-a-unidade-de-educacao","status":"publish","type":"page","link":"https:\/\/redeicm.org.br\/madreimilda\/sobre-a-unidade-de-educacao\/","title":{"rendered":"Sobre a Unidade de Educa\u00e7\u00e3o"},"content":{"rendered":"\t\t<div data-elementor-type=\"wp-page\" data-elementor-id=\"271\" class=\"elementor elementor-271\" data-elementor-post-type=\"page\">\n\t\t\t\t<div class=\"elementor-element elementor-element-daa0414 e-flex e-con-boxed e-con e-parent\" data-id=\"daa0414\" data-element_type=\"container\" data-e-type=\"container\" data-settings=\"{&quot;background_background&quot;:&quot;classic&quot;}\">\n\t\t\t\t\t<div class=\"e-con-inner\">\n\t\t\t\t<div class=\"elementor-element elementor-element-fc32ece elementor-widget elementor-widget-heading\" data-id=\"fc32ece\" data-element_type=\"widget\" data-e-type=\"widget\" data-widget_type=\"heading.default\">\n\t\t\t\t<div class=\"elementor-widget-container\">\n\t\t\t\t\t<h1 class=\"elementor-heading-title elementor-size-default\">Sobre a Unidade de Educa\u00e7\u00e3o<\/h1>\t\t\t\t<\/div>\n\t\t\t\t<\/div>\n\t\t\t\t\t<\/div>\n\t\t\t\t<\/div>\n\t\t<div class=\"elementor-element elementor-element-2de05dd e-con-full e-flex e-con e-parent\" data-id=\"2de05dd\" data-element_type=\"container\" data-e-type=\"container\">\n\t\t<div class=\"elementor-element elementor-element-fe9304b e-flex e-con-boxed e-con e-child\" data-id=\"fe9304b\" data-element_type=\"container\" data-e-type=\"container\">\n\t\t\t\t\t<div class=\"e-con-inner\">\n\t\t\t\t<div class=\"elementor-element elementor-element-fdf7485 elementor-invisible elementor-widget elementor-widget-text-editor\" data-id=\"fdf7485\" data-element_type=\"widget\" data-e-type=\"widget\" data-settings=\"{&quot;_animation&quot;:&quot;fadeInUp&quot;}\" data-widget_type=\"text-editor.default\">\n\t\t\t\t<div class=\"elementor-widget-container\">\n\t\t\t\t\t\t\t\t\t<p>O Col\u00e9gio Madre Imilda, situado no Bairro Nossa Senhora de Lourdes\u00a0 em Caxias do Sul, atende alunos da Educa\u00e7\u00e3o Infantil, Ensino Fundamental e Ensino M\u00e9dio. Oferece ainda, o Turno Integral para os alunos da Educa\u00e7\u00e3o Infantil ao 8\u00ba ano. No final da tarde, oferece hor\u00e1rio estendido, at\u00e9 \u00e0s 19h, em um ambiente seguro, para os alunos cujos pais precisam buscar seus filhos mais tarde.<\/p><p>O Col\u00e9gio Madre Imilda pertence \u00e0s Irm\u00e3s do Imaculado Cora\u00e7\u00e3o de Maria, fundado em 15 de mar\u00e7o de 1928. Desde sua funda\u00e7\u00e3o, h\u00e1 97 anos, o nosso col\u00e9gio \u00e9 o segundo lar para nossos estudantes.<\/p><p>Cada crian\u00e7a, cada jovem \u00e9 para n\u00f3s \u201cuma p\u00e9rola de subido valor\u201d, pela qual investimos de forma global, para despertar nele(a) o l\u00edder empreendedor que a sociedade exige. A escola informa e forma o educando para os desafios da era do conhecimento. Para n\u00f3s, \u00e9 importante ter a forma\u00e7\u00e3o nas tr\u00eas dimens\u00f5es essenciais para a vida: acad\u00eamica, social e espiritual.<\/p><p>Nossa estrutura:<\/p><ul><li>Planet\u00e1rio;<\/li><li>Salas de aula equipadas;<\/li><li>Internet Wireless dispon\u00edvel em toda a escola;<\/li><li>Laborat\u00f3rio avan\u00e7ado de Qu\u00edmica e Ci\u00eancias F\u00edsicas e Biol\u00f3gicas;<\/li><li>Sistema de controle de acesso com catracas;<\/li><li>Seguran\u00e7a 24h;<\/li><li>Cantina;<\/li><li>Restaurante;<\/li><li>Audit\u00f3rio para eventos;<\/li><li>2 Gin\u00e1sios com 3 quadras poliesportivas;<\/li><li>Sal\u00e3o de Atos para Palestras, Celebra\u00e7\u00f5es e Apresenta\u00e7\u00f5es diversas;<\/li><li>Capela;<\/li><li>Amplo p\u00e1tio arborizado para recrea\u00e7\u00e3o;<\/li><li>V\u00e1rios parques Infantis, sendo um coberto;<\/li><li>Espa\u00e7o L\u00fadico;<\/li><li>Sala Maker;<\/li><li>Biblioteca com acervo de mais de 18.000 livros, constantemente atualizada;<\/li><li>Espa\u00e7os de Conviv\u00eancia;<\/li><li>Programa bil\u00edngue UDP com certifica\u00e7\u00e3o TOEFL e M\u00fasica, com professores especializados, a partir da Educa\u00e7\u00e3o Infantil;<\/li><li>S\u00e3o oferecidas diversas Atividades Extracurriculares e Cursos Livres, mediante matr\u00edcula opcional;<\/li><li>CIPA (Comiss\u00e3o Interna de Preven\u00e7\u00e3o de Acidentes e Ass\u00e9dio) atuante;<\/li><li>Conv\u00eanio Assist\u00eancia M\u00e9dica de Emerg\u00eancia \u2013 Emercor;<\/li><li>PPCI \u2013 Programa de Preven\u00e7\u00e3o Contra Inc\u00eandio;<\/li><li>Embarque e desembarque dos alunos dentro do Col\u00e9gio, pela Rua Sinimbu;<\/li><\/ul><p><img decoding=\"async\" class=\"aligncenter\" src=\"https:\/\/www.redeicm.org.br\/madreimilda\/wp-content\/uploads\/sites\/13\/2025\/04\/Madre-Imilda-1.jpg\" \/><\/p>\t\t\t\t\t\t\t\t<\/div>\n\t\t\t\t<\/div>\n\t\t\t\t\t<\/div>\n\t\t\t\t<\/div>\n\t\t\t\t<\/div>\n\t\t\t\t<\/div>\n\t\t","protected":false},"excerpt":{"rendered":"<p>O Col\u00e9gio Madre Imilda, situado no Bairro Nossa Senhora de Lourdes\u00a0 em Caxias do Sul, atende alunos da Educa\u00e7\u00e3o Infantil, Ensino Fundamental e Ensino M\u00e9dio. Oferece ainda, o Turno Integral para os alunos da Educa\u00e7\u00e3o Infantil ao 8\u00ba ano. No final da tarde, oferece hor\u00e1rio estendido, at\u00e9 \u00e0s 19h, em um ambiente seguro, para os [&hellip;]<\/p>\n","protected":false},"author":1,"featured_media":0,"parent":0,"menu_order":0,"comment_status":"closed","ping_status":"closed","template":"","meta":{"_acf_changed":false,"footnotes":""},"class_list":["post-271","page","type-page","status-publish","hentry"],"acf":[],"yoast_head":"<!-- This site is optimized with the Yoast SEO plugin v26.3 - https:\/\/yoast.com\/wordpress\/plugins\/seo\/ -->\n<title>Sobre a Unidade de Educa\u00e7\u00e3o - Col\u00e9gio Madre Imilda | Rede ICM de educa\u00e7\u00e3o<\/title>\n<meta name=\"robots\" content=\"index, follow, max-snippet:-1, max-image-preview:large, max-video-preview:-1\" \/>\n<link rel=\"canonical\" href=\"https:\/\/redeicm.org.br\/madreimilda\/sobre-a-unidade-de-educacao\/\" \/>\n<meta property=\"og:locale\" content=\"pt_BR\" \/>\n<meta property=\"og:type\" content=\"article\" \/>\n<meta property=\"og:title\" content=\"Sobre a Unidade de Educa\u00e7\u00e3o - Col\u00e9gio Madre Imilda | Rede ICM de educa\u00e7\u00e3o\" \/>\n<meta property=\"og:description\" content=\"O Col\u00e9gio Madre Imilda, situado no Bairro Nossa Senhora de Lourdes\u00a0 em Caxias do Sul, atende alunos da Educa\u00e7\u00e3o Infantil, Ensino Fundamental e Ensino M\u00e9dio. Oferece ainda, o Turno Integral para os alunos da Educa\u00e7\u00e3o Infantil ao 8\u00ba ano. No final da tarde, oferece hor\u00e1rio estendido, at\u00e9 \u00e0s 19h, em um ambiente seguro, para os [&hellip;]\" \/>\n<meta property=\"og:url\" content=\"https:\/\/redeicm.org.br\/madreimilda\/sobre-a-unidade-de-educacao\/\" \/>\n<meta property=\"og:site_name\" content=\"Col\u00e9gio Madre Imilda | Rede ICM de educa\u00e7\u00e3o\" \/>\n<meta property=\"article:modified_time\" content=\"2025-06-12T18:37:20+00:00\" \/>\n<meta property=\"og:image\" content=\"https:\/\/www.redeicm.org.br\/madreimilda\/wp-content\/uploads\/sites\/13\/2025\/04\/Madre-Imilda-1.jpg\" \/>\n<meta name=\"twitter:card\" content=\"summary_large_image\" \/>\n<meta name=\"twitter:label1\" content=\"Est. tempo de leitura\" \/>\n\t<meta name=\"twitter:data1\" content=\"2 minutos\" \/>\n<script type=\"application\/ld+json\" class=\"yoast-schema-graph\">{\"@context\":\"https:\/\/schema.org\",\"@graph\":[{\"@type\":\"WebPage\",\"@id\":\"https:\/\/redeicm.org.br\/madreimilda\/sobre-a-unidade-de-educacao\/\",\"url\":\"https:\/\/redeicm.org.br\/madreimilda\/sobre-a-unidade-de-educacao\/\",\"name\":\"Sobre a Unidade de Educa\u00e7\u00e3o - Col\u00e9gio Madre Imilda | Rede ICM de educa\u00e7\u00e3o\",\"isPartOf\":{\"@id\":\"https:\/\/redeicm.org.br\/madreimilda\/#website\"},\"primaryImageOfPage\":{\"@id\":\"https:\/\/redeicm.org.br\/madreimilda\/sobre-a-unidade-de-educacao\/#primaryimage\"},\"image\":{\"@id\":\"https:\/\/redeicm.org.br\/madreimilda\/sobre-a-unidade-de-educacao\/#primaryimage\"},\"thumbnailUrl\":\"https:\/\/www.redeicm.org.br\/madreimilda\/wp-content\/uploads\/sites\/13\/2025\/04\/Madre-Imilda-1.jpg\",\"datePublished\":\"2024-09-11T13:46:40+00:00\",\"dateModified\":\"2025-06-12T18:37:20+00:00\",\"breadcrumb\":{\"@id\":\"https:\/\/redeicm.org.br\/madreimilda\/sobre-a-unidade-de-educacao\/#breadcrumb\"},\"inLanguage\":\"pt-BR\",\"potentialAction\":[{\"@type\":\"ReadAction\",\"target\":[\"https:\/\/redeicm.org.br\/madreimilda\/sobre-a-unidade-de-educacao\/\"]}]},{\"@type\":\"ImageObject\",\"inLanguage\":\"pt-BR\",\"@id\":\"https:\/\/redeicm.org.br\/madreimilda\/sobre-a-unidade-de-educacao\/#primaryimage\",\"url\":\"https:\/\/www.redeicm.org.br\/madreimilda\/wp-content\/uploads\/sites\/13\/2025\/04\/Madre-Imilda-1.jpg\",\"contentUrl\":\"https:\/\/www.redeicm.org.br\/madreimilda\/wp-content\/uploads\/sites\/13\/2025\/04\/Madre-Imilda-1.jpg\"},{\"@type\":\"BreadcrumbList\",\"@id\":\"https:\/\/redeicm.org.br\/madreimilda\/sobre-a-unidade-de-educacao\/#breadcrumb\",\"itemListElement\":[{\"@type\":\"ListItem\",\"position\":1,\"name\":\"In\u00edcio\",\"item\":\"https:\/\/redeicm.org.br\/madreimilda\/\"},{\"@type\":\"ListItem\",\"position\":2,\"name\":\"Sobre a Unidade de Educa\u00e7\u00e3o\"}]},{\"@type\":\"WebSite\",\"@id\":\"https:\/\/redeicm.org.br\/madreimilda\/#website\",\"url\":\"https:\/\/redeicm.org.br\/madreimilda\/\",\"name\":\"Col\u00e9gio Madre Imilda | Rede ICM de educa\u00e7\u00e3o\",\"description\":\"\",\"publisher\":{\"@id\":\"https:\/\/redeicm.org.br\/madreimilda\/#organization\"},\"potentialAction\":[{\"@type\":\"SearchAction\",\"target\":{\"@type\":\"EntryPoint\",\"urlTemplate\":\"https:\/\/redeicm.org.br\/madreimilda\/?s={search_term_string}\"},\"query-input\":{\"@type\":\"PropertyValueSpecification\",\"valueRequired\":true,\"valueName\":\"search_term_string\"}}],\"inLanguage\":\"pt-BR\"},{\"@type\":\"Organization\",\"@id\":\"https:\/\/redeicm.org.br\/madreimilda\/#organization\",\"name\":\"Col\u00e9gio Madre Imilda | Rede ICM de educa\u00e7\u00e3o\",\"url\":\"https:\/\/redeicm.org.br\/madreimilda\/\",\"logo\":{\"@type\":\"ImageObject\",\"inLanguage\":\"pt-BR\",\"@id\":\"https:\/\/redeicm.org.br\/madreimilda\/#\/schema\/logo\/image\/\",\"url\":\"https:\/\/redeicm.org.br\/madreimilda\/wp-content\/uploads\/sites\/18\/2024\/08\/logo-colegio-madre-imilda.png\",\"contentUrl\":\"https:\/\/redeicm.org.br\/madreimilda\/wp-content\/uploads\/sites\/18\/2024\/08\/logo-colegio-madre-imilda.png\",\"width\":299,\"height\":135,\"caption\":\"Col\u00e9gio Madre Imilda | Rede ICM de educa\u00e7\u00e3o\"},\"image\":{\"@id\":\"https:\/\/redeicm.org.br\/madreimilda\/#\/schema\/logo\/image\/\"}}]}<\/script>\n<!-- \/ Yoast SEO plugin. -->","yoast_head_json":{"title":"Sobre a Unidade de Educa\u00e7\u00e3o - Col\u00e9gio Madre Imilda | Rede ICM de educa\u00e7\u00e3o","robots":{"index":"index","follow":"follow","max-snippet":"max-snippet:-1","max-image-preview":"max-image-preview:large","max-video-preview":"max-video-preview:-1"},"canonical":"https:\/\/redeicm.org.br\/madreimilda\/sobre-a-unidade-de-educacao\/","og_locale":"pt_BR","og_type":"article","og_title":"Sobre a Unidade de Educa\u00e7\u00e3o - Col\u00e9gio Madre Imilda | Rede ICM de educa\u00e7\u00e3o","og_description":"O Col\u00e9gio Madre Imilda, situado no Bairro Nossa Senhora de Lourdes\u00a0 em Caxias do Sul, atende alunos da Educa\u00e7\u00e3o Infantil, Ensino Fundamental e Ensino M\u00e9dio. Oferece ainda, o Turno Integral para os alunos da Educa\u00e7\u00e3o Infantil ao 8\u00ba ano. No final da tarde, oferece hor\u00e1rio estendido, at\u00e9 \u00e0s 19h, em um ambiente seguro, para os [&hellip;]","og_url":"https:\/\/redeicm.org.br\/madreimilda\/sobre-a-unidade-de-educacao\/","og_site_name":"Col\u00e9gio Madre Imilda | Rede ICM de educa\u00e7\u00e3o","article_modified_time":"2025-06-12T18:37:20+00:00","og_image":[{"url":"https:\/\/www.redeicm.org.br\/madreimilda\/wp-content\/uploads\/sites\/13\/2025\/04\/Madre-Imilda-1.jpg","type":"","width":"","height":""}],"twitter_card":"summary_large_image","twitter_misc":{"Est. tempo de leitura":"2 minutos"},"schema":{"@context":"https:\/\/schema.org","@graph":[{"@type":"WebPage","@id":"https:\/\/redeicm.org.br\/madreimilda\/sobre-a-unidade-de-educacao\/","url":"https:\/\/redeicm.org.br\/madreimilda\/sobre-a-unidade-de-educacao\/","name":"Sobre a Unidade de Educa\u00e7\u00e3o - Col\u00e9gio Madre Imilda | Rede ICM de educa\u00e7\u00e3o","isPartOf":{"@id":"https:\/\/redeicm.org.br\/madreimilda\/#website"},"primaryImageOfPage":{"@id":"https:\/\/redeicm.org.br\/madreimilda\/sobre-a-unidade-de-educacao\/#primaryimage"},"image":{"@id":"https:\/\/redeicm.org.br\/madreimilda\/sobre-a-unidade-de-educacao\/#primaryimage"},"thumbnailUrl":"https:\/\/www.redeicm.org.br\/madreimilda\/wp-content\/uploads\/sites\/13\/2025\/04\/Madre-Imilda-1.jpg","datePublished":"2024-09-11T13:46:40+00:00","dateModified":"2025-06-12T18:37:20+00:00","breadcrumb":{"@id":"https:\/\/redeicm.org.br\/madreimilda\/sobre-a-unidade-de-educacao\/#breadcrumb"},"inLanguage":"pt-BR","potentialAction":[{"@type":"ReadAction","target":["https:\/\/redeicm.org.br\/madreimilda\/sobre-a-unidade-de-educacao\/"]}]},{"@type":"ImageObject","inLanguage":"pt-BR","@id":"https:\/\/redeicm.org.br\/madreimilda\/sobre-a-unidade-de-educacao\/#primaryimage","url":"https:\/\/www.redeicm.org.br\/madreimilda\/wp-content\/uploads\/sites\/13\/2025\/04\/Madre-Imilda-1.jpg","contentUrl":"https:\/\/www.redeicm.org.br\/madreimilda\/wp-content\/uploads\/sites\/13\/2025\/04\/Madre-Imilda-1.jpg"},{"@type":"BreadcrumbList","@id":"https:\/\/redeicm.org.br\/madreimilda\/sobre-a-unidade-de-educacao\/#breadcrumb","itemListElement":[{"@type":"ListItem","position":1,"name":"In\u00edcio","item":"https:\/\/redeicm.org.br\/madreimilda\/"},{"@type":"ListItem","position":2,"name":"Sobre a Unidade de Educa\u00e7\u00e3o"}]},{"@type":"WebSite","@id":"https:\/\/redeicm.org.br\/madreimilda\/#website","url":"https:\/\/redeicm.org.br\/madreimilda\/","name":"Col\u00e9gio Madre Imilda | Rede ICM de educa\u00e7\u00e3o","description":"","publisher":{"@id":"https:\/\/redeicm.org.br\/madreimilda\/#organization"},"potentialAction":[{"@type":"SearchAction","target":{"@type":"EntryPoint","urlTemplate":"https:\/\/redeicm.org.br\/madreimilda\/?s={search_term_string}"},"query-input":{"@type":"PropertyValueSpecification","valueRequired":true,"valueName":"search_term_string"}}],"inLanguage":"pt-BR"},{"@type":"Organization","@id":"https:\/\/redeicm.org.br\/madreimilda\/#organization","name":"Col\u00e9gio Madre Imilda | Rede ICM de educa\u00e7\u00e3o","url":"https:\/\/redeicm.org.br\/madreimilda\/","logo":{"@type":"ImageObject","inLanguage":"pt-BR","@id":"https:\/\/redeicm.org.br\/madreimilda\/#\/schema\/logo\/image\/","url":"https:\/\/redeicm.org.br\/madreimilda\/wp-content\/uploads\/sites\/18\/2024\/08\/logo-colegio-madre-imilda.png","contentUrl":"https:\/\/redeicm.org.br\/madreimilda\/wp-content\/uploads\/sites\/18\/2024\/08\/logo-colegio-madre-imilda.png","width":299,"height":135,"caption":"Col\u00e9gio Madre Imilda | Rede ICM de educa\u00e7\u00e3o"},"image":{"@id":"https:\/\/redeicm.org.br\/madreimilda\/#\/schema\/logo\/image\/"}}]}},"_links":{"self":[{"href":"https:\/\/redeicm.org.br\/madreimilda\/wp-json\/wp\/v2\/pages\/271","targetHints":{"allow":["GET"]}}],"collection":[{"href":"https:\/\/redeicm.org.br\/madreimilda\/wp-json\/wp\/v2\/pages"}],"about":[{"href":"https:\/\/redeicm.org.br\/madreimilda\/wp-json\/wp\/v2\/types\/page"}],"author":[{"embeddable":true,"href":"https:\/\/redeicm.org.br\/madreimilda\/wp-json\/wp\/v2\/users\/1"}],"replies":[{"embeddable":true,"href":"https:\/\/redeicm.org.br\/madreimilda\/wp-json\/wp\/v2\/comments?post=271"}],"version-history":[{"count":6,"href":"https:\/\/redeicm.org.br\/madreimilda\/wp-json\/wp\/v2\/pages\/271\/revisions"}],"predecessor-version":[{"id":6744,"href":"https:\/\/redeicm.org.br\/madreimilda\/wp-json\/wp\/v2\/pages\/271\/revisions\/6744"}],"wp:attachment":[{"href":"https:\/\/redeicm.org.br\/madreimilda\/wp-json\/wp\/v2\/media?parent=271"}],"curies":[{"name":"wp","href":"https:\/\/api.w.org\/{rel}","templated":true}]}}