{"id":265,"date":"2024-09-11T10:44:15","date_gmt":"2024-09-11T13:44:15","guid":{"rendered":"https:\/\/redeicm.org.br\/madreimilda\/?page_id=265"},"modified":"2025-06-12T15:36:59","modified_gmt":"2025-06-12T18:36:59","slug":"rede-icm","status":"publish","type":"page","link":"https:\/\/redeicm.org.br\/madreimilda\/rede-icm\/","title":{"rendered":"Rede ICM"},"content":{"rendered":"\t\t<div data-elementor-type=\"wp-page\" data-elementor-id=\"265\" class=\"elementor elementor-265\" data-elementor-post-type=\"page\">\n\t\t\t\t<div class=\"elementor-element elementor-element-758cec9 e-flex e-con-boxed e-con e-parent\" data-id=\"758cec9\" data-element_type=\"container\" data-e-type=\"container\" data-settings=\"{&quot;background_background&quot;:&quot;classic&quot;}\">\n\t\t\t\t\t<div class=\"e-con-inner\">\n\t\t\t\t<div class=\"elementor-element elementor-element-4bf70f4 elementor-widget elementor-widget-heading\" data-id=\"4bf70f4\" data-element_type=\"widget\" data-e-type=\"widget\" data-widget_type=\"heading.default\">\n\t\t\t\t<div class=\"elementor-widget-container\">\n\t\t\t\t\t<h1 class=\"elementor-heading-title elementor-size-default\">Rede ICM<\/h1>\t\t\t\t<\/div>\n\t\t\t\t<\/div>\n\t\t\t\t\t<\/div>\n\t\t\t\t<\/div>\n\t\t<div class=\"elementor-element elementor-element-7cba9cb e-con-full e-flex e-con e-parent\" data-id=\"7cba9cb\" data-element_type=\"container\" data-e-type=\"container\">\n\t\t<div class=\"elementor-element elementor-element-1ff5638 e-flex e-con-boxed e-con e-child\" data-id=\"1ff5638\" data-element_type=\"container\" data-e-type=\"container\">\n\t\t\t\t\t<div class=\"e-con-inner\">\n\t\t\t\t<div class=\"elementor-element elementor-element-dd3ce77 elementor-invisible elementor-widget elementor-widget-text-editor\" data-id=\"dd3ce77\" data-element_type=\"widget\" data-e-type=\"widget\" data-settings=\"{&quot;_animation&quot;:&quot;fadeInUp&quot;}\" data-widget_type=\"text-editor.default\">\n\t\t\t\t<div class=\"elementor-widget-container\">\n\t\t\t\t\t\t\t\t\t<h2><strong>Educa\u00e7\u00e3o<\/strong><\/h2><h6><strong>Miss\u00e3o<\/strong><\/h6><p>Promover educa\u00e7\u00e3o de excel\u00eancia, que priorize a vida e a ci\u00eancia, contribuindo para a forma\u00e7\u00e3o de pessoas conscientes e solid\u00e1rias, comprometidas com a constru\u00e7\u00e3o de um mundo melhor.<\/p><h6><strong>Vis\u00e3o\u00a0<\/strong><\/h6><p>Ser uma rede de escolas de excel\u00eancia com pr\u00e1ticas e ambientes pedag\u00f3gicos criativos, que capacitem os estudantes a superarem os desafios da sociedade do conhecimento, da cultura digital e da inova\u00e7\u00e3o.<\/p><h6><strong>Princ\u00edpios da Gest\u00e3o\u00a0<\/strong><\/h6><ul><li><strong>Qualifica\u00e7\u00e3o Profissional<\/strong><\/li><\/ul><p>Atuamos com compet\u00eancia t\u00e9cnica e comportamental. Desenvolvemos, permanentemente, conhecimentos, habilidades e atitudes. Exercemos nossas fun\u00e7\u00f5es com profissionalismo, qualidade e efici\u00eancia.<\/p><ul><li><strong>Inova\u00e7\u00e3o<\/strong><\/li><\/ul><p>Antecipamo-nos aos cen\u00e1rios e \u00e0s tend\u00eancias. Acolhemos, criamos e implementamos novas ideias para o crescimento da institui\u00e7\u00e3o.<\/p><ul><li><strong>Lideran\u00e7a e Empreendedorismo<\/strong><\/li><\/ul><p>Mobilizamos pessoas e desenvolvemos mentalidades e comportamentos. Provocamos paix\u00e3o pela causa da institui\u00e7\u00e3o, com foco na inova\u00e7\u00e3o e na cria\u00e7\u00e3o de valor. Transformamos ideias em oportunidades.<\/p><ul><li><strong>Trabalho em equipe<\/strong><\/li><\/ul><p>Garantimos a colabora\u00e7\u00e3o e a participa\u00e7\u00e3o das pessoas nas tomadas de decis\u00f5es. Compartilhamos esfor\u00e7os coletivos, para atingir nossos objetivos e nossas metas planejadas.<\/p><ul><li><strong>Rela\u00e7\u00f5es humanas, \u00e9ticas e solid\u00e1rias<\/strong><\/li><\/ul><p>Agimos com transpar\u00eancia e confian\u00e7a. Reconhecemos as diferen\u00e7as individuais. Contribu\u00edmos para um clima de m\u00fatua coopera\u00e7\u00e3o. Respeitamos a n\u00f3s mesmos, aos outros e a vida como valor fundamental.<\/p><ul><li><strong>Planejamento e organiza\u00e7\u00e3o<\/strong><\/li><\/ul><p>Definimos prioridades, objetivos e estrat\u00e9gias de curto, m\u00e9dio e longo prazo. Mobilizamos pessoas, recursos f\u00edsicos e financeiros, de forma organizada e estruturada, para atingir metas e resultados previstos.<\/p><ul><li><strong>Sustentabilidade<\/strong><\/li><\/ul><p>Buscamos garantir a sustentabilidade social, econ\u00f4mica e ambiental da institui\u00e7\u00e3o. Asseguramos o cuidado, a defesa e a promo\u00e7\u00e3o da vida.<\/p>\t\t\t\t\t\t\t\t<\/div>\n\t\t\t\t<\/div>\n\t\t\t\t\t<\/div>\n\t\t\t\t<\/div>\n\t\t\t\t<\/div>\n\t\t\t\t<\/div>\n\t\t","protected":false},"excerpt":{"rendered":"<p>Educa\u00e7\u00e3o Miss\u00e3o Promover educa\u00e7\u00e3o de excel\u00eancia, que priorize a vida e a ci\u00eancia, contribuindo para a forma\u00e7\u00e3o de pessoas conscientes e solid\u00e1rias, comprometidas com a constru\u00e7\u00e3o de um mundo melhor. Vis\u00e3o\u00a0 Ser uma rede de escolas de excel\u00eancia com pr\u00e1ticas e ambientes pedag\u00f3gicos criativos, que capacitem os estudantes a superarem os desafios da sociedade do [&hellip;]<\/p>\n","protected":false},"author":1,"featured_media":0,"parent":0,"menu_order":0,"comment_status":"closed","ping_status":"closed","template":"","meta":{"_acf_changed":false,"footnotes":""},"class_list":["post-265","page","type-page","status-publish","hentry"],"acf":[],"yoast_head":"<!-- This site is optimized with the Yoast SEO plugin v26.3 - https:\/\/yoast.com\/wordpress\/plugins\/seo\/ -->\n<title>Rede ICM - Col\u00e9gio Madre Imilda | Rede ICM de educa\u00e7\u00e3o<\/title>\n<meta name=\"robots\" content=\"index, follow, max-snippet:-1, max-image-preview:large, max-video-preview:-1\" \/>\n<link rel=\"canonical\" href=\"https:\/\/redeicm.org.br\/madreimilda\/rede-icm\/\" \/>\n<meta property=\"og:locale\" content=\"pt_BR\" \/>\n<meta property=\"og:type\" content=\"article\" \/>\n<meta property=\"og:title\" content=\"Rede ICM - Col\u00e9gio Madre Imilda | Rede ICM de educa\u00e7\u00e3o\" \/>\n<meta property=\"og:description\" content=\"Educa\u00e7\u00e3o Miss\u00e3o Promover educa\u00e7\u00e3o de excel\u00eancia, que priorize a vida e a ci\u00eancia, contribuindo para a forma\u00e7\u00e3o de pessoas conscientes e solid\u00e1rias, comprometidas com a constru\u00e7\u00e3o de um mundo melhor. Vis\u00e3o\u00a0 Ser uma rede de escolas de excel\u00eancia com pr\u00e1ticas e ambientes pedag\u00f3gicos criativos, que capacitem os estudantes a superarem os desafios da sociedade do [&hellip;]\" \/>\n<meta property=\"og:url\" content=\"https:\/\/redeicm.org.br\/madreimilda\/rede-icm\/\" \/>\n<meta property=\"og:site_name\" content=\"Col\u00e9gio Madre Imilda | Rede ICM de educa\u00e7\u00e3o\" \/>\n<meta property=\"article:modified_time\" content=\"2025-06-12T18:36:59+00:00\" \/>\n<meta name=\"twitter:card\" content=\"summary_large_image\" \/>\n<meta name=\"twitter:label1\" content=\"Est. tempo de leitura\" \/>\n\t<meta name=\"twitter:data1\" content=\"2 minutos\" \/>\n<script type=\"application\/ld+json\" class=\"yoast-schema-graph\">{\"@context\":\"https:\/\/schema.org\",\"@graph\":[{\"@type\":\"WebPage\",\"@id\":\"https:\/\/redeicm.org.br\/madreimilda\/rede-icm\/\",\"url\":\"https:\/\/redeicm.org.br\/madreimilda\/rede-icm\/\",\"name\":\"Rede ICM - Col\u00e9gio Madre Imilda | Rede ICM de educa\u00e7\u00e3o\",\"isPartOf\":{\"@id\":\"https:\/\/redeicm.org.br\/madreimilda\/#website\"},\"datePublished\":\"2024-09-11T13:44:15+00:00\",\"dateModified\":\"2025-06-12T18:36:59+00:00\",\"breadcrumb\":{\"@id\":\"https:\/\/redeicm.org.br\/madreimilda\/rede-icm\/#breadcrumb\"},\"inLanguage\":\"pt-BR\",\"potentialAction\":[{\"@type\":\"ReadAction\",\"target\":[\"https:\/\/redeicm.org.br\/madreimilda\/rede-icm\/\"]}]},{\"@type\":\"BreadcrumbList\",\"@id\":\"https:\/\/redeicm.org.br\/madreimilda\/rede-icm\/#breadcrumb\",\"itemListElement\":[{\"@type\":\"ListItem\",\"position\":1,\"name\":\"In\u00edcio\",\"item\":\"https:\/\/redeicm.org.br\/madreimilda\/\"},{\"@type\":\"ListItem\",\"position\":2,\"name\":\"Rede ICM\"}]},{\"@type\":\"WebSite\",\"@id\":\"https:\/\/redeicm.org.br\/madreimilda\/#website\",\"url\":\"https:\/\/redeicm.org.br\/madreimilda\/\",\"name\":\"Col\u00e9gio Madre Imilda | Rede ICM de educa\u00e7\u00e3o\",\"description\":\"\",\"publisher\":{\"@id\":\"https:\/\/redeicm.org.br\/madreimilda\/#organization\"},\"potentialAction\":[{\"@type\":\"SearchAction\",\"target\":{\"@type\":\"EntryPoint\",\"urlTemplate\":\"https:\/\/redeicm.org.br\/madreimilda\/?s={search_term_string}\"},\"query-input\":{\"@type\":\"PropertyValueSpecification\",\"valueRequired\":true,\"valueName\":\"search_term_string\"}}],\"inLanguage\":\"pt-BR\"},{\"@type\":\"Organization\",\"@id\":\"https:\/\/redeicm.org.br\/madreimilda\/#organization\",\"name\":\"Col\u00e9gio Madre Imilda | Rede ICM de educa\u00e7\u00e3o\",\"url\":\"https:\/\/redeicm.org.br\/madreimilda\/\",\"logo\":{\"@type\":\"ImageObject\",\"inLanguage\":\"pt-BR\",\"@id\":\"https:\/\/redeicm.org.br\/madreimilda\/#\/schema\/logo\/image\/\",\"url\":\"https:\/\/redeicm.org.br\/madreimilda\/wp-content\/uploads\/sites\/18\/2024\/08\/logo-colegio-madre-imilda.png\",\"contentUrl\":\"https:\/\/redeicm.org.br\/madreimilda\/wp-content\/uploads\/sites\/18\/2024\/08\/logo-colegio-madre-imilda.png\",\"width\":299,\"height\":135,\"caption\":\"Col\u00e9gio Madre Imilda | Rede ICM de educa\u00e7\u00e3o\"},\"image\":{\"@id\":\"https:\/\/redeicm.org.br\/madreimilda\/#\/schema\/logo\/image\/\"}}]}<\/script>\n<!-- \/ Yoast SEO plugin. -->","yoast_head_json":{"title":"Rede ICM - Col\u00e9gio Madre Imilda | Rede ICM de educa\u00e7\u00e3o","robots":{"index":"index","follow":"follow","max-snippet":"max-snippet:-1","max-image-preview":"max-image-preview:large","max-video-preview":"max-video-preview:-1"},"canonical":"https:\/\/redeicm.org.br\/madreimilda\/rede-icm\/","og_locale":"pt_BR","og_type":"article","og_title":"Rede ICM - Col\u00e9gio Madre Imilda | Rede ICM de educa\u00e7\u00e3o","og_description":"Educa\u00e7\u00e3o Miss\u00e3o Promover educa\u00e7\u00e3o de excel\u00eancia, que priorize a vida e a ci\u00eancia, contribuindo para a forma\u00e7\u00e3o de pessoas conscientes e solid\u00e1rias, comprometidas com a constru\u00e7\u00e3o de um mundo melhor. Vis\u00e3o\u00a0 Ser uma rede de escolas de excel\u00eancia com pr\u00e1ticas e ambientes pedag\u00f3gicos criativos, que capacitem os estudantes a superarem os desafios da sociedade do [&hellip;]","og_url":"https:\/\/redeicm.org.br\/madreimilda\/rede-icm\/","og_site_name":"Col\u00e9gio Madre Imilda | Rede ICM de educa\u00e7\u00e3o","article_modified_time":"2025-06-12T18:36:59+00:00","twitter_card":"summary_large_image","twitter_misc":{"Est. tempo de leitura":"2 minutos"},"schema":{"@context":"https:\/\/schema.org","@graph":[{"@type":"WebPage","@id":"https:\/\/redeicm.org.br\/madreimilda\/rede-icm\/","url":"https:\/\/redeicm.org.br\/madreimilda\/rede-icm\/","name":"Rede ICM - Col\u00e9gio Madre Imilda | Rede ICM de educa\u00e7\u00e3o","isPartOf":{"@id":"https:\/\/redeicm.org.br\/madreimilda\/#website"},"datePublished":"2024-09-11T13:44:15+00:00","dateModified":"2025-06-12T18:36:59+00:00","breadcrumb":{"@id":"https:\/\/redeicm.org.br\/madreimilda\/rede-icm\/#breadcrumb"},"inLanguage":"pt-BR","potentialAction":[{"@type":"ReadAction","target":["https:\/\/redeicm.org.br\/madreimilda\/rede-icm\/"]}]},{"@type":"BreadcrumbList","@id":"https:\/\/redeicm.org.br\/madreimilda\/rede-icm\/#breadcrumb","itemListElement":[{"@type":"ListItem","position":1,"name":"In\u00edcio","item":"https:\/\/redeicm.org.br\/madreimilda\/"},{"@type":"ListItem","position":2,"name":"Rede ICM"}]},{"@type":"WebSite","@id":"https:\/\/redeicm.org.br\/madreimilda\/#website","url":"https:\/\/redeicm.org.br\/madreimilda\/","name":"Col\u00e9gio Madre Imilda | Rede ICM de educa\u00e7\u00e3o","description":"","publisher":{"@id":"https:\/\/redeicm.org.br\/madreimilda\/#organization"},"potentialAction":[{"@type":"SearchAction","target":{"@type":"EntryPoint","urlTemplate":"https:\/\/redeicm.org.br\/madreimilda\/?s={search_term_string}"},"query-input":{"@type":"PropertyValueSpecification","valueRequired":true,"valueName":"search_term_string"}}],"inLanguage":"pt-BR"},{"@type":"Organization","@id":"https:\/\/redeicm.org.br\/madreimilda\/#organization","name":"Col\u00e9gio Madre Imilda | Rede ICM de educa\u00e7\u00e3o","url":"https:\/\/redeicm.org.br\/madreimilda\/","logo":{"@type":"ImageObject","inLanguage":"pt-BR","@id":"https:\/\/redeicm.org.br\/madreimilda\/#\/schema\/logo\/image\/","url":"https:\/\/redeicm.org.br\/madreimilda\/wp-content\/uploads\/sites\/18\/2024\/08\/logo-colegio-madre-imilda.png","contentUrl":"https:\/\/redeicm.org.br\/madreimilda\/wp-content\/uploads\/sites\/18\/2024\/08\/logo-colegio-madre-imilda.png","width":299,"height":135,"caption":"Col\u00e9gio Madre Imilda | Rede ICM de educa\u00e7\u00e3o"},"image":{"@id":"https:\/\/redeicm.org.br\/madreimilda\/#\/schema\/logo\/image\/"}}]}},"_links":{"self":[{"href":"https:\/\/redeicm.org.br\/madreimilda\/wp-json\/wp\/v2\/pages\/265","targetHints":{"allow":["GET"]}}],"collection":[{"href":"https:\/\/redeicm.org.br\/madreimilda\/wp-json\/wp\/v2\/pages"}],"about":[{"href":"https:\/\/redeicm.org.br\/madreimilda\/wp-json\/wp\/v2\/types\/page"}],"author":[{"embeddable":true,"href":"https:\/\/redeicm.org.br\/madreimilda\/wp-json\/wp\/v2\/users\/1"}],"replies":[{"embeddable":true,"href":"https:\/\/redeicm.org.br\/madreimilda\/wp-json\/wp\/v2\/comments?post=265"}],"version-history":[{"count":12,"href":"https:\/\/redeicm.org.br\/madreimilda\/wp-json\/wp\/v2\/pages\/265\/revisions"}],"predecessor-version":[{"id":6741,"href":"https:\/\/redeicm.org.br\/madreimilda\/wp-json\/wp\/v2\/pages\/265\/revisions\/6741"}],"wp:attachment":[{"href":"https:\/\/redeicm.org.br\/madreimilda\/wp-json\/wp\/v2\/media?parent=265"}],"curies":[{"name":"wp","href":"https:\/\/api.w.org\/{rel}","templated":true}]}}