{"id":168,"date":"2024-08-16T15:43:14","date_gmt":"2024-08-16T18:43:14","guid":{"rendered":"https:\/\/redeicm.org.br\/madreimilda\/calendario-escolar\/"},"modified":"2026-01-05T11:01:31","modified_gmt":"2026-01-05T14:01:31","slug":"calendario-escolar","status":"publish","type":"page","link":"https:\/\/redeicm.org.br\/madreimilda\/calendario-escolar\/","title":{"rendered":"Calend\u00e1rio escolar"},"content":{"rendered":"\t\t<div data-elementor-type=\"wp-page\" data-elementor-id=\"168\" class=\"elementor elementor-168\" data-elementor-post-type=\"page\">\n\t\t\t\t<div class=\"elementor-element elementor-element-20f02c58 e-flex e-con-boxed e-con e-parent\" data-id=\"20f02c58\" data-element_type=\"container\" data-e-type=\"container\">\n\t\t\t\t\t<div class=\"e-con-inner\">\n\t\t<div class=\"elementor-element elementor-element-131d6c13 e-con-full e-flex e-con e-child\" data-id=\"131d6c13\" data-element_type=\"container\" data-e-type=\"container\">\n\t\t\t\t<div class=\"elementor-element elementor-element-1d2b84b elementor-widget elementor-widget-heading\" data-id=\"1d2b84b\" data-element_type=\"widget\" data-e-type=\"widget\" data-widget_type=\"heading.default\">\n\t\t\t\t<div class=\"elementor-widget-container\">\n\t\t\t\t\t<h2 class=\"elementor-heading-title elementor-size-default\">Calend\u00e1rio 2026<\/h2>\t\t\t\t<\/div>\n\t\t\t\t<\/div>\n\t\t\t\t<div class=\"elementor-element elementor-element-7603c912 elementor-icon-list--layout-traditional elementor-list-item-link-full_width elementor-widget elementor-widget-icon-list\" data-id=\"7603c912\" data-element_type=\"widget\" data-e-type=\"widget\" data-widget_type=\"icon-list.default\">\n\t\t\t\t<div class=\"elementor-widget-container\">\n\t\t\t\t\t\t\t<ul class=\"elementor-icon-list-items\">\n\t\t\t\t\t\t\t<li class=\"elementor-icon-list-item\">\n\t\t\t\t\t\t\t\t\t\t\t<a href=\"https:\/\/redeicm.org.br\/madreimilda\/wp-content\/uploads\/sites\/18\/2026\/01\/CALENDARIO-2026-1.pdf\" target=\"_blank\">\n\n\t\t\t\t\t\t\t\t\t\t\t\t<span class=\"elementor-icon-list-icon\">\n\t\t\t\t\t\t\t<svg aria-hidden=\"true\" class=\"e-font-icon-svg e-far-file-pdf\" viewBox=\"0 0 384 512\" xmlns=\"http:\/\/www.w3.org\/2000\/svg\"><path d=\"M369.9 97.9L286 14C277 5 264.8-.1 252.1-.1H48C21.5 0 0 21.5 0 48v416c0 26.5 21.5 48 48 48h288c26.5 0 48-21.5 48-48V131.9c0-12.7-5.1-25-14.1-34zM332.1 128H256V51.9l76.1 76.1zM48 464V48h160v104c0 13.3 10.7 24 24 24h104v288H48zm250.2-143.7c-12.2-12-47-8.7-64.4-6.5-17.2-10.5-28.7-25-36.8-46.3 3.9-16.1 10.1-40.6 5.4-56-4.2-26.2-37.8-23.6-42.6-5.9-4.4 16.1-.4 38.5 7 67.1-10 23.9-24.9 56-35.4 74.4-20 10.3-47 26.2-51 46.2-3.3 15.8 26 55.2 76.1-31.2 22.4-7.4 46.8-16.5 68.4-20.1 18.9 10.2 41 17 55.8 17 25.5 0 28-28.2 17.5-38.7zm-198.1 77.8c5.1-13.7 24.5-29.5 30.4-35-19 30.3-30.4 35.7-30.4 35zm81.6-190.6c7.4 0 6.7 32.1 1.8 40.8-4.4-13.9-4.3-40.8-1.8-40.8zm-24.4 136.6c9.7-16.9 18-37 24.7-54.7 8.3 15.1 18.9 27.2 30.1 35.5-20.8 4.3-38.9 13.1-54.8 19.2zm131.6-5s-5 6-37.3-7.8c35.1-2.6 40.9 5.4 37.3 7.8z\"><\/path><\/svg>\t\t\t\t\t\t<\/span>\n\t\t\t\t\t\t\t\t\t\t<span class=\"elementor-icon-list-text\">Calend\u00e1rio Escolar \u2013 2026<\/span>\n\t\t\t\t\t\t\t\t\t\t\t<\/a>\n\t\t\t\t\t\t\t\t\t<\/li>\n\t\t\t\t\t\t<\/ul>\n\t\t\t\t\t\t<\/div>\n\t\t\t\t<\/div>\n\t\t\t\t<\/div>\n\t\t<div class=\"elementor-element elementor-element-2e0af2a8 e-con-full e-flex e-con e-child\" data-id=\"2e0af2a8\" data-element_type=\"container\" data-e-type=\"container\">\n\t\t\t\t<\/div>\n\t\t\t\t\t<\/div>\n\t\t\t\t<\/div>\n\t\t\t\t<\/div>\n\t\t","protected":false},"excerpt":{"rendered":"<p>Calend\u00e1rio 2026 Calend\u00e1rio Escolar \u2013 2026<\/p>\n","protected":false},"author":1,"featured_media":172,"parent":0,"menu_order":0,"comment_status":"closed","ping_status":"closed","template":"","meta":{"_acf_changed":false,"footnotes":""},"class_list":["post-168","page","type-page","status-publish","has-post-thumbnail","hentry"],"acf":[],"yoast_head":"<!-- This site is optimized with the Yoast SEO plugin v26.3 - https:\/\/yoast.com\/wordpress\/plugins\/seo\/ -->\n<title>Calend\u00e1rio escolar - Col\u00e9gio Madre Imilda | Rede ICM de educa\u00e7\u00e3o<\/title>\n<meta name=\"robots\" content=\"index, follow, max-snippet:-1, max-image-preview:large, max-video-preview:-1\" \/>\n<link rel=\"canonical\" href=\"https:\/\/redeicm.org.br\/madreimilda\/calendario-escolar\/\" \/>\n<meta property=\"og:locale\" content=\"pt_BR\" \/>\n<meta property=\"og:type\" content=\"article\" \/>\n<meta property=\"og:title\" content=\"Calend\u00e1rio escolar - Col\u00e9gio Madre Imilda | Rede ICM de educa\u00e7\u00e3o\" \/>\n<meta property=\"og:description\" content=\"Calend\u00e1rio 2026 Calend\u00e1rio Escolar \u2013 2026\" \/>\n<meta property=\"og:url\" content=\"https:\/\/redeicm.org.br\/madreimilda\/calendario-escolar\/\" \/>\n<meta property=\"og:site_name\" content=\"Col\u00e9gio Madre Imilda | Rede ICM de educa\u00e7\u00e3o\" \/>\n<meta property=\"article:modified_time\" content=\"2026-01-05T14:01:31+00:00\" \/>\n<meta property=\"og:image\" content=\"https:\/\/redeicm.org.br\/madreimilda\/wp-content\/uploads\/sites\/18\/2024\/08\/banner-projetos-educativos-1.jpg\" \/>\n\t<meta property=\"og:image:width\" content=\"1440\" \/>\n\t<meta property=\"og:image:height\" content=\"400\" \/>\n\t<meta property=\"og:image:type\" content=\"image\/jpeg\" \/>\n<meta name=\"twitter:card\" content=\"summary_large_image\" \/>\n<meta name=\"twitter:label1\" content=\"Est. tempo de leitura\" \/>\n\t<meta name=\"twitter:data1\" content=\"1 minuto\" \/>\n<script type=\"application\/ld+json\" class=\"yoast-schema-graph\">{\"@context\":\"https:\/\/schema.org\",\"@graph\":[{\"@type\":\"WebPage\",\"@id\":\"https:\/\/redeicm.org.br\/madreimilda\/calendario-escolar\/\",\"url\":\"https:\/\/redeicm.org.br\/madreimilda\/calendario-escolar\/\",\"name\":\"Calend\u00e1rio escolar - Col\u00e9gio Madre Imilda | Rede ICM de educa\u00e7\u00e3o\",\"isPartOf\":{\"@id\":\"https:\/\/redeicm.org.br\/madreimilda\/#website\"},\"primaryImageOfPage\":{\"@id\":\"https:\/\/redeicm.org.br\/madreimilda\/calendario-escolar\/#primaryimage\"},\"image\":{\"@id\":\"https:\/\/redeicm.org.br\/madreimilda\/calendario-escolar\/#primaryimage\"},\"thumbnailUrl\":\"https:\/\/redeicm.org.br\/madreimilda\/wp-content\/uploads\/sites\/18\/2024\/08\/banner-projetos-educativos-1.jpg\",\"datePublished\":\"2024-08-16T18:43:14+00:00\",\"dateModified\":\"2026-01-05T14:01:31+00:00\",\"breadcrumb\":{\"@id\":\"https:\/\/redeicm.org.br\/madreimilda\/calendario-escolar\/#breadcrumb\"},\"inLanguage\":\"pt-BR\",\"potentialAction\":[{\"@type\":\"ReadAction\",\"target\":[\"https:\/\/redeicm.org.br\/madreimilda\/calendario-escolar\/\"]}]},{\"@type\":\"ImageObject\",\"inLanguage\":\"pt-BR\",\"@id\":\"https:\/\/redeicm.org.br\/madreimilda\/calendario-escolar\/#primaryimage\",\"url\":\"https:\/\/redeicm.org.br\/madreimilda\/wp-content\/uploads\/sites\/18\/2024\/08\/banner-projetos-educativos-1.jpg\",\"contentUrl\":\"https:\/\/redeicm.org.br\/madreimilda\/wp-content\/uploads\/sites\/18\/2024\/08\/banner-projetos-educativos-1.jpg\",\"width\":1440,\"height\":400},{\"@type\":\"BreadcrumbList\",\"@id\":\"https:\/\/redeicm.org.br\/madreimilda\/calendario-escolar\/#breadcrumb\",\"itemListElement\":[{\"@type\":\"ListItem\",\"position\":1,\"name\":\"In\u00edcio\",\"item\":\"https:\/\/redeicm.org.br\/madreimilda\/\"},{\"@type\":\"ListItem\",\"position\":2,\"name\":\"Calend\u00e1rio escolar\"}]},{\"@type\":\"WebSite\",\"@id\":\"https:\/\/redeicm.org.br\/madreimilda\/#website\",\"url\":\"https:\/\/redeicm.org.br\/madreimilda\/\",\"name\":\"Col\u00e9gio Madre Imilda | Rede ICM de educa\u00e7\u00e3o\",\"description\":\"\",\"publisher\":{\"@id\":\"https:\/\/redeicm.org.br\/madreimilda\/#organization\"},\"potentialAction\":[{\"@type\":\"SearchAction\",\"target\":{\"@type\":\"EntryPoint\",\"urlTemplate\":\"https:\/\/redeicm.org.br\/madreimilda\/?s={search_term_string}\"},\"query-input\":{\"@type\":\"PropertyValueSpecification\",\"valueRequired\":true,\"valueName\":\"search_term_string\"}}],\"inLanguage\":\"pt-BR\"},{\"@type\":\"Organization\",\"@id\":\"https:\/\/redeicm.org.br\/madreimilda\/#organization\",\"name\":\"Col\u00e9gio Madre Imilda | Rede ICM de educa\u00e7\u00e3o\",\"url\":\"https:\/\/redeicm.org.br\/madreimilda\/\",\"logo\":{\"@type\":\"ImageObject\",\"inLanguage\":\"pt-BR\",\"@id\":\"https:\/\/redeicm.org.br\/madreimilda\/#\/schema\/logo\/image\/\",\"url\":\"https:\/\/redeicm.org.br\/madreimilda\/wp-content\/uploads\/sites\/18\/2024\/08\/logo-colegio-madre-imilda.png\",\"contentUrl\":\"https:\/\/redeicm.org.br\/madreimilda\/wp-content\/uploads\/sites\/18\/2024\/08\/logo-colegio-madre-imilda.png\",\"width\":299,\"height\":135,\"caption\":\"Col\u00e9gio Madre Imilda | Rede ICM de educa\u00e7\u00e3o\"},\"image\":{\"@id\":\"https:\/\/redeicm.org.br\/madreimilda\/#\/schema\/logo\/image\/\"}}]}<\/script>\n<!-- \/ Yoast SEO plugin. -->","yoast_head_json":{"title":"Calend\u00e1rio escolar - Col\u00e9gio Madre Imilda | Rede ICM de educa\u00e7\u00e3o","robots":{"index":"index","follow":"follow","max-snippet":"max-snippet:-1","max-image-preview":"max-image-preview:large","max-video-preview":"max-video-preview:-1"},"canonical":"https:\/\/redeicm.org.br\/madreimilda\/calendario-escolar\/","og_locale":"pt_BR","og_type":"article","og_title":"Calend\u00e1rio escolar - Col\u00e9gio Madre Imilda | Rede ICM de educa\u00e7\u00e3o","og_description":"Calend\u00e1rio 2026 Calend\u00e1rio Escolar \u2013 2026","og_url":"https:\/\/redeicm.org.br\/madreimilda\/calendario-escolar\/","og_site_name":"Col\u00e9gio Madre Imilda | Rede ICM de educa\u00e7\u00e3o","article_modified_time":"2026-01-05T14:01:31+00:00","og_image":[{"width":1440,"height":400,"url":"https:\/\/redeicm.org.br\/madreimilda\/wp-content\/uploads\/sites\/18\/2024\/08\/banner-projetos-educativos-1.jpg","type":"image\/jpeg"}],"twitter_card":"summary_large_image","twitter_misc":{"Est. tempo de leitura":"1 minuto"},"schema":{"@context":"https:\/\/schema.org","@graph":[{"@type":"WebPage","@id":"https:\/\/redeicm.org.br\/madreimilda\/calendario-escolar\/","url":"https:\/\/redeicm.org.br\/madreimilda\/calendario-escolar\/","name":"Calend\u00e1rio escolar - Col\u00e9gio Madre Imilda | Rede ICM de educa\u00e7\u00e3o","isPartOf":{"@id":"https:\/\/redeicm.org.br\/madreimilda\/#website"},"primaryImageOfPage":{"@id":"https:\/\/redeicm.org.br\/madreimilda\/calendario-escolar\/#primaryimage"},"image":{"@id":"https:\/\/redeicm.org.br\/madreimilda\/calendario-escolar\/#primaryimage"},"thumbnailUrl":"https:\/\/redeicm.org.br\/madreimilda\/wp-content\/uploads\/sites\/18\/2024\/08\/banner-projetos-educativos-1.jpg","datePublished":"2024-08-16T18:43:14+00:00","dateModified":"2026-01-05T14:01:31+00:00","breadcrumb":{"@id":"https:\/\/redeicm.org.br\/madreimilda\/calendario-escolar\/#breadcrumb"},"inLanguage":"pt-BR","potentialAction":[{"@type":"ReadAction","target":["https:\/\/redeicm.org.br\/madreimilda\/calendario-escolar\/"]}]},{"@type":"ImageObject","inLanguage":"pt-BR","@id":"https:\/\/redeicm.org.br\/madreimilda\/calendario-escolar\/#primaryimage","url":"https:\/\/redeicm.org.br\/madreimilda\/wp-content\/uploads\/sites\/18\/2024\/08\/banner-projetos-educativos-1.jpg","contentUrl":"https:\/\/redeicm.org.br\/madreimilda\/wp-content\/uploads\/sites\/18\/2024\/08\/banner-projetos-educativos-1.jpg","width":1440,"height":400},{"@type":"BreadcrumbList","@id":"https:\/\/redeicm.org.br\/madreimilda\/calendario-escolar\/#breadcrumb","itemListElement":[{"@type":"ListItem","position":1,"name":"In\u00edcio","item":"https:\/\/redeicm.org.br\/madreimilda\/"},{"@type":"ListItem","position":2,"name":"Calend\u00e1rio escolar"}]},{"@type":"WebSite","@id":"https:\/\/redeicm.org.br\/madreimilda\/#website","url":"https:\/\/redeicm.org.br\/madreimilda\/","name":"Col\u00e9gio Madre Imilda | Rede ICM de educa\u00e7\u00e3o","description":"","publisher":{"@id":"https:\/\/redeicm.org.br\/madreimilda\/#organization"},"potentialAction":[{"@type":"SearchAction","target":{"@type":"EntryPoint","urlTemplate":"https:\/\/redeicm.org.br\/madreimilda\/?s={search_term_string}"},"query-input":{"@type":"PropertyValueSpecification","valueRequired":true,"valueName":"search_term_string"}}],"inLanguage":"pt-BR"},{"@type":"Organization","@id":"https:\/\/redeicm.org.br\/madreimilda\/#organization","name":"Col\u00e9gio Madre Imilda | Rede ICM de educa\u00e7\u00e3o","url":"https:\/\/redeicm.org.br\/madreimilda\/","logo":{"@type":"ImageObject","inLanguage":"pt-BR","@id":"https:\/\/redeicm.org.br\/madreimilda\/#\/schema\/logo\/image\/","url":"https:\/\/redeicm.org.br\/madreimilda\/wp-content\/uploads\/sites\/18\/2024\/08\/logo-colegio-madre-imilda.png","contentUrl":"https:\/\/redeicm.org.br\/madreimilda\/wp-content\/uploads\/sites\/18\/2024\/08\/logo-colegio-madre-imilda.png","width":299,"height":135,"caption":"Col\u00e9gio Madre Imilda | Rede ICM de educa\u00e7\u00e3o"},"image":{"@id":"https:\/\/redeicm.org.br\/madreimilda\/#\/schema\/logo\/image\/"}}]}},"_links":{"self":[{"href":"https:\/\/redeicm.org.br\/madreimilda\/wp-json\/wp\/v2\/pages\/168","targetHints":{"allow":["GET"]}}],"collection":[{"href":"https:\/\/redeicm.org.br\/madreimilda\/wp-json\/wp\/v2\/pages"}],"about":[{"href":"https:\/\/redeicm.org.br\/madreimilda\/wp-json\/wp\/v2\/types\/page"}],"author":[{"embeddable":true,"href":"https:\/\/redeicm.org.br\/madreimilda\/wp-json\/wp\/v2\/users\/1"}],"replies":[{"embeddable":true,"href":"https:\/\/redeicm.org.br\/madreimilda\/wp-json\/wp\/v2\/comments?post=168"}],"version-history":[{"count":12,"href":"https:\/\/redeicm.org.br\/madreimilda\/wp-json\/wp\/v2\/pages\/168\/revisions"}],"predecessor-version":[{"id":26181,"href":"https:\/\/redeicm.org.br\/madreimilda\/wp-json\/wp\/v2\/pages\/168\/revisions\/26181"}],"wp:featuredmedia":[{"embeddable":true,"href":"https:\/\/redeicm.org.br\/madreimilda\/wp-json\/wp\/v2\/media\/172"}],"wp:attachment":[{"href":"https:\/\/redeicm.org.br\/madreimilda\/wp-json\/wp\/v2\/media?parent=168"}],"curies":[{"name":"wp","href":"https:\/\/api.w.org\/{rel}","templated":true}]}}