{"id":764,"date":"2025-05-30T01:55:02","date_gmt":"2025-05-30T04:55:02","guid":{"rendered":"https:\/\/redeicm.org.br\/madrebarbara\/?page_id=764"},"modified":"2025-08-18T11:11:21","modified_gmt":"2025-08-18T14:11:21","slug":"bolsa-de-estudos","status":"publish","type":"page","link":"https:\/\/redeicm.org.br\/madrebarbara\/bolsa-de-estudos\/","title":{"rendered":"Bolsa de Estudos"},"content":{"rendered":"<h1>Bolsa de Estudos 2026<\/h1>\n<p>A Rede ICM de Educa\u00e7\u00e3o e Assist\u00eancia Social, certificada como Entidade Beneficente de Assist\u00eancia Social, disponibiliza, anualmente, Bolsas de Estudo conforme os crit\u00e9rios da Lei n.\u00ba 12.101 de 2009 e Lei Complementar 187 de 2021. A primeira etapa do processo \u00e9 de renova\u00e7\u00e3o de Bolsas de Estudo dos alunos bolsistas. Se houver Bolsas de Estudo remanescentes, ocorrer\u00e1 a segunda etapa para a comunidade\u00a0em\u00a0geral.<\/p>\n<p><a href=\"https:\/\/redeicm.org.br\/madrebarbara\/wp-content\/uploads\/sites\/17\/2025\/08\/Edital-Bolsa-de-Estudos-2026-2.pdf\">Edital Bolsa de Estudos 2026<\/a><\/p>\n<p><a href=\"https:\/\/redeicm.org.br\/madrebarbara\/wp-content\/uploads\/sites\/17\/2025\/08\/Declaracao-de-Pensao-Alimenticia-2026.pdf\">Declara\u00e7\u00e3o de Pens\u00e3o Aliment\u00edcia 2026<\/a><\/p>\n<p><a href=\"https:\/\/redeicm.org.br\/madrebarbara\/wp-content\/uploads\/sites\/17\/2025\/08\/Declaracao-de-Desempregado-2026.pdf\">Declara\u00e7\u00e3o de Desempregado 2026<\/a><\/p>\n<p><a href=\"https:\/\/redeicm.org.br\/madrebarbara\/wp-content\/uploads\/sites\/17\/2025\/08\/Declaracao-de-Cedencia-ou-Locacao-2026.pdf\">Declara\u00e7\u00e3o de Ced\u00eancia ou Loca\u00e7\u00e3o 2026<\/a><\/p>\n<p><a href=\"https:\/\/redeicm.org.br\/madrebarbara\/wp-content\/uploads\/sites\/17\/2025\/08\/Declaracao-de-Contribuicao-Financeira-2026.pdf\">Declara\u00e7\u00e3o de Contribui\u00e7\u00e3o Financeira 2026<\/a><\/p>\n<p><a href=\"https:\/\/redeicm.org.br\/madrebarbara\/wp-content\/uploads\/sites\/17\/2025\/08\/Declaracao-de-Recebimento-de-Ajuda-Financeira-2026.pdf\">Declara\u00e7\u00e3o de Recebimento de Ajuda Financeira 2026<\/a><\/p>\n<p><a href=\"https:\/\/redeicm.org.br\/madrebarbara\/wp-content\/uploads\/sites\/17\/2025\/08\/Declaracao-de-Trabalho-Complementar-2026.pdf\">Declara\u00e7\u00e3o de Trabalho Complementar 2026<\/a><\/p>\n<p><a href=\"https:\/\/redeicm.org.br\/madrebarbara\/wp-content\/uploads\/sites\/17\/2025\/08\/Declaracao-de-MEI-2026.pdf\">Declara\u00e7\u00e3o de MEI 2026<\/a><\/p>\n<p><a href=\"https:\/\/redeicm.org.br\/madrebarbara\/wp-content\/uploads\/sites\/17\/2025\/08\/Declaracao-de-Residencia-Fixa-do-aluno-2026-correta.pdf\">Declara\u00e7\u00e3o de Resid\u00eancia Fixa do aluno 2026<\/a><\/p>\n<p><a href=\"https:\/\/redeicm.org.br\/madrebarbara\/wp-content\/uploads\/sites\/17\/2025\/08\/Declaracao-de-Trabalho-Informal-2026.pdf\">Declara\u00e7\u00e3o de Trabalho Informal 2026<\/a><\/p>\n<p><a href=\"https:\/\/redeicm.org.br\/madrebarbara\/wp-content\/uploads\/sites\/17\/2025\/08\/Declaracao-de-Uniao-Estavel-2026.pdf\">Declara\u00e7\u00e3o de Uni\u00e3o Est\u00e1vel 2026<\/a><\/p>\n<p><a href=\"https:\/\/redeicm.org.br\/madrebarbara\/wp-content\/uploads\/sites\/17\/2025\/08\/Declaracao-Estado-Civil-2026.pdf\">Declara\u00e7\u00e3o Estado Civil 2026<\/a><\/p>\n<p><a href=\"https:\/\/redeicm.org.br\/madrebarbara\/wp-content\/uploads\/sites\/17\/2025\/08\/Ficha-socioeconomica-2026.pdf\">Ficha socioecon\u00f4mica 2026<\/a><\/p>\n<p><a href=\"https:\/\/redeicm.org.br\/madrebarbara\/wp-content\/uploads\/sites\/17\/2025\/08\/Relacao-de-documentacao-para-Bolsa-de-estudos-2026.docx-.pdf\">Rela\u00e7\u00e3o de documenta\u00e7\u00e3o para Bolsa de estudos 2026.docx &#8211;<\/a><\/p>\n<p><a href=\"https:\/\/redeicm.org.br\/madrebarbara\/wp-content\/uploads\/sites\/17\/2025\/08\/Requerimento-2026.pdf\">Requerimento 2026<\/a><\/p>\n","protected":false},"excerpt":{"rendered":"<p>Bolsa de Estudos 2026 A Rede ICM de Educa\u00e7\u00e3o e Assist\u00eancia Social, certificada como Entidade Beneficente de Assist\u00eancia Social, disponibiliza, anualmente, Bolsas de Estudo conforme os crit\u00e9rios da Lei n.\u00ba 12.101 de 2009 e Lei Complementar 187 de 2021. A primeira etapa do processo \u00e9 de renova\u00e7\u00e3o de Bolsas de Estudo dos alunos bolsistas. Se [&hellip;]<\/p>\n","protected":false},"author":1,"featured_media":126,"parent":0,"menu_order":0,"comment_status":"closed","ping_status":"closed","template":"","meta":{"_acf_changed":false,"footnotes":""},"class_list":["post-764","page","type-page","status-publish","has-post-thumbnail","hentry"],"acf":[],"yoast_head":"<!-- This site is optimized with the Yoast SEO plugin v26.3 - https:\/\/yoast.com\/wordpress\/plugins\/seo\/ -->\n<title>Bolsa de Estudos - Col\u00e9gio Madre B\u00e1rbara | Rede ICM de Educa\u00e7\u00e3o<\/title>\n<meta name=\"robots\" content=\"index, follow, max-snippet:-1, max-image-preview:large, max-video-preview:-1\" \/>\n<link rel=\"canonical\" href=\"https:\/\/redeicm.org.br\/madrebarbara\/bolsa-de-estudos\/\" \/>\n<meta property=\"og:locale\" content=\"pt_BR\" \/>\n<meta property=\"og:type\" content=\"article\" \/>\n<meta property=\"og:title\" content=\"Bolsa de Estudos - Col\u00e9gio Madre B\u00e1rbara | Rede ICM de Educa\u00e7\u00e3o\" \/>\n<meta property=\"og:description\" content=\"Bolsa de Estudos 2026 A Rede ICM de Educa\u00e7\u00e3o e Assist\u00eancia Social, certificada como Entidade Beneficente de Assist\u00eancia Social, disponibiliza, anualmente, Bolsas de Estudo conforme os crit\u00e9rios da Lei n.\u00ba 12.101 de 2009 e Lei Complementar 187 de 2021. A primeira etapa do processo \u00e9 de renova\u00e7\u00e3o de Bolsas de Estudo dos alunos bolsistas. Se [&hellip;]\" \/>\n<meta property=\"og:url\" content=\"https:\/\/redeicm.org.br\/madrebarbara\/bolsa-de-estudos\/\" \/>\n<meta property=\"og:site_name\" content=\"Col\u00e9gio Madre B\u00e1rbara | Rede ICM de Educa\u00e7\u00e3o\" \/>\n<meta property=\"article:modified_time\" content=\"2025-08-18T14:11:21+00:00\" \/>\n<meta property=\"og:image\" content=\"https:\/\/redeicm.org.br\/madrebarbara\/wp-content\/uploads\/sites\/17\/2024\/08\/banner-direcao.jpg\" \/>\n\t<meta property=\"og:image:width\" content=\"1440\" \/>\n\t<meta property=\"og:image:height\" content=\"400\" \/>\n\t<meta property=\"og:image:type\" content=\"image\/jpeg\" \/>\n<meta name=\"twitter:card\" content=\"summary_large_image\" \/>\n<meta name=\"twitter:label1\" content=\"Est. tempo de leitura\" \/>\n\t<meta name=\"twitter:data1\" content=\"1 minuto\" \/>\n<script type=\"application\/ld+json\" class=\"yoast-schema-graph\">{\"@context\":\"https:\/\/schema.org\",\"@graph\":[{\"@type\":\"WebPage\",\"@id\":\"https:\/\/redeicm.org.br\/madrebarbara\/bolsa-de-estudos\/\",\"url\":\"https:\/\/redeicm.org.br\/madrebarbara\/bolsa-de-estudos\/\",\"name\":\"Bolsa de Estudos - Col\u00e9gio Madre B\u00e1rbara | Rede ICM de Educa\u00e7\u00e3o\",\"isPartOf\":{\"@id\":\"https:\/\/redeicm.org.br\/madrebarbara\/#website\"},\"primaryImageOfPage\":{\"@id\":\"https:\/\/redeicm.org.br\/madrebarbara\/bolsa-de-estudos\/#primaryimage\"},\"image\":{\"@id\":\"https:\/\/redeicm.org.br\/madrebarbara\/bolsa-de-estudos\/#primaryimage\"},\"thumbnailUrl\":\"https:\/\/redeicm.org.br\/madrebarbara\/wp-content\/uploads\/sites\/17\/2024\/08\/banner-direcao.jpg\",\"datePublished\":\"2025-05-30T04:55:02+00:00\",\"dateModified\":\"2025-08-18T14:11:21+00:00\",\"breadcrumb\":{\"@id\":\"https:\/\/redeicm.org.br\/madrebarbara\/bolsa-de-estudos\/#breadcrumb\"},\"inLanguage\":\"pt-BR\",\"potentialAction\":[{\"@type\":\"ReadAction\",\"target\":[\"https:\/\/redeicm.org.br\/madrebarbara\/bolsa-de-estudos\/\"]}]},{\"@type\":\"ImageObject\",\"inLanguage\":\"pt-BR\",\"@id\":\"https:\/\/redeicm.org.br\/madrebarbara\/bolsa-de-estudos\/#primaryimage\",\"url\":\"https:\/\/redeicm.org.br\/madrebarbara\/wp-content\/uploads\/sites\/17\/2024\/08\/banner-direcao.jpg\",\"contentUrl\":\"https:\/\/redeicm.org.br\/madrebarbara\/wp-content\/uploads\/sites\/17\/2024\/08\/banner-direcao.jpg\",\"width\":1440,\"height\":400},{\"@type\":\"BreadcrumbList\",\"@id\":\"https:\/\/redeicm.org.br\/madrebarbara\/bolsa-de-estudos\/#breadcrumb\",\"itemListElement\":[{\"@type\":\"ListItem\",\"position\":1,\"name\":\"In\u00edcio\",\"item\":\"https:\/\/redeicm.org.br\/madrebarbara\/\"},{\"@type\":\"ListItem\",\"position\":2,\"name\":\"Bolsa de Estudos\"}]},{\"@type\":\"WebSite\",\"@id\":\"https:\/\/redeicm.org.br\/madrebarbara\/#website\",\"url\":\"https:\/\/redeicm.org.br\/madrebarbara\/\",\"name\":\"Col\u00e9gio Madre B\u00e1rbara | Rede ICM de Educa\u00e7\u00e3o\",\"description\":\"\",\"publisher\":{\"@id\":\"https:\/\/redeicm.org.br\/madrebarbara\/#organization\"},\"potentialAction\":[{\"@type\":\"SearchAction\",\"target\":{\"@type\":\"EntryPoint\",\"urlTemplate\":\"https:\/\/redeicm.org.br\/madrebarbara\/?s={search_term_string}\"},\"query-input\":{\"@type\":\"PropertyValueSpecification\",\"valueRequired\":true,\"valueName\":\"search_term_string\"}}],\"inLanguage\":\"pt-BR\"},{\"@type\":\"Organization\",\"@id\":\"https:\/\/redeicm.org.br\/madrebarbara\/#organization\",\"name\":\"Col\u00e9gio Madre B\u00e1rbara | Rede ICM de Educa\u00e7\u00e3o\",\"url\":\"https:\/\/redeicm.org.br\/madrebarbara\/\",\"logo\":{\"@type\":\"ImageObject\",\"inLanguage\":\"pt-BR\",\"@id\":\"https:\/\/redeicm.org.br\/madrebarbara\/#\/schema\/logo\/image\/\",\"url\":\"https:\/\/redeicm.org.br\/madrebarbara\/wp-content\/uploads\/sites\/17\/2025\/09\/ICM_Educacao_Madre_Barbara_Preferencial_Cores-1024x329-1.png\",\"contentUrl\":\"https:\/\/redeicm.org.br\/madrebarbara\/wp-content\/uploads\/sites\/17\/2025\/09\/ICM_Educacao_Madre_Barbara_Preferencial_Cores-1024x329-1.png\",\"width\":223,\"height\":223,\"caption\":\"Col\u00e9gio Madre B\u00e1rbara | Rede ICM de Educa\u00e7\u00e3o\"},\"image\":{\"@id\":\"https:\/\/redeicm.org.br\/madrebarbara\/#\/schema\/logo\/image\/\"}}]}<\/script>\n<!-- \/ Yoast SEO plugin. -->","yoast_head_json":{"title":"Bolsa de Estudos - Col\u00e9gio Madre B\u00e1rbara | Rede ICM de Educa\u00e7\u00e3o","robots":{"index":"index","follow":"follow","max-snippet":"max-snippet:-1","max-image-preview":"max-image-preview:large","max-video-preview":"max-video-preview:-1"},"canonical":"https:\/\/redeicm.org.br\/madrebarbara\/bolsa-de-estudos\/","og_locale":"pt_BR","og_type":"article","og_title":"Bolsa de Estudos - Col\u00e9gio Madre B\u00e1rbara | Rede ICM de Educa\u00e7\u00e3o","og_description":"Bolsa de Estudos 2026 A Rede ICM de Educa\u00e7\u00e3o e Assist\u00eancia Social, certificada como Entidade Beneficente de Assist\u00eancia Social, disponibiliza, anualmente, Bolsas de Estudo conforme os crit\u00e9rios da Lei n.\u00ba 12.101 de 2009 e Lei Complementar 187 de 2021. A primeira etapa do processo \u00e9 de renova\u00e7\u00e3o de Bolsas de Estudo dos alunos bolsistas. Se [&hellip;]","og_url":"https:\/\/redeicm.org.br\/madrebarbara\/bolsa-de-estudos\/","og_site_name":"Col\u00e9gio Madre B\u00e1rbara | Rede ICM de Educa\u00e7\u00e3o","article_modified_time":"2025-08-18T14:11:21+00:00","og_image":[{"width":1440,"height":400,"url":"https:\/\/redeicm.org.br\/madrebarbara\/wp-content\/uploads\/sites\/17\/2024\/08\/banner-direcao.jpg","type":"image\/jpeg"}],"twitter_card":"summary_large_image","twitter_misc":{"Est. tempo de leitura":"1 minuto"},"schema":{"@context":"https:\/\/schema.org","@graph":[{"@type":"WebPage","@id":"https:\/\/redeicm.org.br\/madrebarbara\/bolsa-de-estudos\/","url":"https:\/\/redeicm.org.br\/madrebarbara\/bolsa-de-estudos\/","name":"Bolsa de Estudos - Col\u00e9gio Madre B\u00e1rbara | Rede ICM de Educa\u00e7\u00e3o","isPartOf":{"@id":"https:\/\/redeicm.org.br\/madrebarbara\/#website"},"primaryImageOfPage":{"@id":"https:\/\/redeicm.org.br\/madrebarbara\/bolsa-de-estudos\/#primaryimage"},"image":{"@id":"https:\/\/redeicm.org.br\/madrebarbara\/bolsa-de-estudos\/#primaryimage"},"thumbnailUrl":"https:\/\/redeicm.org.br\/madrebarbara\/wp-content\/uploads\/sites\/17\/2024\/08\/banner-direcao.jpg","datePublished":"2025-05-30T04:55:02+00:00","dateModified":"2025-08-18T14:11:21+00:00","breadcrumb":{"@id":"https:\/\/redeicm.org.br\/madrebarbara\/bolsa-de-estudos\/#breadcrumb"},"inLanguage":"pt-BR","potentialAction":[{"@type":"ReadAction","target":["https:\/\/redeicm.org.br\/madrebarbara\/bolsa-de-estudos\/"]}]},{"@type":"ImageObject","inLanguage":"pt-BR","@id":"https:\/\/redeicm.org.br\/madrebarbara\/bolsa-de-estudos\/#primaryimage","url":"https:\/\/redeicm.org.br\/madrebarbara\/wp-content\/uploads\/sites\/17\/2024\/08\/banner-direcao.jpg","contentUrl":"https:\/\/redeicm.org.br\/madrebarbara\/wp-content\/uploads\/sites\/17\/2024\/08\/banner-direcao.jpg","width":1440,"height":400},{"@type":"BreadcrumbList","@id":"https:\/\/redeicm.org.br\/madrebarbara\/bolsa-de-estudos\/#breadcrumb","itemListElement":[{"@type":"ListItem","position":1,"name":"In\u00edcio","item":"https:\/\/redeicm.org.br\/madrebarbara\/"},{"@type":"ListItem","position":2,"name":"Bolsa de Estudos"}]},{"@type":"WebSite","@id":"https:\/\/redeicm.org.br\/madrebarbara\/#website","url":"https:\/\/redeicm.org.br\/madrebarbara\/","name":"Col\u00e9gio Madre B\u00e1rbara | Rede ICM de Educa\u00e7\u00e3o","description":"","publisher":{"@id":"https:\/\/redeicm.org.br\/madrebarbara\/#organization"},"potentialAction":[{"@type":"SearchAction","target":{"@type":"EntryPoint","urlTemplate":"https:\/\/redeicm.org.br\/madrebarbara\/?s={search_term_string}"},"query-input":{"@type":"PropertyValueSpecification","valueRequired":true,"valueName":"search_term_string"}}],"inLanguage":"pt-BR"},{"@type":"Organization","@id":"https:\/\/redeicm.org.br\/madrebarbara\/#organization","name":"Col\u00e9gio Madre B\u00e1rbara | Rede ICM de Educa\u00e7\u00e3o","url":"https:\/\/redeicm.org.br\/madrebarbara\/","logo":{"@type":"ImageObject","inLanguage":"pt-BR","@id":"https:\/\/redeicm.org.br\/madrebarbara\/#\/schema\/logo\/image\/","url":"https:\/\/redeicm.org.br\/madrebarbara\/wp-content\/uploads\/sites\/17\/2025\/09\/ICM_Educacao_Madre_Barbara_Preferencial_Cores-1024x329-1.png","contentUrl":"https:\/\/redeicm.org.br\/madrebarbara\/wp-content\/uploads\/sites\/17\/2025\/09\/ICM_Educacao_Madre_Barbara_Preferencial_Cores-1024x329-1.png","width":223,"height":223,"caption":"Col\u00e9gio Madre B\u00e1rbara | Rede ICM de Educa\u00e7\u00e3o"},"image":{"@id":"https:\/\/redeicm.org.br\/madrebarbara\/#\/schema\/logo\/image\/"}}]}},"_links":{"self":[{"href":"https:\/\/redeicm.org.br\/madrebarbara\/wp-json\/wp\/v2\/pages\/764","targetHints":{"allow":["GET"]}}],"collection":[{"href":"https:\/\/redeicm.org.br\/madrebarbara\/wp-json\/wp\/v2\/pages"}],"about":[{"href":"https:\/\/redeicm.org.br\/madrebarbara\/wp-json\/wp\/v2\/types\/page"}],"author":[{"embeddable":true,"href":"https:\/\/redeicm.org.br\/madrebarbara\/wp-json\/wp\/v2\/users\/1"}],"replies":[{"embeddable":true,"href":"https:\/\/redeicm.org.br\/madrebarbara\/wp-json\/wp\/v2\/comments?post=764"}],"version-history":[{"count":17,"href":"https:\/\/redeicm.org.br\/madrebarbara\/wp-json\/wp\/v2\/pages\/764\/revisions"}],"predecessor-version":[{"id":13859,"href":"https:\/\/redeicm.org.br\/madrebarbara\/wp-json\/wp\/v2\/pages\/764\/revisions\/13859"}],"wp:featuredmedia":[{"embeddable":true,"href":"https:\/\/redeicm.org.br\/madrebarbara\/wp-json\/wp\/v2\/media\/126"}],"wp:attachment":[{"href":"https:\/\/redeicm.org.br\/madrebarbara\/wp-json\/wp\/v2\/media?parent=764"}],"curies":[{"name":"wp","href":"https:\/\/api.w.org\/{rel}","templated":true}]}}