{"id":724,"date":"2025-05-30T01:03:55","date_gmt":"2025-05-30T04:03:55","guid":{"rendered":"https:\/\/redeicm.org.br\/madrebarbara\/?page_id=724"},"modified":"2026-04-01T07:50:49","modified_gmt":"2026-04-01T10:50:49","slug":"cardapio-extracurricular","status":"publish","type":"page","link":"https:\/\/redeicm.org.br\/madrebarbara\/cardapio-extracurricular\/","title":{"rendered":"Card\u00e1pio Extracurricular"},"content":{"rendered":"<h1 style=\"text-align: left\">Card\u00e1pio Turno Extracurricular &#8211; Abril\/26<\/h1>\n<table width=\"766\">\n<tbody>\n<tr>\n<td width=\"132\"><\/td>\n<td width=\"151\"><\/td>\n<td width=\"170\"><strong>01.04<\/strong><\/td>\n<td width=\"149\"><strong>02.04<\/strong><\/td>\n<td width=\"163\"><strong>03.04<\/strong><\/td>\n<\/tr>\n<tr>\n<td width=\"132\"><\/td>\n<td width=\"151\"><\/td>\n<td width=\"170\">Feij\u00e3o, arroz, massa espaguete, guisadinho italiano, saladas e frutas.<\/td>\n<td width=\"149\">Feij\u00e3o, arroz, batata saut\u00e9, fil\u00e9 de peixe \u00e1 milanesa, saladas e frutas.<\/p>\n<p><strong>\u00a0<\/strong><\/td>\n<td width=\"163\"><\/td>\n<\/tr>\n<tr>\n<td width=\"132\"><strong>06.04<\/strong><\/td>\n<td width=\"151\"><strong>07.04<\/strong><\/td>\n<td width=\"170\"><strong>08.04<\/strong><\/td>\n<td width=\"149\"><strong>09.04<\/strong><\/td>\n<td width=\"163\"><strong>10.04<\/strong><\/td>\n<\/tr>\n<tr>\n<td width=\"132\">Feij\u00e3o, arroz, polenta cremosa, guisado, saladas e frutas.<\/p>\n<p><strong>\u00a0<\/strong><\/td>\n<td width=\"151\">Feij\u00e3o, arroz, palito de aipim assado, bife de porco na panela, saladas e frutas.<\/td>\n<td width=\"170\">Lentilha, arroz, batata inglesa no vapor, cubos de frango ao molho cremoso, saladas e frutas.<\/p>\n<p><strong>\u00a0<\/strong><\/td>\n<td width=\"149\">Feij\u00e3o, arroz, br\u00f3colis com milho, porco assado, saladas e frutas.<\/p>\n<p><strong>\u00a0<\/strong><\/td>\n<td width=\"163\">Feij\u00e3o, arroz, espaguete, carne de panela, saladas e frutas<strong>.<\/strong><\/td>\n<\/tr>\n<tr>\n<td width=\"132\"><strong>13.04<\/strong><\/td>\n<td width=\"151\"><strong>14.04<\/strong><\/td>\n<td width=\"170\"><strong>15.04<\/strong><\/td>\n<td width=\"149\"><strong>16.04<\/strong><\/td>\n<td width=\"163\"><strong>17.04<\/strong><\/td>\n<\/tr>\n<tr>\n<td width=\"132\">Feij\u00e3o, arroz, fricass\u00ea de frango, massa parafuso, saladas e frutas.<\/p>\n<p><strong>\u00a0<\/strong><\/td>\n<td width=\"151\">Feij\u00e3o, arroz, batata doce r\u00fastica, carne de porco assada, saladas e frutas.<\/td>\n<td width=\"170\">Feij\u00e3o, arroz, lasanha de carne, frango grelhado com ervas, saladas e frutas.<\/td>\n<td width=\"149\">Feij\u00e3o, arroz, panqueca de couve com frango, alm\u00f4ndegas assadas, saladas e frutas.<\/p>\n<p><strong>\u00a0<\/strong><\/td>\n<td width=\"163\">Feij\u00e3o, arroz, fil\u00e9 de frango grelhado, pur\u00ea de batata, saladas e frutas.<\/td>\n<\/tr>\n<tr>\n<td width=\"132\"><strong>20.04<\/strong><\/td>\n<td width=\"151\"><strong>21.04<\/strong><\/td>\n<td width=\"170\"><strong>22.04<\/strong><\/td>\n<td width=\"149\"><strong>23.04<\/strong><\/td>\n<td width=\"163\"><strong>24.04<\/strong><\/td>\n<\/tr>\n<tr>\n<td width=\"132\">Feij\u00e3o, carreteiro, milho refogado, saladas e frutas<\/td>\n<td width=\"151\">Feriado de Tiradentes!<\/td>\n<td width=\"170\">Feij\u00e3o, arroz, massa parafuso, iscas de carne ao molho vermelho, saladas e frutas.<\/td>\n<td width=\"149\">Feij\u00e3o, arroz, batata inglesa no vapor, molho de frango desfiado, saladas e frutas.<\/td>\n<td width=\"163\">Feij\u00e3o, arroz, rocambole de carne, milho cozido, saladas e frutas.<\/td>\n<\/tr>\n<tr>\n<td width=\"132\"><strong>27.04<\/strong><\/td>\n<td width=\"151\"><strong>28.04<\/strong><\/td>\n<td width=\"170\"><strong>29.04<\/strong><\/td>\n<td width=\"149\"><strong>30.04<\/strong><\/td>\n<td width=\"163\"><strong>01.05<\/strong><\/td>\n<\/tr>\n<tr>\n<td width=\"132\">Feij\u00e3o, arroz, cubos de frango ao molho sugo, polenta cremosa, saladas e frutas.<\/td>\n<td width=\"151\">Feij\u00e3o, arroz, guisado, espaguete, saladas e frutas.<\/td>\n<td width=\"170\">Feij\u00e3o, arroz, aipim cozido, carne de porco na panela acebolada, saladas e frutas.<\/td>\n<td width=\"149\">Feij\u00e3o, arroz, bife de frango grelhado, batata saut\u00e9 (cozida e depois assada), saladas e frutas.<\/td>\n<td width=\"163\"><strong>Feriado<\/strong><\/td>\n<\/tr>\n<\/tbody>\n<\/table>\n","protected":false},"excerpt":{"rendered":"<p>Card\u00e1pio Turno Extracurricular &#8211; Abril\/26 01.04 02.04 03.04 Feij\u00e3o, arroz, massa espaguete, guisadinho italiano, saladas e frutas. Feij\u00e3o, arroz, batata saut\u00e9, fil\u00e9 de peixe \u00e1 milanesa, saladas e frutas. \u00a0 06.04 07.04 08.04 09.04 10.04 Feij\u00e3o, arroz, polenta cremosa, guisado, saladas e frutas. \u00a0 Feij\u00e3o, arroz, palito de aipim assado, bife de porco na panela, [&hellip;]<\/p>\n","protected":false},"author":1,"featured_media":126,"parent":0,"menu_order":0,"comment_status":"closed","ping_status":"closed","template":"","meta":{"_acf_changed":false,"footnotes":""},"class_list":["post-724","page","type-page","status-publish","has-post-thumbnail","hentry"],"acf":[],"yoast_head":"<!-- This site is optimized with the Yoast SEO plugin v26.3 - https:\/\/yoast.com\/wordpress\/plugins\/seo\/ -->\n<title>Card\u00e1pio Extracurricular - Col\u00e9gio Madre B\u00e1rbara | Rede ICM de Educa\u00e7\u00e3o<\/title>\n<meta name=\"robots\" content=\"index, follow, max-snippet:-1, max-image-preview:large, max-video-preview:-1\" \/>\n<link rel=\"canonical\" href=\"https:\/\/redeicm.org.br\/madrebarbara\/cardapio-extracurricular\/\" \/>\n<meta property=\"og:locale\" content=\"pt_BR\" \/>\n<meta property=\"og:type\" content=\"article\" \/>\n<meta property=\"og:title\" content=\"Card\u00e1pio Extracurricular - Col\u00e9gio Madre B\u00e1rbara | Rede ICM de Educa\u00e7\u00e3o\" \/>\n<meta property=\"og:description\" content=\"Card\u00e1pio Turno Extracurricular &#8211; Abril\/26 01.04 02.04 03.04 Feij\u00e3o, arroz, massa espaguete, guisadinho italiano, saladas e frutas. Feij\u00e3o, arroz, batata saut\u00e9, fil\u00e9 de peixe \u00e1 milanesa, saladas e frutas. \u00a0 06.04 07.04 08.04 09.04 10.04 Feij\u00e3o, arroz, polenta cremosa, guisado, saladas e frutas. \u00a0 Feij\u00e3o, arroz, palito de aipim assado, bife de porco na panela, [&hellip;]\" \/>\n<meta property=\"og:url\" content=\"https:\/\/redeicm.org.br\/madrebarbara\/cardapio-extracurricular\/\" \/>\n<meta property=\"og:site_name\" content=\"Col\u00e9gio Madre B\u00e1rbara | Rede ICM de Educa\u00e7\u00e3o\" \/>\n<meta property=\"article:modified_time\" content=\"2026-04-01T10:50:49+00:00\" \/>\n<meta property=\"og:image\" content=\"https:\/\/redeicm.org.br\/madrebarbara\/wp-content\/uploads\/sites\/17\/2024\/08\/banner-direcao.jpg\" \/>\n\t<meta property=\"og:image:width\" content=\"1440\" \/>\n\t<meta property=\"og:image:height\" content=\"400\" \/>\n\t<meta property=\"og:image:type\" content=\"image\/jpeg\" \/>\n<meta name=\"twitter:card\" content=\"summary_large_image\" \/>\n<meta name=\"twitter:label1\" content=\"Est. tempo de leitura\" \/>\n\t<meta name=\"twitter:data1\" content=\"2 minutos\" \/>\n<script type=\"application\/ld+json\" class=\"yoast-schema-graph\">{\"@context\":\"https:\/\/schema.org\",\"@graph\":[{\"@type\":\"WebPage\",\"@id\":\"https:\/\/redeicm.org.br\/madrebarbara\/cardapio-extracurricular\/\",\"url\":\"https:\/\/redeicm.org.br\/madrebarbara\/cardapio-extracurricular\/\",\"name\":\"Card\u00e1pio Extracurricular - Col\u00e9gio Madre B\u00e1rbara | Rede ICM de Educa\u00e7\u00e3o\",\"isPartOf\":{\"@id\":\"https:\/\/redeicm.org.br\/madrebarbara\/#website\"},\"primaryImageOfPage\":{\"@id\":\"https:\/\/redeicm.org.br\/madrebarbara\/cardapio-extracurricular\/#primaryimage\"},\"image\":{\"@id\":\"https:\/\/redeicm.org.br\/madrebarbara\/cardapio-extracurricular\/#primaryimage\"},\"thumbnailUrl\":\"https:\/\/redeicm.org.br\/madrebarbara\/wp-content\/uploads\/sites\/17\/2024\/08\/banner-direcao.jpg\",\"datePublished\":\"2025-05-30T04:03:55+00:00\",\"dateModified\":\"2026-04-01T10:50:49+00:00\",\"breadcrumb\":{\"@id\":\"https:\/\/redeicm.org.br\/madrebarbara\/cardapio-extracurricular\/#breadcrumb\"},\"inLanguage\":\"pt-BR\",\"potentialAction\":[{\"@type\":\"ReadAction\",\"target\":[\"https:\/\/redeicm.org.br\/madrebarbara\/cardapio-extracurricular\/\"]}]},{\"@type\":\"ImageObject\",\"inLanguage\":\"pt-BR\",\"@id\":\"https:\/\/redeicm.org.br\/madrebarbara\/cardapio-extracurricular\/#primaryimage\",\"url\":\"https:\/\/redeicm.org.br\/madrebarbara\/wp-content\/uploads\/sites\/17\/2024\/08\/banner-direcao.jpg\",\"contentUrl\":\"https:\/\/redeicm.org.br\/madrebarbara\/wp-content\/uploads\/sites\/17\/2024\/08\/banner-direcao.jpg\",\"width\":1440,\"height\":400},{\"@type\":\"BreadcrumbList\",\"@id\":\"https:\/\/redeicm.org.br\/madrebarbara\/cardapio-extracurricular\/#breadcrumb\",\"itemListElement\":[{\"@type\":\"ListItem\",\"position\":1,\"name\":\"In\u00edcio\",\"item\":\"https:\/\/redeicm.org.br\/madrebarbara\/\"},{\"@type\":\"ListItem\",\"position\":2,\"name\":\"Card\u00e1pio Extracurricular\"}]},{\"@type\":\"WebSite\",\"@id\":\"https:\/\/redeicm.org.br\/madrebarbara\/#website\",\"url\":\"https:\/\/redeicm.org.br\/madrebarbara\/\",\"name\":\"Col\u00e9gio Madre B\u00e1rbara | Rede ICM de Educa\u00e7\u00e3o\",\"description\":\"\",\"publisher\":{\"@id\":\"https:\/\/redeicm.org.br\/madrebarbara\/#organization\"},\"potentialAction\":[{\"@type\":\"SearchAction\",\"target\":{\"@type\":\"EntryPoint\",\"urlTemplate\":\"https:\/\/redeicm.org.br\/madrebarbara\/?s={search_term_string}\"},\"query-input\":{\"@type\":\"PropertyValueSpecification\",\"valueRequired\":true,\"valueName\":\"search_term_string\"}}],\"inLanguage\":\"pt-BR\"},{\"@type\":\"Organization\",\"@id\":\"https:\/\/redeicm.org.br\/madrebarbara\/#organization\",\"name\":\"Col\u00e9gio Madre B\u00e1rbara | Rede ICM de Educa\u00e7\u00e3o\",\"url\":\"https:\/\/redeicm.org.br\/madrebarbara\/\",\"logo\":{\"@type\":\"ImageObject\",\"inLanguage\":\"pt-BR\",\"@id\":\"https:\/\/redeicm.org.br\/madrebarbara\/#\/schema\/logo\/image\/\",\"url\":\"https:\/\/redeicm.org.br\/madrebarbara\/wp-content\/uploads\/sites\/17\/2025\/09\/ICM_Educacao_Madre_Barbara_Preferencial_Cores-1024x329-1.png\",\"contentUrl\":\"https:\/\/redeicm.org.br\/madrebarbara\/wp-content\/uploads\/sites\/17\/2025\/09\/ICM_Educacao_Madre_Barbara_Preferencial_Cores-1024x329-1.png\",\"width\":223,\"height\":223,\"caption\":\"Col\u00e9gio Madre B\u00e1rbara | Rede ICM de Educa\u00e7\u00e3o\"},\"image\":{\"@id\":\"https:\/\/redeicm.org.br\/madrebarbara\/#\/schema\/logo\/image\/\"}}]}<\/script>\n<!-- \/ Yoast SEO plugin. -->","yoast_head_json":{"title":"Card\u00e1pio Extracurricular - Col\u00e9gio Madre B\u00e1rbara | Rede ICM de Educa\u00e7\u00e3o","robots":{"index":"index","follow":"follow","max-snippet":"max-snippet:-1","max-image-preview":"max-image-preview:large","max-video-preview":"max-video-preview:-1"},"canonical":"https:\/\/redeicm.org.br\/madrebarbara\/cardapio-extracurricular\/","og_locale":"pt_BR","og_type":"article","og_title":"Card\u00e1pio Extracurricular - Col\u00e9gio Madre B\u00e1rbara | Rede ICM de Educa\u00e7\u00e3o","og_description":"Card\u00e1pio Turno Extracurricular &#8211; Abril\/26 01.04 02.04 03.04 Feij\u00e3o, arroz, massa espaguete, guisadinho italiano, saladas e frutas. Feij\u00e3o, arroz, batata saut\u00e9, fil\u00e9 de peixe \u00e1 milanesa, saladas e frutas. \u00a0 06.04 07.04 08.04 09.04 10.04 Feij\u00e3o, arroz, polenta cremosa, guisado, saladas e frutas. \u00a0 Feij\u00e3o, arroz, palito de aipim assado, bife de porco na panela, [&hellip;]","og_url":"https:\/\/redeicm.org.br\/madrebarbara\/cardapio-extracurricular\/","og_site_name":"Col\u00e9gio Madre B\u00e1rbara | Rede ICM de Educa\u00e7\u00e3o","article_modified_time":"2026-04-01T10:50:49+00:00","og_image":[{"width":1440,"height":400,"url":"https:\/\/redeicm.org.br\/madrebarbara\/wp-content\/uploads\/sites\/17\/2024\/08\/banner-direcao.jpg","type":"image\/jpeg"}],"twitter_card":"summary_large_image","twitter_misc":{"Est. tempo de leitura":"2 minutos"},"schema":{"@context":"https:\/\/schema.org","@graph":[{"@type":"WebPage","@id":"https:\/\/redeicm.org.br\/madrebarbara\/cardapio-extracurricular\/","url":"https:\/\/redeicm.org.br\/madrebarbara\/cardapio-extracurricular\/","name":"Card\u00e1pio Extracurricular - Col\u00e9gio Madre B\u00e1rbara | Rede ICM de Educa\u00e7\u00e3o","isPartOf":{"@id":"https:\/\/redeicm.org.br\/madrebarbara\/#website"},"primaryImageOfPage":{"@id":"https:\/\/redeicm.org.br\/madrebarbara\/cardapio-extracurricular\/#primaryimage"},"image":{"@id":"https:\/\/redeicm.org.br\/madrebarbara\/cardapio-extracurricular\/#primaryimage"},"thumbnailUrl":"https:\/\/redeicm.org.br\/madrebarbara\/wp-content\/uploads\/sites\/17\/2024\/08\/banner-direcao.jpg","datePublished":"2025-05-30T04:03:55+00:00","dateModified":"2026-04-01T10:50:49+00:00","breadcrumb":{"@id":"https:\/\/redeicm.org.br\/madrebarbara\/cardapio-extracurricular\/#breadcrumb"},"inLanguage":"pt-BR","potentialAction":[{"@type":"ReadAction","target":["https:\/\/redeicm.org.br\/madrebarbara\/cardapio-extracurricular\/"]}]},{"@type":"ImageObject","inLanguage":"pt-BR","@id":"https:\/\/redeicm.org.br\/madrebarbara\/cardapio-extracurricular\/#primaryimage","url":"https:\/\/redeicm.org.br\/madrebarbara\/wp-content\/uploads\/sites\/17\/2024\/08\/banner-direcao.jpg","contentUrl":"https:\/\/redeicm.org.br\/madrebarbara\/wp-content\/uploads\/sites\/17\/2024\/08\/banner-direcao.jpg","width":1440,"height":400},{"@type":"BreadcrumbList","@id":"https:\/\/redeicm.org.br\/madrebarbara\/cardapio-extracurricular\/#breadcrumb","itemListElement":[{"@type":"ListItem","position":1,"name":"In\u00edcio","item":"https:\/\/redeicm.org.br\/madrebarbara\/"},{"@type":"ListItem","position":2,"name":"Card\u00e1pio Extracurricular"}]},{"@type":"WebSite","@id":"https:\/\/redeicm.org.br\/madrebarbara\/#website","url":"https:\/\/redeicm.org.br\/madrebarbara\/","name":"Col\u00e9gio Madre B\u00e1rbara | Rede ICM de Educa\u00e7\u00e3o","description":"","publisher":{"@id":"https:\/\/redeicm.org.br\/madrebarbara\/#organization"},"potentialAction":[{"@type":"SearchAction","target":{"@type":"EntryPoint","urlTemplate":"https:\/\/redeicm.org.br\/madrebarbara\/?s={search_term_string}"},"query-input":{"@type":"PropertyValueSpecification","valueRequired":true,"valueName":"search_term_string"}}],"inLanguage":"pt-BR"},{"@type":"Organization","@id":"https:\/\/redeicm.org.br\/madrebarbara\/#organization","name":"Col\u00e9gio Madre B\u00e1rbara | Rede ICM de Educa\u00e7\u00e3o","url":"https:\/\/redeicm.org.br\/madrebarbara\/","logo":{"@type":"ImageObject","inLanguage":"pt-BR","@id":"https:\/\/redeicm.org.br\/madrebarbara\/#\/schema\/logo\/image\/","url":"https:\/\/redeicm.org.br\/madrebarbara\/wp-content\/uploads\/sites\/17\/2025\/09\/ICM_Educacao_Madre_Barbara_Preferencial_Cores-1024x329-1.png","contentUrl":"https:\/\/redeicm.org.br\/madrebarbara\/wp-content\/uploads\/sites\/17\/2025\/09\/ICM_Educacao_Madre_Barbara_Preferencial_Cores-1024x329-1.png","width":223,"height":223,"caption":"Col\u00e9gio Madre B\u00e1rbara | Rede ICM de Educa\u00e7\u00e3o"},"image":{"@id":"https:\/\/redeicm.org.br\/madrebarbara\/#\/schema\/logo\/image\/"}}]}},"_links":{"self":[{"href":"https:\/\/redeicm.org.br\/madrebarbara\/wp-json\/wp\/v2\/pages\/724","targetHints":{"allow":["GET"]}}],"collection":[{"href":"https:\/\/redeicm.org.br\/madrebarbara\/wp-json\/wp\/v2\/pages"}],"about":[{"href":"https:\/\/redeicm.org.br\/madrebarbara\/wp-json\/wp\/v2\/types\/page"}],"author":[{"embeddable":true,"href":"https:\/\/redeicm.org.br\/madrebarbara\/wp-json\/wp\/v2\/users\/1"}],"replies":[{"embeddable":true,"href":"https:\/\/redeicm.org.br\/madrebarbara\/wp-json\/wp\/v2\/comments?post=724"}],"version-history":[{"count":34,"href":"https:\/\/redeicm.org.br\/madrebarbara\/wp-json\/wp\/v2\/pages\/724\/revisions"}],"predecessor-version":[{"id":23387,"href":"https:\/\/redeicm.org.br\/madrebarbara\/wp-json\/wp\/v2\/pages\/724\/revisions\/23387"}],"wp:featuredmedia":[{"embeddable":true,"href":"https:\/\/redeicm.org.br\/madrebarbara\/wp-json\/wp\/v2\/media\/126"}],"wp:attachment":[{"href":"https:\/\/redeicm.org.br\/madrebarbara\/wp-json\/wp\/v2\/media?parent=724"}],"curies":[{"name":"wp","href":"https:\/\/api.w.org\/{rel}","templated":true}]}}