{"id":643,"date":"2025-05-29T23:48:19","date_gmt":"2025-05-30T02:48:19","guid":{"rendered":"https:\/\/redeicm.org.br\/madrebarbara\/?page_id=643"},"modified":"2026-03-26T11:53:13","modified_gmt":"2026-03-26T14:53:13","slug":"uniforme","status":"publish","type":"page","link":"https:\/\/redeicm.org.br\/madrebarbara\/uniforme\/","title":{"rendered":"Uniforme"},"content":{"rendered":"\t\t<div data-elementor-type=\"wp-page\" data-elementor-id=\"643\" class=\"elementor elementor-643\" data-elementor-post-type=\"page\">\n\t\t\t\t<div class=\"elementor-element elementor-element-7f53c1a9 e-flex e-con-boxed e-con e-parent\" data-id=\"7f53c1a9\" data-element_type=\"container\" data-e-type=\"container\" data-settings=\"{&quot;background_background&quot;:&quot;classic&quot;}\">\n\t\t\t\t\t<div class=\"e-con-inner\">\n\t\t\t\t<div class=\"elementor-element elementor-element-48242c18 elementor-widget__width-initial elementor-widget elementor-widget-heading\" data-id=\"48242c18\" data-element_type=\"widget\" data-e-type=\"widget\" data-widget_type=\"heading.default\">\n\t\t\t\t<div class=\"elementor-widget-container\">\n\t\t\t\t\t<h1 class=\"elementor-heading-title elementor-size-default\">Uniformes<\/h1>\t\t\t\t<\/div>\n\t\t\t\t<\/div>\n\t\t\t\t\t<\/div>\n\t\t\t\t<\/div>\n\t\t<div class=\"elementor-element elementor-element-374825b e-flex e-con-boxed e-con e-parent\" data-id=\"374825b\" data-element_type=\"container\" data-e-type=\"container\">\n\t\t\t\t\t<div class=\"e-con-inner\">\n\t\t\t\t<div class=\"elementor-element elementor-element-b550322 elementor-widget elementor-widget-text-editor\" data-id=\"b550322\" data-element_type=\"widget\" data-e-type=\"widget\" data-widget_type=\"text-editor.default\">\n\t\t\t\t<div class=\"elementor-widget-container\">\n\t\t\t\t\t\t\t\t\t<p>O uso do uniforme completo \u00e9 obrigat\u00f3rio a partir do N\u00edvel 2 da Educa\u00e7\u00e3o Infantil. Agradecemos a colabora\u00e7\u00e3o e a aten\u00e7\u00e3o de todos nessa quest\u00e3o, que tem como principal objetivo a seguran\u00e7a dos alunos. Seguem as orienta\u00e7\u00f5es e detalhamentos:<\/p><p><strong><u>UNIFORME COMPLETO:<\/u><\/strong><\/p><p><strong>Parte superior (camisetas, casacos e moletons):<br \/><\/strong>Todas as pe\u00e7as dever\u00e3o, obrigatoriamente, pertencer \u00e0 cole\u00e7\u00e3o oficial de uniformes do Col\u00e9gio.<\/p><p><strong>Parte inferior (bermudas, cal\u00e7as e saias):<br \/><\/strong>Poder\u00e3o ser utilizadas pe\u00e7as do uniforme do Col\u00e9gio ou:<\/p><ul><li>Jeans azul: sem adere\u00e7os, estampas ou rasgos;<\/li><li>Pe\u00e7as em tecido nas cores azul-marinho ou cinza (inclusive cinza mescla).<\/li><\/ul><p><strong><u>\u00a0<\/u><\/strong><\/p><p><strong><u>OBSERVA\u00c7\u00d5ES:<\/u><\/strong><\/p><ul><li>A partir do 6\u00ba ano, as\u00a0<u>saias e bermudas femininas<\/u>\u00a0dever\u00e3o ter comprimento adequado ao ambiente escolar (aproximadamente 7cm acima dos joelhos);<\/li><li><u>Vestido:<\/u>\u00a0uso exclusivo da Educa\u00e7\u00e3o Infantil;<\/li><li><u>Short-saia:<\/u>\u00a0uso exclusivo da Educa\u00e7\u00e3o Infantil e Anos Iniciais;<\/li><li>Recomenda-se o uso de short por baixo de saia (para meninas menores), garantindo maior conforto e seguran\u00e7a;<\/li><li>O uniforme do Futsal e dos projetos espec\u00edficos do col\u00e9gio (L\u00edder em Mim, JUMBA, GEMBAR, Terceir\u00e3o, Partiu Ensino M\u00e9dio, PROERD, L\u00edder Leitor, 10 anos da Educa\u00e7\u00e3o Infantil, entre outros projetos autorizados) podem ser usados como pe\u00e7as de uniforme, no hor\u00e1rio regular de aula.<\/li><\/ul><p><strong><u>\u00a0<\/u><\/strong><\/p><p><strong><u>EMPRESAS CREDENCIADAS:<br \/><br \/><\/u><\/strong><\/p><ul><li><strong>Sandrin\u00e1 Confec\u00e7\u00f5es:<\/strong>\u00a0Endere\u00e7o: Rua Jos\u00e9 Schmatz, 47 &#8211; Bairro Florestal &#8211; Lajeado &#8211; RS<\/li><\/ul><p><u>Telefone:<\/u>\u00a0(51) 3748-4592\u00a0\u00a0\u00a0\u00a0\u00a0\u00a0\u00a0<u>Whats:<\/u>\u00a0(51) 9620-6913\u00a0\u00a0\u00a0\u00a0\u00a0\u00a0\u00a0\u00a0<u>Site:<\/u>\u00a0<a href=\"https:\/\/sandrinaconfeccoes.com.br\/\" data-saferedirecturl=\"https:\/\/www.google.com\/url?q=https:\/\/sandrinaconfeccoes.com.br\/&amp;source=gmail&amp;ust=1774621724954000&amp;usg=AOvVaw3It4IT-TcGy-W0J2mACECB\">https:\/\/sandrinaconfeccoes.com.br\/<\/a>\u00a0<\/p><ul><li><strong>Tedesco Uniformes:<\/strong>\u00a0Avenida Alberto M\u00fcller, n\u00ba 1595\/105, Bairro Universit\u00e1rio &#8211; Lajeado &#8211; RS<\/li><\/ul><p><u>Telefone:<\/u>\u00a051 3748-3018\u00a0 \u00a0 \u00a0 \u00a0 \u00a0<u>Whats:<\/u>\u00a051 98936-2471\u00a0\u00a0\u00a0\u00a0\u00a0\u00a0<u>Instagram:<\/u>\u00a0<a href=\"http:\/\/instagram.com\/tedescouniformes\/\" data-saferedirecturl=\"https:\/\/www.google.com\/url?q=http:\/\/instagram.com\/tedescouniformes\/&amp;source=gmail&amp;ust=1774621724954000&amp;usg=AOvVaw2Q0EZ0iwWpCdvlBAyBiuHS\">instagram.com\/tedescouniformes\/<\/a><br \/><br \/><\/p><p><strong>LEMBRETES FUNDAMENTAIS!<\/strong><\/p><ul><li>Todas as pe\u00e7as devem estar identificadas com nome e sobrenome. A identifica\u00e7\u00e3o facilita a devolu\u00e7\u00e3o ao aluno, evitando que a pe\u00e7a seja encaminhada aos \u201cAchados e Perdidos\u201d.<\/li><li>Caso o uniforme tenha sido adquirido no brech\u00f3, \u00e9 necess\u00e1rio substituir a identifica\u00e7\u00e3o anterior, atualizando com o nome do aluno.<\/li><li>\u00c9tica, comprometimento e responsabilidade: verifique regularmente se o uniforme levado para casa pertence, de fato, ao seu filho. Caso contr\u00e1rio, solicitamos que seja devolvido ao col\u00e9gio.<\/li><li>Todo uniforme identificado \u00e9 devolvido diretamente ao estudante. Sem identifica\u00e7\u00e3o, o col\u00e9gio n\u00e3o tem como auxiliar nos casos de perdas ou extravios. Contamos tamb\u00e9m com a colabora\u00e7\u00e3o e a \u00e9tica das fam\u00edlias na devolu\u00e7\u00e3o de pe\u00e7as que n\u00e3o pertencem ao aluno.<br \/><br \/><br \/><\/li><\/ul><p style=\"text-align: right;\">Atenciosamente<br \/>Dire\u00e7\u00e3o,\u00a0Mar\u00e7o\/2026.<\/p>\t\t\t\t\t\t\t\t<\/div>\n\t\t\t\t<\/div>\n\t\t\t\t\t<\/div>\n\t\t\t\t<\/div>\n\t\t\t\t<\/div>\n\t\t","protected":false},"excerpt":{"rendered":"<p>Uniformes O uso do uniforme completo \u00e9 obrigat\u00f3rio a partir do N\u00edvel 2 da Educa\u00e7\u00e3o Infantil. Agradecemos a colabora\u00e7\u00e3o e a aten\u00e7\u00e3o de todos nessa quest\u00e3o, que tem como principal objetivo a seguran\u00e7a dos alunos. Seguem as orienta\u00e7\u00f5es e detalhamentos: UNIFORME COMPLETO: Parte superior (camisetas, casacos e moletons):Todas as pe\u00e7as dever\u00e3o, obrigatoriamente, pertencer \u00e0 cole\u00e7\u00e3o [&hellip;]<\/p>\n","protected":false},"author":1,"featured_media":126,"parent":0,"menu_order":0,"comment_status":"closed","ping_status":"closed","template":"","meta":{"_acf_changed":false,"footnotes":""},"class_list":["post-643","page","type-page","status-publish","has-post-thumbnail","hentry"],"acf":[],"yoast_head":"<!-- This site is optimized with the Yoast SEO plugin v26.3 - https:\/\/yoast.com\/wordpress\/plugins\/seo\/ -->\n<title>Uniforme - Col\u00e9gio Madre B\u00e1rbara | Rede ICM de Educa\u00e7\u00e3o<\/title>\n<meta name=\"robots\" content=\"index, follow, max-snippet:-1, max-image-preview:large, max-video-preview:-1\" \/>\n<link rel=\"canonical\" href=\"https:\/\/redeicm.org.br\/madrebarbara\/uniforme\/\" \/>\n<meta property=\"og:locale\" content=\"pt_BR\" \/>\n<meta property=\"og:type\" content=\"article\" \/>\n<meta property=\"og:title\" content=\"Uniforme - Col\u00e9gio Madre B\u00e1rbara | Rede ICM de Educa\u00e7\u00e3o\" \/>\n<meta property=\"og:description\" content=\"Uniformes O uso do uniforme completo \u00e9 obrigat\u00f3rio a partir do N\u00edvel 2 da Educa\u00e7\u00e3o Infantil. Agradecemos a colabora\u00e7\u00e3o e a aten\u00e7\u00e3o de todos nessa quest\u00e3o, que tem como principal objetivo a seguran\u00e7a dos alunos. Seguem as orienta\u00e7\u00f5es e detalhamentos: UNIFORME COMPLETO: Parte superior (camisetas, casacos e moletons):Todas as pe\u00e7as dever\u00e3o, obrigatoriamente, pertencer \u00e0 cole\u00e7\u00e3o [&hellip;]\" \/>\n<meta property=\"og:url\" content=\"https:\/\/redeicm.org.br\/madrebarbara\/uniforme\/\" \/>\n<meta property=\"og:site_name\" content=\"Col\u00e9gio Madre B\u00e1rbara | Rede ICM de Educa\u00e7\u00e3o\" \/>\n<meta property=\"article:modified_time\" content=\"2026-03-26T14:53:13+00:00\" \/>\n<meta property=\"og:image\" content=\"https:\/\/redeicm.org.br\/madrebarbara\/wp-content\/uploads\/sites\/17\/2024\/08\/banner-direcao.jpg\" \/>\n\t<meta property=\"og:image:width\" content=\"1440\" \/>\n\t<meta property=\"og:image:height\" content=\"400\" \/>\n\t<meta property=\"og:image:type\" content=\"image\/jpeg\" \/>\n<meta name=\"twitter:card\" content=\"summary_large_image\" \/>\n<meta name=\"twitter:label1\" content=\"Est. tempo de leitura\" \/>\n\t<meta name=\"twitter:data1\" content=\"2 minutos\" \/>\n<script type=\"application\/ld+json\" class=\"yoast-schema-graph\">{\"@context\":\"https:\/\/schema.org\",\"@graph\":[{\"@type\":\"WebPage\",\"@id\":\"https:\/\/redeicm.org.br\/madrebarbara\/uniforme\/\",\"url\":\"https:\/\/redeicm.org.br\/madrebarbara\/uniforme\/\",\"name\":\"Uniforme - Col\u00e9gio Madre B\u00e1rbara | Rede ICM de Educa\u00e7\u00e3o\",\"isPartOf\":{\"@id\":\"https:\/\/redeicm.org.br\/madrebarbara\/#website\"},\"primaryImageOfPage\":{\"@id\":\"https:\/\/redeicm.org.br\/madrebarbara\/uniforme\/#primaryimage\"},\"image\":{\"@id\":\"https:\/\/redeicm.org.br\/madrebarbara\/uniforme\/#primaryimage\"},\"thumbnailUrl\":\"https:\/\/redeicm.org.br\/madrebarbara\/wp-content\/uploads\/sites\/17\/2024\/08\/banner-direcao.jpg\",\"datePublished\":\"2025-05-30T02:48:19+00:00\",\"dateModified\":\"2026-03-26T14:53:13+00:00\",\"breadcrumb\":{\"@id\":\"https:\/\/redeicm.org.br\/madrebarbara\/uniforme\/#breadcrumb\"},\"inLanguage\":\"pt-BR\",\"potentialAction\":[{\"@type\":\"ReadAction\",\"target\":[\"https:\/\/redeicm.org.br\/madrebarbara\/uniforme\/\"]}]},{\"@type\":\"ImageObject\",\"inLanguage\":\"pt-BR\",\"@id\":\"https:\/\/redeicm.org.br\/madrebarbara\/uniforme\/#primaryimage\",\"url\":\"https:\/\/redeicm.org.br\/madrebarbara\/wp-content\/uploads\/sites\/17\/2024\/08\/banner-direcao.jpg\",\"contentUrl\":\"https:\/\/redeicm.org.br\/madrebarbara\/wp-content\/uploads\/sites\/17\/2024\/08\/banner-direcao.jpg\",\"width\":1440,\"height\":400},{\"@type\":\"BreadcrumbList\",\"@id\":\"https:\/\/redeicm.org.br\/madrebarbara\/uniforme\/#breadcrumb\",\"itemListElement\":[{\"@type\":\"ListItem\",\"position\":1,\"name\":\"In\u00edcio\",\"item\":\"https:\/\/redeicm.org.br\/madrebarbara\/\"},{\"@type\":\"ListItem\",\"position\":2,\"name\":\"Uniforme\"}]},{\"@type\":\"WebSite\",\"@id\":\"https:\/\/redeicm.org.br\/madrebarbara\/#website\",\"url\":\"https:\/\/redeicm.org.br\/madrebarbara\/\",\"name\":\"Col\u00e9gio Madre B\u00e1rbara | Rede ICM de Educa\u00e7\u00e3o\",\"description\":\"\",\"publisher\":{\"@id\":\"https:\/\/redeicm.org.br\/madrebarbara\/#organization\"},\"potentialAction\":[{\"@type\":\"SearchAction\",\"target\":{\"@type\":\"EntryPoint\",\"urlTemplate\":\"https:\/\/redeicm.org.br\/madrebarbara\/?s={search_term_string}\"},\"query-input\":{\"@type\":\"PropertyValueSpecification\",\"valueRequired\":true,\"valueName\":\"search_term_string\"}}],\"inLanguage\":\"pt-BR\"},{\"@type\":\"Organization\",\"@id\":\"https:\/\/redeicm.org.br\/madrebarbara\/#organization\",\"name\":\"Col\u00e9gio Madre B\u00e1rbara | Rede ICM de Educa\u00e7\u00e3o\",\"url\":\"https:\/\/redeicm.org.br\/madrebarbara\/\",\"logo\":{\"@type\":\"ImageObject\",\"inLanguage\":\"pt-BR\",\"@id\":\"https:\/\/redeicm.org.br\/madrebarbara\/#\/schema\/logo\/image\/\",\"url\":\"https:\/\/redeicm.org.br\/madrebarbara\/wp-content\/uploads\/sites\/17\/2025\/09\/ICM_Educacao_Madre_Barbara_Preferencial_Cores-1024x329-1.png\",\"contentUrl\":\"https:\/\/redeicm.org.br\/madrebarbara\/wp-content\/uploads\/sites\/17\/2025\/09\/ICM_Educacao_Madre_Barbara_Preferencial_Cores-1024x329-1.png\",\"width\":223,\"height\":223,\"caption\":\"Col\u00e9gio Madre B\u00e1rbara | Rede ICM de Educa\u00e7\u00e3o\"},\"image\":{\"@id\":\"https:\/\/redeicm.org.br\/madrebarbara\/#\/schema\/logo\/image\/\"}}]}<\/script>\n<!-- \/ Yoast SEO plugin. -->","yoast_head_json":{"title":"Uniforme - Col\u00e9gio Madre B\u00e1rbara | Rede ICM de Educa\u00e7\u00e3o","robots":{"index":"index","follow":"follow","max-snippet":"max-snippet:-1","max-image-preview":"max-image-preview:large","max-video-preview":"max-video-preview:-1"},"canonical":"https:\/\/redeicm.org.br\/madrebarbara\/uniforme\/","og_locale":"pt_BR","og_type":"article","og_title":"Uniforme - Col\u00e9gio Madre B\u00e1rbara | Rede ICM de Educa\u00e7\u00e3o","og_description":"Uniformes O uso do uniforme completo \u00e9 obrigat\u00f3rio a partir do N\u00edvel 2 da Educa\u00e7\u00e3o Infantil. Agradecemos a colabora\u00e7\u00e3o e a aten\u00e7\u00e3o de todos nessa quest\u00e3o, que tem como principal objetivo a seguran\u00e7a dos alunos. Seguem as orienta\u00e7\u00f5es e detalhamentos: UNIFORME COMPLETO: Parte superior (camisetas, casacos e moletons):Todas as pe\u00e7as dever\u00e3o, obrigatoriamente, pertencer \u00e0 cole\u00e7\u00e3o [&hellip;]","og_url":"https:\/\/redeicm.org.br\/madrebarbara\/uniforme\/","og_site_name":"Col\u00e9gio Madre B\u00e1rbara | Rede ICM de Educa\u00e7\u00e3o","article_modified_time":"2026-03-26T14:53:13+00:00","og_image":[{"width":1440,"height":400,"url":"https:\/\/redeicm.org.br\/madrebarbara\/wp-content\/uploads\/sites\/17\/2024\/08\/banner-direcao.jpg","type":"image\/jpeg"}],"twitter_card":"summary_large_image","twitter_misc":{"Est. tempo de leitura":"2 minutos"},"schema":{"@context":"https:\/\/schema.org","@graph":[{"@type":"WebPage","@id":"https:\/\/redeicm.org.br\/madrebarbara\/uniforme\/","url":"https:\/\/redeicm.org.br\/madrebarbara\/uniforme\/","name":"Uniforme - Col\u00e9gio Madre B\u00e1rbara | Rede ICM de Educa\u00e7\u00e3o","isPartOf":{"@id":"https:\/\/redeicm.org.br\/madrebarbara\/#website"},"primaryImageOfPage":{"@id":"https:\/\/redeicm.org.br\/madrebarbara\/uniforme\/#primaryimage"},"image":{"@id":"https:\/\/redeicm.org.br\/madrebarbara\/uniforme\/#primaryimage"},"thumbnailUrl":"https:\/\/redeicm.org.br\/madrebarbara\/wp-content\/uploads\/sites\/17\/2024\/08\/banner-direcao.jpg","datePublished":"2025-05-30T02:48:19+00:00","dateModified":"2026-03-26T14:53:13+00:00","breadcrumb":{"@id":"https:\/\/redeicm.org.br\/madrebarbara\/uniforme\/#breadcrumb"},"inLanguage":"pt-BR","potentialAction":[{"@type":"ReadAction","target":["https:\/\/redeicm.org.br\/madrebarbara\/uniforme\/"]}]},{"@type":"ImageObject","inLanguage":"pt-BR","@id":"https:\/\/redeicm.org.br\/madrebarbara\/uniforme\/#primaryimage","url":"https:\/\/redeicm.org.br\/madrebarbara\/wp-content\/uploads\/sites\/17\/2024\/08\/banner-direcao.jpg","contentUrl":"https:\/\/redeicm.org.br\/madrebarbara\/wp-content\/uploads\/sites\/17\/2024\/08\/banner-direcao.jpg","width":1440,"height":400},{"@type":"BreadcrumbList","@id":"https:\/\/redeicm.org.br\/madrebarbara\/uniforme\/#breadcrumb","itemListElement":[{"@type":"ListItem","position":1,"name":"In\u00edcio","item":"https:\/\/redeicm.org.br\/madrebarbara\/"},{"@type":"ListItem","position":2,"name":"Uniforme"}]},{"@type":"WebSite","@id":"https:\/\/redeicm.org.br\/madrebarbara\/#website","url":"https:\/\/redeicm.org.br\/madrebarbara\/","name":"Col\u00e9gio Madre B\u00e1rbara | Rede ICM de Educa\u00e7\u00e3o","description":"","publisher":{"@id":"https:\/\/redeicm.org.br\/madrebarbara\/#organization"},"potentialAction":[{"@type":"SearchAction","target":{"@type":"EntryPoint","urlTemplate":"https:\/\/redeicm.org.br\/madrebarbara\/?s={search_term_string}"},"query-input":{"@type":"PropertyValueSpecification","valueRequired":true,"valueName":"search_term_string"}}],"inLanguage":"pt-BR"},{"@type":"Organization","@id":"https:\/\/redeicm.org.br\/madrebarbara\/#organization","name":"Col\u00e9gio Madre B\u00e1rbara | Rede ICM de Educa\u00e7\u00e3o","url":"https:\/\/redeicm.org.br\/madrebarbara\/","logo":{"@type":"ImageObject","inLanguage":"pt-BR","@id":"https:\/\/redeicm.org.br\/madrebarbara\/#\/schema\/logo\/image\/","url":"https:\/\/redeicm.org.br\/madrebarbara\/wp-content\/uploads\/sites\/17\/2025\/09\/ICM_Educacao_Madre_Barbara_Preferencial_Cores-1024x329-1.png","contentUrl":"https:\/\/redeicm.org.br\/madrebarbara\/wp-content\/uploads\/sites\/17\/2025\/09\/ICM_Educacao_Madre_Barbara_Preferencial_Cores-1024x329-1.png","width":223,"height":223,"caption":"Col\u00e9gio Madre B\u00e1rbara | Rede ICM de Educa\u00e7\u00e3o"},"image":{"@id":"https:\/\/redeicm.org.br\/madrebarbara\/#\/schema\/logo\/image\/"}}]}},"_links":{"self":[{"href":"https:\/\/redeicm.org.br\/madrebarbara\/wp-json\/wp\/v2\/pages\/643","targetHints":{"allow":["GET"]}}],"collection":[{"href":"https:\/\/redeicm.org.br\/madrebarbara\/wp-json\/wp\/v2\/pages"}],"about":[{"href":"https:\/\/redeicm.org.br\/madrebarbara\/wp-json\/wp\/v2\/types\/page"}],"author":[{"embeddable":true,"href":"https:\/\/redeicm.org.br\/madrebarbara\/wp-json\/wp\/v2\/users\/1"}],"replies":[{"embeddable":true,"href":"https:\/\/redeicm.org.br\/madrebarbara\/wp-json\/wp\/v2\/comments?post=643"}],"version-history":[{"count":32,"href":"https:\/\/redeicm.org.br\/madrebarbara\/wp-json\/wp\/v2\/pages\/643\/revisions"}],"predecessor-version":[{"id":23385,"href":"https:\/\/redeicm.org.br\/madrebarbara\/wp-json\/wp\/v2\/pages\/643\/revisions\/23385"}],"wp:featuredmedia":[{"embeddable":true,"href":"https:\/\/redeicm.org.br\/madrebarbara\/wp-json\/wp\/v2\/media\/126"}],"wp:attachment":[{"href":"https:\/\/redeicm.org.br\/madrebarbara\/wp-json\/wp\/v2\/media?parent=643"}],"curies":[{"name":"wp","href":"https:\/\/api.w.org\/{rel}","templated":true}]}}