{"id":607,"date":"2025-05-29T22:49:00","date_gmt":"2025-05-30T01:49:00","guid":{"rendered":"https:\/\/redeicm.org.br\/madrebarbara\/?page_id=607"},"modified":"2026-02-18T08:41:35","modified_gmt":"2026-02-18T11:41:35","slug":"materiais","status":"publish","type":"page","link":"https:\/\/redeicm.org.br\/madrebarbara\/materiais\/","title":{"rendered":"Materiais"},"content":{"rendered":"<h1>Materiais<\/h1>\n<section>\n<h3>Confira as Listas de Materiais Escolares para 2026<\/h3>\n<p><a href=\"https:\/\/redeicm.org.br\/madrebarbara\/wp-content\/uploads\/sites\/17\/2025\/10\/Lista-1A-1B-2026.docx.pdf\">N\u00edveis 1A e 1B &#8211; Educa\u00e7\u00e3o Infantil &#8211; 2026<\/a><\/p>\n<p><a href=\"https:\/\/redeicm.org.br\/madrebarbara\/wp-content\/uploads\/sites\/17\/2025\/10\/Lista-1C-2026.docx-1.pdf\">N\u00edveis 1C &#8211; Educa\u00e7\u00e3o Infantil &#8211; 2026<\/a><\/p>\n<p><a href=\"https:\/\/redeicm.org.br\/madrebarbara\/wp-content\/uploads\/sites\/17\/2025\/10\/Lista-N2-2026.docx.pdf\">N\u00edvel 2 &#8211; Educa\u00e7\u00e3o Infantil &#8211; 2026<\/a><\/p>\n<p><a href=\"https:\/\/redeicm.org.br\/madrebarbara\/wp-content\/uploads\/sites\/17\/2025\/10\/Lista-N3-2026.docx.pdf\">N\u00edvel 3 &#8211; Educa\u00e7\u00e3o Infantil &#8211; 2026<\/a><\/p>\n<p><a href=\"https:\/\/redeicm.org.br\/madrebarbara\/wp-content\/uploads\/sites\/17\/2025\/12\/Lista-N4-2026.pdf\">N\u00edvel 4 &#8211; Educa\u00e7\u00e3o Infantil &#8211; 2026<\/a><\/p>\n<p><a href=\"https:\/\/redeicm.org.br\/madrebarbara\/wp-content\/uploads\/sites\/17\/2025\/12\/Lista-N5-2026.pdf\">N\u00edvel 5 &#8211; Educa\u00e7\u00e3o Infantil &#8211; 2026<\/a><\/p>\n<p><a href=\"https:\/\/redeicm.org.br\/madrebarbara\/wp-content\/uploads\/sites\/17\/2025\/12\/Lista-1o-ano-Anos-Iniciais-2026-1.pdf\">1\u00ba ano &#8211; Ensino Fundamental &#8211; Anos Iniciais &#8211; 2026<\/a><\/p>\n<p><a href=\"https:\/\/redeicm.org.br\/madrebarbara\/wp-content\/uploads\/sites\/17\/2025\/12\/Lista-2o-ano-Anos-Iniciais-2026-1.pdf\">2\u00ba ano &#8211; Ensino Fundamental &#8211; Anos Iniciais &#8211; 2026<\/a><\/p>\n<p><a href=\"https:\/\/redeicm.org.br\/madrebarbara\/wp-content\/uploads\/sites\/17\/2025\/12\/Lista-3o-ano-Anos-Iniciais-2026-1.pdf\">3\u00ba ano &#8211; Ensino Fundamental &#8211; Anos Iniciais &#8211; 2026<\/a><\/p>\n<p><a href=\"https:\/\/redeicm.org.br\/madrebarbara\/wp-content\/uploads\/sites\/17\/2025\/12\/Lista-4o-ano-Anos-Iniciais-2026.pdf\">4\u00ba ano &#8211; Ensino Fundamental &#8211; Anos Iniciais &#8211; 2026<\/a><\/p>\n<p><a href=\"https:\/\/redeicm.org.br\/madrebarbara\/wp-content\/uploads\/sites\/17\/2025\/12\/Lista-5o-ano-Anos-Iniciais-2026.pdf\">5\u00ba ano &#8211; Ensino Fundamental &#8211; Anos Iniciais &#8211; 2026<\/a><\/p>\n<p><a href=\"https:\/\/redeicm.org.br\/madrebarbara\/wp-content\/uploads\/sites\/17\/2025\/12\/6o-ANO.pdf\">6\u00ba ano &#8211; Ensino Fundamental &#8211; Anos Finais &#8211; 2026<\/a><\/p>\n<p><a href=\"https:\/\/redeicm.org.br\/madrebarbara\/wp-content\/uploads\/sites\/17\/2025\/12\/7o-ANO.pdf\">7\u00ba ano &#8211; Ensino Fundamental &#8211; Anos Finais &#8211; 2026<\/a><\/p>\n<p><a href=\"https:\/\/redeicm.org.br\/madrebarbara\/wp-content\/uploads\/sites\/17\/2025\/12\/8o-ANO.pdf\">8\u00ba ano &#8211; Ensino Fundamental &#8211; Anos Finais &#8211; 2026<\/a><\/p>\n<\/section>\n<section><a href=\"https:\/\/redeicm.org.br\/madrebarbara\/wp-content\/uploads\/sites\/17\/2025\/12\/9o-ANO-2.pdf\">9\u00ba ano &#8211; Ensino Fundamental &#8211; Anos Finais &#8211; 2026<\/a><\/section>\n<section><\/section>\n<section><\/section>\n<section><\/section>\n<section><a href=\"https:\/\/redeicm.org.br\/madrebarbara\/wp-content\/uploads\/sites\/17\/2025\/12\/1o-SERIE-1.pdf\">1\u00ba ano &#8211; Ensino M\u00e9dio &#8211; 2026<\/a><\/section>\n<section><\/section>\n<section><\/section>\n<p><a href=\"https:\/\/redeicm.org.br\/madrebarbara\/wp-content\/uploads\/sites\/17\/2025\/12\/2o-SERIE-2-1.pdf\">2\u00ba ano &#8211; Ensino M\u00e9dio &#8211; 2026<\/a><\/p>\n<section><\/section>\n<section><a href=\"https:\/\/redeicm.org.br\/madrebarbara\/wp-content\/uploads\/sites\/17\/2025\/12\/3o-SERIE-2.pdf\">3\u00ba ano &#8211; Ensino M\u00e9dio &#8211; 2026<\/a><\/section>\n<h3><strong>Turno Extracurricular:<\/strong><\/h3>\n<section><\/section>\n<section><\/section>\n<section><\/section>\n<section><\/section>\n<p><a href=\"https:\/\/redeicm.org.br\/madrebarbara\/wp-content\/uploads\/sites\/17\/2026\/02\/Turno-Extracurricular-N4-e-N5-2025.docx-1.pdf\">Turno Extracurricular &#8211; N\u00edveis e 4 e 5<\/a><\/p>\n<p><a href=\"https:\/\/redeicm.org.br\/madrebarbara\/wp-content\/uploads\/sites\/17\/2025\/11\/Lista-TE-do-1\u00b0-ano-2026.pdf\">Turno Extracurricular &#8211; 1\u00b0 ano &#8211; 2026<\/a><\/p>\n<section><\/section>\n<section><\/section>\n<section><a href=\"https:\/\/redeicm.org.br\/madrebarbara\/wp-content\/uploads\/sites\/17\/2025\/11\/Lista-TE-do-2\u00b0-ano-2026.pdf\">Turno Extracurricular &#8211; 2\u00b0 ano &#8211; 2026<\/a><\/section>\n<section><\/section>\n<section><a href=\"https:\/\/redeicm.org.br\/madrebarbara\/wp-content\/uploads\/sites\/17\/2025\/11\/Lista-TE-do-3\u00b0-ano-2026.pdf\">Turno Extracurricular &#8211; 3\u00b0 ano &#8211; 2026<\/a><\/section>\n<section><\/section>\n<section><a href=\"https:\/\/redeicm.org.br\/madrebarbara\/wp-content\/uploads\/sites\/17\/2025\/11\/Lista-TE-do-4\u00b0-e-5o-ano-2026.pdf\">Turno Extracurricular &#8211; 4\u00b0 e 5\u00ba ano &#8211; 2026<\/a><\/section>\n<section><\/section>\n<section><a href=\"https:\/\/redeicm.org.br\/madrebarbara\/wp-content\/uploads\/sites\/17\/2025\/11\/Lista-TE-do-1\u00b0-ao-5o-ano-2026.pdf\">Turno Extracurricular &#8211; 1\u00b0 ao 5\u00ba ano &#8211; Turma da Manh\u00e3 &#8211; 2026<\/a><\/section>\n<section><\/section>\n","protected":false},"excerpt":{"rendered":"<p>Materiais Confira as Listas de Materiais Escolares para 2026 N\u00edveis 1A e 1B &#8211; Educa\u00e7\u00e3o Infantil &#8211; 2026 N\u00edveis 1C &#8211; Educa\u00e7\u00e3o Infantil &#8211; 2026 N\u00edvel 2 &#8211; Educa\u00e7\u00e3o Infantil &#8211; 2026 N\u00edvel 3 &#8211; Educa\u00e7\u00e3o Infantil &#8211; 2026 N\u00edvel 4 &#8211; Educa\u00e7\u00e3o Infantil &#8211; 2026 N\u00edvel 5 &#8211; Educa\u00e7\u00e3o Infantil &#8211; 2026 1\u00ba ano [&hellip;]<\/p>\n","protected":false},"author":1,"featured_media":126,"parent":0,"menu_order":0,"comment_status":"closed","ping_status":"closed","template":"","meta":{"_acf_changed":false,"footnotes":""},"class_list":["post-607","page","type-page","status-publish","has-post-thumbnail","hentry"],"acf":[],"yoast_head":"<!-- This site is optimized with the Yoast SEO plugin v26.3 - https:\/\/yoast.com\/wordpress\/plugins\/seo\/ -->\n<title>Materiais - Col\u00e9gio Madre B\u00e1rbara | Rede ICM de Educa\u00e7\u00e3o<\/title>\n<meta name=\"robots\" content=\"index, follow, max-snippet:-1, max-image-preview:large, max-video-preview:-1\" \/>\n<link rel=\"canonical\" href=\"https:\/\/redeicm.org.br\/madrebarbara\/materiais\/\" \/>\n<meta property=\"og:locale\" content=\"pt_BR\" \/>\n<meta property=\"og:type\" content=\"article\" \/>\n<meta property=\"og:title\" content=\"Materiais - Col\u00e9gio Madre B\u00e1rbara | Rede ICM de Educa\u00e7\u00e3o\" \/>\n<meta property=\"og:description\" content=\"Materiais Confira as Listas de Materiais Escolares para 2026 N\u00edveis 1A e 1B &#8211; Educa\u00e7\u00e3o Infantil &#8211; 2026 N\u00edveis 1C &#8211; Educa\u00e7\u00e3o Infantil &#8211; 2026 N\u00edvel 2 &#8211; Educa\u00e7\u00e3o Infantil &#8211; 2026 N\u00edvel 3 &#8211; Educa\u00e7\u00e3o Infantil &#8211; 2026 N\u00edvel 4 &#8211; Educa\u00e7\u00e3o Infantil &#8211; 2026 N\u00edvel 5 &#8211; Educa\u00e7\u00e3o Infantil &#8211; 2026 1\u00ba ano [&hellip;]\" \/>\n<meta property=\"og:url\" content=\"https:\/\/redeicm.org.br\/madrebarbara\/materiais\/\" \/>\n<meta property=\"og:site_name\" content=\"Col\u00e9gio Madre B\u00e1rbara | Rede ICM de Educa\u00e7\u00e3o\" \/>\n<meta property=\"article:modified_time\" content=\"2026-02-18T11:41:35+00:00\" \/>\n<meta property=\"og:image\" content=\"https:\/\/redeicm.org.br\/madrebarbara\/wp-content\/uploads\/sites\/17\/2024\/08\/banner-direcao.jpg\" \/>\n\t<meta property=\"og:image:width\" content=\"1440\" \/>\n\t<meta property=\"og:image:height\" content=\"400\" \/>\n\t<meta property=\"og:image:type\" content=\"image\/jpeg\" \/>\n<meta name=\"twitter:card\" content=\"summary_large_image\" \/>\n<meta name=\"twitter:label1\" content=\"Est. tempo de leitura\" \/>\n\t<meta name=\"twitter:data1\" content=\"2 minutos\" \/>\n<script type=\"application\/ld+json\" class=\"yoast-schema-graph\">{\"@context\":\"https:\/\/schema.org\",\"@graph\":[{\"@type\":\"WebPage\",\"@id\":\"https:\/\/redeicm.org.br\/madrebarbara\/materiais\/\",\"url\":\"https:\/\/redeicm.org.br\/madrebarbara\/materiais\/\",\"name\":\"Materiais - Col\u00e9gio Madre B\u00e1rbara | Rede ICM de Educa\u00e7\u00e3o\",\"isPartOf\":{\"@id\":\"https:\/\/redeicm.org.br\/madrebarbara\/#website\"},\"primaryImageOfPage\":{\"@id\":\"https:\/\/redeicm.org.br\/madrebarbara\/materiais\/#primaryimage\"},\"image\":{\"@id\":\"https:\/\/redeicm.org.br\/madrebarbara\/materiais\/#primaryimage\"},\"thumbnailUrl\":\"https:\/\/redeicm.org.br\/madrebarbara\/wp-content\/uploads\/sites\/17\/2024\/08\/banner-direcao.jpg\",\"datePublished\":\"2025-05-30T01:49:00+00:00\",\"dateModified\":\"2026-02-18T11:41:35+00:00\",\"breadcrumb\":{\"@id\":\"https:\/\/redeicm.org.br\/madrebarbara\/materiais\/#breadcrumb\"},\"inLanguage\":\"pt-BR\",\"potentialAction\":[{\"@type\":\"ReadAction\",\"target\":[\"https:\/\/redeicm.org.br\/madrebarbara\/materiais\/\"]}]},{\"@type\":\"ImageObject\",\"inLanguage\":\"pt-BR\",\"@id\":\"https:\/\/redeicm.org.br\/madrebarbara\/materiais\/#primaryimage\",\"url\":\"https:\/\/redeicm.org.br\/madrebarbara\/wp-content\/uploads\/sites\/17\/2024\/08\/banner-direcao.jpg\",\"contentUrl\":\"https:\/\/redeicm.org.br\/madrebarbara\/wp-content\/uploads\/sites\/17\/2024\/08\/banner-direcao.jpg\",\"width\":1440,\"height\":400},{\"@type\":\"BreadcrumbList\",\"@id\":\"https:\/\/redeicm.org.br\/madrebarbara\/materiais\/#breadcrumb\",\"itemListElement\":[{\"@type\":\"ListItem\",\"position\":1,\"name\":\"In\u00edcio\",\"item\":\"https:\/\/redeicm.org.br\/madrebarbara\/\"},{\"@type\":\"ListItem\",\"position\":2,\"name\":\"Materiais\"}]},{\"@type\":\"WebSite\",\"@id\":\"https:\/\/redeicm.org.br\/madrebarbara\/#website\",\"url\":\"https:\/\/redeicm.org.br\/madrebarbara\/\",\"name\":\"Col\u00e9gio Madre B\u00e1rbara | Rede ICM de Educa\u00e7\u00e3o\",\"description\":\"\",\"publisher\":{\"@id\":\"https:\/\/redeicm.org.br\/madrebarbara\/#organization\"},\"potentialAction\":[{\"@type\":\"SearchAction\",\"target\":{\"@type\":\"EntryPoint\",\"urlTemplate\":\"https:\/\/redeicm.org.br\/madrebarbara\/?s={search_term_string}\"},\"query-input\":{\"@type\":\"PropertyValueSpecification\",\"valueRequired\":true,\"valueName\":\"search_term_string\"}}],\"inLanguage\":\"pt-BR\"},{\"@type\":\"Organization\",\"@id\":\"https:\/\/redeicm.org.br\/madrebarbara\/#organization\",\"name\":\"Col\u00e9gio Madre B\u00e1rbara | Rede ICM de Educa\u00e7\u00e3o\",\"url\":\"https:\/\/redeicm.org.br\/madrebarbara\/\",\"logo\":{\"@type\":\"ImageObject\",\"inLanguage\":\"pt-BR\",\"@id\":\"https:\/\/redeicm.org.br\/madrebarbara\/#\/schema\/logo\/image\/\",\"url\":\"https:\/\/redeicm.org.br\/madrebarbara\/wp-content\/uploads\/sites\/17\/2025\/09\/ICM_Educacao_Madre_Barbara_Preferencial_Cores-1024x329-1.png\",\"contentUrl\":\"https:\/\/redeicm.org.br\/madrebarbara\/wp-content\/uploads\/sites\/17\/2025\/09\/ICM_Educacao_Madre_Barbara_Preferencial_Cores-1024x329-1.png\",\"width\":223,\"height\":223,\"caption\":\"Col\u00e9gio Madre B\u00e1rbara | Rede ICM de Educa\u00e7\u00e3o\"},\"image\":{\"@id\":\"https:\/\/redeicm.org.br\/madrebarbara\/#\/schema\/logo\/image\/\"}}]}<\/script>\n<!-- \/ Yoast SEO plugin. -->","yoast_head_json":{"title":"Materiais - Col\u00e9gio Madre B\u00e1rbara | Rede ICM de Educa\u00e7\u00e3o","robots":{"index":"index","follow":"follow","max-snippet":"max-snippet:-1","max-image-preview":"max-image-preview:large","max-video-preview":"max-video-preview:-1"},"canonical":"https:\/\/redeicm.org.br\/madrebarbara\/materiais\/","og_locale":"pt_BR","og_type":"article","og_title":"Materiais - Col\u00e9gio Madre B\u00e1rbara | Rede ICM de Educa\u00e7\u00e3o","og_description":"Materiais Confira as Listas de Materiais Escolares para 2026 N\u00edveis 1A e 1B &#8211; Educa\u00e7\u00e3o Infantil &#8211; 2026 N\u00edveis 1C &#8211; Educa\u00e7\u00e3o Infantil &#8211; 2026 N\u00edvel 2 &#8211; Educa\u00e7\u00e3o Infantil &#8211; 2026 N\u00edvel 3 &#8211; Educa\u00e7\u00e3o Infantil &#8211; 2026 N\u00edvel 4 &#8211; Educa\u00e7\u00e3o Infantil &#8211; 2026 N\u00edvel 5 &#8211; Educa\u00e7\u00e3o Infantil &#8211; 2026 1\u00ba ano [&hellip;]","og_url":"https:\/\/redeicm.org.br\/madrebarbara\/materiais\/","og_site_name":"Col\u00e9gio Madre B\u00e1rbara | Rede ICM de Educa\u00e7\u00e3o","article_modified_time":"2026-02-18T11:41:35+00:00","og_image":[{"width":1440,"height":400,"url":"https:\/\/redeicm.org.br\/madrebarbara\/wp-content\/uploads\/sites\/17\/2024\/08\/banner-direcao.jpg","type":"image\/jpeg"}],"twitter_card":"summary_large_image","twitter_misc":{"Est. tempo de leitura":"2 minutos"},"schema":{"@context":"https:\/\/schema.org","@graph":[{"@type":"WebPage","@id":"https:\/\/redeicm.org.br\/madrebarbara\/materiais\/","url":"https:\/\/redeicm.org.br\/madrebarbara\/materiais\/","name":"Materiais - Col\u00e9gio Madre B\u00e1rbara | Rede ICM de Educa\u00e7\u00e3o","isPartOf":{"@id":"https:\/\/redeicm.org.br\/madrebarbara\/#website"},"primaryImageOfPage":{"@id":"https:\/\/redeicm.org.br\/madrebarbara\/materiais\/#primaryimage"},"image":{"@id":"https:\/\/redeicm.org.br\/madrebarbara\/materiais\/#primaryimage"},"thumbnailUrl":"https:\/\/redeicm.org.br\/madrebarbara\/wp-content\/uploads\/sites\/17\/2024\/08\/banner-direcao.jpg","datePublished":"2025-05-30T01:49:00+00:00","dateModified":"2026-02-18T11:41:35+00:00","breadcrumb":{"@id":"https:\/\/redeicm.org.br\/madrebarbara\/materiais\/#breadcrumb"},"inLanguage":"pt-BR","potentialAction":[{"@type":"ReadAction","target":["https:\/\/redeicm.org.br\/madrebarbara\/materiais\/"]}]},{"@type":"ImageObject","inLanguage":"pt-BR","@id":"https:\/\/redeicm.org.br\/madrebarbara\/materiais\/#primaryimage","url":"https:\/\/redeicm.org.br\/madrebarbara\/wp-content\/uploads\/sites\/17\/2024\/08\/banner-direcao.jpg","contentUrl":"https:\/\/redeicm.org.br\/madrebarbara\/wp-content\/uploads\/sites\/17\/2024\/08\/banner-direcao.jpg","width":1440,"height":400},{"@type":"BreadcrumbList","@id":"https:\/\/redeicm.org.br\/madrebarbara\/materiais\/#breadcrumb","itemListElement":[{"@type":"ListItem","position":1,"name":"In\u00edcio","item":"https:\/\/redeicm.org.br\/madrebarbara\/"},{"@type":"ListItem","position":2,"name":"Materiais"}]},{"@type":"WebSite","@id":"https:\/\/redeicm.org.br\/madrebarbara\/#website","url":"https:\/\/redeicm.org.br\/madrebarbara\/","name":"Col\u00e9gio Madre B\u00e1rbara | Rede ICM de Educa\u00e7\u00e3o","description":"","publisher":{"@id":"https:\/\/redeicm.org.br\/madrebarbara\/#organization"},"potentialAction":[{"@type":"SearchAction","target":{"@type":"EntryPoint","urlTemplate":"https:\/\/redeicm.org.br\/madrebarbara\/?s={search_term_string}"},"query-input":{"@type":"PropertyValueSpecification","valueRequired":true,"valueName":"search_term_string"}}],"inLanguage":"pt-BR"},{"@type":"Organization","@id":"https:\/\/redeicm.org.br\/madrebarbara\/#organization","name":"Col\u00e9gio Madre B\u00e1rbara | Rede ICM de Educa\u00e7\u00e3o","url":"https:\/\/redeicm.org.br\/madrebarbara\/","logo":{"@type":"ImageObject","inLanguage":"pt-BR","@id":"https:\/\/redeicm.org.br\/madrebarbara\/#\/schema\/logo\/image\/","url":"https:\/\/redeicm.org.br\/madrebarbara\/wp-content\/uploads\/sites\/17\/2025\/09\/ICM_Educacao_Madre_Barbara_Preferencial_Cores-1024x329-1.png","contentUrl":"https:\/\/redeicm.org.br\/madrebarbara\/wp-content\/uploads\/sites\/17\/2025\/09\/ICM_Educacao_Madre_Barbara_Preferencial_Cores-1024x329-1.png","width":223,"height":223,"caption":"Col\u00e9gio Madre B\u00e1rbara | Rede ICM de Educa\u00e7\u00e3o"},"image":{"@id":"https:\/\/redeicm.org.br\/madrebarbara\/#\/schema\/logo\/image\/"}}]}},"_links":{"self":[{"href":"https:\/\/redeicm.org.br\/madrebarbara\/wp-json\/wp\/v2\/pages\/607","targetHints":{"allow":["GET"]}}],"collection":[{"href":"https:\/\/redeicm.org.br\/madrebarbara\/wp-json\/wp\/v2\/pages"}],"about":[{"href":"https:\/\/redeicm.org.br\/madrebarbara\/wp-json\/wp\/v2\/types\/page"}],"author":[{"embeddable":true,"href":"https:\/\/redeicm.org.br\/madrebarbara\/wp-json\/wp\/v2\/users\/1"}],"replies":[{"embeddable":true,"href":"https:\/\/redeicm.org.br\/madrebarbara\/wp-json\/wp\/v2\/comments?post=607"}],"version-history":[{"count":36,"href":"https:\/\/redeicm.org.br\/madrebarbara\/wp-json\/wp\/v2\/pages\/607\/revisions"}],"predecessor-version":[{"id":22493,"href":"https:\/\/redeicm.org.br\/madrebarbara\/wp-json\/wp\/v2\/pages\/607\/revisions\/22493"}],"wp:featuredmedia":[{"embeddable":true,"href":"https:\/\/redeicm.org.br\/madrebarbara\/wp-json\/wp\/v2\/media\/126"}],"wp:attachment":[{"href":"https:\/\/redeicm.org.br\/madrebarbara\/wp-json\/wp\/v2\/media?parent=607"}],"curies":[{"name":"wp","href":"https:\/\/api.w.org\/{rel}","templated":true}]}}