{"id":502,"date":"2025-05-29T21:42:04","date_gmt":"2025-05-30T00:42:04","guid":{"rendered":"https:\/\/redeicm.org.br\/madrebarbara\/?page_id=502"},"modified":"2026-03-11T09:25:18","modified_gmt":"2026-03-11T12:25:18","slug":"turno-extracurricular","status":"publish","type":"page","link":"https:\/\/redeicm.org.br\/madrebarbara\/turno-extracurricular\/","title":{"rendered":"Turno Extracurricular"},"content":{"rendered":"<h1>Turno Extracurricular<\/h1>\n<p>O\u00a0<strong>Turno Extracurricular<\/strong>\u00a0leva os alunos a um mundo de diferentes sensa\u00e7\u00f5es que os proporcionam, al\u00e9m de aprendizado pr\u00e1tico, momentos de distra\u00e7\u00e3o, entretenimento e integra\u00e7\u00e3o social. Busca facilitar a vida dos pais e proporcionar o bem-estar dos alunos, que s\u00e3o atendidos num ambiente acolhedor com espa\u00e7os de recrea\u00e7\u00e3o e lazer, propiciando assim, momentos agrad\u00e1veis e de boa conviv\u00eancia.<\/p>\n<p><strong>Confira nossa programa\u00e7\u00e3o para 2026. Entre as atividades:<\/strong><\/p>\n<ul>\n<li>Oficinas<\/li>\n<li>Tema de casa<\/li>\n<li>Hora da Leitura<\/li>\n<li>Sa\u00eddas de Estudos<\/li>\n<li>Brincadeiras l\u00fadicas<\/li>\n<li>Projetos de acordo com as necessidades e interesses<\/li>\n<\/ul>\n<p>&nbsp;<\/p>\n<p><a href=\"https:\/\/redeicm.org.br\/madrebarbara\/wp-content\/uploads\/sites\/17\/2026\/03\/Turno-Extracurricular-Ed-Infantil_page-0001.jpg\"><img fetchpriority=\"high\" decoding=\"async\" class=\"alignnone wp-image-23284 size-large\" src=\"https:\/\/redeicm.org.br\/madrebarbara\/wp-content\/uploads\/sites\/17\/2026\/03\/Turno-Extracurricular-Ed-Infantil_page-0001-724x1024.jpg\" alt=\"\" width=\"724\" height=\"1024\" srcset=\"https:\/\/redeicm.org.br\/madrebarbara\/wp-content\/uploads\/sites\/17\/2026\/03\/Turno-Extracurricular-Ed-Infantil_page-0001-724x1024.jpg 724w, https:\/\/redeicm.org.br\/madrebarbara\/wp-content\/uploads\/sites\/17\/2026\/03\/Turno-Extracurricular-Ed-Infantil_page-0001-212x300.jpg 212w, https:\/\/redeicm.org.br\/madrebarbara\/wp-content\/uploads\/sites\/17\/2026\/03\/Turno-Extracurricular-Ed-Infantil_page-0001-768x1086.jpg 768w, https:\/\/redeicm.org.br\/madrebarbara\/wp-content\/uploads\/sites\/17\/2026\/03\/Turno-Extracurricular-Ed-Infantil_page-0001-1086x1536.jpg 1086w, https:\/\/redeicm.org.br\/madrebarbara\/wp-content\/uploads\/sites\/17\/2026\/03\/Turno-Extracurricular-Ed-Infantil_page-0001.jpg 1241w\" sizes=\"(max-width: 724px) 100vw, 724px\" \/><\/a><\/p>\n<p><a href=\"https:\/\/redeicm.org.br\/madrebarbara\/wp-content\/uploads\/sites\/17\/2026\/03\/Turno-Extracurricular-Ed-Infantil_page-0002.jpg\"><img decoding=\"async\" class=\"wp-image-23283 size-large alignnone\" src=\"https:\/\/redeicm.org.br\/madrebarbara\/wp-content\/uploads\/sites\/17\/2026\/03\/Turno-Extracurricular-Ed-Infantil_page-0002-724x1024.jpg\" alt=\"\" width=\"724\" height=\"1024\" srcset=\"https:\/\/redeicm.org.br\/madrebarbara\/wp-content\/uploads\/sites\/17\/2026\/03\/Turno-Extracurricular-Ed-Infantil_page-0002-724x1024.jpg 724w, https:\/\/redeicm.org.br\/madrebarbara\/wp-content\/uploads\/sites\/17\/2026\/03\/Turno-Extracurricular-Ed-Infantil_page-0002-212x300.jpg 212w, https:\/\/redeicm.org.br\/madrebarbara\/wp-content\/uploads\/sites\/17\/2026\/03\/Turno-Extracurricular-Ed-Infantil_page-0002-768x1086.jpg 768w, https:\/\/redeicm.org.br\/madrebarbara\/wp-content\/uploads\/sites\/17\/2026\/03\/Turno-Extracurricular-Ed-Infantil_page-0002-1086x1536.jpg 1086w, https:\/\/redeicm.org.br\/madrebarbara\/wp-content\/uploads\/sites\/17\/2026\/03\/Turno-Extracurricular-Ed-Infantil_page-0002.jpg 1241w\" sizes=\"(max-width: 724px) 100vw, 724px\" \/><\/a><\/p>\n<p><a href=\"https:\/\/redeicm.org.br\/madrebarbara\/wp-content\/uploads\/sites\/17\/2026\/03\/Turno-Extracurricular-Ed-Infantil_page-0003.jpg\"><img decoding=\"async\" class=\"alignnone wp-image-23282 size-large\" src=\"https:\/\/redeicm.org.br\/madrebarbara\/wp-content\/uploads\/sites\/17\/2026\/03\/Turno-Extracurricular-Ed-Infantil_page-0003-724x1024.jpg\" alt=\"\" width=\"724\" height=\"1024\" srcset=\"https:\/\/redeicm.org.br\/madrebarbara\/wp-content\/uploads\/sites\/17\/2026\/03\/Turno-Extracurricular-Ed-Infantil_page-0003-724x1024.jpg 724w, https:\/\/redeicm.org.br\/madrebarbara\/wp-content\/uploads\/sites\/17\/2026\/03\/Turno-Extracurricular-Ed-Infantil_page-0003-212x300.jpg 212w, https:\/\/redeicm.org.br\/madrebarbara\/wp-content\/uploads\/sites\/17\/2026\/03\/Turno-Extracurricular-Ed-Infantil_page-0003-768x1086.jpg 768w, https:\/\/redeicm.org.br\/madrebarbara\/wp-content\/uploads\/sites\/17\/2026\/03\/Turno-Extracurricular-Ed-Infantil_page-0003-1086x1536.jpg 1086w, https:\/\/redeicm.org.br\/madrebarbara\/wp-content\/uploads\/sites\/17\/2026\/03\/Turno-Extracurricular-Ed-Infantil_page-0003.jpg 1241w\" sizes=\"(max-width: 724px) 100vw, 724px\" \/><\/a><\/p>\n<p><a href=\"https:\/\/redeicm.org.br\/madrebarbara\/wp-content\/uploads\/sites\/17\/2026\/03\/Turno-Extracurricular-Ed-Infantil_page-0004.jpg\"><img loading=\"lazy\" decoding=\"async\" class=\"alignnone wp-image-23281 size-large\" src=\"https:\/\/redeicm.org.br\/madrebarbara\/wp-content\/uploads\/sites\/17\/2026\/03\/Turno-Extracurricular-Ed-Infantil_page-0004-724x1024.jpg\" alt=\"\" width=\"724\" height=\"1024\" srcset=\"https:\/\/redeicm.org.br\/madrebarbara\/wp-content\/uploads\/sites\/17\/2026\/03\/Turno-Extracurricular-Ed-Infantil_page-0004-724x1024.jpg 724w, https:\/\/redeicm.org.br\/madrebarbara\/wp-content\/uploads\/sites\/17\/2026\/03\/Turno-Extracurricular-Ed-Infantil_page-0004-212x300.jpg 212w, https:\/\/redeicm.org.br\/madrebarbara\/wp-content\/uploads\/sites\/17\/2026\/03\/Turno-Extracurricular-Ed-Infantil_page-0004-768x1086.jpg 768w, https:\/\/redeicm.org.br\/madrebarbara\/wp-content\/uploads\/sites\/17\/2026\/03\/Turno-Extracurricular-Ed-Infantil_page-0004-1086x1536.jpg 1086w, https:\/\/redeicm.org.br\/madrebarbara\/wp-content\/uploads\/sites\/17\/2026\/03\/Turno-Extracurricular-Ed-Infantil_page-0004.jpg 1241w\" sizes=\"(max-width: 724px) 100vw, 724px\" \/><\/a><\/p>\n<p><strong>Coordenadora do Turno \u2013 Educa\u00e7\u00e3o Infantil:<\/strong>\u00a0Daiele F\u00fchr \u2013\u00a0<a href=\"coetapaei@madrebarbara.com.br\">coetapaei@madrebarbara.com.br\u00a0<\/a><\/p>\n<h3><strong>Turno Extracurricular Anos Iniciais<\/strong><\/h3>\n<p><a href=\"https:\/\/redeicm.org.br\/madrebarbara\/wp-content\/uploads\/sites\/17\/2026\/03\/Turno-Extracurricular-AnosIniciais_page-0001.jpg\"><img loading=\"lazy\" decoding=\"async\" class=\"alignnone wp-image-23289 size-large\" src=\"https:\/\/redeicm.org.br\/madrebarbara\/wp-content\/uploads\/sites\/17\/2026\/03\/Turno-Extracurricular-AnosIniciais_page-0001-724x1024.jpg\" alt=\"\" width=\"724\" height=\"1024\" srcset=\"https:\/\/redeicm.org.br\/madrebarbara\/wp-content\/uploads\/sites\/17\/2026\/03\/Turno-Extracurricular-AnosIniciais_page-0001-724x1024.jpg 724w, https:\/\/redeicm.org.br\/madrebarbara\/wp-content\/uploads\/sites\/17\/2026\/03\/Turno-Extracurricular-AnosIniciais_page-0001-212x300.jpg 212w, https:\/\/redeicm.org.br\/madrebarbara\/wp-content\/uploads\/sites\/17\/2026\/03\/Turno-Extracurricular-AnosIniciais_page-0001-768x1086.jpg 768w, https:\/\/redeicm.org.br\/madrebarbara\/wp-content\/uploads\/sites\/17\/2026\/03\/Turno-Extracurricular-AnosIniciais_page-0001-1086x1536.jpg 1086w, https:\/\/redeicm.org.br\/madrebarbara\/wp-content\/uploads\/sites\/17\/2026\/03\/Turno-Extracurricular-AnosIniciais_page-0001.jpg 1241w\" sizes=\"(max-width: 724px) 100vw, 724px\" \/><\/a><\/p>\n<p><a href=\"https:\/\/redeicm.org.br\/madrebarbara\/wp-content\/uploads\/sites\/17\/2026\/03\/Turno-Extracurricular-AnosIniciais_page-0002.jpg\"><img loading=\"lazy\" decoding=\"async\" class=\"alignnone wp-image-23288 size-large\" src=\"https:\/\/redeicm.org.br\/madrebarbara\/wp-content\/uploads\/sites\/17\/2026\/03\/Turno-Extracurricular-AnosIniciais_page-0002-724x1024.jpg\" alt=\"\" width=\"724\" height=\"1024\" srcset=\"https:\/\/redeicm.org.br\/madrebarbara\/wp-content\/uploads\/sites\/17\/2026\/03\/Turno-Extracurricular-AnosIniciais_page-0002-724x1024.jpg 724w, https:\/\/redeicm.org.br\/madrebarbara\/wp-content\/uploads\/sites\/17\/2026\/03\/Turno-Extracurricular-AnosIniciais_page-0002-212x300.jpg 212w, https:\/\/redeicm.org.br\/madrebarbara\/wp-content\/uploads\/sites\/17\/2026\/03\/Turno-Extracurricular-AnosIniciais_page-0002-768x1086.jpg 768w, https:\/\/redeicm.org.br\/madrebarbara\/wp-content\/uploads\/sites\/17\/2026\/03\/Turno-Extracurricular-AnosIniciais_page-0002-1086x1536.jpg 1086w, https:\/\/redeicm.org.br\/madrebarbara\/wp-content\/uploads\/sites\/17\/2026\/03\/Turno-Extracurricular-AnosIniciais_page-0002.jpg 1241w\" sizes=\"(max-width: 724px) 100vw, 724px\" \/><\/a><\/p>\n<p><a href=\"https:\/\/redeicm.org.br\/madrebarbara\/wp-content\/uploads\/sites\/17\/2026\/03\/Turno-Extracurricular-AnosIniciais_page-0003.jpg\"><img loading=\"lazy\" decoding=\"async\" class=\"alignnone wp-image-23287 size-large\" src=\"https:\/\/redeicm.org.br\/madrebarbara\/wp-content\/uploads\/sites\/17\/2026\/03\/Turno-Extracurricular-AnosIniciais_page-0003-724x1024.jpg\" alt=\"\" width=\"724\" height=\"1024\" srcset=\"https:\/\/redeicm.org.br\/madrebarbara\/wp-content\/uploads\/sites\/17\/2026\/03\/Turno-Extracurricular-AnosIniciais_page-0003-724x1024.jpg 724w, https:\/\/redeicm.org.br\/madrebarbara\/wp-content\/uploads\/sites\/17\/2026\/03\/Turno-Extracurricular-AnosIniciais_page-0003-212x300.jpg 212w, https:\/\/redeicm.org.br\/madrebarbara\/wp-content\/uploads\/sites\/17\/2026\/03\/Turno-Extracurricular-AnosIniciais_page-0003-768x1086.jpg 768w, https:\/\/redeicm.org.br\/madrebarbara\/wp-content\/uploads\/sites\/17\/2026\/03\/Turno-Extracurricular-AnosIniciais_page-0003-1086x1536.jpg 1086w, https:\/\/redeicm.org.br\/madrebarbara\/wp-content\/uploads\/sites\/17\/2026\/03\/Turno-Extracurricular-AnosIniciais_page-0003.jpg 1241w\" sizes=\"(max-width: 724px) 100vw, 724px\" \/><\/a><\/p>\n<p><a href=\"https:\/\/redeicm.org.br\/madrebarbara\/wp-content\/uploads\/sites\/17\/2026\/03\/Turno-Extracurricular-AnosIniciais_page-0004.jpg\"><img loading=\"lazy\" decoding=\"async\" class=\"alignnone wp-image-23286 size-large\" src=\"https:\/\/redeicm.org.br\/madrebarbara\/wp-content\/uploads\/sites\/17\/2026\/03\/Turno-Extracurricular-AnosIniciais_page-0004-724x1024.jpg\" alt=\"\" width=\"724\" height=\"1024\" srcset=\"https:\/\/redeicm.org.br\/madrebarbara\/wp-content\/uploads\/sites\/17\/2026\/03\/Turno-Extracurricular-AnosIniciais_page-0004-724x1024.jpg 724w, https:\/\/redeicm.org.br\/madrebarbara\/wp-content\/uploads\/sites\/17\/2026\/03\/Turno-Extracurricular-AnosIniciais_page-0004-212x300.jpg 212w, https:\/\/redeicm.org.br\/madrebarbara\/wp-content\/uploads\/sites\/17\/2026\/03\/Turno-Extracurricular-AnosIniciais_page-0004-768x1086.jpg 768w, https:\/\/redeicm.org.br\/madrebarbara\/wp-content\/uploads\/sites\/17\/2026\/03\/Turno-Extracurricular-AnosIniciais_page-0004-1086x1536.jpg 1086w, https:\/\/redeicm.org.br\/madrebarbara\/wp-content\/uploads\/sites\/17\/2026\/03\/Turno-Extracurricular-AnosIniciais_page-0004.jpg 1241w\" sizes=\"(max-width: 724px) 100vw, 724px\" \/><\/a><\/p>\n<p><a href=\"https:\/\/redeicm.org.br\/madrebarbara\/wp-content\/uploads\/sites\/17\/2026\/03\/Turno-Extracurricular-AnosIniciais_page-0005.jpg\"><img loading=\"lazy\" decoding=\"async\" class=\"alignnone wp-image-23285 size-large\" src=\"https:\/\/redeicm.org.br\/madrebarbara\/wp-content\/uploads\/sites\/17\/2026\/03\/Turno-Extracurricular-AnosIniciais_page-0005-724x1024.jpg\" alt=\"\" width=\"724\" height=\"1024\" srcset=\"https:\/\/redeicm.org.br\/madrebarbara\/wp-content\/uploads\/sites\/17\/2026\/03\/Turno-Extracurricular-AnosIniciais_page-0005-724x1024.jpg 724w, https:\/\/redeicm.org.br\/madrebarbara\/wp-content\/uploads\/sites\/17\/2026\/03\/Turno-Extracurricular-AnosIniciais_page-0005-212x300.jpg 212w, https:\/\/redeicm.org.br\/madrebarbara\/wp-content\/uploads\/sites\/17\/2026\/03\/Turno-Extracurricular-AnosIniciais_page-0005-768x1086.jpg 768w, https:\/\/redeicm.org.br\/madrebarbara\/wp-content\/uploads\/sites\/17\/2026\/03\/Turno-Extracurricular-AnosIniciais_page-0005-1086x1536.jpg 1086w, https:\/\/redeicm.org.br\/madrebarbara\/wp-content\/uploads\/sites\/17\/2026\/03\/Turno-Extracurricular-AnosIniciais_page-0005.jpg 1241w\" sizes=\"(max-width: 724px) 100vw, 724px\" \/><\/a><\/p>\n<p><strong>Coordenadora do Turno \u2013 Anos Iniciais:<\/strong> Luiza Furlan \u2013 <a href=\"luiza.furlan@redeicm.org.br\">luiza.furlan@redeicm.org.br<\/a><\/p>\n<p><a href=\"https:\/\/redeicm.org.br\/madrebarbara\/cardapio-extracurricula\/\"><br \/>\nCard\u00e1pio Extracurricular<br \/>\n<\/a><\/p>\n","protected":false},"excerpt":{"rendered":"<p>Turno Extracurricular O\u00a0Turno Extracurricular\u00a0leva os alunos a um mundo de diferentes sensa\u00e7\u00f5es que os proporcionam, al\u00e9m de aprendizado pr\u00e1tico, momentos de distra\u00e7\u00e3o, entretenimento e integra\u00e7\u00e3o social. Busca facilitar a vida dos pais e proporcionar o bem-estar dos alunos, que s\u00e3o atendidos num ambiente acolhedor com espa\u00e7os de recrea\u00e7\u00e3o e lazer, propiciando assim, momentos agrad\u00e1veis e [&hellip;]<\/p>\n","protected":false},"author":1,"featured_media":113,"parent":0,"menu_order":0,"comment_status":"closed","ping_status":"closed","template":"","meta":{"_acf_changed":false,"footnotes":""},"class_list":["post-502","page","type-page","status-publish","has-post-thumbnail","hentry"],"acf":[],"yoast_head":"<!-- This site is optimized with the Yoast SEO plugin v26.3 - https:\/\/yoast.com\/wordpress\/plugins\/seo\/ -->\n<title>Turno Extracurricular - Col\u00e9gio Madre B\u00e1rbara | Rede ICM de Educa\u00e7\u00e3o<\/title>\n<meta name=\"robots\" content=\"index, follow, max-snippet:-1, max-image-preview:large, max-video-preview:-1\" \/>\n<link rel=\"canonical\" href=\"https:\/\/redeicm.org.br\/madrebarbara\/turno-extracurricular\/\" \/>\n<meta property=\"og:locale\" content=\"pt_BR\" \/>\n<meta property=\"og:type\" content=\"article\" \/>\n<meta property=\"og:title\" content=\"Turno Extracurricular - Col\u00e9gio Madre B\u00e1rbara | Rede ICM de Educa\u00e7\u00e3o\" \/>\n<meta property=\"og:description\" content=\"Turno Extracurricular O\u00a0Turno Extracurricular\u00a0leva os alunos a um mundo de diferentes sensa\u00e7\u00f5es que os proporcionam, al\u00e9m de aprendizado pr\u00e1tico, momentos de distra\u00e7\u00e3o, entretenimento e integra\u00e7\u00e3o social. Busca facilitar a vida dos pais e proporcionar o bem-estar dos alunos, que s\u00e3o atendidos num ambiente acolhedor com espa\u00e7os de recrea\u00e7\u00e3o e lazer, propiciando assim, momentos agrad\u00e1veis e [&hellip;]\" \/>\n<meta property=\"og:url\" content=\"https:\/\/redeicm.org.br\/madrebarbara\/turno-extracurricular\/\" \/>\n<meta property=\"og:site_name\" content=\"Col\u00e9gio Madre B\u00e1rbara | Rede ICM de Educa\u00e7\u00e3o\" \/>\n<meta property=\"article:modified_time\" content=\"2026-03-11T12:25:18+00:00\" \/>\n<meta property=\"og:image\" content=\"https:\/\/redeicm.org.br\/madrebarbara\/wp-content\/uploads\/sites\/17\/2024\/08\/banner-ensino-fundamental-finais.jpg\" \/>\n\t<meta property=\"og:image:width\" content=\"1440\" \/>\n\t<meta property=\"og:image:height\" content=\"401\" \/>\n\t<meta property=\"og:image:type\" content=\"image\/jpeg\" \/>\n<meta name=\"twitter:card\" content=\"summary_large_image\" \/>\n<meta name=\"twitter:label1\" content=\"Est. tempo de leitura\" \/>\n\t<meta name=\"twitter:data1\" content=\"3 minutos\" \/>\n<script type=\"application\/ld+json\" class=\"yoast-schema-graph\">{\"@context\":\"https:\/\/schema.org\",\"@graph\":[{\"@type\":\"WebPage\",\"@id\":\"https:\/\/redeicm.org.br\/madrebarbara\/turno-extracurricular\/\",\"url\":\"https:\/\/redeicm.org.br\/madrebarbara\/turno-extracurricular\/\",\"name\":\"Turno Extracurricular - Col\u00e9gio Madre B\u00e1rbara | Rede ICM de Educa\u00e7\u00e3o\",\"isPartOf\":{\"@id\":\"https:\/\/redeicm.org.br\/madrebarbara\/#website\"},\"primaryImageOfPage\":{\"@id\":\"https:\/\/redeicm.org.br\/madrebarbara\/turno-extracurricular\/#primaryimage\"},\"image\":{\"@id\":\"https:\/\/redeicm.org.br\/madrebarbara\/turno-extracurricular\/#primaryimage\"},\"thumbnailUrl\":\"https:\/\/redeicm.org.br\/madrebarbara\/wp-content\/uploads\/sites\/17\/2024\/08\/banner-ensino-fundamental-finais.jpg\",\"datePublished\":\"2025-05-30T00:42:04+00:00\",\"dateModified\":\"2026-03-11T12:25:18+00:00\",\"breadcrumb\":{\"@id\":\"https:\/\/redeicm.org.br\/madrebarbara\/turno-extracurricular\/#breadcrumb\"},\"inLanguage\":\"pt-BR\",\"potentialAction\":[{\"@type\":\"ReadAction\",\"target\":[\"https:\/\/redeicm.org.br\/madrebarbara\/turno-extracurricular\/\"]}]},{\"@type\":\"ImageObject\",\"inLanguage\":\"pt-BR\",\"@id\":\"https:\/\/redeicm.org.br\/madrebarbara\/turno-extracurricular\/#primaryimage\",\"url\":\"https:\/\/redeicm.org.br\/madrebarbara\/wp-content\/uploads\/sites\/17\/2024\/08\/banner-ensino-fundamental-finais.jpg\",\"contentUrl\":\"https:\/\/redeicm.org.br\/madrebarbara\/wp-content\/uploads\/sites\/17\/2024\/08\/banner-ensino-fundamental-finais.jpg\",\"width\":1440,\"height\":401},{\"@type\":\"BreadcrumbList\",\"@id\":\"https:\/\/redeicm.org.br\/madrebarbara\/turno-extracurricular\/#breadcrumb\",\"itemListElement\":[{\"@type\":\"ListItem\",\"position\":1,\"name\":\"In\u00edcio\",\"item\":\"https:\/\/redeicm.org.br\/madrebarbara\/\"},{\"@type\":\"ListItem\",\"position\":2,\"name\":\"Turno Extracurricular\"}]},{\"@type\":\"WebSite\",\"@id\":\"https:\/\/redeicm.org.br\/madrebarbara\/#website\",\"url\":\"https:\/\/redeicm.org.br\/madrebarbara\/\",\"name\":\"Col\u00e9gio Madre B\u00e1rbara | Rede ICM de Educa\u00e7\u00e3o\",\"description\":\"\",\"publisher\":{\"@id\":\"https:\/\/redeicm.org.br\/madrebarbara\/#organization\"},\"potentialAction\":[{\"@type\":\"SearchAction\",\"target\":{\"@type\":\"EntryPoint\",\"urlTemplate\":\"https:\/\/redeicm.org.br\/madrebarbara\/?s={search_term_string}\"},\"query-input\":{\"@type\":\"PropertyValueSpecification\",\"valueRequired\":true,\"valueName\":\"search_term_string\"}}],\"inLanguage\":\"pt-BR\"},{\"@type\":\"Organization\",\"@id\":\"https:\/\/redeicm.org.br\/madrebarbara\/#organization\",\"name\":\"Col\u00e9gio Madre B\u00e1rbara | Rede ICM de Educa\u00e7\u00e3o\",\"url\":\"https:\/\/redeicm.org.br\/madrebarbara\/\",\"logo\":{\"@type\":\"ImageObject\",\"inLanguage\":\"pt-BR\",\"@id\":\"https:\/\/redeicm.org.br\/madrebarbara\/#\/schema\/logo\/image\/\",\"url\":\"https:\/\/redeicm.org.br\/madrebarbara\/wp-content\/uploads\/sites\/17\/2025\/09\/ICM_Educacao_Madre_Barbara_Preferencial_Cores-1024x329-1.png\",\"contentUrl\":\"https:\/\/redeicm.org.br\/madrebarbara\/wp-content\/uploads\/sites\/17\/2025\/09\/ICM_Educacao_Madre_Barbara_Preferencial_Cores-1024x329-1.png\",\"width\":223,\"height\":223,\"caption\":\"Col\u00e9gio Madre B\u00e1rbara | Rede ICM de Educa\u00e7\u00e3o\"},\"image\":{\"@id\":\"https:\/\/redeicm.org.br\/madrebarbara\/#\/schema\/logo\/image\/\"}}]}<\/script>\n<!-- \/ Yoast SEO plugin. -->","yoast_head_json":{"title":"Turno Extracurricular - Col\u00e9gio Madre B\u00e1rbara | Rede ICM de Educa\u00e7\u00e3o","robots":{"index":"index","follow":"follow","max-snippet":"max-snippet:-1","max-image-preview":"max-image-preview:large","max-video-preview":"max-video-preview:-1"},"canonical":"https:\/\/redeicm.org.br\/madrebarbara\/turno-extracurricular\/","og_locale":"pt_BR","og_type":"article","og_title":"Turno Extracurricular - Col\u00e9gio Madre B\u00e1rbara | Rede ICM de Educa\u00e7\u00e3o","og_description":"Turno Extracurricular O\u00a0Turno Extracurricular\u00a0leva os alunos a um mundo de diferentes sensa\u00e7\u00f5es que os proporcionam, al\u00e9m de aprendizado pr\u00e1tico, momentos de distra\u00e7\u00e3o, entretenimento e integra\u00e7\u00e3o social. Busca facilitar a vida dos pais e proporcionar o bem-estar dos alunos, que s\u00e3o atendidos num ambiente acolhedor com espa\u00e7os de recrea\u00e7\u00e3o e lazer, propiciando assim, momentos agrad\u00e1veis e [&hellip;]","og_url":"https:\/\/redeicm.org.br\/madrebarbara\/turno-extracurricular\/","og_site_name":"Col\u00e9gio Madre B\u00e1rbara | Rede ICM de Educa\u00e7\u00e3o","article_modified_time":"2026-03-11T12:25:18+00:00","og_image":[{"width":1440,"height":401,"url":"https:\/\/redeicm.org.br\/madrebarbara\/wp-content\/uploads\/sites\/17\/2024\/08\/banner-ensino-fundamental-finais.jpg","type":"image\/jpeg"}],"twitter_card":"summary_large_image","twitter_misc":{"Est. tempo de leitura":"3 minutos"},"schema":{"@context":"https:\/\/schema.org","@graph":[{"@type":"WebPage","@id":"https:\/\/redeicm.org.br\/madrebarbara\/turno-extracurricular\/","url":"https:\/\/redeicm.org.br\/madrebarbara\/turno-extracurricular\/","name":"Turno Extracurricular - Col\u00e9gio Madre B\u00e1rbara | Rede ICM de Educa\u00e7\u00e3o","isPartOf":{"@id":"https:\/\/redeicm.org.br\/madrebarbara\/#website"},"primaryImageOfPage":{"@id":"https:\/\/redeicm.org.br\/madrebarbara\/turno-extracurricular\/#primaryimage"},"image":{"@id":"https:\/\/redeicm.org.br\/madrebarbara\/turno-extracurricular\/#primaryimage"},"thumbnailUrl":"https:\/\/redeicm.org.br\/madrebarbara\/wp-content\/uploads\/sites\/17\/2024\/08\/banner-ensino-fundamental-finais.jpg","datePublished":"2025-05-30T00:42:04+00:00","dateModified":"2026-03-11T12:25:18+00:00","breadcrumb":{"@id":"https:\/\/redeicm.org.br\/madrebarbara\/turno-extracurricular\/#breadcrumb"},"inLanguage":"pt-BR","potentialAction":[{"@type":"ReadAction","target":["https:\/\/redeicm.org.br\/madrebarbara\/turno-extracurricular\/"]}]},{"@type":"ImageObject","inLanguage":"pt-BR","@id":"https:\/\/redeicm.org.br\/madrebarbara\/turno-extracurricular\/#primaryimage","url":"https:\/\/redeicm.org.br\/madrebarbara\/wp-content\/uploads\/sites\/17\/2024\/08\/banner-ensino-fundamental-finais.jpg","contentUrl":"https:\/\/redeicm.org.br\/madrebarbara\/wp-content\/uploads\/sites\/17\/2024\/08\/banner-ensino-fundamental-finais.jpg","width":1440,"height":401},{"@type":"BreadcrumbList","@id":"https:\/\/redeicm.org.br\/madrebarbara\/turno-extracurricular\/#breadcrumb","itemListElement":[{"@type":"ListItem","position":1,"name":"In\u00edcio","item":"https:\/\/redeicm.org.br\/madrebarbara\/"},{"@type":"ListItem","position":2,"name":"Turno Extracurricular"}]},{"@type":"WebSite","@id":"https:\/\/redeicm.org.br\/madrebarbara\/#website","url":"https:\/\/redeicm.org.br\/madrebarbara\/","name":"Col\u00e9gio Madre B\u00e1rbara | Rede ICM de Educa\u00e7\u00e3o","description":"","publisher":{"@id":"https:\/\/redeicm.org.br\/madrebarbara\/#organization"},"potentialAction":[{"@type":"SearchAction","target":{"@type":"EntryPoint","urlTemplate":"https:\/\/redeicm.org.br\/madrebarbara\/?s={search_term_string}"},"query-input":{"@type":"PropertyValueSpecification","valueRequired":true,"valueName":"search_term_string"}}],"inLanguage":"pt-BR"},{"@type":"Organization","@id":"https:\/\/redeicm.org.br\/madrebarbara\/#organization","name":"Col\u00e9gio Madre B\u00e1rbara | Rede ICM de Educa\u00e7\u00e3o","url":"https:\/\/redeicm.org.br\/madrebarbara\/","logo":{"@type":"ImageObject","inLanguage":"pt-BR","@id":"https:\/\/redeicm.org.br\/madrebarbara\/#\/schema\/logo\/image\/","url":"https:\/\/redeicm.org.br\/madrebarbara\/wp-content\/uploads\/sites\/17\/2025\/09\/ICM_Educacao_Madre_Barbara_Preferencial_Cores-1024x329-1.png","contentUrl":"https:\/\/redeicm.org.br\/madrebarbara\/wp-content\/uploads\/sites\/17\/2025\/09\/ICM_Educacao_Madre_Barbara_Preferencial_Cores-1024x329-1.png","width":223,"height":223,"caption":"Col\u00e9gio Madre B\u00e1rbara | Rede ICM de Educa\u00e7\u00e3o"},"image":{"@id":"https:\/\/redeicm.org.br\/madrebarbara\/#\/schema\/logo\/image\/"}}]}},"_links":{"self":[{"href":"https:\/\/redeicm.org.br\/madrebarbara\/wp-json\/wp\/v2\/pages\/502","targetHints":{"allow":["GET"]}}],"collection":[{"href":"https:\/\/redeicm.org.br\/madrebarbara\/wp-json\/wp\/v2\/pages"}],"about":[{"href":"https:\/\/redeicm.org.br\/madrebarbara\/wp-json\/wp\/v2\/types\/page"}],"author":[{"embeddable":true,"href":"https:\/\/redeicm.org.br\/madrebarbara\/wp-json\/wp\/v2\/users\/1"}],"replies":[{"embeddable":true,"href":"https:\/\/redeicm.org.br\/madrebarbara\/wp-json\/wp\/v2\/comments?post=502"}],"version-history":[{"count":48,"href":"https:\/\/redeicm.org.br\/madrebarbara\/wp-json\/wp\/v2\/pages\/502\/revisions"}],"predecessor-version":[{"id":23299,"href":"https:\/\/redeicm.org.br\/madrebarbara\/wp-json\/wp\/v2\/pages\/502\/revisions\/23299"}],"wp:featuredmedia":[{"embeddable":true,"href":"https:\/\/redeicm.org.br\/madrebarbara\/wp-json\/wp\/v2\/media\/113"}],"wp:attachment":[{"href":"https:\/\/redeicm.org.br\/madrebarbara\/wp-json\/wp\/v2\/media?parent=502"}],"curies":[{"name":"wp","href":"https:\/\/api.w.org\/{rel}","templated":true}]}}