{"id":401,"date":"2025-05-29T21:01:12","date_gmt":"2025-05-30T00:01:12","guid":{"rendered":"https:\/\/redeicm.org.br\/madrebarbara\/?page_id=401"},"modified":"2026-04-14T15:51:14","modified_gmt":"2026-04-14T18:51:14","slug":"soe","status":"publish","type":"page","link":"https:\/\/redeicm.org.br\/madrebarbara\/soe\/","title":{"rendered":"Servi\u00e7o de Orienta\u00e7\u00e3o Educacional \u2013 SOE"},"content":{"rendered":"\t\t<div data-elementor-type=\"wp-page\" data-elementor-id=\"401\" class=\"elementor elementor-401\" data-elementor-post-type=\"page\">\n\t\t\t\t<div class=\"elementor-element elementor-element-7f53c1a9 e-flex e-con-boxed e-con e-parent\" data-id=\"7f53c1a9\" data-element_type=\"container\" data-e-type=\"container\" data-settings=\"{&quot;background_background&quot;:&quot;classic&quot;}\">\n\t\t\t\t\t<div class=\"e-con-inner\">\n\t\t\t\t<div class=\"elementor-element elementor-element-48242c18 elementor-widget elementor-widget-heading\" data-id=\"48242c18\" data-element_type=\"widget\" data-e-type=\"widget\" data-widget_type=\"heading.default\">\n\t\t\t\t<div class=\"elementor-widget-container\">\n\t\t\t\t\t<h1 class=\"elementor-heading-title elementor-size-default\">Setores<\/h1>\t\t\t\t<\/div>\n\t\t\t\t<\/div>\n\t\t\t\t\t<\/div>\n\t\t\t\t<\/div>\n\t\t<div class=\"elementor-element elementor-element-4c66899 e-con-full e-flex e-con e-parent\" data-id=\"4c66899\" data-element_type=\"container\" data-e-type=\"container\" id=\"soe\">\n\t\t<div class=\"elementor-element elementor-element-6ad18438 e-flex e-con-boxed e-con e-child\" data-id=\"6ad18438\" data-element_type=\"container\" data-e-type=\"container\">\n\t\t\t\t\t<div class=\"e-con-inner\">\n\t\t\t\t<div class=\"elementor-element elementor-element-9f6eee3 elementor-widget elementor-widget-heading\" data-id=\"9f6eee3\" data-element_type=\"widget\" data-e-type=\"widget\" data-widget_type=\"heading.default\">\n\t\t\t\t<div class=\"elementor-widget-container\">\n\t\t\t\t\t<h2 class=\"elementor-heading-title elementor-size-default\">Servi\u00e7o de Orienta\u00e7\u00e3o Educacional \u2013 SOE<\/h2>\t\t\t\t<\/div>\n\t\t\t\t<\/div>\n\t\t\t\t<div class=\"elementor-element elementor-element-3c964d6b elementor-invisible elementor-widget elementor-widget-text-editor\" data-id=\"3c964d6b\" data-element_type=\"widget\" data-e-type=\"widget\" data-settings=\"{&quot;_animation&quot;:&quot;fadeInUp&quot;}\" data-widget_type=\"text-editor.default\">\n\t\t\t\t<div class=\"elementor-widget-container\">\n\t\t\t\t\t\t\t\t\t<p><strong>Servi\u00e7o de Orienta\u00e7\u00e3o Educacional<\/strong><\/p><p>O Servi\u00e7o de Orienta\u00e7\u00e3o Educacional (SOE) \u00e9 um servi\u00e7o de apoio que visa assessorar a equipe diretiva, coordena\u00e7\u00e3o pedag\u00f3gica e professores, contribuindo na integra\u00e7\u00e3o da comunidade escolar de forma preventiva e educativa, auxiliando no desenvolvimento\u00a0 integral\u00a0 dos alunos, preparando-os para o exerc\u00edcio das op\u00e7\u00f5es b\u00e1sicas de\u00a0 vida e cidadania.\u00a0Acompanha e d\u00e1 suporte aos alunos em rela\u00e7\u00e3o ao desenvolvimento afetivo, cognitivo e comportamental e, al\u00e9m do rendimento escolar, tamb\u00e9m auxilia nas rela\u00e7\u00f5es interpessoais, realizando, quando necess\u00e1rio, encaminhamentos\u00a0 para\u00a0 especialistas, acompanhando os casos. O SOE presta atendimento individualizado e em grupo aos alunos. Atende alunos que procuram o Servi\u00e7o por iniciativa pr\u00f3pria, indicados pela equipe pedag\u00f3gica, professores ou pela solicita\u00e7\u00e3o dos pais. Desenvolve projetos de grande import\u00e2ncia envolvendo temas como: orienta\u00e7\u00e3o e informa\u00e7\u00e3o profissional, lideran\u00e7a, sexualidade, relacionamento, h\u00e1bitos de estudos entre outros, conforme a necessidade.<\/p><p><strong>Integrantes:<\/strong><\/p><ul><li>Anice Maria Nunes (Orientadora Educacional)<\/li><li>Odete Maria Spessatto (Orientadora Educacional)<\/li><\/ul>\t\t\t\t\t\t\t\t<\/div>\n\t\t\t\t<\/div>\n\t\t\t\t\t<\/div>\n\t\t\t\t<\/div>\n\t\t\t\t<\/div>\n\t\t\t\t<\/div>\n\t\t","protected":false},"excerpt":{"rendered":"<p>Setores Servi\u00e7o de Orienta\u00e7\u00e3o Educacional \u2013 SOE Servi\u00e7o de Orienta\u00e7\u00e3o Educacional O Servi\u00e7o de Orienta\u00e7\u00e3o Educacional (SOE) \u00e9 um servi\u00e7o de apoio que visa assessorar a equipe diretiva, coordena\u00e7\u00e3o pedag\u00f3gica e professores, contribuindo na integra\u00e7\u00e3o da comunidade escolar de forma preventiva e educativa, auxiliando no desenvolvimento\u00a0 integral\u00a0 dos alunos, preparando-os para o exerc\u00edcio das op\u00e7\u00f5es [&hellip;]<\/p>\n","protected":false},"author":1,"featured_media":126,"parent":0,"menu_order":0,"comment_status":"closed","ping_status":"closed","template":"","meta":{"_acf_changed":false,"footnotes":""},"class_list":["post-401","page","type-page","status-publish","has-post-thumbnail","hentry"],"acf":[],"yoast_head":"<!-- This site is optimized with the Yoast SEO plugin v26.3 - https:\/\/yoast.com\/wordpress\/plugins\/seo\/ -->\n<title>Servi\u00e7o de Orienta\u00e7\u00e3o Educacional \u2013 SOE - Col\u00e9gio Madre B\u00e1rbara | Rede ICM de Educa\u00e7\u00e3o<\/title>\n<meta name=\"robots\" content=\"index, follow, max-snippet:-1, max-image-preview:large, max-video-preview:-1\" \/>\n<link rel=\"canonical\" href=\"https:\/\/redeicm.org.br\/madrebarbara\/soe\/\" \/>\n<meta property=\"og:locale\" content=\"pt_BR\" \/>\n<meta property=\"og:type\" content=\"article\" \/>\n<meta property=\"og:title\" content=\"Servi\u00e7o de Orienta\u00e7\u00e3o Educacional \u2013 SOE - Col\u00e9gio Madre B\u00e1rbara | Rede ICM de Educa\u00e7\u00e3o\" \/>\n<meta property=\"og:description\" content=\"Setores Servi\u00e7o de Orienta\u00e7\u00e3o Educacional \u2013 SOE Servi\u00e7o de Orienta\u00e7\u00e3o Educacional O Servi\u00e7o de Orienta\u00e7\u00e3o Educacional (SOE) \u00e9 um servi\u00e7o de apoio que visa assessorar a equipe diretiva, coordena\u00e7\u00e3o pedag\u00f3gica e professores, contribuindo na integra\u00e7\u00e3o da comunidade escolar de forma preventiva e educativa, auxiliando no desenvolvimento\u00a0 integral\u00a0 dos alunos, preparando-os para o exerc\u00edcio das op\u00e7\u00f5es [&hellip;]\" \/>\n<meta property=\"og:url\" content=\"https:\/\/redeicm.org.br\/madrebarbara\/soe\/\" \/>\n<meta property=\"og:site_name\" content=\"Col\u00e9gio Madre B\u00e1rbara | Rede ICM de Educa\u00e7\u00e3o\" \/>\n<meta property=\"article:modified_time\" content=\"2026-04-14T18:51:14+00:00\" \/>\n<meta property=\"og:image\" content=\"https:\/\/redeicm.org.br\/madrebarbara\/wp-content\/uploads\/sites\/17\/2024\/08\/banner-direcao.jpg\" \/>\n\t<meta property=\"og:image:width\" content=\"1440\" \/>\n\t<meta property=\"og:image:height\" content=\"400\" \/>\n\t<meta property=\"og:image:type\" content=\"image\/jpeg\" \/>\n<meta name=\"twitter:card\" content=\"summary_large_image\" \/>\n<meta name=\"twitter:label1\" content=\"Est. tempo de leitura\" \/>\n\t<meta name=\"twitter:data1\" content=\"1 minuto\" \/>\n<script type=\"application\/ld+json\" class=\"yoast-schema-graph\">{\"@context\":\"https:\/\/schema.org\",\"@graph\":[{\"@type\":\"WebPage\",\"@id\":\"https:\/\/redeicm.org.br\/madrebarbara\/soe\/\",\"url\":\"https:\/\/redeicm.org.br\/madrebarbara\/soe\/\",\"name\":\"Servi\u00e7o de Orienta\u00e7\u00e3o Educacional \u2013 SOE - Col\u00e9gio Madre B\u00e1rbara | Rede ICM de Educa\u00e7\u00e3o\",\"isPartOf\":{\"@id\":\"https:\/\/redeicm.org.br\/madrebarbara\/#website\"},\"primaryImageOfPage\":{\"@id\":\"https:\/\/redeicm.org.br\/madrebarbara\/soe\/#primaryimage\"},\"image\":{\"@id\":\"https:\/\/redeicm.org.br\/madrebarbara\/soe\/#primaryimage\"},\"thumbnailUrl\":\"https:\/\/redeicm.org.br\/madrebarbara\/wp-content\/uploads\/sites\/17\/2024\/08\/banner-direcao.jpg\",\"datePublished\":\"2025-05-30T00:01:12+00:00\",\"dateModified\":\"2026-04-14T18:51:14+00:00\",\"breadcrumb\":{\"@id\":\"https:\/\/redeicm.org.br\/madrebarbara\/soe\/#breadcrumb\"},\"inLanguage\":\"pt-BR\",\"potentialAction\":[{\"@type\":\"ReadAction\",\"target\":[\"https:\/\/redeicm.org.br\/madrebarbara\/soe\/\"]}]},{\"@type\":\"ImageObject\",\"inLanguage\":\"pt-BR\",\"@id\":\"https:\/\/redeicm.org.br\/madrebarbara\/soe\/#primaryimage\",\"url\":\"https:\/\/redeicm.org.br\/madrebarbara\/wp-content\/uploads\/sites\/17\/2024\/08\/banner-direcao.jpg\",\"contentUrl\":\"https:\/\/redeicm.org.br\/madrebarbara\/wp-content\/uploads\/sites\/17\/2024\/08\/banner-direcao.jpg\",\"width\":1440,\"height\":400},{\"@type\":\"BreadcrumbList\",\"@id\":\"https:\/\/redeicm.org.br\/madrebarbara\/soe\/#breadcrumb\",\"itemListElement\":[{\"@type\":\"ListItem\",\"position\":1,\"name\":\"In\u00edcio\",\"item\":\"https:\/\/redeicm.org.br\/madrebarbara\/\"},{\"@type\":\"ListItem\",\"position\":2,\"name\":\"Servi\u00e7o de Orienta\u00e7\u00e3o Educacional \u2013 SOE\"}]},{\"@type\":\"WebSite\",\"@id\":\"https:\/\/redeicm.org.br\/madrebarbara\/#website\",\"url\":\"https:\/\/redeicm.org.br\/madrebarbara\/\",\"name\":\"Col\u00e9gio Madre B\u00e1rbara | Rede ICM de Educa\u00e7\u00e3o\",\"description\":\"\",\"publisher\":{\"@id\":\"https:\/\/redeicm.org.br\/madrebarbara\/#organization\"},\"potentialAction\":[{\"@type\":\"SearchAction\",\"target\":{\"@type\":\"EntryPoint\",\"urlTemplate\":\"https:\/\/redeicm.org.br\/madrebarbara\/?s={search_term_string}\"},\"query-input\":{\"@type\":\"PropertyValueSpecification\",\"valueRequired\":true,\"valueName\":\"search_term_string\"}}],\"inLanguage\":\"pt-BR\"},{\"@type\":\"Organization\",\"@id\":\"https:\/\/redeicm.org.br\/madrebarbara\/#organization\",\"name\":\"Col\u00e9gio Madre B\u00e1rbara | Rede ICM de Educa\u00e7\u00e3o\",\"url\":\"https:\/\/redeicm.org.br\/madrebarbara\/\",\"logo\":{\"@type\":\"ImageObject\",\"inLanguage\":\"pt-BR\",\"@id\":\"https:\/\/redeicm.org.br\/madrebarbara\/#\/schema\/logo\/image\/\",\"url\":\"https:\/\/redeicm.org.br\/madrebarbara\/wp-content\/uploads\/sites\/17\/2025\/09\/ICM_Educacao_Madre_Barbara_Preferencial_Cores-1024x329-1.png\",\"contentUrl\":\"https:\/\/redeicm.org.br\/madrebarbara\/wp-content\/uploads\/sites\/17\/2025\/09\/ICM_Educacao_Madre_Barbara_Preferencial_Cores-1024x329-1.png\",\"width\":223,\"height\":223,\"caption\":\"Col\u00e9gio Madre B\u00e1rbara | Rede ICM de Educa\u00e7\u00e3o\"},\"image\":{\"@id\":\"https:\/\/redeicm.org.br\/madrebarbara\/#\/schema\/logo\/image\/\"}}]}<\/script>\n<!-- \/ Yoast SEO plugin. -->","yoast_head_json":{"title":"Servi\u00e7o de Orienta\u00e7\u00e3o Educacional \u2013 SOE - Col\u00e9gio Madre B\u00e1rbara | Rede ICM de Educa\u00e7\u00e3o","robots":{"index":"index","follow":"follow","max-snippet":"max-snippet:-1","max-image-preview":"max-image-preview:large","max-video-preview":"max-video-preview:-1"},"canonical":"https:\/\/redeicm.org.br\/madrebarbara\/soe\/","og_locale":"pt_BR","og_type":"article","og_title":"Servi\u00e7o de Orienta\u00e7\u00e3o Educacional \u2013 SOE - Col\u00e9gio Madre B\u00e1rbara | Rede ICM de Educa\u00e7\u00e3o","og_description":"Setores Servi\u00e7o de Orienta\u00e7\u00e3o Educacional \u2013 SOE Servi\u00e7o de Orienta\u00e7\u00e3o Educacional O Servi\u00e7o de Orienta\u00e7\u00e3o Educacional (SOE) \u00e9 um servi\u00e7o de apoio que visa assessorar a equipe diretiva, coordena\u00e7\u00e3o pedag\u00f3gica e professores, contribuindo na integra\u00e7\u00e3o da comunidade escolar de forma preventiva e educativa, auxiliando no desenvolvimento\u00a0 integral\u00a0 dos alunos, preparando-os para o exerc\u00edcio das op\u00e7\u00f5es [&hellip;]","og_url":"https:\/\/redeicm.org.br\/madrebarbara\/soe\/","og_site_name":"Col\u00e9gio Madre B\u00e1rbara | Rede ICM de Educa\u00e7\u00e3o","article_modified_time":"2026-04-14T18:51:14+00:00","og_image":[{"width":1440,"height":400,"url":"https:\/\/redeicm.org.br\/madrebarbara\/wp-content\/uploads\/sites\/17\/2024\/08\/banner-direcao.jpg","type":"image\/jpeg"}],"twitter_card":"summary_large_image","twitter_misc":{"Est. tempo de leitura":"1 minuto"},"schema":{"@context":"https:\/\/schema.org","@graph":[{"@type":"WebPage","@id":"https:\/\/redeicm.org.br\/madrebarbara\/soe\/","url":"https:\/\/redeicm.org.br\/madrebarbara\/soe\/","name":"Servi\u00e7o de Orienta\u00e7\u00e3o Educacional \u2013 SOE - Col\u00e9gio Madre B\u00e1rbara | Rede ICM de Educa\u00e7\u00e3o","isPartOf":{"@id":"https:\/\/redeicm.org.br\/madrebarbara\/#website"},"primaryImageOfPage":{"@id":"https:\/\/redeicm.org.br\/madrebarbara\/soe\/#primaryimage"},"image":{"@id":"https:\/\/redeicm.org.br\/madrebarbara\/soe\/#primaryimage"},"thumbnailUrl":"https:\/\/redeicm.org.br\/madrebarbara\/wp-content\/uploads\/sites\/17\/2024\/08\/banner-direcao.jpg","datePublished":"2025-05-30T00:01:12+00:00","dateModified":"2026-04-14T18:51:14+00:00","breadcrumb":{"@id":"https:\/\/redeicm.org.br\/madrebarbara\/soe\/#breadcrumb"},"inLanguage":"pt-BR","potentialAction":[{"@type":"ReadAction","target":["https:\/\/redeicm.org.br\/madrebarbara\/soe\/"]}]},{"@type":"ImageObject","inLanguage":"pt-BR","@id":"https:\/\/redeicm.org.br\/madrebarbara\/soe\/#primaryimage","url":"https:\/\/redeicm.org.br\/madrebarbara\/wp-content\/uploads\/sites\/17\/2024\/08\/banner-direcao.jpg","contentUrl":"https:\/\/redeicm.org.br\/madrebarbara\/wp-content\/uploads\/sites\/17\/2024\/08\/banner-direcao.jpg","width":1440,"height":400},{"@type":"BreadcrumbList","@id":"https:\/\/redeicm.org.br\/madrebarbara\/soe\/#breadcrumb","itemListElement":[{"@type":"ListItem","position":1,"name":"In\u00edcio","item":"https:\/\/redeicm.org.br\/madrebarbara\/"},{"@type":"ListItem","position":2,"name":"Servi\u00e7o de Orienta\u00e7\u00e3o Educacional \u2013 SOE"}]},{"@type":"WebSite","@id":"https:\/\/redeicm.org.br\/madrebarbara\/#website","url":"https:\/\/redeicm.org.br\/madrebarbara\/","name":"Col\u00e9gio Madre B\u00e1rbara | Rede ICM de Educa\u00e7\u00e3o","description":"","publisher":{"@id":"https:\/\/redeicm.org.br\/madrebarbara\/#organization"},"potentialAction":[{"@type":"SearchAction","target":{"@type":"EntryPoint","urlTemplate":"https:\/\/redeicm.org.br\/madrebarbara\/?s={search_term_string}"},"query-input":{"@type":"PropertyValueSpecification","valueRequired":true,"valueName":"search_term_string"}}],"inLanguage":"pt-BR"},{"@type":"Organization","@id":"https:\/\/redeicm.org.br\/madrebarbara\/#organization","name":"Col\u00e9gio Madre B\u00e1rbara | Rede ICM de Educa\u00e7\u00e3o","url":"https:\/\/redeicm.org.br\/madrebarbara\/","logo":{"@type":"ImageObject","inLanguage":"pt-BR","@id":"https:\/\/redeicm.org.br\/madrebarbara\/#\/schema\/logo\/image\/","url":"https:\/\/redeicm.org.br\/madrebarbara\/wp-content\/uploads\/sites\/17\/2025\/09\/ICM_Educacao_Madre_Barbara_Preferencial_Cores-1024x329-1.png","contentUrl":"https:\/\/redeicm.org.br\/madrebarbara\/wp-content\/uploads\/sites\/17\/2025\/09\/ICM_Educacao_Madre_Barbara_Preferencial_Cores-1024x329-1.png","width":223,"height":223,"caption":"Col\u00e9gio Madre B\u00e1rbara | Rede ICM de Educa\u00e7\u00e3o"},"image":{"@id":"https:\/\/redeicm.org.br\/madrebarbara\/#\/schema\/logo\/image\/"}}]}},"_links":{"self":[{"href":"https:\/\/redeicm.org.br\/madrebarbara\/wp-json\/wp\/v2\/pages\/401","targetHints":{"allow":["GET"]}}],"collection":[{"href":"https:\/\/redeicm.org.br\/madrebarbara\/wp-json\/wp\/v2\/pages"}],"about":[{"href":"https:\/\/redeicm.org.br\/madrebarbara\/wp-json\/wp\/v2\/types\/page"}],"author":[{"embeddable":true,"href":"https:\/\/redeicm.org.br\/madrebarbara\/wp-json\/wp\/v2\/users\/1"}],"replies":[{"embeddable":true,"href":"https:\/\/redeicm.org.br\/madrebarbara\/wp-json\/wp\/v2\/comments?post=401"}],"version-history":[{"count":14,"href":"https:\/\/redeicm.org.br\/madrebarbara\/wp-json\/wp\/v2\/pages\/401\/revisions"}],"predecessor-version":[{"id":25885,"href":"https:\/\/redeicm.org.br\/madrebarbara\/wp-json\/wp\/v2\/pages\/401\/revisions\/25885"}],"wp:featuredmedia":[{"embeddable":true,"href":"https:\/\/redeicm.org.br\/madrebarbara\/wp-json\/wp\/v2\/media\/126"}],"wp:attachment":[{"href":"https:\/\/redeicm.org.br\/madrebarbara\/wp-json\/wp\/v2\/media?parent=401"}],"curies":[{"name":"wp","href":"https:\/\/api.w.org\/{rel}","templated":true}]}}