{"id":400,"date":"2025-05-29T21:01:09","date_gmt":"2025-05-30T00:01:09","guid":{"rendered":"https:\/\/redeicm.org.br\/madrebarbara\/?page_id=400"},"modified":"2026-03-06T15:58:34","modified_gmt":"2026-03-06T18:58:34","slug":"sop","status":"publish","type":"page","link":"https:\/\/redeicm.org.br\/madrebarbara\/sop\/","title":{"rendered":"Servi\u00e7o de Orienta\u00e7\u00e3o Pedag\u00f3goca \u2013 SOP"},"content":{"rendered":"\t\t<div data-elementor-type=\"wp-page\" data-elementor-id=\"400\" class=\"elementor elementor-400\" data-elementor-post-type=\"page\">\n\t\t\t\t<div class=\"elementor-element elementor-element-7f53c1a9 e-flex e-con-boxed e-con e-parent\" data-id=\"7f53c1a9\" data-element_type=\"container\" data-e-type=\"container\" data-settings=\"{&quot;background_background&quot;:&quot;classic&quot;}\">\n\t\t\t\t\t<div class=\"e-con-inner\">\n\t\t\t\t<div class=\"elementor-element elementor-element-48242c18 elementor-widget elementor-widget-heading\" data-id=\"48242c18\" data-element_type=\"widget\" data-e-type=\"widget\" data-widget_type=\"heading.default\">\n\t\t\t\t<div class=\"elementor-widget-container\">\n\t\t\t\t\t<h1 class=\"elementor-heading-title elementor-size-default\">Setores<\/h1>\t\t\t\t<\/div>\n\t\t\t\t<\/div>\n\t\t\t\t\t<\/div>\n\t\t\t\t<\/div>\n\t\t<div class=\"elementor-element elementor-element-714c9f97 e-con-full e-flex e-con e-parent\" data-id=\"714c9f97\" data-element_type=\"container\" data-e-type=\"container\" id=\"sop\" data-settings=\"{&quot;background_background&quot;:&quot;classic&quot;}\">\n\t\t\t\t<div class=\"elementor-element elementor-element-127d832c elementor-widget elementor-widget-heading\" data-id=\"127d832c\" data-element_type=\"widget\" data-e-type=\"widget\" data-widget_type=\"heading.default\">\n\t\t\t\t<div class=\"elementor-widget-container\">\n\t\t\t\t\t<h2 class=\"elementor-heading-title elementor-size-default\">Servi\u00e7o de Orienta\u00e7\u00e3o Pedag\u00f3goca \u2013 SOP<\/h2>\t\t\t\t<\/div>\n\t\t\t\t<\/div>\n\t\t<div class=\"elementor-element elementor-element-73813380 e-flex e-con-boxed e-con e-child\" data-id=\"73813380\" data-element_type=\"container\" data-e-type=\"container\">\n\t\t\t\t\t<div class=\"e-con-inner\">\n\t\t<div class=\"elementor-element elementor-element-48116ab3 e-flex e-con-boxed elementor-invisible e-con e-child\" data-id=\"48116ab3\" data-element_type=\"container\" data-e-type=\"container\" data-settings=\"{&quot;animation&quot;:&quot;fadeInUp&quot;}\">\n\t\t\t\t\t<div class=\"e-con-inner\">\n\t\t\t\t<div class=\"elementor-element elementor-element-5e4ed955 elementor-widget elementor-widget-text-editor\" data-id=\"5e4ed955\" data-element_type=\"widget\" data-e-type=\"widget\" data-widget_type=\"text-editor.default\">\n\t\t\t\t<div class=\"elementor-widget-container\">\n\t\t\t\t\t\t\t\t\t<p>O Servi\u00e7o de Orienta\u00e7\u00e3o Pedag\u00f3gica (SOP) \u00e9 respons\u00e1vel por dinamizar e orientar o Projeto Educativo do Col\u00e9gio (Projeto Pol\u00edtico-Pedag\u00f3gico), assessorando e apoiando a dire\u00e7\u00e3o, os servi\u00e7os, os coordenadores, educadores e educandos na busca de um fazer pedag\u00f3gico comprometido com os princ\u00edpios da Educa\u00e7\u00e3o Evang\u00e9lico-Libertadora.<\/p><h6><strong>Integrantes:<\/strong><\/h6><p><strong>Coordenadora Pedag\u00f3gica Educa\u00e7\u00e3o Infantil\u00a0<\/strong><\/p><ul><li>Vanessa Delving Ely \u2013\u00a0<a href=\"mailto:sopei@madrebarbara.com.br\">sopei@madrebarbara.com.br<\/a><\/li><\/ul><p><strong>Coordenadoras Pedag\u00f3gicas Ensino Fundamental \u2013 Anos Iniciais<\/strong><\/p><ul><li style=\"list-style-type: none\"><ul><li>Simone Elisa Faleiro (1\u00bas, 2\u00bas e 3\u00bas anos)-\u00a0<a href=\"mailto:simone.faleiro@redeicm.org.br\">simone.faleiro@redeicm.org.br<\/a><\/li><\/ul><\/li><\/ul><p>\u00a0<\/p><p><strong>Coordenadora Pedag\u00f3gica Ensino Fundamental \u2013 Anos Finais<\/strong><\/p><ul><li>Justine Thomas \u2013\u00a0<a href=\"mailto:sop@madrebarbara.com.br\">sop@madrebarbara.com.br<\/a><\/li><\/ul><p><strong>Coordenadora Pedag\u00f3gica Ensino M\u00e9dio\u00a0<\/strong><\/p><ul><li>Justine Thomas \u2013\u00a0<a href=\"mailto:sop@madrebarbara.com.br\">sop@madrebarbara.com.br<\/a><\/li><\/ul>\t\t\t\t\t\t\t\t<\/div>\n\t\t\t\t<\/div>\n\t\t\t\t\t<\/div>\n\t\t\t\t<\/div>\n\t\t\t\t\t<\/div>\n\t\t\t\t<\/div>\n\t\t\t\t<\/div>\n\t\t\t\t<\/div>\n\t\t","protected":false},"excerpt":{"rendered":"<p>Setores Servi\u00e7o de Orienta\u00e7\u00e3o Pedag\u00f3goca \u2013 SOP O Servi\u00e7o de Orienta\u00e7\u00e3o Pedag\u00f3gica (SOP) \u00e9 respons\u00e1vel por dinamizar e orientar o Projeto Educativo do Col\u00e9gio (Projeto Pol\u00edtico-Pedag\u00f3gico), assessorando e apoiando a dire\u00e7\u00e3o, os servi\u00e7os, os coordenadores, educadores e educandos na busca de um fazer pedag\u00f3gico comprometido com os princ\u00edpios da Educa\u00e7\u00e3o Evang\u00e9lico-Libertadora. Integrantes: Coordenadora Pedag\u00f3gica Educa\u00e7\u00e3o [&hellip;]<\/p>\n","protected":false},"author":1,"featured_media":126,"parent":0,"menu_order":0,"comment_status":"closed","ping_status":"closed","template":"","meta":{"_acf_changed":false,"footnotes":""},"class_list":["post-400","page","type-page","status-publish","has-post-thumbnail","hentry"],"acf":[],"yoast_head":"<!-- This site is optimized with the Yoast SEO plugin v26.3 - https:\/\/yoast.com\/wordpress\/plugins\/seo\/ -->\n<title>Servi\u00e7o de Orienta\u00e7\u00e3o Pedag\u00f3goca \u2013 SOP - Col\u00e9gio Madre B\u00e1rbara | Rede ICM de Educa\u00e7\u00e3o<\/title>\n<meta name=\"robots\" content=\"index, follow, max-snippet:-1, max-image-preview:large, max-video-preview:-1\" \/>\n<link rel=\"canonical\" href=\"https:\/\/redeicm.org.br\/madrebarbara\/sop\/\" \/>\n<meta property=\"og:locale\" content=\"pt_BR\" \/>\n<meta property=\"og:type\" content=\"article\" \/>\n<meta property=\"og:title\" content=\"Servi\u00e7o de Orienta\u00e7\u00e3o Pedag\u00f3goca \u2013 SOP - Col\u00e9gio Madre B\u00e1rbara | Rede ICM de Educa\u00e7\u00e3o\" \/>\n<meta property=\"og:description\" content=\"Setores Servi\u00e7o de Orienta\u00e7\u00e3o Pedag\u00f3goca \u2013 SOP O Servi\u00e7o de Orienta\u00e7\u00e3o Pedag\u00f3gica (SOP) \u00e9 respons\u00e1vel por dinamizar e orientar o Projeto Educativo do Col\u00e9gio (Projeto Pol\u00edtico-Pedag\u00f3gico), assessorando e apoiando a dire\u00e7\u00e3o, os servi\u00e7os, os coordenadores, educadores e educandos na busca de um fazer pedag\u00f3gico comprometido com os princ\u00edpios da Educa\u00e7\u00e3o Evang\u00e9lico-Libertadora. Integrantes: Coordenadora Pedag\u00f3gica Educa\u00e7\u00e3o [&hellip;]\" \/>\n<meta property=\"og:url\" content=\"https:\/\/redeicm.org.br\/madrebarbara\/sop\/\" \/>\n<meta property=\"og:site_name\" content=\"Col\u00e9gio Madre B\u00e1rbara | Rede ICM de Educa\u00e7\u00e3o\" \/>\n<meta property=\"article:modified_time\" content=\"2026-03-06T18:58:34+00:00\" \/>\n<meta property=\"og:image\" content=\"https:\/\/redeicm.org.br\/madrebarbara\/wp-content\/uploads\/sites\/17\/2024\/08\/banner-direcao.jpg\" \/>\n\t<meta property=\"og:image:width\" content=\"1440\" \/>\n\t<meta property=\"og:image:height\" content=\"400\" \/>\n\t<meta property=\"og:image:type\" content=\"image\/jpeg\" \/>\n<meta name=\"twitter:card\" content=\"summary_large_image\" \/>\n<meta name=\"twitter:label1\" content=\"Est. tempo de leitura\" \/>\n\t<meta name=\"twitter:data1\" content=\"1 minuto\" \/>\n<script type=\"application\/ld+json\" class=\"yoast-schema-graph\">{\"@context\":\"https:\/\/schema.org\",\"@graph\":[{\"@type\":\"WebPage\",\"@id\":\"https:\/\/redeicm.org.br\/madrebarbara\/sop\/\",\"url\":\"https:\/\/redeicm.org.br\/madrebarbara\/sop\/\",\"name\":\"Servi\u00e7o de Orienta\u00e7\u00e3o Pedag\u00f3goca \u2013 SOP - Col\u00e9gio Madre B\u00e1rbara | Rede ICM de Educa\u00e7\u00e3o\",\"isPartOf\":{\"@id\":\"https:\/\/redeicm.org.br\/madrebarbara\/#website\"},\"primaryImageOfPage\":{\"@id\":\"https:\/\/redeicm.org.br\/madrebarbara\/sop\/#primaryimage\"},\"image\":{\"@id\":\"https:\/\/redeicm.org.br\/madrebarbara\/sop\/#primaryimage\"},\"thumbnailUrl\":\"https:\/\/redeicm.org.br\/madrebarbara\/wp-content\/uploads\/sites\/17\/2024\/08\/banner-direcao.jpg\",\"datePublished\":\"2025-05-30T00:01:09+00:00\",\"dateModified\":\"2026-03-06T18:58:34+00:00\",\"breadcrumb\":{\"@id\":\"https:\/\/redeicm.org.br\/madrebarbara\/sop\/#breadcrumb\"},\"inLanguage\":\"pt-BR\",\"potentialAction\":[{\"@type\":\"ReadAction\",\"target\":[\"https:\/\/redeicm.org.br\/madrebarbara\/sop\/\"]}]},{\"@type\":\"ImageObject\",\"inLanguage\":\"pt-BR\",\"@id\":\"https:\/\/redeicm.org.br\/madrebarbara\/sop\/#primaryimage\",\"url\":\"https:\/\/redeicm.org.br\/madrebarbara\/wp-content\/uploads\/sites\/17\/2024\/08\/banner-direcao.jpg\",\"contentUrl\":\"https:\/\/redeicm.org.br\/madrebarbara\/wp-content\/uploads\/sites\/17\/2024\/08\/banner-direcao.jpg\",\"width\":1440,\"height\":400},{\"@type\":\"BreadcrumbList\",\"@id\":\"https:\/\/redeicm.org.br\/madrebarbara\/sop\/#breadcrumb\",\"itemListElement\":[{\"@type\":\"ListItem\",\"position\":1,\"name\":\"In\u00edcio\",\"item\":\"https:\/\/redeicm.org.br\/madrebarbara\/\"},{\"@type\":\"ListItem\",\"position\":2,\"name\":\"Servi\u00e7o de Orienta\u00e7\u00e3o Pedag\u00f3goca \u2013 SOP\"}]},{\"@type\":\"WebSite\",\"@id\":\"https:\/\/redeicm.org.br\/madrebarbara\/#website\",\"url\":\"https:\/\/redeicm.org.br\/madrebarbara\/\",\"name\":\"Col\u00e9gio Madre B\u00e1rbara | Rede ICM de Educa\u00e7\u00e3o\",\"description\":\"\",\"publisher\":{\"@id\":\"https:\/\/redeicm.org.br\/madrebarbara\/#organization\"},\"potentialAction\":[{\"@type\":\"SearchAction\",\"target\":{\"@type\":\"EntryPoint\",\"urlTemplate\":\"https:\/\/redeicm.org.br\/madrebarbara\/?s={search_term_string}\"},\"query-input\":{\"@type\":\"PropertyValueSpecification\",\"valueRequired\":true,\"valueName\":\"search_term_string\"}}],\"inLanguage\":\"pt-BR\"},{\"@type\":\"Organization\",\"@id\":\"https:\/\/redeicm.org.br\/madrebarbara\/#organization\",\"name\":\"Col\u00e9gio Madre B\u00e1rbara | Rede ICM de Educa\u00e7\u00e3o\",\"url\":\"https:\/\/redeicm.org.br\/madrebarbara\/\",\"logo\":{\"@type\":\"ImageObject\",\"inLanguage\":\"pt-BR\",\"@id\":\"https:\/\/redeicm.org.br\/madrebarbara\/#\/schema\/logo\/image\/\",\"url\":\"https:\/\/redeicm.org.br\/madrebarbara\/wp-content\/uploads\/sites\/17\/2025\/09\/ICM_Educacao_Madre_Barbara_Preferencial_Cores-1024x329-1.png\",\"contentUrl\":\"https:\/\/redeicm.org.br\/madrebarbara\/wp-content\/uploads\/sites\/17\/2025\/09\/ICM_Educacao_Madre_Barbara_Preferencial_Cores-1024x329-1.png\",\"width\":223,\"height\":223,\"caption\":\"Col\u00e9gio Madre B\u00e1rbara | Rede ICM de Educa\u00e7\u00e3o\"},\"image\":{\"@id\":\"https:\/\/redeicm.org.br\/madrebarbara\/#\/schema\/logo\/image\/\"}}]}<\/script>\n<!-- \/ Yoast SEO plugin. -->","yoast_head_json":{"title":"Servi\u00e7o de Orienta\u00e7\u00e3o Pedag\u00f3goca \u2013 SOP - Col\u00e9gio Madre B\u00e1rbara | Rede ICM de Educa\u00e7\u00e3o","robots":{"index":"index","follow":"follow","max-snippet":"max-snippet:-1","max-image-preview":"max-image-preview:large","max-video-preview":"max-video-preview:-1"},"canonical":"https:\/\/redeicm.org.br\/madrebarbara\/sop\/","og_locale":"pt_BR","og_type":"article","og_title":"Servi\u00e7o de Orienta\u00e7\u00e3o Pedag\u00f3goca \u2013 SOP - Col\u00e9gio Madre B\u00e1rbara | Rede ICM de Educa\u00e7\u00e3o","og_description":"Setores Servi\u00e7o de Orienta\u00e7\u00e3o Pedag\u00f3goca \u2013 SOP O Servi\u00e7o de Orienta\u00e7\u00e3o Pedag\u00f3gica (SOP) \u00e9 respons\u00e1vel por dinamizar e orientar o Projeto Educativo do Col\u00e9gio (Projeto Pol\u00edtico-Pedag\u00f3gico), assessorando e apoiando a dire\u00e7\u00e3o, os servi\u00e7os, os coordenadores, educadores e educandos na busca de um fazer pedag\u00f3gico comprometido com os princ\u00edpios da Educa\u00e7\u00e3o Evang\u00e9lico-Libertadora. Integrantes: Coordenadora Pedag\u00f3gica Educa\u00e7\u00e3o [&hellip;]","og_url":"https:\/\/redeicm.org.br\/madrebarbara\/sop\/","og_site_name":"Col\u00e9gio Madre B\u00e1rbara | Rede ICM de Educa\u00e7\u00e3o","article_modified_time":"2026-03-06T18:58:34+00:00","og_image":[{"width":1440,"height":400,"url":"https:\/\/redeicm.org.br\/madrebarbara\/wp-content\/uploads\/sites\/17\/2024\/08\/banner-direcao.jpg","type":"image\/jpeg"}],"twitter_card":"summary_large_image","twitter_misc":{"Est. tempo de leitura":"1 minuto"},"schema":{"@context":"https:\/\/schema.org","@graph":[{"@type":"WebPage","@id":"https:\/\/redeicm.org.br\/madrebarbara\/sop\/","url":"https:\/\/redeicm.org.br\/madrebarbara\/sop\/","name":"Servi\u00e7o de Orienta\u00e7\u00e3o Pedag\u00f3goca \u2013 SOP - Col\u00e9gio Madre B\u00e1rbara | Rede ICM de Educa\u00e7\u00e3o","isPartOf":{"@id":"https:\/\/redeicm.org.br\/madrebarbara\/#website"},"primaryImageOfPage":{"@id":"https:\/\/redeicm.org.br\/madrebarbara\/sop\/#primaryimage"},"image":{"@id":"https:\/\/redeicm.org.br\/madrebarbara\/sop\/#primaryimage"},"thumbnailUrl":"https:\/\/redeicm.org.br\/madrebarbara\/wp-content\/uploads\/sites\/17\/2024\/08\/banner-direcao.jpg","datePublished":"2025-05-30T00:01:09+00:00","dateModified":"2026-03-06T18:58:34+00:00","breadcrumb":{"@id":"https:\/\/redeicm.org.br\/madrebarbara\/sop\/#breadcrumb"},"inLanguage":"pt-BR","potentialAction":[{"@type":"ReadAction","target":["https:\/\/redeicm.org.br\/madrebarbara\/sop\/"]}]},{"@type":"ImageObject","inLanguage":"pt-BR","@id":"https:\/\/redeicm.org.br\/madrebarbara\/sop\/#primaryimage","url":"https:\/\/redeicm.org.br\/madrebarbara\/wp-content\/uploads\/sites\/17\/2024\/08\/banner-direcao.jpg","contentUrl":"https:\/\/redeicm.org.br\/madrebarbara\/wp-content\/uploads\/sites\/17\/2024\/08\/banner-direcao.jpg","width":1440,"height":400},{"@type":"BreadcrumbList","@id":"https:\/\/redeicm.org.br\/madrebarbara\/sop\/#breadcrumb","itemListElement":[{"@type":"ListItem","position":1,"name":"In\u00edcio","item":"https:\/\/redeicm.org.br\/madrebarbara\/"},{"@type":"ListItem","position":2,"name":"Servi\u00e7o de Orienta\u00e7\u00e3o Pedag\u00f3goca \u2013 SOP"}]},{"@type":"WebSite","@id":"https:\/\/redeicm.org.br\/madrebarbara\/#website","url":"https:\/\/redeicm.org.br\/madrebarbara\/","name":"Col\u00e9gio Madre B\u00e1rbara | Rede ICM de Educa\u00e7\u00e3o","description":"","publisher":{"@id":"https:\/\/redeicm.org.br\/madrebarbara\/#organization"},"potentialAction":[{"@type":"SearchAction","target":{"@type":"EntryPoint","urlTemplate":"https:\/\/redeicm.org.br\/madrebarbara\/?s={search_term_string}"},"query-input":{"@type":"PropertyValueSpecification","valueRequired":true,"valueName":"search_term_string"}}],"inLanguage":"pt-BR"},{"@type":"Organization","@id":"https:\/\/redeicm.org.br\/madrebarbara\/#organization","name":"Col\u00e9gio Madre B\u00e1rbara | Rede ICM de Educa\u00e7\u00e3o","url":"https:\/\/redeicm.org.br\/madrebarbara\/","logo":{"@type":"ImageObject","inLanguage":"pt-BR","@id":"https:\/\/redeicm.org.br\/madrebarbara\/#\/schema\/logo\/image\/","url":"https:\/\/redeicm.org.br\/madrebarbara\/wp-content\/uploads\/sites\/17\/2025\/09\/ICM_Educacao_Madre_Barbara_Preferencial_Cores-1024x329-1.png","contentUrl":"https:\/\/redeicm.org.br\/madrebarbara\/wp-content\/uploads\/sites\/17\/2025\/09\/ICM_Educacao_Madre_Barbara_Preferencial_Cores-1024x329-1.png","width":223,"height":223,"caption":"Col\u00e9gio Madre B\u00e1rbara | Rede ICM de Educa\u00e7\u00e3o"},"image":{"@id":"https:\/\/redeicm.org.br\/madrebarbara\/#\/schema\/logo\/image\/"}}]}},"_links":{"self":[{"href":"https:\/\/redeicm.org.br\/madrebarbara\/wp-json\/wp\/v2\/pages\/400","targetHints":{"allow":["GET"]}}],"collection":[{"href":"https:\/\/redeicm.org.br\/madrebarbara\/wp-json\/wp\/v2\/pages"}],"about":[{"href":"https:\/\/redeicm.org.br\/madrebarbara\/wp-json\/wp\/v2\/types\/page"}],"author":[{"embeddable":true,"href":"https:\/\/redeicm.org.br\/madrebarbara\/wp-json\/wp\/v2\/users\/1"}],"replies":[{"embeddable":true,"href":"https:\/\/redeicm.org.br\/madrebarbara\/wp-json\/wp\/v2\/comments?post=400"}],"version-history":[{"count":11,"href":"https:\/\/redeicm.org.br\/madrebarbara\/wp-json\/wp\/v2\/pages\/400\/revisions"}],"predecessor-version":[{"id":23198,"href":"https:\/\/redeicm.org.br\/madrebarbara\/wp-json\/wp\/v2\/pages\/400\/revisions\/23198"}],"wp:featuredmedia":[{"embeddable":true,"href":"https:\/\/redeicm.org.br\/madrebarbara\/wp-json\/wp\/v2\/media\/126"}],"wp:attachment":[{"href":"https:\/\/redeicm.org.br\/madrebarbara\/wp-json\/wp\/v2\/media?parent=400"}],"curies":[{"name":"wp","href":"https:\/\/api.w.org\/{rel}","templated":true}]}}