{"id":359,"date":"2024-08-21T17:50:20","date_gmt":"2024-08-21T20:50:20","guid":{"rendered":"https:\/\/redeicm.org.br\/madrebarbara\/?page_id=359"},"modified":"2024-08-21T17:53:23","modified_gmt":"2024-08-21T20:53:23","slug":"proposta-educacional","status":"publish","type":"page","link":"https:\/\/redeicm.org.br\/madrebarbara\/proposta-educacional\/","title":{"rendered":"Proposta Educacional"},"content":{"rendered":"\t\t<div data-elementor-type=\"wp-page\" data-elementor-id=\"359\" class=\"elementor elementor-359\" data-elementor-post-type=\"page\">\n\t\t\t\t<div class=\"elementor-element elementor-element-6246261b e-flex e-con-boxed e-con e-parent\" data-id=\"6246261b\" data-element_type=\"container\" data-e-type=\"container\">\n\t\t\t\t\t<div class=\"e-con-inner\">\n\t\t\t\t<div class=\"elementor-element elementor-element-7468e21e elementor-widget elementor-widget-heading\" data-id=\"7468e21e\" data-element_type=\"widget\" data-e-type=\"widget\" data-widget_type=\"heading.default\">\n\t\t\t\t<div class=\"elementor-widget-container\">\n\t\t\t\t\t<h1 class=\"elementor-heading-title elementor-size-default\">Proposta Educacional<\/h1>\t\t\t\t<\/div>\n\t\t\t\t<\/div>\n\t\t\t\t\t<\/div>\n\t\t\t\t<\/div>\n\t\t<div class=\"elementor-element elementor-element-c3a04f4 e-con-full e-flex e-con e-parent\" data-id=\"c3a04f4\" data-element_type=\"container\" data-e-type=\"container\">\n\t\t<div class=\"elementor-element elementor-element-5b7509b7 e-flex e-con-boxed e-con e-child\" data-id=\"5b7509b7\" data-element_type=\"container\" data-e-type=\"container\">\n\t\t\t\t\t<div class=\"e-con-inner\">\n\t\t\t\t<div class=\"elementor-element elementor-element-4770902 elementor-invisible elementor-widget elementor-widget-text-editor\" data-id=\"4770902\" data-element_type=\"widget\" data-e-type=\"widget\" data-settings=\"{&quot;_animation&quot;:&quot;fadeInUp&quot;}\" data-widget_type=\"text-editor.default\">\n\t\t\t\t<div class=\"elementor-widget-container\">\n\t\t\t\t\t\t\t\t\t<p>A nossa escola organiza a sua a\u00e7\u00e3o did\u00e1tico-pedag\u00f3gica promovendo uma educa\u00e7\u00e3o evang\u00e9lico-libertadora, tendo como orienta\u00e7\u00e3o o Projeto Pedag\u00f3gico organizado para as Escolas e Obras mantidas pelas Irm\u00e3s do Imaculado Cora\u00e7\u00e3o de Maria. Assumimos, assim, uma postura de valoriza\u00e7\u00e3o do ser, dos princ\u00edpios crist\u00e3os e do conhecimento, como ferramentas de ensino, aprendizagem e transforma\u00e7\u00e3o social.<\/p><p>Sendo assim, os diferentes n\u00edveis de ensino organizam suas pr\u00e1ticas pedag\u00f3gicas em \u00c1reas de Conhecimento articuladas com o desenvolvimento de: Linguagens Geradoras (Educa\u00e7\u00e3o Infantil) compet\u00eancias e habilidades e projetos de trabalho (Anos Iniciais do Ensino Fundamental). Cabe aqui definir\/clarear o que entendemos como \u00c1reas de Conhecimento, Compet\u00eancias, Habilidades, Linguagens Geradoras e Projetos.<\/p><p>\u00a0<\/p><ul><li><strong><u>\u00c1REAS DE CONHECIMENTO:<\/u><\/strong>\u00a0Organiza\u00e7\u00e3o que engloba diferentes disciplinas que compartilham objetos de estudo comuns, facilitando a comunica\u00e7\u00e3o de uns com os outros, criando condi\u00e7\u00f5es para que a pr\u00e1tica escolar se desenvolva em uma perspectiva de\u00a0<em>interdisciplinaridade<\/em>. Na<em>perspectiva escolar<\/em>, a\u00a0<em>interdisciplinaridade<\/em>\u00a0n\u00e3o tem a pretens\u00e3o de criar novas\u00a0<em>disciplinas ou saberes<\/em>, mas de utilizar os\u00a0<em>conhecimentos de v\u00e1rias disciplinas<\/em>\u00a0para resolver um problema concreto ou compreender um determinado fen\u00f4meno sob diferentes pontos de vista. Em outras palavras, a interdisciplinaridade recorre a um saber, diretamente \u00fatil e utiliz\u00e1vel, para responder \u00e0s quest\u00f5es e aos problemas sociais contempor\u00e2neos (PCN-Ensino M\u00e9dio). As \u00c1reas de Conhecimento s\u00e3o as seguintes:<\/li><\/ul><p>\u00a0<\/p><ol><li><strong>Linguagens, C\u00f3digos e suas Tecnologias:<\/strong>\u00a0L\u00edngua Portuguesa, L\u00edngua Inglesa, L\u00edngua Espanhola, Literatura, Reda\u00e7\u00e3o, Educa\u00e7\u00e3o F\u00edsica e Arte.<\/li><li><strong>Ci\u00eancias da Natureza, Matem\u00e1tica e suas Tecnologias:<\/strong>\u00a0Ci\u00eancias, Biologia, Qu\u00edmica, F\u00edsica e Matem\u00e1tica (A \u00c1rea de Matem\u00e1tica e suas Tecnologias encontra-se aglutinada com a \u00c1rea de Ci\u00eancias da Natureza e suas Tecnologias por uma organiza\u00e7\u00e3o particular do Col\u00e9gio. Reconhecemos que a n\u00edvel nacional estas \u00c1reas s\u00e3o distintas. No entanto entendemos que a matem\u00e1tica pode e deve relacionar-se com outras disciplinas).<\/li><li><strong>Ci\u00eancias Humanas e suas Tecnologias:<\/strong>\u00a0Hist\u00f3ria, Geografia, Filosofia, Sociologia e Ensino Religioso.<\/li><\/ol><p>\u00a0<\/p><ul><li><strong><u>COMPET\u00caNCIAS:\u00a0<\/u><\/strong>Para definir o conceito de compet\u00eancia, apropriamo-nos dos estudos de diferentes autores, dentre eles: Cruz (2010), Macedo (2005), Machado (2006), Perrenoud (1999), Demo (2012), Pestana (1999) e INEP (1999). A partir da leitura e reflex\u00e3o, constru\u00edmos um conceito que melhor se aproxima da nossa realidade, desejos e compromissos com a forma\u00e7\u00e3o dos alunos. Portanto, entendemos compet\u00eancia como \u201c<em>a faculdade de mobilizar um conjunto de recursos cognitivos (saberes, capacidades, informa\u00e7\u00f5es etc.), para solucionar com pertin\u00eancia e efic\u00e1cia uma s\u00e9rie de situa\u00e7\u00f5es\u201d\u00a0<\/em>(Perrenoud, 1999). Para entendermos este conceito e contextualiz\u00e1-lo, \u00e9 importante refor\u00e7ar o que nos apresenta Machado(2006) quando diz que\u00a0<em>\u201ccompet\u00eancia \u00e9 um atributo das\u00a0<u>pessoas,<\/u>\u00a0exerce-se em um\u00a0<u>\u00e2mbito<\/u>\u00a0bem delimitado, est\u00e1 associada a uma capacidade de\u00a0<u>mobiliza\u00e7\u00e3o<\/u>\u00a0de recursos, realiza-se necessariamente\u00a0<u>junto com os outros<\/u>, exige capacidade de\u00a0<u>abstra\u00e7\u00e3o<\/u>\u00a0e pressup\u00f5e\u00a0<u>conhecimento de conte\u00fados\u201d<\/u><\/em>. Assim, ao objetivarmos articular o trabalho das \u00e1reas de conhecimento com o desenvolvimento de compet\u00eancias, \u00e9 preciso ter a ci\u00eancia de que este trabalho inicia na escola mas t\u00eam continuidade p\u00f3s-escola! O intuito da escola ao trabalhar a partir de compet\u00eancias, \u00e9 o de munir os alunos de condi\u00e7\u00f5es para que desde j\u00e1 possam ir estruturando suas capacidades.\u00a0<em>\u201c<\/em><em>A compet\u00eancia implica, portanto, em operacionalizar conhecimentos, atitudes e valores. \u00c9 uma a\u00e7\u00e3o cognitiva, afetiva, social que se torna vis\u00edvel em pr\u00e1ticas e a\u00e7\u00f5es que se exercem sobre conhecimentos, sobre o outro e sobre a realidade\u201d<\/em>(Cruz, 2010).<\/li><\/ul><p>\u00a0<\/p><ul><li><strong><u>HABILIDADES:\u00a0<\/u><\/strong><em>\u201cCondi\u00e7\u00e3o necess\u00e1ria para a compet\u00eancia. Uma habilidade pode servir a v\u00e1rias compet\u00eancias<\/em>\u201d (Macedo, 2005). \u201c<em>A consolida\u00e7\u00e3o das ideias expressas nas compet\u00eancias se realizam por uma pr\u00e1tica de opera\u00e7\u00f5es mentais que, por sua repeti\u00e7\u00e3o intencional e sistem\u00e1tica e por sua abrang\u00eancia e natureza instrumental podem ser denominadas\u00a0<u>habilidades<\/u>. Em outras palavras, \u00e9 a pr\u00e1tica de determinadas habilidades que constr\u00f3i a compet\u00eancia\u201d\u00a0<\/em>(Cruz, 2010)<em>.<\/em><\/li><\/ul><p>\u00a0<\/p><ul><li><strong><u>LINGUAGENS GERADORAS<\/u><\/strong><strong>:<\/strong>\u00a0Linguagens geradoras \u00e9 um jeito de ler, \u00e9 uma estrat\u00e9gia de rastreamento e articula\u00e7\u00e3o, do professor, para identificar os conte\u00fados program\u00e1ticos mais significativos da vida das crian\u00e7as na escola de educa\u00e7\u00e3o infantil. Em outras palavras, linguagens geradoras \u00e9 uma proposta de sele\u00e7\u00e3o e articula\u00e7\u00e3o de conte\u00fados em educa\u00e7\u00e3o infantil, fundamentada nos estudos do Prof\u00ba Dr\u00ba Gabriel de Andrade Junqueira Filho. E nesta proposta, conte\u00fados significativos s\u00e3o entendidos como linguagens, como saberes instrumentais, saberes de pr\u00e1ticas, de pr\u00e1ticas de si, de pr\u00e1ticas de auto constitui\u00e7\u00e3o, de compreens\u00e3o e express\u00e3o de si, de demarca\u00e7\u00e3o e exerc\u00edcio da possibilidade de interven\u00e7\u00e3o em si e no mundo.<\/li><\/ul><p>\u00a0<\/p><p>As Linguagens Geradoras s\u00e3o desenvolvidas a partir de Projetos de Aprendizagem, sendo estes organizados em Projetos de Parte Cheia e Projetos de Parte Vazia. Os<strong>\u00a0Projetos de Parte Cheia<\/strong>\u00a0s\u00e3o aqueles pensados pelas professoras at\u00e9 mesmo antes de conhecer as crian\u00e7as. S\u00e3o formados pelos conte\u00fados-linguagens escolhidos pelas professoras porque s\u00e3o significativos e importantes para o grupo que est\u00e1 sob sua responsabilidade.\u00a0 Os\u00a0<strong>Projetos de Parte Vazia<\/strong>\u00a0s\u00e3o aqueles que v\u00e3o sendo preenchidos dia a dia, a partir das leituras-articula\u00e7\u00f5es-observa\u00e7\u00f5es que as professoras fazem a partir daquilo que \u00e9 interesse para as crian\u00e7as. Estes Projetos surgem das intera\u00e7\u00f5es entre as crian\u00e7as e das intera\u00e7\u00f5es entre as crian\u00e7as e as diferentes linguagens sugeridas\u00a0 na Parte Cheia do planejamento. As leituras que s\u00e3o realizadas pelas professoras durante estas intera\u00e7\u00f5es \u00e9 que possibilitam e preenchem a Parte Vazia do planejamento. \u00c9 nos Projetos de Parte Vazia que surge o inusitado, o estranho, o singular, a particularidade do grupo de crian\u00e7as.<\/p>\t\t\t\t\t\t\t\t<\/div>\n\t\t\t\t<\/div>\n\t\t\t\t\t<\/div>\n\t\t\t\t<\/div>\n\t\t\t\t<\/div>\n\t\t\t\t<\/div>\n\t\t","protected":false},"excerpt":{"rendered":"<p>Proposta Educacional A nossa escola organiza a sua a\u00e7\u00e3o did\u00e1tico-pedag\u00f3gica promovendo uma educa\u00e7\u00e3o evang\u00e9lico-libertadora, tendo como orienta\u00e7\u00e3o o Projeto Pedag\u00f3gico organizado para as Escolas e Obras mantidas pelas Irm\u00e3s do Imaculado Cora\u00e7\u00e3o de Maria. Assumimos, assim, uma postura de valoriza\u00e7\u00e3o do ser, dos princ\u00edpios crist\u00e3os e do conhecimento, como ferramentas de ensino, aprendizagem e transforma\u00e7\u00e3o [&hellip;]<\/p>\n","protected":false},"author":1,"featured_media":121,"parent":0,"menu_order":0,"comment_status":"closed","ping_status":"closed","template":"","meta":{"_acf_changed":false,"footnotes":""},"class_list":["post-359","page","type-page","status-publish","has-post-thumbnail","hentry"],"acf":[],"yoast_head":"<!-- This site is optimized with the Yoast SEO plugin v26.3 - https:\/\/yoast.com\/wordpress\/plugins\/seo\/ -->\n<title>Proposta Educacional - Col\u00e9gio Madre B\u00e1rbara | Rede ICM de Educa\u00e7\u00e3o<\/title>\n<meta name=\"robots\" content=\"index, follow, max-snippet:-1, max-image-preview:large, max-video-preview:-1\" \/>\n<link rel=\"canonical\" href=\"https:\/\/redeicm.org.br\/madrebarbara\/proposta-educacional\/\" \/>\n<meta property=\"og:locale\" content=\"pt_BR\" \/>\n<meta property=\"og:type\" content=\"article\" \/>\n<meta property=\"og:title\" content=\"Proposta Educacional - Col\u00e9gio Madre B\u00e1rbara | Rede ICM de Educa\u00e7\u00e3o\" \/>\n<meta property=\"og:description\" content=\"Proposta Educacional A nossa escola organiza a sua a\u00e7\u00e3o did\u00e1tico-pedag\u00f3gica promovendo uma educa\u00e7\u00e3o evang\u00e9lico-libertadora, tendo como orienta\u00e7\u00e3o o Projeto Pedag\u00f3gico organizado para as Escolas e Obras mantidas pelas Irm\u00e3s do Imaculado Cora\u00e7\u00e3o de Maria. Assumimos, assim, uma postura de valoriza\u00e7\u00e3o do ser, dos princ\u00edpios crist\u00e3os e do conhecimento, como ferramentas de ensino, aprendizagem e transforma\u00e7\u00e3o [&hellip;]\" \/>\n<meta property=\"og:url\" content=\"https:\/\/redeicm.org.br\/madrebarbara\/proposta-educacional\/\" \/>\n<meta property=\"og:site_name\" content=\"Col\u00e9gio Madre B\u00e1rbara | Rede ICM de Educa\u00e7\u00e3o\" \/>\n<meta property=\"article:modified_time\" content=\"2024-08-21T20:53:23+00:00\" \/>\n<meta property=\"og:image\" content=\"https:\/\/redeicm.org.br\/madrebarbara\/wp-content\/uploads\/sites\/17\/2024\/08\/banner-ensino-medio.jpg\" \/>\n\t<meta property=\"og:image:width\" content=\"1440\" \/>\n\t<meta property=\"og:image:height\" content=\"401\" \/>\n\t<meta property=\"og:image:type\" content=\"image\/jpeg\" \/>\n<meta name=\"twitter:card\" content=\"summary_large_image\" \/>\n<meta name=\"twitter:label1\" content=\"Est. tempo de leitura\" \/>\n\t<meta name=\"twitter:data1\" content=\"5 minutos\" \/>\n<script type=\"application\/ld+json\" class=\"yoast-schema-graph\">{\"@context\":\"https:\/\/schema.org\",\"@graph\":[{\"@type\":\"WebPage\",\"@id\":\"https:\/\/redeicm.org.br\/madrebarbara\/proposta-educacional\/\",\"url\":\"https:\/\/redeicm.org.br\/madrebarbara\/proposta-educacional\/\",\"name\":\"Proposta Educacional - Col\u00e9gio Madre B\u00e1rbara | Rede ICM de Educa\u00e7\u00e3o\",\"isPartOf\":{\"@id\":\"https:\/\/redeicm.org.br\/madrebarbara\/#website\"},\"primaryImageOfPage\":{\"@id\":\"https:\/\/redeicm.org.br\/madrebarbara\/proposta-educacional\/#primaryimage\"},\"image\":{\"@id\":\"https:\/\/redeicm.org.br\/madrebarbara\/proposta-educacional\/#primaryimage\"},\"thumbnailUrl\":\"https:\/\/redeicm.org.br\/madrebarbara\/wp-content\/uploads\/sites\/17\/2024\/08\/banner-ensino-medio.jpg\",\"datePublished\":\"2024-08-21T20:50:20+00:00\",\"dateModified\":\"2024-08-21T20:53:23+00:00\",\"breadcrumb\":{\"@id\":\"https:\/\/redeicm.org.br\/madrebarbara\/proposta-educacional\/#breadcrumb\"},\"inLanguage\":\"pt-BR\",\"potentialAction\":[{\"@type\":\"ReadAction\",\"target\":[\"https:\/\/redeicm.org.br\/madrebarbara\/proposta-educacional\/\"]}]},{\"@type\":\"ImageObject\",\"inLanguage\":\"pt-BR\",\"@id\":\"https:\/\/redeicm.org.br\/madrebarbara\/proposta-educacional\/#primaryimage\",\"url\":\"https:\/\/redeicm.org.br\/madrebarbara\/wp-content\/uploads\/sites\/17\/2024\/08\/banner-ensino-medio.jpg\",\"contentUrl\":\"https:\/\/redeicm.org.br\/madrebarbara\/wp-content\/uploads\/sites\/17\/2024\/08\/banner-ensino-medio.jpg\",\"width\":1440,\"height\":401},{\"@type\":\"BreadcrumbList\",\"@id\":\"https:\/\/redeicm.org.br\/madrebarbara\/proposta-educacional\/#breadcrumb\",\"itemListElement\":[{\"@type\":\"ListItem\",\"position\":1,\"name\":\"In\u00edcio\",\"item\":\"https:\/\/redeicm.org.br\/madrebarbara\/\"},{\"@type\":\"ListItem\",\"position\":2,\"name\":\"Proposta Educacional\"}]},{\"@type\":\"WebSite\",\"@id\":\"https:\/\/redeicm.org.br\/madrebarbara\/#website\",\"url\":\"https:\/\/redeicm.org.br\/madrebarbara\/\",\"name\":\"Col\u00e9gio Madre B\u00e1rbara | Rede ICM de Educa\u00e7\u00e3o\",\"description\":\"\",\"publisher\":{\"@id\":\"https:\/\/redeicm.org.br\/madrebarbara\/#organization\"},\"potentialAction\":[{\"@type\":\"SearchAction\",\"target\":{\"@type\":\"EntryPoint\",\"urlTemplate\":\"https:\/\/redeicm.org.br\/madrebarbara\/?s={search_term_string}\"},\"query-input\":{\"@type\":\"PropertyValueSpecification\",\"valueRequired\":true,\"valueName\":\"search_term_string\"}}],\"inLanguage\":\"pt-BR\"},{\"@type\":\"Organization\",\"@id\":\"https:\/\/redeicm.org.br\/madrebarbara\/#organization\",\"name\":\"Col\u00e9gio Madre B\u00e1rbara | Rede ICM de Educa\u00e7\u00e3o\",\"url\":\"https:\/\/redeicm.org.br\/madrebarbara\/\",\"logo\":{\"@type\":\"ImageObject\",\"inLanguage\":\"pt-BR\",\"@id\":\"https:\/\/redeicm.org.br\/madrebarbara\/#\/schema\/logo\/image\/\",\"url\":\"https:\/\/redeicm.org.br\/madrebarbara\/wp-content\/uploads\/sites\/17\/2025\/09\/ICM_Educacao_Madre_Barbara_Preferencial_Cores-1024x329-1.png\",\"contentUrl\":\"https:\/\/redeicm.org.br\/madrebarbara\/wp-content\/uploads\/sites\/17\/2025\/09\/ICM_Educacao_Madre_Barbara_Preferencial_Cores-1024x329-1.png\",\"width\":223,\"height\":223,\"caption\":\"Col\u00e9gio Madre B\u00e1rbara | Rede ICM de Educa\u00e7\u00e3o\"},\"image\":{\"@id\":\"https:\/\/redeicm.org.br\/madrebarbara\/#\/schema\/logo\/image\/\"}}]}<\/script>\n<!-- \/ Yoast SEO plugin. -->","yoast_head_json":{"title":"Proposta Educacional - Col\u00e9gio Madre B\u00e1rbara | Rede ICM de Educa\u00e7\u00e3o","robots":{"index":"index","follow":"follow","max-snippet":"max-snippet:-1","max-image-preview":"max-image-preview:large","max-video-preview":"max-video-preview:-1"},"canonical":"https:\/\/redeicm.org.br\/madrebarbara\/proposta-educacional\/","og_locale":"pt_BR","og_type":"article","og_title":"Proposta Educacional - Col\u00e9gio Madre B\u00e1rbara | Rede ICM de Educa\u00e7\u00e3o","og_description":"Proposta Educacional A nossa escola organiza a sua a\u00e7\u00e3o did\u00e1tico-pedag\u00f3gica promovendo uma educa\u00e7\u00e3o evang\u00e9lico-libertadora, tendo como orienta\u00e7\u00e3o o Projeto Pedag\u00f3gico organizado para as Escolas e Obras mantidas pelas Irm\u00e3s do Imaculado Cora\u00e7\u00e3o de Maria. Assumimos, assim, uma postura de valoriza\u00e7\u00e3o do ser, dos princ\u00edpios crist\u00e3os e do conhecimento, como ferramentas de ensino, aprendizagem e transforma\u00e7\u00e3o [&hellip;]","og_url":"https:\/\/redeicm.org.br\/madrebarbara\/proposta-educacional\/","og_site_name":"Col\u00e9gio Madre B\u00e1rbara | Rede ICM de Educa\u00e7\u00e3o","article_modified_time":"2024-08-21T20:53:23+00:00","og_image":[{"width":1440,"height":401,"url":"https:\/\/redeicm.org.br\/madrebarbara\/wp-content\/uploads\/sites\/17\/2024\/08\/banner-ensino-medio.jpg","type":"image\/jpeg"}],"twitter_card":"summary_large_image","twitter_misc":{"Est. tempo de leitura":"5 minutos"},"schema":{"@context":"https:\/\/schema.org","@graph":[{"@type":"WebPage","@id":"https:\/\/redeicm.org.br\/madrebarbara\/proposta-educacional\/","url":"https:\/\/redeicm.org.br\/madrebarbara\/proposta-educacional\/","name":"Proposta Educacional - Col\u00e9gio Madre B\u00e1rbara | Rede ICM de Educa\u00e7\u00e3o","isPartOf":{"@id":"https:\/\/redeicm.org.br\/madrebarbara\/#website"},"primaryImageOfPage":{"@id":"https:\/\/redeicm.org.br\/madrebarbara\/proposta-educacional\/#primaryimage"},"image":{"@id":"https:\/\/redeicm.org.br\/madrebarbara\/proposta-educacional\/#primaryimage"},"thumbnailUrl":"https:\/\/redeicm.org.br\/madrebarbara\/wp-content\/uploads\/sites\/17\/2024\/08\/banner-ensino-medio.jpg","datePublished":"2024-08-21T20:50:20+00:00","dateModified":"2024-08-21T20:53:23+00:00","breadcrumb":{"@id":"https:\/\/redeicm.org.br\/madrebarbara\/proposta-educacional\/#breadcrumb"},"inLanguage":"pt-BR","potentialAction":[{"@type":"ReadAction","target":["https:\/\/redeicm.org.br\/madrebarbara\/proposta-educacional\/"]}]},{"@type":"ImageObject","inLanguage":"pt-BR","@id":"https:\/\/redeicm.org.br\/madrebarbara\/proposta-educacional\/#primaryimage","url":"https:\/\/redeicm.org.br\/madrebarbara\/wp-content\/uploads\/sites\/17\/2024\/08\/banner-ensino-medio.jpg","contentUrl":"https:\/\/redeicm.org.br\/madrebarbara\/wp-content\/uploads\/sites\/17\/2024\/08\/banner-ensino-medio.jpg","width":1440,"height":401},{"@type":"BreadcrumbList","@id":"https:\/\/redeicm.org.br\/madrebarbara\/proposta-educacional\/#breadcrumb","itemListElement":[{"@type":"ListItem","position":1,"name":"In\u00edcio","item":"https:\/\/redeicm.org.br\/madrebarbara\/"},{"@type":"ListItem","position":2,"name":"Proposta Educacional"}]},{"@type":"WebSite","@id":"https:\/\/redeicm.org.br\/madrebarbara\/#website","url":"https:\/\/redeicm.org.br\/madrebarbara\/","name":"Col\u00e9gio Madre B\u00e1rbara | Rede ICM de Educa\u00e7\u00e3o","description":"","publisher":{"@id":"https:\/\/redeicm.org.br\/madrebarbara\/#organization"},"potentialAction":[{"@type":"SearchAction","target":{"@type":"EntryPoint","urlTemplate":"https:\/\/redeicm.org.br\/madrebarbara\/?s={search_term_string}"},"query-input":{"@type":"PropertyValueSpecification","valueRequired":true,"valueName":"search_term_string"}}],"inLanguage":"pt-BR"},{"@type":"Organization","@id":"https:\/\/redeicm.org.br\/madrebarbara\/#organization","name":"Col\u00e9gio Madre B\u00e1rbara | Rede ICM de Educa\u00e7\u00e3o","url":"https:\/\/redeicm.org.br\/madrebarbara\/","logo":{"@type":"ImageObject","inLanguage":"pt-BR","@id":"https:\/\/redeicm.org.br\/madrebarbara\/#\/schema\/logo\/image\/","url":"https:\/\/redeicm.org.br\/madrebarbara\/wp-content\/uploads\/sites\/17\/2025\/09\/ICM_Educacao_Madre_Barbara_Preferencial_Cores-1024x329-1.png","contentUrl":"https:\/\/redeicm.org.br\/madrebarbara\/wp-content\/uploads\/sites\/17\/2025\/09\/ICM_Educacao_Madre_Barbara_Preferencial_Cores-1024x329-1.png","width":223,"height":223,"caption":"Col\u00e9gio Madre B\u00e1rbara | Rede ICM de Educa\u00e7\u00e3o"},"image":{"@id":"https:\/\/redeicm.org.br\/madrebarbara\/#\/schema\/logo\/image\/"}}]}},"_links":{"self":[{"href":"https:\/\/redeicm.org.br\/madrebarbara\/wp-json\/wp\/v2\/pages\/359","targetHints":{"allow":["GET"]}}],"collection":[{"href":"https:\/\/redeicm.org.br\/madrebarbara\/wp-json\/wp\/v2\/pages"}],"about":[{"href":"https:\/\/redeicm.org.br\/madrebarbara\/wp-json\/wp\/v2\/types\/page"}],"author":[{"embeddable":true,"href":"https:\/\/redeicm.org.br\/madrebarbara\/wp-json\/wp\/v2\/users\/1"}],"replies":[{"embeddable":true,"href":"https:\/\/redeicm.org.br\/madrebarbara\/wp-json\/wp\/v2\/comments?post=359"}],"version-history":[{"count":0,"href":"https:\/\/redeicm.org.br\/madrebarbara\/wp-json\/wp\/v2\/pages\/359\/revisions"}],"wp:featuredmedia":[{"embeddable":true,"href":"https:\/\/redeicm.org.br\/madrebarbara\/wp-json\/wp\/v2\/media\/121"}],"wp:attachment":[{"href":"https:\/\/redeicm.org.br\/madrebarbara\/wp-json\/wp\/v2\/media?parent=359"}],"curies":[{"name":"wp","href":"https:\/\/api.w.org\/{rel}","templated":true}]}}