{"id":334,"date":"2024-08-21T17:21:54","date_gmt":"2024-08-21T20:21:54","guid":{"rendered":"https:\/\/redeicm.org.br\/madrebarbara\/?page_id=334"},"modified":"2024-08-21T17:25:33","modified_gmt":"2024-08-21T20:25:33","slug":"colegio-madre-barbara","status":"publish","type":"page","link":"https:\/\/redeicm.org.br\/madrebarbara\/colegio-madre-barbara\/","title":{"rendered":"Col\u00e9gio Madre B\u00e1rbara"},"content":{"rendered":"\t\t<div data-elementor-type=\"wp-page\" data-elementor-id=\"334\" class=\"elementor elementor-334\" data-elementor-post-type=\"page\">\n\t\t\t\t<div class=\"elementor-element elementor-element-6246261b e-flex e-con-boxed e-con e-parent\" data-id=\"6246261b\" data-element_type=\"container\" data-e-type=\"container\">\n\t\t\t\t\t<div class=\"e-con-inner\">\n\t\t\t\t<div class=\"elementor-element elementor-element-7468e21e elementor-widget elementor-widget-heading\" data-id=\"7468e21e\" data-element_type=\"widget\" data-e-type=\"widget\" data-widget_type=\"heading.default\">\n\t\t\t\t<div class=\"elementor-widget-container\">\n\t\t\t\t\t<h1 class=\"elementor-heading-title elementor-size-default\">Sobre a Unidade de Educa\u00e7\u00e3o<\/h1>\t\t\t\t<\/div>\n\t\t\t\t<\/div>\n\t\t\t\t\t<\/div>\n\t\t\t\t<\/div>\n\t\t<div class=\"elementor-element elementor-element-c3a04f4 e-con-full e-flex e-con e-parent\" data-id=\"c3a04f4\" data-element_type=\"container\" data-e-type=\"container\">\n\t\t<div class=\"elementor-element elementor-element-5b7509b7 e-flex e-con-boxed e-con e-child\" data-id=\"5b7509b7\" data-element_type=\"container\" data-e-type=\"container\">\n\t\t\t\t\t<div class=\"e-con-inner\">\n\t\t\t\t<div class=\"elementor-element elementor-element-4770902 elementor-invisible elementor-widget elementor-widget-text-editor\" data-id=\"4770902\" data-element_type=\"widget\" data-e-type=\"widget\" data-settings=\"{&quot;_animation&quot;:&quot;fadeInUp&quot;}\" data-widget_type=\"text-editor.default\">\n\t\t\t\t<div class=\"elementor-widget-container\">\n\t\t\t\t\t\t\t\t\t<p>O\u00a0<strong>Col\u00e9gio Madre B\u00e1rbara<\/strong>\u00a0faz parte da Rede ICM de Educa\u00e7\u00e3o e Assist\u00eancia Social. \u00c9 uma institui\u00e7\u00e3o escolar mantida pela Sociedade Educa\u00e7\u00e3o e Caridade \u2013 Congrega\u00e7\u00e3o das Irm\u00e3s do Imaculado Cora\u00e7\u00e3o de Maria, que segue suas a\u00e7\u00f5es segundo o projeto de Jesus Cristo. O Col\u00e9gio, atrav\u00e9s deste projeto, que tem como prioridade a op\u00e7\u00e3o pela pessoa humana, atualiza e d\u00e1 continuidade \u00e0 pedagogia de B\u00e1rbara Maix, fundadora da Congrega\u00e7\u00e3o.<\/p><p>O <strong>Col\u00e9gio Madre B\u00e1rbara<\/strong> est\u00e1 situado em Lajeado, Rio Grande do Sul, e foi fundado em 30 de janeiro de 1897. Desde ent\u00e3o vem se empenhando em formar cidad\u00e3os respons\u00e1veis com valores essenciais para a vida.<\/p><p>Al\u00e9m disso, o Col\u00e9gio proporciona v\u00e1rias atividades extraclasse, no turno da tarde, tais como: futebol, teatro, m\u00fasica, v\u00f4lei, patina\u00e7\u00e3o, dan\u00e7a, entre outras. Busca sempre oferecer um ensino qualificado, priorizando todas as \u00e1reas do conhecimento humano.<\/p><p>O <strong>Col\u00e9gio Madre B\u00e1rbara<\/strong> conta com a presen\u00e7a e o trabalho das Irm\u00e3s e com um grupo seleto de Professores e Funcion\u00e1rios sempre engajados em oferecer um ambiente escolar agrad\u00e1vel, onde hist\u00f3rias de vida e conhecimentos est\u00e3o em permanente harmoniza\u00e7\u00e3o. Conta tamb\u00e9m com o apoio e participa\u00e7\u00e3o atuante da APM (Associa\u00e7\u00e3o de Pais e Mestres), do Gr\u00eamio Estudantil (Gembar) e Conselho de Professores.<\/p><p>O Col\u00e9gio tem mais de alunos, recebendo a mesma forma\u00e7\u00e3o que o Col\u00e9gio Madre B\u00e1rbara sempre colocou como meta: a forma\u00e7\u00e3o humano-crist\u00e3 e a forma\u00e7\u00e3o acad\u00eamica que levem seus alunos a serem cidad\u00e3os atuantes, respons\u00e1veis e comprometidos na transforma\u00e7\u00e3o da sociedade, para que esta seja mais justa e fraterna.<\/p><p>Atualmente o <strong>Col\u00e9gio Madre B\u00e1rbara<\/strong> oferece os seguintes cursos:<br \/>\u2022\u00a0\u00a0 \u00a0\u00a0\u00a0\u00a0 Educa\u00e7\u00e3o Infantil<br \/>\u2022\u00a0\u00a0 \u00a0\u00a0\u00a0\u00a0 Ensino Fundamental<br \/>\u2022\u00a0\u00a0 \u00a0\u00a0\u00a0\u00a0 Ensino M\u00e9dio<\/p><p>\u00a0<\/p><p><strong>Hist\u00f3ria<\/strong><\/p><p>A convite do povo de Lajeado, sete Irm\u00e3s vieram para a cidade no dia 30 de janeiro de 1897. J\u00e1 no dia 8 de fevereiro iniciaram-se as aulas com 140 alunos matriculados na ent\u00e3o Escola Sant \u2018Ana, tendo como primeira diretora a Ir. Maria Clementina Jaeger.<\/p><p>Com a aprova\u00e7\u00e3o do Curso Ginasial, em 1939, a Escola Sant \u2018Ana atendeu somente meninas, pois os meninos foram atendidos pelo Col\u00e9gio S\u00e3o Jos\u00e9(Maristas). Em 1980 voltou a abrir matr\u00edculas tamb\u00e9m aos meninos.<\/p><p>Em 1941 foi criado o Curso Complementar (forma\u00e7\u00e3o de professores) que em 1943 foi transformado no Curso Normal. O Madre B\u00e1rbara foi a primeira escola com Curso Normal no interior do Estado e j\u00e1 formou mais de 1.900 professores. A partir desta data houve a troca do nome da institui\u00e7\u00e3o (Escola Sant\u2019Ana), que passou a se chamar Escola Normal Madre B\u00e1rbara.<\/p><p>Em 1975 foi criado o Curso T\u00e9cnico em Enfermagem que funcionou por dez anos, formando mais de 250 enfermeiros e, em 1990, foi criado o Cient\u00edfico, atual Ensino M\u00e9dio.<\/p><p>Em virtude da LDB Lei n\u00ba 9394\/96, a Escola passou a denominar-se Col\u00e9gio Madre B\u00e1rbara.<\/p><p><strong>Miss\u00e3o<\/strong>: Atuar na Educa\u00e7\u00e3o, Sa\u00fade, Assist\u00eancia Social e na Pastoral, defendendo e promovendo a vida, a inclus\u00e3o social e o exerc\u00edcio da cidadania.<\/p><p><strong>Vis\u00e3o<\/strong>: Ser Institui\u00e7\u00e3o de refer\u00eancia na defesa e promo\u00e7\u00e3o da vida.<\/p><p><strong>Princ\u00edpios<\/strong>:<br \/>\u2022\u00a0\u00a0 \u00a0A vida como prioridade \u2013 Biocentralidade, solidariedade e justi\u00e7a social;<br \/>\u2022\u00a0\u00a0 \u00a0Compromisso com o\/a empobrecido\/a;<br \/>\u2022\u00a0\u00a0 \u00a0Vis\u00e3o sist\u00eamica \u2013 gest\u00e3o em rede rela\u00e7\u00f5es humanas, \u00e9ticas e inclusivas;<br \/>\u2022\u00a0\u00a0 \u00a0Viv\u00eancia do perd\u00e3o-reconcilia\u00e7\u00e3o.<\/p><p>O <strong>Col\u00e9gio Madre B\u00e1rbara<\/strong>, como as demais escolas pertencentes \u00e0 Sociedade Educa\u00e7\u00e3o e Caridade \u2013 Congrega\u00e7\u00e3o das Irm\u00e3s do Imaculado Cora\u00e7\u00e3o de Maria, segue em sua pr\u00e1tica di\u00e1ria o que prescreve o Projeto Educativo\/ICM, elaborado com a participa\u00e7\u00e3o de todos(as) os(as) educadores(as), segmentos de pais e educandos(as). Este, tem em vista a pessoa humana que queremos ajudar a formar e a sociedade que queremos\u00a0 construir, a partir dos princ\u00edpios legados por B\u00e1rbara Maix, fundadora da Congrega\u00e7\u00e3o. Nele est\u00e3o contemplados os objetivos, planejamento, metodologia, avalia\u00e7\u00e3o e programa\u00e7\u00f5es, de m\u00e9dio prazo, reavaliadas e reformuladas a cada seis anos.<\/p><p>Iluminado pelo Projeto Educativo, o <strong>Col\u00e9gio Madre B\u00e1rbara<\/strong> tem por objetivo proporcionar atividades e situa\u00e7\u00f5es que favore\u00e7am o desenvolvimento integral da pessoa, a pr\u00e1tica de rela\u00e7\u00f5es interpessoais, a abertura para o exerc\u00edcio de valores crist\u00e3os, \u00e9ticos e sociais, a fim de vivenciar a proposta evang\u00e9lico-libertadora de Jesus Cristo.<\/p><p><strong>O Col\u00e9gio possui alguns objetivos espec\u00edficos, entre eles:<\/strong><\/p><p>1.\u00a0\u00a0 \u00a0Humanizar e personificar o educando, desenvolvendo plenamente o seu pensamento, suas habilidades e sua liberdade;<br \/>2.\u00a0\u00a0 \u00a0Assumir a educa\u00e7\u00e3o como processo de liberta\u00e7\u00e3o, de apropria\u00e7\u00e3o e constru\u00e7\u00e3o do conhecimento a servi\u00e7o do bem comum;<br \/>3.\u00a0\u00a0 \u00a0Cultivar e vivenciar os valores evang\u00e9licos, comprometendo-se com a promo\u00e7\u00e3o da justi\u00e7a e da dignidade humana;<br \/>4.\u00a0\u00a0 \u00a0Assumir uma pr\u00e1tica transformadora em sua organiza\u00e7\u00e3o global que inclui, sobretudo, as rela\u00e7\u00f5es, a metodologia, os conte\u00fados, a avalia\u00e7\u00e3o e as pessoas envolvidas no processo, conforme Projeto Educativo da Mantenedora;<br \/>5.\u00a0\u00a0 \u00a0Buscar a compreens\u00e3o da realidade, assumindo um posicionamento cr\u00edtico frente \u00e0 mesma;<br \/>6.\u00a0\u00a0 \u00a0Enfatizar o desenvolvimento das opera\u00e7\u00f5es mentais mais complexas e o pensar cr\u00edtico;<br \/>7.\u00a0\u00a0 \u00a0Abrir-se \u00e0 comunidade e \u00e0s necessidades de cada momento hist\u00f3rico;<br \/>8.\u00a0\u00a0 \u00a0Exercitar o Processo de Planejamento Participativo.<\/p>\t\t\t\t\t\t\t\t<\/div>\n\t\t\t\t<\/div>\n\t\t\t\t\t<\/div>\n\t\t\t\t<\/div>\n\t\t\t\t<\/div>\n\t\t\t\t<\/div>\n\t\t","protected":false},"excerpt":{"rendered":"<p>Sobre a Unidade de Educa\u00e7\u00e3o O\u00a0Col\u00e9gio Madre B\u00e1rbara\u00a0faz parte da Rede ICM de Educa\u00e7\u00e3o e Assist\u00eancia Social. \u00c9 uma institui\u00e7\u00e3o escolar mantida pela Sociedade Educa\u00e7\u00e3o e Caridade \u2013 Congrega\u00e7\u00e3o das Irm\u00e3s do Imaculado Cora\u00e7\u00e3o de Maria, que segue suas a\u00e7\u00f5es segundo o projeto de Jesus Cristo. O Col\u00e9gio, atrav\u00e9s deste projeto, que tem como prioridade [&hellip;]<\/p>\n","protected":false},"author":1,"featured_media":121,"parent":0,"menu_order":0,"comment_status":"closed","ping_status":"closed","template":"","meta":{"_acf_changed":false,"footnotes":""},"class_list":["post-334","page","type-page","status-publish","has-post-thumbnail","hentry"],"acf":[],"yoast_head":"<!-- This site is optimized with the Yoast SEO plugin v26.3 - https:\/\/yoast.com\/wordpress\/plugins\/seo\/ -->\n<title>Col\u00e9gio Madre B\u00e1rbara - Col\u00e9gio Madre B\u00e1rbara | Rede ICM de Educa\u00e7\u00e3o<\/title>\n<meta name=\"robots\" content=\"index, follow, max-snippet:-1, max-image-preview:large, max-video-preview:-1\" \/>\n<link rel=\"canonical\" href=\"https:\/\/redeicm.org.br\/madrebarbara\/colegio-madre-barbara\/\" \/>\n<meta property=\"og:locale\" content=\"pt_BR\" \/>\n<meta property=\"og:type\" content=\"article\" \/>\n<meta property=\"og:title\" content=\"Col\u00e9gio Madre B\u00e1rbara - Col\u00e9gio Madre B\u00e1rbara | Rede ICM de Educa\u00e7\u00e3o\" \/>\n<meta property=\"og:description\" content=\"Sobre a Unidade de Educa\u00e7\u00e3o O\u00a0Col\u00e9gio Madre B\u00e1rbara\u00a0faz parte da Rede ICM de Educa\u00e7\u00e3o e Assist\u00eancia Social. \u00c9 uma institui\u00e7\u00e3o escolar mantida pela Sociedade Educa\u00e7\u00e3o e Caridade \u2013 Congrega\u00e7\u00e3o das Irm\u00e3s do Imaculado Cora\u00e7\u00e3o de Maria, que segue suas a\u00e7\u00f5es segundo o projeto de Jesus Cristo. O Col\u00e9gio, atrav\u00e9s deste projeto, que tem como prioridade [&hellip;]\" \/>\n<meta property=\"og:url\" content=\"https:\/\/redeicm.org.br\/madrebarbara\/colegio-madre-barbara\/\" \/>\n<meta property=\"og:site_name\" content=\"Col\u00e9gio Madre B\u00e1rbara | Rede ICM de Educa\u00e7\u00e3o\" \/>\n<meta property=\"article:modified_time\" content=\"2024-08-21T20:25:33+00:00\" \/>\n<meta property=\"og:image\" content=\"https:\/\/redeicm.org.br\/madrebarbara\/wp-content\/uploads\/sites\/17\/2024\/08\/banner-ensino-medio.jpg\" \/>\n\t<meta property=\"og:image:width\" content=\"1440\" \/>\n\t<meta property=\"og:image:height\" content=\"401\" \/>\n\t<meta property=\"og:image:type\" content=\"image\/jpeg\" \/>\n<meta name=\"twitter:card\" content=\"summary_large_image\" \/>\n<meta name=\"twitter:label1\" content=\"Est. tempo de leitura\" \/>\n\t<meta name=\"twitter:data1\" content=\"5 minutos\" \/>\n<script type=\"application\/ld+json\" class=\"yoast-schema-graph\">{\"@context\":\"https:\/\/schema.org\",\"@graph\":[{\"@type\":\"WebPage\",\"@id\":\"https:\/\/redeicm.org.br\/madrebarbara\/colegio-madre-barbara\/\",\"url\":\"https:\/\/redeicm.org.br\/madrebarbara\/colegio-madre-barbara\/\",\"name\":\"Col\u00e9gio Madre B\u00e1rbara - Col\u00e9gio Madre B\u00e1rbara | Rede ICM de Educa\u00e7\u00e3o\",\"isPartOf\":{\"@id\":\"https:\/\/redeicm.org.br\/madrebarbara\/#website\"},\"primaryImageOfPage\":{\"@id\":\"https:\/\/redeicm.org.br\/madrebarbara\/colegio-madre-barbara\/#primaryimage\"},\"image\":{\"@id\":\"https:\/\/redeicm.org.br\/madrebarbara\/colegio-madre-barbara\/#primaryimage\"},\"thumbnailUrl\":\"https:\/\/redeicm.org.br\/madrebarbara\/wp-content\/uploads\/sites\/17\/2024\/08\/banner-ensino-medio.jpg\",\"datePublished\":\"2024-08-21T20:21:54+00:00\",\"dateModified\":\"2024-08-21T20:25:33+00:00\",\"breadcrumb\":{\"@id\":\"https:\/\/redeicm.org.br\/madrebarbara\/colegio-madre-barbara\/#breadcrumb\"},\"inLanguage\":\"pt-BR\",\"potentialAction\":[{\"@type\":\"ReadAction\",\"target\":[\"https:\/\/redeicm.org.br\/madrebarbara\/colegio-madre-barbara\/\"]}]},{\"@type\":\"ImageObject\",\"inLanguage\":\"pt-BR\",\"@id\":\"https:\/\/redeicm.org.br\/madrebarbara\/colegio-madre-barbara\/#primaryimage\",\"url\":\"https:\/\/redeicm.org.br\/madrebarbara\/wp-content\/uploads\/sites\/17\/2024\/08\/banner-ensino-medio.jpg\",\"contentUrl\":\"https:\/\/redeicm.org.br\/madrebarbara\/wp-content\/uploads\/sites\/17\/2024\/08\/banner-ensino-medio.jpg\",\"width\":1440,\"height\":401},{\"@type\":\"BreadcrumbList\",\"@id\":\"https:\/\/redeicm.org.br\/madrebarbara\/colegio-madre-barbara\/#breadcrumb\",\"itemListElement\":[{\"@type\":\"ListItem\",\"position\":1,\"name\":\"In\u00edcio\",\"item\":\"https:\/\/redeicm.org.br\/madrebarbara\/\"},{\"@type\":\"ListItem\",\"position\":2,\"name\":\"Col\u00e9gio Madre B\u00e1rbara\"}]},{\"@type\":\"WebSite\",\"@id\":\"https:\/\/redeicm.org.br\/madrebarbara\/#website\",\"url\":\"https:\/\/redeicm.org.br\/madrebarbara\/\",\"name\":\"Col\u00e9gio Madre B\u00e1rbara | Rede ICM de Educa\u00e7\u00e3o\",\"description\":\"\",\"publisher\":{\"@id\":\"https:\/\/redeicm.org.br\/madrebarbara\/#organization\"},\"potentialAction\":[{\"@type\":\"SearchAction\",\"target\":{\"@type\":\"EntryPoint\",\"urlTemplate\":\"https:\/\/redeicm.org.br\/madrebarbara\/?s={search_term_string}\"},\"query-input\":{\"@type\":\"PropertyValueSpecification\",\"valueRequired\":true,\"valueName\":\"search_term_string\"}}],\"inLanguage\":\"pt-BR\"},{\"@type\":\"Organization\",\"@id\":\"https:\/\/redeicm.org.br\/madrebarbara\/#organization\",\"name\":\"Col\u00e9gio Madre B\u00e1rbara | Rede ICM de Educa\u00e7\u00e3o\",\"url\":\"https:\/\/redeicm.org.br\/madrebarbara\/\",\"logo\":{\"@type\":\"ImageObject\",\"inLanguage\":\"pt-BR\",\"@id\":\"https:\/\/redeicm.org.br\/madrebarbara\/#\/schema\/logo\/image\/\",\"url\":\"https:\/\/redeicm.org.br\/madrebarbara\/wp-content\/uploads\/sites\/17\/2025\/09\/ICM_Educacao_Madre_Barbara_Preferencial_Cores-1024x329-1.png\",\"contentUrl\":\"https:\/\/redeicm.org.br\/madrebarbara\/wp-content\/uploads\/sites\/17\/2025\/09\/ICM_Educacao_Madre_Barbara_Preferencial_Cores-1024x329-1.png\",\"width\":223,\"height\":223,\"caption\":\"Col\u00e9gio Madre B\u00e1rbara | Rede ICM de Educa\u00e7\u00e3o\"},\"image\":{\"@id\":\"https:\/\/redeicm.org.br\/madrebarbara\/#\/schema\/logo\/image\/\"}}]}<\/script>\n<!-- \/ Yoast SEO plugin. -->","yoast_head_json":{"title":"Col\u00e9gio Madre B\u00e1rbara - Col\u00e9gio Madre B\u00e1rbara | Rede ICM de Educa\u00e7\u00e3o","robots":{"index":"index","follow":"follow","max-snippet":"max-snippet:-1","max-image-preview":"max-image-preview:large","max-video-preview":"max-video-preview:-1"},"canonical":"https:\/\/redeicm.org.br\/madrebarbara\/colegio-madre-barbara\/","og_locale":"pt_BR","og_type":"article","og_title":"Col\u00e9gio Madre B\u00e1rbara - Col\u00e9gio Madre B\u00e1rbara | Rede ICM de Educa\u00e7\u00e3o","og_description":"Sobre a Unidade de Educa\u00e7\u00e3o O\u00a0Col\u00e9gio Madre B\u00e1rbara\u00a0faz parte da Rede ICM de Educa\u00e7\u00e3o e Assist\u00eancia Social. \u00c9 uma institui\u00e7\u00e3o escolar mantida pela Sociedade Educa\u00e7\u00e3o e Caridade \u2013 Congrega\u00e7\u00e3o das Irm\u00e3s do Imaculado Cora\u00e7\u00e3o de Maria, que segue suas a\u00e7\u00f5es segundo o projeto de Jesus Cristo. O Col\u00e9gio, atrav\u00e9s deste projeto, que tem como prioridade [&hellip;]","og_url":"https:\/\/redeicm.org.br\/madrebarbara\/colegio-madre-barbara\/","og_site_name":"Col\u00e9gio Madre B\u00e1rbara | Rede ICM de Educa\u00e7\u00e3o","article_modified_time":"2024-08-21T20:25:33+00:00","og_image":[{"width":1440,"height":401,"url":"https:\/\/redeicm.org.br\/madrebarbara\/wp-content\/uploads\/sites\/17\/2024\/08\/banner-ensino-medio.jpg","type":"image\/jpeg"}],"twitter_card":"summary_large_image","twitter_misc":{"Est. tempo de leitura":"5 minutos"},"schema":{"@context":"https:\/\/schema.org","@graph":[{"@type":"WebPage","@id":"https:\/\/redeicm.org.br\/madrebarbara\/colegio-madre-barbara\/","url":"https:\/\/redeicm.org.br\/madrebarbara\/colegio-madre-barbara\/","name":"Col\u00e9gio Madre B\u00e1rbara - Col\u00e9gio Madre B\u00e1rbara | Rede ICM de Educa\u00e7\u00e3o","isPartOf":{"@id":"https:\/\/redeicm.org.br\/madrebarbara\/#website"},"primaryImageOfPage":{"@id":"https:\/\/redeicm.org.br\/madrebarbara\/colegio-madre-barbara\/#primaryimage"},"image":{"@id":"https:\/\/redeicm.org.br\/madrebarbara\/colegio-madre-barbara\/#primaryimage"},"thumbnailUrl":"https:\/\/redeicm.org.br\/madrebarbara\/wp-content\/uploads\/sites\/17\/2024\/08\/banner-ensino-medio.jpg","datePublished":"2024-08-21T20:21:54+00:00","dateModified":"2024-08-21T20:25:33+00:00","breadcrumb":{"@id":"https:\/\/redeicm.org.br\/madrebarbara\/colegio-madre-barbara\/#breadcrumb"},"inLanguage":"pt-BR","potentialAction":[{"@type":"ReadAction","target":["https:\/\/redeicm.org.br\/madrebarbara\/colegio-madre-barbara\/"]}]},{"@type":"ImageObject","inLanguage":"pt-BR","@id":"https:\/\/redeicm.org.br\/madrebarbara\/colegio-madre-barbara\/#primaryimage","url":"https:\/\/redeicm.org.br\/madrebarbara\/wp-content\/uploads\/sites\/17\/2024\/08\/banner-ensino-medio.jpg","contentUrl":"https:\/\/redeicm.org.br\/madrebarbara\/wp-content\/uploads\/sites\/17\/2024\/08\/banner-ensino-medio.jpg","width":1440,"height":401},{"@type":"BreadcrumbList","@id":"https:\/\/redeicm.org.br\/madrebarbara\/colegio-madre-barbara\/#breadcrumb","itemListElement":[{"@type":"ListItem","position":1,"name":"In\u00edcio","item":"https:\/\/redeicm.org.br\/madrebarbara\/"},{"@type":"ListItem","position":2,"name":"Col\u00e9gio Madre B\u00e1rbara"}]},{"@type":"WebSite","@id":"https:\/\/redeicm.org.br\/madrebarbara\/#website","url":"https:\/\/redeicm.org.br\/madrebarbara\/","name":"Col\u00e9gio Madre B\u00e1rbara | Rede ICM de Educa\u00e7\u00e3o","description":"","publisher":{"@id":"https:\/\/redeicm.org.br\/madrebarbara\/#organization"},"potentialAction":[{"@type":"SearchAction","target":{"@type":"EntryPoint","urlTemplate":"https:\/\/redeicm.org.br\/madrebarbara\/?s={search_term_string}"},"query-input":{"@type":"PropertyValueSpecification","valueRequired":true,"valueName":"search_term_string"}}],"inLanguage":"pt-BR"},{"@type":"Organization","@id":"https:\/\/redeicm.org.br\/madrebarbara\/#organization","name":"Col\u00e9gio Madre B\u00e1rbara | Rede ICM de Educa\u00e7\u00e3o","url":"https:\/\/redeicm.org.br\/madrebarbara\/","logo":{"@type":"ImageObject","inLanguage":"pt-BR","@id":"https:\/\/redeicm.org.br\/madrebarbara\/#\/schema\/logo\/image\/","url":"https:\/\/redeicm.org.br\/madrebarbara\/wp-content\/uploads\/sites\/17\/2025\/09\/ICM_Educacao_Madre_Barbara_Preferencial_Cores-1024x329-1.png","contentUrl":"https:\/\/redeicm.org.br\/madrebarbara\/wp-content\/uploads\/sites\/17\/2025\/09\/ICM_Educacao_Madre_Barbara_Preferencial_Cores-1024x329-1.png","width":223,"height":223,"caption":"Col\u00e9gio Madre B\u00e1rbara | Rede ICM de Educa\u00e7\u00e3o"},"image":{"@id":"https:\/\/redeicm.org.br\/madrebarbara\/#\/schema\/logo\/image\/"}}]}},"_links":{"self":[{"href":"https:\/\/redeicm.org.br\/madrebarbara\/wp-json\/wp\/v2\/pages\/334","targetHints":{"allow":["GET"]}}],"collection":[{"href":"https:\/\/redeicm.org.br\/madrebarbara\/wp-json\/wp\/v2\/pages"}],"about":[{"href":"https:\/\/redeicm.org.br\/madrebarbara\/wp-json\/wp\/v2\/types\/page"}],"author":[{"embeddable":true,"href":"https:\/\/redeicm.org.br\/madrebarbara\/wp-json\/wp\/v2\/users\/1"}],"replies":[{"embeddable":true,"href":"https:\/\/redeicm.org.br\/madrebarbara\/wp-json\/wp\/v2\/comments?post=334"}],"version-history":[{"count":0,"href":"https:\/\/redeicm.org.br\/madrebarbara\/wp-json\/wp\/v2\/pages\/334\/revisions"}],"wp:featuredmedia":[{"embeddable":true,"href":"https:\/\/redeicm.org.br\/madrebarbara\/wp-json\/wp\/v2\/media\/121"}],"wp:attachment":[{"href":"https:\/\/redeicm.org.br\/madrebarbara\/wp-json\/wp\/v2\/media?parent=334"}],"curies":[{"name":"wp","href":"https:\/\/api.w.org\/{rel}","templated":true}]}}