{"id":114,"date":"2024-08-16T15:39:08","date_gmt":"2024-08-16T18:39:08","guid":{"rendered":"https:\/\/redeicm.org.br\/madrebarbara\/ensino-fundamental-anos-iniciais\/"},"modified":"2025-08-15T20:49:48","modified_gmt":"2025-08-15T23:49:48","slug":"ensino-fundamental-anos-iniciais","status":"publish","type":"page","link":"https:\/\/redeicm.org.br\/madrebarbara\/ensino-fundamental-anos-iniciais\/","title":{"rendered":"Ensino Fundamental \u2013 Anos Iniciais"},"content":{"rendered":"<p>Os\u00a0<strong>Anos Iniciais<\/strong>\u00a0procuram organizar suas pr\u00e1ticas pedag\u00f3gicas em \u00e1reas de conhecimento articuladas com o desenvolvimento de compet\u00eancias, habilidades e projetos de trabalho, a partir de situa\u00e7\u00f5es de aprendizagem significativas, visando um processo formativo integral e ampliando a socializa\u00e7\u00e3o e o conhecimento atrav\u00e9s de:<\/p>\n<ul>\n<li>Coopera\u00e7\u00e3o e Consci\u00eancia Coletiva<\/li>\n<li>Inicia\u00e7\u00e3o Cient\u00edfica e Aprendizagem Investigativa<\/li>\n<li>Espa\u00e7os L\u00fadicos e Inovadores<\/li>\n<li>Compet\u00eancia Comunicativa<\/li>\n<li>Consci\u00eancia Ecol\u00f3gica<\/li>\n<li>Educa\u00e7\u00e3o Financeira<\/li>\n<\/ul>\n<p>Para o desenvolvimento integral dos alunos, v\u00e1rios projetos s\u00e3o oportunizados: Rodas de leitura; Mala Viajante; Mostra Cient\u00edfico-Pedag\u00f3gica; Viagens de estudos; Feira Solid\u00e1ria; Manh\u00e3s de Forma\u00e7\u00e3o; Maratona do Livro Infantil; Meu, seu, nosso estado: o RS; Projeto de Apoio Pedag\u00f3gico; Nosso Vale; Nenhum de n\u00f3s \u00e9 t\u00e3o bom quanto todos n\u00f3s juntos; Brincando e aprendendo com a Matem\u00e1tica; Nosso vale; entre tantos outros que surgem das mais variadas situa\u00e7\u00f5es de aprendizagem.<\/p>\n<p><strong>O L\u00cdDER EM MIM<\/strong><\/p>\n<p>\u00c9 um programa espec\u00edfico, desenvolvido nos Anos Iniciais, que est\u00e1 presente em mais de 55 pa\u00edses e foi implementado em nosso col\u00e9gio no ano de 2017. Promove a estrutura\u00e7\u00e3o do curr\u00edculo socioemocional da escola e a mudan\u00e7a comportamental em educadores, crian\u00e7as e familiares, para que desenvolvam as compet\u00eancias necess\u00e1rias aos desafios deste s\u00e9culo e tornem-se protagonistas de suas pr\u00f3prias vidas.<\/p>\n<p><strong>Coordenadora Pedag\u00f3gica Simone Elisa Faleiro<\/strong>\u00a0\u2013\u00a0<a href=\"mailto:sop2@madrebarbara.com.br\">sop2@madrebarbara.com.br\u00a0<\/a><\/p>\n<p><strong>Coordenadora de Etapa<\/strong> &#8211; Luiza Furlan &#8211; <a href=\"mailto:luiza.furlan@redeicm.org.br\">luiza.furlan@redeicm.org.br<\/a><\/p>\n","protected":false},"excerpt":{"rendered":"<p>Os\u00a0Anos Iniciais\u00a0procuram organizar suas pr\u00e1ticas pedag\u00f3gicas em \u00e1reas de conhecimento articuladas com o desenvolvimento de compet\u00eancias, habilidades e projetos de trabalho, a partir de situa\u00e7\u00f5es de aprendizagem significativas, visando um processo formativo integral e ampliando a socializa\u00e7\u00e3o e o conhecimento atrav\u00e9s de: Coopera\u00e7\u00e3o e Consci\u00eancia Coletiva Inicia\u00e7\u00e3o Cient\u00edfica e Aprendizagem Investigativa Espa\u00e7os L\u00fadicos e Inovadores [&hellip;]<\/p>\n","protected":false},"author":1,"featured_media":117,"parent":0,"menu_order":0,"comment_status":"closed","ping_status":"closed","template":"","meta":{"_acf_changed":false,"footnotes":""},"class_list":["post-114","page","type-page","status-publish","has-post-thumbnail","hentry"],"acf":[],"yoast_head":"<!-- This site is optimized with the Yoast SEO plugin v26.3 - https:\/\/yoast.com\/wordpress\/plugins\/seo\/ -->\n<title>Ensino Fundamental \u2013 Anos Iniciais - Col\u00e9gio Madre B\u00e1rbara | Rede ICM de Educa\u00e7\u00e3o<\/title>\n<meta name=\"robots\" content=\"index, follow, max-snippet:-1, max-image-preview:large, max-video-preview:-1\" \/>\n<link rel=\"canonical\" href=\"https:\/\/redeicm.org.br\/madrebarbara\/ensino-fundamental-anos-iniciais\/\" \/>\n<meta property=\"og:locale\" content=\"pt_BR\" \/>\n<meta property=\"og:type\" content=\"article\" \/>\n<meta property=\"og:title\" content=\"Ensino Fundamental \u2013 Anos Iniciais - Col\u00e9gio Madre B\u00e1rbara | Rede ICM de Educa\u00e7\u00e3o\" \/>\n<meta property=\"og:description\" content=\"Os\u00a0Anos Iniciais\u00a0procuram organizar suas pr\u00e1ticas pedag\u00f3gicas em \u00e1reas de conhecimento articuladas com o desenvolvimento de compet\u00eancias, habilidades e projetos de trabalho, a partir de situa\u00e7\u00f5es de aprendizagem significativas, visando um processo formativo integral e ampliando a socializa\u00e7\u00e3o e o conhecimento atrav\u00e9s de: Coopera\u00e7\u00e3o e Consci\u00eancia Coletiva Inicia\u00e7\u00e3o Cient\u00edfica e Aprendizagem Investigativa Espa\u00e7os L\u00fadicos e Inovadores [&hellip;]\" \/>\n<meta property=\"og:url\" content=\"https:\/\/redeicm.org.br\/madrebarbara\/ensino-fundamental-anos-iniciais\/\" \/>\n<meta property=\"og:site_name\" content=\"Col\u00e9gio Madre B\u00e1rbara | Rede ICM de Educa\u00e7\u00e3o\" \/>\n<meta property=\"article:modified_time\" content=\"2025-08-15T23:49:48+00:00\" \/>\n<meta property=\"og:image\" content=\"https:\/\/redeicm.org.br\/madrebarbara\/wp-content\/uploads\/sites\/17\/2024\/08\/banner-ensino-fundamental-iniciais.jpg\" \/>\n\t<meta property=\"og:image:width\" content=\"1440\" \/>\n\t<meta property=\"og:image:height\" content=\"400\" \/>\n\t<meta property=\"og:image:type\" content=\"image\/jpeg\" \/>\n<meta name=\"twitter:card\" content=\"summary_large_image\" \/>\n<meta name=\"twitter:label1\" content=\"Est. tempo de leitura\" \/>\n\t<meta name=\"twitter:data1\" content=\"2 minutos\" \/>\n<script type=\"application\/ld+json\" class=\"yoast-schema-graph\">{\"@context\":\"https:\/\/schema.org\",\"@graph\":[{\"@type\":\"WebPage\",\"@id\":\"https:\/\/redeicm.org.br\/madrebarbara\/ensino-fundamental-anos-iniciais\/\",\"url\":\"https:\/\/redeicm.org.br\/madrebarbara\/ensino-fundamental-anos-iniciais\/\",\"name\":\"Ensino Fundamental \u2013 Anos Iniciais - Col\u00e9gio Madre B\u00e1rbara | Rede ICM de Educa\u00e7\u00e3o\",\"isPartOf\":{\"@id\":\"https:\/\/redeicm.org.br\/madrebarbara\/#website\"},\"primaryImageOfPage\":{\"@id\":\"https:\/\/redeicm.org.br\/madrebarbara\/ensino-fundamental-anos-iniciais\/#primaryimage\"},\"image\":{\"@id\":\"https:\/\/redeicm.org.br\/madrebarbara\/ensino-fundamental-anos-iniciais\/#primaryimage\"},\"thumbnailUrl\":\"https:\/\/redeicm.org.br\/madrebarbara\/wp-content\/uploads\/sites\/17\/2024\/08\/banner-ensino-fundamental-iniciais.jpg\",\"datePublished\":\"2024-08-16T18:39:08+00:00\",\"dateModified\":\"2025-08-15T23:49:48+00:00\",\"breadcrumb\":{\"@id\":\"https:\/\/redeicm.org.br\/madrebarbara\/ensino-fundamental-anos-iniciais\/#breadcrumb\"},\"inLanguage\":\"pt-BR\",\"potentialAction\":[{\"@type\":\"ReadAction\",\"target\":[\"https:\/\/redeicm.org.br\/madrebarbara\/ensino-fundamental-anos-iniciais\/\"]}]},{\"@type\":\"ImageObject\",\"inLanguage\":\"pt-BR\",\"@id\":\"https:\/\/redeicm.org.br\/madrebarbara\/ensino-fundamental-anos-iniciais\/#primaryimage\",\"url\":\"https:\/\/redeicm.org.br\/madrebarbara\/wp-content\/uploads\/sites\/17\/2024\/08\/banner-ensino-fundamental-iniciais.jpg\",\"contentUrl\":\"https:\/\/redeicm.org.br\/madrebarbara\/wp-content\/uploads\/sites\/17\/2024\/08\/banner-ensino-fundamental-iniciais.jpg\",\"width\":1440,\"height\":400},{\"@type\":\"BreadcrumbList\",\"@id\":\"https:\/\/redeicm.org.br\/madrebarbara\/ensino-fundamental-anos-iniciais\/#breadcrumb\",\"itemListElement\":[{\"@type\":\"ListItem\",\"position\":1,\"name\":\"In\u00edcio\",\"item\":\"https:\/\/redeicm.org.br\/madrebarbara\/\"},{\"@type\":\"ListItem\",\"position\":2,\"name\":\"Ensino Fundamental \u2013 Anos Iniciais\"}]},{\"@type\":\"WebSite\",\"@id\":\"https:\/\/redeicm.org.br\/madrebarbara\/#website\",\"url\":\"https:\/\/redeicm.org.br\/madrebarbara\/\",\"name\":\"Col\u00e9gio Madre B\u00e1rbara | Rede ICM de Educa\u00e7\u00e3o\",\"description\":\"\",\"publisher\":{\"@id\":\"https:\/\/redeicm.org.br\/madrebarbara\/#organization\"},\"potentialAction\":[{\"@type\":\"SearchAction\",\"target\":{\"@type\":\"EntryPoint\",\"urlTemplate\":\"https:\/\/redeicm.org.br\/madrebarbara\/?s={search_term_string}\"},\"query-input\":{\"@type\":\"PropertyValueSpecification\",\"valueRequired\":true,\"valueName\":\"search_term_string\"}}],\"inLanguage\":\"pt-BR\"},{\"@type\":\"Organization\",\"@id\":\"https:\/\/redeicm.org.br\/madrebarbara\/#organization\",\"name\":\"Col\u00e9gio Madre B\u00e1rbara | Rede ICM de Educa\u00e7\u00e3o\",\"url\":\"https:\/\/redeicm.org.br\/madrebarbara\/\",\"logo\":{\"@type\":\"ImageObject\",\"inLanguage\":\"pt-BR\",\"@id\":\"https:\/\/redeicm.org.br\/madrebarbara\/#\/schema\/logo\/image\/\",\"url\":\"https:\/\/redeicm.org.br\/madrebarbara\/wp-content\/uploads\/sites\/17\/2025\/09\/ICM_Educacao_Madre_Barbara_Preferencial_Cores-1024x329-1.png\",\"contentUrl\":\"https:\/\/redeicm.org.br\/madrebarbara\/wp-content\/uploads\/sites\/17\/2025\/09\/ICM_Educacao_Madre_Barbara_Preferencial_Cores-1024x329-1.png\",\"width\":223,\"height\":223,\"caption\":\"Col\u00e9gio Madre B\u00e1rbara | Rede ICM de Educa\u00e7\u00e3o\"},\"image\":{\"@id\":\"https:\/\/redeicm.org.br\/madrebarbara\/#\/schema\/logo\/image\/\"}}]}<\/script>\n<!-- \/ Yoast SEO plugin. -->","yoast_head_json":{"title":"Ensino Fundamental \u2013 Anos Iniciais - Col\u00e9gio Madre B\u00e1rbara | Rede ICM de Educa\u00e7\u00e3o","robots":{"index":"index","follow":"follow","max-snippet":"max-snippet:-1","max-image-preview":"max-image-preview:large","max-video-preview":"max-video-preview:-1"},"canonical":"https:\/\/redeicm.org.br\/madrebarbara\/ensino-fundamental-anos-iniciais\/","og_locale":"pt_BR","og_type":"article","og_title":"Ensino Fundamental \u2013 Anos Iniciais - Col\u00e9gio Madre B\u00e1rbara | Rede ICM de Educa\u00e7\u00e3o","og_description":"Os\u00a0Anos Iniciais\u00a0procuram organizar suas pr\u00e1ticas pedag\u00f3gicas em \u00e1reas de conhecimento articuladas com o desenvolvimento de compet\u00eancias, habilidades e projetos de trabalho, a partir de situa\u00e7\u00f5es de aprendizagem significativas, visando um processo formativo integral e ampliando a socializa\u00e7\u00e3o e o conhecimento atrav\u00e9s de: Coopera\u00e7\u00e3o e Consci\u00eancia Coletiva Inicia\u00e7\u00e3o Cient\u00edfica e Aprendizagem Investigativa Espa\u00e7os L\u00fadicos e Inovadores [&hellip;]","og_url":"https:\/\/redeicm.org.br\/madrebarbara\/ensino-fundamental-anos-iniciais\/","og_site_name":"Col\u00e9gio Madre B\u00e1rbara | Rede ICM de Educa\u00e7\u00e3o","article_modified_time":"2025-08-15T23:49:48+00:00","og_image":[{"width":1440,"height":400,"url":"https:\/\/redeicm.org.br\/madrebarbara\/wp-content\/uploads\/sites\/17\/2024\/08\/banner-ensino-fundamental-iniciais.jpg","type":"image\/jpeg"}],"twitter_card":"summary_large_image","twitter_misc":{"Est. tempo de leitura":"2 minutos"},"schema":{"@context":"https:\/\/schema.org","@graph":[{"@type":"WebPage","@id":"https:\/\/redeicm.org.br\/madrebarbara\/ensino-fundamental-anos-iniciais\/","url":"https:\/\/redeicm.org.br\/madrebarbara\/ensino-fundamental-anos-iniciais\/","name":"Ensino Fundamental \u2013 Anos Iniciais - Col\u00e9gio Madre B\u00e1rbara | Rede ICM de Educa\u00e7\u00e3o","isPartOf":{"@id":"https:\/\/redeicm.org.br\/madrebarbara\/#website"},"primaryImageOfPage":{"@id":"https:\/\/redeicm.org.br\/madrebarbara\/ensino-fundamental-anos-iniciais\/#primaryimage"},"image":{"@id":"https:\/\/redeicm.org.br\/madrebarbara\/ensino-fundamental-anos-iniciais\/#primaryimage"},"thumbnailUrl":"https:\/\/redeicm.org.br\/madrebarbara\/wp-content\/uploads\/sites\/17\/2024\/08\/banner-ensino-fundamental-iniciais.jpg","datePublished":"2024-08-16T18:39:08+00:00","dateModified":"2025-08-15T23:49:48+00:00","breadcrumb":{"@id":"https:\/\/redeicm.org.br\/madrebarbara\/ensino-fundamental-anos-iniciais\/#breadcrumb"},"inLanguage":"pt-BR","potentialAction":[{"@type":"ReadAction","target":["https:\/\/redeicm.org.br\/madrebarbara\/ensino-fundamental-anos-iniciais\/"]}]},{"@type":"ImageObject","inLanguage":"pt-BR","@id":"https:\/\/redeicm.org.br\/madrebarbara\/ensino-fundamental-anos-iniciais\/#primaryimage","url":"https:\/\/redeicm.org.br\/madrebarbara\/wp-content\/uploads\/sites\/17\/2024\/08\/banner-ensino-fundamental-iniciais.jpg","contentUrl":"https:\/\/redeicm.org.br\/madrebarbara\/wp-content\/uploads\/sites\/17\/2024\/08\/banner-ensino-fundamental-iniciais.jpg","width":1440,"height":400},{"@type":"BreadcrumbList","@id":"https:\/\/redeicm.org.br\/madrebarbara\/ensino-fundamental-anos-iniciais\/#breadcrumb","itemListElement":[{"@type":"ListItem","position":1,"name":"In\u00edcio","item":"https:\/\/redeicm.org.br\/madrebarbara\/"},{"@type":"ListItem","position":2,"name":"Ensino Fundamental \u2013 Anos Iniciais"}]},{"@type":"WebSite","@id":"https:\/\/redeicm.org.br\/madrebarbara\/#website","url":"https:\/\/redeicm.org.br\/madrebarbara\/","name":"Col\u00e9gio Madre B\u00e1rbara | Rede ICM de Educa\u00e7\u00e3o","description":"","publisher":{"@id":"https:\/\/redeicm.org.br\/madrebarbara\/#organization"},"potentialAction":[{"@type":"SearchAction","target":{"@type":"EntryPoint","urlTemplate":"https:\/\/redeicm.org.br\/madrebarbara\/?s={search_term_string}"},"query-input":{"@type":"PropertyValueSpecification","valueRequired":true,"valueName":"search_term_string"}}],"inLanguage":"pt-BR"},{"@type":"Organization","@id":"https:\/\/redeicm.org.br\/madrebarbara\/#organization","name":"Col\u00e9gio Madre B\u00e1rbara | Rede ICM de Educa\u00e7\u00e3o","url":"https:\/\/redeicm.org.br\/madrebarbara\/","logo":{"@type":"ImageObject","inLanguage":"pt-BR","@id":"https:\/\/redeicm.org.br\/madrebarbara\/#\/schema\/logo\/image\/","url":"https:\/\/redeicm.org.br\/madrebarbara\/wp-content\/uploads\/sites\/17\/2025\/09\/ICM_Educacao_Madre_Barbara_Preferencial_Cores-1024x329-1.png","contentUrl":"https:\/\/redeicm.org.br\/madrebarbara\/wp-content\/uploads\/sites\/17\/2025\/09\/ICM_Educacao_Madre_Barbara_Preferencial_Cores-1024x329-1.png","width":223,"height":223,"caption":"Col\u00e9gio Madre B\u00e1rbara | Rede ICM de Educa\u00e7\u00e3o"},"image":{"@id":"https:\/\/redeicm.org.br\/madrebarbara\/#\/schema\/logo\/image\/"}}]}},"_links":{"self":[{"href":"https:\/\/redeicm.org.br\/madrebarbara\/wp-json\/wp\/v2\/pages\/114","targetHints":{"allow":["GET"]}}],"collection":[{"href":"https:\/\/redeicm.org.br\/madrebarbara\/wp-json\/wp\/v2\/pages"}],"about":[{"href":"https:\/\/redeicm.org.br\/madrebarbara\/wp-json\/wp\/v2\/types\/page"}],"author":[{"embeddable":true,"href":"https:\/\/redeicm.org.br\/madrebarbara\/wp-json\/wp\/v2\/users\/1"}],"replies":[{"embeddable":true,"href":"https:\/\/redeicm.org.br\/madrebarbara\/wp-json\/wp\/v2\/comments?post=114"}],"version-history":[{"count":4,"href":"https:\/\/redeicm.org.br\/madrebarbara\/wp-json\/wp\/v2\/pages\/114\/revisions"}],"predecessor-version":[{"id":13697,"href":"https:\/\/redeicm.org.br\/madrebarbara\/wp-json\/wp\/v2\/pages\/114\/revisions\/13697"}],"wp:featuredmedia":[{"embeddable":true,"href":"https:\/\/redeicm.org.br\/madrebarbara\/wp-json\/wp\/v2\/media\/117"}],"wp:attachment":[{"href":"https:\/\/redeicm.org.br\/madrebarbara\/wp-json\/wp\/v2\/media?parent=114"}],"curies":[{"name":"wp","href":"https:\/\/api.w.org\/{rel}","templated":true}]}}