{"id":110,"date":"2024-08-16T15:39:07","date_gmt":"2024-08-16T18:39:07","guid":{"rendered":"https:\/\/redeicm.org.br\/madrebarbara\/ensino-fundamental-anos-finais\/"},"modified":"2025-06-24T15:49:11","modified_gmt":"2025-06-24T18:49:11","slug":"ensino-fundamental-anos-finais","status":"publish","type":"page","link":"https:\/\/redeicm.org.br\/madrebarbara\/ensino-fundamental-anos-finais\/","title":{"rendered":"Ensino Fundamental \u2013 Anos Finais"},"content":{"rendered":"\t\t<div data-elementor-type=\"wp-page\" data-elementor-id=\"110\" class=\"elementor elementor-110\" data-elementor-post-type=\"page\">\n\t\t\t\t<div class=\"elementor-element elementor-element-7d9f9446 e-flex e-con-boxed e-con e-parent\" data-id=\"7d9f9446\" data-element_type=\"container\" data-e-type=\"container\" data-settings=\"{&quot;background_background&quot;:&quot;classic&quot;}\">\n\t\t\t\t\t<div class=\"e-con-inner\">\n\t\t\t\t\t<\/div>\n\t\t\t\t<\/div>\n\t\t<div class=\"elementor-element elementor-element-1937eeec e-flex e-con-boxed e-con e-parent\" data-id=\"1937eeec\" data-element_type=\"container\" data-e-type=\"container\">\n\t\t\t\t\t<div class=\"e-con-inner\">\n\t\t\t\t<div class=\"elementor-element elementor-element-2fb7211d elementor-widget elementor-widget-heading\" data-id=\"2fb7211d\" data-element_type=\"widget\" data-e-type=\"widget\" data-widget_type=\"heading.default\">\n\t\t\t\t<div class=\"elementor-widget-container\">\n\t\t\t\t\t<h1 class=\"elementor-heading-title elementor-size-default\">Ensino Fundamental \u2013 Anos Finais<\/h1>\t\t\t\t<\/div>\n\t\t\t\t<\/div>\n\t\t\t\t\t<\/div>\n\t\t\t\t<\/div>\n\t\t<div class=\"elementor-element elementor-element-3bc92487 e-con-full e-flex e-con e-parent\" data-id=\"3bc92487\" data-element_type=\"container\" data-e-type=\"container\">\n\t\t<div class=\"elementor-element elementor-element-31cd7a96 e-flex e-con-boxed e-con e-child\" data-id=\"31cd7a96\" data-element_type=\"container\" data-e-type=\"container\">\n\t\t\t\t\t<div class=\"e-con-inner\">\n\t\t\t\t<div class=\"elementor-element elementor-element-1a72e9a5 elementor-invisible elementor-widget elementor-widget-text-editor\" data-id=\"1a72e9a5\" data-element_type=\"widget\" data-e-type=\"widget\" data-settings=\"{&quot;_animation&quot;:&quot;fadeInUp&quot;}\" data-widget_type=\"text-editor.default\">\n\t\t\t\t<div class=\"elementor-widget-container\">\n\t\t\t\t\t\t\t\t\t<p>Os\u00a0<strong>Anos Finais do Ensino Fundamental\u00a0<\/strong>consolidam os conhecimentos adquiridos, impulsionando o desenvolvimento intelectual do aluno, ampliando suas experi\u00eancias e pr\u00e1ticas socioculturais atrav\u00e9s de:<\/p><ul><li>Protagonismo e Lideran\u00e7a<\/li><li>Cientificidade e Desenvolvimento Tecnol\u00f3gico<\/li><li>Espa\u00e7os Colaborativos e Conectados<\/li><li>Aprender a Aprender<\/li><li>Sustentabilidade e Cuidado com o Mundo<\/li><li>Autogest\u00e3o Financeira<\/li><\/ul><p><strong>Atividades e Projetos:<\/strong><\/p><ul><li style=\"list-style-type: none;\"><ul><li>Mostra Cient\u00edfico-Pedag\u00f3gica;<\/li><li>Viagens de estudos;<\/li><li>Semin\u00e1rios de leitura;<\/li><li>Programa L\u00edder em Mim<\/li><li>Grupo de Orienta\u00e7\u00e3o Sexual Trabalhando Afetividade e Relacionamento<\/li><\/ul><\/li><\/ul><p>\u00a0<\/p><p><strong>Coordenadora Pedag\u00f3gica: Justine Thomas\u00a0<\/strong>\u2013\u00a0<a href=\"mailto:sop@madrebarbara.com.br\">sop@madrebarbara.com.br<\/a><\/p><p><strong>Coordenadora de Etapa: Regiane Pretto \u2013\u00a0<\/strong><a href=\"https:\/\/www.redeicm.org.br\/madrebarbara\/ensino-fundamental-anos-finais\/coetapa@madrebarbara.com.br\">coetapa@madrebarbara.com.br<\/a><\/p>\t\t\t\t\t\t\t\t<\/div>\n\t\t\t\t<\/div>\n\t\t\t\t\t<\/div>\n\t\t\t\t<\/div>\n\t\t\t\t<\/div>\n\t\t\t\t<\/div>\n\t\t","protected":false},"excerpt":{"rendered":"<p>Os\u00a0Anos Finais do Ensino Fundamental\u00a0consolidam os conhecimentos adquiridos, impulsionando o desenvolvimento intelectual do aluno, ampliando suas experi\u00eancias e pr\u00e1ticas socioculturais atrav\u00e9s de: Protagonismo e Lideran\u00e7a Cientificidade e Desenvolvimento Tecnol\u00f3gico Espa\u00e7os Colaborativos e Conectados Aprender a Aprender Sustentabilidade e Cuidado com o Mundo Autogest\u00e3o Financeira Atividades e Projetos: Mostra Cient\u00edfico-Pedag\u00f3gica; Viagens de estudos; Semin\u00e1rios de leitura; [&hellip;]<\/p>\n","protected":false},"author":1,"featured_media":113,"parent":0,"menu_order":0,"comment_status":"closed","ping_status":"closed","template":"","meta":{"_acf_changed":false,"footnotes":""},"class_list":["post-110","page","type-page","status-publish","has-post-thumbnail","hentry"],"acf":[],"yoast_head":"<!-- This site is optimized with the Yoast SEO plugin v26.3 - https:\/\/yoast.com\/wordpress\/plugins\/seo\/ -->\n<title>Ensino Fundamental \u2013 Anos Finais - Col\u00e9gio Madre B\u00e1rbara | Rede ICM de Educa\u00e7\u00e3o<\/title>\n<meta name=\"robots\" content=\"index, follow, max-snippet:-1, max-image-preview:large, max-video-preview:-1\" \/>\n<link rel=\"canonical\" href=\"https:\/\/redeicm.org.br\/madrebarbara\/ensino-fundamental-anos-finais\/\" \/>\n<meta property=\"og:locale\" content=\"pt_BR\" \/>\n<meta property=\"og:type\" content=\"article\" \/>\n<meta property=\"og:title\" content=\"Ensino Fundamental \u2013 Anos Finais - Col\u00e9gio Madre B\u00e1rbara | Rede ICM de Educa\u00e7\u00e3o\" \/>\n<meta property=\"og:description\" content=\"Os\u00a0Anos Finais do Ensino Fundamental\u00a0consolidam os conhecimentos adquiridos, impulsionando o desenvolvimento intelectual do aluno, ampliando suas experi\u00eancias e pr\u00e1ticas socioculturais atrav\u00e9s de: Protagonismo e Lideran\u00e7a Cientificidade e Desenvolvimento Tecnol\u00f3gico Espa\u00e7os Colaborativos e Conectados Aprender a Aprender Sustentabilidade e Cuidado com o Mundo Autogest\u00e3o Financeira Atividades e Projetos: Mostra Cient\u00edfico-Pedag\u00f3gica; Viagens de estudos; Semin\u00e1rios de leitura; [&hellip;]\" \/>\n<meta property=\"og:url\" content=\"https:\/\/redeicm.org.br\/madrebarbara\/ensino-fundamental-anos-finais\/\" \/>\n<meta property=\"og:site_name\" content=\"Col\u00e9gio Madre B\u00e1rbara | Rede ICM de Educa\u00e7\u00e3o\" \/>\n<meta property=\"article:modified_time\" content=\"2025-06-24T18:49:11+00:00\" \/>\n<meta property=\"og:image\" content=\"https:\/\/redeicm.org.br\/madrebarbara\/wp-content\/uploads\/sites\/17\/2024\/08\/banner-ensino-fundamental-finais.jpg\" \/>\n\t<meta property=\"og:image:width\" content=\"1440\" \/>\n\t<meta property=\"og:image:height\" content=\"401\" \/>\n\t<meta property=\"og:image:type\" content=\"image\/jpeg\" \/>\n<meta name=\"twitter:card\" content=\"summary_large_image\" \/>\n<meta name=\"twitter:label1\" content=\"Est. tempo de leitura\" \/>\n\t<meta name=\"twitter:data1\" content=\"1 minuto\" \/>\n<script type=\"application\/ld+json\" class=\"yoast-schema-graph\">{\"@context\":\"https:\/\/schema.org\",\"@graph\":[{\"@type\":\"WebPage\",\"@id\":\"https:\/\/redeicm.org.br\/madrebarbara\/ensino-fundamental-anos-finais\/\",\"url\":\"https:\/\/redeicm.org.br\/madrebarbara\/ensino-fundamental-anos-finais\/\",\"name\":\"Ensino Fundamental \u2013 Anos Finais - Col\u00e9gio Madre B\u00e1rbara | Rede ICM de Educa\u00e7\u00e3o\",\"isPartOf\":{\"@id\":\"https:\/\/redeicm.org.br\/madrebarbara\/#website\"},\"primaryImageOfPage\":{\"@id\":\"https:\/\/redeicm.org.br\/madrebarbara\/ensino-fundamental-anos-finais\/#primaryimage\"},\"image\":{\"@id\":\"https:\/\/redeicm.org.br\/madrebarbara\/ensino-fundamental-anos-finais\/#primaryimage\"},\"thumbnailUrl\":\"https:\/\/redeicm.org.br\/madrebarbara\/wp-content\/uploads\/sites\/17\/2024\/08\/banner-ensino-fundamental-finais.jpg\",\"datePublished\":\"2024-08-16T18:39:07+00:00\",\"dateModified\":\"2025-06-24T18:49:11+00:00\",\"breadcrumb\":{\"@id\":\"https:\/\/redeicm.org.br\/madrebarbara\/ensino-fundamental-anos-finais\/#breadcrumb\"},\"inLanguage\":\"pt-BR\",\"potentialAction\":[{\"@type\":\"ReadAction\",\"target\":[\"https:\/\/redeicm.org.br\/madrebarbara\/ensino-fundamental-anos-finais\/\"]}]},{\"@type\":\"ImageObject\",\"inLanguage\":\"pt-BR\",\"@id\":\"https:\/\/redeicm.org.br\/madrebarbara\/ensino-fundamental-anos-finais\/#primaryimage\",\"url\":\"https:\/\/redeicm.org.br\/madrebarbara\/wp-content\/uploads\/sites\/17\/2024\/08\/banner-ensino-fundamental-finais.jpg\",\"contentUrl\":\"https:\/\/redeicm.org.br\/madrebarbara\/wp-content\/uploads\/sites\/17\/2024\/08\/banner-ensino-fundamental-finais.jpg\",\"width\":1440,\"height\":401},{\"@type\":\"BreadcrumbList\",\"@id\":\"https:\/\/redeicm.org.br\/madrebarbara\/ensino-fundamental-anos-finais\/#breadcrumb\",\"itemListElement\":[{\"@type\":\"ListItem\",\"position\":1,\"name\":\"In\u00edcio\",\"item\":\"https:\/\/redeicm.org.br\/madrebarbara\/\"},{\"@type\":\"ListItem\",\"position\":2,\"name\":\"Ensino Fundamental \u2013 Anos Finais\"}]},{\"@type\":\"WebSite\",\"@id\":\"https:\/\/redeicm.org.br\/madrebarbara\/#website\",\"url\":\"https:\/\/redeicm.org.br\/madrebarbara\/\",\"name\":\"Col\u00e9gio Madre B\u00e1rbara | Rede ICM de Educa\u00e7\u00e3o\",\"description\":\"\",\"publisher\":{\"@id\":\"https:\/\/redeicm.org.br\/madrebarbara\/#organization\"},\"potentialAction\":[{\"@type\":\"SearchAction\",\"target\":{\"@type\":\"EntryPoint\",\"urlTemplate\":\"https:\/\/redeicm.org.br\/madrebarbara\/?s={search_term_string}\"},\"query-input\":{\"@type\":\"PropertyValueSpecification\",\"valueRequired\":true,\"valueName\":\"search_term_string\"}}],\"inLanguage\":\"pt-BR\"},{\"@type\":\"Organization\",\"@id\":\"https:\/\/redeicm.org.br\/madrebarbara\/#organization\",\"name\":\"Col\u00e9gio Madre B\u00e1rbara | Rede ICM de Educa\u00e7\u00e3o\",\"url\":\"https:\/\/redeicm.org.br\/madrebarbara\/\",\"logo\":{\"@type\":\"ImageObject\",\"inLanguage\":\"pt-BR\",\"@id\":\"https:\/\/redeicm.org.br\/madrebarbara\/#\/schema\/logo\/image\/\",\"url\":\"https:\/\/redeicm.org.br\/madrebarbara\/wp-content\/uploads\/sites\/17\/2025\/09\/ICM_Educacao_Madre_Barbara_Preferencial_Cores-1024x329-1.png\",\"contentUrl\":\"https:\/\/redeicm.org.br\/madrebarbara\/wp-content\/uploads\/sites\/17\/2025\/09\/ICM_Educacao_Madre_Barbara_Preferencial_Cores-1024x329-1.png\",\"width\":223,\"height\":223,\"caption\":\"Col\u00e9gio Madre B\u00e1rbara | Rede ICM de Educa\u00e7\u00e3o\"},\"image\":{\"@id\":\"https:\/\/redeicm.org.br\/madrebarbara\/#\/schema\/logo\/image\/\"}}]}<\/script>\n<!-- \/ Yoast SEO plugin. -->","yoast_head_json":{"title":"Ensino Fundamental \u2013 Anos Finais - Col\u00e9gio Madre B\u00e1rbara | Rede ICM de Educa\u00e7\u00e3o","robots":{"index":"index","follow":"follow","max-snippet":"max-snippet:-1","max-image-preview":"max-image-preview:large","max-video-preview":"max-video-preview:-1"},"canonical":"https:\/\/redeicm.org.br\/madrebarbara\/ensino-fundamental-anos-finais\/","og_locale":"pt_BR","og_type":"article","og_title":"Ensino Fundamental \u2013 Anos Finais - Col\u00e9gio Madre B\u00e1rbara | Rede ICM de Educa\u00e7\u00e3o","og_description":"Os\u00a0Anos Finais do Ensino Fundamental\u00a0consolidam os conhecimentos adquiridos, impulsionando o desenvolvimento intelectual do aluno, ampliando suas experi\u00eancias e pr\u00e1ticas socioculturais atrav\u00e9s de: Protagonismo e Lideran\u00e7a Cientificidade e Desenvolvimento Tecnol\u00f3gico Espa\u00e7os Colaborativos e Conectados Aprender a Aprender Sustentabilidade e Cuidado com o Mundo Autogest\u00e3o Financeira Atividades e Projetos: Mostra Cient\u00edfico-Pedag\u00f3gica; Viagens de estudos; Semin\u00e1rios de leitura; [&hellip;]","og_url":"https:\/\/redeicm.org.br\/madrebarbara\/ensino-fundamental-anos-finais\/","og_site_name":"Col\u00e9gio Madre B\u00e1rbara | Rede ICM de Educa\u00e7\u00e3o","article_modified_time":"2025-06-24T18:49:11+00:00","og_image":[{"width":1440,"height":401,"url":"https:\/\/redeicm.org.br\/madrebarbara\/wp-content\/uploads\/sites\/17\/2024\/08\/banner-ensino-fundamental-finais.jpg","type":"image\/jpeg"}],"twitter_card":"summary_large_image","twitter_misc":{"Est. tempo de leitura":"1 minuto"},"schema":{"@context":"https:\/\/schema.org","@graph":[{"@type":"WebPage","@id":"https:\/\/redeicm.org.br\/madrebarbara\/ensino-fundamental-anos-finais\/","url":"https:\/\/redeicm.org.br\/madrebarbara\/ensino-fundamental-anos-finais\/","name":"Ensino Fundamental \u2013 Anos Finais - Col\u00e9gio Madre B\u00e1rbara | Rede ICM de Educa\u00e7\u00e3o","isPartOf":{"@id":"https:\/\/redeicm.org.br\/madrebarbara\/#website"},"primaryImageOfPage":{"@id":"https:\/\/redeicm.org.br\/madrebarbara\/ensino-fundamental-anos-finais\/#primaryimage"},"image":{"@id":"https:\/\/redeicm.org.br\/madrebarbara\/ensino-fundamental-anos-finais\/#primaryimage"},"thumbnailUrl":"https:\/\/redeicm.org.br\/madrebarbara\/wp-content\/uploads\/sites\/17\/2024\/08\/banner-ensino-fundamental-finais.jpg","datePublished":"2024-08-16T18:39:07+00:00","dateModified":"2025-06-24T18:49:11+00:00","breadcrumb":{"@id":"https:\/\/redeicm.org.br\/madrebarbara\/ensino-fundamental-anos-finais\/#breadcrumb"},"inLanguage":"pt-BR","potentialAction":[{"@type":"ReadAction","target":["https:\/\/redeicm.org.br\/madrebarbara\/ensino-fundamental-anos-finais\/"]}]},{"@type":"ImageObject","inLanguage":"pt-BR","@id":"https:\/\/redeicm.org.br\/madrebarbara\/ensino-fundamental-anos-finais\/#primaryimage","url":"https:\/\/redeicm.org.br\/madrebarbara\/wp-content\/uploads\/sites\/17\/2024\/08\/banner-ensino-fundamental-finais.jpg","contentUrl":"https:\/\/redeicm.org.br\/madrebarbara\/wp-content\/uploads\/sites\/17\/2024\/08\/banner-ensino-fundamental-finais.jpg","width":1440,"height":401},{"@type":"BreadcrumbList","@id":"https:\/\/redeicm.org.br\/madrebarbara\/ensino-fundamental-anos-finais\/#breadcrumb","itemListElement":[{"@type":"ListItem","position":1,"name":"In\u00edcio","item":"https:\/\/redeicm.org.br\/madrebarbara\/"},{"@type":"ListItem","position":2,"name":"Ensino Fundamental \u2013 Anos Finais"}]},{"@type":"WebSite","@id":"https:\/\/redeicm.org.br\/madrebarbara\/#website","url":"https:\/\/redeicm.org.br\/madrebarbara\/","name":"Col\u00e9gio Madre B\u00e1rbara | Rede ICM de Educa\u00e7\u00e3o","description":"","publisher":{"@id":"https:\/\/redeicm.org.br\/madrebarbara\/#organization"},"potentialAction":[{"@type":"SearchAction","target":{"@type":"EntryPoint","urlTemplate":"https:\/\/redeicm.org.br\/madrebarbara\/?s={search_term_string}"},"query-input":{"@type":"PropertyValueSpecification","valueRequired":true,"valueName":"search_term_string"}}],"inLanguage":"pt-BR"},{"@type":"Organization","@id":"https:\/\/redeicm.org.br\/madrebarbara\/#organization","name":"Col\u00e9gio Madre B\u00e1rbara | Rede ICM de Educa\u00e7\u00e3o","url":"https:\/\/redeicm.org.br\/madrebarbara\/","logo":{"@type":"ImageObject","inLanguage":"pt-BR","@id":"https:\/\/redeicm.org.br\/madrebarbara\/#\/schema\/logo\/image\/","url":"https:\/\/redeicm.org.br\/madrebarbara\/wp-content\/uploads\/sites\/17\/2025\/09\/ICM_Educacao_Madre_Barbara_Preferencial_Cores-1024x329-1.png","contentUrl":"https:\/\/redeicm.org.br\/madrebarbara\/wp-content\/uploads\/sites\/17\/2025\/09\/ICM_Educacao_Madre_Barbara_Preferencial_Cores-1024x329-1.png","width":223,"height":223,"caption":"Col\u00e9gio Madre B\u00e1rbara | Rede ICM de Educa\u00e7\u00e3o"},"image":{"@id":"https:\/\/redeicm.org.br\/madrebarbara\/#\/schema\/logo\/image\/"}}]}},"_links":{"self":[{"href":"https:\/\/redeicm.org.br\/madrebarbara\/wp-json\/wp\/v2\/pages\/110","targetHints":{"allow":["GET"]}}],"collection":[{"href":"https:\/\/redeicm.org.br\/madrebarbara\/wp-json\/wp\/v2\/pages"}],"about":[{"href":"https:\/\/redeicm.org.br\/madrebarbara\/wp-json\/wp\/v2\/types\/page"}],"author":[{"embeddable":true,"href":"https:\/\/redeicm.org.br\/madrebarbara\/wp-json\/wp\/v2\/users\/1"}],"replies":[{"embeddable":true,"href":"https:\/\/redeicm.org.br\/madrebarbara\/wp-json\/wp\/v2\/comments?post=110"}],"version-history":[{"count":13,"href":"https:\/\/redeicm.org.br\/madrebarbara\/wp-json\/wp\/v2\/pages\/110\/revisions"}],"predecessor-version":[{"id":1150,"href":"https:\/\/redeicm.org.br\/madrebarbara\/wp-json\/wp\/v2\/pages\/110\/revisions\/1150"}],"wp:featuredmedia":[{"embeddable":true,"href":"https:\/\/redeicm.org.br\/madrebarbara\/wp-json\/wp\/v2\/media\/113"}],"wp:attachment":[{"href":"https:\/\/redeicm.org.br\/madrebarbara\/wp-json\/wp\/v2\/media?parent=110"}],"curies":[{"name":"wp","href":"https:\/\/api.w.org\/{rel}","templated":true}]}}