{"id":284,"date":"2024-09-08T16:12:59","date_gmt":"2024-09-08T19:12:59","guid":{"rendered":"https:\/\/redeicm.org.br\/larsaojose\/?page_id=284"},"modified":"2025-06-12T14:30:59","modified_gmt":"2025-06-12T17:30:59","slug":"legislacao-sobre-a-protecao-social-basica","status":"publish","type":"page","link":"https:\/\/redeicm.org.br\/larsaojose\/legislacao-sobre-a-protecao-social-basica\/","title":{"rendered":"Legisla\u00e7\u00e3o sobre a Prote\u00e7\u00e3o Social B\u00e1sica"},"content":{"rendered":"\t\t<div data-elementor-type=\"wp-page\" data-elementor-id=\"284\" class=\"elementor elementor-284\" data-elementor-post-type=\"page\">\n\t\t\t\t<div class=\"elementor-element elementor-element-7d9f9446 e-flex e-con-boxed e-con e-parent\" data-id=\"7d9f9446\" data-element_type=\"container\" data-e-type=\"container\" data-settings=\"{&quot;background_background&quot;:&quot;classic&quot;}\">\n\t\t\t\t\t<div class=\"e-con-inner\">\n\t\t\t\t<div class=\"elementor-element elementor-element-2fb7211d elementor-widget elementor-widget-heading\" data-id=\"2fb7211d\" data-element_type=\"widget\" data-e-type=\"widget\" data-widget_type=\"heading.default\">\n\t\t\t\t<div class=\"elementor-widget-container\">\n\t\t\t\t\t<h1 class=\"elementor-heading-title elementor-size-default\">Legisla\u00e7\u00e3o sobre a Prote\u00e7\u00e3o Social B\u00e1sica<\/h1>\t\t\t\t<\/div>\n\t\t\t\t<\/div>\n\t\t\t\t\t<\/div>\n\t\t\t\t<\/div>\n\t\t<div class=\"elementor-element elementor-element-3bc92487 e-con-full e-flex e-con e-parent\" data-id=\"3bc92487\" data-element_type=\"container\" data-e-type=\"container\">\n\t\t<div class=\"elementor-element elementor-element-31cd7a96 e-flex e-con-boxed e-con e-child\" data-id=\"31cd7a96\" data-element_type=\"container\" data-e-type=\"container\">\n\t\t\t\t\t<div class=\"e-con-inner\">\n\t\t\t\t<div class=\"elementor-element elementor-element-1a72e9a5 elementor-invisible elementor-widget elementor-widget-text-editor\" data-id=\"1a72e9a5\" data-element_type=\"widget\" data-e-type=\"widget\" data-settings=\"{&quot;_animation&quot;:&quot;fadeInUp&quot;}\" data-widget_type=\"text-editor.default\">\n\t\t\t\t<div class=\"elementor-widget-container\">\n\t\t\t\t\t\t\t\t\t<div class=\"w-post-elm post_content\"><h3><strong>Prote\u00e7\u00e3o Social\u00a0<\/strong><\/h3><p>\u00c9 a garantia de inclus\u00e3o a todos os cidad\u00e3os que encontram-se em situa\u00e7\u00e3o de vulnerabilidade e\/ou em situa\u00e7\u00e3o de risco, inserindo-os na rede de Prote\u00e7\u00e3o Social local. A Prote\u00e7\u00e3o Social \u00e9 hierarquizada em B\u00e1sica e Especial.<\/p><h3><strong>Prote\u00e7\u00e3o Social B\u00e1sica<\/strong><\/h3><p>Tem como objetivo prevenir situa\u00e7\u00f5es de risco por meio do desenvolvimento de potencialidades e aquisi\u00e7\u00f5es do fortalecimento de v\u00ednculos familiares e comunit\u00e1rios. Destina-se \u00e0 popula\u00e7\u00e3o que vive em situa\u00e7\u00e3o de vulnerabilidade social decorrente da pobreza, priva\u00e7\u00e3o (aus\u00eancia de renda, prec\u00e1rio ou nulo acesso aos servi\u00e7os p\u00fablicos, dentre outros) e\/ou fragiliza\u00e7\u00e3o de v\u00ednculos afetivos \u2013 relacionais e de pertencimento social (discrimina\u00e7\u00f5es et\u00e1rias, \u00e9tnicas, de g\u00eanero ou por defici\u00eancias, dentre outras).<\/p><p>A Prote\u00e7\u00e3o Social B\u00e1sica tem como porta de entrada do Sistema \u00danico da Assist\u00eancia Social os Centros de Refer\u00eancia de Assist\u00eancia Social \u2013 CRAS.<br \/>Servi\u00e7o de Conviv\u00eancia e Fortalecimento de V\u00ednculos- de car\u00e1ter preventivo e proativo, realizado em grupos, de modo a garantir aquisi\u00e7\u00f5es progressivas aos seus usu\u00e1rios, de acordo com seu ciclo de vida. Destina-se a crian\u00e7as, adolescentes, idosos em situa\u00e7\u00e3o de vulnerabilidade.<\/p><\/div><p>Lei no 12.101, de 27 de novembro de 2009<\/p>\t\t\t\t\t\t\t\t<\/div>\n\t\t\t\t<\/div>\n\t\t\t\t\t<\/div>\n\t\t\t\t<\/div>\n\t\t\t\t<\/div>\n\t\t\t\t<\/div>\n\t\t","protected":false},"excerpt":{"rendered":"<p>Prote\u00e7\u00e3o Social\u00a0 \u00c9 a garantia de inclus\u00e3o a todos os cidad\u00e3os que encontram-se em situa\u00e7\u00e3o de vulnerabilidade e\/ou em situa\u00e7\u00e3o de risco, inserindo-os na rede de Prote\u00e7\u00e3o Social local. A Prote\u00e7\u00e3o Social \u00e9 hierarquizada em B\u00e1sica e Especial. Prote\u00e7\u00e3o Social B\u00e1sica Tem como objetivo prevenir situa\u00e7\u00f5es de risco por meio do desenvolvimento de potencialidades e [&hellip;]<\/p>\n","protected":false},"author":1,"featured_media":113,"parent":0,"menu_order":0,"comment_status":"closed","ping_status":"closed","template":"","meta":{"_acf_changed":false,"footnotes":""},"class_list":["post-284","page","type-page","status-publish","has-post-thumbnail","hentry"],"acf":[],"yoast_head":"<!-- This site is optimized with the Yoast SEO plugin v26.3 - https:\/\/yoast.com\/wordpress\/plugins\/seo\/ -->\n<title>Legisla\u00e7\u00e3o sobre a Prote\u00e7\u00e3o Social B\u00e1sica - Lar S\u00e3o Jos\u00e9 | Rede ICM de Educa\u00e7\u00e3o e Assist\u00eancia Social<\/title>\n<meta name=\"robots\" content=\"index, follow, max-snippet:-1, max-image-preview:large, max-video-preview:-1\" \/>\n<link rel=\"canonical\" href=\"https:\/\/redeicm.org.br\/larsaojose\/legislacao-sobre-a-protecao-social-basica\/\" \/>\n<meta property=\"og:locale\" content=\"pt_BR\" \/>\n<meta property=\"og:type\" content=\"article\" \/>\n<meta property=\"og:title\" content=\"Legisla\u00e7\u00e3o sobre a Prote\u00e7\u00e3o Social B\u00e1sica - Lar S\u00e3o Jos\u00e9 | Rede ICM de Educa\u00e7\u00e3o e Assist\u00eancia Social\" \/>\n<meta property=\"og:description\" content=\"Prote\u00e7\u00e3o Social\u00a0 \u00c9 a garantia de inclus\u00e3o a todos os cidad\u00e3os que encontram-se em situa\u00e7\u00e3o de vulnerabilidade e\/ou em situa\u00e7\u00e3o de risco, inserindo-os na rede de Prote\u00e7\u00e3o Social local. A Prote\u00e7\u00e3o Social \u00e9 hierarquizada em B\u00e1sica e Especial. Prote\u00e7\u00e3o Social B\u00e1sica Tem como objetivo prevenir situa\u00e7\u00f5es de risco por meio do desenvolvimento de potencialidades e [&hellip;]\" \/>\n<meta property=\"og:url\" content=\"https:\/\/redeicm.org.br\/larsaojose\/legislacao-sobre-a-protecao-social-basica\/\" \/>\n<meta property=\"og:site_name\" content=\"Lar S\u00e3o Jos\u00e9 | Rede ICM de Educa\u00e7\u00e3o e Assist\u00eancia Social\" \/>\n<meta property=\"article:modified_time\" content=\"2025-06-12T17:30:59+00:00\" \/>\n<meta property=\"og:image\" content=\"https:\/\/redeicm.org.br\/larsaojose\/wp-content\/uploads\/sites\/16\/2024\/08\/banner-ensino-fundamental-finais.jpg\" \/>\n\t<meta property=\"og:image:width\" content=\"1440\" \/>\n\t<meta property=\"og:image:height\" content=\"401\" \/>\n\t<meta property=\"og:image:type\" content=\"image\/jpeg\" \/>\n<meta name=\"twitter:card\" content=\"summary_large_image\" \/>\n<meta name=\"twitter:label1\" content=\"Est. tempo de leitura\" \/>\n\t<meta name=\"twitter:data1\" content=\"2 minutos\" \/>\n<script type=\"application\/ld+json\" class=\"yoast-schema-graph\">{\"@context\":\"https:\/\/schema.org\",\"@graph\":[{\"@type\":\"WebPage\",\"@id\":\"https:\/\/redeicm.org.br\/larsaojose\/legislacao-sobre-a-protecao-social-basica\/\",\"url\":\"https:\/\/redeicm.org.br\/larsaojose\/legislacao-sobre-a-protecao-social-basica\/\",\"name\":\"Legisla\u00e7\u00e3o sobre a Prote\u00e7\u00e3o Social B\u00e1sica - Lar S\u00e3o Jos\u00e9 | Rede ICM de Educa\u00e7\u00e3o e Assist\u00eancia Social\",\"isPartOf\":{\"@id\":\"https:\/\/redeicm.org.br\/larsaojose\/#website\"},\"primaryImageOfPage\":{\"@id\":\"https:\/\/redeicm.org.br\/larsaojose\/legislacao-sobre-a-protecao-social-basica\/#primaryimage\"},\"image\":{\"@id\":\"https:\/\/redeicm.org.br\/larsaojose\/legislacao-sobre-a-protecao-social-basica\/#primaryimage\"},\"thumbnailUrl\":\"https:\/\/redeicm.org.br\/larsaojose\/wp-content\/uploads\/sites\/16\/2024\/08\/banner-ensino-fundamental-finais.jpg\",\"datePublished\":\"2024-09-08T19:12:59+00:00\",\"dateModified\":\"2025-06-12T17:30:59+00:00\",\"breadcrumb\":{\"@id\":\"https:\/\/redeicm.org.br\/larsaojose\/legislacao-sobre-a-protecao-social-basica\/#breadcrumb\"},\"inLanguage\":\"pt-BR\",\"potentialAction\":[{\"@type\":\"ReadAction\",\"target\":[\"https:\/\/redeicm.org.br\/larsaojose\/legislacao-sobre-a-protecao-social-basica\/\"]}]},{\"@type\":\"ImageObject\",\"inLanguage\":\"pt-BR\",\"@id\":\"https:\/\/redeicm.org.br\/larsaojose\/legislacao-sobre-a-protecao-social-basica\/#primaryimage\",\"url\":\"https:\/\/redeicm.org.br\/larsaojose\/wp-content\/uploads\/sites\/16\/2024\/08\/banner-ensino-fundamental-finais.jpg\",\"contentUrl\":\"https:\/\/redeicm.org.br\/larsaojose\/wp-content\/uploads\/sites\/16\/2024\/08\/banner-ensino-fundamental-finais.jpg\",\"width\":1440,\"height\":401},{\"@type\":\"BreadcrumbList\",\"@id\":\"https:\/\/redeicm.org.br\/larsaojose\/legislacao-sobre-a-protecao-social-basica\/#breadcrumb\",\"itemListElement\":[{\"@type\":\"ListItem\",\"position\":1,\"name\":\"In\u00edcio\",\"item\":\"https:\/\/redeicm.org.br\/larsaojose\/\"},{\"@type\":\"ListItem\",\"position\":2,\"name\":\"Legisla\u00e7\u00e3o sobre a Prote\u00e7\u00e3o Social B\u00e1sica\"}]},{\"@type\":\"WebSite\",\"@id\":\"https:\/\/redeicm.org.br\/larsaojose\/#website\",\"url\":\"https:\/\/redeicm.org.br\/larsaojose\/\",\"name\":\"Lar S\u00e3o Jos\u00e9 | Rede ICM de Educa\u00e7\u00e3o e Assist\u00eancia Social\",\"description\":\"\",\"publisher\":{\"@id\":\"https:\/\/redeicm.org.br\/larsaojose\/#organization\"},\"potentialAction\":[{\"@type\":\"SearchAction\",\"target\":{\"@type\":\"EntryPoint\",\"urlTemplate\":\"https:\/\/redeicm.org.br\/larsaojose\/?s={search_term_string}\"},\"query-input\":{\"@type\":\"PropertyValueSpecification\",\"valueRequired\":true,\"valueName\":\"search_term_string\"}}],\"inLanguage\":\"pt-BR\"},{\"@type\":\"Organization\",\"@id\":\"https:\/\/redeicm.org.br\/larsaojose\/#organization\",\"name\":\"Lar S\u00e3o Jos\u00e9 | Rede ICM de Educa\u00e7\u00e3o e Assist\u00eancia Social\",\"url\":\"https:\/\/redeicm.org.br\/larsaojose\/\",\"logo\":{\"@type\":\"ImageObject\",\"inLanguage\":\"pt-BR\",\"@id\":\"https:\/\/redeicm.org.br\/larsaojose\/#\/schema\/logo\/image\/\",\"url\":\"https:\/\/redeicm.org.br\/larsaojose\/wp-content\/uploads\/sites\/16\/2024\/08\/ICM_Socio_SaoJose_versoes_preferencial-1024x426-1.png\",\"contentUrl\":\"https:\/\/redeicm.org.br\/larsaojose\/wp-content\/uploads\/sites\/16\/2024\/08\/ICM_Socio_SaoJose_versoes_preferencial-1024x426-1.png\",\"width\":1024,\"height\":426,\"caption\":\"Lar S\u00e3o Jos\u00e9 | Rede ICM de Educa\u00e7\u00e3o e Assist\u00eancia Social\"},\"image\":{\"@id\":\"https:\/\/redeicm.org.br\/larsaojose\/#\/schema\/logo\/image\/\"}}]}<\/script>\n<!-- \/ Yoast SEO plugin. -->","yoast_head_json":{"title":"Legisla\u00e7\u00e3o sobre a Prote\u00e7\u00e3o Social B\u00e1sica - Lar S\u00e3o Jos\u00e9 | Rede ICM de Educa\u00e7\u00e3o e Assist\u00eancia Social","robots":{"index":"index","follow":"follow","max-snippet":"max-snippet:-1","max-image-preview":"max-image-preview:large","max-video-preview":"max-video-preview:-1"},"canonical":"https:\/\/redeicm.org.br\/larsaojose\/legislacao-sobre-a-protecao-social-basica\/","og_locale":"pt_BR","og_type":"article","og_title":"Legisla\u00e7\u00e3o sobre a Prote\u00e7\u00e3o Social B\u00e1sica - Lar S\u00e3o Jos\u00e9 | Rede ICM de Educa\u00e7\u00e3o e Assist\u00eancia Social","og_description":"Prote\u00e7\u00e3o Social\u00a0 \u00c9 a garantia de inclus\u00e3o a todos os cidad\u00e3os que encontram-se em situa\u00e7\u00e3o de vulnerabilidade e\/ou em situa\u00e7\u00e3o de risco, inserindo-os na rede de Prote\u00e7\u00e3o Social local. A Prote\u00e7\u00e3o Social \u00e9 hierarquizada em B\u00e1sica e Especial. Prote\u00e7\u00e3o Social B\u00e1sica Tem como objetivo prevenir situa\u00e7\u00f5es de risco por meio do desenvolvimento de potencialidades e [&hellip;]","og_url":"https:\/\/redeicm.org.br\/larsaojose\/legislacao-sobre-a-protecao-social-basica\/","og_site_name":"Lar S\u00e3o Jos\u00e9 | Rede ICM de Educa\u00e7\u00e3o e Assist\u00eancia Social","article_modified_time":"2025-06-12T17:30:59+00:00","og_image":[{"width":1440,"height":401,"url":"https:\/\/redeicm.org.br\/larsaojose\/wp-content\/uploads\/sites\/16\/2024\/08\/banner-ensino-fundamental-finais.jpg","type":"image\/jpeg"}],"twitter_card":"summary_large_image","twitter_misc":{"Est. tempo de leitura":"2 minutos"},"schema":{"@context":"https:\/\/schema.org","@graph":[{"@type":"WebPage","@id":"https:\/\/redeicm.org.br\/larsaojose\/legislacao-sobre-a-protecao-social-basica\/","url":"https:\/\/redeicm.org.br\/larsaojose\/legislacao-sobre-a-protecao-social-basica\/","name":"Legisla\u00e7\u00e3o sobre a Prote\u00e7\u00e3o Social B\u00e1sica - Lar S\u00e3o Jos\u00e9 | Rede ICM de Educa\u00e7\u00e3o e Assist\u00eancia Social","isPartOf":{"@id":"https:\/\/redeicm.org.br\/larsaojose\/#website"},"primaryImageOfPage":{"@id":"https:\/\/redeicm.org.br\/larsaojose\/legislacao-sobre-a-protecao-social-basica\/#primaryimage"},"image":{"@id":"https:\/\/redeicm.org.br\/larsaojose\/legislacao-sobre-a-protecao-social-basica\/#primaryimage"},"thumbnailUrl":"https:\/\/redeicm.org.br\/larsaojose\/wp-content\/uploads\/sites\/16\/2024\/08\/banner-ensino-fundamental-finais.jpg","datePublished":"2024-09-08T19:12:59+00:00","dateModified":"2025-06-12T17:30:59+00:00","breadcrumb":{"@id":"https:\/\/redeicm.org.br\/larsaojose\/legislacao-sobre-a-protecao-social-basica\/#breadcrumb"},"inLanguage":"pt-BR","potentialAction":[{"@type":"ReadAction","target":["https:\/\/redeicm.org.br\/larsaojose\/legislacao-sobre-a-protecao-social-basica\/"]}]},{"@type":"ImageObject","inLanguage":"pt-BR","@id":"https:\/\/redeicm.org.br\/larsaojose\/legislacao-sobre-a-protecao-social-basica\/#primaryimage","url":"https:\/\/redeicm.org.br\/larsaojose\/wp-content\/uploads\/sites\/16\/2024\/08\/banner-ensino-fundamental-finais.jpg","contentUrl":"https:\/\/redeicm.org.br\/larsaojose\/wp-content\/uploads\/sites\/16\/2024\/08\/banner-ensino-fundamental-finais.jpg","width":1440,"height":401},{"@type":"BreadcrumbList","@id":"https:\/\/redeicm.org.br\/larsaojose\/legislacao-sobre-a-protecao-social-basica\/#breadcrumb","itemListElement":[{"@type":"ListItem","position":1,"name":"In\u00edcio","item":"https:\/\/redeicm.org.br\/larsaojose\/"},{"@type":"ListItem","position":2,"name":"Legisla\u00e7\u00e3o sobre a Prote\u00e7\u00e3o Social B\u00e1sica"}]},{"@type":"WebSite","@id":"https:\/\/redeicm.org.br\/larsaojose\/#website","url":"https:\/\/redeicm.org.br\/larsaojose\/","name":"Lar S\u00e3o Jos\u00e9 | Rede ICM de Educa\u00e7\u00e3o e Assist\u00eancia Social","description":"","publisher":{"@id":"https:\/\/redeicm.org.br\/larsaojose\/#organization"},"potentialAction":[{"@type":"SearchAction","target":{"@type":"EntryPoint","urlTemplate":"https:\/\/redeicm.org.br\/larsaojose\/?s={search_term_string}"},"query-input":{"@type":"PropertyValueSpecification","valueRequired":true,"valueName":"search_term_string"}}],"inLanguage":"pt-BR"},{"@type":"Organization","@id":"https:\/\/redeicm.org.br\/larsaojose\/#organization","name":"Lar S\u00e3o Jos\u00e9 | Rede ICM de Educa\u00e7\u00e3o e Assist\u00eancia Social","url":"https:\/\/redeicm.org.br\/larsaojose\/","logo":{"@type":"ImageObject","inLanguage":"pt-BR","@id":"https:\/\/redeicm.org.br\/larsaojose\/#\/schema\/logo\/image\/","url":"https:\/\/redeicm.org.br\/larsaojose\/wp-content\/uploads\/sites\/16\/2024\/08\/ICM_Socio_SaoJose_versoes_preferencial-1024x426-1.png","contentUrl":"https:\/\/redeicm.org.br\/larsaojose\/wp-content\/uploads\/sites\/16\/2024\/08\/ICM_Socio_SaoJose_versoes_preferencial-1024x426-1.png","width":1024,"height":426,"caption":"Lar S\u00e3o Jos\u00e9 | Rede ICM de Educa\u00e7\u00e3o e Assist\u00eancia Social"},"image":{"@id":"https:\/\/redeicm.org.br\/larsaojose\/#\/schema\/logo\/image\/"}}]}},"_links":{"self":[{"href":"https:\/\/redeicm.org.br\/larsaojose\/wp-json\/wp\/v2\/pages\/284","targetHints":{"allow":["GET"]}}],"collection":[{"href":"https:\/\/redeicm.org.br\/larsaojose\/wp-json\/wp\/v2\/pages"}],"about":[{"href":"https:\/\/redeicm.org.br\/larsaojose\/wp-json\/wp\/v2\/types\/page"}],"author":[{"embeddable":true,"href":"https:\/\/redeicm.org.br\/larsaojose\/wp-json\/wp\/v2\/users\/1"}],"replies":[{"embeddable":true,"href":"https:\/\/redeicm.org.br\/larsaojose\/wp-json\/wp\/v2\/comments?post=284"}],"version-history":[{"count":8,"href":"https:\/\/redeicm.org.br\/larsaojose\/wp-json\/wp\/v2\/pages\/284\/revisions"}],"predecessor-version":[{"id":1405,"href":"https:\/\/redeicm.org.br\/larsaojose\/wp-json\/wp\/v2\/pages\/284\/revisions\/1405"}],"wp:featuredmedia":[{"embeddable":true,"href":"https:\/\/redeicm.org.br\/larsaojose\/wp-json\/wp\/v2\/media\/113"}],"wp:attachment":[{"href":"https:\/\/redeicm.org.br\/larsaojose\/wp-json\/wp\/v2\/media?parent=284"}],"curies":[{"name":"wp","href":"https:\/\/api.w.org\/{rel}","templated":true}]}}