{"id":281,"date":"2024-09-08T16:09:57","date_gmt":"2024-09-08T19:09:57","guid":{"rendered":"https:\/\/redeicm.org.br\/larsaojose\/?page_id=281"},"modified":"2026-03-27T14:29:54","modified_gmt":"2026-03-27T17:29:54","slug":"servico-de-convivencia-e-fortalecimento-de-vinculos","status":"publish","type":"page","link":"https:\/\/redeicm.org.br\/larsaojose\/servico-de-convivencia-e-fortalecimento-de-vinculos\/","title":{"rendered":"Servi\u00e7o de Conviv\u00eancia e Fortalecimento de V\u00ednculos"},"content":{"rendered":"\t\t<div data-elementor-type=\"wp-page\" data-elementor-id=\"281\" class=\"elementor elementor-281\" data-elementor-post-type=\"page\">\n\t\t\t\t<div class=\"elementor-element elementor-element-7d9f9446 e-flex e-con-boxed e-con e-parent\" data-id=\"7d9f9446\" data-element_type=\"container\" data-e-type=\"container\" data-settings=\"{&quot;background_background&quot;:&quot;classic&quot;}\">\n\t\t\t\t\t<div class=\"e-con-inner\">\n\t\t\t\t<div class=\"elementor-element elementor-element-2fb7211d elementor-widget elementor-widget-heading\" data-id=\"2fb7211d\" data-element_type=\"widget\" data-e-type=\"widget\" data-widget_type=\"heading.default\">\n\t\t\t\t<div class=\"elementor-widget-container\">\n\t\t\t\t\t<h1 class=\"elementor-heading-title elementor-size-default\">Servi\u00e7o de Conviv\u00eancia e Fortalecimento de V\u00ednculos<\/h1>\t\t\t\t<\/div>\n\t\t\t\t<\/div>\n\t\t\t\t\t<\/div>\n\t\t\t\t<\/div>\n\t\t<div class=\"elementor-element elementor-element-3bc92487 e-con-full e-flex e-con e-parent\" data-id=\"3bc92487\" data-element_type=\"container\" data-e-type=\"container\">\n\t\t<div class=\"elementor-element elementor-element-31cd7a96 e-flex e-con-boxed e-con e-child\" data-id=\"31cd7a96\" data-element_type=\"container\" data-e-type=\"container\">\n\t\t\t\t\t<div class=\"e-con-inner\">\n\t\t\t\t<div class=\"elementor-element elementor-element-1a72e9a5 elementor-invisible elementor-widget elementor-widget-text-editor\" data-id=\"1a72e9a5\" data-element_type=\"widget\" data-e-type=\"widget\" data-settings=\"{&quot;_animation&quot;:&quot;fadeInUp&quot;}\" data-widget_type=\"text-editor.default\">\n\t\t\t\t<div class=\"elementor-widget-container\">\n\t\t\t\t\t\t\t\t\t<div class=\"w-post-elm post_content\"><p>Faixa et\u00e1ria e objetivo<\/p><p>De 06 a 15 anos.<\/p><p>O Lar S\u00e3o Jos\u00e9 tem como objetivo\u00a0 promover a forma\u00e7\u00e3o integral, o desenvolvimento das habilidades f\u00edsicas e mentais e o cuidado com a vida, atrav\u00e9s da viv\u00eancia de valores humanos, \u00e9ticos e religiosos.<\/p><p>O Lar S\u00e3o Jos\u00e9 tem a miss\u00e3o de defender e promover a vida de crian\u00e7as e adolescentes, em situa\u00e7\u00e3o de vulnerabilidade e risco social e pessoal.<\/p><\/div>\t\t\t\t\t\t\t\t<\/div>\n\t\t\t\t<\/div>\n\t\t\t\t\t<\/div>\n\t\t\t\t<\/div>\n\t\t\t\t<\/div>\n\t\t\t\t<\/div>\n\t\t","protected":false},"excerpt":{"rendered":"<p>Faixa et\u00e1ria e objetivo De 06 a 15 anos. O Lar S\u00e3o Jos\u00e9 tem como objetivo\u00a0 promover a forma\u00e7\u00e3o integral, o desenvolvimento das habilidades f\u00edsicas e mentais e o cuidado com a vida, atrav\u00e9s da viv\u00eancia de valores humanos, \u00e9ticos e religiosos. O Lar S\u00e3o Jos\u00e9 tem a miss\u00e3o de defender e promover a vida [&hellip;]<\/p>\n","protected":false},"author":1,"featured_media":113,"parent":0,"menu_order":0,"comment_status":"closed","ping_status":"closed","template":"","meta":{"_acf_changed":false,"footnotes":""},"class_list":["post-281","page","type-page","status-publish","has-post-thumbnail","hentry"],"acf":[],"yoast_head":"<!-- This site is optimized with the Yoast SEO plugin v26.3 - https:\/\/yoast.com\/wordpress\/plugins\/seo\/ -->\n<title>Servi\u00e7o de Conviv\u00eancia e Fortalecimento de V\u00ednculos - Lar S\u00e3o Jos\u00e9 | Rede ICM de Educa\u00e7\u00e3o e Assist\u00eancia Social<\/title>\n<meta name=\"robots\" content=\"index, follow, max-snippet:-1, max-image-preview:large, max-video-preview:-1\" \/>\n<link rel=\"canonical\" href=\"https:\/\/redeicm.org.br\/larsaojose\/servico-de-convivencia-e-fortalecimento-de-vinculos\/\" \/>\n<meta property=\"og:locale\" content=\"pt_BR\" \/>\n<meta property=\"og:type\" content=\"article\" \/>\n<meta property=\"og:title\" content=\"Servi\u00e7o de Conviv\u00eancia e Fortalecimento de V\u00ednculos - Lar S\u00e3o Jos\u00e9 | Rede ICM de Educa\u00e7\u00e3o e Assist\u00eancia Social\" \/>\n<meta property=\"og:description\" content=\"Faixa et\u00e1ria e objetivo De 06 a 15 anos. O Lar S\u00e3o Jos\u00e9 tem como objetivo\u00a0 promover a forma\u00e7\u00e3o integral, o desenvolvimento das habilidades f\u00edsicas e mentais e o cuidado com a vida, atrav\u00e9s da viv\u00eancia de valores humanos, \u00e9ticos e religiosos. O Lar S\u00e3o Jos\u00e9 tem a miss\u00e3o de defender e promover a vida [&hellip;]\" \/>\n<meta property=\"og:url\" content=\"https:\/\/redeicm.org.br\/larsaojose\/servico-de-convivencia-e-fortalecimento-de-vinculos\/\" \/>\n<meta property=\"og:site_name\" content=\"Lar S\u00e3o Jos\u00e9 | Rede ICM de Educa\u00e7\u00e3o e Assist\u00eancia Social\" \/>\n<meta property=\"article:modified_time\" content=\"2026-03-27T17:29:54+00:00\" \/>\n<meta property=\"og:image\" content=\"https:\/\/redeicm.org.br\/larsaojose\/wp-content\/uploads\/sites\/16\/2024\/08\/banner-ensino-fundamental-finais.jpg\" \/>\n\t<meta property=\"og:image:width\" content=\"1440\" \/>\n\t<meta property=\"og:image:height\" content=\"401\" \/>\n\t<meta property=\"og:image:type\" content=\"image\/jpeg\" \/>\n<meta name=\"twitter:card\" content=\"summary_large_image\" \/>\n<meta name=\"twitter:label1\" content=\"Est. tempo de leitura\" \/>\n\t<meta name=\"twitter:data1\" content=\"1 minuto\" \/>\n<script type=\"application\/ld+json\" class=\"yoast-schema-graph\">{\"@context\":\"https:\/\/schema.org\",\"@graph\":[{\"@type\":\"WebPage\",\"@id\":\"https:\/\/redeicm.org.br\/larsaojose\/servico-de-convivencia-e-fortalecimento-de-vinculos\/\",\"url\":\"https:\/\/redeicm.org.br\/larsaojose\/servico-de-convivencia-e-fortalecimento-de-vinculos\/\",\"name\":\"Servi\u00e7o de Conviv\u00eancia e Fortalecimento de V\u00ednculos - Lar S\u00e3o Jos\u00e9 | Rede ICM de Educa\u00e7\u00e3o e Assist\u00eancia Social\",\"isPartOf\":{\"@id\":\"https:\/\/redeicm.org.br\/larsaojose\/#website\"},\"primaryImageOfPage\":{\"@id\":\"https:\/\/redeicm.org.br\/larsaojose\/servico-de-convivencia-e-fortalecimento-de-vinculos\/#primaryimage\"},\"image\":{\"@id\":\"https:\/\/redeicm.org.br\/larsaojose\/servico-de-convivencia-e-fortalecimento-de-vinculos\/#primaryimage\"},\"thumbnailUrl\":\"https:\/\/redeicm.org.br\/larsaojose\/wp-content\/uploads\/sites\/16\/2024\/08\/banner-ensino-fundamental-finais.jpg\",\"datePublished\":\"2024-09-08T19:09:57+00:00\",\"dateModified\":\"2026-03-27T17:29:54+00:00\",\"breadcrumb\":{\"@id\":\"https:\/\/redeicm.org.br\/larsaojose\/servico-de-convivencia-e-fortalecimento-de-vinculos\/#breadcrumb\"},\"inLanguage\":\"pt-BR\",\"potentialAction\":[{\"@type\":\"ReadAction\",\"target\":[\"https:\/\/redeicm.org.br\/larsaojose\/servico-de-convivencia-e-fortalecimento-de-vinculos\/\"]}]},{\"@type\":\"ImageObject\",\"inLanguage\":\"pt-BR\",\"@id\":\"https:\/\/redeicm.org.br\/larsaojose\/servico-de-convivencia-e-fortalecimento-de-vinculos\/#primaryimage\",\"url\":\"https:\/\/redeicm.org.br\/larsaojose\/wp-content\/uploads\/sites\/16\/2024\/08\/banner-ensino-fundamental-finais.jpg\",\"contentUrl\":\"https:\/\/redeicm.org.br\/larsaojose\/wp-content\/uploads\/sites\/16\/2024\/08\/banner-ensino-fundamental-finais.jpg\",\"width\":1440,\"height\":401},{\"@type\":\"BreadcrumbList\",\"@id\":\"https:\/\/redeicm.org.br\/larsaojose\/servico-de-convivencia-e-fortalecimento-de-vinculos\/#breadcrumb\",\"itemListElement\":[{\"@type\":\"ListItem\",\"position\":1,\"name\":\"In\u00edcio\",\"item\":\"https:\/\/redeicm.org.br\/larsaojose\/\"},{\"@type\":\"ListItem\",\"position\":2,\"name\":\"Servi\u00e7o de Conviv\u00eancia e Fortalecimento de V\u00ednculos\"}]},{\"@type\":\"WebSite\",\"@id\":\"https:\/\/redeicm.org.br\/larsaojose\/#website\",\"url\":\"https:\/\/redeicm.org.br\/larsaojose\/\",\"name\":\"Lar S\u00e3o Jos\u00e9 | Rede ICM de Educa\u00e7\u00e3o e Assist\u00eancia Social\",\"description\":\"\",\"publisher\":{\"@id\":\"https:\/\/redeicm.org.br\/larsaojose\/#organization\"},\"potentialAction\":[{\"@type\":\"SearchAction\",\"target\":{\"@type\":\"EntryPoint\",\"urlTemplate\":\"https:\/\/redeicm.org.br\/larsaojose\/?s={search_term_string}\"},\"query-input\":{\"@type\":\"PropertyValueSpecification\",\"valueRequired\":true,\"valueName\":\"search_term_string\"}}],\"inLanguage\":\"pt-BR\"},{\"@type\":\"Organization\",\"@id\":\"https:\/\/redeicm.org.br\/larsaojose\/#organization\",\"name\":\"Lar S\u00e3o Jos\u00e9 | Rede ICM de Educa\u00e7\u00e3o e Assist\u00eancia Social\",\"url\":\"https:\/\/redeicm.org.br\/larsaojose\/\",\"logo\":{\"@type\":\"ImageObject\",\"inLanguage\":\"pt-BR\",\"@id\":\"https:\/\/redeicm.org.br\/larsaojose\/#\/schema\/logo\/image\/\",\"url\":\"https:\/\/redeicm.org.br\/larsaojose\/wp-content\/uploads\/sites\/16\/2024\/08\/ICM_Socio_SaoJose_versoes_preferencial-1024x426-1.png\",\"contentUrl\":\"https:\/\/redeicm.org.br\/larsaojose\/wp-content\/uploads\/sites\/16\/2024\/08\/ICM_Socio_SaoJose_versoes_preferencial-1024x426-1.png\",\"width\":1024,\"height\":426,\"caption\":\"Lar S\u00e3o Jos\u00e9 | Rede ICM de Educa\u00e7\u00e3o e Assist\u00eancia Social\"},\"image\":{\"@id\":\"https:\/\/redeicm.org.br\/larsaojose\/#\/schema\/logo\/image\/\"}}]}<\/script>\n<!-- \/ Yoast SEO plugin. -->","yoast_head_json":{"title":"Servi\u00e7o de Conviv\u00eancia e Fortalecimento de V\u00ednculos - Lar S\u00e3o Jos\u00e9 | Rede ICM de Educa\u00e7\u00e3o e Assist\u00eancia Social","robots":{"index":"index","follow":"follow","max-snippet":"max-snippet:-1","max-image-preview":"max-image-preview:large","max-video-preview":"max-video-preview:-1"},"canonical":"https:\/\/redeicm.org.br\/larsaojose\/servico-de-convivencia-e-fortalecimento-de-vinculos\/","og_locale":"pt_BR","og_type":"article","og_title":"Servi\u00e7o de Conviv\u00eancia e Fortalecimento de V\u00ednculos - Lar S\u00e3o Jos\u00e9 | Rede ICM de Educa\u00e7\u00e3o e Assist\u00eancia Social","og_description":"Faixa et\u00e1ria e objetivo De 06 a 15 anos. O Lar S\u00e3o Jos\u00e9 tem como objetivo\u00a0 promover a forma\u00e7\u00e3o integral, o desenvolvimento das habilidades f\u00edsicas e mentais e o cuidado com a vida, atrav\u00e9s da viv\u00eancia de valores humanos, \u00e9ticos e religiosos. O Lar S\u00e3o Jos\u00e9 tem a miss\u00e3o de defender e promover a vida [&hellip;]","og_url":"https:\/\/redeicm.org.br\/larsaojose\/servico-de-convivencia-e-fortalecimento-de-vinculos\/","og_site_name":"Lar S\u00e3o Jos\u00e9 | Rede ICM de Educa\u00e7\u00e3o e Assist\u00eancia Social","article_modified_time":"2026-03-27T17:29:54+00:00","og_image":[{"width":1440,"height":401,"url":"https:\/\/redeicm.org.br\/larsaojose\/wp-content\/uploads\/sites\/16\/2024\/08\/banner-ensino-fundamental-finais.jpg","type":"image\/jpeg"}],"twitter_card":"summary_large_image","twitter_misc":{"Est. tempo de leitura":"1 minuto"},"schema":{"@context":"https:\/\/schema.org","@graph":[{"@type":"WebPage","@id":"https:\/\/redeicm.org.br\/larsaojose\/servico-de-convivencia-e-fortalecimento-de-vinculos\/","url":"https:\/\/redeicm.org.br\/larsaojose\/servico-de-convivencia-e-fortalecimento-de-vinculos\/","name":"Servi\u00e7o de Conviv\u00eancia e Fortalecimento de V\u00ednculos - Lar S\u00e3o Jos\u00e9 | Rede ICM de Educa\u00e7\u00e3o e Assist\u00eancia Social","isPartOf":{"@id":"https:\/\/redeicm.org.br\/larsaojose\/#website"},"primaryImageOfPage":{"@id":"https:\/\/redeicm.org.br\/larsaojose\/servico-de-convivencia-e-fortalecimento-de-vinculos\/#primaryimage"},"image":{"@id":"https:\/\/redeicm.org.br\/larsaojose\/servico-de-convivencia-e-fortalecimento-de-vinculos\/#primaryimage"},"thumbnailUrl":"https:\/\/redeicm.org.br\/larsaojose\/wp-content\/uploads\/sites\/16\/2024\/08\/banner-ensino-fundamental-finais.jpg","datePublished":"2024-09-08T19:09:57+00:00","dateModified":"2026-03-27T17:29:54+00:00","breadcrumb":{"@id":"https:\/\/redeicm.org.br\/larsaojose\/servico-de-convivencia-e-fortalecimento-de-vinculos\/#breadcrumb"},"inLanguage":"pt-BR","potentialAction":[{"@type":"ReadAction","target":["https:\/\/redeicm.org.br\/larsaojose\/servico-de-convivencia-e-fortalecimento-de-vinculos\/"]}]},{"@type":"ImageObject","inLanguage":"pt-BR","@id":"https:\/\/redeicm.org.br\/larsaojose\/servico-de-convivencia-e-fortalecimento-de-vinculos\/#primaryimage","url":"https:\/\/redeicm.org.br\/larsaojose\/wp-content\/uploads\/sites\/16\/2024\/08\/banner-ensino-fundamental-finais.jpg","contentUrl":"https:\/\/redeicm.org.br\/larsaojose\/wp-content\/uploads\/sites\/16\/2024\/08\/banner-ensino-fundamental-finais.jpg","width":1440,"height":401},{"@type":"BreadcrumbList","@id":"https:\/\/redeicm.org.br\/larsaojose\/servico-de-convivencia-e-fortalecimento-de-vinculos\/#breadcrumb","itemListElement":[{"@type":"ListItem","position":1,"name":"In\u00edcio","item":"https:\/\/redeicm.org.br\/larsaojose\/"},{"@type":"ListItem","position":2,"name":"Servi\u00e7o de Conviv\u00eancia e Fortalecimento de V\u00ednculos"}]},{"@type":"WebSite","@id":"https:\/\/redeicm.org.br\/larsaojose\/#website","url":"https:\/\/redeicm.org.br\/larsaojose\/","name":"Lar S\u00e3o Jos\u00e9 | Rede ICM de Educa\u00e7\u00e3o e Assist\u00eancia Social","description":"","publisher":{"@id":"https:\/\/redeicm.org.br\/larsaojose\/#organization"},"potentialAction":[{"@type":"SearchAction","target":{"@type":"EntryPoint","urlTemplate":"https:\/\/redeicm.org.br\/larsaojose\/?s={search_term_string}"},"query-input":{"@type":"PropertyValueSpecification","valueRequired":true,"valueName":"search_term_string"}}],"inLanguage":"pt-BR"},{"@type":"Organization","@id":"https:\/\/redeicm.org.br\/larsaojose\/#organization","name":"Lar S\u00e3o Jos\u00e9 | Rede ICM de Educa\u00e7\u00e3o e Assist\u00eancia Social","url":"https:\/\/redeicm.org.br\/larsaojose\/","logo":{"@type":"ImageObject","inLanguage":"pt-BR","@id":"https:\/\/redeicm.org.br\/larsaojose\/#\/schema\/logo\/image\/","url":"https:\/\/redeicm.org.br\/larsaojose\/wp-content\/uploads\/sites\/16\/2024\/08\/ICM_Socio_SaoJose_versoes_preferencial-1024x426-1.png","contentUrl":"https:\/\/redeicm.org.br\/larsaojose\/wp-content\/uploads\/sites\/16\/2024\/08\/ICM_Socio_SaoJose_versoes_preferencial-1024x426-1.png","width":1024,"height":426,"caption":"Lar S\u00e3o Jos\u00e9 | Rede ICM de Educa\u00e7\u00e3o e Assist\u00eancia Social"},"image":{"@id":"https:\/\/redeicm.org.br\/larsaojose\/#\/schema\/logo\/image\/"}}]}},"_links":{"self":[{"href":"https:\/\/redeicm.org.br\/larsaojose\/wp-json\/wp\/v2\/pages\/281","targetHints":{"allow":["GET"]}}],"collection":[{"href":"https:\/\/redeicm.org.br\/larsaojose\/wp-json\/wp\/v2\/pages"}],"about":[{"href":"https:\/\/redeicm.org.br\/larsaojose\/wp-json\/wp\/v2\/types\/page"}],"author":[{"embeddable":true,"href":"https:\/\/redeicm.org.br\/larsaojose\/wp-json\/wp\/v2\/users\/1"}],"replies":[{"embeddable":true,"href":"https:\/\/redeicm.org.br\/larsaojose\/wp-json\/wp\/v2\/comments?post=281"}],"version-history":[{"count":7,"href":"https:\/\/redeicm.org.br\/larsaojose\/wp-json\/wp\/v2\/pages\/281\/revisions"}],"predecessor-version":[{"id":1725,"href":"https:\/\/redeicm.org.br\/larsaojose\/wp-json\/wp\/v2\/pages\/281\/revisions\/1725"}],"wp:featuredmedia":[{"embeddable":true,"href":"https:\/\/redeicm.org.br\/larsaojose\/wp-json\/wp\/v2\/media\/113"}],"wp:attachment":[{"href":"https:\/\/redeicm.org.br\/larsaojose\/wp-json\/wp\/v2\/media?parent=281"}],"curies":[{"name":"wp","href":"https:\/\/api.w.org\/{rel}","templated":true}]}}