{"id":270,"date":"2024-09-08T16:07:49","date_gmt":"2024-09-08T19:07:49","guid":{"rendered":"https:\/\/redeicm.org.br\/larsaojose\/?page_id=270"},"modified":"2025-06-12T15:24:11","modified_gmt":"2025-06-12T18:24:11","slug":"historico","status":"publish","type":"page","link":"https:\/\/redeicm.org.br\/larsaojose\/historico\/","title":{"rendered":"Sobre a Unidade Socioassistencial"},"content":{"rendered":"\t\t<div data-elementor-type=\"wp-page\" data-elementor-id=\"270\" class=\"elementor elementor-270\" data-elementor-post-type=\"page\">\n\t\t\t\t<div class=\"elementor-element elementor-element-7d9f9446 e-flex e-con-boxed e-con e-parent\" data-id=\"7d9f9446\" data-element_type=\"container\" data-e-type=\"container\" data-settings=\"{&quot;background_background&quot;:&quot;classic&quot;}\">\n\t\t\t\t\t<div class=\"e-con-inner\">\n\t\t\t\t<div class=\"elementor-element elementor-element-2fb7211d elementor-widget elementor-widget-heading\" data-id=\"2fb7211d\" data-element_type=\"widget\" data-e-type=\"widget\" data-widget_type=\"heading.default\">\n\t\t\t\t<div class=\"elementor-widget-container\">\n\t\t\t\t\t<h1 class=\"elementor-heading-title elementor-size-default\">Sobre a Unidade Socioassistencial<\/h1>\t\t\t\t<\/div>\n\t\t\t\t<\/div>\n\t\t\t\t\t<\/div>\n\t\t\t\t<\/div>\n\t\t<div class=\"elementor-element elementor-element-fee9430 e-con-full e-flex e-con e-parent\" data-id=\"fee9430\" data-element_type=\"container\" data-e-type=\"container\">\n\t\t<div class=\"elementor-element elementor-element-1fa6fe0 e-flex e-con-boxed e-con e-child\" data-id=\"1fa6fe0\" data-element_type=\"container\" data-e-type=\"container\">\n\t\t\t\t\t<div class=\"e-con-inner\">\n\t\t<div class=\"elementor-element elementor-element-593992b e-con-full e-flex e-con e-child\" data-id=\"593992b\" data-element_type=\"container\" data-e-type=\"container\">\n\t\t\t\t<div class=\"elementor-element elementor-element-7fbf5f0 elementor-widget elementor-widget-image\" data-id=\"7fbf5f0\" data-element_type=\"widget\" data-e-type=\"widget\" data-widget_type=\"image.default\">\n\t\t\t\t<div class=\"elementor-widget-container\">\n\t\t\t\t\t\t\t\t\t\t\t\t\t\t\t<img fetchpriority=\"high\" decoding=\"async\" width=\"720\" height=\"557\" src=\"https:\/\/redeicm.org.br\/larsaojose\/wp-content\/uploads\/sites\/16\/2025\/06\/80-1.jpg\" class=\"attachment-medium_large size-medium_large wp-image-1346\" alt=\"\" srcset=\"https:\/\/redeicm.org.br\/larsaojose\/wp-content\/uploads\/sites\/16\/2025\/06\/80-1.jpg 720w, https:\/\/redeicm.org.br\/larsaojose\/wp-content\/uploads\/sites\/16\/2025\/06\/80-1-300x232.jpg 300w\" sizes=\"(max-width: 720px) 100vw, 720px\" \/>\t\t\t\t\t\t\t\t\t\t\t\t\t\t\t<\/div>\n\t\t\t\t<\/div>\n\t\t\t\t<div class=\"elementor-element elementor-element-1aaed42 elementor-widget__width-initial elementor-invisible elementor-widget elementor-widget-text-editor\" data-id=\"1aaed42\" data-element_type=\"widget\" data-e-type=\"widget\" data-settings=\"{&quot;_animation&quot;:&quot;fadeInUp&quot;}\" data-widget_type=\"text-editor.default\">\n\t\t\t\t<div class=\"elementor-widget-container\">\n\t\t\t\t\t\t\t\t\t<h2><strong>Lar S\u00e3o Jos\u00e9<\/strong><\/h2><p>No ano de 1939 a Sra.Francisca Viana da Cunha, vi\u00fava do Sr.Frederico Viana da Cunha, fez a doa\u00e7\u00e3o do im\u00f3vel \u201cQuinta S\u00e3o Jos\u00e9\u201d, local em que est\u00e1 situado o Lar S\u00e3o Jos\u00e9, para a Mitra Arquidiocesana de Porto Alegre. A inten\u00e7\u00e3o da D.Francisca era que, no im\u00f3vel doado fosse constru\u00eddo um orfanato para menores desamparados. Em 08 de abril de 1942, a Mitra Diocesana doou o im\u00f3vel \u00e0 Sociedade Educa\u00e7\u00e3o e Caridade<\/p><p>No dia 19 de novembro de 1942, chegaram a Taquari as duas primeiras Im\u00e3s da Congrega\u00e7\u00e3o, para dar in\u00edcio aos trabalhos desta nova funda\u00e7\u00e3o.\u00a0<\/p><p><img decoding=\"async\" class=\"alignnone size-medium wp-image-1346\" src=\"https:\/\/redeicm.org.br\/larsaojose\/wp-content\/uploads\/sites\/16\/2025\/06\/80-1-300x232.jpg\" alt=\"\" width=\"300\" height=\"232\" srcset=\"https:\/\/redeicm.org.br\/larsaojose\/wp-content\/uploads\/sites\/16\/2025\/06\/80-1-300x232.jpg 300w, https:\/\/redeicm.org.br\/larsaojose\/wp-content\/uploads\/sites\/16\/2025\/06\/80-1.jpg 720w\" sizes=\"(max-width: 300px) 100vw, 300px\" \/><\/p>\t\t\t\t\t\t\t\t<\/div>\n\t\t\t\t<\/div>\n\t\t\t\t<\/div>\n\t\t\t\t<div class=\"elementor-element elementor-element-5fbda57 elementor-widget__width-inherit elementor-invisible elementor-widget elementor-widget-text-editor\" data-id=\"5fbda57\" data-element_type=\"widget\" data-e-type=\"widget\" data-settings=\"{&quot;_animation&quot;:&quot;fadeInUp&quot;}\" data-widget_type=\"text-editor.default\">\n\t\t\t\t<div class=\"elementor-widget-container\">\n\t\t\t\t\t\t\t\t\t<h6>&nbsp;<strong style=\"color: inherit;font-family: inherit;font-size: 2rem\">Inaugura\u00e7\u00e3o<\/strong><\/h6>\n<p>Em 06 de janeiro de 1943, foi inaugurada a Escola S\u00e3o Jos\u00e9, com a finalidade de ministrar cursos de corte e costura, datilografia e trabalhos manuais, habilidades muito importantes e apreciadas na \u00e9poca.<\/p>\n<p>No dia 16 de outubro de 1945 a Congrega\u00e7\u00e3o fez o lan\u00e7amento da pedra fundamental para constru\u00e7\u00e3o de um pr\u00e9dio com o objetivo de cumprir com a finalidade pela qual o im\u00f3vel foi doado: Abrigar menores pobres e desamparados.&nbsp;<\/p>\n<p><img decoding=\"async\" src=\"https:\/\/redeicm.org.br\/larsaojose\/wp-content\/uploads\/sites\/16\/2025\/06\/lar-80-anos-300x196.jpg\" alt=\"\" width=\"300\" height=\"196\"><\/p>\n<p>Em 22 de agosto de 1948, ocorreu a inaugura\u00e7\u00e3o do novo pr\u00e9dio denominado Amparo S\u00e3o Jos\u00e9. No decorrer deste ano os trabalhos tiveram seu in\u00edcio com meninas pobres e desamparadas em regime de internato. Essa modalidade de atendimento prosseguiu at\u00e9 o ano de 1981.&nbsp;<\/p>\n<p>No ano de 1969, o Amparo S\u00e3o Jos\u00e9 recebeu, oficialmente, a denomina\u00e7\u00e3o de Lar S\u00e3o Jos\u00e9.&nbsp;<\/p>\n<p>De 1981 at\u00e9 nossos dias, o Lar S\u00e3o Jos\u00e9 atende crian\u00e7as e adolescentes de ambos os sexos, em turno inverso da escola, atrav\u00e9s do Servi\u00e7o de Prote\u00e7\u00e3o Social B\u00e1sica de Conviv\u00eancia e Fortalecimento de V\u00ednculos.&nbsp;<\/p>\n<p>As crian\u00e7as e adolescentes atendidas s\u00e3o oriundas de fam\u00edlias que vivem em situa\u00e7\u00e3o de vulnerabilidade e risco social e pessoal.&nbsp;<\/p>\n<p>A Unidade disp\u00f5e de espa\u00e7os f\u00edsicos amplos e bem equipados, conta com equipe t\u00e9cnica e um grupo de educadores com forma\u00e7\u00e3o permanente.<\/p>\n<p>As crian\u00e7as e adolescentes recebem alimenta\u00e7\u00e3o e atendimento atrav\u00e9s de grupos de conviv\u00eancia e oficina.&nbsp;<\/p>\n<p><br><\/p>\n<p>O Lar S\u00e3o Jos\u00e9&nbsp; conta com diversos servi\u00e7os de apoio \u00e0 Dire\u00e7\u00e3o:&nbsp;<span style=\"font-weight: bolder\">Servi\u00e7o de Coordena\u00e7\u00e3o Pedag\u00f3gica, Servi\u00e7o de Psicologia, Servi\u00e7o de Assist\u00eancia Social, Servi\u00e7o de Pastoral<\/span>&nbsp;e uma equipe preparada de&nbsp;<span style=\"font-weight: bolder\">Educadores Sociais, Auxiliar Administrativo, Auxiliar de Cozinha, Auxiliar de Limpeza e Auxiliar de Manuten\u00e7\u00e3o.<\/span><\/p>\n<p><br><\/p>\n<h3><strong>Diretoras ao longo dos Anos<\/strong><\/h3>\n<div>\n<p>Desde sua funda\u00e7\u00e3o, o Lar S\u00e3o Jos\u00e9 teve l\u00edderes dedicadas que contribu\u00edram para o crescimento da obra:<\/p>\n<ul style=\"background-color: #ffffff;font-size: 16px\">\n<li style=\"font-size: 16px\">B\u00e1rbara Maix \u2013 Primeira diretora<\/li>\n<li style=\"font-size: 16px\">Madre Maria Bertila do Cora\u00e7\u00e3o de Maria &#8211; 1942, Madre Ivanira do Divino do Espirito Sato,1959, Madre Maria Evangelista &#8211; 1963, Madre Cira de Souza Castro -1967, Irma Albina Maria Fontana &#8211; 1973, Irm\u00e3 Nadir Maria Bertoldo &#8211; 1979, Irm\u00e3 Corina Felippi &#8211; 1985, Irm\u00e3 Elda faccin &#8211; 1991, Irm\u00e3 Grenita Marquetto &#8211; 1996, Ros\u00e2ngela In\u00eas Roehrig&nbsp;2022 e Priscila Cunha (Atual).<\/li>\n<\/ul>\n<\/div>\t\t\t\t\t\t\t\t<\/div>\n\t\t\t\t<\/div>\n\t\t\t\t\t<\/div>\n\t\t\t\t<\/div>\n\t\t\t\t<\/div>\n\t\t\t\t<\/div>\n\t\t","protected":false},"excerpt":{"rendered":"<p>Lar S\u00e3o Jos\u00e9 No ano de 1939 a Sra.Francisca Viana da Cunha, vi\u00fava do Sr.Frederico Viana da Cunha, fez a doa\u00e7\u00e3o do im\u00f3vel \u201cQuinta S\u00e3o Jos\u00e9\u201d, local em que est\u00e1 situado o Lar S\u00e3o Jos\u00e9, para a Mitra Arquidiocesana de Porto Alegre. A inten\u00e7\u00e3o da D.Francisca era que, no im\u00f3vel doado fosse constru\u00eddo um orfanato [&hellip;]<\/p>\n","protected":false},"author":1,"featured_media":113,"parent":0,"menu_order":0,"comment_status":"closed","ping_status":"closed","template":"","meta":{"_acf_changed":false,"footnotes":""},"class_list":["post-270","page","type-page","status-publish","has-post-thumbnail","hentry"],"acf":[],"yoast_head":"<!-- This site is optimized with the Yoast SEO plugin v26.3 - https:\/\/yoast.com\/wordpress\/plugins\/seo\/ -->\n<title>Sobre a Unidade Socioassistencial - Lar S\u00e3o Jos\u00e9 | Rede ICM de Educa\u00e7\u00e3o e Assist\u00eancia Social<\/title>\n<meta name=\"robots\" content=\"index, follow, max-snippet:-1, max-image-preview:large, max-video-preview:-1\" \/>\n<link rel=\"canonical\" href=\"https:\/\/redeicm.org.br\/larsaojose\/historico\/\" \/>\n<meta property=\"og:locale\" content=\"pt_BR\" \/>\n<meta property=\"og:type\" content=\"article\" \/>\n<meta property=\"og:title\" content=\"Sobre a Unidade Socioassistencial - Lar S\u00e3o Jos\u00e9 | Rede ICM de Educa\u00e7\u00e3o e Assist\u00eancia Social\" \/>\n<meta property=\"og:description\" content=\"Lar S\u00e3o Jos\u00e9 No ano de 1939 a Sra.Francisca Viana da Cunha, vi\u00fava do Sr.Frederico Viana da Cunha, fez a doa\u00e7\u00e3o do im\u00f3vel \u201cQuinta S\u00e3o Jos\u00e9\u201d, local em que est\u00e1 situado o Lar S\u00e3o Jos\u00e9, para a Mitra Arquidiocesana de Porto Alegre. A inten\u00e7\u00e3o da D.Francisca era que, no im\u00f3vel doado fosse constru\u00eddo um orfanato [&hellip;]\" \/>\n<meta property=\"og:url\" content=\"https:\/\/redeicm.org.br\/larsaojose\/historico\/\" \/>\n<meta property=\"og:site_name\" content=\"Lar S\u00e3o Jos\u00e9 | Rede ICM de Educa\u00e7\u00e3o e Assist\u00eancia Social\" \/>\n<meta property=\"article:modified_time\" content=\"2025-06-12T18:24:11+00:00\" \/>\n<meta property=\"og:image\" content=\"https:\/\/redeicm.org.br\/larsaojose\/wp-content\/uploads\/sites\/16\/2024\/08\/banner-ensino-fundamental-finais.jpg\" \/>\n\t<meta property=\"og:image:width\" content=\"1440\" \/>\n\t<meta property=\"og:image:height\" content=\"401\" \/>\n\t<meta property=\"og:image:type\" content=\"image\/jpeg\" \/>\n<meta name=\"twitter:card\" content=\"summary_large_image\" \/>\n<meta name=\"twitter:label1\" content=\"Est. tempo de leitura\" \/>\n\t<meta name=\"twitter:data1\" content=\"4 minutos\" \/>\n<script type=\"application\/ld+json\" class=\"yoast-schema-graph\">{\"@context\":\"https:\/\/schema.org\",\"@graph\":[{\"@type\":\"WebPage\",\"@id\":\"https:\/\/redeicm.org.br\/larsaojose\/historico\/\",\"url\":\"https:\/\/redeicm.org.br\/larsaojose\/historico\/\",\"name\":\"Sobre a Unidade Socioassistencial - Lar S\u00e3o Jos\u00e9 | Rede ICM de Educa\u00e7\u00e3o e Assist\u00eancia Social\",\"isPartOf\":{\"@id\":\"https:\/\/redeicm.org.br\/larsaojose\/#website\"},\"primaryImageOfPage\":{\"@id\":\"https:\/\/redeicm.org.br\/larsaojose\/historico\/#primaryimage\"},\"image\":{\"@id\":\"https:\/\/redeicm.org.br\/larsaojose\/historico\/#primaryimage\"},\"thumbnailUrl\":\"https:\/\/redeicm.org.br\/larsaojose\/wp-content\/uploads\/sites\/16\/2024\/08\/banner-ensino-fundamental-finais.jpg\",\"datePublished\":\"2024-09-08T19:07:49+00:00\",\"dateModified\":\"2025-06-12T18:24:11+00:00\",\"breadcrumb\":{\"@id\":\"https:\/\/redeicm.org.br\/larsaojose\/historico\/#breadcrumb\"},\"inLanguage\":\"pt-BR\",\"potentialAction\":[{\"@type\":\"ReadAction\",\"target\":[\"https:\/\/redeicm.org.br\/larsaojose\/historico\/\"]}]},{\"@type\":\"ImageObject\",\"inLanguage\":\"pt-BR\",\"@id\":\"https:\/\/redeicm.org.br\/larsaojose\/historico\/#primaryimage\",\"url\":\"https:\/\/redeicm.org.br\/larsaojose\/wp-content\/uploads\/sites\/16\/2024\/08\/banner-ensino-fundamental-finais.jpg\",\"contentUrl\":\"https:\/\/redeicm.org.br\/larsaojose\/wp-content\/uploads\/sites\/16\/2024\/08\/banner-ensino-fundamental-finais.jpg\",\"width\":1440,\"height\":401},{\"@type\":\"BreadcrumbList\",\"@id\":\"https:\/\/redeicm.org.br\/larsaojose\/historico\/#breadcrumb\",\"itemListElement\":[{\"@type\":\"ListItem\",\"position\":1,\"name\":\"In\u00edcio\",\"item\":\"https:\/\/redeicm.org.br\/larsaojose\/\"},{\"@type\":\"ListItem\",\"position\":2,\"name\":\"Sobre a Unidade Socioassistencial\"}]},{\"@type\":\"WebSite\",\"@id\":\"https:\/\/redeicm.org.br\/larsaojose\/#website\",\"url\":\"https:\/\/redeicm.org.br\/larsaojose\/\",\"name\":\"Lar S\u00e3o Jos\u00e9 | Rede ICM de Educa\u00e7\u00e3o e Assist\u00eancia Social\",\"description\":\"\",\"publisher\":{\"@id\":\"https:\/\/redeicm.org.br\/larsaojose\/#organization\"},\"potentialAction\":[{\"@type\":\"SearchAction\",\"target\":{\"@type\":\"EntryPoint\",\"urlTemplate\":\"https:\/\/redeicm.org.br\/larsaojose\/?s={search_term_string}\"},\"query-input\":{\"@type\":\"PropertyValueSpecification\",\"valueRequired\":true,\"valueName\":\"search_term_string\"}}],\"inLanguage\":\"pt-BR\"},{\"@type\":\"Organization\",\"@id\":\"https:\/\/redeicm.org.br\/larsaojose\/#organization\",\"name\":\"Lar S\u00e3o Jos\u00e9 | Rede ICM de Educa\u00e7\u00e3o e Assist\u00eancia Social\",\"url\":\"https:\/\/redeicm.org.br\/larsaojose\/\",\"logo\":{\"@type\":\"ImageObject\",\"inLanguage\":\"pt-BR\",\"@id\":\"https:\/\/redeicm.org.br\/larsaojose\/#\/schema\/logo\/image\/\",\"url\":\"https:\/\/redeicm.org.br\/larsaojose\/wp-content\/uploads\/sites\/16\/2024\/08\/ICM_Socio_SaoJose_versoes_preferencial-1024x426-1.png\",\"contentUrl\":\"https:\/\/redeicm.org.br\/larsaojose\/wp-content\/uploads\/sites\/16\/2024\/08\/ICM_Socio_SaoJose_versoes_preferencial-1024x426-1.png\",\"width\":1024,\"height\":426,\"caption\":\"Lar S\u00e3o Jos\u00e9 | Rede ICM de Educa\u00e7\u00e3o e Assist\u00eancia Social\"},\"image\":{\"@id\":\"https:\/\/redeicm.org.br\/larsaojose\/#\/schema\/logo\/image\/\"}}]}<\/script>\n<!-- \/ Yoast SEO plugin. -->","yoast_head_json":{"title":"Sobre a Unidade Socioassistencial - Lar S\u00e3o Jos\u00e9 | Rede ICM de Educa\u00e7\u00e3o e Assist\u00eancia Social","robots":{"index":"index","follow":"follow","max-snippet":"max-snippet:-1","max-image-preview":"max-image-preview:large","max-video-preview":"max-video-preview:-1"},"canonical":"https:\/\/redeicm.org.br\/larsaojose\/historico\/","og_locale":"pt_BR","og_type":"article","og_title":"Sobre a Unidade Socioassistencial - Lar S\u00e3o Jos\u00e9 | Rede ICM de Educa\u00e7\u00e3o e Assist\u00eancia Social","og_description":"Lar S\u00e3o Jos\u00e9 No ano de 1939 a Sra.Francisca Viana da Cunha, vi\u00fava do Sr.Frederico Viana da Cunha, fez a doa\u00e7\u00e3o do im\u00f3vel \u201cQuinta S\u00e3o Jos\u00e9\u201d, local em que est\u00e1 situado o Lar S\u00e3o Jos\u00e9, para a Mitra Arquidiocesana de Porto Alegre. A inten\u00e7\u00e3o da D.Francisca era que, no im\u00f3vel doado fosse constru\u00eddo um orfanato [&hellip;]","og_url":"https:\/\/redeicm.org.br\/larsaojose\/historico\/","og_site_name":"Lar S\u00e3o Jos\u00e9 | Rede ICM de Educa\u00e7\u00e3o e Assist\u00eancia Social","article_modified_time":"2025-06-12T18:24:11+00:00","og_image":[{"width":1440,"height":401,"url":"https:\/\/redeicm.org.br\/larsaojose\/wp-content\/uploads\/sites\/16\/2024\/08\/banner-ensino-fundamental-finais.jpg","type":"image\/jpeg"}],"twitter_card":"summary_large_image","twitter_misc":{"Est. tempo de leitura":"4 minutos"},"schema":{"@context":"https:\/\/schema.org","@graph":[{"@type":"WebPage","@id":"https:\/\/redeicm.org.br\/larsaojose\/historico\/","url":"https:\/\/redeicm.org.br\/larsaojose\/historico\/","name":"Sobre a Unidade Socioassistencial - Lar S\u00e3o Jos\u00e9 | Rede ICM de Educa\u00e7\u00e3o e Assist\u00eancia Social","isPartOf":{"@id":"https:\/\/redeicm.org.br\/larsaojose\/#website"},"primaryImageOfPage":{"@id":"https:\/\/redeicm.org.br\/larsaojose\/historico\/#primaryimage"},"image":{"@id":"https:\/\/redeicm.org.br\/larsaojose\/historico\/#primaryimage"},"thumbnailUrl":"https:\/\/redeicm.org.br\/larsaojose\/wp-content\/uploads\/sites\/16\/2024\/08\/banner-ensino-fundamental-finais.jpg","datePublished":"2024-09-08T19:07:49+00:00","dateModified":"2025-06-12T18:24:11+00:00","breadcrumb":{"@id":"https:\/\/redeicm.org.br\/larsaojose\/historico\/#breadcrumb"},"inLanguage":"pt-BR","potentialAction":[{"@type":"ReadAction","target":["https:\/\/redeicm.org.br\/larsaojose\/historico\/"]}]},{"@type":"ImageObject","inLanguage":"pt-BR","@id":"https:\/\/redeicm.org.br\/larsaojose\/historico\/#primaryimage","url":"https:\/\/redeicm.org.br\/larsaojose\/wp-content\/uploads\/sites\/16\/2024\/08\/banner-ensino-fundamental-finais.jpg","contentUrl":"https:\/\/redeicm.org.br\/larsaojose\/wp-content\/uploads\/sites\/16\/2024\/08\/banner-ensino-fundamental-finais.jpg","width":1440,"height":401},{"@type":"BreadcrumbList","@id":"https:\/\/redeicm.org.br\/larsaojose\/historico\/#breadcrumb","itemListElement":[{"@type":"ListItem","position":1,"name":"In\u00edcio","item":"https:\/\/redeicm.org.br\/larsaojose\/"},{"@type":"ListItem","position":2,"name":"Sobre a Unidade Socioassistencial"}]},{"@type":"WebSite","@id":"https:\/\/redeicm.org.br\/larsaojose\/#website","url":"https:\/\/redeicm.org.br\/larsaojose\/","name":"Lar S\u00e3o Jos\u00e9 | Rede ICM de Educa\u00e7\u00e3o e Assist\u00eancia Social","description":"","publisher":{"@id":"https:\/\/redeicm.org.br\/larsaojose\/#organization"},"potentialAction":[{"@type":"SearchAction","target":{"@type":"EntryPoint","urlTemplate":"https:\/\/redeicm.org.br\/larsaojose\/?s={search_term_string}"},"query-input":{"@type":"PropertyValueSpecification","valueRequired":true,"valueName":"search_term_string"}}],"inLanguage":"pt-BR"},{"@type":"Organization","@id":"https:\/\/redeicm.org.br\/larsaojose\/#organization","name":"Lar S\u00e3o Jos\u00e9 | Rede ICM de Educa\u00e7\u00e3o e Assist\u00eancia Social","url":"https:\/\/redeicm.org.br\/larsaojose\/","logo":{"@type":"ImageObject","inLanguage":"pt-BR","@id":"https:\/\/redeicm.org.br\/larsaojose\/#\/schema\/logo\/image\/","url":"https:\/\/redeicm.org.br\/larsaojose\/wp-content\/uploads\/sites\/16\/2024\/08\/ICM_Socio_SaoJose_versoes_preferencial-1024x426-1.png","contentUrl":"https:\/\/redeicm.org.br\/larsaojose\/wp-content\/uploads\/sites\/16\/2024\/08\/ICM_Socio_SaoJose_versoes_preferencial-1024x426-1.png","width":1024,"height":426,"caption":"Lar S\u00e3o Jos\u00e9 | Rede ICM de Educa\u00e7\u00e3o e Assist\u00eancia Social"},"image":{"@id":"https:\/\/redeicm.org.br\/larsaojose\/#\/schema\/logo\/image\/"}}]}},"_links":{"self":[{"href":"https:\/\/redeicm.org.br\/larsaojose\/wp-json\/wp\/v2\/pages\/270","targetHints":{"allow":["GET"]}}],"collection":[{"href":"https:\/\/redeicm.org.br\/larsaojose\/wp-json\/wp\/v2\/pages"}],"about":[{"href":"https:\/\/redeicm.org.br\/larsaojose\/wp-json\/wp\/v2\/types\/page"}],"author":[{"embeddable":true,"href":"https:\/\/redeicm.org.br\/larsaojose\/wp-json\/wp\/v2\/users\/1"}],"replies":[{"embeddable":true,"href":"https:\/\/redeicm.org.br\/larsaojose\/wp-json\/wp\/v2\/comments?post=270"}],"version-history":[{"count":17,"href":"https:\/\/redeicm.org.br\/larsaojose\/wp-json\/wp\/v2\/pages\/270\/revisions"}],"predecessor-version":[{"id":1360,"href":"https:\/\/redeicm.org.br\/larsaojose\/wp-json\/wp\/v2\/pages\/270\/revisions\/1360"}],"wp:featuredmedia":[{"embeddable":true,"href":"https:\/\/redeicm.org.br\/larsaojose\/wp-json\/wp\/v2\/media\/113"}],"wp:attachment":[{"href":"https:\/\/redeicm.org.br\/larsaojose\/wp-json\/wp\/v2\/media?parent=270"}],"curies":[{"name":"wp","href":"https:\/\/api.w.org\/{rel}","templated":true}]}}