{"id":1569,"date":"2025-10-21T10:07:04","date_gmt":"2025-10-21T13:07:04","guid":{"rendered":"https:\/\/redeicm.org.br\/larsaojose\/?page_id=1569"},"modified":"2025-10-21T10:07:04","modified_gmt":"2025-10-21T13:07:04","slug":"lar-sao-jose-presente-na-caminhada-do-outubro-rosa","status":"publish","type":"page","link":"https:\/\/redeicm.org.br\/larsaojose\/lar-sao-jose-presente-na-caminhada-do-outubro-rosa\/","title":{"rendered":"Lar S\u00e3o Jos\u00e9 presente na Caminhada do Outubro Rosa"},"content":{"rendered":"<div class=\"html-div xdj266r x14z9mp xat24cr x1lziwak xexx8yu xyri2b x18d9i69 x1c1uobl\">\n<div class=\"html-div xdj266r x14z9mp xat24cr x1lziwak xexx8yu xyri2b x18d9i69 x1c1uobl\" dir=\"auto\">\n<div class=\"html-div xdj266r x14z9mp xat24cr x1lziwak xexx8yu xyri2b x18d9i69 x1c1uobl\" data-ad-rendering-role=\"story_message\">\n<div id=\"_r_m_\" class=\"x1l90r2v x1iorvi4 x1g0dm76 xpdmqnj\" data-ad-comet-preview=\"message\" data-ad-preview=\"message\">\n<div class=\"x78zum5 xdt5ytf xz62fqu x16ldp7u\">\n<div class=\"xu06os2 x1ok221b\">\n<div class=\"html-div xdj266r x14z9mp xat24cr x1lziwak xexx8yu xyri2b x18d9i69 x1c1uobl\">\n<div class=\"xdj266r x14z9mp xat24cr x1lziwak x1vvkbs x126k92a\">\n<div dir=\"auto\">Lar S\u00e3o Jos\u00e9 presente na Caminhada do Outubro Rosa<\/div>\n<div dir=\"auto\"><\/div>\n<div dir=\"auto\">Colaboradoras do Lar S\u00e3o Jos\u00e9 participaram da caminhada em homenagem ao Outubro Rosa, refor\u00e7ando a import\u00e2ncia da preven\u00e7\u00e3o e do cuidado com a sa\u00fade da mulher.<\/div>\n<\/div>\n<div dir=\"auto\"><\/div>\n<div dir=\"auto\"><img fetchpriority=\"high\" decoding=\"async\" class=\"alignnone size-medium wp-image-1570\" src=\"https:\/\/redeicm.org.br\/larsaojose\/wp-content\/uploads\/sites\/16\/2025\/10\/559576998_18049753298644113_8515001811451227175_n-300x225.jpg\" alt=\"\" width=\"300\" height=\"225\" srcset=\"https:\/\/redeicm.org.br\/larsaojose\/wp-content\/uploads\/sites\/16\/2025\/10\/559576998_18049753298644113_8515001811451227175_n-300x225.jpg 300w, https:\/\/redeicm.org.br\/larsaojose\/wp-content\/uploads\/sites\/16\/2025\/10\/559576998_18049753298644113_8515001811451227175_n-1024x768.jpg 1024w, https:\/\/redeicm.org.br\/larsaojose\/wp-content\/uploads\/sites\/16\/2025\/10\/559576998_18049753298644113_8515001811451227175_n-768x576.jpg 768w, https:\/\/redeicm.org.br\/larsaojose\/wp-content\/uploads\/sites\/16\/2025\/10\/559576998_18049753298644113_8515001811451227175_n.jpg 1440w\" sizes=\"(max-width: 300px) 100vw, 300px\" \/> <img decoding=\"async\" class=\"alignnone size-medium wp-image-1571\" src=\"https:\/\/redeicm.org.br\/larsaojose\/wp-content\/uploads\/sites\/16\/2025\/10\/565348651_18049753316644113_8232307731539401802_n-300x225.jpg\" alt=\"\" width=\"300\" height=\"225\" srcset=\"https:\/\/redeicm.org.br\/larsaojose\/wp-content\/uploads\/sites\/16\/2025\/10\/565348651_18049753316644113_8232307731539401802_n-300x225.jpg 300w, https:\/\/redeicm.org.br\/larsaojose\/wp-content\/uploads\/sites\/16\/2025\/10\/565348651_18049753316644113_8232307731539401802_n-1024x768.jpg 1024w, https:\/\/redeicm.org.br\/larsaojose\/wp-content\/uploads\/sites\/16\/2025\/10\/565348651_18049753316644113_8232307731539401802_n-768x576.jpg 768w, https:\/\/redeicm.org.br\/larsaojose\/wp-content\/uploads\/sites\/16\/2025\/10\/565348651_18049753316644113_8232307731539401802_n.jpg 1200w\" sizes=\"(max-width: 300px) 100vw, 300px\" \/><\/div>\n<div dir=\"auto\"><img decoding=\"async\" class=\"alignnone size-medium wp-image-1572\" src=\"https:\/\/redeicm.org.br\/larsaojose\/wp-content\/uploads\/sites\/16\/2025\/10\/567589580_18049753289644113_5752150240140411448_n-300x225.jpg\" alt=\"\" width=\"300\" height=\"225\" srcset=\"https:\/\/redeicm.org.br\/larsaojose\/wp-content\/uploads\/sites\/16\/2025\/10\/567589580_18049753289644113_5752150240140411448_n-300x225.jpg 300w, https:\/\/redeicm.org.br\/larsaojose\/wp-content\/uploads\/sites\/16\/2025\/10\/567589580_18049753289644113_5752150240140411448_n-1024x768.jpg 1024w, https:\/\/redeicm.org.br\/larsaojose\/wp-content\/uploads\/sites\/16\/2025\/10\/567589580_18049753289644113_5752150240140411448_n-768x576.jpg 768w, https:\/\/redeicm.org.br\/larsaojose\/wp-content\/uploads\/sites\/16\/2025\/10\/567589580_18049753289644113_5752150240140411448_n.jpg 1440w\" sizes=\"(max-width: 300px) 100vw, 300px\" \/> <img loading=\"lazy\" decoding=\"async\" class=\"alignnone size-medium wp-image-1573\" src=\"https:\/\/redeicm.org.br\/larsaojose\/wp-content\/uploads\/sites\/16\/2025\/10\/568498070_18049753307644113_8881207522074064345_n-300x225.jpg\" alt=\"\" width=\"300\" height=\"225\" srcset=\"https:\/\/redeicm.org.br\/larsaojose\/wp-content\/uploads\/sites\/16\/2025\/10\/568498070_18049753307644113_8881207522074064345_n-300x225.jpg 300w, https:\/\/redeicm.org.br\/larsaojose\/wp-content\/uploads\/sites\/16\/2025\/10\/568498070_18049753307644113_8881207522074064345_n-1024x768.jpg 1024w, https:\/\/redeicm.org.br\/larsaojose\/wp-content\/uploads\/sites\/16\/2025\/10\/568498070_18049753307644113_8881207522074064345_n-768x576.jpg 768w, https:\/\/redeicm.org.br\/larsaojose\/wp-content\/uploads\/sites\/16\/2025\/10\/568498070_18049753307644113_8881207522074064345_n.jpg 1440w\" sizes=\"(max-width: 300px) 100vw, 300px\" \/><\/div>\n<\/div>\n<\/div>\n<\/div>\n<\/div>\n<\/div>\n<\/div>\n<div id=\"_r_n_\" class=\"html-div xdj266r x14z9mp xat24cr x1lziwak xexx8yu xyri2b x18d9i69 x1c1uobl x1n2onr6\">\n<div class=\"x1n2onr6\">\n<div class=\"html-div xdj266r x14z9mp xat24cr x1lziwak xexx8yu xyri2b x18d9i69 x1c1uobl x1n2onr6\">\n<div class=\"html-div xdj266r x14z9mp xat24cr x1lziwak xexx8yu xyri2b x18d9i69 x1c1uobl\">\n<div class=\"x1n2onr6\">\n<div class=\"x1n2onr6\">\n<div class=\"x6ikm8r x10wlt62 x10l6tqk\"><\/div>\n<\/div>\n<\/div>\n<\/div>\n<\/div>\n<\/div>\n<\/div>\n<\/div>\n","protected":false},"excerpt":{"rendered":"<p>Lar S\u00e3o Jos\u00e9 presente na Caminhada do Outubro Rosa Colaboradoras do Lar S\u00e3o Jos\u00e9 participaram da caminhada em homenagem ao Outubro Rosa, refor\u00e7ando a import\u00e2ncia da preven\u00e7\u00e3o e do cuidado com a sa\u00fade da mulher.<\/p>\n","protected":false},"author":34,"featured_media":1570,"parent":0,"menu_order":0,"comment_status":"closed","ping_status":"closed","template":"","meta":{"_acf_changed":false,"footnotes":""},"class_list":["post-1569","page","type-page","status-publish","has-post-thumbnail","hentry"],"acf":[],"yoast_head":"<!-- This site is optimized with the Yoast SEO plugin v26.3 - https:\/\/yoast.com\/wordpress\/plugins\/seo\/ -->\n<title>Lar S\u00e3o Jos\u00e9 presente na Caminhada do Outubro Rosa - Lar S\u00e3o Jos\u00e9 | Rede ICM de Educa\u00e7\u00e3o e Assist\u00eancia Social<\/title>\n<meta name=\"robots\" content=\"index, follow, max-snippet:-1, max-image-preview:large, max-video-preview:-1\" \/>\n<link rel=\"canonical\" href=\"https:\/\/redeicm.org.br\/larsaojose\/lar-sao-jose-presente-na-caminhada-do-outubro-rosa\/\" \/>\n<meta property=\"og:locale\" content=\"pt_BR\" \/>\n<meta property=\"og:type\" content=\"article\" \/>\n<meta property=\"og:title\" content=\"Lar S\u00e3o Jos\u00e9 presente na Caminhada do Outubro Rosa - Lar S\u00e3o Jos\u00e9 | Rede ICM de Educa\u00e7\u00e3o e Assist\u00eancia Social\" \/>\n<meta property=\"og:description\" content=\"Lar S\u00e3o Jos\u00e9 presente na Caminhada do Outubro Rosa Colaboradoras do Lar S\u00e3o Jos\u00e9 participaram da caminhada em homenagem ao Outubro Rosa, refor\u00e7ando a import\u00e2ncia da preven\u00e7\u00e3o e do cuidado com a sa\u00fade da mulher.\" \/>\n<meta property=\"og:url\" content=\"https:\/\/redeicm.org.br\/larsaojose\/lar-sao-jose-presente-na-caminhada-do-outubro-rosa\/\" \/>\n<meta property=\"og:site_name\" content=\"Lar S\u00e3o Jos\u00e9 | Rede ICM de Educa\u00e7\u00e3o e Assist\u00eancia Social\" \/>\n<meta property=\"og:image\" content=\"https:\/\/redeicm.org.br\/larsaojose\/wp-content\/uploads\/sites\/16\/2025\/10\/559576998_18049753298644113_8515001811451227175_n.jpg\" \/>\n\t<meta property=\"og:image:width\" content=\"1440\" \/>\n\t<meta property=\"og:image:height\" content=\"1080\" \/>\n\t<meta property=\"og:image:type\" content=\"image\/jpeg\" \/>\n<meta name=\"twitter:card\" content=\"summary_large_image\" \/>\n<meta name=\"twitter:label1\" content=\"Est. tempo de leitura\" \/>\n\t<meta name=\"twitter:data1\" content=\"2 minutos\" \/>\n<script type=\"application\/ld+json\" class=\"yoast-schema-graph\">{\"@context\":\"https:\/\/schema.org\",\"@graph\":[{\"@type\":\"WebPage\",\"@id\":\"https:\/\/redeicm.org.br\/larsaojose\/lar-sao-jose-presente-na-caminhada-do-outubro-rosa\/\",\"url\":\"https:\/\/redeicm.org.br\/larsaojose\/lar-sao-jose-presente-na-caminhada-do-outubro-rosa\/\",\"name\":\"Lar S\u00e3o Jos\u00e9 presente na Caminhada do Outubro Rosa - Lar S\u00e3o Jos\u00e9 | Rede ICM de Educa\u00e7\u00e3o e Assist\u00eancia Social\",\"isPartOf\":{\"@id\":\"https:\/\/redeicm.org.br\/larsaojose\/#website\"},\"primaryImageOfPage\":{\"@id\":\"https:\/\/redeicm.org.br\/larsaojose\/lar-sao-jose-presente-na-caminhada-do-outubro-rosa\/#primaryimage\"},\"image\":{\"@id\":\"https:\/\/redeicm.org.br\/larsaojose\/lar-sao-jose-presente-na-caminhada-do-outubro-rosa\/#primaryimage\"},\"thumbnailUrl\":\"https:\/\/redeicm.org.br\/larsaojose\/wp-content\/uploads\/sites\/16\/2025\/10\/559576998_18049753298644113_8515001811451227175_n.jpg\",\"datePublished\":\"2025-10-21T13:07:04+00:00\",\"breadcrumb\":{\"@id\":\"https:\/\/redeicm.org.br\/larsaojose\/lar-sao-jose-presente-na-caminhada-do-outubro-rosa\/#breadcrumb\"},\"inLanguage\":\"pt-BR\",\"potentialAction\":[{\"@type\":\"ReadAction\",\"target\":[\"https:\/\/redeicm.org.br\/larsaojose\/lar-sao-jose-presente-na-caminhada-do-outubro-rosa\/\"]}]},{\"@type\":\"ImageObject\",\"inLanguage\":\"pt-BR\",\"@id\":\"https:\/\/redeicm.org.br\/larsaojose\/lar-sao-jose-presente-na-caminhada-do-outubro-rosa\/#primaryimage\",\"url\":\"https:\/\/redeicm.org.br\/larsaojose\/wp-content\/uploads\/sites\/16\/2025\/10\/559576998_18049753298644113_8515001811451227175_n.jpg\",\"contentUrl\":\"https:\/\/redeicm.org.br\/larsaojose\/wp-content\/uploads\/sites\/16\/2025\/10\/559576998_18049753298644113_8515001811451227175_n.jpg\",\"width\":1440,\"height\":1080},{\"@type\":\"BreadcrumbList\",\"@id\":\"https:\/\/redeicm.org.br\/larsaojose\/lar-sao-jose-presente-na-caminhada-do-outubro-rosa\/#breadcrumb\",\"itemListElement\":[{\"@type\":\"ListItem\",\"position\":1,\"name\":\"In\u00edcio\",\"item\":\"https:\/\/redeicm.org.br\/larsaojose\/\"},{\"@type\":\"ListItem\",\"position\":2,\"name\":\"Lar S\u00e3o Jos\u00e9 presente na Caminhada do Outubro Rosa\"}]},{\"@type\":\"WebSite\",\"@id\":\"https:\/\/redeicm.org.br\/larsaojose\/#website\",\"url\":\"https:\/\/redeicm.org.br\/larsaojose\/\",\"name\":\"Lar S\u00e3o Jos\u00e9 | Rede ICM de Educa\u00e7\u00e3o e Assist\u00eancia Social\",\"description\":\"\",\"publisher\":{\"@id\":\"https:\/\/redeicm.org.br\/larsaojose\/#organization\"},\"potentialAction\":[{\"@type\":\"SearchAction\",\"target\":{\"@type\":\"EntryPoint\",\"urlTemplate\":\"https:\/\/redeicm.org.br\/larsaojose\/?s={search_term_string}\"},\"query-input\":{\"@type\":\"PropertyValueSpecification\",\"valueRequired\":true,\"valueName\":\"search_term_string\"}}],\"inLanguage\":\"pt-BR\"},{\"@type\":\"Organization\",\"@id\":\"https:\/\/redeicm.org.br\/larsaojose\/#organization\",\"name\":\"Lar S\u00e3o Jos\u00e9 | Rede ICM de Educa\u00e7\u00e3o e Assist\u00eancia Social\",\"url\":\"https:\/\/redeicm.org.br\/larsaojose\/\",\"logo\":{\"@type\":\"ImageObject\",\"inLanguage\":\"pt-BR\",\"@id\":\"https:\/\/redeicm.org.br\/larsaojose\/#\/schema\/logo\/image\/\",\"url\":\"https:\/\/redeicm.org.br\/larsaojose\/wp-content\/uploads\/sites\/16\/2024\/08\/ICM_Socio_SaoJose_versoes_preferencial-1024x426-1.png\",\"contentUrl\":\"https:\/\/redeicm.org.br\/larsaojose\/wp-content\/uploads\/sites\/16\/2024\/08\/ICM_Socio_SaoJose_versoes_preferencial-1024x426-1.png\",\"width\":1024,\"height\":426,\"caption\":\"Lar S\u00e3o Jos\u00e9 | Rede ICM de Educa\u00e7\u00e3o e Assist\u00eancia Social\"},\"image\":{\"@id\":\"https:\/\/redeicm.org.br\/larsaojose\/#\/schema\/logo\/image\/\"}}]}<\/script>\n<!-- \/ Yoast SEO plugin. -->","yoast_head_json":{"title":"Lar S\u00e3o Jos\u00e9 presente na Caminhada do Outubro Rosa - Lar S\u00e3o Jos\u00e9 | Rede ICM de Educa\u00e7\u00e3o e Assist\u00eancia Social","robots":{"index":"index","follow":"follow","max-snippet":"max-snippet:-1","max-image-preview":"max-image-preview:large","max-video-preview":"max-video-preview:-1"},"canonical":"https:\/\/redeicm.org.br\/larsaojose\/lar-sao-jose-presente-na-caminhada-do-outubro-rosa\/","og_locale":"pt_BR","og_type":"article","og_title":"Lar S\u00e3o Jos\u00e9 presente na Caminhada do Outubro Rosa - Lar S\u00e3o Jos\u00e9 | Rede ICM de Educa\u00e7\u00e3o e Assist\u00eancia Social","og_description":"Lar S\u00e3o Jos\u00e9 presente na Caminhada do Outubro Rosa Colaboradoras do Lar S\u00e3o Jos\u00e9 participaram da caminhada em homenagem ao Outubro Rosa, refor\u00e7ando a import\u00e2ncia da preven\u00e7\u00e3o e do cuidado com a sa\u00fade da mulher.","og_url":"https:\/\/redeicm.org.br\/larsaojose\/lar-sao-jose-presente-na-caminhada-do-outubro-rosa\/","og_site_name":"Lar S\u00e3o Jos\u00e9 | Rede ICM de Educa\u00e7\u00e3o e Assist\u00eancia Social","og_image":[{"width":1440,"height":1080,"url":"https:\/\/redeicm.org.br\/larsaojose\/wp-content\/uploads\/sites\/16\/2025\/10\/559576998_18049753298644113_8515001811451227175_n.jpg","type":"image\/jpeg"}],"twitter_card":"summary_large_image","twitter_misc":{"Est. tempo de leitura":"2 minutos"},"schema":{"@context":"https:\/\/schema.org","@graph":[{"@type":"WebPage","@id":"https:\/\/redeicm.org.br\/larsaojose\/lar-sao-jose-presente-na-caminhada-do-outubro-rosa\/","url":"https:\/\/redeicm.org.br\/larsaojose\/lar-sao-jose-presente-na-caminhada-do-outubro-rosa\/","name":"Lar S\u00e3o Jos\u00e9 presente na Caminhada do Outubro Rosa - Lar S\u00e3o Jos\u00e9 | Rede ICM de Educa\u00e7\u00e3o e Assist\u00eancia Social","isPartOf":{"@id":"https:\/\/redeicm.org.br\/larsaojose\/#website"},"primaryImageOfPage":{"@id":"https:\/\/redeicm.org.br\/larsaojose\/lar-sao-jose-presente-na-caminhada-do-outubro-rosa\/#primaryimage"},"image":{"@id":"https:\/\/redeicm.org.br\/larsaojose\/lar-sao-jose-presente-na-caminhada-do-outubro-rosa\/#primaryimage"},"thumbnailUrl":"https:\/\/redeicm.org.br\/larsaojose\/wp-content\/uploads\/sites\/16\/2025\/10\/559576998_18049753298644113_8515001811451227175_n.jpg","datePublished":"2025-10-21T13:07:04+00:00","breadcrumb":{"@id":"https:\/\/redeicm.org.br\/larsaojose\/lar-sao-jose-presente-na-caminhada-do-outubro-rosa\/#breadcrumb"},"inLanguage":"pt-BR","potentialAction":[{"@type":"ReadAction","target":["https:\/\/redeicm.org.br\/larsaojose\/lar-sao-jose-presente-na-caminhada-do-outubro-rosa\/"]}]},{"@type":"ImageObject","inLanguage":"pt-BR","@id":"https:\/\/redeicm.org.br\/larsaojose\/lar-sao-jose-presente-na-caminhada-do-outubro-rosa\/#primaryimage","url":"https:\/\/redeicm.org.br\/larsaojose\/wp-content\/uploads\/sites\/16\/2025\/10\/559576998_18049753298644113_8515001811451227175_n.jpg","contentUrl":"https:\/\/redeicm.org.br\/larsaojose\/wp-content\/uploads\/sites\/16\/2025\/10\/559576998_18049753298644113_8515001811451227175_n.jpg","width":1440,"height":1080},{"@type":"BreadcrumbList","@id":"https:\/\/redeicm.org.br\/larsaojose\/lar-sao-jose-presente-na-caminhada-do-outubro-rosa\/#breadcrumb","itemListElement":[{"@type":"ListItem","position":1,"name":"In\u00edcio","item":"https:\/\/redeicm.org.br\/larsaojose\/"},{"@type":"ListItem","position":2,"name":"Lar S\u00e3o Jos\u00e9 presente na Caminhada do Outubro Rosa"}]},{"@type":"WebSite","@id":"https:\/\/redeicm.org.br\/larsaojose\/#website","url":"https:\/\/redeicm.org.br\/larsaojose\/","name":"Lar S\u00e3o Jos\u00e9 | Rede ICM de Educa\u00e7\u00e3o e Assist\u00eancia Social","description":"","publisher":{"@id":"https:\/\/redeicm.org.br\/larsaojose\/#organization"},"potentialAction":[{"@type":"SearchAction","target":{"@type":"EntryPoint","urlTemplate":"https:\/\/redeicm.org.br\/larsaojose\/?s={search_term_string}"},"query-input":{"@type":"PropertyValueSpecification","valueRequired":true,"valueName":"search_term_string"}}],"inLanguage":"pt-BR"},{"@type":"Organization","@id":"https:\/\/redeicm.org.br\/larsaojose\/#organization","name":"Lar S\u00e3o Jos\u00e9 | Rede ICM de Educa\u00e7\u00e3o e Assist\u00eancia Social","url":"https:\/\/redeicm.org.br\/larsaojose\/","logo":{"@type":"ImageObject","inLanguage":"pt-BR","@id":"https:\/\/redeicm.org.br\/larsaojose\/#\/schema\/logo\/image\/","url":"https:\/\/redeicm.org.br\/larsaojose\/wp-content\/uploads\/sites\/16\/2024\/08\/ICM_Socio_SaoJose_versoes_preferencial-1024x426-1.png","contentUrl":"https:\/\/redeicm.org.br\/larsaojose\/wp-content\/uploads\/sites\/16\/2024\/08\/ICM_Socio_SaoJose_versoes_preferencial-1024x426-1.png","width":1024,"height":426,"caption":"Lar S\u00e3o Jos\u00e9 | Rede ICM de Educa\u00e7\u00e3o e Assist\u00eancia Social"},"image":{"@id":"https:\/\/redeicm.org.br\/larsaojose\/#\/schema\/logo\/image\/"}}]}},"_links":{"self":[{"href":"https:\/\/redeicm.org.br\/larsaojose\/wp-json\/wp\/v2\/pages\/1569","targetHints":{"allow":["GET"]}}],"collection":[{"href":"https:\/\/redeicm.org.br\/larsaojose\/wp-json\/wp\/v2\/pages"}],"about":[{"href":"https:\/\/redeicm.org.br\/larsaojose\/wp-json\/wp\/v2\/types\/page"}],"author":[{"embeddable":true,"href":"https:\/\/redeicm.org.br\/larsaojose\/wp-json\/wp\/v2\/users\/34"}],"replies":[{"embeddable":true,"href":"https:\/\/redeicm.org.br\/larsaojose\/wp-json\/wp\/v2\/comments?post=1569"}],"version-history":[{"count":1,"href":"https:\/\/redeicm.org.br\/larsaojose\/wp-json\/wp\/v2\/pages\/1569\/revisions"}],"predecessor-version":[{"id":1574,"href":"https:\/\/redeicm.org.br\/larsaojose\/wp-json\/wp\/v2\/pages\/1569\/revisions\/1574"}],"wp:featuredmedia":[{"embeddable":true,"href":"https:\/\/redeicm.org.br\/larsaojose\/wp-json\/wp\/v2\/media\/1570"}],"wp:attachment":[{"href":"https:\/\/redeicm.org.br\/larsaojose\/wp-json\/wp\/v2\/media?parent=1569"}],"curies":[{"name":"wp","href":"https:\/\/api.w.org\/{rel}","templated":true}]}}