{"id":322,"date":"2024-08-21T18:05:16","date_gmt":"2024-08-21T21:05:16","guid":{"rendered":"https:\/\/redeicm.org.br\/institutosaobenedito\/?page_id=322"},"modified":"2025-06-12T10:20:00","modified_gmt":"2025-06-12T13:20:00","slug":"secretaria","status":"publish","type":"page","link":"https:\/\/redeicm.org.br\/institutosaobenedito\/secretaria\/","title":{"rendered":"Secretaria"},"content":{"rendered":"\t\t<div data-elementor-type=\"wp-page\" data-elementor-id=\"322\" class=\"elementor elementor-322\" data-elementor-post-type=\"page\">\n\t\t\t\t<div class=\"elementor-element elementor-element-4218b99c e-flex e-con-boxed e-con e-parent\" data-id=\"4218b99c\" data-element_type=\"container\" data-e-type=\"container\" data-settings=\"{&quot;background_background&quot;:&quot;classic&quot;}\">\n\t\t\t\t\t<div class=\"e-con-inner\">\n\t\t\t\t<div class=\"elementor-element elementor-element-7468e21e elementor-widget elementor-widget-heading\" data-id=\"7468e21e\" data-element_type=\"widget\" data-e-type=\"widget\" data-widget_type=\"heading.default\">\n\t\t\t\t<div class=\"elementor-widget-container\">\n\t\t\t\t\t<h1 class=\"elementor-heading-title elementor-size-default\">Secretaria<\/h1>\t\t\t\t<\/div>\n\t\t\t\t<\/div>\n\t\t\t\t\t<\/div>\n\t\t\t\t<\/div>\n\t\t<div class=\"elementor-element elementor-element-db5e3d3 e-flex e-con-boxed e-con e-child\" data-id=\"db5e3d3\" data-element_type=\"container\" data-e-type=\"container\">\n\t\t\t\t\t<div class=\"e-con-inner\">\n\t\t\t\t<div class=\"elementor-element elementor-element-47aac44 elementor-invisible elementor-widget elementor-widget-text-editor\" data-id=\"47aac44\" data-element_type=\"widget\" data-e-type=\"widget\" data-settings=\"{&quot;_animation&quot;:&quot;fadeInUp&quot;}\" data-widget_type=\"text-editor.default\">\n\t\t\t\t<div class=\"elementor-widget-container\">\n\t\t\t\t\t\t\t\t\t<div class=\"l-canvas type_wide\"><main id=\"page-content\" class=\"l-main\"><\/main><div class=\"l-main\"><div class=\"l-main-h i-cf\"><div class=\"l-content\"><section class=\"l-section\"><div class=\"l-section-h i-cf\"><p><strong>Hor\u00e1rios de Funcionamento:<\/strong><\/p><p>De segunda \u00e0 sexta das 8h 00min \u00e0s 17h 00 min<\/p><p><strong>Secret\u00e1rias<\/strong><br \/>Maria Eduarda Avari da Silva \u2013 Ir. Dirce Schneider<\/p><\/div><\/section><\/div><\/div><\/div><p>\u00a0<\/p><\/div>\t\t\t\t\t\t\t\t<\/div>\n\t\t\t\t<\/div>\n\t\t\t\t\t<\/div>\n\t\t\t\t<\/div>\n\t\t\t\t<\/div>\n\t\t","protected":false},"excerpt":{"rendered":"<p>&nbsp; Hor\u00e1rios de Funcionamento: De segunda \u00e0 sexta das 8h 00min \u00e0s 17h 00 min Secret\u00e1rias Maria Eduarda Avari da Silva \u2013 Ir. Dirce Schneider<\/p>\n","protected":false},"author":1,"featured_media":121,"parent":0,"menu_order":0,"comment_status":"closed","ping_status":"closed","template":"","meta":{"_acf_changed":false,"footnotes":""},"class_list":["post-322","page","type-page","status-publish","has-post-thumbnail","hentry"],"acf":[],"yoast_head":"<!-- This site is optimized with the Yoast SEO plugin v26.3 - https:\/\/yoast.com\/wordpress\/plugins\/seo\/ -->\n<title>Secretaria - Instituto S\u00e3o Benedito | Rede ICM de Educa\u00e7\u00e3o e Assist\u00eancia Social<\/title>\n<meta name=\"robots\" content=\"index, follow, max-snippet:-1, max-image-preview:large, max-video-preview:-1\" \/>\n<link rel=\"canonical\" href=\"https:\/\/redeicm.org.br\/institutosaobenedito\/secretaria\/\" \/>\n<meta property=\"og:locale\" content=\"pt_BR\" \/>\n<meta property=\"og:type\" content=\"article\" \/>\n<meta property=\"og:title\" content=\"Secretaria - Instituto S\u00e3o Benedito | Rede ICM de Educa\u00e7\u00e3o e Assist\u00eancia Social\" \/>\n<meta property=\"og:description\" content=\"&nbsp; Hor\u00e1rios de Funcionamento: De segunda \u00e0 sexta das 8h 00min \u00e0s 17h 00 min Secret\u00e1rias Maria Eduarda Avari da Silva \u2013 Ir. Dirce Schneider\" \/>\n<meta property=\"og:url\" content=\"https:\/\/redeicm.org.br\/institutosaobenedito\/secretaria\/\" \/>\n<meta property=\"og:site_name\" content=\"Instituto S\u00e3o Benedito | Rede ICM de Educa\u00e7\u00e3o e Assist\u00eancia Social\" \/>\n<meta property=\"article:modified_time\" content=\"2025-06-12T13:20:00+00:00\" \/>\n<meta property=\"og:image\" content=\"https:\/\/redeicm.org.br\/institutosaobenedito\/wp-content\/uploads\/sites\/13\/2024\/08\/banner-ensino-medio.jpg\" \/>\n\t<meta property=\"og:image:width\" content=\"1440\" \/>\n\t<meta property=\"og:image:height\" content=\"401\" \/>\n\t<meta property=\"og:image:type\" content=\"image\/jpeg\" \/>\n<meta name=\"twitter:card\" content=\"summary_large_image\" \/>\n<meta name=\"twitter:label1\" content=\"Est. tempo de leitura\" \/>\n\t<meta name=\"twitter:data1\" content=\"1 minuto\" \/>\n<script type=\"application\/ld+json\" class=\"yoast-schema-graph\">{\"@context\":\"https:\/\/schema.org\",\"@graph\":[{\"@type\":\"WebPage\",\"@id\":\"https:\/\/redeicm.org.br\/institutosaobenedito\/secretaria\/\",\"url\":\"https:\/\/redeicm.org.br\/institutosaobenedito\/secretaria\/\",\"name\":\"Secretaria - Instituto S\u00e3o Benedito | Rede ICM de Educa\u00e7\u00e3o e Assist\u00eancia Social\",\"isPartOf\":{\"@id\":\"https:\/\/redeicm.org.br\/institutosaobenedito\/#website\"},\"primaryImageOfPage\":{\"@id\":\"https:\/\/redeicm.org.br\/institutosaobenedito\/secretaria\/#primaryimage\"},\"image\":{\"@id\":\"https:\/\/redeicm.org.br\/institutosaobenedito\/secretaria\/#primaryimage\"},\"thumbnailUrl\":\"https:\/\/redeicm.org.br\/institutosaobenedito\/wp-content\/uploads\/sites\/13\/2024\/08\/banner-ensino-medio.jpg\",\"datePublished\":\"2024-08-21T21:05:16+00:00\",\"dateModified\":\"2025-06-12T13:20:00+00:00\",\"breadcrumb\":{\"@id\":\"https:\/\/redeicm.org.br\/institutosaobenedito\/secretaria\/#breadcrumb\"},\"inLanguage\":\"pt-BR\",\"potentialAction\":[{\"@type\":\"ReadAction\",\"target\":[\"https:\/\/redeicm.org.br\/institutosaobenedito\/secretaria\/\"]}]},{\"@type\":\"ImageObject\",\"inLanguage\":\"pt-BR\",\"@id\":\"https:\/\/redeicm.org.br\/institutosaobenedito\/secretaria\/#primaryimage\",\"url\":\"https:\/\/redeicm.org.br\/institutosaobenedito\/wp-content\/uploads\/sites\/13\/2024\/08\/banner-ensino-medio.jpg\",\"contentUrl\":\"https:\/\/redeicm.org.br\/institutosaobenedito\/wp-content\/uploads\/sites\/13\/2024\/08\/banner-ensino-medio.jpg\",\"width\":1440,\"height\":401},{\"@type\":\"BreadcrumbList\",\"@id\":\"https:\/\/redeicm.org.br\/institutosaobenedito\/secretaria\/#breadcrumb\",\"itemListElement\":[{\"@type\":\"ListItem\",\"position\":1,\"name\":\"In\u00edcio\",\"item\":\"https:\/\/redeicm.org.br\/institutosaobenedito\/\"},{\"@type\":\"ListItem\",\"position\":2,\"name\":\"Secretaria\"}]},{\"@type\":\"WebSite\",\"@id\":\"https:\/\/redeicm.org.br\/institutosaobenedito\/#website\",\"url\":\"https:\/\/redeicm.org.br\/institutosaobenedito\/\",\"name\":\"Instituto S\u00e3o Benedito | Rede ICM de Educa\u00e7\u00e3o e Assist\u00eancia Social\",\"description\":\"\",\"publisher\":{\"@id\":\"https:\/\/redeicm.org.br\/institutosaobenedito\/#organization\"},\"potentialAction\":[{\"@type\":\"SearchAction\",\"target\":{\"@type\":\"EntryPoint\",\"urlTemplate\":\"https:\/\/redeicm.org.br\/institutosaobenedito\/?s={search_term_string}\"},\"query-input\":{\"@type\":\"PropertyValueSpecification\",\"valueRequired\":true,\"valueName\":\"search_term_string\"}}],\"inLanguage\":\"pt-BR\"},{\"@type\":\"Organization\",\"@id\":\"https:\/\/redeicm.org.br\/institutosaobenedito\/#organization\",\"name\":\"Instituto S\u00e3o Benedito | Rede ICM de Educa\u00e7\u00e3o e Assist\u00eancia Social\",\"url\":\"https:\/\/redeicm.org.br\/institutosaobenedito\/\",\"logo\":{\"@type\":\"ImageObject\",\"inLanguage\":\"pt-BR\",\"@id\":\"https:\/\/redeicm.org.br\/institutosaobenedito\/#\/schema\/logo\/image\/\",\"url\":\"https:\/\/redeicm.org.br\/institutosaobenedito\/wp-content\/uploads\/sites\/13\/2024\/08\/2024_Rede-ICM_Sao-Benedito_assinatura_pref_mono_positivo_fundo-transparente.png\",\"contentUrl\":\"https:\/\/redeicm.org.br\/institutosaobenedito\/wp-content\/uploads\/sites\/13\/2024\/08\/2024_Rede-ICM_Sao-Benedito_assinatura_pref_mono_positivo_fundo-transparente.png\",\"width\":2877,\"height\":1056,\"caption\":\"Instituto S\u00e3o Benedito | Rede ICM de Educa\u00e7\u00e3o e Assist\u00eancia Social\"},\"image\":{\"@id\":\"https:\/\/redeicm.org.br\/institutosaobenedito\/#\/schema\/logo\/image\/\"}}]}<\/script>\n<!-- \/ Yoast SEO plugin. -->","yoast_head_json":{"title":"Secretaria - Instituto S\u00e3o Benedito | Rede ICM de Educa\u00e7\u00e3o e Assist\u00eancia Social","robots":{"index":"index","follow":"follow","max-snippet":"max-snippet:-1","max-image-preview":"max-image-preview:large","max-video-preview":"max-video-preview:-1"},"canonical":"https:\/\/redeicm.org.br\/institutosaobenedito\/secretaria\/","og_locale":"pt_BR","og_type":"article","og_title":"Secretaria - Instituto S\u00e3o Benedito | Rede ICM de Educa\u00e7\u00e3o e Assist\u00eancia Social","og_description":"&nbsp; Hor\u00e1rios de Funcionamento: De segunda \u00e0 sexta das 8h 00min \u00e0s 17h 00 min Secret\u00e1rias Maria Eduarda Avari da Silva \u2013 Ir. Dirce Schneider","og_url":"https:\/\/redeicm.org.br\/institutosaobenedito\/secretaria\/","og_site_name":"Instituto S\u00e3o Benedito | Rede ICM de Educa\u00e7\u00e3o e Assist\u00eancia Social","article_modified_time":"2025-06-12T13:20:00+00:00","og_image":[{"width":1440,"height":401,"url":"https:\/\/redeicm.org.br\/institutosaobenedito\/wp-content\/uploads\/sites\/13\/2024\/08\/banner-ensino-medio.jpg","type":"image\/jpeg"}],"twitter_card":"summary_large_image","twitter_misc":{"Est. tempo de leitura":"1 minuto"},"schema":{"@context":"https:\/\/schema.org","@graph":[{"@type":"WebPage","@id":"https:\/\/redeicm.org.br\/institutosaobenedito\/secretaria\/","url":"https:\/\/redeicm.org.br\/institutosaobenedito\/secretaria\/","name":"Secretaria - Instituto S\u00e3o Benedito | Rede ICM de Educa\u00e7\u00e3o e Assist\u00eancia Social","isPartOf":{"@id":"https:\/\/redeicm.org.br\/institutosaobenedito\/#website"},"primaryImageOfPage":{"@id":"https:\/\/redeicm.org.br\/institutosaobenedito\/secretaria\/#primaryimage"},"image":{"@id":"https:\/\/redeicm.org.br\/institutosaobenedito\/secretaria\/#primaryimage"},"thumbnailUrl":"https:\/\/redeicm.org.br\/institutosaobenedito\/wp-content\/uploads\/sites\/13\/2024\/08\/banner-ensino-medio.jpg","datePublished":"2024-08-21T21:05:16+00:00","dateModified":"2025-06-12T13:20:00+00:00","breadcrumb":{"@id":"https:\/\/redeicm.org.br\/institutosaobenedito\/secretaria\/#breadcrumb"},"inLanguage":"pt-BR","potentialAction":[{"@type":"ReadAction","target":["https:\/\/redeicm.org.br\/institutosaobenedito\/secretaria\/"]}]},{"@type":"ImageObject","inLanguage":"pt-BR","@id":"https:\/\/redeicm.org.br\/institutosaobenedito\/secretaria\/#primaryimage","url":"https:\/\/redeicm.org.br\/institutosaobenedito\/wp-content\/uploads\/sites\/13\/2024\/08\/banner-ensino-medio.jpg","contentUrl":"https:\/\/redeicm.org.br\/institutosaobenedito\/wp-content\/uploads\/sites\/13\/2024\/08\/banner-ensino-medio.jpg","width":1440,"height":401},{"@type":"BreadcrumbList","@id":"https:\/\/redeicm.org.br\/institutosaobenedito\/secretaria\/#breadcrumb","itemListElement":[{"@type":"ListItem","position":1,"name":"In\u00edcio","item":"https:\/\/redeicm.org.br\/institutosaobenedito\/"},{"@type":"ListItem","position":2,"name":"Secretaria"}]},{"@type":"WebSite","@id":"https:\/\/redeicm.org.br\/institutosaobenedito\/#website","url":"https:\/\/redeicm.org.br\/institutosaobenedito\/","name":"Instituto S\u00e3o Benedito | Rede ICM de Educa\u00e7\u00e3o e Assist\u00eancia Social","description":"","publisher":{"@id":"https:\/\/redeicm.org.br\/institutosaobenedito\/#organization"},"potentialAction":[{"@type":"SearchAction","target":{"@type":"EntryPoint","urlTemplate":"https:\/\/redeicm.org.br\/institutosaobenedito\/?s={search_term_string}"},"query-input":{"@type":"PropertyValueSpecification","valueRequired":true,"valueName":"search_term_string"}}],"inLanguage":"pt-BR"},{"@type":"Organization","@id":"https:\/\/redeicm.org.br\/institutosaobenedito\/#organization","name":"Instituto S\u00e3o Benedito | Rede ICM de Educa\u00e7\u00e3o e Assist\u00eancia Social","url":"https:\/\/redeicm.org.br\/institutosaobenedito\/","logo":{"@type":"ImageObject","inLanguage":"pt-BR","@id":"https:\/\/redeicm.org.br\/institutosaobenedito\/#\/schema\/logo\/image\/","url":"https:\/\/redeicm.org.br\/institutosaobenedito\/wp-content\/uploads\/sites\/13\/2024\/08\/2024_Rede-ICM_Sao-Benedito_assinatura_pref_mono_positivo_fundo-transparente.png","contentUrl":"https:\/\/redeicm.org.br\/institutosaobenedito\/wp-content\/uploads\/sites\/13\/2024\/08\/2024_Rede-ICM_Sao-Benedito_assinatura_pref_mono_positivo_fundo-transparente.png","width":2877,"height":1056,"caption":"Instituto S\u00e3o Benedito | Rede ICM de Educa\u00e7\u00e3o e Assist\u00eancia Social"},"image":{"@id":"https:\/\/redeicm.org.br\/institutosaobenedito\/#\/schema\/logo\/image\/"}}]}},"_links":{"self":[{"href":"https:\/\/redeicm.org.br\/institutosaobenedito\/wp-json\/wp\/v2\/pages\/322","targetHints":{"allow":["GET"]}}],"collection":[{"href":"https:\/\/redeicm.org.br\/institutosaobenedito\/wp-json\/wp\/v2\/pages"}],"about":[{"href":"https:\/\/redeicm.org.br\/institutosaobenedito\/wp-json\/wp\/v2\/types\/page"}],"author":[{"embeddable":true,"href":"https:\/\/redeicm.org.br\/institutosaobenedito\/wp-json\/wp\/v2\/users\/1"}],"replies":[{"embeddable":true,"href":"https:\/\/redeicm.org.br\/institutosaobenedito\/wp-json\/wp\/v2\/comments?post=322"}],"version-history":[{"count":1,"href":"https:\/\/redeicm.org.br\/institutosaobenedito\/wp-json\/wp\/v2\/pages\/322\/revisions"}],"predecessor-version":[{"id":1204,"href":"https:\/\/redeicm.org.br\/institutosaobenedito\/wp-json\/wp\/v2\/pages\/322\/revisions\/1204"}],"wp:featuredmedia":[{"embeddable":true,"href":"https:\/\/redeicm.org.br\/institutosaobenedito\/wp-json\/wp\/v2\/media\/121"}],"wp:attachment":[{"href":"https:\/\/redeicm.org.br\/institutosaobenedito\/wp-json\/wp\/v2\/media?parent=322"}],"curies":[{"name":"wp","href":"https:\/\/api.w.org\/{rel}","templated":true}]}}