{"id":302,"date":"2024-08-21T14:23:15","date_gmt":"2024-08-21T17:23:15","guid":{"rendered":"https:\/\/redeicm.org.br\/institutosaobenedito\/?page_id=302"},"modified":"2025-05-27T10:10:19","modified_gmt":"2025-05-27T13:10:19","slug":"servico-de-convivencia-e-fortalecimento-de-vinculos-de-06-a-14-anos","status":"publish","type":"page","link":"https:\/\/redeicm.org.br\/institutosaobenedito\/servico-de-convivencia-e-fortalecimento-de-vinculos-de-06-a-14-anos\/","title":{"rendered":"Servi\u00e7o de Conviv\u00eancia e Fortalecimento de V\u00ednculos de 06 a 14 Anos"},"content":{"rendered":"\t\t<div data-elementor-type=\"wp-page\" data-elementor-id=\"302\" class=\"elementor elementor-302\" data-elementor-post-type=\"page\">\n\t\t\t\t<div class=\"elementor-element elementor-element-db5e3d3 e-flex e-con-boxed e-con e-child\" data-id=\"db5e3d3\" data-element_type=\"container\" data-e-type=\"container\">\n\t\t\t\t\t<div class=\"e-con-inner\">\n\t\t\t\t<div class=\"elementor-element elementor-element-47aac44 elementor-invisible elementor-widget elementor-widget-text-editor\" data-id=\"47aac44\" data-element_type=\"widget\" data-e-type=\"widget\" data-settings=\"{&quot;_animation&quot;:&quot;fadeInUp&quot;}\" data-widget_type=\"text-editor.default\">\n\t\t\t\t<div class=\"elementor-widget-container\">\n\t\t\t\t\t\t\t\t\t<p>O Servi\u00e7o de Conviv\u00eancia e Fortalecimento de V\u00ednculos (6 \u00e0 14 anos) tem por objetivo proporcionar\u00a0aos usu\u00e1rios uma forma\u00e7\u00e3o\u00a0integral a partir do contexto familiar e comunit\u00e1rio. Desta\u00a0forma, visa ampliar\u00a0as possibilidades de participa\u00e7\u00e3o, auto realiza\u00e7\u00e3o e socializa\u00e7\u00e3o, numa perspectiva de valoriza\u00e7\u00e3o da vida, atrav\u00e9s de oficinas de forma\u00e7\u00e3o humana e do fortalecimento de v\u00ednculos, \u00a0desenvolvimento de educa\u00e7\u00e3o alimentar, higiene pessoal, rela\u00e7\u00f5es interpessoais, eleva\u00e7\u00e3o da autoestima, valores \u00e9ticos e \u00e9picos, a hist\u00f3ria, a cultura e a arte nos Projetos de sala, atrav\u00e9s dos diversos temas.<\/p><p>Atende, atualmente, mais de 183 crian\u00e7as no contraturno escolar oferecendo atividades pedag\u00f3gicas e l\u00fadicas e alimenta\u00e7\u00e3o. Os usu\u00e1rios s\u00e3o acompanhados pelos educadores durante todo o per\u00edodo em que est\u00e3o na Institui\u00e7\u00e3o.<\/p>\t\t\t\t\t\t\t\t<\/div>\n\t\t\t\t<\/div>\n\t\t\t\t\t<\/div>\n\t\t\t\t<\/div>\n\t\t\t\t<\/div>\n\t\t","protected":false},"excerpt":{"rendered":"<p>O Servi\u00e7o de Conviv\u00eancia e Fortalecimento de V\u00ednculos (6 \u00e0 14 anos) tem por objetivo proporcionar\u00a0aos usu\u00e1rios uma forma\u00e7\u00e3o\u00a0integral a partir do contexto familiar e comunit\u00e1rio. Desta\u00a0forma, visa ampliar\u00a0as possibilidades de participa\u00e7\u00e3o, auto realiza\u00e7\u00e3o e socializa\u00e7\u00e3o, numa perspectiva de valoriza\u00e7\u00e3o da vida, atrav\u00e9s de oficinas de forma\u00e7\u00e3o humana e do fortalecimento de v\u00ednculos, \u00a0desenvolvimento de [&hellip;]<\/p>\n","protected":false},"author":1,"featured_media":121,"parent":0,"menu_order":0,"comment_status":"closed","ping_status":"closed","template":"","meta":{"_acf_changed":false,"footnotes":""},"class_list":["post-302","page","type-page","status-publish","has-post-thumbnail","hentry"],"acf":[],"yoast_head":"<!-- This site is optimized with the Yoast SEO plugin v26.3 - https:\/\/yoast.com\/wordpress\/plugins\/seo\/ -->\n<title>Servi\u00e7o de Conviv\u00eancia e Fortalecimento de V\u00ednculos de 06 a 14 Anos - Instituto S\u00e3o Benedito | Rede ICM de Educa\u00e7\u00e3o e Assist\u00eancia Social<\/title>\n<meta name=\"robots\" content=\"index, follow, max-snippet:-1, max-image-preview:large, max-video-preview:-1\" \/>\n<link rel=\"canonical\" href=\"https:\/\/redeicm.org.br\/institutosaobenedito\/servico-de-convivencia-e-fortalecimento-de-vinculos-de-06-a-14-anos\/\" \/>\n<meta property=\"og:locale\" content=\"pt_BR\" \/>\n<meta property=\"og:type\" content=\"article\" \/>\n<meta property=\"og:title\" content=\"Servi\u00e7o de Conviv\u00eancia e Fortalecimento de V\u00ednculos de 06 a 14 Anos - Instituto S\u00e3o Benedito | Rede ICM de Educa\u00e7\u00e3o e Assist\u00eancia Social\" \/>\n<meta property=\"og:description\" content=\"O Servi\u00e7o de Conviv\u00eancia e Fortalecimento de V\u00ednculos (6 \u00e0 14 anos) tem por objetivo proporcionar\u00a0aos usu\u00e1rios uma forma\u00e7\u00e3o\u00a0integral a partir do contexto familiar e comunit\u00e1rio. Desta\u00a0forma, visa ampliar\u00a0as possibilidades de participa\u00e7\u00e3o, auto realiza\u00e7\u00e3o e socializa\u00e7\u00e3o, numa perspectiva de valoriza\u00e7\u00e3o da vida, atrav\u00e9s de oficinas de forma\u00e7\u00e3o humana e do fortalecimento de v\u00ednculos, \u00a0desenvolvimento de [&hellip;]\" \/>\n<meta property=\"og:url\" content=\"https:\/\/redeicm.org.br\/institutosaobenedito\/servico-de-convivencia-e-fortalecimento-de-vinculos-de-06-a-14-anos\/\" \/>\n<meta property=\"og:site_name\" content=\"Instituto S\u00e3o Benedito | Rede ICM de Educa\u00e7\u00e3o e Assist\u00eancia Social\" \/>\n<meta property=\"article:modified_time\" content=\"2025-05-27T13:10:19+00:00\" \/>\n<meta property=\"og:image\" content=\"https:\/\/redeicm.org.br\/institutosaobenedito\/wp-content\/uploads\/sites\/13\/2024\/08\/banner-ensino-medio.jpg\" \/>\n\t<meta property=\"og:image:width\" content=\"1440\" \/>\n\t<meta property=\"og:image:height\" content=\"401\" \/>\n\t<meta property=\"og:image:type\" content=\"image\/jpeg\" \/>\n<meta name=\"twitter:card\" content=\"summary_large_image\" \/>\n<meta name=\"twitter:label1\" content=\"Est. tempo de leitura\" \/>\n\t<meta name=\"twitter:data1\" content=\"1 minuto\" \/>\n<script type=\"application\/ld+json\" class=\"yoast-schema-graph\">{\"@context\":\"https:\/\/schema.org\",\"@graph\":[{\"@type\":\"WebPage\",\"@id\":\"https:\/\/redeicm.org.br\/institutosaobenedito\/servico-de-convivencia-e-fortalecimento-de-vinculos-de-06-a-14-anos\/\",\"url\":\"https:\/\/redeicm.org.br\/institutosaobenedito\/servico-de-convivencia-e-fortalecimento-de-vinculos-de-06-a-14-anos\/\",\"name\":\"Servi\u00e7o de Conviv\u00eancia e Fortalecimento de V\u00ednculos de 06 a 14 Anos - Instituto S\u00e3o Benedito | Rede ICM de Educa\u00e7\u00e3o e Assist\u00eancia Social\",\"isPartOf\":{\"@id\":\"https:\/\/redeicm.org.br\/institutosaobenedito\/#website\"},\"primaryImageOfPage\":{\"@id\":\"https:\/\/redeicm.org.br\/institutosaobenedito\/servico-de-convivencia-e-fortalecimento-de-vinculos-de-06-a-14-anos\/#primaryimage\"},\"image\":{\"@id\":\"https:\/\/redeicm.org.br\/institutosaobenedito\/servico-de-convivencia-e-fortalecimento-de-vinculos-de-06-a-14-anos\/#primaryimage\"},\"thumbnailUrl\":\"https:\/\/redeicm.org.br\/institutosaobenedito\/wp-content\/uploads\/sites\/13\/2024\/08\/banner-ensino-medio.jpg\",\"datePublished\":\"2024-08-21T17:23:15+00:00\",\"dateModified\":\"2025-05-27T13:10:19+00:00\",\"breadcrumb\":{\"@id\":\"https:\/\/redeicm.org.br\/institutosaobenedito\/servico-de-convivencia-e-fortalecimento-de-vinculos-de-06-a-14-anos\/#breadcrumb\"},\"inLanguage\":\"pt-BR\",\"potentialAction\":[{\"@type\":\"ReadAction\",\"target\":[\"https:\/\/redeicm.org.br\/institutosaobenedito\/servico-de-convivencia-e-fortalecimento-de-vinculos-de-06-a-14-anos\/\"]}]},{\"@type\":\"ImageObject\",\"inLanguage\":\"pt-BR\",\"@id\":\"https:\/\/redeicm.org.br\/institutosaobenedito\/servico-de-convivencia-e-fortalecimento-de-vinculos-de-06-a-14-anos\/#primaryimage\",\"url\":\"https:\/\/redeicm.org.br\/institutosaobenedito\/wp-content\/uploads\/sites\/13\/2024\/08\/banner-ensino-medio.jpg\",\"contentUrl\":\"https:\/\/redeicm.org.br\/institutosaobenedito\/wp-content\/uploads\/sites\/13\/2024\/08\/banner-ensino-medio.jpg\",\"width\":1440,\"height\":401},{\"@type\":\"BreadcrumbList\",\"@id\":\"https:\/\/redeicm.org.br\/institutosaobenedito\/servico-de-convivencia-e-fortalecimento-de-vinculos-de-06-a-14-anos\/#breadcrumb\",\"itemListElement\":[{\"@type\":\"ListItem\",\"position\":1,\"name\":\"In\u00edcio\",\"item\":\"https:\/\/redeicm.org.br\/institutosaobenedito\/\"},{\"@type\":\"ListItem\",\"position\":2,\"name\":\"Servi\u00e7o de Conviv\u00eancia e Fortalecimento de V\u00ednculos de 06 a 14 Anos\"}]},{\"@type\":\"WebSite\",\"@id\":\"https:\/\/redeicm.org.br\/institutosaobenedito\/#website\",\"url\":\"https:\/\/redeicm.org.br\/institutosaobenedito\/\",\"name\":\"Instituto S\u00e3o Benedito | Rede ICM de Educa\u00e7\u00e3o e Assist\u00eancia Social\",\"description\":\"\",\"publisher\":{\"@id\":\"https:\/\/redeicm.org.br\/institutosaobenedito\/#organization\"},\"potentialAction\":[{\"@type\":\"SearchAction\",\"target\":{\"@type\":\"EntryPoint\",\"urlTemplate\":\"https:\/\/redeicm.org.br\/institutosaobenedito\/?s={search_term_string}\"},\"query-input\":{\"@type\":\"PropertyValueSpecification\",\"valueRequired\":true,\"valueName\":\"search_term_string\"}}],\"inLanguage\":\"pt-BR\"},{\"@type\":\"Organization\",\"@id\":\"https:\/\/redeicm.org.br\/institutosaobenedito\/#organization\",\"name\":\"Instituto S\u00e3o Benedito | Rede ICM de Educa\u00e7\u00e3o e Assist\u00eancia Social\",\"url\":\"https:\/\/redeicm.org.br\/institutosaobenedito\/\",\"logo\":{\"@type\":\"ImageObject\",\"inLanguage\":\"pt-BR\",\"@id\":\"https:\/\/redeicm.org.br\/institutosaobenedito\/#\/schema\/logo\/image\/\",\"url\":\"https:\/\/redeicm.org.br\/institutosaobenedito\/wp-content\/uploads\/sites\/13\/2024\/08\/2024_Rede-ICM_Sao-Benedito_assinatura_pref_mono_positivo_fundo-transparente.png\",\"contentUrl\":\"https:\/\/redeicm.org.br\/institutosaobenedito\/wp-content\/uploads\/sites\/13\/2024\/08\/2024_Rede-ICM_Sao-Benedito_assinatura_pref_mono_positivo_fundo-transparente.png\",\"width\":2877,\"height\":1056,\"caption\":\"Instituto S\u00e3o Benedito | Rede ICM de Educa\u00e7\u00e3o e Assist\u00eancia Social\"},\"image\":{\"@id\":\"https:\/\/redeicm.org.br\/institutosaobenedito\/#\/schema\/logo\/image\/\"}}]}<\/script>\n<!-- \/ Yoast SEO plugin. -->","yoast_head_json":{"title":"Servi\u00e7o de Conviv\u00eancia e Fortalecimento de V\u00ednculos de 06 a 14 Anos - Instituto S\u00e3o Benedito | Rede ICM de Educa\u00e7\u00e3o e Assist\u00eancia Social","robots":{"index":"index","follow":"follow","max-snippet":"max-snippet:-1","max-image-preview":"max-image-preview:large","max-video-preview":"max-video-preview:-1"},"canonical":"https:\/\/redeicm.org.br\/institutosaobenedito\/servico-de-convivencia-e-fortalecimento-de-vinculos-de-06-a-14-anos\/","og_locale":"pt_BR","og_type":"article","og_title":"Servi\u00e7o de Conviv\u00eancia e Fortalecimento de V\u00ednculos de 06 a 14 Anos - Instituto S\u00e3o Benedito | Rede ICM de Educa\u00e7\u00e3o e Assist\u00eancia Social","og_description":"O Servi\u00e7o de Conviv\u00eancia e Fortalecimento de V\u00ednculos (6 \u00e0 14 anos) tem por objetivo proporcionar\u00a0aos usu\u00e1rios uma forma\u00e7\u00e3o\u00a0integral a partir do contexto familiar e comunit\u00e1rio. Desta\u00a0forma, visa ampliar\u00a0as possibilidades de participa\u00e7\u00e3o, auto realiza\u00e7\u00e3o e socializa\u00e7\u00e3o, numa perspectiva de valoriza\u00e7\u00e3o da vida, atrav\u00e9s de oficinas de forma\u00e7\u00e3o humana e do fortalecimento de v\u00ednculos, \u00a0desenvolvimento de [&hellip;]","og_url":"https:\/\/redeicm.org.br\/institutosaobenedito\/servico-de-convivencia-e-fortalecimento-de-vinculos-de-06-a-14-anos\/","og_site_name":"Instituto S\u00e3o Benedito | Rede ICM de Educa\u00e7\u00e3o e Assist\u00eancia Social","article_modified_time":"2025-05-27T13:10:19+00:00","og_image":[{"width":1440,"height":401,"url":"https:\/\/redeicm.org.br\/institutosaobenedito\/wp-content\/uploads\/sites\/13\/2024\/08\/banner-ensino-medio.jpg","type":"image\/jpeg"}],"twitter_card":"summary_large_image","twitter_misc":{"Est. tempo de leitura":"1 minuto"},"schema":{"@context":"https:\/\/schema.org","@graph":[{"@type":"WebPage","@id":"https:\/\/redeicm.org.br\/institutosaobenedito\/servico-de-convivencia-e-fortalecimento-de-vinculos-de-06-a-14-anos\/","url":"https:\/\/redeicm.org.br\/institutosaobenedito\/servico-de-convivencia-e-fortalecimento-de-vinculos-de-06-a-14-anos\/","name":"Servi\u00e7o de Conviv\u00eancia e Fortalecimento de V\u00ednculos de 06 a 14 Anos - Instituto S\u00e3o Benedito | Rede ICM de Educa\u00e7\u00e3o e Assist\u00eancia Social","isPartOf":{"@id":"https:\/\/redeicm.org.br\/institutosaobenedito\/#website"},"primaryImageOfPage":{"@id":"https:\/\/redeicm.org.br\/institutosaobenedito\/servico-de-convivencia-e-fortalecimento-de-vinculos-de-06-a-14-anos\/#primaryimage"},"image":{"@id":"https:\/\/redeicm.org.br\/institutosaobenedito\/servico-de-convivencia-e-fortalecimento-de-vinculos-de-06-a-14-anos\/#primaryimage"},"thumbnailUrl":"https:\/\/redeicm.org.br\/institutosaobenedito\/wp-content\/uploads\/sites\/13\/2024\/08\/banner-ensino-medio.jpg","datePublished":"2024-08-21T17:23:15+00:00","dateModified":"2025-05-27T13:10:19+00:00","breadcrumb":{"@id":"https:\/\/redeicm.org.br\/institutosaobenedito\/servico-de-convivencia-e-fortalecimento-de-vinculos-de-06-a-14-anos\/#breadcrumb"},"inLanguage":"pt-BR","potentialAction":[{"@type":"ReadAction","target":["https:\/\/redeicm.org.br\/institutosaobenedito\/servico-de-convivencia-e-fortalecimento-de-vinculos-de-06-a-14-anos\/"]}]},{"@type":"ImageObject","inLanguage":"pt-BR","@id":"https:\/\/redeicm.org.br\/institutosaobenedito\/servico-de-convivencia-e-fortalecimento-de-vinculos-de-06-a-14-anos\/#primaryimage","url":"https:\/\/redeicm.org.br\/institutosaobenedito\/wp-content\/uploads\/sites\/13\/2024\/08\/banner-ensino-medio.jpg","contentUrl":"https:\/\/redeicm.org.br\/institutosaobenedito\/wp-content\/uploads\/sites\/13\/2024\/08\/banner-ensino-medio.jpg","width":1440,"height":401},{"@type":"BreadcrumbList","@id":"https:\/\/redeicm.org.br\/institutosaobenedito\/servico-de-convivencia-e-fortalecimento-de-vinculos-de-06-a-14-anos\/#breadcrumb","itemListElement":[{"@type":"ListItem","position":1,"name":"In\u00edcio","item":"https:\/\/redeicm.org.br\/institutosaobenedito\/"},{"@type":"ListItem","position":2,"name":"Servi\u00e7o de Conviv\u00eancia e Fortalecimento de V\u00ednculos de 06 a 14 Anos"}]},{"@type":"WebSite","@id":"https:\/\/redeicm.org.br\/institutosaobenedito\/#website","url":"https:\/\/redeicm.org.br\/institutosaobenedito\/","name":"Instituto S\u00e3o Benedito | Rede ICM de Educa\u00e7\u00e3o e Assist\u00eancia Social","description":"","publisher":{"@id":"https:\/\/redeicm.org.br\/institutosaobenedito\/#organization"},"potentialAction":[{"@type":"SearchAction","target":{"@type":"EntryPoint","urlTemplate":"https:\/\/redeicm.org.br\/institutosaobenedito\/?s={search_term_string}"},"query-input":{"@type":"PropertyValueSpecification","valueRequired":true,"valueName":"search_term_string"}}],"inLanguage":"pt-BR"},{"@type":"Organization","@id":"https:\/\/redeicm.org.br\/institutosaobenedito\/#organization","name":"Instituto S\u00e3o Benedito | Rede ICM de Educa\u00e7\u00e3o e Assist\u00eancia Social","url":"https:\/\/redeicm.org.br\/institutosaobenedito\/","logo":{"@type":"ImageObject","inLanguage":"pt-BR","@id":"https:\/\/redeicm.org.br\/institutosaobenedito\/#\/schema\/logo\/image\/","url":"https:\/\/redeicm.org.br\/institutosaobenedito\/wp-content\/uploads\/sites\/13\/2024\/08\/2024_Rede-ICM_Sao-Benedito_assinatura_pref_mono_positivo_fundo-transparente.png","contentUrl":"https:\/\/redeicm.org.br\/institutosaobenedito\/wp-content\/uploads\/sites\/13\/2024\/08\/2024_Rede-ICM_Sao-Benedito_assinatura_pref_mono_positivo_fundo-transparente.png","width":2877,"height":1056,"caption":"Instituto S\u00e3o Benedito | Rede ICM de Educa\u00e7\u00e3o e Assist\u00eancia Social"},"image":{"@id":"https:\/\/redeicm.org.br\/institutosaobenedito\/#\/schema\/logo\/image\/"}}]}},"_links":{"self":[{"href":"https:\/\/redeicm.org.br\/institutosaobenedito\/wp-json\/wp\/v2\/pages\/302","targetHints":{"allow":["GET"]}}],"collection":[{"href":"https:\/\/redeicm.org.br\/institutosaobenedito\/wp-json\/wp\/v2\/pages"}],"about":[{"href":"https:\/\/redeicm.org.br\/institutosaobenedito\/wp-json\/wp\/v2\/types\/page"}],"author":[{"embeddable":true,"href":"https:\/\/redeicm.org.br\/institutosaobenedito\/wp-json\/wp\/v2\/users\/1"}],"replies":[{"embeddable":true,"href":"https:\/\/redeicm.org.br\/institutosaobenedito\/wp-json\/wp\/v2\/comments?post=302"}],"version-history":[{"count":3,"href":"https:\/\/redeicm.org.br\/institutosaobenedito\/wp-json\/wp\/v2\/pages\/302\/revisions"}],"predecessor-version":[{"id":1186,"href":"https:\/\/redeicm.org.br\/institutosaobenedito\/wp-json\/wp\/v2\/pages\/302\/revisions\/1186"}],"wp:featuredmedia":[{"embeddable":true,"href":"https:\/\/redeicm.org.br\/institutosaobenedito\/wp-json\/wp\/v2\/media\/121"}],"wp:attachment":[{"href":"https:\/\/redeicm.org.br\/institutosaobenedito\/wp-json\/wp\/v2\/media?parent=302"}],"curies":[{"name":"wp","href":"https:\/\/api.w.org\/{rel}","templated":true}]}}