{"id":122,"date":"2024-08-16T15:23:18","date_gmt":"2024-08-16T18:23:18","guid":{"rendered":"https:\/\/redeicm.org.br\/institutosaobenedito\/setores\/"},"modified":"2025-05-23T18:19:18","modified_gmt":"2025-05-23T21:19:18","slug":"setores","status":"publish","type":"page","link":"https:\/\/redeicm.org.br\/institutosaobenedito\/setores\/","title":{"rendered":"Setores"},"content":{"rendered":"\t\t<div data-elementor-type=\"wp-page\" data-elementor-id=\"122\" class=\"elementor elementor-122\" data-elementor-post-type=\"page\">\n\t\t\t\t<div class=\"elementor-element elementor-element-7f53c1a9 e-flex e-con-boxed e-con e-parent\" data-id=\"7f53c1a9\" data-element_type=\"container\" data-e-type=\"container\" data-settings=\"{&quot;background_background&quot;:&quot;classic&quot;}\">\n\t\t\t\t\t<div class=\"e-con-inner\">\n\t\t\t\t<div class=\"elementor-element elementor-element-48242c18 elementor-widget elementor-widget-heading\" data-id=\"48242c18\" data-element_type=\"widget\" data-e-type=\"widget\" data-widget_type=\"heading.default\">\n\t\t\t\t<div class=\"elementor-widget-container\">\n\t\t\t\t\t<h1 class=\"elementor-heading-title elementor-size-default\">Setores<\/h1>\t\t\t\t<\/div>\n\t\t\t\t<\/div>\n\t\t\t\t\t<\/div>\n\t\t\t\t<\/div>\n\t\t<div class=\"elementor-element elementor-element-15260655 e-flex e-con-boxed e-con e-parent\" data-id=\"15260655\" data-element_type=\"container\" data-e-type=\"container\" id=\"direcao\">\n\t\t\t\t\t<div class=\"e-con-inner\">\n\t\t\t\t<div class=\"elementor-element elementor-element-3d94cbe1 elementor-widget elementor-widget-heading\" data-id=\"3d94cbe1\" data-element_type=\"widget\" data-e-type=\"widget\" data-widget_type=\"heading.default\">\n\t\t\t\t<div class=\"elementor-widget-container\">\n\t\t\t\t\t<h2 class=\"elementor-heading-title elementor-size-default\">Dire\u00e7\u00e3o<\/h2>\t\t\t\t<\/div>\n\t\t\t\t<\/div>\n\t\t\t\t\t<\/div>\n\t\t\t\t<\/div>\n\t\t<div class=\"elementor-element elementor-element-2085c796 e-con-full e-flex e-con e-parent\" data-id=\"2085c796\" data-element_type=\"container\" data-e-type=\"container\">\n\t\t<div class=\"elementor-element elementor-element-37994fea e-flex e-con-boxed e-con e-child\" data-id=\"37994fea\" data-element_type=\"container\" data-e-type=\"container\">\n\t\t\t\t\t<div class=\"e-con-inner\">\n\t\t\t\t<div class=\"elementor-element elementor-element-70e161b0 elementor-invisible elementor-widget elementor-widget-text-editor\" data-id=\"70e161b0\" data-element_type=\"widget\" data-e-type=\"widget\" data-settings=\"{&quot;_animation&quot;:&quot;fadeInUp&quot;}\" data-widget_type=\"text-editor.default\">\n\t\t\t\t<div class=\"elementor-widget-container\">\n\t\t\t\t\t\t\t\t\t<p>A Dire\u00e7\u00e3o tem como objetivos: Coordenar cooperativamente, promover, dinamizar e integrar os Organismos e Setores, unificando e dando coes\u00e3o ao processo, buscando estabelecer rela\u00e7\u00f5es de efetiva participa\u00e7\u00e3o, com vistas \u00e0 viv\u00eancia da Proposta educacional da nossa Institui\u00e7\u00e3o, como pertencente \u00e0 Rede ICM de Assist\u00eancia social.<\/p>\t\t\t\t\t\t\t\t<\/div>\n\t\t\t\t<\/div>\n\t\t<div class=\"elementor-element elementor-element-3b632a1d e-flex e-con-boxed elementor-invisible e-con e-child\" data-id=\"3b632a1d\" data-element_type=\"container\" data-e-type=\"container\" data-settings=\"{&quot;animation&quot;:&quot;fadeInUp&quot;}\">\n\t\t\t\t\t<div class=\"e-con-inner\">\n\t\t<div class=\"elementor-element elementor-element-1e066750 e-con-full e-flex e-con e-child\" data-id=\"1e066750\" data-element_type=\"container\" data-e-type=\"container\">\n\t\t\t\t<div class=\"elementor-element elementor-element-2e260067 elementor-widget elementor-widget-heading\" data-id=\"2e260067\" data-element_type=\"widget\" data-e-type=\"widget\" data-widget_type=\"heading.default\">\n\t\t\t\t<div class=\"elementor-widget-container\">\n\t\t\t\t\t<h3 class=\"elementor-heading-title elementor-size-default\">Dire\u00e7\u00e3o<\/h3>\t\t\t\t<\/div>\n\t\t\t\t<\/div>\n\t\t<div class=\"elementor-element elementor-element-a325d78 e-con-full e-flex e-con e-child\" data-id=\"a325d78\" data-element_type=\"container\" data-e-type=\"container\">\n\t\t\t\t<div class=\"elementor-element elementor-element-4151288d elementor-widget elementor-widget-text-editor\" data-id=\"4151288d\" data-element_type=\"widget\" data-e-type=\"widget\" data-settings=\"{&quot;_animation&quot;:&quot;none&quot;}\" data-widget_type=\"text-editor.default\">\n\t\t\t\t<div class=\"elementor-widget-container\">\n\t\t\t\t\t\t\t\t\t<p>Ir. Maria Luiza Martinelli<\/p>\t\t\t\t\t\t\t\t<\/div>\n\t\t\t\t<\/div>\n\t\t\t\t<\/div>\n\t\t\t\t<\/div>\n\t\t<div class=\"elementor-element elementor-element-4e03be64 e-con-full e-flex e-con e-child\" data-id=\"4e03be64\" data-element_type=\"container\" data-e-type=\"container\">\n\t\t\t\t<div class=\"elementor-element elementor-element-314afe78 elementor-widget elementor-widget-heading\" data-id=\"314afe78\" data-element_type=\"widget\" data-e-type=\"widget\" data-widget_type=\"heading.default\">\n\t\t\t\t<div class=\"elementor-widget-container\">\n\t\t\t\t\t<h3 class=\"elementor-heading-title elementor-size-default\">Diretora Substituta<\/h3>\t\t\t\t<\/div>\n\t\t\t\t<\/div>\n\t\t<div class=\"elementor-element elementor-element-477ad6a7 e-con-full e-flex e-con e-child\" data-id=\"477ad6a7\" data-element_type=\"container\" data-e-type=\"container\" data-settings=\"{&quot;background_background&quot;:&quot;classic&quot;}\">\n\t\t\t\t<div class=\"elementor-element elementor-element-471033e0 elementor-widget elementor-widget-text-editor\" data-id=\"471033e0\" data-element_type=\"widget\" data-e-type=\"widget\" data-settings=\"{&quot;_animation&quot;:&quot;none&quot;}\" data-widget_type=\"text-editor.default\">\n\t\t\t\t<div class=\"elementor-widget-container\">\n\t\t\t\t\t\t\t\t\t<p>Viviane Elgues Dias<\/p>\t\t\t\t\t\t\t\t<\/div>\n\t\t\t\t<\/div>\n\t\t\t\t<\/div>\n\t\t\t\t<\/div>\n\t\t\t\t\t<\/div>\n\t\t\t\t<\/div>\n\t\t\t\t\t<\/div>\n\t\t\t\t<\/div>\n\t\t\t\t<\/div>\n\t\t<div class=\"elementor-element elementor-element-714c9f97 e-con-full e-flex e-con e-parent\" data-id=\"714c9f97\" data-element_type=\"container\" data-e-type=\"container\" id=\"sop\" data-settings=\"{&quot;background_background&quot;:&quot;classic&quot;}\">\n\t\t\t\t<div class=\"elementor-element elementor-element-127d832c elementor-widget elementor-widget-heading\" data-id=\"127d832c\" data-element_type=\"widget\" data-e-type=\"widget\" data-widget_type=\"heading.default\">\n\t\t\t\t<div class=\"elementor-widget-container\">\n\t\t\t\t\t<h2 class=\"elementor-heading-title elementor-size-default\">Servi\u00e7o de Orienta\u00e7\u00e3o<\/h2>\t\t\t\t<\/div>\n\t\t\t\t<\/div>\n\t\t<div class=\"elementor-element elementor-element-73813380 e-flex e-con-boxed e-con e-child\" data-id=\"73813380\" data-element_type=\"container\" data-e-type=\"container\">\n\t\t\t\t\t<div class=\"e-con-inner\">\n\t\t<div class=\"elementor-element elementor-element-48116ab3 e-flex e-con-boxed elementor-invisible e-con e-child\" data-id=\"48116ab3\" data-element_type=\"container\" data-e-type=\"container\" data-settings=\"{&quot;animation&quot;:&quot;fadeInUp&quot;}\">\n\t\t\t\t\t<div class=\"e-con-inner\">\n\t\t\t\t<div class=\"elementor-element elementor-element-5e4ed955 elementor-widget elementor-widget-text-editor\" data-id=\"5e4ed955\" data-element_type=\"widget\" data-e-type=\"widget\" data-widget_type=\"text-editor.default\">\n\t\t\t\t<div class=\"elementor-widget-container\">\n\t\t\t\t\t\t\t\t\t<p><strong>Servi\u00e7o de Orienta\u00e7\u00e3o Pedag\u00f3gica:\u00a0<\/strong>Servi\u00e7o de Orienta\u00e7\u00e3o Pedag\u00f3gica \u00e9 o setor respons\u00e1vel pelo acompanhamento das atividades pedag\u00f3gicas planejadas e executadas pelos educadores a partir dos interesses das crian\u00e7as e dos adolescentes; da faixa et\u00e1ria e dos objetivos das oficinas espec\u00edficas. Atua diretamente no planejamento pedag\u00f3gico em parceria com os educadores atrav\u00e9s de reuni\u00f5es semanais e acompanhamento em sala.<\/p><p><em>Profissional: Carina Teixeira Martins e Priscila Lima Barros Prestes<\/em><\/p><p><b>Servi\u00e7o de Assist\u00eancia\u00a0Social:\u00a0<\/b>Servi\u00e7o de Assist\u00eancia Social \u00e9 o setor respons\u00e1vel pelo acompanhamento dos educandos e suas fam\u00edlias buscando colaborar com os encaminhamentos burocr\u00e1ticos (exemplo: encaminhamento para programas com benef\u00edcios); situa\u00e7\u00f5es externas ao espa\u00e7o da Institui\u00e7\u00e3o que acarretam consequ\u00eancias dentro da mesma. Realiza visitas domiciliares bem como articula\u00e7\u00e3o com a rede de assist\u00eancia social.<\/p><p><b>\u00a0\u00a0<\/b><em>Profissional: Karen Rodrigues da Silva e Norma Elgues Dias<\/em><\/p>\t\t\t\t\t\t\t\t<\/div>\n\t\t\t\t<\/div>\n\t\t\t\t\t<\/div>\n\t\t\t\t<\/div>\n\t\t\t\t\t<\/div>\n\t\t\t\t<\/div>\n\t\t\t\t<\/div>\n\t\t<div class=\"elementor-element elementor-element-4c66899 e-con-full e-flex e-con e-parent\" data-id=\"4c66899\" data-element_type=\"container\" data-e-type=\"container\" id=\"soe\">\n\t\t<div class=\"elementor-element elementor-element-6ad18438 e-flex e-con-boxed e-con e-child\" data-id=\"6ad18438\" data-element_type=\"container\" data-e-type=\"container\">\n\t\t\t\t\t<div class=\"e-con-inner\">\n\t\t\t\t<div class=\"elementor-element elementor-element-9f6eee3 elementor-widget elementor-widget-heading\" data-id=\"9f6eee3\" data-element_type=\"widget\" data-e-type=\"widget\" data-widget_type=\"heading.default\">\n\t\t\t\t<div class=\"elementor-widget-container\">\n\t\t\t\t\t<h2 class=\"elementor-heading-title elementor-size-default\">Secretaria<\/h2>\t\t\t\t<\/div>\n\t\t\t\t<\/div>\n\t\t\t\t<div class=\"elementor-element elementor-element-3c964d6b elementor-invisible elementor-widget elementor-widget-text-editor\" data-id=\"3c964d6b\" data-element_type=\"widget\" data-e-type=\"widget\" data-settings=\"{&quot;_animation&quot;:&quot;fadeInUp&quot;}\" data-widget_type=\"text-editor.default\">\n\t\t\t\t<div class=\"elementor-widget-container\">\n\t\t\t\t\t\t\t\t\t<p><strong>Hor\u00e1rios de Funcionamento:<\/strong><\/p><p>De segunda \u00e0 sexta das 8h 00min \u00e0s 17h 00 min<\/p><p><strong>Secret\u00e1rias<\/strong><br \/>Maria Eduarda Avari da Silva \u2013 Ir. Dirce Schneider<\/p>\t\t\t\t\t\t\t\t<\/div>\n\t\t\t\t<\/div>\n\t\t\t\t\t<\/div>\n\t\t\t\t<\/div>\n\t\t\t\t<\/div>\n\t\t\t\t<\/div>\n\t\t","protected":false},"excerpt":{"rendered":"<p>Dire\u00e7\u00e3o A Dire\u00e7\u00e3o tem como objetivos: Coordenar cooperativamente, promover, dinamizar e integrar os Organismos e Setores, unificando e dando coes\u00e3o ao processo, buscando estabelecer rela\u00e7\u00f5es de efetiva participa\u00e7\u00e3o, com vistas \u00e0 viv\u00eancia da Proposta educacional da nossa Institui\u00e7\u00e3o, como pertencente \u00e0 Rede ICM de Assist\u00eancia social. Dire\u00e7\u00e3o Ir. Maria Luiza Martinelli Diretora Substituta Viviane Elgues [&hellip;]<\/p>\n","protected":false},"author":1,"featured_media":126,"parent":0,"menu_order":0,"comment_status":"closed","ping_status":"closed","template":"","meta":{"_acf_changed":false,"footnotes":""},"class_list":["post-122","page","type-page","status-publish","has-post-thumbnail","hentry"],"acf":[],"yoast_head":"<!-- This site is optimized with the Yoast SEO plugin v26.3 - https:\/\/yoast.com\/wordpress\/plugins\/seo\/ -->\n<title>Setores - Instituto S\u00e3o Benedito | Rede ICM de Educa\u00e7\u00e3o e Assist\u00eancia Social<\/title>\n<meta name=\"robots\" content=\"index, follow, max-snippet:-1, max-image-preview:large, max-video-preview:-1\" \/>\n<link rel=\"canonical\" href=\"https:\/\/redeicm.org.br\/institutosaobenedito\/setores\/\" \/>\n<meta property=\"og:locale\" content=\"pt_BR\" \/>\n<meta property=\"og:type\" content=\"article\" \/>\n<meta property=\"og:title\" content=\"Setores - Instituto S\u00e3o Benedito | Rede ICM de Educa\u00e7\u00e3o e Assist\u00eancia Social\" \/>\n<meta property=\"og:description\" content=\"Dire\u00e7\u00e3o A Dire\u00e7\u00e3o tem como objetivos: Coordenar cooperativamente, promover, dinamizar e integrar os Organismos e Setores, unificando e dando coes\u00e3o ao processo, buscando estabelecer rela\u00e7\u00f5es de efetiva participa\u00e7\u00e3o, com vistas \u00e0 viv\u00eancia da Proposta educacional da nossa Institui\u00e7\u00e3o, como pertencente \u00e0 Rede ICM de Assist\u00eancia social. Dire\u00e7\u00e3o Ir. Maria Luiza Martinelli Diretora Substituta Viviane Elgues [&hellip;]\" \/>\n<meta property=\"og:url\" content=\"https:\/\/redeicm.org.br\/institutosaobenedito\/setores\/\" \/>\n<meta property=\"og:site_name\" content=\"Instituto S\u00e3o Benedito | Rede ICM de Educa\u00e7\u00e3o e Assist\u00eancia Social\" \/>\n<meta property=\"article:modified_time\" content=\"2025-05-23T21:19:18+00:00\" \/>\n<meta property=\"og:image\" content=\"https:\/\/redeicm.org.br\/institutosaobenedito\/wp-content\/uploads\/sites\/13\/2024\/08\/banner-direcao.jpg\" \/>\n\t<meta property=\"og:image:width\" content=\"1440\" \/>\n\t<meta property=\"og:image:height\" content=\"400\" \/>\n\t<meta property=\"og:image:type\" content=\"image\/jpeg\" \/>\n<meta name=\"twitter:card\" content=\"summary_large_image\" \/>\n<meta name=\"twitter:label1\" content=\"Est. tempo de leitura\" \/>\n\t<meta name=\"twitter:data1\" content=\"2 minutos\" \/>\n<script type=\"application\/ld+json\" class=\"yoast-schema-graph\">{\"@context\":\"https:\/\/schema.org\",\"@graph\":[{\"@type\":\"WebPage\",\"@id\":\"https:\/\/redeicm.org.br\/institutosaobenedito\/setores\/\",\"url\":\"https:\/\/redeicm.org.br\/institutosaobenedito\/setores\/\",\"name\":\"Setores - Instituto S\u00e3o Benedito | Rede ICM de Educa\u00e7\u00e3o e Assist\u00eancia Social\",\"isPartOf\":{\"@id\":\"https:\/\/redeicm.org.br\/institutosaobenedito\/#website\"},\"primaryImageOfPage\":{\"@id\":\"https:\/\/redeicm.org.br\/institutosaobenedito\/setores\/#primaryimage\"},\"image\":{\"@id\":\"https:\/\/redeicm.org.br\/institutosaobenedito\/setores\/#primaryimage\"},\"thumbnailUrl\":\"https:\/\/redeicm.org.br\/institutosaobenedito\/wp-content\/uploads\/sites\/13\/2024\/08\/banner-direcao.jpg\",\"datePublished\":\"2024-08-16T18:23:18+00:00\",\"dateModified\":\"2025-05-23T21:19:18+00:00\",\"breadcrumb\":{\"@id\":\"https:\/\/redeicm.org.br\/institutosaobenedito\/setores\/#breadcrumb\"},\"inLanguage\":\"pt-BR\",\"potentialAction\":[{\"@type\":\"ReadAction\",\"target\":[\"https:\/\/redeicm.org.br\/institutosaobenedito\/setores\/\"]}]},{\"@type\":\"ImageObject\",\"inLanguage\":\"pt-BR\",\"@id\":\"https:\/\/redeicm.org.br\/institutosaobenedito\/setores\/#primaryimage\",\"url\":\"https:\/\/redeicm.org.br\/institutosaobenedito\/wp-content\/uploads\/sites\/13\/2024\/08\/banner-direcao.jpg\",\"contentUrl\":\"https:\/\/redeicm.org.br\/institutosaobenedito\/wp-content\/uploads\/sites\/13\/2024\/08\/banner-direcao.jpg\",\"width\":1440,\"height\":400},{\"@type\":\"BreadcrumbList\",\"@id\":\"https:\/\/redeicm.org.br\/institutosaobenedito\/setores\/#breadcrumb\",\"itemListElement\":[{\"@type\":\"ListItem\",\"position\":1,\"name\":\"In\u00edcio\",\"item\":\"https:\/\/redeicm.org.br\/institutosaobenedito\/\"},{\"@type\":\"ListItem\",\"position\":2,\"name\":\"Setores\"}]},{\"@type\":\"WebSite\",\"@id\":\"https:\/\/redeicm.org.br\/institutosaobenedito\/#website\",\"url\":\"https:\/\/redeicm.org.br\/institutosaobenedito\/\",\"name\":\"Instituto S\u00e3o Benedito | Rede ICM de Educa\u00e7\u00e3o e Assist\u00eancia Social\",\"description\":\"\",\"publisher\":{\"@id\":\"https:\/\/redeicm.org.br\/institutosaobenedito\/#organization\"},\"potentialAction\":[{\"@type\":\"SearchAction\",\"target\":{\"@type\":\"EntryPoint\",\"urlTemplate\":\"https:\/\/redeicm.org.br\/institutosaobenedito\/?s={search_term_string}\"},\"query-input\":{\"@type\":\"PropertyValueSpecification\",\"valueRequired\":true,\"valueName\":\"search_term_string\"}}],\"inLanguage\":\"pt-BR\"},{\"@type\":\"Organization\",\"@id\":\"https:\/\/redeicm.org.br\/institutosaobenedito\/#organization\",\"name\":\"Instituto S\u00e3o Benedito | Rede ICM de Educa\u00e7\u00e3o e Assist\u00eancia Social\",\"url\":\"https:\/\/redeicm.org.br\/institutosaobenedito\/\",\"logo\":{\"@type\":\"ImageObject\",\"inLanguage\":\"pt-BR\",\"@id\":\"https:\/\/redeicm.org.br\/institutosaobenedito\/#\/schema\/logo\/image\/\",\"url\":\"https:\/\/redeicm.org.br\/institutosaobenedito\/wp-content\/uploads\/sites\/13\/2024\/08\/2024_Rede-ICM_Sao-Benedito_assinatura_pref_mono_positivo_fundo-transparente.png\",\"contentUrl\":\"https:\/\/redeicm.org.br\/institutosaobenedito\/wp-content\/uploads\/sites\/13\/2024\/08\/2024_Rede-ICM_Sao-Benedito_assinatura_pref_mono_positivo_fundo-transparente.png\",\"width\":2877,\"height\":1056,\"caption\":\"Instituto S\u00e3o Benedito | Rede ICM de Educa\u00e7\u00e3o e Assist\u00eancia Social\"},\"image\":{\"@id\":\"https:\/\/redeicm.org.br\/institutosaobenedito\/#\/schema\/logo\/image\/\"}}]}<\/script>\n<!-- \/ Yoast SEO plugin. -->","yoast_head_json":{"title":"Setores - Instituto S\u00e3o Benedito | Rede ICM de Educa\u00e7\u00e3o e Assist\u00eancia Social","robots":{"index":"index","follow":"follow","max-snippet":"max-snippet:-1","max-image-preview":"max-image-preview:large","max-video-preview":"max-video-preview:-1"},"canonical":"https:\/\/redeicm.org.br\/institutosaobenedito\/setores\/","og_locale":"pt_BR","og_type":"article","og_title":"Setores - Instituto S\u00e3o Benedito | Rede ICM de Educa\u00e7\u00e3o e Assist\u00eancia Social","og_description":"Dire\u00e7\u00e3o A Dire\u00e7\u00e3o tem como objetivos: Coordenar cooperativamente, promover, dinamizar e integrar os Organismos e Setores, unificando e dando coes\u00e3o ao processo, buscando estabelecer rela\u00e7\u00f5es de efetiva participa\u00e7\u00e3o, com vistas \u00e0 viv\u00eancia da Proposta educacional da nossa Institui\u00e7\u00e3o, como pertencente \u00e0 Rede ICM de Assist\u00eancia social. Dire\u00e7\u00e3o Ir. Maria Luiza Martinelli Diretora Substituta Viviane Elgues [&hellip;]","og_url":"https:\/\/redeicm.org.br\/institutosaobenedito\/setores\/","og_site_name":"Instituto S\u00e3o Benedito | Rede ICM de Educa\u00e7\u00e3o e Assist\u00eancia Social","article_modified_time":"2025-05-23T21:19:18+00:00","og_image":[{"width":1440,"height":400,"url":"https:\/\/redeicm.org.br\/institutosaobenedito\/wp-content\/uploads\/sites\/13\/2024\/08\/banner-direcao.jpg","type":"image\/jpeg"}],"twitter_card":"summary_large_image","twitter_misc":{"Est. tempo de leitura":"2 minutos"},"schema":{"@context":"https:\/\/schema.org","@graph":[{"@type":"WebPage","@id":"https:\/\/redeicm.org.br\/institutosaobenedito\/setores\/","url":"https:\/\/redeicm.org.br\/institutosaobenedito\/setores\/","name":"Setores - Instituto S\u00e3o Benedito | Rede ICM de Educa\u00e7\u00e3o e Assist\u00eancia Social","isPartOf":{"@id":"https:\/\/redeicm.org.br\/institutosaobenedito\/#website"},"primaryImageOfPage":{"@id":"https:\/\/redeicm.org.br\/institutosaobenedito\/setores\/#primaryimage"},"image":{"@id":"https:\/\/redeicm.org.br\/institutosaobenedito\/setores\/#primaryimage"},"thumbnailUrl":"https:\/\/redeicm.org.br\/institutosaobenedito\/wp-content\/uploads\/sites\/13\/2024\/08\/banner-direcao.jpg","datePublished":"2024-08-16T18:23:18+00:00","dateModified":"2025-05-23T21:19:18+00:00","breadcrumb":{"@id":"https:\/\/redeicm.org.br\/institutosaobenedito\/setores\/#breadcrumb"},"inLanguage":"pt-BR","potentialAction":[{"@type":"ReadAction","target":["https:\/\/redeicm.org.br\/institutosaobenedito\/setores\/"]}]},{"@type":"ImageObject","inLanguage":"pt-BR","@id":"https:\/\/redeicm.org.br\/institutosaobenedito\/setores\/#primaryimage","url":"https:\/\/redeicm.org.br\/institutosaobenedito\/wp-content\/uploads\/sites\/13\/2024\/08\/banner-direcao.jpg","contentUrl":"https:\/\/redeicm.org.br\/institutosaobenedito\/wp-content\/uploads\/sites\/13\/2024\/08\/banner-direcao.jpg","width":1440,"height":400},{"@type":"BreadcrumbList","@id":"https:\/\/redeicm.org.br\/institutosaobenedito\/setores\/#breadcrumb","itemListElement":[{"@type":"ListItem","position":1,"name":"In\u00edcio","item":"https:\/\/redeicm.org.br\/institutosaobenedito\/"},{"@type":"ListItem","position":2,"name":"Setores"}]},{"@type":"WebSite","@id":"https:\/\/redeicm.org.br\/institutosaobenedito\/#website","url":"https:\/\/redeicm.org.br\/institutosaobenedito\/","name":"Instituto S\u00e3o Benedito | Rede ICM de Educa\u00e7\u00e3o e Assist\u00eancia Social","description":"","publisher":{"@id":"https:\/\/redeicm.org.br\/institutosaobenedito\/#organization"},"potentialAction":[{"@type":"SearchAction","target":{"@type":"EntryPoint","urlTemplate":"https:\/\/redeicm.org.br\/institutosaobenedito\/?s={search_term_string}"},"query-input":{"@type":"PropertyValueSpecification","valueRequired":true,"valueName":"search_term_string"}}],"inLanguage":"pt-BR"},{"@type":"Organization","@id":"https:\/\/redeicm.org.br\/institutosaobenedito\/#organization","name":"Instituto S\u00e3o Benedito | Rede ICM de Educa\u00e7\u00e3o e Assist\u00eancia Social","url":"https:\/\/redeicm.org.br\/institutosaobenedito\/","logo":{"@type":"ImageObject","inLanguage":"pt-BR","@id":"https:\/\/redeicm.org.br\/institutosaobenedito\/#\/schema\/logo\/image\/","url":"https:\/\/redeicm.org.br\/institutosaobenedito\/wp-content\/uploads\/sites\/13\/2024\/08\/2024_Rede-ICM_Sao-Benedito_assinatura_pref_mono_positivo_fundo-transparente.png","contentUrl":"https:\/\/redeicm.org.br\/institutosaobenedito\/wp-content\/uploads\/sites\/13\/2024\/08\/2024_Rede-ICM_Sao-Benedito_assinatura_pref_mono_positivo_fundo-transparente.png","width":2877,"height":1056,"caption":"Instituto S\u00e3o Benedito | Rede ICM de Educa\u00e7\u00e3o e Assist\u00eancia Social"},"image":{"@id":"https:\/\/redeicm.org.br\/institutosaobenedito\/#\/schema\/logo\/image\/"}}]}},"_links":{"self":[{"href":"https:\/\/redeicm.org.br\/institutosaobenedito\/wp-json\/wp\/v2\/pages\/122","targetHints":{"allow":["GET"]}}],"collection":[{"href":"https:\/\/redeicm.org.br\/institutosaobenedito\/wp-json\/wp\/v2\/pages"}],"about":[{"href":"https:\/\/redeicm.org.br\/institutosaobenedito\/wp-json\/wp\/v2\/types\/page"}],"author":[{"embeddable":true,"href":"https:\/\/redeicm.org.br\/institutosaobenedito\/wp-json\/wp\/v2\/users\/1"}],"replies":[{"embeddable":true,"href":"https:\/\/redeicm.org.br\/institutosaobenedito\/wp-json\/wp\/v2\/comments?post=122"}],"version-history":[{"count":3,"href":"https:\/\/redeicm.org.br\/institutosaobenedito\/wp-json\/wp\/v2\/pages\/122\/revisions"}],"predecessor-version":[{"id":1141,"href":"https:\/\/redeicm.org.br\/institutosaobenedito\/wp-json\/wp\/v2\/pages\/122\/revisions\/1141"}],"wp:featuredmedia":[{"embeddable":true,"href":"https:\/\/redeicm.org.br\/institutosaobenedito\/wp-json\/wp\/v2\/media\/126"}],"wp:attachment":[{"href":"https:\/\/redeicm.org.br\/institutosaobenedito\/wp-json\/wp\/v2\/media?parent=122"}],"curies":[{"name":"wp","href":"https:\/\/api.w.org\/{rel}","templated":true}]}}