{"id":628,"date":"2025-05-26T16:29:31","date_gmt":"2025-05-26T19:29:31","guid":{"rendered":"https:\/\/redeicm.org.br\/institutocoracaodemaria\/?page_id=628"},"modified":"2025-10-14T15:18:43","modified_gmt":"2025-10-14T18:18:43","slug":"parceiros","status":"publish","type":"page","link":"https:\/\/redeicm.org.br\/institutocoracaodemaria\/parceiros\/","title":{"rendered":"Parceiros"},"content":{"rendered":"\t\t<div data-elementor-type=\"wp-page\" data-elementor-id=\"628\" class=\"elementor elementor-628\" data-elementor-post-type=\"page\">\n\t\t\t\t<div class=\"elementor-element elementor-element-7d9f9446 e-flex e-con-boxed e-con e-parent\" data-id=\"7d9f9446\" data-element_type=\"container\" data-e-type=\"container\" data-settings=\"{&quot;background_background&quot;:&quot;classic&quot;}\">\n\t\t\t\t\t<div class=\"e-con-inner\">\n\t\t\t\t<div class=\"elementor-element elementor-element-2fb7211d elementor-widget elementor-widget-heading\" data-id=\"2fb7211d\" data-element_type=\"widget\" data-e-type=\"widget\" data-widget_type=\"heading.default\">\n\t\t\t\t<div class=\"elementor-widget-container\">\n\t\t\t\t\t<h1 class=\"elementor-heading-title elementor-size-default\">Parceiros<\/h1>\t\t\t\t<\/div>\n\t\t\t\t<\/div>\n\t\t\t\t\t<\/div>\n\t\t\t\t<\/div>\n\t\t<div class=\"elementor-element elementor-element-3bc92487 e-con-full e-flex e-con e-parent\" data-id=\"3bc92487\" data-element_type=\"container\" data-e-type=\"container\">\n\t\t<div class=\"elementor-element elementor-element-31cd7a96 e-flex e-con-boxed e-con e-child\" data-id=\"31cd7a96\" data-element_type=\"container\" data-e-type=\"container\">\n\t\t\t\t\t<div class=\"e-con-inner\">\n\t\t\t\t<div class=\"elementor-element elementor-element-1a72e9a5 elementor-invisible elementor-widget elementor-widget-text-editor\" data-id=\"1a72e9a5\" data-element_type=\"widget\" data-e-type=\"widget\" data-settings=\"{&quot;_animation&quot;:&quot;fadeInUp&quot;}\" data-widget_type=\"text-editor.default\">\n\t\t\t\t<div class=\"elementor-widget-container\">\n\t\t\t\t\t\t\t\t\t<h4><img decoding=\"async\" class=\"alignnone size-medium wp-image-870\" src=\"https:\/\/redeicm.org.br\/institutocoracaodemaria\/wp-content\/uploads\/sites\/14\/2025\/10\/IMG_20250731_151051_NV-300x135.jpg\" alt=\"\" width=\"300\" height=\"135\" srcset=\"https:\/\/redeicm.org.br\/institutocoracaodemaria\/wp-content\/uploads\/sites\/14\/2025\/10\/IMG_20250731_151051_NV-300x135.jpg 300w, https:\/\/redeicm.org.br\/institutocoracaodemaria\/wp-content\/uploads\/sites\/14\/2025\/10\/IMG_20250731_151051_NV-1024x461.jpg 1024w, https:\/\/redeicm.org.br\/institutocoracaodemaria\/wp-content\/uploads\/sites\/14\/2025\/10\/IMG_20250731_151051_NV-768x346.jpg 768w, https:\/\/redeicm.org.br\/institutocoracaodemaria\/wp-content\/uploads\/sites\/14\/2025\/10\/IMG_20250731_151051_NV.jpg 1280w\" sizes=\"(max-width: 300px) 100vw, 300px\" \/>Sua Parceria transforma muitas vidas!<br \/>A vida transformada transforma o mundo.<\/h4><p><strong>\u2013 Casa Cristo do Bem<\/strong><br \/><strong>\u2013 Well Done Buffet<\/strong><br \/><strong>\u2013 Abrinq<\/strong><\/p>\t\t\t\t\t\t\t\t<\/div>\n\t\t\t\t<\/div>\n\t\t\t\t\t<\/div>\n\t\t\t\t<\/div>\n\t\t\t\t<\/div>\n\t\t\t\t<\/div>\n\t\t","protected":false},"excerpt":{"rendered":"<p>Sua Parceria transforma muitas vidas! A vida transformada transforma o mundo. \u2013 Casa Cristo do Bem \u2013 Well Done Buffet \u2013 Abrinq<\/p>\n","protected":false},"author":1,"featured_media":870,"parent":0,"menu_order":0,"comment_status":"closed","ping_status":"closed","template":"","meta":{"_acf_changed":false,"footnotes":""},"class_list":["post-628","page","type-page","status-publish","has-post-thumbnail","hentry"],"acf":[],"yoast_head":"<!-- This site is optimized with the Yoast SEO plugin v26.3 - https:\/\/yoast.com\/wordpress\/plugins\/seo\/ -->\n<title>Parceiros - Instituto Cora\u00e7\u00e3o de Maria | Rede ICM de Educa\u00e7\u00e3o e Assist\u00eancia Social<\/title>\n<meta name=\"description\" content=\"Bem-aventurados os pobres de esp\u00edrito, porque deles \u00e9 o reino dos c\u00e9us; Bem-aventurados os que choram, porque eles ser\u00e3o consolados; Bem-aventurados os mansos, porque eles herdar\u00e3o a terra; Bem-aventurados os que t\u00eam fome e sede de justi\u00e7a, porque eles ser\u00e3o fartos.; Bem-aventurados os misericordiosos, porque eles alcan\u00e7ar\u00e3o miseric\u00f3rdia; Bem-aventurados os puros de cora\u00e7\u00e3o, porque eles ver\u00e3o a Deus; Bem-aventurados os pacificadores, porque eles ser\u00e3o chamados filhos de Deus; Bem-aventurados os que sofrem persegui\u00e7\u00e3o por causa da justi\u00e7a, porque deles \u00e9 o reino dos c\u00e9us; Bem-aventurados sois v\u00f3s, quando vos injuriarem e perseguirem, e mentindo, falarem todo mal contra v\u00f3s por minha causa; Exultai e alegrai-vos, porque \u00e9 grande o vosso galard\u00e3o nos c\u00e9us; porque assim perseguiram os profetas que vieram antes de v\u00f3s. Mateus 5:3\u2013123\" \/>\n<meta name=\"robots\" content=\"index, follow, max-snippet:-1, max-image-preview:large, max-video-preview:-1\" \/>\n<link rel=\"canonical\" href=\"https:\/\/redeicm.org.br\/institutocoracaodemaria\/parceiros\/\" \/>\n<meta property=\"og:locale\" content=\"pt_BR\" \/>\n<meta property=\"og:type\" content=\"article\" \/>\n<meta property=\"og:title\" content=\"Parceiros - Instituto Cora\u00e7\u00e3o de Maria | Rede ICM de Educa\u00e7\u00e3o e Assist\u00eancia Social\" \/>\n<meta property=\"og:description\" content=\"Bem-aventurados os pobres de esp\u00edrito, porque deles \u00e9 o reino dos c\u00e9us; Bem-aventurados os que choram, porque eles ser\u00e3o consolados; Bem-aventurados os mansos, porque eles herdar\u00e3o a terra; Bem-aventurados os que t\u00eam fome e sede de justi\u00e7a, porque eles ser\u00e3o fartos.; Bem-aventurados os misericordiosos, porque eles alcan\u00e7ar\u00e3o miseric\u00f3rdia; Bem-aventurados os puros de cora\u00e7\u00e3o, porque eles ver\u00e3o a Deus; Bem-aventurados os pacificadores, porque eles ser\u00e3o chamados filhos de Deus; Bem-aventurados os que sofrem persegui\u00e7\u00e3o por causa da justi\u00e7a, porque deles \u00e9 o reino dos c\u00e9us; Bem-aventurados sois v\u00f3s, quando vos injuriarem e perseguirem, e mentindo, falarem todo mal contra v\u00f3s por minha causa; Exultai e alegrai-vos, porque \u00e9 grande o vosso galard\u00e3o nos c\u00e9us; porque assim perseguiram os profetas que vieram antes de v\u00f3s. Mateus 5:3\u2013123\" \/>\n<meta property=\"og:url\" content=\"https:\/\/redeicm.org.br\/institutocoracaodemaria\/parceiros\/\" \/>\n<meta property=\"og:site_name\" content=\"Instituto Cora\u00e7\u00e3o de Maria | Rede ICM de Educa\u00e7\u00e3o e Assist\u00eancia Social\" \/>\n<meta property=\"article:modified_time\" content=\"2025-10-14T18:18:43+00:00\" \/>\n<meta property=\"og:image\" content=\"https:\/\/redeicm.org.br\/institutocoracaodemaria\/wp-content\/uploads\/sites\/14\/2025\/10\/IMG_20250731_151051_NV.jpg\" \/>\n\t<meta property=\"og:image:width\" content=\"1280\" \/>\n\t<meta property=\"og:image:height\" content=\"576\" \/>\n\t<meta property=\"og:image:type\" content=\"image\/jpeg\" \/>\n<meta name=\"twitter:card\" content=\"summary_large_image\" \/>\n<meta name=\"twitter:label1\" content=\"Est. tempo de leitura\" \/>\n\t<meta name=\"twitter:data1\" content=\"1 minuto\" \/>\n<script type=\"application\/ld+json\" class=\"yoast-schema-graph\">{\"@context\":\"https:\/\/schema.org\",\"@graph\":[{\"@type\":\"WebPage\",\"@id\":\"https:\/\/redeicm.org.br\/institutocoracaodemaria\/parceiros\/\",\"url\":\"https:\/\/redeicm.org.br\/institutocoracaodemaria\/parceiros\/\",\"name\":\"Parceiros - Instituto Cora\u00e7\u00e3o de Maria | Rede ICM de Educa\u00e7\u00e3o e Assist\u00eancia Social\",\"isPartOf\":{\"@id\":\"https:\/\/redeicm.org.br\/institutocoracaodemaria\/#website\"},\"primaryImageOfPage\":{\"@id\":\"https:\/\/redeicm.org.br\/institutocoracaodemaria\/parceiros\/#primaryimage\"},\"image\":{\"@id\":\"https:\/\/redeicm.org.br\/institutocoracaodemaria\/parceiros\/#primaryimage\"},\"thumbnailUrl\":\"https:\/\/redeicm.org.br\/institutocoracaodemaria\/wp-content\/uploads\/sites\/14\/2025\/10\/IMG_20250731_151051_NV.jpg\",\"datePublished\":\"2025-05-26T19:29:31+00:00\",\"dateModified\":\"2025-10-14T18:18:43+00:00\",\"description\":\"Bem-aventurados os pobres de esp\u00edrito, porque deles \u00e9 o reino dos c\u00e9us; Bem-aventurados os que choram, porque eles ser\u00e3o consolados; Bem-aventurados os mansos, porque eles herdar\u00e3o a terra; Bem-aventurados os que t\u00eam fome e sede de justi\u00e7a, porque eles ser\u00e3o fartos.; Bem-aventurados os misericordiosos, porque eles alcan\u00e7ar\u00e3o miseric\u00f3rdia; Bem-aventurados os puros de cora\u00e7\u00e3o, porque eles ver\u00e3o a Deus; Bem-aventurados os pacificadores, porque eles ser\u00e3o chamados filhos de Deus; Bem-aventurados os que sofrem persegui\u00e7\u00e3o por causa da justi\u00e7a, porque deles \u00e9 o reino dos c\u00e9us; Bem-aventurados sois v\u00f3s, quando vos injuriarem e perseguirem, e mentindo, falarem todo mal contra v\u00f3s por minha causa; Exultai e alegrai-vos, porque \u00e9 grande o vosso galard\u00e3o nos c\u00e9us; porque assim perseguiram os profetas que vieram antes de v\u00f3s. Mateus 5:3\u2013123\",\"breadcrumb\":{\"@id\":\"https:\/\/redeicm.org.br\/institutocoracaodemaria\/parceiros\/#breadcrumb\"},\"inLanguage\":\"pt-BR\",\"potentialAction\":[{\"@type\":\"ReadAction\",\"target\":[\"https:\/\/redeicm.org.br\/institutocoracaodemaria\/parceiros\/\"]}]},{\"@type\":\"ImageObject\",\"inLanguage\":\"pt-BR\",\"@id\":\"https:\/\/redeicm.org.br\/institutocoracaodemaria\/parceiros\/#primaryimage\",\"url\":\"https:\/\/redeicm.org.br\/institutocoracaodemaria\/wp-content\/uploads\/sites\/14\/2025\/10\/IMG_20250731_151051_NV.jpg\",\"contentUrl\":\"https:\/\/redeicm.org.br\/institutocoracaodemaria\/wp-content\/uploads\/sites\/14\/2025\/10\/IMG_20250731_151051_NV.jpg\",\"width\":1280,\"height\":576},{\"@type\":\"BreadcrumbList\",\"@id\":\"https:\/\/redeicm.org.br\/institutocoracaodemaria\/parceiros\/#breadcrumb\",\"itemListElement\":[{\"@type\":\"ListItem\",\"position\":1,\"name\":\"In\u00edcio\",\"item\":\"https:\/\/redeicm.org.br\/institutocoracaodemaria\/\"},{\"@type\":\"ListItem\",\"position\":2,\"name\":\"Parceiros\"}]},{\"@type\":\"WebSite\",\"@id\":\"https:\/\/redeicm.org.br\/institutocoracaodemaria\/#website\",\"url\":\"https:\/\/redeicm.org.br\/institutocoracaodemaria\/\",\"name\":\"Instituto Cora\u00e7\u00e3o de Maria | Rede ICM de Educa\u00e7\u00e3o e Assist\u00eancia Social\",\"description\":\"Servi\u00e7o Socioassistencial que atende crian\u00e7as e adolescentes de 06 a 15 anos em contra turno escolar.\",\"publisher\":{\"@id\":\"https:\/\/redeicm.org.br\/institutocoracaodemaria\/#organization\"},\"potentialAction\":[{\"@type\":\"SearchAction\",\"target\":{\"@type\":\"EntryPoint\",\"urlTemplate\":\"https:\/\/redeicm.org.br\/institutocoracaodemaria\/?s={search_term_string}\"},\"query-input\":{\"@type\":\"PropertyValueSpecification\",\"valueRequired\":true,\"valueName\":\"search_term_string\"}}],\"inLanguage\":\"pt-BR\"},{\"@type\":\"Organization\",\"@id\":\"https:\/\/redeicm.org.br\/institutocoracaodemaria\/#organization\",\"name\":\"Instituto Cora\u00e7\u00e3o de Maria | Rede ICM de Educa\u00e7\u00e3o e Assist\u00eancia Social\",\"url\":\"https:\/\/redeicm.org.br\/institutocoracaodemaria\/\",\"logo\":{\"@type\":\"ImageObject\",\"inLanguage\":\"pt-BR\",\"@id\":\"https:\/\/redeicm.org.br\/institutocoracaodemaria\/#\/schema\/logo\/image\/\",\"url\":\"https:\/\/redeicm.org.br\/institutocoracaodemaria\/wp-content\/uploads\/sites\/14\/2024\/08\/ICM_Socio_ImaculadoCoracao_preferencial-1024x385-1.png\",\"contentUrl\":\"https:\/\/redeicm.org.br\/institutocoracaodemaria\/wp-content\/uploads\/sites\/14\/2024\/08\/ICM_Socio_ImaculadoCoracao_preferencial-1024x385-1.png\",\"width\":1024,\"height\":385,\"caption\":\"Instituto Cora\u00e7\u00e3o de Maria | Rede ICM de Educa\u00e7\u00e3o e Assist\u00eancia Social\"},\"image\":{\"@id\":\"https:\/\/redeicm.org.br\/institutocoracaodemaria\/#\/schema\/logo\/image\/\"}}]}<\/script>\n<!-- \/ Yoast SEO plugin. -->","yoast_head_json":{"title":"Parceiros - Instituto Cora\u00e7\u00e3o de Maria | Rede ICM de Educa\u00e7\u00e3o e Assist\u00eancia Social","description":"Bem-aventurados os pobres de esp\u00edrito, porque deles \u00e9 o reino dos c\u00e9us; Bem-aventurados os que choram, porque eles ser\u00e3o consolados; Bem-aventurados os mansos, porque eles herdar\u00e3o a terra; Bem-aventurados os que t\u00eam fome e sede de justi\u00e7a, porque eles ser\u00e3o fartos.; Bem-aventurados os misericordiosos, porque eles alcan\u00e7ar\u00e3o miseric\u00f3rdia; Bem-aventurados os puros de cora\u00e7\u00e3o, porque eles ver\u00e3o a Deus; Bem-aventurados os pacificadores, porque eles ser\u00e3o chamados filhos de Deus; Bem-aventurados os que sofrem persegui\u00e7\u00e3o por causa da justi\u00e7a, porque deles \u00e9 o reino dos c\u00e9us; Bem-aventurados sois v\u00f3s, quando vos injuriarem e perseguirem, e mentindo, falarem todo mal contra v\u00f3s por minha causa; Exultai e alegrai-vos, porque \u00e9 grande o vosso galard\u00e3o nos c\u00e9us; porque assim perseguiram os profetas que vieram antes de v\u00f3s. Mateus 5:3\u2013123","robots":{"index":"index","follow":"follow","max-snippet":"max-snippet:-1","max-image-preview":"max-image-preview:large","max-video-preview":"max-video-preview:-1"},"canonical":"https:\/\/redeicm.org.br\/institutocoracaodemaria\/parceiros\/","og_locale":"pt_BR","og_type":"article","og_title":"Parceiros - Instituto Cora\u00e7\u00e3o de Maria | Rede ICM de Educa\u00e7\u00e3o e Assist\u00eancia Social","og_description":"Bem-aventurados os pobres de esp\u00edrito, porque deles \u00e9 o reino dos c\u00e9us; Bem-aventurados os que choram, porque eles ser\u00e3o consolados; Bem-aventurados os mansos, porque eles herdar\u00e3o a terra; Bem-aventurados os que t\u00eam fome e sede de justi\u00e7a, porque eles ser\u00e3o fartos.; Bem-aventurados os misericordiosos, porque eles alcan\u00e7ar\u00e3o miseric\u00f3rdia; Bem-aventurados os puros de cora\u00e7\u00e3o, porque eles ver\u00e3o a Deus; Bem-aventurados os pacificadores, porque eles ser\u00e3o chamados filhos de Deus; Bem-aventurados os que sofrem persegui\u00e7\u00e3o por causa da justi\u00e7a, porque deles \u00e9 o reino dos c\u00e9us; Bem-aventurados sois v\u00f3s, quando vos injuriarem e perseguirem, e mentindo, falarem todo mal contra v\u00f3s por minha causa; Exultai e alegrai-vos, porque \u00e9 grande o vosso galard\u00e3o nos c\u00e9us; porque assim perseguiram os profetas que vieram antes de v\u00f3s. Mateus 5:3\u2013123","og_url":"https:\/\/redeicm.org.br\/institutocoracaodemaria\/parceiros\/","og_site_name":"Instituto Cora\u00e7\u00e3o de Maria | Rede ICM de Educa\u00e7\u00e3o e Assist\u00eancia Social","article_modified_time":"2025-10-14T18:18:43+00:00","og_image":[{"width":1280,"height":576,"url":"https:\/\/redeicm.org.br\/institutocoracaodemaria\/wp-content\/uploads\/sites\/14\/2025\/10\/IMG_20250731_151051_NV.jpg","type":"image\/jpeg"}],"twitter_card":"summary_large_image","twitter_misc":{"Est. tempo de leitura":"1 minuto"},"schema":{"@context":"https:\/\/schema.org","@graph":[{"@type":"WebPage","@id":"https:\/\/redeicm.org.br\/institutocoracaodemaria\/parceiros\/","url":"https:\/\/redeicm.org.br\/institutocoracaodemaria\/parceiros\/","name":"Parceiros - Instituto Cora\u00e7\u00e3o de Maria | Rede ICM de Educa\u00e7\u00e3o e Assist\u00eancia Social","isPartOf":{"@id":"https:\/\/redeicm.org.br\/institutocoracaodemaria\/#website"},"primaryImageOfPage":{"@id":"https:\/\/redeicm.org.br\/institutocoracaodemaria\/parceiros\/#primaryimage"},"image":{"@id":"https:\/\/redeicm.org.br\/institutocoracaodemaria\/parceiros\/#primaryimage"},"thumbnailUrl":"https:\/\/redeicm.org.br\/institutocoracaodemaria\/wp-content\/uploads\/sites\/14\/2025\/10\/IMG_20250731_151051_NV.jpg","datePublished":"2025-05-26T19:29:31+00:00","dateModified":"2025-10-14T18:18:43+00:00","description":"Bem-aventurados os pobres de esp\u00edrito, porque deles \u00e9 o reino dos c\u00e9us; Bem-aventurados os que choram, porque eles ser\u00e3o consolados; Bem-aventurados os mansos, porque eles herdar\u00e3o a terra; Bem-aventurados os que t\u00eam fome e sede de justi\u00e7a, porque eles ser\u00e3o fartos.; Bem-aventurados os misericordiosos, porque eles alcan\u00e7ar\u00e3o miseric\u00f3rdia; Bem-aventurados os puros de cora\u00e7\u00e3o, porque eles ver\u00e3o a Deus; Bem-aventurados os pacificadores, porque eles ser\u00e3o chamados filhos de Deus; Bem-aventurados os que sofrem persegui\u00e7\u00e3o por causa da justi\u00e7a, porque deles \u00e9 o reino dos c\u00e9us; Bem-aventurados sois v\u00f3s, quando vos injuriarem e perseguirem, e mentindo, falarem todo mal contra v\u00f3s por minha causa; Exultai e alegrai-vos, porque \u00e9 grande o vosso galard\u00e3o nos c\u00e9us; porque assim perseguiram os profetas que vieram antes de v\u00f3s. Mateus 5:3\u2013123","breadcrumb":{"@id":"https:\/\/redeicm.org.br\/institutocoracaodemaria\/parceiros\/#breadcrumb"},"inLanguage":"pt-BR","potentialAction":[{"@type":"ReadAction","target":["https:\/\/redeicm.org.br\/institutocoracaodemaria\/parceiros\/"]}]},{"@type":"ImageObject","inLanguage":"pt-BR","@id":"https:\/\/redeicm.org.br\/institutocoracaodemaria\/parceiros\/#primaryimage","url":"https:\/\/redeicm.org.br\/institutocoracaodemaria\/wp-content\/uploads\/sites\/14\/2025\/10\/IMG_20250731_151051_NV.jpg","contentUrl":"https:\/\/redeicm.org.br\/institutocoracaodemaria\/wp-content\/uploads\/sites\/14\/2025\/10\/IMG_20250731_151051_NV.jpg","width":1280,"height":576},{"@type":"BreadcrumbList","@id":"https:\/\/redeicm.org.br\/institutocoracaodemaria\/parceiros\/#breadcrumb","itemListElement":[{"@type":"ListItem","position":1,"name":"In\u00edcio","item":"https:\/\/redeicm.org.br\/institutocoracaodemaria\/"},{"@type":"ListItem","position":2,"name":"Parceiros"}]},{"@type":"WebSite","@id":"https:\/\/redeicm.org.br\/institutocoracaodemaria\/#website","url":"https:\/\/redeicm.org.br\/institutocoracaodemaria\/","name":"Instituto Cora\u00e7\u00e3o de Maria | Rede ICM de Educa\u00e7\u00e3o e Assist\u00eancia Social","description":"Servi\u00e7o Socioassistencial que atende crian\u00e7as e adolescentes de 06 a 15 anos em contra turno escolar.","publisher":{"@id":"https:\/\/redeicm.org.br\/institutocoracaodemaria\/#organization"},"potentialAction":[{"@type":"SearchAction","target":{"@type":"EntryPoint","urlTemplate":"https:\/\/redeicm.org.br\/institutocoracaodemaria\/?s={search_term_string}"},"query-input":{"@type":"PropertyValueSpecification","valueRequired":true,"valueName":"search_term_string"}}],"inLanguage":"pt-BR"},{"@type":"Organization","@id":"https:\/\/redeicm.org.br\/institutocoracaodemaria\/#organization","name":"Instituto Cora\u00e7\u00e3o de Maria | Rede ICM de Educa\u00e7\u00e3o e Assist\u00eancia Social","url":"https:\/\/redeicm.org.br\/institutocoracaodemaria\/","logo":{"@type":"ImageObject","inLanguage":"pt-BR","@id":"https:\/\/redeicm.org.br\/institutocoracaodemaria\/#\/schema\/logo\/image\/","url":"https:\/\/redeicm.org.br\/institutocoracaodemaria\/wp-content\/uploads\/sites\/14\/2024\/08\/ICM_Socio_ImaculadoCoracao_preferencial-1024x385-1.png","contentUrl":"https:\/\/redeicm.org.br\/institutocoracaodemaria\/wp-content\/uploads\/sites\/14\/2024\/08\/ICM_Socio_ImaculadoCoracao_preferencial-1024x385-1.png","width":1024,"height":385,"caption":"Instituto Cora\u00e7\u00e3o de Maria | Rede ICM de Educa\u00e7\u00e3o e Assist\u00eancia Social"},"image":{"@id":"https:\/\/redeicm.org.br\/institutocoracaodemaria\/#\/schema\/logo\/image\/"}}]}},"_links":{"self":[{"href":"https:\/\/redeicm.org.br\/institutocoracaodemaria\/wp-json\/wp\/v2\/pages\/628","targetHints":{"allow":["GET"]}}],"collection":[{"href":"https:\/\/redeicm.org.br\/institutocoracaodemaria\/wp-json\/wp\/v2\/pages"}],"about":[{"href":"https:\/\/redeicm.org.br\/institutocoracaodemaria\/wp-json\/wp\/v2\/types\/page"}],"author":[{"embeddable":true,"href":"https:\/\/redeicm.org.br\/institutocoracaodemaria\/wp-json\/wp\/v2\/users\/1"}],"replies":[{"embeddable":true,"href":"https:\/\/redeicm.org.br\/institutocoracaodemaria\/wp-json\/wp\/v2\/comments?post=628"}],"version-history":[{"count":17,"href":"https:\/\/redeicm.org.br\/institutocoracaodemaria\/wp-json\/wp\/v2\/pages\/628\/revisions"}],"predecessor-version":[{"id":878,"href":"https:\/\/redeicm.org.br\/institutocoracaodemaria\/wp-json\/wp\/v2\/pages\/628\/revisions\/878"}],"wp:featuredmedia":[{"embeddable":true,"href":"https:\/\/redeicm.org.br\/institutocoracaodemaria\/wp-json\/wp\/v2\/media\/870"}],"wp:attachment":[{"href":"https:\/\/redeicm.org.br\/institutocoracaodemaria\/wp-json\/wp\/v2\/media?parent=628"}],"curies":[{"name":"wp","href":"https:\/\/api.w.org\/{rel}","templated":true}]}}