{"id":382,"date":"2024-09-08T11:02:46","date_gmt":"2024-09-08T14:02:46","guid":{"rendered":"https:\/\/redeicm.org.br\/institutocoracaodemaria\/?page_id=382"},"modified":"2025-10-20T08:39:26","modified_gmt":"2025-10-20T11:39:26","slug":"servico-de-coordenacao-pedagogica-balbina-gomes-braganca","status":"publish","type":"page","link":"https:\/\/redeicm.org.br\/institutocoracaodemaria\/servico-de-coordenacao-pedagogica-balbina-gomes-braganca\/","title":{"rendered":"Servi\u00e7o de Coordena\u00e7\u00e3o Pedag\u00f3gica"},"content":{"rendered":"\t\t<div data-elementor-type=\"wp-page\" data-elementor-id=\"382\" class=\"elementor elementor-382\" data-elementor-post-type=\"page\">\n\t\t\t\t<div class=\"elementor-element elementor-element-7d9f9446 e-flex e-con-boxed e-con e-parent\" data-id=\"7d9f9446\" data-element_type=\"container\" data-e-type=\"container\" data-settings=\"{&quot;background_background&quot;:&quot;classic&quot;}\">\n\t\t\t\t\t<div class=\"e-con-inner\">\n\t\t\t\t<div class=\"elementor-element elementor-element-2fb7211d elementor-widget elementor-widget-heading\" data-id=\"2fb7211d\" data-element_type=\"widget\" data-e-type=\"widget\" data-widget_type=\"heading.default\">\n\t\t\t\t<div class=\"elementor-widget-container\">\n\t\t\t\t\t<h1 class=\"elementor-heading-title elementor-size-default\">Servi\u00e7o de Coordena\u00e7\u00e3o Pedag\u00f3gica<\/h1>\t\t\t\t<\/div>\n\t\t\t\t<\/div>\n\t\t\t\t\t<\/div>\n\t\t\t\t<\/div>\n\t\t<div class=\"elementor-element elementor-element-8ee6115 e-con-full e-flex e-con e-parent\" data-id=\"8ee6115\" data-element_type=\"container\" data-e-type=\"container\">\n\t\t<div class=\"elementor-element elementor-element-db20a50 e-flex e-con-boxed e-con e-child\" data-id=\"db20a50\" data-element_type=\"container\" data-e-type=\"container\">\n\t\t\t\t\t<div class=\"e-con-inner\">\n\t\t\t\t<div class=\"elementor-element elementor-element-e8d48d7 elementor-invisible elementor-widget elementor-widget-text-editor\" data-id=\"e8d48d7\" data-element_type=\"widget\" data-e-type=\"widget\" data-settings=\"{&quot;_animation&quot;:&quot;fadeInUp&quot;}\" data-widget_type=\"text-editor.default\">\n\t\t\t\t<div class=\"elementor-widget-container\">\n\t\t\t\t\t\t\t\t\t<div class=\"l-section-h i-cf\"><p>O Servi\u00e7o de Coordena\u00e7\u00e3o Pedag\u00f3gica\u00a0 tem como coordena\u00e7\u00e3o<\/p><p>Balbina Gomes Bragan\u00e7a<\/p><p>O servi\u00e7o de coordena\u00e7\u00e3o pedag\u00f3gica desempenha um papel fundamental na promo\u00e7\u00e3o e garantia dos direitos, princ\u00edpios e valores sociais de crian\u00e7as e adolescentes atendidos. As a\u00e7\u00f5es promovem o desenvolvimento pleno dos usu\u00e1rios em seus aspectos cognitivos, emocionais, sociais e culturais.<\/p><p>Com essas a\u00e7\u00f5es, o servi\u00e7o de coordena\u00e7\u00e3o pedag\u00f3gica atua como mediadora do processo, contribuindo ativamente para a constru\u00e7\u00e3o de um ambiente educativo onde os direitos das crian\u00e7as e adolescentes s\u00e3o respeitados, promovidos e vivenciados de forma significativa e prazerosa.<\/p><\/div>\t\t\t\t\t\t\t\t<\/div>\n\t\t\t\t<\/div>\n\t\t\t\t\t<\/div>\n\t\t\t\t<\/div>\n\t\t\t\t<\/div>\n\t\t<div class=\"elementor-element elementor-element-6f887f0 e-flex e-con-boxed e-con e-parent\" data-id=\"6f887f0\" data-element_type=\"container\" data-e-type=\"container\">\n\t\t\t\t\t<div class=\"e-con-inner\">\n\t\t\t\t<div class=\"elementor-element elementor-element-8c3ca48 elementor-widget elementor-widget-image\" data-id=\"8c3ca48\" data-element_type=\"widget\" data-e-type=\"widget\" data-widget_type=\"image.default\">\n\t\t\t\t<div class=\"elementor-widget-container\">\n\t\t\t\t\t\t\t\t\t\t\t\t\t\t\t<img fetchpriority=\"high\" decoding=\"async\" width=\"191\" height=\"300\" src=\"https:\/\/redeicm.org.br\/institutocoracaodemaria\/wp-content\/uploads\/sites\/14\/2025\/09\/FOTO-PARA-SITE-191x300.jpg\" class=\"attachment-medium size-medium wp-image-839\" alt=\"\" srcset=\"https:\/\/redeicm.org.br\/institutocoracaodemaria\/wp-content\/uploads\/sites\/14\/2025\/09\/FOTO-PARA-SITE-191x300.jpg 191w, https:\/\/redeicm.org.br\/institutocoracaodemaria\/wp-content\/uploads\/sites\/14\/2025\/09\/FOTO-PARA-SITE.jpg 539w\" sizes=\"(max-width: 191px) 100vw, 191px\" \/>\t\t\t\t\t\t\t\t\t\t\t\t\t\t\t<\/div>\n\t\t\t\t<\/div>\n\t\t\t\t\t<\/div>\n\t\t\t\t<\/div>\n\t\t<div class=\"elementor-element elementor-element-ad95306 e-flex e-con-boxed e-con e-parent\" data-id=\"ad95306\" data-element_type=\"container\" data-e-type=\"container\">\n\t\t\t\t\t<div class=\"e-con-inner\">\n\t\t\t\t<div class=\"elementor-element elementor-element-5f3c7e2 elementor-widget elementor-widget-text-editor\" data-id=\"5f3c7e2\" data-element_type=\"widget\" data-e-type=\"widget\" data-widget_type=\"text-editor.default\">\n\t\t\t\t<div class=\"elementor-widget-container\">\n\t\t\t\t\t\t\t\t\t<p>Lorem ipsum dolor sit amet, consectetur adipiscing elit. Ut elit tellus, luctus nec ullamcorper mattis, pulvinar dapibus leo.<\/p>\t\t\t\t\t\t\t\t<\/div>\n\t\t\t\t<\/div>\n\t\t\t\t\t<\/div>\n\t\t\t\t<\/div>\n\t\t\t\t<\/div>\n\t\t","protected":false},"excerpt":{"rendered":"<p>O Servi\u00e7o de Coordena\u00e7\u00e3o Pedag\u00f3gica\u00a0 tem como coordena\u00e7\u00e3o Balbina Gomes Bragan\u00e7a O servi\u00e7o de coordena\u00e7\u00e3o pedag\u00f3gica desempenha um papel fundamental na promo\u00e7\u00e3o e garantia dos direitos, princ\u00edpios e valores sociais de crian\u00e7as e adolescentes atendidos. As a\u00e7\u00f5es promovem o desenvolvimento pleno dos usu\u00e1rios em seus aspectos cognitivos, emocionais, sociais e culturais. Com essas a\u00e7\u00f5es, o [&hellip;]<\/p>\n","protected":false},"author":1,"featured_media":839,"parent":0,"menu_order":0,"comment_status":"closed","ping_status":"closed","template":"","meta":{"_acf_changed":false,"footnotes":""},"class_list":["post-382","page","type-page","status-publish","has-post-thumbnail","hentry"],"acf":[],"yoast_head":"<!-- This site is optimized with the Yoast SEO plugin v26.3 - https:\/\/yoast.com\/wordpress\/plugins\/seo\/ -->\n<title>Servi\u00e7o de Coordena\u00e7\u00e3o Pedag\u00f3gica - Instituto Cora\u00e7\u00e3o de Maria | Rede ICM de Educa\u00e7\u00e3o e Assist\u00eancia Social<\/title>\n<meta name=\"description\" content=\"O servi\u00e7o de coordena\u00e7\u00e3o pedag\u00f3gica desempenha um papel fundamental na promo\u00e7\u00e3o e garantia dos direitos princ\u00edpios e valores sociais.\" \/>\n<meta name=\"robots\" content=\"index, follow, max-snippet:-1, max-image-preview:large, max-video-preview:-1\" \/>\n<link rel=\"canonical\" href=\"https:\/\/redeicm.org.br\/institutocoracaodemaria\/servico-de-coordenacao-pedagogica-balbina-gomes-braganca\/\" \/>\n<meta property=\"og:locale\" content=\"pt_BR\" \/>\n<meta property=\"og:type\" content=\"article\" \/>\n<meta property=\"og:title\" content=\"Servi\u00e7o de Coordena\u00e7\u00e3o Pedag\u00f3gica - Instituto Cora\u00e7\u00e3o de Maria | Rede ICM de Educa\u00e7\u00e3o e Assist\u00eancia Social\" \/>\n<meta property=\"og:description\" content=\"O servi\u00e7o de coordena\u00e7\u00e3o pedag\u00f3gica desempenha um papel fundamental na promo\u00e7\u00e3o e garantia dos direitos princ\u00edpios e valores sociais.\" \/>\n<meta property=\"og:url\" content=\"https:\/\/redeicm.org.br\/institutocoracaodemaria\/servico-de-coordenacao-pedagogica-balbina-gomes-braganca\/\" \/>\n<meta property=\"og:site_name\" content=\"Instituto Cora\u00e7\u00e3o de Maria | Rede ICM de Educa\u00e7\u00e3o e Assist\u00eancia Social\" \/>\n<meta property=\"article:modified_time\" content=\"2025-10-20T11:39:26+00:00\" \/>\n<meta property=\"og:image\" content=\"https:\/\/redeicm.org.br\/institutocoracaodemaria\/wp-content\/uploads\/sites\/14\/2025\/09\/FOTO-PARA-SITE.jpg\" \/>\n\t<meta property=\"og:image:width\" content=\"539\" \/>\n\t<meta property=\"og:image:height\" content=\"845\" \/>\n\t<meta property=\"og:image:type\" content=\"image\/jpeg\" \/>\n<meta name=\"twitter:card\" content=\"summary_large_image\" \/>\n<meta name=\"twitter:label1\" content=\"Est. tempo de leitura\" \/>\n\t<meta name=\"twitter:data1\" content=\"1 minuto\" \/>\n<script type=\"application\/ld+json\" class=\"yoast-schema-graph\">{\"@context\":\"https:\/\/schema.org\",\"@graph\":[{\"@type\":\"WebPage\",\"@id\":\"https:\/\/redeicm.org.br\/institutocoracaodemaria\/servico-de-coordenacao-pedagogica-balbina-gomes-braganca\/\",\"url\":\"https:\/\/redeicm.org.br\/institutocoracaodemaria\/servico-de-coordenacao-pedagogica-balbina-gomes-braganca\/\",\"name\":\"Servi\u00e7o de Coordena\u00e7\u00e3o Pedag\u00f3gica - Instituto Cora\u00e7\u00e3o de Maria | Rede ICM de Educa\u00e7\u00e3o e Assist\u00eancia Social\",\"isPartOf\":{\"@id\":\"https:\/\/redeicm.org.br\/institutocoracaodemaria\/#website\"},\"primaryImageOfPage\":{\"@id\":\"https:\/\/redeicm.org.br\/institutocoracaodemaria\/servico-de-coordenacao-pedagogica-balbina-gomes-braganca\/#primaryimage\"},\"image\":{\"@id\":\"https:\/\/redeicm.org.br\/institutocoracaodemaria\/servico-de-coordenacao-pedagogica-balbina-gomes-braganca\/#primaryimage\"},\"thumbnailUrl\":\"https:\/\/redeicm.org.br\/institutocoracaodemaria\/wp-content\/uploads\/sites\/14\/2025\/09\/FOTO-PARA-SITE.jpg\",\"datePublished\":\"2024-09-08T14:02:46+00:00\",\"dateModified\":\"2025-10-20T11:39:26+00:00\",\"description\":\"O servi\u00e7o de coordena\u00e7\u00e3o pedag\u00f3gica desempenha um papel fundamental na promo\u00e7\u00e3o e garantia dos direitos princ\u00edpios e valores sociais.\",\"breadcrumb\":{\"@id\":\"https:\/\/redeicm.org.br\/institutocoracaodemaria\/servico-de-coordenacao-pedagogica-balbina-gomes-braganca\/#breadcrumb\"},\"inLanguage\":\"pt-BR\",\"potentialAction\":[{\"@type\":\"ReadAction\",\"target\":[\"https:\/\/redeicm.org.br\/institutocoracaodemaria\/servico-de-coordenacao-pedagogica-balbina-gomes-braganca\/\"]}]},{\"@type\":\"ImageObject\",\"inLanguage\":\"pt-BR\",\"@id\":\"https:\/\/redeicm.org.br\/institutocoracaodemaria\/servico-de-coordenacao-pedagogica-balbina-gomes-braganca\/#primaryimage\",\"url\":\"https:\/\/redeicm.org.br\/institutocoracaodemaria\/wp-content\/uploads\/sites\/14\/2025\/09\/FOTO-PARA-SITE.jpg\",\"contentUrl\":\"https:\/\/redeicm.org.br\/institutocoracaodemaria\/wp-content\/uploads\/sites\/14\/2025\/09\/FOTO-PARA-SITE.jpg\",\"width\":539,\"height\":845},{\"@type\":\"BreadcrumbList\",\"@id\":\"https:\/\/redeicm.org.br\/institutocoracaodemaria\/servico-de-coordenacao-pedagogica-balbina-gomes-braganca\/#breadcrumb\",\"itemListElement\":[{\"@type\":\"ListItem\",\"position\":1,\"name\":\"In\u00edcio\",\"item\":\"https:\/\/redeicm.org.br\/institutocoracaodemaria\/\"},{\"@type\":\"ListItem\",\"position\":2,\"name\":\"Servi\u00e7o de Coordena\u00e7\u00e3o Pedag\u00f3gica\"}]},{\"@type\":\"WebSite\",\"@id\":\"https:\/\/redeicm.org.br\/institutocoracaodemaria\/#website\",\"url\":\"https:\/\/redeicm.org.br\/institutocoracaodemaria\/\",\"name\":\"Instituto Cora\u00e7\u00e3o de Maria | Rede ICM de Educa\u00e7\u00e3o e Assist\u00eancia Social\",\"description\":\"Servi\u00e7o Socioassistencial que atende crian\u00e7as e adolescentes de 06 a 15 anos em contra turno escolar.\",\"publisher\":{\"@id\":\"https:\/\/redeicm.org.br\/institutocoracaodemaria\/#organization\"},\"potentialAction\":[{\"@type\":\"SearchAction\",\"target\":{\"@type\":\"EntryPoint\",\"urlTemplate\":\"https:\/\/redeicm.org.br\/institutocoracaodemaria\/?s={search_term_string}\"},\"query-input\":{\"@type\":\"PropertyValueSpecification\",\"valueRequired\":true,\"valueName\":\"search_term_string\"}}],\"inLanguage\":\"pt-BR\"},{\"@type\":\"Organization\",\"@id\":\"https:\/\/redeicm.org.br\/institutocoracaodemaria\/#organization\",\"name\":\"Instituto Cora\u00e7\u00e3o de Maria | Rede ICM de Educa\u00e7\u00e3o e Assist\u00eancia Social\",\"url\":\"https:\/\/redeicm.org.br\/institutocoracaodemaria\/\",\"logo\":{\"@type\":\"ImageObject\",\"inLanguage\":\"pt-BR\",\"@id\":\"https:\/\/redeicm.org.br\/institutocoracaodemaria\/#\/schema\/logo\/image\/\",\"url\":\"https:\/\/redeicm.org.br\/institutocoracaodemaria\/wp-content\/uploads\/sites\/14\/2024\/08\/ICM_Socio_ImaculadoCoracao_preferencial-1024x385-1.png\",\"contentUrl\":\"https:\/\/redeicm.org.br\/institutocoracaodemaria\/wp-content\/uploads\/sites\/14\/2024\/08\/ICM_Socio_ImaculadoCoracao_preferencial-1024x385-1.png\",\"width\":1024,\"height\":385,\"caption\":\"Instituto Cora\u00e7\u00e3o de Maria | Rede ICM de Educa\u00e7\u00e3o e Assist\u00eancia Social\"},\"image\":{\"@id\":\"https:\/\/redeicm.org.br\/institutocoracaodemaria\/#\/schema\/logo\/image\/\"}}]}<\/script>\n<!-- \/ Yoast SEO plugin. -->","yoast_head_json":{"title":"Servi\u00e7o de Coordena\u00e7\u00e3o Pedag\u00f3gica - Instituto Cora\u00e7\u00e3o de Maria | Rede ICM de Educa\u00e7\u00e3o e Assist\u00eancia Social","description":"O servi\u00e7o de coordena\u00e7\u00e3o pedag\u00f3gica desempenha um papel fundamental na promo\u00e7\u00e3o e garantia dos direitos princ\u00edpios e valores sociais.","robots":{"index":"index","follow":"follow","max-snippet":"max-snippet:-1","max-image-preview":"max-image-preview:large","max-video-preview":"max-video-preview:-1"},"canonical":"https:\/\/redeicm.org.br\/institutocoracaodemaria\/servico-de-coordenacao-pedagogica-balbina-gomes-braganca\/","og_locale":"pt_BR","og_type":"article","og_title":"Servi\u00e7o de Coordena\u00e7\u00e3o Pedag\u00f3gica - Instituto Cora\u00e7\u00e3o de Maria | Rede ICM de Educa\u00e7\u00e3o e Assist\u00eancia Social","og_description":"O servi\u00e7o de coordena\u00e7\u00e3o pedag\u00f3gica desempenha um papel fundamental na promo\u00e7\u00e3o e garantia dos direitos princ\u00edpios e valores sociais.","og_url":"https:\/\/redeicm.org.br\/institutocoracaodemaria\/servico-de-coordenacao-pedagogica-balbina-gomes-braganca\/","og_site_name":"Instituto Cora\u00e7\u00e3o de Maria | Rede ICM de Educa\u00e7\u00e3o e Assist\u00eancia Social","article_modified_time":"2025-10-20T11:39:26+00:00","og_image":[{"width":539,"height":845,"url":"https:\/\/redeicm.org.br\/institutocoracaodemaria\/wp-content\/uploads\/sites\/14\/2025\/09\/FOTO-PARA-SITE.jpg","type":"image\/jpeg"}],"twitter_card":"summary_large_image","twitter_misc":{"Est. tempo de leitura":"1 minuto"},"schema":{"@context":"https:\/\/schema.org","@graph":[{"@type":"WebPage","@id":"https:\/\/redeicm.org.br\/institutocoracaodemaria\/servico-de-coordenacao-pedagogica-balbina-gomes-braganca\/","url":"https:\/\/redeicm.org.br\/institutocoracaodemaria\/servico-de-coordenacao-pedagogica-balbina-gomes-braganca\/","name":"Servi\u00e7o de Coordena\u00e7\u00e3o Pedag\u00f3gica - Instituto Cora\u00e7\u00e3o de Maria | Rede ICM de Educa\u00e7\u00e3o e Assist\u00eancia Social","isPartOf":{"@id":"https:\/\/redeicm.org.br\/institutocoracaodemaria\/#website"},"primaryImageOfPage":{"@id":"https:\/\/redeicm.org.br\/institutocoracaodemaria\/servico-de-coordenacao-pedagogica-balbina-gomes-braganca\/#primaryimage"},"image":{"@id":"https:\/\/redeicm.org.br\/institutocoracaodemaria\/servico-de-coordenacao-pedagogica-balbina-gomes-braganca\/#primaryimage"},"thumbnailUrl":"https:\/\/redeicm.org.br\/institutocoracaodemaria\/wp-content\/uploads\/sites\/14\/2025\/09\/FOTO-PARA-SITE.jpg","datePublished":"2024-09-08T14:02:46+00:00","dateModified":"2025-10-20T11:39:26+00:00","description":"O servi\u00e7o de coordena\u00e7\u00e3o pedag\u00f3gica desempenha um papel fundamental na promo\u00e7\u00e3o e garantia dos direitos princ\u00edpios e valores sociais.","breadcrumb":{"@id":"https:\/\/redeicm.org.br\/institutocoracaodemaria\/servico-de-coordenacao-pedagogica-balbina-gomes-braganca\/#breadcrumb"},"inLanguage":"pt-BR","potentialAction":[{"@type":"ReadAction","target":["https:\/\/redeicm.org.br\/institutocoracaodemaria\/servico-de-coordenacao-pedagogica-balbina-gomes-braganca\/"]}]},{"@type":"ImageObject","inLanguage":"pt-BR","@id":"https:\/\/redeicm.org.br\/institutocoracaodemaria\/servico-de-coordenacao-pedagogica-balbina-gomes-braganca\/#primaryimage","url":"https:\/\/redeicm.org.br\/institutocoracaodemaria\/wp-content\/uploads\/sites\/14\/2025\/09\/FOTO-PARA-SITE.jpg","contentUrl":"https:\/\/redeicm.org.br\/institutocoracaodemaria\/wp-content\/uploads\/sites\/14\/2025\/09\/FOTO-PARA-SITE.jpg","width":539,"height":845},{"@type":"BreadcrumbList","@id":"https:\/\/redeicm.org.br\/institutocoracaodemaria\/servico-de-coordenacao-pedagogica-balbina-gomes-braganca\/#breadcrumb","itemListElement":[{"@type":"ListItem","position":1,"name":"In\u00edcio","item":"https:\/\/redeicm.org.br\/institutocoracaodemaria\/"},{"@type":"ListItem","position":2,"name":"Servi\u00e7o de Coordena\u00e7\u00e3o Pedag\u00f3gica"}]},{"@type":"WebSite","@id":"https:\/\/redeicm.org.br\/institutocoracaodemaria\/#website","url":"https:\/\/redeicm.org.br\/institutocoracaodemaria\/","name":"Instituto Cora\u00e7\u00e3o de Maria | Rede ICM de Educa\u00e7\u00e3o e Assist\u00eancia Social","description":"Servi\u00e7o Socioassistencial que atende crian\u00e7as e adolescentes de 06 a 15 anos em contra turno escolar.","publisher":{"@id":"https:\/\/redeicm.org.br\/institutocoracaodemaria\/#organization"},"potentialAction":[{"@type":"SearchAction","target":{"@type":"EntryPoint","urlTemplate":"https:\/\/redeicm.org.br\/institutocoracaodemaria\/?s={search_term_string}"},"query-input":{"@type":"PropertyValueSpecification","valueRequired":true,"valueName":"search_term_string"}}],"inLanguage":"pt-BR"},{"@type":"Organization","@id":"https:\/\/redeicm.org.br\/institutocoracaodemaria\/#organization","name":"Instituto Cora\u00e7\u00e3o de Maria | Rede ICM de Educa\u00e7\u00e3o e Assist\u00eancia Social","url":"https:\/\/redeicm.org.br\/institutocoracaodemaria\/","logo":{"@type":"ImageObject","inLanguage":"pt-BR","@id":"https:\/\/redeicm.org.br\/institutocoracaodemaria\/#\/schema\/logo\/image\/","url":"https:\/\/redeicm.org.br\/institutocoracaodemaria\/wp-content\/uploads\/sites\/14\/2024\/08\/ICM_Socio_ImaculadoCoracao_preferencial-1024x385-1.png","contentUrl":"https:\/\/redeicm.org.br\/institutocoracaodemaria\/wp-content\/uploads\/sites\/14\/2024\/08\/ICM_Socio_ImaculadoCoracao_preferencial-1024x385-1.png","width":1024,"height":385,"caption":"Instituto Cora\u00e7\u00e3o de Maria | Rede ICM de Educa\u00e7\u00e3o e Assist\u00eancia Social"},"image":{"@id":"https:\/\/redeicm.org.br\/institutocoracaodemaria\/#\/schema\/logo\/image\/"}}]}},"_links":{"self":[{"href":"https:\/\/redeicm.org.br\/institutocoracaodemaria\/wp-json\/wp\/v2\/pages\/382","targetHints":{"allow":["GET"]}}],"collection":[{"href":"https:\/\/redeicm.org.br\/institutocoracaodemaria\/wp-json\/wp\/v2\/pages"}],"about":[{"href":"https:\/\/redeicm.org.br\/institutocoracaodemaria\/wp-json\/wp\/v2\/types\/page"}],"author":[{"embeddable":true,"href":"https:\/\/redeicm.org.br\/institutocoracaodemaria\/wp-json\/wp\/v2\/users\/1"}],"replies":[{"embeddable":true,"href":"https:\/\/redeicm.org.br\/institutocoracaodemaria\/wp-json\/wp\/v2\/comments?post=382"}],"version-history":[{"count":30,"href":"https:\/\/redeicm.org.br\/institutocoracaodemaria\/wp-json\/wp\/v2\/pages\/382\/revisions"}],"predecessor-version":[{"id":927,"href":"https:\/\/redeicm.org.br\/institutocoracaodemaria\/wp-json\/wp\/v2\/pages\/382\/revisions\/927"}],"wp:featuredmedia":[{"embeddable":true,"href":"https:\/\/redeicm.org.br\/institutocoracaodemaria\/wp-json\/wp\/v2\/media\/839"}],"wp:attachment":[{"href":"https:\/\/redeicm.org.br\/institutocoracaodemaria\/wp-json\/wp\/v2\/media?parent=382"}],"curies":[{"name":"wp","href":"https:\/\/api.w.org\/{rel}","templated":true}]}}