{"id":304,"date":"2024-09-07T17:20:41","date_gmt":"2024-09-07T20:20:41","guid":{"rendered":"https:\/\/redeicm.org.br\/institutocoracaodemaria\/?page_id=304"},"modified":"2025-07-10T10:33:29","modified_gmt":"2025-07-10T13:33:29","slug":"servico-de-servico-social-responsavel-tecnica-amanda-dos-santos-francisco","status":"publish","type":"page","link":"https:\/\/redeicm.org.br\/institutocoracaodemaria\/servico-de-servico-social-responsavel-tecnica-amanda-dos-santos-francisco\/","title":{"rendered":"Servi\u00e7o de Servi\u00e7o Social"},"content":{"rendered":"\t\t<div data-elementor-type=\"wp-page\" data-elementor-id=\"304\" class=\"elementor elementor-304\" data-elementor-post-type=\"page\">\n\t\t\t\t<div class=\"elementor-element elementor-element-7d9f9446 e-flex e-con-boxed e-con e-parent\" data-id=\"7d9f9446\" data-element_type=\"container\" data-e-type=\"container\" data-settings=\"{&quot;background_background&quot;:&quot;classic&quot;}\">\n\t\t\t\t\t<div class=\"e-con-inner\">\n\t\t\t\t<div class=\"elementor-element elementor-element-2fb7211d elementor-widget elementor-widget-heading\" data-id=\"2fb7211d\" data-element_type=\"widget\" data-e-type=\"widget\" data-widget_type=\"heading.default\">\n\t\t\t\t<div class=\"elementor-widget-container\">\n\t\t\t\t\t<h1 class=\"elementor-heading-title elementor-size-default\">Servi\u00e7o de Servi\u00e7o Social<\/h1>\t\t\t\t<\/div>\n\t\t\t\t<\/div>\n\t\t\t\t\t<\/div>\n\t\t\t\t<\/div>\n\t\t<div class=\"elementor-element elementor-element-3bc92487 e-con-full e-flex e-con e-parent\" data-id=\"3bc92487\" data-element_type=\"container\" data-e-type=\"container\">\n\t\t<div class=\"elementor-element elementor-element-31cd7a96 e-flex e-con-boxed e-con e-child\" data-id=\"31cd7a96\" data-element_type=\"container\" data-e-type=\"container\">\n\t\t\t\t\t<div class=\"e-con-inner\">\n\t\t\t\t<div class=\"elementor-element elementor-element-1a72e9a5 elementor-invisible elementor-widget elementor-widget-text-editor\" data-id=\"1a72e9a5\" data-element_type=\"widget\" data-e-type=\"widget\" data-settings=\"{&quot;_animation&quot;:&quot;fadeInUp&quot;}\" data-widget_type=\"text-editor.default\">\n\t\t\t\t<div class=\"elementor-widget-container\">\n\t\t\t\t\t\t\t\t\t<p><img fetchpriority=\"high\" decoding=\"async\" class=\"alignnone size-medium wp-image-749\" src=\"https:\/\/redeicm.org.br\/institutocoracaodemaria\/wp-content\/uploads\/sites\/14\/2025\/06\/IMG-20250612-WA0041-225x300.jpg\" alt=\"\" width=\"225\" height=\"300\" srcset=\"https:\/\/redeicm.org.br\/institutocoracaodemaria\/wp-content\/uploads\/sites\/14\/2025\/06\/IMG-20250612-WA0041-225x300.jpg 225w, https:\/\/redeicm.org.br\/institutocoracaodemaria\/wp-content\/uploads\/sites\/14\/2025\/06\/IMG-20250612-WA0041-768x1024.jpg 768w, https:\/\/redeicm.org.br\/institutocoracaodemaria\/wp-content\/uploads\/sites\/14\/2025\/06\/IMG-20250612-WA0041.jpg 960w\" sizes=\"(max-width: 225px) 100vw, 225px\" \/><\/p><p>O Servi\u00e7o Social da Unidade \u2013 Amanda dos Santos Francisco&nbsp; \u2013 CRESS 21886&nbsp; 7\u00aa&nbsp; Regi\u00e3o&nbsp;<\/p>\n<p>Oferece atendimentos individuais, familiares ou grupais na perspectiva de viabilizar o acesso aos direitos e contribui\u00e7\u00f5es&nbsp; na constru\u00e7\u00e3o de uma consci\u00eancia coletiva e critica de maneira que o sujeito possa ser protagonista no processo de emancipa\u00e7\u00e3o e supera\u00e7\u00e3o das vulnerabilidades e\/ou risco social. Realiza interven\u00e7\u00f5es coletivas&nbsp; junto a movimentos sociais, para a socializa\u00e7\u00e3o da informa\u00e7\u00e3o, mobiliza\u00e7\u00e3o e organiza\u00e7\u00f5es populares. Gerencia, planeja e executa os servi\u00e7os Socioassistenciais da Unidade. Atua na&nbsp; Capta\u00e7\u00e3o de&nbsp; &nbsp;recursos, visitas domiciliares e institucionais,&nbsp; como tamb\u00e9m implementa e acompanhamento&nbsp; avalia\u00e7\u00f5es&nbsp; de projetos socioassistenciais em discuss\u00f5es junto aos F\u00f3runs, Reuni\u00f5es de Rede e&nbsp; Conselhos.<\/p>\t\t\t\t\t\t\t\t<\/div>\n\t\t\t\t<\/div>\n\t\t\t\t\t<\/div>\n\t\t\t\t<\/div>\n\t\t\t\t<\/div>\n\t\t\t\t<\/div>\n\t\t","protected":false},"excerpt":{"rendered":"<p>O Servi\u00e7o Social da Unidade \u2013 Amanda dos Santos Francisco&nbsp; \u2013 CRESS 21886&nbsp; 7\u00aa&nbsp; Regi\u00e3o&nbsp; Oferece atendimentos individuais, familiares ou grupais na perspectiva de viabilizar o acesso aos direitos e contribui\u00e7\u00f5es&nbsp; na constru\u00e7\u00e3o de uma consci\u00eancia coletiva e critica de maneira que o sujeito possa ser protagonista no processo de emancipa\u00e7\u00e3o e supera\u00e7\u00e3o das vulnerabilidades [&hellip;]<\/p>\n","protected":false},"author":1,"featured_media":749,"parent":0,"menu_order":0,"comment_status":"closed","ping_status":"closed","template":"","meta":{"_acf_changed":false,"footnotes":""},"class_list":["post-304","page","type-page","status-publish","has-post-thumbnail","hentry"],"acf":[],"yoast_head":"<!-- This site is optimized with the Yoast SEO plugin v26.3 - https:\/\/yoast.com\/wordpress\/plugins\/seo\/ -->\n<title>Servi\u00e7o de Servi\u00e7o Social - Instituto Cora\u00e7\u00e3o de Maria | Rede ICM de Educa\u00e7\u00e3o e Assist\u00eancia Social<\/title>\n<meta name=\"description\" content=\"A assistente social trabalha com objetivo de orientar as pessoas em situa\u00e7\u00f5es de desamparo, promovendo seu bem-estar f\u00edsico, psicol\u00f3gico e social. Ajuda a popula\u00e7\u00e3o, com o olhar sens\u00edvel, com responsabilidade e profissionalismo, com foco no combate \u00e0 desigualdade, contribuindo para a constru\u00e7\u00e3o de uma sociedade mais justa e igualit\u00e1ria. Contribui para o fortalecimento dos v\u00ednculos familiares e comunit\u00e1rios, promover a emancipa\u00e7\u00e3o e o protagonismo dos usu\u00e1rios, facilita o acesso aos bens e servi\u00e7os, visando a garantia dos seus direitos- Possibilita a formula\u00e7\u00e3o de estrat\u00e9gias de interven\u00e7\u00e3o por meio da an\u00e1lise da situa\u00e7\u00e3o socioecon\u00f4mica e familiar dos usu\u00e1rios;- Fortalece os v\u00ednculos familiares, na perspectiva de incentivar o usu\u00e1rio e sua fam\u00edlia a se tornarem sujeitos do processo de prote\u00e7\u00e3o e preven\u00e7\u00e3o das vulnerabilidades - Democratiza as informa\u00e7\u00f5es por meio de orienta\u00e7\u00f5es individuais e coletivas. - Realiza atendimento individual e em grupo aos usu\u00e1rios e familiares: Entrevista social, acolhimento, acompanhamento das diferentes demandas trazidas pelos mesmos, visitas domiciliares, visitas institucionais; estudo de casos com equipe t\u00e9cnica, elabora\u00e7\u00e3o de relat\u00f3rios, pesquisa de parceiros para capta\u00e7\u00e3o de recursos, contato e participa\u00e7\u00e3o nas reuni\u00f5es da rede; participa\u00e7\u00e3o nas assembleias dos conselhos CMAS e CMDCA, participa\u00e7\u00e3o nos F\u00f3runs de discuss\u00e3o sobre os direitos das crian\u00e7as e adolescentes:\" \/>\n<meta name=\"robots\" content=\"index, follow, max-snippet:-1, max-image-preview:large, max-video-preview:-1\" \/>\n<link rel=\"canonical\" href=\"https:\/\/redeicm.org.br\/institutocoracaodemaria\/servico-de-servico-social-responsavel-tecnica-amanda-dos-santos-francisco\/\" \/>\n<meta property=\"og:locale\" content=\"pt_BR\" \/>\n<meta property=\"og:type\" content=\"article\" \/>\n<meta property=\"og:title\" content=\"Servi\u00e7o de Servi\u00e7o Social - Instituto Cora\u00e7\u00e3o de Maria | Rede ICM de Educa\u00e7\u00e3o e Assist\u00eancia Social\" \/>\n<meta property=\"og:description\" content=\"A assistente social trabalha com objetivo de orientar as pessoas em situa\u00e7\u00f5es de desamparo, promovendo seu bem-estar f\u00edsico, psicol\u00f3gico e social. Ajuda a popula\u00e7\u00e3o, com o olhar sens\u00edvel, com responsabilidade e profissionalismo, com foco no combate \u00e0 desigualdade, contribuindo para a constru\u00e7\u00e3o de uma sociedade mais justa e igualit\u00e1ria. Contribui para o fortalecimento dos v\u00ednculos familiares e comunit\u00e1rios, promover a emancipa\u00e7\u00e3o e o protagonismo dos usu\u00e1rios, facilita o acesso aos bens e servi\u00e7os, visando a garantia dos seus direitos- Possibilita a formula\u00e7\u00e3o de estrat\u00e9gias de interven\u00e7\u00e3o por meio da an\u00e1lise da situa\u00e7\u00e3o socioecon\u00f4mica e familiar dos usu\u00e1rios;- Fortalece os v\u00ednculos familiares, na perspectiva de incentivar o usu\u00e1rio e sua fam\u00edlia a se tornarem sujeitos do processo de prote\u00e7\u00e3o e preven\u00e7\u00e3o das vulnerabilidades - Democratiza as informa\u00e7\u00f5es por meio de orienta\u00e7\u00f5es individuais e coletivas. - Realiza atendimento individual e em grupo aos usu\u00e1rios e familiares: Entrevista social, acolhimento, acompanhamento das diferentes demandas trazidas pelos mesmos, visitas domiciliares, visitas institucionais; estudo de casos com equipe t\u00e9cnica, elabora\u00e7\u00e3o de relat\u00f3rios, pesquisa de parceiros para capta\u00e7\u00e3o de recursos, contato e participa\u00e7\u00e3o nas reuni\u00f5es da rede; participa\u00e7\u00e3o nas assembleias dos conselhos CMAS e CMDCA, participa\u00e7\u00e3o nos F\u00f3runs de discuss\u00e3o sobre os direitos das crian\u00e7as e adolescentes:\" \/>\n<meta property=\"og:url\" content=\"https:\/\/redeicm.org.br\/institutocoracaodemaria\/servico-de-servico-social-responsavel-tecnica-amanda-dos-santos-francisco\/\" \/>\n<meta property=\"og:site_name\" content=\"Instituto Cora\u00e7\u00e3o de Maria | Rede ICM de Educa\u00e7\u00e3o e Assist\u00eancia Social\" \/>\n<meta property=\"article:modified_time\" content=\"2025-07-10T13:33:29+00:00\" \/>\n<meta property=\"og:image\" content=\"https:\/\/redeicm.org.br\/institutocoracaodemaria\/wp-content\/uploads\/sites\/14\/2025\/06\/IMG-20250612-WA0041.jpg\" \/>\n\t<meta property=\"og:image:width\" content=\"960\" \/>\n\t<meta property=\"og:image:height\" content=\"1280\" \/>\n\t<meta property=\"og:image:type\" content=\"image\/jpeg\" \/>\n<meta name=\"twitter:card\" content=\"summary_large_image\" \/>\n<meta name=\"twitter:label1\" content=\"Est. tempo de leitura\" \/>\n\t<meta name=\"twitter:data1\" content=\"1 minuto\" \/>\n<script type=\"application\/ld+json\" class=\"yoast-schema-graph\">{\"@context\":\"https:\/\/schema.org\",\"@graph\":[{\"@type\":\"WebPage\",\"@id\":\"https:\/\/redeicm.org.br\/institutocoracaodemaria\/servico-de-servico-social-responsavel-tecnica-amanda-dos-santos-francisco\/\",\"url\":\"https:\/\/redeicm.org.br\/institutocoracaodemaria\/servico-de-servico-social-responsavel-tecnica-amanda-dos-santos-francisco\/\",\"name\":\"Servi\u00e7o de Servi\u00e7o Social - Instituto Cora\u00e7\u00e3o de Maria | Rede ICM de Educa\u00e7\u00e3o e Assist\u00eancia Social\",\"isPartOf\":{\"@id\":\"https:\/\/redeicm.org.br\/institutocoracaodemaria\/#website\"},\"primaryImageOfPage\":{\"@id\":\"https:\/\/redeicm.org.br\/institutocoracaodemaria\/servico-de-servico-social-responsavel-tecnica-amanda-dos-santos-francisco\/#primaryimage\"},\"image\":{\"@id\":\"https:\/\/redeicm.org.br\/institutocoracaodemaria\/servico-de-servico-social-responsavel-tecnica-amanda-dos-santos-francisco\/#primaryimage\"},\"thumbnailUrl\":\"https:\/\/redeicm.org.br\/institutocoracaodemaria\/wp-content\/uploads\/sites\/14\/2025\/06\/IMG-20250612-WA0041.jpg\",\"datePublished\":\"2024-09-07T20:20:41+00:00\",\"dateModified\":\"2025-07-10T13:33:29+00:00\",\"description\":\"A assistente social trabalha com objetivo de orientar as pessoas em situa\u00e7\u00f5es de desamparo, promovendo seu bem-estar f\u00edsico, psicol\u00f3gico e social. Ajuda a popula\u00e7\u00e3o, com o olhar sens\u00edvel, com responsabilidade e profissionalismo, com foco no combate \u00e0 desigualdade, contribuindo para a constru\u00e7\u00e3o de uma sociedade mais justa e igualit\u00e1ria. Contribui para o fortalecimento dos v\u00ednculos familiares e comunit\u00e1rios, promover a emancipa\u00e7\u00e3o e o protagonismo dos usu\u00e1rios, facilita o acesso aos bens e servi\u00e7os, visando a garantia dos seus direitos- Possibilita a formula\u00e7\u00e3o de estrat\u00e9gias de interven\u00e7\u00e3o por meio da an\u00e1lise da situa\u00e7\u00e3o socioecon\u00f4mica e familiar dos usu\u00e1rios;- Fortalece os v\u00ednculos familiares, na perspectiva de incentivar o usu\u00e1rio e sua fam\u00edlia a se tornarem sujeitos do processo de prote\u00e7\u00e3o e preven\u00e7\u00e3o das vulnerabilidades - Democratiza as informa\u00e7\u00f5es por meio de orienta\u00e7\u00f5es individuais e coletivas. - Realiza atendimento individual e em grupo aos usu\u00e1rios e familiares: Entrevista social, acolhimento, acompanhamento das diferentes demandas trazidas pelos mesmos, visitas domiciliares, visitas institucionais; estudo de casos com equipe t\u00e9cnica, elabora\u00e7\u00e3o de relat\u00f3rios, pesquisa de parceiros para capta\u00e7\u00e3o de recursos, contato e participa\u00e7\u00e3o nas reuni\u00f5es da rede; participa\u00e7\u00e3o nas assembleias dos conselhos CMAS e CMDCA, participa\u00e7\u00e3o nos F\u00f3runs de discuss\u00e3o sobre os direitos das crian\u00e7as e adolescentes:\",\"breadcrumb\":{\"@id\":\"https:\/\/redeicm.org.br\/institutocoracaodemaria\/servico-de-servico-social-responsavel-tecnica-amanda-dos-santos-francisco\/#breadcrumb\"},\"inLanguage\":\"pt-BR\",\"potentialAction\":[{\"@type\":\"ReadAction\",\"target\":[\"https:\/\/redeicm.org.br\/institutocoracaodemaria\/servico-de-servico-social-responsavel-tecnica-amanda-dos-santos-francisco\/\"]}]},{\"@type\":\"ImageObject\",\"inLanguage\":\"pt-BR\",\"@id\":\"https:\/\/redeicm.org.br\/institutocoracaodemaria\/servico-de-servico-social-responsavel-tecnica-amanda-dos-santos-francisco\/#primaryimage\",\"url\":\"https:\/\/redeicm.org.br\/institutocoracaodemaria\/wp-content\/uploads\/sites\/14\/2025\/06\/IMG-20250612-WA0041.jpg\",\"contentUrl\":\"https:\/\/redeicm.org.br\/institutocoracaodemaria\/wp-content\/uploads\/sites\/14\/2025\/06\/IMG-20250612-WA0041.jpg\",\"width\":960,\"height\":1280},{\"@type\":\"BreadcrumbList\",\"@id\":\"https:\/\/redeicm.org.br\/institutocoracaodemaria\/servico-de-servico-social-responsavel-tecnica-amanda-dos-santos-francisco\/#breadcrumb\",\"itemListElement\":[{\"@type\":\"ListItem\",\"position\":1,\"name\":\"In\u00edcio\",\"item\":\"https:\/\/redeicm.org.br\/institutocoracaodemaria\/\"},{\"@type\":\"ListItem\",\"position\":2,\"name\":\"Servi\u00e7o de Servi\u00e7o Social\"}]},{\"@type\":\"WebSite\",\"@id\":\"https:\/\/redeicm.org.br\/institutocoracaodemaria\/#website\",\"url\":\"https:\/\/redeicm.org.br\/institutocoracaodemaria\/\",\"name\":\"Instituto Cora\u00e7\u00e3o de Maria | Rede ICM de Educa\u00e7\u00e3o e Assist\u00eancia Social\",\"description\":\"Servi\u00e7o Socioassistencial que atende crian\u00e7as e adolescentes de 06 a 15 anos em contra turno escolar.\",\"publisher\":{\"@id\":\"https:\/\/redeicm.org.br\/institutocoracaodemaria\/#organization\"},\"potentialAction\":[{\"@type\":\"SearchAction\",\"target\":{\"@type\":\"EntryPoint\",\"urlTemplate\":\"https:\/\/redeicm.org.br\/institutocoracaodemaria\/?s={search_term_string}\"},\"query-input\":{\"@type\":\"PropertyValueSpecification\",\"valueRequired\":true,\"valueName\":\"search_term_string\"}}],\"inLanguage\":\"pt-BR\"},{\"@type\":\"Organization\",\"@id\":\"https:\/\/redeicm.org.br\/institutocoracaodemaria\/#organization\",\"name\":\"Instituto Cora\u00e7\u00e3o de Maria | Rede ICM de Educa\u00e7\u00e3o e Assist\u00eancia Social\",\"url\":\"https:\/\/redeicm.org.br\/institutocoracaodemaria\/\",\"logo\":{\"@type\":\"ImageObject\",\"inLanguage\":\"pt-BR\",\"@id\":\"https:\/\/redeicm.org.br\/institutocoracaodemaria\/#\/schema\/logo\/image\/\",\"url\":\"https:\/\/redeicm.org.br\/institutocoracaodemaria\/wp-content\/uploads\/sites\/14\/2024\/08\/ICM_Socio_ImaculadoCoracao_preferencial-1024x385-1.png\",\"contentUrl\":\"https:\/\/redeicm.org.br\/institutocoracaodemaria\/wp-content\/uploads\/sites\/14\/2024\/08\/ICM_Socio_ImaculadoCoracao_preferencial-1024x385-1.png\",\"width\":1024,\"height\":385,\"caption\":\"Instituto Cora\u00e7\u00e3o de Maria | Rede ICM de Educa\u00e7\u00e3o e Assist\u00eancia Social\"},\"image\":{\"@id\":\"https:\/\/redeicm.org.br\/institutocoracaodemaria\/#\/schema\/logo\/image\/\"}}]}<\/script>\n<!-- \/ Yoast SEO plugin. -->","yoast_head_json":{"title":"Servi\u00e7o de Servi\u00e7o Social - Instituto Cora\u00e7\u00e3o de Maria | Rede ICM de Educa\u00e7\u00e3o e Assist\u00eancia Social","description":"A assistente social trabalha com objetivo de orientar as pessoas em situa\u00e7\u00f5es de desamparo, promovendo seu bem-estar f\u00edsico, psicol\u00f3gico e social. Ajuda a popula\u00e7\u00e3o, com o olhar sens\u00edvel, com responsabilidade e profissionalismo, com foco no combate \u00e0 desigualdade, contribuindo para a constru\u00e7\u00e3o de uma sociedade mais justa e igualit\u00e1ria. Contribui para o fortalecimento dos v\u00ednculos familiares e comunit\u00e1rios, promover a emancipa\u00e7\u00e3o e o protagonismo dos usu\u00e1rios, facilita o acesso aos bens e servi\u00e7os, visando a garantia dos seus direitos- Possibilita a formula\u00e7\u00e3o de estrat\u00e9gias de interven\u00e7\u00e3o por meio da an\u00e1lise da situa\u00e7\u00e3o socioecon\u00f4mica e familiar dos usu\u00e1rios;- Fortalece os v\u00ednculos familiares, na perspectiva de incentivar o usu\u00e1rio e sua fam\u00edlia a se tornarem sujeitos do processo de prote\u00e7\u00e3o e preven\u00e7\u00e3o das vulnerabilidades - Democratiza as informa\u00e7\u00f5es por meio de orienta\u00e7\u00f5es individuais e coletivas. - Realiza atendimento individual e em grupo aos usu\u00e1rios e familiares: Entrevista social, acolhimento, acompanhamento das diferentes demandas trazidas pelos mesmos, visitas domiciliares, visitas institucionais; estudo de casos com equipe t\u00e9cnica, elabora\u00e7\u00e3o de relat\u00f3rios, pesquisa de parceiros para capta\u00e7\u00e3o de recursos, contato e participa\u00e7\u00e3o nas reuni\u00f5es da rede; participa\u00e7\u00e3o nas assembleias dos conselhos CMAS e CMDCA, participa\u00e7\u00e3o nos F\u00f3runs de discuss\u00e3o sobre os direitos das crian\u00e7as e adolescentes:","robots":{"index":"index","follow":"follow","max-snippet":"max-snippet:-1","max-image-preview":"max-image-preview:large","max-video-preview":"max-video-preview:-1"},"canonical":"https:\/\/redeicm.org.br\/institutocoracaodemaria\/servico-de-servico-social-responsavel-tecnica-amanda-dos-santos-francisco\/","og_locale":"pt_BR","og_type":"article","og_title":"Servi\u00e7o de Servi\u00e7o Social - Instituto Cora\u00e7\u00e3o de Maria | Rede ICM de Educa\u00e7\u00e3o e Assist\u00eancia Social","og_description":"A assistente social trabalha com objetivo de orientar as pessoas em situa\u00e7\u00f5es de desamparo, promovendo seu bem-estar f\u00edsico, psicol\u00f3gico e social. Ajuda a popula\u00e7\u00e3o, com o olhar sens\u00edvel, com responsabilidade e profissionalismo, com foco no combate \u00e0 desigualdade, contribuindo para a constru\u00e7\u00e3o de uma sociedade mais justa e igualit\u00e1ria. Contribui para o fortalecimento dos v\u00ednculos familiares e comunit\u00e1rios, promover a emancipa\u00e7\u00e3o e o protagonismo dos usu\u00e1rios, facilita o acesso aos bens e servi\u00e7os, visando a garantia dos seus direitos- Possibilita a formula\u00e7\u00e3o de estrat\u00e9gias de interven\u00e7\u00e3o por meio da an\u00e1lise da situa\u00e7\u00e3o socioecon\u00f4mica e familiar dos usu\u00e1rios;- Fortalece os v\u00ednculos familiares, na perspectiva de incentivar o usu\u00e1rio e sua fam\u00edlia a se tornarem sujeitos do processo de prote\u00e7\u00e3o e preven\u00e7\u00e3o das vulnerabilidades - Democratiza as informa\u00e7\u00f5es por meio de orienta\u00e7\u00f5es individuais e coletivas. - Realiza atendimento individual e em grupo aos usu\u00e1rios e familiares: Entrevista social, acolhimento, acompanhamento das diferentes demandas trazidas pelos mesmos, visitas domiciliares, visitas institucionais; estudo de casos com equipe t\u00e9cnica, elabora\u00e7\u00e3o de relat\u00f3rios, pesquisa de parceiros para capta\u00e7\u00e3o de recursos, contato e participa\u00e7\u00e3o nas reuni\u00f5es da rede; participa\u00e7\u00e3o nas assembleias dos conselhos CMAS e CMDCA, participa\u00e7\u00e3o nos F\u00f3runs de discuss\u00e3o sobre os direitos das crian\u00e7as e adolescentes:","og_url":"https:\/\/redeicm.org.br\/institutocoracaodemaria\/servico-de-servico-social-responsavel-tecnica-amanda-dos-santos-francisco\/","og_site_name":"Instituto Cora\u00e7\u00e3o de Maria | Rede ICM de Educa\u00e7\u00e3o e Assist\u00eancia Social","article_modified_time":"2025-07-10T13:33:29+00:00","og_image":[{"width":960,"height":1280,"url":"https:\/\/redeicm.org.br\/institutocoracaodemaria\/wp-content\/uploads\/sites\/14\/2025\/06\/IMG-20250612-WA0041.jpg","type":"image\/jpeg"}],"twitter_card":"summary_large_image","twitter_misc":{"Est. tempo de leitura":"1 minuto"},"schema":{"@context":"https:\/\/schema.org","@graph":[{"@type":"WebPage","@id":"https:\/\/redeicm.org.br\/institutocoracaodemaria\/servico-de-servico-social-responsavel-tecnica-amanda-dos-santos-francisco\/","url":"https:\/\/redeicm.org.br\/institutocoracaodemaria\/servico-de-servico-social-responsavel-tecnica-amanda-dos-santos-francisco\/","name":"Servi\u00e7o de Servi\u00e7o Social - Instituto Cora\u00e7\u00e3o de Maria | Rede ICM de Educa\u00e7\u00e3o e Assist\u00eancia Social","isPartOf":{"@id":"https:\/\/redeicm.org.br\/institutocoracaodemaria\/#website"},"primaryImageOfPage":{"@id":"https:\/\/redeicm.org.br\/institutocoracaodemaria\/servico-de-servico-social-responsavel-tecnica-amanda-dos-santos-francisco\/#primaryimage"},"image":{"@id":"https:\/\/redeicm.org.br\/institutocoracaodemaria\/servico-de-servico-social-responsavel-tecnica-amanda-dos-santos-francisco\/#primaryimage"},"thumbnailUrl":"https:\/\/redeicm.org.br\/institutocoracaodemaria\/wp-content\/uploads\/sites\/14\/2025\/06\/IMG-20250612-WA0041.jpg","datePublished":"2024-09-07T20:20:41+00:00","dateModified":"2025-07-10T13:33:29+00:00","description":"A assistente social trabalha com objetivo de orientar as pessoas em situa\u00e7\u00f5es de desamparo, promovendo seu bem-estar f\u00edsico, psicol\u00f3gico e social. Ajuda a popula\u00e7\u00e3o, com o olhar sens\u00edvel, com responsabilidade e profissionalismo, com foco no combate \u00e0 desigualdade, contribuindo para a constru\u00e7\u00e3o de uma sociedade mais justa e igualit\u00e1ria. Contribui para o fortalecimento dos v\u00ednculos familiares e comunit\u00e1rios, promover a emancipa\u00e7\u00e3o e o protagonismo dos usu\u00e1rios, facilita o acesso aos bens e servi\u00e7os, visando a garantia dos seus direitos- Possibilita a formula\u00e7\u00e3o de estrat\u00e9gias de interven\u00e7\u00e3o por meio da an\u00e1lise da situa\u00e7\u00e3o socioecon\u00f4mica e familiar dos usu\u00e1rios;- Fortalece os v\u00ednculos familiares, na perspectiva de incentivar o usu\u00e1rio e sua fam\u00edlia a se tornarem sujeitos do processo de prote\u00e7\u00e3o e preven\u00e7\u00e3o das vulnerabilidades - Democratiza as informa\u00e7\u00f5es por meio de orienta\u00e7\u00f5es individuais e coletivas. - Realiza atendimento individual e em grupo aos usu\u00e1rios e familiares: Entrevista social, acolhimento, acompanhamento das diferentes demandas trazidas pelos mesmos, visitas domiciliares, visitas institucionais; estudo de casos com equipe t\u00e9cnica, elabora\u00e7\u00e3o de relat\u00f3rios, pesquisa de parceiros para capta\u00e7\u00e3o de recursos, contato e participa\u00e7\u00e3o nas reuni\u00f5es da rede; participa\u00e7\u00e3o nas assembleias dos conselhos CMAS e CMDCA, participa\u00e7\u00e3o nos F\u00f3runs de discuss\u00e3o sobre os direitos das crian\u00e7as e adolescentes:","breadcrumb":{"@id":"https:\/\/redeicm.org.br\/institutocoracaodemaria\/servico-de-servico-social-responsavel-tecnica-amanda-dos-santos-francisco\/#breadcrumb"},"inLanguage":"pt-BR","potentialAction":[{"@type":"ReadAction","target":["https:\/\/redeicm.org.br\/institutocoracaodemaria\/servico-de-servico-social-responsavel-tecnica-amanda-dos-santos-francisco\/"]}]},{"@type":"ImageObject","inLanguage":"pt-BR","@id":"https:\/\/redeicm.org.br\/institutocoracaodemaria\/servico-de-servico-social-responsavel-tecnica-amanda-dos-santos-francisco\/#primaryimage","url":"https:\/\/redeicm.org.br\/institutocoracaodemaria\/wp-content\/uploads\/sites\/14\/2025\/06\/IMG-20250612-WA0041.jpg","contentUrl":"https:\/\/redeicm.org.br\/institutocoracaodemaria\/wp-content\/uploads\/sites\/14\/2025\/06\/IMG-20250612-WA0041.jpg","width":960,"height":1280},{"@type":"BreadcrumbList","@id":"https:\/\/redeicm.org.br\/institutocoracaodemaria\/servico-de-servico-social-responsavel-tecnica-amanda-dos-santos-francisco\/#breadcrumb","itemListElement":[{"@type":"ListItem","position":1,"name":"In\u00edcio","item":"https:\/\/redeicm.org.br\/institutocoracaodemaria\/"},{"@type":"ListItem","position":2,"name":"Servi\u00e7o de Servi\u00e7o Social"}]},{"@type":"WebSite","@id":"https:\/\/redeicm.org.br\/institutocoracaodemaria\/#website","url":"https:\/\/redeicm.org.br\/institutocoracaodemaria\/","name":"Instituto Cora\u00e7\u00e3o de Maria | Rede ICM de Educa\u00e7\u00e3o e Assist\u00eancia Social","description":"Servi\u00e7o Socioassistencial que atende crian\u00e7as e adolescentes de 06 a 15 anos em contra turno escolar.","publisher":{"@id":"https:\/\/redeicm.org.br\/institutocoracaodemaria\/#organization"},"potentialAction":[{"@type":"SearchAction","target":{"@type":"EntryPoint","urlTemplate":"https:\/\/redeicm.org.br\/institutocoracaodemaria\/?s={search_term_string}"},"query-input":{"@type":"PropertyValueSpecification","valueRequired":true,"valueName":"search_term_string"}}],"inLanguage":"pt-BR"},{"@type":"Organization","@id":"https:\/\/redeicm.org.br\/institutocoracaodemaria\/#organization","name":"Instituto Cora\u00e7\u00e3o de Maria | Rede ICM de Educa\u00e7\u00e3o e Assist\u00eancia Social","url":"https:\/\/redeicm.org.br\/institutocoracaodemaria\/","logo":{"@type":"ImageObject","inLanguage":"pt-BR","@id":"https:\/\/redeicm.org.br\/institutocoracaodemaria\/#\/schema\/logo\/image\/","url":"https:\/\/redeicm.org.br\/institutocoracaodemaria\/wp-content\/uploads\/sites\/14\/2024\/08\/ICM_Socio_ImaculadoCoracao_preferencial-1024x385-1.png","contentUrl":"https:\/\/redeicm.org.br\/institutocoracaodemaria\/wp-content\/uploads\/sites\/14\/2024\/08\/ICM_Socio_ImaculadoCoracao_preferencial-1024x385-1.png","width":1024,"height":385,"caption":"Instituto Cora\u00e7\u00e3o de Maria | Rede ICM de Educa\u00e7\u00e3o e Assist\u00eancia Social"},"image":{"@id":"https:\/\/redeicm.org.br\/institutocoracaodemaria\/#\/schema\/logo\/image\/"}}]}},"_links":{"self":[{"href":"https:\/\/redeicm.org.br\/institutocoracaodemaria\/wp-json\/wp\/v2\/pages\/304","targetHints":{"allow":["GET"]}}],"collection":[{"href":"https:\/\/redeicm.org.br\/institutocoracaodemaria\/wp-json\/wp\/v2\/pages"}],"about":[{"href":"https:\/\/redeicm.org.br\/institutocoracaodemaria\/wp-json\/wp\/v2\/types\/page"}],"author":[{"embeddable":true,"href":"https:\/\/redeicm.org.br\/institutocoracaodemaria\/wp-json\/wp\/v2\/users\/1"}],"replies":[{"embeddable":true,"href":"https:\/\/redeicm.org.br\/institutocoracaodemaria\/wp-json\/wp\/v2\/comments?post=304"}],"version-history":[{"count":17,"href":"https:\/\/redeicm.org.br\/institutocoracaodemaria\/wp-json\/wp\/v2\/pages\/304\/revisions"}],"predecessor-version":[{"id":791,"href":"https:\/\/redeicm.org.br\/institutocoracaodemaria\/wp-json\/wp\/v2\/pages\/304\/revisions\/791"}],"wp:featuredmedia":[{"embeddable":true,"href":"https:\/\/redeicm.org.br\/institutocoracaodemaria\/wp-json\/wp\/v2\/media\/749"}],"wp:attachment":[{"href":"https:\/\/redeicm.org.br\/institutocoracaodemaria\/wp-json\/wp\/v2\/media?parent=304"}],"curies":[{"name":"wp","href":"https:\/\/api.w.org\/{rel}","templated":true}]}}