{"id":299,"date":"2024-09-07T17:18:07","date_gmt":"2024-09-07T20:18:07","guid":{"rendered":"https:\/\/redeicm.org.br\/institutocoracaodemaria\/?page_id=299"},"modified":"2025-05-27T09:59:20","modified_gmt":"2025-05-27T12:59:20","slug":"servico-de-psicologia","status":"publish","type":"page","link":"https:\/\/redeicm.org.br\/institutocoracaodemaria\/servico-de-psicologia\/","title":{"rendered":"Servi\u00e7o de Psicologia"},"content":{"rendered":"\t\t<div data-elementor-type=\"wp-page\" data-elementor-id=\"299\" class=\"elementor elementor-299\" data-elementor-post-type=\"page\">\n\t\t\t\t<div class=\"elementor-element elementor-element-7d9f9446 e-flex e-con-boxed e-con e-parent\" data-id=\"7d9f9446\" data-element_type=\"container\" data-e-type=\"container\" data-settings=\"{&quot;background_background&quot;:&quot;classic&quot;}\">\n\t\t\t\t\t<div class=\"e-con-inner\">\n\t\t\t\t<div class=\"elementor-element elementor-element-2fb7211d elementor-widget elementor-widget-heading\" data-id=\"2fb7211d\" data-element_type=\"widget\" data-e-type=\"widget\" data-widget_type=\"heading.default\">\n\t\t\t\t<div class=\"elementor-widget-container\">\n\t\t\t\t\t<h1 class=\"elementor-heading-title elementor-size-default\">Servi\u00e7o de Psicologia<\/h1>\t\t\t\t<\/div>\n\t\t\t\t<\/div>\n\t\t\t\t\t<\/div>\n\t\t\t\t<\/div>\n\t\t<div class=\"elementor-element elementor-element-3bc92487 e-con-full e-flex e-con e-parent\" data-id=\"3bc92487\" data-element_type=\"container\" data-e-type=\"container\">\n\t\t<div class=\"elementor-element elementor-element-31cd7a96 e-flex e-con-boxed e-con e-child\" data-id=\"31cd7a96\" data-element_type=\"container\" data-e-type=\"container\">\n\t\t\t\t\t<div class=\"e-con-inner\">\n\t\t\t\t<div class=\"elementor-element elementor-element-1a72e9a5 elementor-invisible elementor-widget elementor-widget-text-editor\" data-id=\"1a72e9a5\" data-element_type=\"widget\" data-e-type=\"widget\" data-settings=\"{&quot;_animation&quot;:&quot;fadeInUp&quot;}\" data-widget_type=\"text-editor.default\">\n\t\t\t\t<div class=\"elementor-widget-container\">\n\t\t\t\t\t\t\t\t\t<div class=\"l-content\"><section class=\"l-section\"><div class=\"l-section-h i-cf\"><div align=\"justify\">O Servi\u00e7o de Psicologia\u00a0 \u2013 Lilian Maria da Concei\u00e7\u00e3o Valentim \u2013 Leiga \u2013 Psic\u00f3loga N\u00ba CRP \u2013 46457\u00a0 5\u00aa regi\u00e3o<\/div><\/div><div align=\"justify\">\u00a0<\/div><\/section><\/div><div align=\"justify\"><p>Auxilia\u00a0 nos processos subjetivos que podem gerar ou contribuir para a incid\u00eancia de vulnerabilidade e risco social, valoriza os aspectos presentes nos sujeitos, fam\u00edlias e na comunidade, atrav\u00e9s de observa\u00e7\u00f5es e acompanhamentos psicossocial \u00e0s crian\u00e7as e adolescentes da Unidade, bem como, sua responsabilidade pessoal favorecendo as rela\u00e7\u00f5es interpessoais e sua forma de ser e estar no mundo.<\/p><\/div>\t\t\t\t\t\t\t\t<\/div>\n\t\t\t\t<\/div>\n\t\t\t\t\t<\/div>\n\t\t\t\t<\/div>\n\t\t\t\t<\/div>\n\t\t<div class=\"elementor-element elementor-element-8d1a16d e-flex e-con-boxed e-con e-parent\" data-id=\"8d1a16d\" data-element_type=\"container\" data-e-type=\"container\" data-settings=\"{&quot;background_background&quot;:&quot;classic&quot;}\">\n\t\t\t\t\t<div class=\"e-con-inner\">\n\t\t\t\t<div class=\"elementor-element elementor-element-ab22dc1 elementor-widget elementor-widget-image\" data-id=\"ab22dc1\" data-element_type=\"widget\" data-e-type=\"widget\" data-widget_type=\"image.default\">\n\t\t\t\t<div class=\"elementor-widget-container\">\n\t\t\t\t\t\t\t\t\t\t\t\t\t\t\t<img fetchpriority=\"high\" decoding=\"async\" width=\"768\" height=\"1024\" src=\"https:\/\/redeicm.org.br\/institutocoracaodemaria\/wp-content\/uploads\/sites\/14\/2025\/02\/IMG-20250220-WA0033-1-768x1024.jpg\" class=\"attachment-large size-large wp-image-444\" alt=\"Lilian Maria Psic\u00f3loga\" srcset=\"https:\/\/redeicm.org.br\/institutocoracaodemaria\/wp-content\/uploads\/sites\/14\/2025\/02\/IMG-20250220-WA0033-1-768x1024.jpg 768w, https:\/\/redeicm.org.br\/institutocoracaodemaria\/wp-content\/uploads\/sites\/14\/2025\/02\/IMG-20250220-WA0033-1-225x300.jpg 225w, https:\/\/redeicm.org.br\/institutocoracaodemaria\/wp-content\/uploads\/sites\/14\/2025\/02\/IMG-20250220-WA0033-1.jpg 960w\" sizes=\"(max-width: 768px) 100vw, 768px\" \/>\t\t\t\t\t\t\t\t\t\t\t\t\t\t\t<\/div>\n\t\t\t\t<\/div>\n\t\t\t\t\t<\/div>\n\t\t\t\t<\/div>\n\t\t\t\t<\/div>\n\t\t","protected":false},"excerpt":{"rendered":"<p>O Servi\u00e7o de Psicologia\u00a0 \u2013 Lilian Maria da Concei\u00e7\u00e3o Valentim \u2013 Leiga \u2013 Psic\u00f3loga N\u00ba CRP \u2013 46457\u00a0 5\u00aa regi\u00e3o\u00a0 Auxilia\u00a0 nos processos subjetivos que podem gerar ou contribuir para a incid\u00eancia de vulnerabilidade e risco social, valoriza os aspectos presentes nos sujeitos, fam\u00edlias e na comunidade, atrav\u00e9s de observa\u00e7\u00f5es e acompanhamentos psicossocial \u00e0s crian\u00e7as [&hellip;]<\/p>\n","protected":false},"author":1,"featured_media":444,"parent":0,"menu_order":0,"comment_status":"closed","ping_status":"closed","template":"","meta":{"_acf_changed":false,"footnotes":""},"class_list":["post-299","page","type-page","status-publish","has-post-thumbnail","hentry"],"acf":[],"yoast_head":"<!-- This site is optimized with the Yoast SEO plugin v26.3 - https:\/\/yoast.com\/wordpress\/plugins\/seo\/ -->\n<title>Servi\u00e7o de Psicologia - Instituto Cora\u00e7\u00e3o de Maria | Rede ICM de Educa\u00e7\u00e3o e Assist\u00eancia Social<\/title>\n<meta name=\"description\" content=\"Atendimento socioassitencial individual e em grupo as crian\u00e7as e adolescentes e suas respectivas fam\u00edlias. Em dois dias em per\u00edodo integral.\" \/>\n<meta name=\"robots\" content=\"index, follow, max-snippet:-1, max-image-preview:large, max-video-preview:-1\" \/>\n<link rel=\"canonical\" href=\"https:\/\/redeicm.org.br\/institutocoracaodemaria\/servico-de-psicologia\/\" \/>\n<meta property=\"og:locale\" content=\"pt_BR\" \/>\n<meta property=\"og:type\" content=\"article\" \/>\n<meta property=\"og:title\" content=\"Servi\u00e7o de Psicologia - Instituto Cora\u00e7\u00e3o de Maria | Rede ICM de Educa\u00e7\u00e3o e Assist\u00eancia Social\" \/>\n<meta property=\"og:description\" content=\"Atendimento socioassitencial individual e em grupo as crian\u00e7as e adolescentes e suas respectivas fam\u00edlias. Em dois dias em per\u00edodo integral.\" \/>\n<meta property=\"og:url\" content=\"https:\/\/redeicm.org.br\/institutocoracaodemaria\/servico-de-psicologia\/\" \/>\n<meta property=\"og:site_name\" content=\"Instituto Cora\u00e7\u00e3o de Maria | Rede ICM de Educa\u00e7\u00e3o e Assist\u00eancia Social\" \/>\n<meta property=\"article:modified_time\" content=\"2025-05-27T12:59:20+00:00\" \/>\n<meta property=\"og:image\" content=\"https:\/\/redeicm.org.br\/institutocoracaodemaria\/wp-content\/uploads\/sites\/14\/2025\/02\/IMG-20250220-WA0033-1.jpg\" \/>\n\t<meta property=\"og:image:width\" content=\"960\" \/>\n\t<meta property=\"og:image:height\" content=\"1280\" \/>\n\t<meta property=\"og:image:type\" content=\"image\/jpeg\" \/>\n<meta name=\"twitter:card\" content=\"summary_large_image\" \/>\n<meta name=\"twitter:label1\" content=\"Est. tempo de leitura\" \/>\n\t<meta name=\"twitter:data1\" content=\"1 minuto\" \/>\n<script type=\"application\/ld+json\" class=\"yoast-schema-graph\">{\"@context\":\"https:\/\/schema.org\",\"@graph\":[{\"@type\":\"WebPage\",\"@id\":\"https:\/\/redeicm.org.br\/institutocoracaodemaria\/servico-de-psicologia\/\",\"url\":\"https:\/\/redeicm.org.br\/institutocoracaodemaria\/servico-de-psicologia\/\",\"name\":\"Servi\u00e7o de Psicologia - Instituto Cora\u00e7\u00e3o de Maria | Rede ICM de Educa\u00e7\u00e3o e Assist\u00eancia Social\",\"isPartOf\":{\"@id\":\"https:\/\/redeicm.org.br\/institutocoracaodemaria\/#website\"},\"primaryImageOfPage\":{\"@id\":\"https:\/\/redeicm.org.br\/institutocoracaodemaria\/servico-de-psicologia\/#primaryimage\"},\"image\":{\"@id\":\"https:\/\/redeicm.org.br\/institutocoracaodemaria\/servico-de-psicologia\/#primaryimage\"},\"thumbnailUrl\":\"https:\/\/redeicm.org.br\/institutocoracaodemaria\/wp-content\/uploads\/sites\/14\/2025\/02\/IMG-20250220-WA0033-1.jpg\",\"datePublished\":\"2024-09-07T20:18:07+00:00\",\"dateModified\":\"2025-05-27T12:59:20+00:00\",\"description\":\"Atendimento socioassitencial individual e em grupo as crian\u00e7as e adolescentes e suas respectivas fam\u00edlias. Em dois dias em per\u00edodo integral.\",\"breadcrumb\":{\"@id\":\"https:\/\/redeicm.org.br\/institutocoracaodemaria\/servico-de-psicologia\/#breadcrumb\"},\"inLanguage\":\"pt-BR\",\"potentialAction\":[{\"@type\":\"ReadAction\",\"target\":[\"https:\/\/redeicm.org.br\/institutocoracaodemaria\/servico-de-psicologia\/\"]}]},{\"@type\":\"ImageObject\",\"inLanguage\":\"pt-BR\",\"@id\":\"https:\/\/redeicm.org.br\/institutocoracaodemaria\/servico-de-psicologia\/#primaryimage\",\"url\":\"https:\/\/redeicm.org.br\/institutocoracaodemaria\/wp-content\/uploads\/sites\/14\/2025\/02\/IMG-20250220-WA0033-1.jpg\",\"contentUrl\":\"https:\/\/redeicm.org.br\/institutocoracaodemaria\/wp-content\/uploads\/sites\/14\/2025\/02\/IMG-20250220-WA0033-1.jpg\",\"width\":960,\"height\":1280,\"caption\":\"Lilian Maria Psic\u00f3loga\"},{\"@type\":\"BreadcrumbList\",\"@id\":\"https:\/\/redeicm.org.br\/institutocoracaodemaria\/servico-de-psicologia\/#breadcrumb\",\"itemListElement\":[{\"@type\":\"ListItem\",\"position\":1,\"name\":\"In\u00edcio\",\"item\":\"https:\/\/redeicm.org.br\/institutocoracaodemaria\/\"},{\"@type\":\"ListItem\",\"position\":2,\"name\":\"Servi\u00e7o de Psicologia\"}]},{\"@type\":\"WebSite\",\"@id\":\"https:\/\/redeicm.org.br\/institutocoracaodemaria\/#website\",\"url\":\"https:\/\/redeicm.org.br\/institutocoracaodemaria\/\",\"name\":\"Instituto Cora\u00e7\u00e3o de Maria | Rede ICM de Educa\u00e7\u00e3o e Assist\u00eancia Social\",\"description\":\"Servi\u00e7o Socioassistencial que atende crian\u00e7as e adolescentes de 06 a 15 anos em contra turno escolar.\",\"publisher\":{\"@id\":\"https:\/\/redeicm.org.br\/institutocoracaodemaria\/#organization\"},\"potentialAction\":[{\"@type\":\"SearchAction\",\"target\":{\"@type\":\"EntryPoint\",\"urlTemplate\":\"https:\/\/redeicm.org.br\/institutocoracaodemaria\/?s={search_term_string}\"},\"query-input\":{\"@type\":\"PropertyValueSpecification\",\"valueRequired\":true,\"valueName\":\"search_term_string\"}}],\"inLanguage\":\"pt-BR\"},{\"@type\":\"Organization\",\"@id\":\"https:\/\/redeicm.org.br\/institutocoracaodemaria\/#organization\",\"name\":\"Instituto Cora\u00e7\u00e3o de Maria | Rede ICM de Educa\u00e7\u00e3o e Assist\u00eancia Social\",\"url\":\"https:\/\/redeicm.org.br\/institutocoracaodemaria\/\",\"logo\":{\"@type\":\"ImageObject\",\"inLanguage\":\"pt-BR\",\"@id\":\"https:\/\/redeicm.org.br\/institutocoracaodemaria\/#\/schema\/logo\/image\/\",\"url\":\"https:\/\/redeicm.org.br\/institutocoracaodemaria\/wp-content\/uploads\/sites\/14\/2024\/08\/ICM_Socio_ImaculadoCoracao_preferencial-1024x385-1.png\",\"contentUrl\":\"https:\/\/redeicm.org.br\/institutocoracaodemaria\/wp-content\/uploads\/sites\/14\/2024\/08\/ICM_Socio_ImaculadoCoracao_preferencial-1024x385-1.png\",\"width\":1024,\"height\":385,\"caption\":\"Instituto Cora\u00e7\u00e3o de Maria | Rede ICM de Educa\u00e7\u00e3o e Assist\u00eancia Social\"},\"image\":{\"@id\":\"https:\/\/redeicm.org.br\/institutocoracaodemaria\/#\/schema\/logo\/image\/\"}}]}<\/script>\n<!-- \/ Yoast SEO plugin. -->","yoast_head_json":{"title":"Servi\u00e7o de Psicologia - Instituto Cora\u00e7\u00e3o de Maria | Rede ICM de Educa\u00e7\u00e3o e Assist\u00eancia Social","description":"Atendimento socioassitencial individual e em grupo as crian\u00e7as e adolescentes e suas respectivas fam\u00edlias. Em dois dias em per\u00edodo integral.","robots":{"index":"index","follow":"follow","max-snippet":"max-snippet:-1","max-image-preview":"max-image-preview:large","max-video-preview":"max-video-preview:-1"},"canonical":"https:\/\/redeicm.org.br\/institutocoracaodemaria\/servico-de-psicologia\/","og_locale":"pt_BR","og_type":"article","og_title":"Servi\u00e7o de Psicologia - Instituto Cora\u00e7\u00e3o de Maria | Rede ICM de Educa\u00e7\u00e3o e Assist\u00eancia Social","og_description":"Atendimento socioassitencial individual e em grupo as crian\u00e7as e adolescentes e suas respectivas fam\u00edlias. Em dois dias em per\u00edodo integral.","og_url":"https:\/\/redeicm.org.br\/institutocoracaodemaria\/servico-de-psicologia\/","og_site_name":"Instituto Cora\u00e7\u00e3o de Maria | Rede ICM de Educa\u00e7\u00e3o e Assist\u00eancia Social","article_modified_time":"2025-05-27T12:59:20+00:00","og_image":[{"width":960,"height":1280,"url":"https:\/\/redeicm.org.br\/institutocoracaodemaria\/wp-content\/uploads\/sites\/14\/2025\/02\/IMG-20250220-WA0033-1.jpg","type":"image\/jpeg"}],"twitter_card":"summary_large_image","twitter_misc":{"Est. tempo de leitura":"1 minuto"},"schema":{"@context":"https:\/\/schema.org","@graph":[{"@type":"WebPage","@id":"https:\/\/redeicm.org.br\/institutocoracaodemaria\/servico-de-psicologia\/","url":"https:\/\/redeicm.org.br\/institutocoracaodemaria\/servico-de-psicologia\/","name":"Servi\u00e7o de Psicologia - Instituto Cora\u00e7\u00e3o de Maria | Rede ICM de Educa\u00e7\u00e3o e Assist\u00eancia Social","isPartOf":{"@id":"https:\/\/redeicm.org.br\/institutocoracaodemaria\/#website"},"primaryImageOfPage":{"@id":"https:\/\/redeicm.org.br\/institutocoracaodemaria\/servico-de-psicologia\/#primaryimage"},"image":{"@id":"https:\/\/redeicm.org.br\/institutocoracaodemaria\/servico-de-psicologia\/#primaryimage"},"thumbnailUrl":"https:\/\/redeicm.org.br\/institutocoracaodemaria\/wp-content\/uploads\/sites\/14\/2025\/02\/IMG-20250220-WA0033-1.jpg","datePublished":"2024-09-07T20:18:07+00:00","dateModified":"2025-05-27T12:59:20+00:00","description":"Atendimento socioassitencial individual e em grupo as crian\u00e7as e adolescentes e suas respectivas fam\u00edlias. Em dois dias em per\u00edodo integral.","breadcrumb":{"@id":"https:\/\/redeicm.org.br\/institutocoracaodemaria\/servico-de-psicologia\/#breadcrumb"},"inLanguage":"pt-BR","potentialAction":[{"@type":"ReadAction","target":["https:\/\/redeicm.org.br\/institutocoracaodemaria\/servico-de-psicologia\/"]}]},{"@type":"ImageObject","inLanguage":"pt-BR","@id":"https:\/\/redeicm.org.br\/institutocoracaodemaria\/servico-de-psicologia\/#primaryimage","url":"https:\/\/redeicm.org.br\/institutocoracaodemaria\/wp-content\/uploads\/sites\/14\/2025\/02\/IMG-20250220-WA0033-1.jpg","contentUrl":"https:\/\/redeicm.org.br\/institutocoracaodemaria\/wp-content\/uploads\/sites\/14\/2025\/02\/IMG-20250220-WA0033-1.jpg","width":960,"height":1280,"caption":"Lilian Maria Psic\u00f3loga"},{"@type":"BreadcrumbList","@id":"https:\/\/redeicm.org.br\/institutocoracaodemaria\/servico-de-psicologia\/#breadcrumb","itemListElement":[{"@type":"ListItem","position":1,"name":"In\u00edcio","item":"https:\/\/redeicm.org.br\/institutocoracaodemaria\/"},{"@type":"ListItem","position":2,"name":"Servi\u00e7o de Psicologia"}]},{"@type":"WebSite","@id":"https:\/\/redeicm.org.br\/institutocoracaodemaria\/#website","url":"https:\/\/redeicm.org.br\/institutocoracaodemaria\/","name":"Instituto Cora\u00e7\u00e3o de Maria | Rede ICM de Educa\u00e7\u00e3o e Assist\u00eancia Social","description":"Servi\u00e7o Socioassistencial que atende crian\u00e7as e adolescentes de 06 a 15 anos em contra turno escolar.","publisher":{"@id":"https:\/\/redeicm.org.br\/institutocoracaodemaria\/#organization"},"potentialAction":[{"@type":"SearchAction","target":{"@type":"EntryPoint","urlTemplate":"https:\/\/redeicm.org.br\/institutocoracaodemaria\/?s={search_term_string}"},"query-input":{"@type":"PropertyValueSpecification","valueRequired":true,"valueName":"search_term_string"}}],"inLanguage":"pt-BR"},{"@type":"Organization","@id":"https:\/\/redeicm.org.br\/institutocoracaodemaria\/#organization","name":"Instituto Cora\u00e7\u00e3o de Maria | Rede ICM de Educa\u00e7\u00e3o e Assist\u00eancia Social","url":"https:\/\/redeicm.org.br\/institutocoracaodemaria\/","logo":{"@type":"ImageObject","inLanguage":"pt-BR","@id":"https:\/\/redeicm.org.br\/institutocoracaodemaria\/#\/schema\/logo\/image\/","url":"https:\/\/redeicm.org.br\/institutocoracaodemaria\/wp-content\/uploads\/sites\/14\/2024\/08\/ICM_Socio_ImaculadoCoracao_preferencial-1024x385-1.png","contentUrl":"https:\/\/redeicm.org.br\/institutocoracaodemaria\/wp-content\/uploads\/sites\/14\/2024\/08\/ICM_Socio_ImaculadoCoracao_preferencial-1024x385-1.png","width":1024,"height":385,"caption":"Instituto Cora\u00e7\u00e3o de Maria | Rede ICM de Educa\u00e7\u00e3o e Assist\u00eancia Social"},"image":{"@id":"https:\/\/redeicm.org.br\/institutocoracaodemaria\/#\/schema\/logo\/image\/"}}]}},"_links":{"self":[{"href":"https:\/\/redeicm.org.br\/institutocoracaodemaria\/wp-json\/wp\/v2\/pages\/299","targetHints":{"allow":["GET"]}}],"collection":[{"href":"https:\/\/redeicm.org.br\/institutocoracaodemaria\/wp-json\/wp\/v2\/pages"}],"about":[{"href":"https:\/\/redeicm.org.br\/institutocoracaodemaria\/wp-json\/wp\/v2\/types\/page"}],"author":[{"embeddable":true,"href":"https:\/\/redeicm.org.br\/institutocoracaodemaria\/wp-json\/wp\/v2\/users\/1"}],"replies":[{"embeddable":true,"href":"https:\/\/redeicm.org.br\/institutocoracaodemaria\/wp-json\/wp\/v2\/comments?post=299"}],"version-history":[{"count":4,"href":"https:\/\/redeicm.org.br\/institutocoracaodemaria\/wp-json\/wp\/v2\/pages\/299\/revisions"}],"predecessor-version":[{"id":677,"href":"https:\/\/redeicm.org.br\/institutocoracaodemaria\/wp-json\/wp\/v2\/pages\/299\/revisions\/677"}],"wp:featuredmedia":[{"embeddable":true,"href":"https:\/\/redeicm.org.br\/institutocoracaodemaria\/wp-json\/wp\/v2\/media\/444"}],"wp:attachment":[{"href":"https:\/\/redeicm.org.br\/institutocoracaodemaria\/wp-json\/wp\/v2\/media?parent=299"}],"curies":[{"name":"wp","href":"https:\/\/api.w.org\/{rel}","templated":true}]}}