{"id":289,"date":"2024-09-07T17:11:51","date_gmt":"2024-09-07T20:11:51","guid":{"rendered":"https:\/\/redeicm.org.br\/institutocoracaodemaria\/?page_id=289"},"modified":"2025-10-20T09:02:47","modified_gmt":"2025-10-20T12:02:47","slug":"servico-de-convivencia-e-fortalecimento-de-vinculos-de-06-a-15-anos","status":"publish","type":"page","link":"https:\/\/redeicm.org.br\/institutocoracaodemaria\/servico-de-convivencia-e-fortalecimento-de-vinculos-de-06-a-15-anos\/","title":{"rendered":"Servi\u00e7o de Conviv\u00eancia e Fortalecimento de V\u00ednculos de 06 a 15 anos"},"content":{"rendered":"\t\t<div data-elementor-type=\"wp-page\" data-elementor-id=\"289\" class=\"elementor elementor-289\" data-elementor-post-type=\"page\">\n\t\t\t\t<div class=\"elementor-element elementor-element-7d9f9446 e-flex e-con-boxed e-con e-parent\" data-id=\"7d9f9446\" data-element_type=\"container\" data-e-type=\"container\" data-settings=\"{&quot;background_background&quot;:&quot;classic&quot;}\">\n\t\t\t\t\t<div class=\"e-con-inner\">\n\t\t\t\t<div class=\"elementor-element elementor-element-2fb7211d elementor-widget elementor-widget-heading\" data-id=\"2fb7211d\" data-element_type=\"widget\" data-e-type=\"widget\" data-widget_type=\"heading.default\">\n\t\t\t\t<div class=\"elementor-widget-container\">\n\t\t\t\t\t<h1 class=\"elementor-heading-title elementor-size-default\">Servi\u00e7o de Conviv\u00eancia e Fortalecimento de V\u00ednculos de 06 a 15 anos<\/h1>\t\t\t\t<\/div>\n\t\t\t\t<\/div>\n\t\t\t\t\t<\/div>\n\t\t\t\t<\/div>\n\t\t<div class=\"elementor-element elementor-element-6e59cde e-flex e-con-boxed e-con e-parent\" data-id=\"6e59cde\" data-element_type=\"container\" data-e-type=\"container\">\n\t\t\t\t\t<div class=\"e-con-inner\">\n\t\t\t\t<div class=\"elementor-element elementor-element-60d4bb9 elementor-widget elementor-widget-heading\" data-id=\"60d4bb9\" data-element_type=\"widget\" data-e-type=\"widget\" data-widget_type=\"heading.default\">\n\t\t\t\t<div class=\"elementor-widget-container\">\n\t\t\t\t\t<h1 class=\"elementor-heading-title elementor-size-default\">O Servi\u00e7o de Conviv\u00eancia e Fortalecimento V\u00ednculos (SCFV)- \u00c9 organizado em grupos, de modo a ampliar as trocas culturais e de viv\u00eancias entre os usu\u00e1rios, assim como desenvolver o seu sentimento de pertencimento e de identidade. A porta de entrada \u00e9 o Servi\u00e7o Social, que verificar\u00e1 o grau de vulnerabilidade e ou risco pessoal e social que os usu\u00e1rios apresentam. O atendimento ser\u00e1 realizado de segunda a sexta feira, das 07h \u00e0s 17h15min.  <\/h1>\t\t\t\t<\/div>\n\t\t\t\t<\/div>\n\t\t\t\t\t<\/div>\n\t\t\t\t<\/div>\n\t\t<div class=\"elementor-element elementor-element-44f4174 e-flex e-con-boxed e-con e-parent\" data-id=\"44f4174\" data-element_type=\"container\" data-e-type=\"container\">\n\t\t\t\t\t<div class=\"e-con-inner\">\n\t\t\t\t\t<\/div>\n\t\t\t\t<\/div>\n\t\t\t\t<\/div>\n\t\t","protected":false},"excerpt":{"rendered":"<p>O Servi\u00e7o de Conviv\u00eancia e Fortalecimento V\u00ednculos (SCFV)- \u00c9 organizado em grupos, de modo a ampliar as trocas culturais e de viv\u00eancias entre os usu\u00e1rios, assim como desenvolver o seu sentimento de pertencimento e de identidade. A porta de entrada \u00e9 o Servi\u00e7o Social, que verificar\u00e1 o grau de vulnerabilidade e ou risco pessoal e [&hellip;]<\/p>\n","protected":false},"author":1,"featured_media":572,"parent":0,"menu_order":0,"comment_status":"closed","ping_status":"closed","template":"","meta":{"_acf_changed":false,"footnotes":""},"class_list":["post-289","page","type-page","status-publish","has-post-thumbnail","hentry"],"acf":[],"yoast_head":"<!-- This site is optimized with the Yoast SEO plugin v26.3 - https:\/\/yoast.com\/wordpress\/plugins\/seo\/ -->\n<title>Servi\u00e7o de Conviv\u00eancia e Fortalecimento de V\u00ednculos de 06 a 15 anos - Instituto Cora\u00e7\u00e3o de Maria | Rede ICM de Educa\u00e7\u00e3o e Assist\u00eancia Social<\/title>\n<meta name=\"description\" content=\"A partir da identifica\u00e7\u00e3o da vulnerabilidade, a crian\u00e7a e\/ou adolescente ser\u00e1 inserido no Servi\u00e7o Socioassistencial. O acolhimento da crian\u00e7a e\/ou adolescente, ser\u00e1 realizado pelo grupo de refer\u00eancia, de acordo com a faixa et\u00e1ria dos participantes, com o apoio do Servi\u00e7o Social, Coordena\u00e7\u00e3o Pedag\u00f3gica e o Educador Social. A partir dessa inser\u00e7\u00e3o o usu\u00e1rio come\u00e7ar\u00e1 a participar das atividades, tais como :artesanato, m\u00fasica, corpo e movimento, oficinas de cidadania; inclus\u00e3o digital, contando nossa hist\u00f3ria, teatro; capoeira, m\u00fasica, que ser\u00e3o desenvolvidas por Educadores Sociais e instrutores de cursos livres com a supervis\u00e3o da Coordena\u00e7\u00e3o Pedag\u00f3gica. Os temas norteadores que ser\u00e3o trabalhados no Servi\u00e7o de Conviv\u00eancia e Fortalecimento de V\u00ednculos ser\u00e3o: Estatuto da Crian\u00e7a e Adolescente (ECA), Ecologia, Bullying e Cyberbullying; Preconceitos (social, racial, religioso, cultural, g\u00eanero), Regras de conviv\u00eancia, cultura e arte, explora\u00e7\u00e3o sexual, trabalho Infantil.\" \/>\n<meta name=\"robots\" content=\"index, follow, max-snippet:-1, max-image-preview:large, max-video-preview:-1\" \/>\n<link rel=\"canonical\" href=\"https:\/\/redeicm.org.br\/institutocoracaodemaria\/servico-de-convivencia-e-fortalecimento-de-vinculos-de-06-a-15-anos\/\" \/>\n<meta property=\"og:locale\" content=\"pt_BR\" \/>\n<meta property=\"og:type\" content=\"article\" \/>\n<meta property=\"og:title\" content=\"Servi\u00e7o de Conviv\u00eancia e Fortalecimento de V\u00ednculos de 06 a 15 anos - Instituto Cora\u00e7\u00e3o de Maria | Rede ICM de Educa\u00e7\u00e3o e Assist\u00eancia Social\" \/>\n<meta property=\"og:description\" content=\"A partir da identifica\u00e7\u00e3o da vulnerabilidade, a crian\u00e7a e\/ou adolescente ser\u00e1 inserido no Servi\u00e7o Socioassistencial. O acolhimento da crian\u00e7a e\/ou adolescente, ser\u00e1 realizado pelo grupo de refer\u00eancia, de acordo com a faixa et\u00e1ria dos participantes, com o apoio do Servi\u00e7o Social, Coordena\u00e7\u00e3o Pedag\u00f3gica e o Educador Social. A partir dessa inser\u00e7\u00e3o o usu\u00e1rio come\u00e7ar\u00e1 a participar das atividades, tais como :artesanato, m\u00fasica, corpo e movimento, oficinas de cidadania; inclus\u00e3o digital, contando nossa hist\u00f3ria, teatro; capoeira, m\u00fasica, que ser\u00e3o desenvolvidas por Educadores Sociais e instrutores de cursos livres com a supervis\u00e3o da Coordena\u00e7\u00e3o Pedag\u00f3gica. Os temas norteadores que ser\u00e3o trabalhados no Servi\u00e7o de Conviv\u00eancia e Fortalecimento de V\u00ednculos ser\u00e3o: Estatuto da Crian\u00e7a e Adolescente (ECA), Ecologia, Bullying e Cyberbullying; Preconceitos (social, racial, religioso, cultural, g\u00eanero), Regras de conviv\u00eancia, cultura e arte, explora\u00e7\u00e3o sexual, trabalho Infantil.\" \/>\n<meta property=\"og:url\" content=\"https:\/\/redeicm.org.br\/institutocoracaodemaria\/servico-de-convivencia-e-fortalecimento-de-vinculos-de-06-a-15-anos\/\" \/>\n<meta property=\"og:site_name\" content=\"Instituto Cora\u00e7\u00e3o de Maria | Rede ICM de Educa\u00e7\u00e3o e Assist\u00eancia Social\" \/>\n<meta property=\"article:modified_time\" content=\"2025-10-20T12:02:47+00:00\" \/>\n<meta property=\"og:image\" content=\"https:\/\/redeicm.org.br\/institutocoracaodemaria\/wp-content\/uploads\/sites\/14\/2025\/03\/IMG_20250318_084649-scaled.jpg\" \/>\n\t<meta property=\"og:image:width\" content=\"2560\" \/>\n\t<meta property=\"og:image:height\" content=\"1440\" \/>\n\t<meta property=\"og:image:type\" content=\"image\/jpeg\" \/>\n<meta name=\"twitter:card\" content=\"summary_large_image\" \/>\n<meta name=\"twitter:label1\" content=\"Est. tempo de leitura\" \/>\n\t<meta name=\"twitter:data1\" content=\"1 minuto\" \/>\n<script type=\"application\/ld+json\" class=\"yoast-schema-graph\">{\"@context\":\"https:\/\/schema.org\",\"@graph\":[{\"@type\":\"WebPage\",\"@id\":\"https:\/\/redeicm.org.br\/institutocoracaodemaria\/servico-de-convivencia-e-fortalecimento-de-vinculos-de-06-a-15-anos\/\",\"url\":\"https:\/\/redeicm.org.br\/institutocoracaodemaria\/servico-de-convivencia-e-fortalecimento-de-vinculos-de-06-a-15-anos\/\",\"name\":\"Servi\u00e7o de Conviv\u00eancia e Fortalecimento de V\u00ednculos de 06 a 15 anos - Instituto Cora\u00e7\u00e3o de Maria | Rede ICM de Educa\u00e7\u00e3o e Assist\u00eancia Social\",\"isPartOf\":{\"@id\":\"https:\/\/redeicm.org.br\/institutocoracaodemaria\/#website\"},\"primaryImageOfPage\":{\"@id\":\"https:\/\/redeicm.org.br\/institutocoracaodemaria\/servico-de-convivencia-e-fortalecimento-de-vinculos-de-06-a-15-anos\/#primaryimage\"},\"image\":{\"@id\":\"https:\/\/redeicm.org.br\/institutocoracaodemaria\/servico-de-convivencia-e-fortalecimento-de-vinculos-de-06-a-15-anos\/#primaryimage\"},\"thumbnailUrl\":\"https:\/\/redeicm.org.br\/institutocoracaodemaria\/wp-content\/uploads\/sites\/14\/2025\/03\/IMG_20250318_084649-scaled.jpg\",\"datePublished\":\"2024-09-07T20:11:51+00:00\",\"dateModified\":\"2025-10-20T12:02:47+00:00\",\"description\":\"A partir da identifica\u00e7\u00e3o da vulnerabilidade, a crian\u00e7a e\/ou adolescente ser\u00e1 inserido no Servi\u00e7o Socioassistencial. O acolhimento da crian\u00e7a e\/ou adolescente, ser\u00e1 realizado pelo grupo de refer\u00eancia, de acordo com a faixa et\u00e1ria dos participantes, com o apoio do Servi\u00e7o Social, Coordena\u00e7\u00e3o Pedag\u00f3gica e o Educador Social. A partir dessa inser\u00e7\u00e3o o usu\u00e1rio come\u00e7ar\u00e1 a participar das atividades, tais como :artesanato, m\u00fasica, corpo e movimento, oficinas de cidadania; inclus\u00e3o digital, contando nossa hist\u00f3ria, teatro; capoeira, m\u00fasica, que ser\u00e3o desenvolvidas por Educadores Sociais e instrutores de cursos livres com a supervis\u00e3o da Coordena\u00e7\u00e3o Pedag\u00f3gica. Os temas norteadores que ser\u00e3o trabalhados no Servi\u00e7o de Conviv\u00eancia e Fortalecimento de V\u00ednculos ser\u00e3o: Estatuto da Crian\u00e7a e Adolescente (ECA), Ecologia, Bullying e Cyberbullying; Preconceitos (social, racial, religioso, cultural, g\u00eanero), Regras de conviv\u00eancia, cultura e arte, explora\u00e7\u00e3o sexual, trabalho Infantil.\",\"breadcrumb\":{\"@id\":\"https:\/\/redeicm.org.br\/institutocoracaodemaria\/servico-de-convivencia-e-fortalecimento-de-vinculos-de-06-a-15-anos\/#breadcrumb\"},\"inLanguage\":\"pt-BR\",\"potentialAction\":[{\"@type\":\"ReadAction\",\"target\":[\"https:\/\/redeicm.org.br\/institutocoracaodemaria\/servico-de-convivencia-e-fortalecimento-de-vinculos-de-06-a-15-anos\/\"]}]},{\"@type\":\"ImageObject\",\"inLanguage\":\"pt-BR\",\"@id\":\"https:\/\/redeicm.org.br\/institutocoracaodemaria\/servico-de-convivencia-e-fortalecimento-de-vinculos-de-06-a-15-anos\/#primaryimage\",\"url\":\"https:\/\/redeicm.org.br\/institutocoracaodemaria\/wp-content\/uploads\/sites\/14\/2025\/03\/IMG_20250318_084649-scaled.jpg\",\"contentUrl\":\"https:\/\/redeicm.org.br\/institutocoracaodemaria\/wp-content\/uploads\/sites\/14\/2025\/03\/IMG_20250318_084649-scaled.jpg\",\"width\":2560,\"height\":1440},{\"@type\":\"BreadcrumbList\",\"@id\":\"https:\/\/redeicm.org.br\/institutocoracaodemaria\/servico-de-convivencia-e-fortalecimento-de-vinculos-de-06-a-15-anos\/#breadcrumb\",\"itemListElement\":[{\"@type\":\"ListItem\",\"position\":1,\"name\":\"In\u00edcio\",\"item\":\"https:\/\/redeicm.org.br\/institutocoracaodemaria\/\"},{\"@type\":\"ListItem\",\"position\":2,\"name\":\"Servi\u00e7o de Conviv\u00eancia e Fortalecimento de V\u00ednculos de 06 a 15 anos\"}]},{\"@type\":\"WebSite\",\"@id\":\"https:\/\/redeicm.org.br\/institutocoracaodemaria\/#website\",\"url\":\"https:\/\/redeicm.org.br\/institutocoracaodemaria\/\",\"name\":\"Instituto Cora\u00e7\u00e3o de Maria | Rede ICM de Educa\u00e7\u00e3o e Assist\u00eancia Social\",\"description\":\"Servi\u00e7o Socioassistencial que atende crian\u00e7as e adolescentes de 06 a 15 anos em contra turno escolar.\",\"publisher\":{\"@id\":\"https:\/\/redeicm.org.br\/institutocoracaodemaria\/#organization\"},\"potentialAction\":[{\"@type\":\"SearchAction\",\"target\":{\"@type\":\"EntryPoint\",\"urlTemplate\":\"https:\/\/redeicm.org.br\/institutocoracaodemaria\/?s={search_term_string}\"},\"query-input\":{\"@type\":\"PropertyValueSpecification\",\"valueRequired\":true,\"valueName\":\"search_term_string\"}}],\"inLanguage\":\"pt-BR\"},{\"@type\":\"Organization\",\"@id\":\"https:\/\/redeicm.org.br\/institutocoracaodemaria\/#organization\",\"name\":\"Instituto Cora\u00e7\u00e3o de Maria | Rede ICM de Educa\u00e7\u00e3o e Assist\u00eancia Social\",\"url\":\"https:\/\/redeicm.org.br\/institutocoracaodemaria\/\",\"logo\":{\"@type\":\"ImageObject\",\"inLanguage\":\"pt-BR\",\"@id\":\"https:\/\/redeicm.org.br\/institutocoracaodemaria\/#\/schema\/logo\/image\/\",\"url\":\"https:\/\/redeicm.org.br\/institutocoracaodemaria\/wp-content\/uploads\/sites\/14\/2024\/08\/ICM_Socio_ImaculadoCoracao_preferencial-1024x385-1.png\",\"contentUrl\":\"https:\/\/redeicm.org.br\/institutocoracaodemaria\/wp-content\/uploads\/sites\/14\/2024\/08\/ICM_Socio_ImaculadoCoracao_preferencial-1024x385-1.png\",\"width\":1024,\"height\":385,\"caption\":\"Instituto Cora\u00e7\u00e3o de Maria | Rede ICM de Educa\u00e7\u00e3o e Assist\u00eancia Social\"},\"image\":{\"@id\":\"https:\/\/redeicm.org.br\/institutocoracaodemaria\/#\/schema\/logo\/image\/\"}}]}<\/script>\n<!-- \/ Yoast SEO plugin. -->","yoast_head_json":{"title":"Servi\u00e7o de Conviv\u00eancia e Fortalecimento de V\u00ednculos de 06 a 15 anos - Instituto Cora\u00e7\u00e3o de Maria | Rede ICM de Educa\u00e7\u00e3o e Assist\u00eancia Social","description":"A partir da identifica\u00e7\u00e3o da vulnerabilidade, a crian\u00e7a e\/ou adolescente ser\u00e1 inserido no Servi\u00e7o Socioassistencial. O acolhimento da crian\u00e7a e\/ou adolescente, ser\u00e1 realizado pelo grupo de refer\u00eancia, de acordo com a faixa et\u00e1ria dos participantes, com o apoio do Servi\u00e7o Social, Coordena\u00e7\u00e3o Pedag\u00f3gica e o Educador Social. A partir dessa inser\u00e7\u00e3o o usu\u00e1rio come\u00e7ar\u00e1 a participar das atividades, tais como :artesanato, m\u00fasica, corpo e movimento, oficinas de cidadania; inclus\u00e3o digital, contando nossa hist\u00f3ria, teatro; capoeira, m\u00fasica, que ser\u00e3o desenvolvidas por Educadores Sociais e instrutores de cursos livres com a supervis\u00e3o da Coordena\u00e7\u00e3o Pedag\u00f3gica. Os temas norteadores que ser\u00e3o trabalhados no Servi\u00e7o de Conviv\u00eancia e Fortalecimento de V\u00ednculos ser\u00e3o: Estatuto da Crian\u00e7a e Adolescente (ECA), Ecologia, Bullying e Cyberbullying; Preconceitos (social, racial, religioso, cultural, g\u00eanero), Regras de conviv\u00eancia, cultura e arte, explora\u00e7\u00e3o sexual, trabalho Infantil.","robots":{"index":"index","follow":"follow","max-snippet":"max-snippet:-1","max-image-preview":"max-image-preview:large","max-video-preview":"max-video-preview:-1"},"canonical":"https:\/\/redeicm.org.br\/institutocoracaodemaria\/servico-de-convivencia-e-fortalecimento-de-vinculos-de-06-a-15-anos\/","og_locale":"pt_BR","og_type":"article","og_title":"Servi\u00e7o de Conviv\u00eancia e Fortalecimento de V\u00ednculos de 06 a 15 anos - Instituto Cora\u00e7\u00e3o de Maria | Rede ICM de Educa\u00e7\u00e3o e Assist\u00eancia Social","og_description":"A partir da identifica\u00e7\u00e3o da vulnerabilidade, a crian\u00e7a e\/ou adolescente ser\u00e1 inserido no Servi\u00e7o Socioassistencial. O acolhimento da crian\u00e7a e\/ou adolescente, ser\u00e1 realizado pelo grupo de refer\u00eancia, de acordo com a faixa et\u00e1ria dos participantes, com o apoio do Servi\u00e7o Social, Coordena\u00e7\u00e3o Pedag\u00f3gica e o Educador Social. A partir dessa inser\u00e7\u00e3o o usu\u00e1rio come\u00e7ar\u00e1 a participar das atividades, tais como :artesanato, m\u00fasica, corpo e movimento, oficinas de cidadania; inclus\u00e3o digital, contando nossa hist\u00f3ria, teatro; capoeira, m\u00fasica, que ser\u00e3o desenvolvidas por Educadores Sociais e instrutores de cursos livres com a supervis\u00e3o da Coordena\u00e7\u00e3o Pedag\u00f3gica. Os temas norteadores que ser\u00e3o trabalhados no Servi\u00e7o de Conviv\u00eancia e Fortalecimento de V\u00ednculos ser\u00e3o: Estatuto da Crian\u00e7a e Adolescente (ECA), Ecologia, Bullying e Cyberbullying; Preconceitos (social, racial, religioso, cultural, g\u00eanero), Regras de conviv\u00eancia, cultura e arte, explora\u00e7\u00e3o sexual, trabalho Infantil.","og_url":"https:\/\/redeicm.org.br\/institutocoracaodemaria\/servico-de-convivencia-e-fortalecimento-de-vinculos-de-06-a-15-anos\/","og_site_name":"Instituto Cora\u00e7\u00e3o de Maria | Rede ICM de Educa\u00e7\u00e3o e Assist\u00eancia Social","article_modified_time":"2025-10-20T12:02:47+00:00","og_image":[{"width":2560,"height":1440,"url":"https:\/\/redeicm.org.br\/institutocoracaodemaria\/wp-content\/uploads\/sites\/14\/2025\/03\/IMG_20250318_084649-scaled.jpg","type":"image\/jpeg"}],"twitter_card":"summary_large_image","twitter_misc":{"Est. tempo de leitura":"1 minuto"},"schema":{"@context":"https:\/\/schema.org","@graph":[{"@type":"WebPage","@id":"https:\/\/redeicm.org.br\/institutocoracaodemaria\/servico-de-convivencia-e-fortalecimento-de-vinculos-de-06-a-15-anos\/","url":"https:\/\/redeicm.org.br\/institutocoracaodemaria\/servico-de-convivencia-e-fortalecimento-de-vinculos-de-06-a-15-anos\/","name":"Servi\u00e7o de Conviv\u00eancia e Fortalecimento de V\u00ednculos de 06 a 15 anos - Instituto Cora\u00e7\u00e3o de Maria | Rede ICM de Educa\u00e7\u00e3o e Assist\u00eancia Social","isPartOf":{"@id":"https:\/\/redeicm.org.br\/institutocoracaodemaria\/#website"},"primaryImageOfPage":{"@id":"https:\/\/redeicm.org.br\/institutocoracaodemaria\/servico-de-convivencia-e-fortalecimento-de-vinculos-de-06-a-15-anos\/#primaryimage"},"image":{"@id":"https:\/\/redeicm.org.br\/institutocoracaodemaria\/servico-de-convivencia-e-fortalecimento-de-vinculos-de-06-a-15-anos\/#primaryimage"},"thumbnailUrl":"https:\/\/redeicm.org.br\/institutocoracaodemaria\/wp-content\/uploads\/sites\/14\/2025\/03\/IMG_20250318_084649-scaled.jpg","datePublished":"2024-09-07T20:11:51+00:00","dateModified":"2025-10-20T12:02:47+00:00","description":"A partir da identifica\u00e7\u00e3o da vulnerabilidade, a crian\u00e7a e\/ou adolescente ser\u00e1 inserido no Servi\u00e7o Socioassistencial. O acolhimento da crian\u00e7a e\/ou adolescente, ser\u00e1 realizado pelo grupo de refer\u00eancia, de acordo com a faixa et\u00e1ria dos participantes, com o apoio do Servi\u00e7o Social, Coordena\u00e7\u00e3o Pedag\u00f3gica e o Educador Social. A partir dessa inser\u00e7\u00e3o o usu\u00e1rio come\u00e7ar\u00e1 a participar das atividades, tais como :artesanato, m\u00fasica, corpo e movimento, oficinas de cidadania; inclus\u00e3o digital, contando nossa hist\u00f3ria, teatro; capoeira, m\u00fasica, que ser\u00e3o desenvolvidas por Educadores Sociais e instrutores de cursos livres com a supervis\u00e3o da Coordena\u00e7\u00e3o Pedag\u00f3gica. Os temas norteadores que ser\u00e3o trabalhados no Servi\u00e7o de Conviv\u00eancia e Fortalecimento de V\u00ednculos ser\u00e3o: Estatuto da Crian\u00e7a e Adolescente (ECA), Ecologia, Bullying e Cyberbullying; Preconceitos (social, racial, religioso, cultural, g\u00eanero), Regras de conviv\u00eancia, cultura e arte, explora\u00e7\u00e3o sexual, trabalho Infantil.","breadcrumb":{"@id":"https:\/\/redeicm.org.br\/institutocoracaodemaria\/servico-de-convivencia-e-fortalecimento-de-vinculos-de-06-a-15-anos\/#breadcrumb"},"inLanguage":"pt-BR","potentialAction":[{"@type":"ReadAction","target":["https:\/\/redeicm.org.br\/institutocoracaodemaria\/servico-de-convivencia-e-fortalecimento-de-vinculos-de-06-a-15-anos\/"]}]},{"@type":"ImageObject","inLanguage":"pt-BR","@id":"https:\/\/redeicm.org.br\/institutocoracaodemaria\/servico-de-convivencia-e-fortalecimento-de-vinculos-de-06-a-15-anos\/#primaryimage","url":"https:\/\/redeicm.org.br\/institutocoracaodemaria\/wp-content\/uploads\/sites\/14\/2025\/03\/IMG_20250318_084649-scaled.jpg","contentUrl":"https:\/\/redeicm.org.br\/institutocoracaodemaria\/wp-content\/uploads\/sites\/14\/2025\/03\/IMG_20250318_084649-scaled.jpg","width":2560,"height":1440},{"@type":"BreadcrumbList","@id":"https:\/\/redeicm.org.br\/institutocoracaodemaria\/servico-de-convivencia-e-fortalecimento-de-vinculos-de-06-a-15-anos\/#breadcrumb","itemListElement":[{"@type":"ListItem","position":1,"name":"In\u00edcio","item":"https:\/\/redeicm.org.br\/institutocoracaodemaria\/"},{"@type":"ListItem","position":2,"name":"Servi\u00e7o de Conviv\u00eancia e Fortalecimento de V\u00ednculos de 06 a 15 anos"}]},{"@type":"WebSite","@id":"https:\/\/redeicm.org.br\/institutocoracaodemaria\/#website","url":"https:\/\/redeicm.org.br\/institutocoracaodemaria\/","name":"Instituto Cora\u00e7\u00e3o de Maria | Rede ICM de Educa\u00e7\u00e3o e Assist\u00eancia Social","description":"Servi\u00e7o Socioassistencial que atende crian\u00e7as e adolescentes de 06 a 15 anos em contra turno escolar.","publisher":{"@id":"https:\/\/redeicm.org.br\/institutocoracaodemaria\/#organization"},"potentialAction":[{"@type":"SearchAction","target":{"@type":"EntryPoint","urlTemplate":"https:\/\/redeicm.org.br\/institutocoracaodemaria\/?s={search_term_string}"},"query-input":{"@type":"PropertyValueSpecification","valueRequired":true,"valueName":"search_term_string"}}],"inLanguage":"pt-BR"},{"@type":"Organization","@id":"https:\/\/redeicm.org.br\/institutocoracaodemaria\/#organization","name":"Instituto Cora\u00e7\u00e3o de Maria | Rede ICM de Educa\u00e7\u00e3o e Assist\u00eancia Social","url":"https:\/\/redeicm.org.br\/institutocoracaodemaria\/","logo":{"@type":"ImageObject","inLanguage":"pt-BR","@id":"https:\/\/redeicm.org.br\/institutocoracaodemaria\/#\/schema\/logo\/image\/","url":"https:\/\/redeicm.org.br\/institutocoracaodemaria\/wp-content\/uploads\/sites\/14\/2024\/08\/ICM_Socio_ImaculadoCoracao_preferencial-1024x385-1.png","contentUrl":"https:\/\/redeicm.org.br\/institutocoracaodemaria\/wp-content\/uploads\/sites\/14\/2024\/08\/ICM_Socio_ImaculadoCoracao_preferencial-1024x385-1.png","width":1024,"height":385,"caption":"Instituto Cora\u00e7\u00e3o de Maria | Rede ICM de Educa\u00e7\u00e3o e Assist\u00eancia Social"},"image":{"@id":"https:\/\/redeicm.org.br\/institutocoracaodemaria\/#\/schema\/logo\/image\/"}}]}},"_links":{"self":[{"href":"https:\/\/redeicm.org.br\/institutocoracaodemaria\/wp-json\/wp\/v2\/pages\/289","targetHints":{"allow":["GET"]}}],"collection":[{"href":"https:\/\/redeicm.org.br\/institutocoracaodemaria\/wp-json\/wp\/v2\/pages"}],"about":[{"href":"https:\/\/redeicm.org.br\/institutocoracaodemaria\/wp-json\/wp\/v2\/types\/page"}],"author":[{"embeddable":true,"href":"https:\/\/redeicm.org.br\/institutocoracaodemaria\/wp-json\/wp\/v2\/users\/1"}],"replies":[{"embeddable":true,"href":"https:\/\/redeicm.org.br\/institutocoracaodemaria\/wp-json\/wp\/v2\/comments?post=289"}],"version-history":[{"count":24,"href":"https:\/\/redeicm.org.br\/institutocoracaodemaria\/wp-json\/wp\/v2\/pages\/289\/revisions"}],"predecessor-version":[{"id":933,"href":"https:\/\/redeicm.org.br\/institutocoracaodemaria\/wp-json\/wp\/v2\/pages\/289\/revisions\/933"}],"wp:featuredmedia":[{"embeddable":true,"href":"https:\/\/redeicm.org.br\/institutocoracaodemaria\/wp-json\/wp\/v2\/media\/572"}],"wp:attachment":[{"href":"https:\/\/redeicm.org.br\/institutocoracaodemaria\/wp-json\/wp\/v2\/media?parent=289"}],"curies":[{"name":"wp","href":"https:\/\/api.w.org\/{rel}","templated":true}]}}