{"id":281,"date":"2024-09-07T17:10:20","date_gmt":"2024-09-07T20:10:20","guid":{"rendered":"https:\/\/redeicm.org.br\/institutocoracaodemaria\/?page_id=281"},"modified":"2025-03-11T17:03:46","modified_gmt":"2025-03-11T20:03:46","slug":"certificado-de-entidade-beneficente-de-assistencia-social","status":"publish","type":"page","link":"https:\/\/redeicm.org.br\/institutocoracaodemaria\/certificado-de-entidade-beneficente-de-assistencia-social\/","title":{"rendered":"CERTIFICADO DE ENTIDADE BENEFICENTE DE ASSIST\u00caNCIA SOCIAL"},"content":{"rendered":"\t\t<div data-elementor-type=\"wp-page\" data-elementor-id=\"281\" class=\"elementor elementor-281\" data-elementor-post-type=\"page\">\n\t\t\t\t<div class=\"elementor-element elementor-element-7d9f9446 e-flex e-con-boxed e-con e-parent\" data-id=\"7d9f9446\" data-element_type=\"container\" data-e-type=\"container\" data-settings=\"{&quot;background_background&quot;:&quot;classic&quot;}\">\n\t\t\t\t\t<div class=\"e-con-inner\">\n\t\t\t\t<div class=\"elementor-element elementor-element-2fb7211d elementor-widget elementor-widget-heading\" data-id=\"2fb7211d\" data-element_type=\"widget\" data-e-type=\"widget\" data-widget_type=\"heading.default\">\n\t\t\t\t<div class=\"elementor-widget-container\">\n\t\t\t\t\t<h1 class=\"elementor-heading-title elementor-size-default\">CERTIFICADO DE ENTIDADE BENEFICENTE DE ASSIST\u00caNCIA SOCIAL<\/h1>\t\t\t\t<\/div>\n\t\t\t\t<\/div>\n\t\t\t\t\t<\/div>\n\t\t\t\t<\/div>\n\t\t<div class=\"elementor-element elementor-element-3bc92487 e-con-full e-flex e-con e-parent\" data-id=\"3bc92487\" data-element_type=\"container\" data-e-type=\"container\">\n\t\t<div class=\"elementor-element elementor-element-31cd7a96 e-flex e-con-boxed e-con e-child\" data-id=\"31cd7a96\" data-element_type=\"container\" data-e-type=\"container\">\n\t\t\t\t\t<div class=\"e-con-inner\">\n\t\t\t\t<div class=\"elementor-element elementor-element-d7c463a elementor-widget elementor-widget-image\" data-id=\"d7c463a\" data-element_type=\"widget\" data-e-type=\"widget\" data-widget_type=\"image.default\">\n\t\t\t\t<div class=\"elementor-widget-container\">\n\t\t\t\t\t\t\t\t\t\t\t\t\t\t\t<img fetchpriority=\"high\" decoding=\"async\" width=\"800\" height=\"562\" src=\"https:\/\/redeicm.org.br\/institutocoracaodemaria\/wp-content\/uploads\/sites\/14\/2024\/09\/Entidade-Beneficiente-1024x719-1.png\" class=\"attachment-large size-large wp-image-285\" alt=\"\" srcset=\"https:\/\/redeicm.org.br\/institutocoracaodemaria\/wp-content\/uploads\/sites\/14\/2024\/09\/Entidade-Beneficiente-1024x719-1.png 1024w, https:\/\/redeicm.org.br\/institutocoracaodemaria\/wp-content\/uploads\/sites\/14\/2024\/09\/Entidade-Beneficiente-1024x719-1-300x211.png 300w, https:\/\/redeicm.org.br\/institutocoracaodemaria\/wp-content\/uploads\/sites\/14\/2024\/09\/Entidade-Beneficiente-1024x719-1-768x539.png 768w\" sizes=\"(max-width: 800px) 100vw, 800px\" \/>\t\t\t\t\t\t\t\t\t\t\t\t\t\t\t<\/div>\n\t\t\t\t<\/div>\n\t\t\t\t\t<\/div>\n\t\t\t\t<\/div>\n\t\t\t\t<\/div>\n\t\t\t\t<\/div>\n\t\t","protected":false},"excerpt":{"rendered":"","protected":false},"author":1,"featured_media":561,"parent":0,"menu_order":0,"comment_status":"closed","ping_status":"closed","template":"","meta":{"_acf_changed":false,"footnotes":""},"class_list":["post-281","page","type-page","status-publish","has-post-thumbnail","hentry"],"acf":[],"yoast_head":"<!-- This site is optimized with the Yoast SEO plugin v26.3 - https:\/\/yoast.com\/wordpress\/plugins\/seo\/ -->\n<title>CERTIFICADO DE ENTIDADE BENEFICENTE DE ASSIST\u00caNCIA SOCIAL - Instituto Cora\u00e7\u00e3o de Maria | Rede ICM de Educa\u00e7\u00e3o e Assist\u00eancia Social<\/title>\n<meta name=\"robots\" content=\"index, follow, max-snippet:-1, max-image-preview:large, max-video-preview:-1\" \/>\n<link rel=\"canonical\" href=\"https:\/\/redeicm.org.br\/institutocoracaodemaria\/certificado-de-entidade-beneficente-de-assistencia-social\/\" \/>\n<meta property=\"og:locale\" content=\"pt_BR\" \/>\n<meta property=\"og:type\" content=\"article\" \/>\n<meta property=\"og:title\" content=\"CERTIFICADO DE ENTIDADE BENEFICENTE DE ASSIST\u00caNCIA SOCIAL - Instituto Cora\u00e7\u00e3o de Maria | Rede ICM de Educa\u00e7\u00e3o e Assist\u00eancia Social\" \/>\n<meta property=\"og:url\" content=\"https:\/\/redeicm.org.br\/institutocoracaodemaria\/certificado-de-entidade-beneficente-de-assistencia-social\/\" \/>\n<meta property=\"og:site_name\" content=\"Instituto Cora\u00e7\u00e3o de Maria | Rede ICM de Educa\u00e7\u00e3o e Assist\u00eancia Social\" \/>\n<meta property=\"article:modified_time\" content=\"2025-03-11T20:03:46+00:00\" \/>\n<meta name=\"twitter:card\" content=\"summary_large_image\" \/>\n<meta name=\"twitter:label1\" content=\"Est. tempo de leitura\" \/>\n\t<meta name=\"twitter:data1\" content=\"1 minuto\" \/>\n<script type=\"application\/ld+json\" class=\"yoast-schema-graph\">{\"@context\":\"https:\/\/schema.org\",\"@graph\":[{\"@type\":\"WebPage\",\"@id\":\"https:\/\/redeicm.org.br\/institutocoracaodemaria\/certificado-de-entidade-beneficente-de-assistencia-social\/\",\"url\":\"https:\/\/redeicm.org.br\/institutocoracaodemaria\/certificado-de-entidade-beneficente-de-assistencia-social\/\",\"name\":\"CERTIFICADO DE ENTIDADE BENEFICENTE DE ASSIST\u00caNCIA SOCIAL - Instituto Cora\u00e7\u00e3o de Maria | Rede ICM de Educa\u00e7\u00e3o e Assist\u00eancia Social\",\"isPartOf\":{\"@id\":\"https:\/\/redeicm.org.br\/institutocoracaodemaria\/#website\"},\"primaryImageOfPage\":{\"@id\":\"https:\/\/redeicm.org.br\/institutocoracaodemaria\/certificado-de-entidade-beneficente-de-assistencia-social\/#primaryimage\"},\"image\":{\"@id\":\"https:\/\/redeicm.org.br\/institutocoracaodemaria\/certificado-de-entidade-beneficente-de-assistencia-social\/#primaryimage\"},\"thumbnailUrl\":\"https:\/\/redeicm.org.br\/institutocoracaodemaria\/wp-content\/uploads\/sites\/14\/2025\/03\/CMAS-2024-pdf.jpg\",\"datePublished\":\"2024-09-07T20:10:20+00:00\",\"dateModified\":\"2025-03-11T20:03:46+00:00\",\"breadcrumb\":{\"@id\":\"https:\/\/redeicm.org.br\/institutocoracaodemaria\/certificado-de-entidade-beneficente-de-assistencia-social\/#breadcrumb\"},\"inLanguage\":\"pt-BR\",\"potentialAction\":[{\"@type\":\"ReadAction\",\"target\":[\"https:\/\/redeicm.org.br\/institutocoracaodemaria\/certificado-de-entidade-beneficente-de-assistencia-social\/\"]}]},{\"@type\":\"ImageObject\",\"inLanguage\":\"pt-BR\",\"@id\":\"https:\/\/redeicm.org.br\/institutocoracaodemaria\/certificado-de-entidade-beneficente-de-assistencia-social\/#primaryimage\",\"url\":\"https:\/\/redeicm.org.br\/institutocoracaodemaria\/wp-content\/uploads\/sites\/14\/2025\/03\/CMAS-2024-pdf.jpg\",\"contentUrl\":\"https:\/\/redeicm.org.br\/institutocoracaodemaria\/wp-content\/uploads\/sites\/14\/2025\/03\/CMAS-2024-pdf.jpg\"},{\"@type\":\"BreadcrumbList\",\"@id\":\"https:\/\/redeicm.org.br\/institutocoracaodemaria\/certificado-de-entidade-beneficente-de-assistencia-social\/#breadcrumb\",\"itemListElement\":[{\"@type\":\"ListItem\",\"position\":1,\"name\":\"In\u00edcio\",\"item\":\"https:\/\/redeicm.org.br\/institutocoracaodemaria\/\"},{\"@type\":\"ListItem\",\"position\":2,\"name\":\"CERTIFICADO DE ENTIDADE BENEFICENTE DE ASSIST\u00caNCIA SOCIAL\"}]},{\"@type\":\"WebSite\",\"@id\":\"https:\/\/redeicm.org.br\/institutocoracaodemaria\/#website\",\"url\":\"https:\/\/redeicm.org.br\/institutocoracaodemaria\/\",\"name\":\"Instituto Cora\u00e7\u00e3o de Maria | Rede ICM de Educa\u00e7\u00e3o e Assist\u00eancia Social\",\"description\":\"Servi\u00e7o Socioassistencial que atende crian\u00e7as e adolescentes de 06 a 15 anos em contra turno escolar.\",\"publisher\":{\"@id\":\"https:\/\/redeicm.org.br\/institutocoracaodemaria\/#organization\"},\"potentialAction\":[{\"@type\":\"SearchAction\",\"target\":{\"@type\":\"EntryPoint\",\"urlTemplate\":\"https:\/\/redeicm.org.br\/institutocoracaodemaria\/?s={search_term_string}\"},\"query-input\":{\"@type\":\"PropertyValueSpecification\",\"valueRequired\":true,\"valueName\":\"search_term_string\"}}],\"inLanguage\":\"pt-BR\"},{\"@type\":\"Organization\",\"@id\":\"https:\/\/redeicm.org.br\/institutocoracaodemaria\/#organization\",\"name\":\"Instituto Cora\u00e7\u00e3o de Maria | Rede ICM de Educa\u00e7\u00e3o e Assist\u00eancia Social\",\"url\":\"https:\/\/redeicm.org.br\/institutocoracaodemaria\/\",\"logo\":{\"@type\":\"ImageObject\",\"inLanguage\":\"pt-BR\",\"@id\":\"https:\/\/redeicm.org.br\/institutocoracaodemaria\/#\/schema\/logo\/image\/\",\"url\":\"https:\/\/redeicm.org.br\/institutocoracaodemaria\/wp-content\/uploads\/sites\/14\/2024\/08\/ICM_Socio_ImaculadoCoracao_preferencial-1024x385-1.png\",\"contentUrl\":\"https:\/\/redeicm.org.br\/institutocoracaodemaria\/wp-content\/uploads\/sites\/14\/2024\/08\/ICM_Socio_ImaculadoCoracao_preferencial-1024x385-1.png\",\"width\":1024,\"height\":385,\"caption\":\"Instituto Cora\u00e7\u00e3o de Maria | Rede ICM de Educa\u00e7\u00e3o e Assist\u00eancia Social\"},\"image\":{\"@id\":\"https:\/\/redeicm.org.br\/institutocoracaodemaria\/#\/schema\/logo\/image\/\"}}]}<\/script>\n<!-- \/ Yoast SEO plugin. -->","yoast_head_json":{"title":"CERTIFICADO DE ENTIDADE BENEFICENTE DE ASSIST\u00caNCIA SOCIAL - Instituto Cora\u00e7\u00e3o de Maria | Rede ICM de Educa\u00e7\u00e3o e Assist\u00eancia Social","robots":{"index":"index","follow":"follow","max-snippet":"max-snippet:-1","max-image-preview":"max-image-preview:large","max-video-preview":"max-video-preview:-1"},"canonical":"https:\/\/redeicm.org.br\/institutocoracaodemaria\/certificado-de-entidade-beneficente-de-assistencia-social\/","og_locale":"pt_BR","og_type":"article","og_title":"CERTIFICADO DE ENTIDADE BENEFICENTE DE ASSIST\u00caNCIA SOCIAL - Instituto Cora\u00e7\u00e3o de Maria | Rede ICM de Educa\u00e7\u00e3o e Assist\u00eancia Social","og_url":"https:\/\/redeicm.org.br\/institutocoracaodemaria\/certificado-de-entidade-beneficente-de-assistencia-social\/","og_site_name":"Instituto Cora\u00e7\u00e3o de Maria | Rede ICM de Educa\u00e7\u00e3o e Assist\u00eancia Social","article_modified_time":"2025-03-11T20:03:46+00:00","twitter_card":"summary_large_image","twitter_misc":{"Est. tempo de leitura":"1 minuto"},"schema":{"@context":"https:\/\/schema.org","@graph":[{"@type":"WebPage","@id":"https:\/\/redeicm.org.br\/institutocoracaodemaria\/certificado-de-entidade-beneficente-de-assistencia-social\/","url":"https:\/\/redeicm.org.br\/institutocoracaodemaria\/certificado-de-entidade-beneficente-de-assistencia-social\/","name":"CERTIFICADO DE ENTIDADE BENEFICENTE DE ASSIST\u00caNCIA SOCIAL - Instituto Cora\u00e7\u00e3o de Maria | Rede ICM de Educa\u00e7\u00e3o e Assist\u00eancia Social","isPartOf":{"@id":"https:\/\/redeicm.org.br\/institutocoracaodemaria\/#website"},"primaryImageOfPage":{"@id":"https:\/\/redeicm.org.br\/institutocoracaodemaria\/certificado-de-entidade-beneficente-de-assistencia-social\/#primaryimage"},"image":{"@id":"https:\/\/redeicm.org.br\/institutocoracaodemaria\/certificado-de-entidade-beneficente-de-assistencia-social\/#primaryimage"},"thumbnailUrl":"https:\/\/redeicm.org.br\/institutocoracaodemaria\/wp-content\/uploads\/sites\/14\/2025\/03\/CMAS-2024-pdf.jpg","datePublished":"2024-09-07T20:10:20+00:00","dateModified":"2025-03-11T20:03:46+00:00","breadcrumb":{"@id":"https:\/\/redeicm.org.br\/institutocoracaodemaria\/certificado-de-entidade-beneficente-de-assistencia-social\/#breadcrumb"},"inLanguage":"pt-BR","potentialAction":[{"@type":"ReadAction","target":["https:\/\/redeicm.org.br\/institutocoracaodemaria\/certificado-de-entidade-beneficente-de-assistencia-social\/"]}]},{"@type":"ImageObject","inLanguage":"pt-BR","@id":"https:\/\/redeicm.org.br\/institutocoracaodemaria\/certificado-de-entidade-beneficente-de-assistencia-social\/#primaryimage","url":"https:\/\/redeicm.org.br\/institutocoracaodemaria\/wp-content\/uploads\/sites\/14\/2025\/03\/CMAS-2024-pdf.jpg","contentUrl":"https:\/\/redeicm.org.br\/institutocoracaodemaria\/wp-content\/uploads\/sites\/14\/2025\/03\/CMAS-2024-pdf.jpg"},{"@type":"BreadcrumbList","@id":"https:\/\/redeicm.org.br\/institutocoracaodemaria\/certificado-de-entidade-beneficente-de-assistencia-social\/#breadcrumb","itemListElement":[{"@type":"ListItem","position":1,"name":"In\u00edcio","item":"https:\/\/redeicm.org.br\/institutocoracaodemaria\/"},{"@type":"ListItem","position":2,"name":"CERTIFICADO DE ENTIDADE BENEFICENTE DE ASSIST\u00caNCIA SOCIAL"}]},{"@type":"WebSite","@id":"https:\/\/redeicm.org.br\/institutocoracaodemaria\/#website","url":"https:\/\/redeicm.org.br\/institutocoracaodemaria\/","name":"Instituto Cora\u00e7\u00e3o de Maria | Rede ICM de Educa\u00e7\u00e3o e Assist\u00eancia Social","description":"Servi\u00e7o Socioassistencial que atende crian\u00e7as e adolescentes de 06 a 15 anos em contra turno escolar.","publisher":{"@id":"https:\/\/redeicm.org.br\/institutocoracaodemaria\/#organization"},"potentialAction":[{"@type":"SearchAction","target":{"@type":"EntryPoint","urlTemplate":"https:\/\/redeicm.org.br\/institutocoracaodemaria\/?s={search_term_string}"},"query-input":{"@type":"PropertyValueSpecification","valueRequired":true,"valueName":"search_term_string"}}],"inLanguage":"pt-BR"},{"@type":"Organization","@id":"https:\/\/redeicm.org.br\/institutocoracaodemaria\/#organization","name":"Instituto Cora\u00e7\u00e3o de Maria | Rede ICM de Educa\u00e7\u00e3o e Assist\u00eancia Social","url":"https:\/\/redeicm.org.br\/institutocoracaodemaria\/","logo":{"@type":"ImageObject","inLanguage":"pt-BR","@id":"https:\/\/redeicm.org.br\/institutocoracaodemaria\/#\/schema\/logo\/image\/","url":"https:\/\/redeicm.org.br\/institutocoracaodemaria\/wp-content\/uploads\/sites\/14\/2024\/08\/ICM_Socio_ImaculadoCoracao_preferencial-1024x385-1.png","contentUrl":"https:\/\/redeicm.org.br\/institutocoracaodemaria\/wp-content\/uploads\/sites\/14\/2024\/08\/ICM_Socio_ImaculadoCoracao_preferencial-1024x385-1.png","width":1024,"height":385,"caption":"Instituto Cora\u00e7\u00e3o de Maria | Rede ICM de Educa\u00e7\u00e3o e Assist\u00eancia Social"},"image":{"@id":"https:\/\/redeicm.org.br\/institutocoracaodemaria\/#\/schema\/logo\/image\/"}}]}},"_links":{"self":[{"href":"https:\/\/redeicm.org.br\/institutocoracaodemaria\/wp-json\/wp\/v2\/pages\/281","targetHints":{"allow":["GET"]}}],"collection":[{"href":"https:\/\/redeicm.org.br\/institutocoracaodemaria\/wp-json\/wp\/v2\/pages"}],"about":[{"href":"https:\/\/redeicm.org.br\/institutocoracaodemaria\/wp-json\/wp\/v2\/types\/page"}],"author":[{"embeddable":true,"href":"https:\/\/redeicm.org.br\/institutocoracaodemaria\/wp-json\/wp\/v2\/users\/1"}],"replies":[{"embeddable":true,"href":"https:\/\/redeicm.org.br\/institutocoracaodemaria\/wp-json\/wp\/v2\/comments?post=281"}],"version-history":[{"count":0,"href":"https:\/\/redeicm.org.br\/institutocoracaodemaria\/wp-json\/wp\/v2\/pages\/281\/revisions"}],"wp:featuredmedia":[{"embeddable":true,"href":"https:\/\/redeicm.org.br\/institutocoracaodemaria\/wp-json\/wp\/v2\/media\/561"}],"wp:attachment":[{"href":"https:\/\/redeicm.org.br\/institutocoracaodemaria\/wp-json\/wp\/v2\/media?parent=281"}],"curies":[{"name":"wp","href":"https:\/\/api.w.org\/{rel}","templated":true}]}}