{"id":473,"date":"2024-08-29T11:15:30","date_gmt":"2024-08-29T14:15:30","guid":{"rendered":"https:\/\/redeicm.org.br\/imaculadaconceicao\/?page_id=473"},"modified":"2025-09-01T10:35:22","modified_gmt":"2025-09-01T13:35:22","slug":"bolsa-de-estudos","status":"publish","type":"page","link":"https:\/\/redeicm.org.br\/imaculadaconceicao\/bolsa-de-estudos\/","title":{"rendered":"Bolsa de Estudos &#8211; 2025"},"content":{"rendered":"\t\t<div data-elementor-type=\"wp-page\" data-elementor-id=\"473\" class=\"elementor elementor-473\" data-elementor-post-type=\"page\">\n\t\t\t\t<div class=\"elementor-element elementor-element-c9ca82c e-con-full e-flex e-con e-parent\" data-id=\"c9ca82c\" data-element_type=\"container\" data-e-type=\"container\">\n\t\t<div class=\"elementor-element elementor-element-25c2076 e-flex e-con-boxed e-con e-child\" data-id=\"25c2076\" data-element_type=\"container\" data-e-type=\"container\">\n\t\t\t\t\t<div class=\"e-con-inner\">\n\t\t\t\t<div class=\"elementor-element elementor-element-8249359 elementor-widget elementor-widget-image\" data-id=\"8249359\" data-element_type=\"widget\" data-e-type=\"widget\" data-widget_type=\"image.default\">\n\t\t\t\t<div class=\"elementor-widget-container\">\n\t\t\t\t\t\t\t\t\t\t\t\t\t\t\t<img decoding=\"async\" src=\"https:\/\/redeicm.org.br\/imaculadaconceicao\/wp-content\/uploads\/sites\/12\/elementor\/thumbs\/Capa-bolsa-r8k2x460v4vhu7j0cr5mtcopy5u0tjijrs0qjfksje.jpg\" title=\"Capa-bolsa\" alt=\"Capa-bolsa\" loading=\"lazy\" \/>\t\t\t\t\t\t\t\t\t\t\t\t\t\t\t<\/div>\n\t\t\t\t<\/div>\n\t\t\t\t\t<\/div>\n\t\t\t\t<\/div>\n\t\t\t\t<\/div>\n\t\t<div class=\"elementor-element elementor-element-9220213 e-flex e-con-boxed e-con e-parent\" data-id=\"9220213\" data-element_type=\"container\" data-e-type=\"container\">\n\t\t\t\t\t<div class=\"e-con-inner\">\n\t\t\t\t<div class=\"elementor-element elementor-element-8b32ed7 elementor-widget elementor-widget-text-editor\" data-id=\"8b32ed7\" data-element_type=\"widget\" data-e-type=\"widget\" data-widget_type=\"text-editor.default\">\n\t\t\t\t<div class=\"elementor-widget-container\">\n\t\t\t\t\t\t\t\t\t<div class=\"flex-shrink-0 flex flex-col relative items-end\"><div class=\"pt-0\"><div class=\"gizmo-bot-avatar flex h-8 w-8 items-center justify-center overflow-hidden rounded-full\"><div class=\"relative p-1 rounded-sm flex items-center justify-center bg-token-main-surface-primary text-token-text-primary h-8 w-8\">A Rede ICM oferece anualmente um n\u00famero limitado de bolsas de estudo, que inicialmente s\u00e3o destinadas aos alunos j\u00e1 bolsistas para renova\u00e7\u00e3o. Caso haja bolsas dispon\u00edveis ap\u00f3s esse processo, elas s\u00e3o ent\u00e3o oferecidas \u00e0 comunidade em geral. A sele\u00e7\u00e3o \u00e9 feita com base na renda per capita das fam\u00edlias.<\/div><\/div><\/div><\/div><div class=\"group\/conversation-turn relative flex w-full min-w-0 flex-col agent-turn\"><div class=\"flex-col gap-1 md:gap-3\"><div class=\"flex max-w-full flex-col flex-grow\"><div class=\"min-h-[20px] text-message flex w-full flex-col items-end gap-2 break-words [.text-message+&amp;]:mt-5 overflow-x-auto whitespace-normal\" dir=\"auto\" data-message-author-role=\"assistant\" data-message-id=\"c9aa48f4-a36f-4255-be58-a7adc0377684\"><div class=\"flex w-full flex-col gap-1 empty:hidden first:pt-[3px]\"><div class=\"markdown prose w-full break-words dark:prose-invert light\"><p><strong>O edital referente \u00e0s bolsas de 2025 j\u00e1 est\u00e1 dispon\u00edvel.<\/strong>\u00a0Clique no link abaixo para mais informa\u00e7\u00f5es e garantir sua participa\u00e7\u00e3o no processo de sele\u00e7\u00e3o.<\/p><\/div><\/div><\/div><\/div><\/div><\/div>\t\t\t\t\t\t\t\t<\/div>\n\t\t\t\t<\/div>\n\t\t\t\t\t<\/div>\n\t\t\t\t<\/div>\n\t\t<div class=\"elementor-element elementor-element-ad170f1 e-flex e-con-boxed e-con e-parent\" data-id=\"ad170f1\" data-element_type=\"container\" data-e-type=\"container\">\n\t\t\t\t\t<div class=\"e-con-inner\">\n\t\t\t\t<div class=\"elementor-element elementor-element-c2157af elementor-widget elementor-widget-button\" data-id=\"c2157af\" data-element_type=\"widget\" data-e-type=\"widget\" data-widget_type=\"button.default\">\n\t\t\t\t<div class=\"elementor-widget-container\">\n\t\t\t\t\t\t\t\t\t<div class=\"elementor-button-wrapper\">\n\t\t\t\t\t<a class=\"elementor-button elementor-button-link elementor-size-sm\" href=\"https:\/\/redeicm.org.br\/imaculadaconceicao\/wp-content\/uploads\/sites\/12\/2025\/07\/EDITAL-BOLSAS-2025.pdf\" target=\"_blank\">\n\t\t\t\t\t\t<span class=\"elementor-button-content-wrapper\">\n\t\t\t\t\t\t\t\t\t<span class=\"elementor-button-text\">EDITAL BOLSAS 2025 - CLIQUE AQUI<\/span>\n\t\t\t\t\t<\/span>\n\t\t\t\t\t<\/a>\n\t\t\t\t<\/div>\n\t\t\t\t\t\t\t\t<\/div>\n\t\t\t\t<\/div>\n\t\t\t\t\t<\/div>\n\t\t\t\t<\/div>\n\t\t<div class=\"elementor-element elementor-element-6cb30c8 e-flex e-con-boxed e-con e-parent\" data-id=\"6cb30c8\" data-element_type=\"container\" data-e-type=\"container\">\n\t\t\t\t\t<div class=\"e-con-inner\">\n\t\t\t\t<div class=\"elementor-element elementor-element-b9e83d3 elementor-widget elementor-widget-text-editor\" data-id=\"b9e83d3\" data-element_type=\"widget\" data-e-type=\"widget\" data-widget_type=\"text-editor.default\">\n\t\t\t\t<div class=\"elementor-widget-container\">\n\t\t\t\t\t\t\t\t\t<p><span style=\"color: #333333;, sans-serif;font-size: 18px\">Confira os crit\u00e9rios e prazos para se candidatar!<\/span><\/p>\t\t\t\t\t\t\t\t<\/div>\n\t\t\t\t<\/div>\n\t\t\t\t\t<\/div>\n\t\t\t\t<\/div>\n\t\t<div class=\"elementor-element elementor-element-4bb0268 e-flex e-con-boxed e-con e-parent\" data-id=\"4bb0268\" data-element_type=\"container\" data-e-type=\"container\">\n\t\t\t\t\t<div class=\"e-con-inner\">\n\t\t\t\t<div class=\"elementor-element elementor-element-db9ab72 elementor-widget elementor-widget-image\" data-id=\"db9ab72\" data-element_type=\"widget\" data-e-type=\"widget\" data-widget_type=\"image.default\">\n\t\t\t\t<div class=\"elementor-widget-container\">\n\t\t\t\t\t\t\t\t\t\t\t\t\t\t\t<img decoding=\"async\" src=\"https:\/\/redeicm.org.br\/imaculadaconceicao\/wp-content\/uploads\/sites\/12\/elementor\/thumbs\/Capa-complemento-r8k2x4627tbfpzq2xsvo1y2hrf9u0eqr7svkzdv4tc.jpg\" title=\"Capa-complemento\" alt=\"Capa-complemento\" loading=\"lazy\" \/>\t\t\t\t\t\t\t\t\t\t\t\t\t\t\t<\/div>\n\t\t\t\t<\/div>\n\t\t\t\t\t<\/div>\n\t\t\t\t<\/div>\n\t\t<div class=\"elementor-element elementor-element-b67ed15 e-flex e-con-boxed e-con e-parent\" data-id=\"b67ed15\" data-element_type=\"container\" data-e-type=\"container\">\n\t\t\t\t\t<div class=\"e-con-inner\">\n\t\t\t\t<div class=\"elementor-element elementor-element-0d65462 elementor-widget elementor-widget-text-editor\" data-id=\"0d65462\" data-element_type=\"widget\" data-e-type=\"widget\" data-widget_type=\"text-editor.default\">\n\t\t\t\t<div class=\"elementor-widget-container\">\n\t\t\t\t\t\t\t\t\t<p style=\"margin: 0px 0px 1.5rem;color: #333333;, sans-serif;font-size: 18px\" data-start=\"0\" data-end=\"47\">\ud83d\udce2\u00a0<strong style=\"font-weight: bold\" data-start=\"3\" data-end=\"42\">NOVAS BOLSAS INTEGRAIS DISPON\u00cdVEIS!<\/strong>\u00a0\ud83c\udf93<\/p><p style=\"margin: 0px 0px 1.5rem;color: #333333;, sans-serif;font-size: 18px\" data-start=\"49\" data-end=\"228\">O\u00a0<strong style=\"font-weight: bold\" data-start=\"51\" data-end=\"63\">Col\u00e9gio Imaculada Concei\u00e7\u00e3o<\/strong>\u00a0acaba de publicar uma\u00a0<strong style=\"font-weight: bold\" data-start=\"86\" data-end=\"111\">Portaria Complementar<\/strong>\u00a0ampliando a oferta de bolsas de estudo para 2025! Agora, mais\u00a0<strong style=\"font-weight: bold\" data-start=\"174\" data-end=\"207\">5 vagas para bolsas integrais<\/strong>\u00a0est\u00e3o dispon\u00edveis.<\/p><p style=\"margin: 0px 0px 1.5rem;color: #333333;, sans-serif;font-size: 18px\" data-start=\"230\" data-end=\"349\">A sele\u00e7\u00e3o continua sendo baseada na\u00a0<strong style=\"font-weight: bold\" data-start=\"266\" data-end=\"299\">renda per capita das fam\u00edlias<\/strong>, conforme os crit\u00e9rios estabelecidos no edital.<\/p><p style=\"margin: 0px 0px 1.5rem;color: #333333;, sans-serif;font-size: 18px\" data-start=\"351\" data-end=\"476\">\ud83d\udccc\u00a0<strong style=\"font-weight: bold\" data-start=\"354\" data-end=\"380\">N\u00e3o perca essa chance!<\/strong><br data-start=\"380\" data-end=\"383\" \/>Acesse a Portaria Complementar e confira todos os detalhes sobre a candidatura e os prazos.<\/p>\t\t\t\t\t\t\t\t<\/div>\n\t\t\t\t<\/div>\n\t\t\t\t<div class=\"elementor-element elementor-element-5bfb7a8 elementor-widget elementor-widget-button\" data-id=\"5bfb7a8\" data-element_type=\"widget\" data-e-type=\"widget\" data-widget_type=\"button.default\">\n\t\t\t\t<div class=\"elementor-widget-container\">\n\t\t\t\t\t\t\t\t\t<div class=\"elementor-button-wrapper\">\n\t\t\t\t\t<a class=\"elementor-button elementor-button-link elementor-size-sm\" href=\"https:\/\/redeicm.org.br\/imaculadaconceicao\/wp-content\/uploads\/sites\/12\/2025\/07\/Portaria-Complementar-Bolsas_2025.pdf\" target=\"_blank\">\n\t\t\t\t\t\t<span class=\"elementor-button-content-wrapper\">\n\t\t\t\t\t\t\t\t\t<span class=\"elementor-button-text\">PORTARIA COMPLEMENTAR 2025<\/span>\n\t\t\t\t\t<\/span>\n\t\t\t\t\t<\/a>\n\t\t\t\t<\/div>\n\t\t\t\t\t\t\t\t<\/div>\n\t\t\t\t<\/div>\n\t\t\t\t\t<\/div>\n\t\t\t\t<\/div>\n\t\t<div class=\"elementor-element elementor-element-80f4fc7 e-flex e-con-boxed e-con e-parent\" data-id=\"80f4fc7\" data-element_type=\"container\" data-e-type=\"container\">\n\t\t\t\t\t<div class=\"e-con-inner\">\n\t\t\t\t<div class=\"elementor-element elementor-element-edb90ad elementor-widget elementor-widget-text-editor\" data-id=\"edb90ad\" data-element_type=\"widget\" data-e-type=\"widget\" data-widget_type=\"text-editor.default\">\n\t\t\t\t<div class=\"elementor-widget-container\">\n\t\t\t\t\t\t\t\t\t<p><span style=\"color: #333333;, sans-serif;font-size: 18px\">Garanta sua participa\u00e7\u00e3o no processo seletivo! \ud83d\ude09<\/span><\/p>\t\t\t\t\t\t\t\t<\/div>\n\t\t\t\t<\/div>\n\t\t\t\t\t<\/div>\n\t\t\t\t<\/div>\n\t\t\t\t<\/div>\n\t\t","protected":false},"excerpt":{"rendered":"<p>A Rede ICM oferece anualmente um n\u00famero limitado de bolsas de estudo, que inicialmente s\u00e3o destinadas aos alunos j\u00e1 bolsistas para renova\u00e7\u00e3o. Caso haja bolsas dispon\u00edveis ap\u00f3s esse processo, elas s\u00e3o ent\u00e3o oferecidas \u00e0 comunidade em geral. A sele\u00e7\u00e3o \u00e9 feita com base na renda per capita das fam\u00edlias. O edital referente \u00e0s bolsas de [&hellip;]<\/p>\n","protected":false},"author":1,"featured_media":113,"parent":0,"menu_order":0,"comment_status":"closed","ping_status":"closed","template":"","meta":{"_acf_changed":false,"footnotes":""},"class_list":["post-473","page","type-page","status-publish","has-post-thumbnail","hentry"],"acf":[],"yoast_head":"<!-- This site is optimized with the Yoast SEO plugin v26.3 - https:\/\/yoast.com\/wordpress\/plugins\/seo\/ -->\n<title>Bolsa de Estudos - 2025 - Col\u00e9gio Imaculada Concei\u00e7\u00e3o | Rede ICM de educa\u00e7\u00e3o<\/title>\n<meta name=\"robots\" content=\"index, follow, max-snippet:-1, max-image-preview:large, max-video-preview:-1\" \/>\n<link rel=\"canonical\" href=\"https:\/\/redeicm.org.br\/imaculadaconceicao\/bolsa-de-estudos\/\" \/>\n<meta property=\"og:locale\" content=\"pt_BR\" \/>\n<meta property=\"og:type\" content=\"article\" \/>\n<meta property=\"og:title\" content=\"Bolsa de Estudos - 2025 - Col\u00e9gio Imaculada Concei\u00e7\u00e3o | Rede ICM de educa\u00e7\u00e3o\" \/>\n<meta property=\"og:description\" content=\"A Rede ICM oferece anualmente um n\u00famero limitado de bolsas de estudo, que inicialmente s\u00e3o destinadas aos alunos j\u00e1 bolsistas para renova\u00e7\u00e3o. Caso haja bolsas dispon\u00edveis ap\u00f3s esse processo, elas s\u00e3o ent\u00e3o oferecidas \u00e0 comunidade em geral. A sele\u00e7\u00e3o \u00e9 feita com base na renda per capita das fam\u00edlias. O edital referente \u00e0s bolsas de [&hellip;]\" \/>\n<meta property=\"og:url\" content=\"https:\/\/redeicm.org.br\/imaculadaconceicao\/bolsa-de-estudos\/\" \/>\n<meta property=\"og:site_name\" content=\"Col\u00e9gio Imaculada Concei\u00e7\u00e3o | Rede ICM de educa\u00e7\u00e3o\" \/>\n<meta property=\"article:modified_time\" content=\"2025-09-01T13:35:22+00:00\" \/>\n<meta property=\"og:image\" content=\"https:\/\/redeicm.org.br\/imaculadaconceicao\/wp-content\/uploads\/sites\/12\/2024\/08\/banner-ensino-fundamental-finais.jpg\" \/>\n\t<meta property=\"og:image:width\" content=\"1440\" \/>\n\t<meta property=\"og:image:height\" content=\"401\" \/>\n\t<meta property=\"og:image:type\" content=\"image\/jpeg\" \/>\n<meta name=\"twitter:card\" content=\"summary_large_image\" \/>\n<meta name=\"twitter:label1\" content=\"Est. tempo de leitura\" \/>\n\t<meta name=\"twitter:data1\" content=\"2 minutos\" \/>\n<script type=\"application\/ld+json\" class=\"yoast-schema-graph\">{\"@context\":\"https:\/\/schema.org\",\"@graph\":[{\"@type\":\"WebPage\",\"@id\":\"https:\/\/redeicm.org.br\/imaculadaconceicao\/bolsa-de-estudos\/\",\"url\":\"https:\/\/redeicm.org.br\/imaculadaconceicao\/bolsa-de-estudos\/\",\"name\":\"Bolsa de Estudos - 2025 - Col\u00e9gio Imaculada Concei\u00e7\u00e3o | Rede ICM de educa\u00e7\u00e3o\",\"isPartOf\":{\"@id\":\"https:\/\/redeicm.org.br\/imaculadaconceicao\/#website\"},\"primaryImageOfPage\":{\"@id\":\"https:\/\/redeicm.org.br\/imaculadaconceicao\/bolsa-de-estudos\/#primaryimage\"},\"image\":{\"@id\":\"https:\/\/redeicm.org.br\/imaculadaconceicao\/bolsa-de-estudos\/#primaryimage\"},\"thumbnailUrl\":\"https:\/\/redeicm.org.br\/imaculadaconceicao\/wp-content\/uploads\/sites\/12\/2024\/08\/banner-ensino-fundamental-finais.jpg\",\"datePublished\":\"2024-08-29T14:15:30+00:00\",\"dateModified\":\"2025-09-01T13:35:22+00:00\",\"breadcrumb\":{\"@id\":\"https:\/\/redeicm.org.br\/imaculadaconceicao\/bolsa-de-estudos\/#breadcrumb\"},\"inLanguage\":\"pt-BR\",\"potentialAction\":[{\"@type\":\"ReadAction\",\"target\":[\"https:\/\/redeicm.org.br\/imaculadaconceicao\/bolsa-de-estudos\/\"]}]},{\"@type\":\"ImageObject\",\"inLanguage\":\"pt-BR\",\"@id\":\"https:\/\/redeicm.org.br\/imaculadaconceicao\/bolsa-de-estudos\/#primaryimage\",\"url\":\"https:\/\/redeicm.org.br\/imaculadaconceicao\/wp-content\/uploads\/sites\/12\/2024\/08\/banner-ensino-fundamental-finais.jpg\",\"contentUrl\":\"https:\/\/redeicm.org.br\/imaculadaconceicao\/wp-content\/uploads\/sites\/12\/2024\/08\/banner-ensino-fundamental-finais.jpg\",\"width\":1440,\"height\":401},{\"@type\":\"BreadcrumbList\",\"@id\":\"https:\/\/redeicm.org.br\/imaculadaconceicao\/bolsa-de-estudos\/#breadcrumb\",\"itemListElement\":[{\"@type\":\"ListItem\",\"position\":1,\"name\":\"In\u00edcio\",\"item\":\"https:\/\/redeicm.org.br\/imaculadaconceicao\/\"},{\"@type\":\"ListItem\",\"position\":2,\"name\":\"Bolsa de Estudos &#8211; 2025\"}]},{\"@type\":\"WebSite\",\"@id\":\"https:\/\/redeicm.org.br\/imaculadaconceicao\/#website\",\"url\":\"https:\/\/redeicm.org.br\/imaculadaconceicao\/\",\"name\":\"Col\u00e9gio Imaculada Concei\u00e7\u00e3o | Rede ICM de educa\u00e7\u00e3o\",\"description\":\"\",\"publisher\":{\"@id\":\"https:\/\/redeicm.org.br\/imaculadaconceicao\/#organization\"},\"potentialAction\":[{\"@type\":\"SearchAction\",\"target\":{\"@type\":\"EntryPoint\",\"urlTemplate\":\"https:\/\/redeicm.org.br\/imaculadaconceicao\/?s={search_term_string}\"},\"query-input\":{\"@type\":\"PropertyValueSpecification\",\"valueRequired\":true,\"valueName\":\"search_term_string\"}}],\"inLanguage\":\"pt-BR\"},{\"@type\":\"Organization\",\"@id\":\"https:\/\/redeicm.org.br\/imaculadaconceicao\/#organization\",\"name\":\"Col\u00e9gio Imaculada Concei\u00e7\u00e3o | Rede ICM de educa\u00e7\u00e3o\",\"url\":\"https:\/\/redeicm.org.br\/imaculadaconceicao\/\",\"logo\":{\"@type\":\"ImageObject\",\"inLanguage\":\"pt-BR\",\"@id\":\"https:\/\/redeicm.org.br\/imaculadaconceicao\/#\/schema\/logo\/image\/\",\"url\":\"https:\/\/redeicm.org.br\/imaculadaconceicao\/wp-content\/uploads\/sites\/12\/2024\/08\/ICM_Educacao_Imaculada_Conceicao_Preferencial_Cores-1024x263-1.png\",\"contentUrl\":\"https:\/\/redeicm.org.br\/imaculadaconceicao\/wp-content\/uploads\/sites\/12\/2024\/08\/ICM_Educacao_Imaculada_Conceicao_Preferencial_Cores-1024x263-1.png\",\"width\":1024,\"height\":263,\"caption\":\"Col\u00e9gio Imaculada Concei\u00e7\u00e3o | Rede ICM de educa\u00e7\u00e3o\"},\"image\":{\"@id\":\"https:\/\/redeicm.org.br\/imaculadaconceicao\/#\/schema\/logo\/image\/\"}}]}<\/script>\n<!-- \/ Yoast SEO plugin. -->","yoast_head_json":{"title":"Bolsa de Estudos - 2025 - Col\u00e9gio Imaculada Concei\u00e7\u00e3o | Rede ICM de educa\u00e7\u00e3o","robots":{"index":"index","follow":"follow","max-snippet":"max-snippet:-1","max-image-preview":"max-image-preview:large","max-video-preview":"max-video-preview:-1"},"canonical":"https:\/\/redeicm.org.br\/imaculadaconceicao\/bolsa-de-estudos\/","og_locale":"pt_BR","og_type":"article","og_title":"Bolsa de Estudos - 2025 - Col\u00e9gio Imaculada Concei\u00e7\u00e3o | Rede ICM de educa\u00e7\u00e3o","og_description":"A Rede ICM oferece anualmente um n\u00famero limitado de bolsas de estudo, que inicialmente s\u00e3o destinadas aos alunos j\u00e1 bolsistas para renova\u00e7\u00e3o. Caso haja bolsas dispon\u00edveis ap\u00f3s esse processo, elas s\u00e3o ent\u00e3o oferecidas \u00e0 comunidade em geral. A sele\u00e7\u00e3o \u00e9 feita com base na renda per capita das fam\u00edlias. O edital referente \u00e0s bolsas de [&hellip;]","og_url":"https:\/\/redeicm.org.br\/imaculadaconceicao\/bolsa-de-estudos\/","og_site_name":"Col\u00e9gio Imaculada Concei\u00e7\u00e3o | Rede ICM de educa\u00e7\u00e3o","article_modified_time":"2025-09-01T13:35:22+00:00","og_image":[{"width":1440,"height":401,"url":"https:\/\/redeicm.org.br\/imaculadaconceicao\/wp-content\/uploads\/sites\/12\/2024\/08\/banner-ensino-fundamental-finais.jpg","type":"image\/jpeg"}],"twitter_card":"summary_large_image","twitter_misc":{"Est. tempo de leitura":"2 minutos"},"schema":{"@context":"https:\/\/schema.org","@graph":[{"@type":"WebPage","@id":"https:\/\/redeicm.org.br\/imaculadaconceicao\/bolsa-de-estudos\/","url":"https:\/\/redeicm.org.br\/imaculadaconceicao\/bolsa-de-estudos\/","name":"Bolsa de Estudos - 2025 - Col\u00e9gio Imaculada Concei\u00e7\u00e3o | Rede ICM de educa\u00e7\u00e3o","isPartOf":{"@id":"https:\/\/redeicm.org.br\/imaculadaconceicao\/#website"},"primaryImageOfPage":{"@id":"https:\/\/redeicm.org.br\/imaculadaconceicao\/bolsa-de-estudos\/#primaryimage"},"image":{"@id":"https:\/\/redeicm.org.br\/imaculadaconceicao\/bolsa-de-estudos\/#primaryimage"},"thumbnailUrl":"https:\/\/redeicm.org.br\/imaculadaconceicao\/wp-content\/uploads\/sites\/12\/2024\/08\/banner-ensino-fundamental-finais.jpg","datePublished":"2024-08-29T14:15:30+00:00","dateModified":"2025-09-01T13:35:22+00:00","breadcrumb":{"@id":"https:\/\/redeicm.org.br\/imaculadaconceicao\/bolsa-de-estudos\/#breadcrumb"},"inLanguage":"pt-BR","potentialAction":[{"@type":"ReadAction","target":["https:\/\/redeicm.org.br\/imaculadaconceicao\/bolsa-de-estudos\/"]}]},{"@type":"ImageObject","inLanguage":"pt-BR","@id":"https:\/\/redeicm.org.br\/imaculadaconceicao\/bolsa-de-estudos\/#primaryimage","url":"https:\/\/redeicm.org.br\/imaculadaconceicao\/wp-content\/uploads\/sites\/12\/2024\/08\/banner-ensino-fundamental-finais.jpg","contentUrl":"https:\/\/redeicm.org.br\/imaculadaconceicao\/wp-content\/uploads\/sites\/12\/2024\/08\/banner-ensino-fundamental-finais.jpg","width":1440,"height":401},{"@type":"BreadcrumbList","@id":"https:\/\/redeicm.org.br\/imaculadaconceicao\/bolsa-de-estudos\/#breadcrumb","itemListElement":[{"@type":"ListItem","position":1,"name":"In\u00edcio","item":"https:\/\/redeicm.org.br\/imaculadaconceicao\/"},{"@type":"ListItem","position":2,"name":"Bolsa de Estudos &#8211; 2025"}]},{"@type":"WebSite","@id":"https:\/\/redeicm.org.br\/imaculadaconceicao\/#website","url":"https:\/\/redeicm.org.br\/imaculadaconceicao\/","name":"Col\u00e9gio Imaculada Concei\u00e7\u00e3o | Rede ICM de educa\u00e7\u00e3o","description":"","publisher":{"@id":"https:\/\/redeicm.org.br\/imaculadaconceicao\/#organization"},"potentialAction":[{"@type":"SearchAction","target":{"@type":"EntryPoint","urlTemplate":"https:\/\/redeicm.org.br\/imaculadaconceicao\/?s={search_term_string}"},"query-input":{"@type":"PropertyValueSpecification","valueRequired":true,"valueName":"search_term_string"}}],"inLanguage":"pt-BR"},{"@type":"Organization","@id":"https:\/\/redeicm.org.br\/imaculadaconceicao\/#organization","name":"Col\u00e9gio Imaculada Concei\u00e7\u00e3o | Rede ICM de educa\u00e7\u00e3o","url":"https:\/\/redeicm.org.br\/imaculadaconceicao\/","logo":{"@type":"ImageObject","inLanguage":"pt-BR","@id":"https:\/\/redeicm.org.br\/imaculadaconceicao\/#\/schema\/logo\/image\/","url":"https:\/\/redeicm.org.br\/imaculadaconceicao\/wp-content\/uploads\/sites\/12\/2024\/08\/ICM_Educacao_Imaculada_Conceicao_Preferencial_Cores-1024x263-1.png","contentUrl":"https:\/\/redeicm.org.br\/imaculadaconceicao\/wp-content\/uploads\/sites\/12\/2024\/08\/ICM_Educacao_Imaculada_Conceicao_Preferencial_Cores-1024x263-1.png","width":1024,"height":263,"caption":"Col\u00e9gio Imaculada Concei\u00e7\u00e3o | Rede ICM de educa\u00e7\u00e3o"},"image":{"@id":"https:\/\/redeicm.org.br\/imaculadaconceicao\/#\/schema\/logo\/image\/"}}]}},"_links":{"self":[{"href":"https:\/\/redeicm.org.br\/imaculadaconceicao\/wp-json\/wp\/v2\/pages\/473","targetHints":{"allow":["GET"]}}],"collection":[{"href":"https:\/\/redeicm.org.br\/imaculadaconceicao\/wp-json\/wp\/v2\/pages"}],"about":[{"href":"https:\/\/redeicm.org.br\/imaculadaconceicao\/wp-json\/wp\/v2\/types\/page"}],"author":[{"embeddable":true,"href":"https:\/\/redeicm.org.br\/imaculadaconceicao\/wp-json\/wp\/v2\/users\/1"}],"replies":[{"embeddable":true,"href":"https:\/\/redeicm.org.br\/imaculadaconceicao\/wp-json\/wp\/v2\/comments?post=473"}],"version-history":[{"count":10,"href":"https:\/\/redeicm.org.br\/imaculadaconceicao\/wp-json\/wp\/v2\/pages\/473\/revisions"}],"predecessor-version":[{"id":2971,"href":"https:\/\/redeicm.org.br\/imaculadaconceicao\/wp-json\/wp\/v2\/pages\/473\/revisions\/2971"}],"wp:featuredmedia":[{"embeddable":true,"href":"https:\/\/redeicm.org.br\/imaculadaconceicao\/wp-json\/wp\/v2\/media\/113"}],"wp:attachment":[{"href":"https:\/\/redeicm.org.br\/imaculadaconceicao\/wp-json\/wp\/v2\/media?parent=473"}],"curies":[{"name":"wp","href":"https:\/\/api.w.org\/{rel}","templated":true}]}}