{"id":3755,"date":"2026-02-12T10:37:32","date_gmt":"2026-02-12T13:37:32","guid":{"rendered":"https:\/\/redeicm.org.br\/imaculadaconceicao\/?page_id=3755"},"modified":"2026-02-25T22:30:01","modified_gmt":"2026-02-26T01:30:01","slug":"feicic-2026","status":"publish","type":"page","link":"https:\/\/redeicm.org.br\/imaculadaconceicao\/feicic-2026\/","title":{"rendered":"12\u00aa FEICIC &#8211; 2026"},"content":{"rendered":"\t\t<div data-elementor-type=\"wp-page\" data-elementor-id=\"3755\" class=\"elementor elementor-3755\" data-elementor-post-type=\"page\">\n\t\t\t\t<div class=\"elementor-element elementor-element-367a85e7 e-flex e-con-boxed e-con e-parent\" data-id=\"367a85e7\" data-element_type=\"container\" data-e-type=\"container\">\n\t\t\t\t\t<div class=\"e-con-inner\">\n\t\t\t\t<div class=\"elementor-element elementor-element-72428c16 elementor-widget elementor-widget-text-editor\" data-id=\"72428c16\" data-element_type=\"widget\" data-e-type=\"widget\" data-widget_type=\"text-editor.default\">\n\t\t\t\t<div class=\"elementor-widget-container\">\n\t\t\t\t\t\t\t\t\t<h1>\u00a0<\/h1><h1 style=\"text-align: center\"><a href=\"https:\/\/drive.google.com\/file\/d\/1L5OJyAY6LzNy5k32YwGkL0HDwMFj85NN\/view?usp=drive_link\"><strong>REGULAMENTO GERAL<\/strong><\/a><\/h1><h3 style=\"text-align: center\"><a href=\"https:\/\/forms.gle\/GEotf6B7eA3LF6eC6\">FORMUL\u00c1RIO DE PR\u00c9-INSCRI\u00c7\u00c3O<\/a><\/h3><h3 style=\"text-align: center\">FORMUL\u00c1RIO DE INSCRI\u00c7\u00c3O (ANOS FINAIS)<\/h3><h3 style=\"text-align: center\">ENVIO DO LINK DO V\u00cdDEO<\/h3><h3 style=\"text-align: center\">ENVIO DO RELAT\u00d3RIO DE PESQUISA E BANNER<\/h3><h3 style=\"text-align: center\">\u00a0<\/h3><h3 style=\"text-align: center\">\u00a0<\/h3><h3 style=\"text-align: center\"><strong>ORIENTA\u00c7\u00d5ES:<\/strong><\/h3><h3 style=\"text-align: center\"><a href=\"https:\/\/drive.google.com\/file\/d\/1Ax8_iErqfmj0sfiVTwOfHmJiKdPa9FmX\/view?usp=drive_link\">ORIENTA\u00c7\u00d5ES SOBRE O RELAT\u00d3RIO DE PESQUISA<\/a><\/h3><h3 style=\"text-align: center\"><a href=\"https:\/\/drive.google.com\/file\/d\/1SGGqyilUfVheiZsmCGxZFeFJSKpsChQs\/view?usp=drive_link\">ORIENTA\u00c7\u00d5ES SOBRE O BANNER<\/a><\/h3><h3 style=\"text-align: center\"><a href=\"https:\/\/drive.google.com\/file\/d\/1-evc8fcsatTG8dXD8qHfIWS-_Qz5g14J\/view?usp=drive_link\">ORIENTA\u00c7\u00d5ES SOBRE O CADERNO DE CAMPO<\/a><\/h3><h3 style=\"text-align: center\"><a href=\"https:\/\/drive.google.com\/file\/d\/1IA9KGfRnKf4_EJQGG2MXHJt_uP5pARNX\/view?usp=drive_link\">ORIENTA\u00c7\u00d5ES SOBRE O V\u00cdDEO<\/a><\/h3><h3 style=\"text-align: center\"><a href=\"https:\/\/drive.google.com\/file\/d\/1vQ-W8MoYptn89rmp50z6J7NTvS9AgLky\/view?usp=drive_link\">ORIENTA\u00c7\u00d5ES PARA APRESENTA\u00c7\u00c3O<\/a><\/h3><h3>\u00a0<\/h3><h3 style=\"text-align: center\"><strong>MODELOS:<\/strong><\/h3><h3 style=\"text-align: center\"><a href=\"https:\/\/drive.google.com\/file\/d\/1tWQKe1HruePxmncXilKMtSm6LSudZuFp\/view?usp=drive_link\">MODELO DE RELAT\u00d3RIO DE PESQUISA<\/a><\/h3><h3 style=\"text-align: center\"><a href=\"https:\/\/drive.google.com\/file\/d\/1G2xaX9I8yubIPcPKsLEwDRymv4KTLEA4\/view?usp=drive_link\">MODELO DE BANNER<\/a><\/h3><p>\u00a0<\/p>\t\t\t\t\t\t\t\t<\/div>\n\t\t\t\t<\/div>\n\t\t\t\t\t<\/div>\n\t\t\t\t<\/div>\n\t\t\t\t<\/div>\n\t\t","protected":false},"excerpt":{"rendered":"<p>\u00a0 REGULAMENTO GERAL FORMUL\u00c1RIO DE PR\u00c9-INSCRI\u00c7\u00c3O FORMUL\u00c1RIO DE INSCRI\u00c7\u00c3O (ANOS FINAIS) ENVIO DO LINK DO V\u00cdDEO ENVIO DO RELAT\u00d3RIO DE PESQUISA E BANNER \u00a0 \u00a0 ORIENTA\u00c7\u00d5ES: ORIENTA\u00c7\u00d5ES SOBRE O RELAT\u00d3RIO DE PESQUISA ORIENTA\u00c7\u00d5ES SOBRE O BANNER ORIENTA\u00c7\u00d5ES SOBRE O CADERNO DE CAMPO ORIENTA\u00c7\u00d5ES SOBRE O V\u00cdDEO ORIENTA\u00c7\u00d5ES PARA APRESENTA\u00c7\u00c3O \u00a0 MODELOS: MODELO DE RELAT\u00d3RIO DE [&hellip;]<\/p>\n","protected":false},"author":20,"featured_media":0,"parent":0,"menu_order":0,"comment_status":"closed","ping_status":"closed","template":"","meta":{"_acf_changed":false,"footnotes":""},"class_list":["post-3755","page","type-page","status-publish","hentry"],"acf":[],"yoast_head":"<!-- This site is optimized with the Yoast SEO plugin v26.3 - https:\/\/yoast.com\/wordpress\/plugins\/seo\/ -->\n<title>12\u00aa FEICIC - 2026 - Col\u00e9gio Imaculada Concei\u00e7\u00e3o | Rede ICM de educa\u00e7\u00e3o<\/title>\n<meta name=\"robots\" content=\"index, follow, max-snippet:-1, max-image-preview:large, max-video-preview:-1\" \/>\n<link rel=\"canonical\" href=\"https:\/\/redeicm.org.br\/imaculadaconceicao\/feicic-2026\/\" \/>\n<meta property=\"og:locale\" content=\"pt_BR\" \/>\n<meta property=\"og:type\" content=\"article\" \/>\n<meta property=\"og:title\" content=\"12\u00aa FEICIC - 2026 - Col\u00e9gio Imaculada Concei\u00e7\u00e3o | Rede ICM de educa\u00e7\u00e3o\" \/>\n<meta property=\"og:description\" content=\"\u00a0 REGULAMENTO GERAL FORMUL\u00c1RIO DE PR\u00c9-INSCRI\u00c7\u00c3O FORMUL\u00c1RIO DE INSCRI\u00c7\u00c3O (ANOS FINAIS) ENVIO DO LINK DO V\u00cdDEO ENVIO DO RELAT\u00d3RIO DE PESQUISA E BANNER \u00a0 \u00a0 ORIENTA\u00c7\u00d5ES: ORIENTA\u00c7\u00d5ES SOBRE O RELAT\u00d3RIO DE PESQUISA ORIENTA\u00c7\u00d5ES SOBRE O BANNER ORIENTA\u00c7\u00d5ES SOBRE O CADERNO DE CAMPO ORIENTA\u00c7\u00d5ES SOBRE O V\u00cdDEO ORIENTA\u00c7\u00d5ES PARA APRESENTA\u00c7\u00c3O \u00a0 MODELOS: MODELO DE RELAT\u00d3RIO DE [&hellip;]\" \/>\n<meta property=\"og:url\" content=\"https:\/\/redeicm.org.br\/imaculadaconceicao\/feicic-2026\/\" \/>\n<meta property=\"og:site_name\" content=\"Col\u00e9gio Imaculada Concei\u00e7\u00e3o | Rede ICM de educa\u00e7\u00e3o\" \/>\n<meta property=\"article:modified_time\" content=\"2026-02-26T01:30:01+00:00\" \/>\n<meta name=\"twitter:card\" content=\"summary_large_image\" \/>\n<meta name=\"twitter:label1\" content=\"Est. tempo de leitura\" \/>\n\t<meta name=\"twitter:data1\" content=\"1 minuto\" \/>\n<script type=\"application\/ld+json\" class=\"yoast-schema-graph\">{\"@context\":\"https:\/\/schema.org\",\"@graph\":[{\"@type\":\"WebPage\",\"@id\":\"https:\/\/redeicm.org.br\/imaculadaconceicao\/feicic-2026\/\",\"url\":\"https:\/\/redeicm.org.br\/imaculadaconceicao\/feicic-2026\/\",\"name\":\"12\u00aa FEICIC - 2026 - Col\u00e9gio Imaculada Concei\u00e7\u00e3o | Rede ICM de educa\u00e7\u00e3o\",\"isPartOf\":{\"@id\":\"https:\/\/redeicm.org.br\/imaculadaconceicao\/#website\"},\"datePublished\":\"2026-02-12T13:37:32+00:00\",\"dateModified\":\"2026-02-26T01:30:01+00:00\",\"breadcrumb\":{\"@id\":\"https:\/\/redeicm.org.br\/imaculadaconceicao\/feicic-2026\/#breadcrumb\"},\"inLanguage\":\"pt-BR\",\"potentialAction\":[{\"@type\":\"ReadAction\",\"target\":[\"https:\/\/redeicm.org.br\/imaculadaconceicao\/feicic-2026\/\"]}]},{\"@type\":\"BreadcrumbList\",\"@id\":\"https:\/\/redeicm.org.br\/imaculadaconceicao\/feicic-2026\/#breadcrumb\",\"itemListElement\":[{\"@type\":\"ListItem\",\"position\":1,\"name\":\"In\u00edcio\",\"item\":\"https:\/\/redeicm.org.br\/imaculadaconceicao\/\"},{\"@type\":\"ListItem\",\"position\":2,\"name\":\"12\u00aa FEICIC &#8211; 2026\"}]},{\"@type\":\"WebSite\",\"@id\":\"https:\/\/redeicm.org.br\/imaculadaconceicao\/#website\",\"url\":\"https:\/\/redeicm.org.br\/imaculadaconceicao\/\",\"name\":\"Col\u00e9gio Imaculada Concei\u00e7\u00e3o | Rede ICM de educa\u00e7\u00e3o\",\"description\":\"\",\"publisher\":{\"@id\":\"https:\/\/redeicm.org.br\/imaculadaconceicao\/#organization\"},\"potentialAction\":[{\"@type\":\"SearchAction\",\"target\":{\"@type\":\"EntryPoint\",\"urlTemplate\":\"https:\/\/redeicm.org.br\/imaculadaconceicao\/?s={search_term_string}\"},\"query-input\":{\"@type\":\"PropertyValueSpecification\",\"valueRequired\":true,\"valueName\":\"search_term_string\"}}],\"inLanguage\":\"pt-BR\"},{\"@type\":\"Organization\",\"@id\":\"https:\/\/redeicm.org.br\/imaculadaconceicao\/#organization\",\"name\":\"Col\u00e9gio Imaculada Concei\u00e7\u00e3o | Rede ICM de educa\u00e7\u00e3o\",\"url\":\"https:\/\/redeicm.org.br\/imaculadaconceicao\/\",\"logo\":{\"@type\":\"ImageObject\",\"inLanguage\":\"pt-BR\",\"@id\":\"https:\/\/redeicm.org.br\/imaculadaconceicao\/#\/schema\/logo\/image\/\",\"url\":\"https:\/\/redeicm.org.br\/imaculadaconceicao\/wp-content\/uploads\/sites\/12\/2024\/08\/ICM_Educacao_Imaculada_Conceicao_Preferencial_Cores-1024x263-1.png\",\"contentUrl\":\"https:\/\/redeicm.org.br\/imaculadaconceicao\/wp-content\/uploads\/sites\/12\/2024\/08\/ICM_Educacao_Imaculada_Conceicao_Preferencial_Cores-1024x263-1.png\",\"width\":1024,\"height\":263,\"caption\":\"Col\u00e9gio Imaculada Concei\u00e7\u00e3o | Rede ICM de educa\u00e7\u00e3o\"},\"image\":{\"@id\":\"https:\/\/redeicm.org.br\/imaculadaconceicao\/#\/schema\/logo\/image\/\"}}]}<\/script>\n<!-- \/ Yoast SEO plugin. -->","yoast_head_json":{"title":"12\u00aa FEICIC - 2026 - Col\u00e9gio Imaculada Concei\u00e7\u00e3o | Rede ICM de educa\u00e7\u00e3o","robots":{"index":"index","follow":"follow","max-snippet":"max-snippet:-1","max-image-preview":"max-image-preview:large","max-video-preview":"max-video-preview:-1"},"canonical":"https:\/\/redeicm.org.br\/imaculadaconceicao\/feicic-2026\/","og_locale":"pt_BR","og_type":"article","og_title":"12\u00aa FEICIC - 2026 - Col\u00e9gio Imaculada Concei\u00e7\u00e3o | Rede ICM de educa\u00e7\u00e3o","og_description":"\u00a0 REGULAMENTO GERAL FORMUL\u00c1RIO DE PR\u00c9-INSCRI\u00c7\u00c3O FORMUL\u00c1RIO DE INSCRI\u00c7\u00c3O (ANOS FINAIS) ENVIO DO LINK DO V\u00cdDEO ENVIO DO RELAT\u00d3RIO DE PESQUISA E BANNER \u00a0 \u00a0 ORIENTA\u00c7\u00d5ES: ORIENTA\u00c7\u00d5ES SOBRE O RELAT\u00d3RIO DE PESQUISA ORIENTA\u00c7\u00d5ES SOBRE O BANNER ORIENTA\u00c7\u00d5ES SOBRE O CADERNO DE CAMPO ORIENTA\u00c7\u00d5ES SOBRE O V\u00cdDEO ORIENTA\u00c7\u00d5ES PARA APRESENTA\u00c7\u00c3O \u00a0 MODELOS: MODELO DE RELAT\u00d3RIO DE [&hellip;]","og_url":"https:\/\/redeicm.org.br\/imaculadaconceicao\/feicic-2026\/","og_site_name":"Col\u00e9gio Imaculada Concei\u00e7\u00e3o | Rede ICM de educa\u00e7\u00e3o","article_modified_time":"2026-02-26T01:30:01+00:00","twitter_card":"summary_large_image","twitter_misc":{"Est. tempo de leitura":"1 minuto"},"schema":{"@context":"https:\/\/schema.org","@graph":[{"@type":"WebPage","@id":"https:\/\/redeicm.org.br\/imaculadaconceicao\/feicic-2026\/","url":"https:\/\/redeicm.org.br\/imaculadaconceicao\/feicic-2026\/","name":"12\u00aa FEICIC - 2026 - Col\u00e9gio Imaculada Concei\u00e7\u00e3o | Rede ICM de educa\u00e7\u00e3o","isPartOf":{"@id":"https:\/\/redeicm.org.br\/imaculadaconceicao\/#website"},"datePublished":"2026-02-12T13:37:32+00:00","dateModified":"2026-02-26T01:30:01+00:00","breadcrumb":{"@id":"https:\/\/redeicm.org.br\/imaculadaconceicao\/feicic-2026\/#breadcrumb"},"inLanguage":"pt-BR","potentialAction":[{"@type":"ReadAction","target":["https:\/\/redeicm.org.br\/imaculadaconceicao\/feicic-2026\/"]}]},{"@type":"BreadcrumbList","@id":"https:\/\/redeicm.org.br\/imaculadaconceicao\/feicic-2026\/#breadcrumb","itemListElement":[{"@type":"ListItem","position":1,"name":"In\u00edcio","item":"https:\/\/redeicm.org.br\/imaculadaconceicao\/"},{"@type":"ListItem","position":2,"name":"12\u00aa FEICIC &#8211; 2026"}]},{"@type":"WebSite","@id":"https:\/\/redeicm.org.br\/imaculadaconceicao\/#website","url":"https:\/\/redeicm.org.br\/imaculadaconceicao\/","name":"Col\u00e9gio Imaculada Concei\u00e7\u00e3o | Rede ICM de educa\u00e7\u00e3o","description":"","publisher":{"@id":"https:\/\/redeicm.org.br\/imaculadaconceicao\/#organization"},"potentialAction":[{"@type":"SearchAction","target":{"@type":"EntryPoint","urlTemplate":"https:\/\/redeicm.org.br\/imaculadaconceicao\/?s={search_term_string}"},"query-input":{"@type":"PropertyValueSpecification","valueRequired":true,"valueName":"search_term_string"}}],"inLanguage":"pt-BR"},{"@type":"Organization","@id":"https:\/\/redeicm.org.br\/imaculadaconceicao\/#organization","name":"Col\u00e9gio Imaculada Concei\u00e7\u00e3o | Rede ICM de educa\u00e7\u00e3o","url":"https:\/\/redeicm.org.br\/imaculadaconceicao\/","logo":{"@type":"ImageObject","inLanguage":"pt-BR","@id":"https:\/\/redeicm.org.br\/imaculadaconceicao\/#\/schema\/logo\/image\/","url":"https:\/\/redeicm.org.br\/imaculadaconceicao\/wp-content\/uploads\/sites\/12\/2024\/08\/ICM_Educacao_Imaculada_Conceicao_Preferencial_Cores-1024x263-1.png","contentUrl":"https:\/\/redeicm.org.br\/imaculadaconceicao\/wp-content\/uploads\/sites\/12\/2024\/08\/ICM_Educacao_Imaculada_Conceicao_Preferencial_Cores-1024x263-1.png","width":1024,"height":263,"caption":"Col\u00e9gio Imaculada Concei\u00e7\u00e3o | Rede ICM de educa\u00e7\u00e3o"},"image":{"@id":"https:\/\/redeicm.org.br\/imaculadaconceicao\/#\/schema\/logo\/image\/"}}]}},"_links":{"self":[{"href":"https:\/\/redeicm.org.br\/imaculadaconceicao\/wp-json\/wp\/v2\/pages\/3755","targetHints":{"allow":["GET"]}}],"collection":[{"href":"https:\/\/redeicm.org.br\/imaculadaconceicao\/wp-json\/wp\/v2\/pages"}],"about":[{"href":"https:\/\/redeicm.org.br\/imaculadaconceicao\/wp-json\/wp\/v2\/types\/page"}],"author":[{"embeddable":true,"href":"https:\/\/redeicm.org.br\/imaculadaconceicao\/wp-json\/wp\/v2\/users\/20"}],"replies":[{"embeddable":true,"href":"https:\/\/redeicm.org.br\/imaculadaconceicao\/wp-json\/wp\/v2\/comments?post=3755"}],"version-history":[{"count":28,"href":"https:\/\/redeicm.org.br\/imaculadaconceicao\/wp-json\/wp\/v2\/pages\/3755\/revisions"}],"predecessor-version":[{"id":3916,"href":"https:\/\/redeicm.org.br\/imaculadaconceicao\/wp-json\/wp\/v2\/pages\/3755\/revisions\/3916"}],"wp:attachment":[{"href":"https:\/\/redeicm.org.br\/imaculadaconceicao\/wp-json\/wp\/v2\/media?parent=3755"}],"curies":[{"name":"wp","href":"https:\/\/api.w.org\/{rel}","templated":true}]}}