{"id":366,"date":"2024-08-21T12:22:30","date_gmt":"2024-08-21T15:22:30","guid":{"rendered":"https:\/\/redeicm.org.br\/imaculadaconceicao\/?page_id=366"},"modified":"2026-03-06T10:40:31","modified_gmt":"2026-03-06T13:40:31","slug":"feicic","status":"publish","type":"page","link":"https:\/\/redeicm.org.br\/imaculadaconceicao\/feicic\/","title":{"rendered":"FEICIC"},"content":{"rendered":"\t\t<div data-elementor-type=\"wp-page\" data-elementor-id=\"366\" class=\"elementor elementor-366\" data-elementor-post-type=\"page\">\n\t\t\t\t<div class=\"elementor-element elementor-element-2e1666d e-flex e-con-boxed e-con e-parent\" data-id=\"2e1666d\" data-element_type=\"container\" data-e-type=\"container\" data-settings=\"{&quot;background_background&quot;:&quot;classic&quot;}\">\n\t\t\t\t\t<div class=\"e-con-inner\">\n\t\t\t\t<div class=\"elementor-element elementor-element-234d142 elementor-widget elementor-widget-heading\" data-id=\"234d142\" data-element_type=\"widget\" data-e-type=\"widget\" data-widget_type=\"heading.default\">\n\t\t\t\t<div class=\"elementor-widget-container\">\n\t\t\t\t\t<h2 class=\"elementor-heading-title elementor-size-default\">FEICIC<\/h2>\t\t\t\t<\/div>\n\t\t\t\t<\/div>\n\t\t\t\t\t<\/div>\n\t\t\t\t<\/div>\n\t\t<div class=\"elementor-element elementor-element-b177c55 e-flex e-con-boxed e-con e-parent\" data-id=\"b177c55\" data-element_type=\"container\" data-e-type=\"container\" data-settings=\"{&quot;background_background&quot;:&quot;classic&quot;}\">\n\t\t\t\t\t<div class=\"e-con-inner\">\n\t\t\t\t<div class=\"elementor-element elementor-element-836c785 elementor-widget elementor-widget-heading\" data-id=\"836c785\" data-element_type=\"widget\" data-e-type=\"widget\" data-widget_type=\"heading.default\">\n\t\t\t\t<div class=\"elementor-widget-container\">\n\t\t\t\t\t<h2 class=\"elementor-heading-title elementor-size-default\"><a href=\"https:\/\/redeicm.org.br\/imaculadaconceicao\/feicic-2026\/\">12\u00aa FEICIC \u2013 2026<\/a><\/h2>\t\t\t\t<\/div>\n\t\t\t\t<\/div>\n\t\t\t\t\t<\/div>\n\t\t\t\t<\/div>\n\t\t<div class=\"elementor-element elementor-element-54d5f95 e-flex e-con-boxed e-con e-parent\" data-id=\"54d5f95\" data-element_type=\"container\" data-e-type=\"container\">\n\t\t\t\t\t<div class=\"e-con-inner\">\n\t\t\t\t<div class=\"elementor-element elementor-element-d25c12e elementor-widget elementor-widget-heading\" data-id=\"d25c12e\" data-element_type=\"widget\" data-e-type=\"widget\" data-widget_type=\"heading.default\">\n\t\t\t\t<div class=\"elementor-widget-container\">\n\t\t\t\t\t<h2 class=\"elementor-heading-title elementor-size-default\"> Edi\u00e7\u00f5es anteriores:<\/h2>\t\t\t\t<\/div>\n\t\t\t\t<\/div>\n\t\t<div class=\"elementor-element elementor-element-1f753b1 e-con-full e-flex e-con e-child\" data-id=\"1f753b1\" data-element_type=\"container\" data-e-type=\"container\">\n\t\t\t\t<div class=\"elementor-element elementor-element-595c3b7 elementor-widget elementor-widget-button\" data-id=\"595c3b7\" data-element_type=\"widget\" data-e-type=\"widget\" data-widget_type=\"button.default\">\n\t\t\t\t<div class=\"elementor-widget-container\">\n\t\t\t\t\t\t\t\t\t<div class=\"elementor-button-wrapper\">\n\t\t\t\t\t<a class=\"elementor-button elementor-button-link elementor-size-sm\" href=\"https:\/\/redeicm.org.br\/imaculadaconceicao\/11a-feira-de-iniciacao-cientifica-do-colegio-imaculada-conceicao\/\">\n\t\t\t\t\t\t<span class=\"elementor-button-content-wrapper\">\n\t\t\t\t\t\t\t\t\t<span class=\"elementor-button-text\">11\u00aa FEICIC \u2013 2025<\/span>\n\t\t\t\t\t<\/span>\n\t\t\t\t\t<\/a>\n\t\t\t\t<\/div>\n\t\t\t\t\t\t\t\t<\/div>\n\t\t\t\t<\/div>\n\t\t\t\t<div class=\"elementor-element elementor-element-3432e4c elementor-widget elementor-widget-button\" data-id=\"3432e4c\" data-element_type=\"widget\" data-e-type=\"widget\" data-widget_type=\"button.default\">\n\t\t\t\t<div class=\"elementor-widget-container\">\n\t\t\t\t\t\t\t\t\t<div class=\"elementor-button-wrapper\">\n\t\t\t\t\t<a class=\"elementor-button elementor-button-link elementor-size-sm\" href=\"https:\/\/redeicm.org.br\/imaculadaconceicao\/10a-feicic-2024\/\">\n\t\t\t\t\t\t<span class=\"elementor-button-content-wrapper\">\n\t\t\t\t\t\t\t\t\t<span class=\"elementor-button-text\">10\u00aa FEICIC \u2013 2024<\/span>\n\t\t\t\t\t<\/span>\n\t\t\t\t\t<\/a>\n\t\t\t\t<\/div>\n\t\t\t\t\t\t\t\t<\/div>\n\t\t\t\t<\/div>\n\t\t\t\t<div class=\"elementor-element elementor-element-63b6abd elementor-widget elementor-widget-button\" data-id=\"63b6abd\" data-element_type=\"widget\" data-e-type=\"widget\" data-widget_type=\"button.default\">\n\t\t\t\t<div class=\"elementor-widget-container\">\n\t\t\t\t\t\t\t\t\t<div class=\"elementor-button-wrapper\">\n\t\t\t\t\t<a class=\"elementor-button elementor-button-link elementor-size-sm\" href=\"https:\/\/redeicm.org.br\/imaculadaconceicao\/9a-feicic-2023\/\">\n\t\t\t\t\t\t<span class=\"elementor-button-content-wrapper\">\n\t\t\t\t\t\t\t\t\t<span class=\"elementor-button-text\">9\u00aa FEICIC \u2013 2023<\/span>\n\t\t\t\t\t<\/span>\n\t\t\t\t\t<\/a>\n\t\t\t\t<\/div>\n\t\t\t\t\t\t\t\t<\/div>\n\t\t\t\t<\/div>\n\t\t\t\t<div class=\"elementor-element elementor-element-6f37204 elementor-widget elementor-widget-button\" data-id=\"6f37204\" data-element_type=\"widget\" data-e-type=\"widget\" data-widget_type=\"button.default\">\n\t\t\t\t<div class=\"elementor-widget-container\">\n\t\t\t\t\t\t\t\t\t<div class=\"elementor-button-wrapper\">\n\t\t\t\t\t<a class=\"elementor-button elementor-button-link elementor-size-sm\" href=\"https:\/\/redeicm.org.br\/imaculadaconceicao\/8a-feicic\/\">\n\t\t\t\t\t\t<span class=\"elementor-button-content-wrapper\">\n\t\t\t\t\t\t\t\t\t<span class=\"elementor-button-text\">8\u00aa FEICIC \u2013 2022<\/span>\n\t\t\t\t\t<\/span>\n\t\t\t\t\t<\/a>\n\t\t\t\t<\/div>\n\t\t\t\t\t\t\t\t<\/div>\n\t\t\t\t<\/div>\n\t\t\t\t<div class=\"elementor-element elementor-element-e212ce3 elementor-widget elementor-widget-button\" data-id=\"e212ce3\" data-element_type=\"widget\" data-e-type=\"widget\" data-widget_type=\"button.default\">\n\t\t\t\t<div class=\"elementor-widget-container\">\n\t\t\t\t\t\t\t\t\t<div class=\"elementor-button-wrapper\">\n\t\t\t\t\t<a class=\"elementor-button elementor-button-link elementor-size-sm\" href=\"https:\/\/redeicm.org.br\/imaculadaconceicao\/7a-feicic-do-imaculada-conceicao\/\">\n\t\t\t\t\t\t<span class=\"elementor-button-content-wrapper\">\n\t\t\t\t\t\t\t\t\t<span class=\"elementor-button-text\">7\u00aa FEICIC \u2013 2021<\/span>\n\t\t\t\t\t<\/span>\n\t\t\t\t\t<\/a>\n\t\t\t\t<\/div>\n\t\t\t\t\t\t\t\t<\/div>\n\t\t\t\t<\/div>\n\t\t\t\t<div class=\"elementor-element elementor-element-741e574 elementor-widget elementor-widget-button\" data-id=\"741e574\" data-element_type=\"widget\" data-e-type=\"widget\" data-widget_type=\"button.default\">\n\t\t\t\t<div class=\"elementor-widget-container\">\n\t\t\t\t\t\t\t\t\t<div class=\"elementor-button-wrapper\">\n\t\t\t\t\t<a class=\"elementor-button elementor-button-link elementor-size-sm\" href=\"https:\/\/redeicm.org.br\/imaculadaconceicao\/colegio-imaculada-conceicao-conquista-premio-na-35a-mostratec\/\">\n\t\t\t\t\t\t<span class=\"elementor-button-content-wrapper\">\n\t\t\t\t\t\t\t\t\t<span class=\"elementor-button-text\">FEICIC \u2013 2020<\/span>\n\t\t\t\t\t<\/span>\n\t\t\t\t\t<\/a>\n\t\t\t\t<\/div>\n\t\t\t\t\t\t\t\t<\/div>\n\t\t\t\t<\/div>\n\t\t\t\t<div class=\"elementor-element elementor-element-fe135a4 elementor-widget elementor-widget-button\" data-id=\"fe135a4\" data-element_type=\"widget\" data-e-type=\"widget\" data-widget_type=\"button.default\">\n\t\t\t\t<div class=\"elementor-widget-container\">\n\t\t\t\t\t\t\t\t\t<div class=\"elementor-button-wrapper\">\n\t\t\t\t\t<a class=\"elementor-button elementor-button-link elementor-size-sm\" href=\"https:\/\/redeicm.org.br\/imaculadaconceicao\/feicic-premiacao-2019\/\">\n\t\t\t\t\t\t<span class=\"elementor-button-content-wrapper\">\n\t\t\t\t\t\t\t\t\t<span class=\"elementor-button-text\">FEICIC \u2013 2019<\/span>\n\t\t\t\t\t<\/span>\n\t\t\t\t\t<\/a>\n\t\t\t\t<\/div>\n\t\t\t\t\t\t\t\t<\/div>\n\t\t\t\t<\/div>\n\t\t\t\t<div class=\"elementor-element elementor-element-dc3835d elementor-widget elementor-widget-button\" data-id=\"dc3835d\" data-element_type=\"widget\" data-e-type=\"widget\" data-widget_type=\"button.default\">\n\t\t\t\t<div class=\"elementor-widget-container\">\n\t\t\t\t\t\t\t\t\t<div class=\"elementor-button-wrapper\">\n\t\t\t\t\t<a class=\"elementor-button elementor-button-link elementor-size-sm\" href=\"https:\/\/redeicm.org.br\/imaculadaconceicao\/39998\/\">\n\t\t\t\t\t\t<span class=\"elementor-button-content-wrapper\">\n\t\t\t\t\t\t\t\t\t<span class=\"elementor-button-text\">FEICIC \u2013 2018<\/span>\n\t\t\t\t\t<\/span>\n\t\t\t\t\t<\/a>\n\t\t\t\t<\/div>\n\t\t\t\t\t\t\t\t<\/div>\n\t\t\t\t<\/div>\n\t\t\t\t<div class=\"elementor-element elementor-element-a6fe724 elementor-widget elementor-widget-button\" data-id=\"a6fe724\" data-element_type=\"widget\" data-e-type=\"widget\" data-widget_type=\"button.default\">\n\t\t\t\t<div class=\"elementor-widget-container\">\n\t\t\t\t\t\t\t\t\t<div class=\"elementor-button-wrapper\">\n\t\t\t\t\t<a class=\"elementor-button elementor-button-link elementor-size-sm\" href=\"https:\/\/redeicm.org.br\/imaculadaconceicao\/feicic-2017\/\">\n\t\t\t\t\t\t<span class=\"elementor-button-content-wrapper\">\n\t\t\t\t\t\t\t\t\t<span class=\"elementor-button-text\">FEICIC \u2013 2017<\/span>\n\t\t\t\t\t<\/span>\n\t\t\t\t\t<\/a>\n\t\t\t\t<\/div>\n\t\t\t\t\t\t\t\t<\/div>\n\t\t\t\t<\/div>\n\t\t\t\t<div class=\"elementor-element elementor-element-3ed5a41 elementor-widget elementor-widget-button\" data-id=\"3ed5a41\" data-element_type=\"widget\" data-e-type=\"widget\" data-widget_type=\"button.default\">\n\t\t\t\t<div class=\"elementor-widget-container\">\n\t\t\t\t\t\t\t\t\t<div class=\"elementor-button-wrapper\">\n\t\t\t\t\t<a class=\"elementor-button elementor-button-link elementor-size-sm\" href=\"https:\/\/imaconceicao.blogspot.com\/2015\/09\/premiacao-da-ii-feicic.html\">\n\t\t\t\t\t\t<span class=\"elementor-button-content-wrapper\">\n\t\t\t\t\t\t\t\t\t<span class=\"elementor-button-text\">FEICIC \u2013 2015<\/span>\n\t\t\t\t\t<\/span>\n\t\t\t\t\t<\/a>\n\t\t\t\t<\/div>\n\t\t\t\t\t\t\t\t<\/div>\n\t\t\t\t<\/div>\n\t\t\t\t<div class=\"elementor-element elementor-element-2de9fe6 elementor-widget elementor-widget-button\" data-id=\"2de9fe6\" data-element_type=\"widget\" data-e-type=\"widget\" data-widget_type=\"button.default\">\n\t\t\t\t<div class=\"elementor-widget-container\">\n\t\t\t\t\t\t\t\t\t<div class=\"elementor-button-wrapper\">\n\t\t\t\t\t<a class=\"elementor-button elementor-button-link elementor-size-sm\" href=\"https:\/\/imaconceicao.blogspot.com\/2014\/09\/feicic-2014-premiacao.html\">\n\t\t\t\t\t\t<span class=\"elementor-button-content-wrapper\">\n\t\t\t\t\t\t\t\t\t<span class=\"elementor-button-text\">FEICIC \u2013 2014<\/span>\n\t\t\t\t\t<\/span>\n\t\t\t\t\t<\/a>\n\t\t\t\t<\/div>\n\t\t\t\t\t\t\t\t<\/div>\n\t\t\t\t<\/div>\n\t\t\t\t<div class=\"elementor-element elementor-element-a0792b0 elementor-widget elementor-widget-button\" data-id=\"a0792b0\" data-element_type=\"widget\" data-e-type=\"widget\" data-widget_type=\"button.default\">\n\t\t\t\t<div class=\"elementor-widget-container\">\n\t\t\t\t\t\t\t\t\t<div class=\"elementor-button-wrapper\">\n\t\t\t\t\t<a class=\"elementor-button elementor-button-link elementor-size-sm\" href=\"https:\/\/imaconceicao.blogspot.com\/2011\/07\/multifeira-2011.html\">\n\t\t\t\t\t\t<span class=\"elementor-button-content-wrapper\">\n\t\t\t\t\t\t\t\t\t<span class=\"elementor-button-text\">Multifeira 2011<\/span>\n\t\t\t\t\t<\/span>\n\t\t\t\t\t<\/a>\n\t\t\t\t<\/div>\n\t\t\t\t\t\t\t\t<\/div>\n\t\t\t\t<\/div>\n\t\t\t\t<\/div>\n\t\t\t\t\t<\/div>\n\t\t\t\t<\/div>\n\t\t\t\t<\/div>\n\t\t","protected":false},"excerpt":{"rendered":"<p>12\u00aa FEICIC \u2013 2026 Edi\u00e7\u00f5es anteriores: 11\u00aa FEICIC \u2013 2025 10\u00aa FEICIC \u2013 2024 9\u00aa FEICIC \u2013 2023 8\u00aa FEICIC \u2013 2022 7\u00aa FEICIC \u2013 2021 FEICIC \u2013 2020 FEICIC \u2013 2019 FEICIC \u2013 2018 FEICIC \u2013 2017 FEICIC \u2013 2015 FEICIC \u2013 2014 Multifeira 2011<\/p>\n","protected":false},"author":1,"featured_media":113,"parent":0,"menu_order":0,"comment_status":"closed","ping_status":"closed","template":"","meta":{"_acf_changed":false,"footnotes":""},"class_list":["post-366","page","type-page","status-publish","has-post-thumbnail","hentry"],"acf":[],"yoast_head":"<!-- This site is optimized with the Yoast SEO plugin v26.3 - https:\/\/yoast.com\/wordpress\/plugins\/seo\/ -->\n<title>FEICIC - Col\u00e9gio Imaculada Concei\u00e7\u00e3o | Rede ICM de educa\u00e7\u00e3o<\/title>\n<meta name=\"robots\" content=\"index, follow, max-snippet:-1, max-image-preview:large, max-video-preview:-1\" \/>\n<link rel=\"canonical\" href=\"https:\/\/redeicm.org.br\/imaculadaconceicao\/feicic\/\" \/>\n<meta property=\"og:locale\" content=\"pt_BR\" \/>\n<meta property=\"og:type\" content=\"article\" \/>\n<meta property=\"og:title\" content=\"FEICIC - Col\u00e9gio Imaculada Concei\u00e7\u00e3o | Rede ICM de educa\u00e7\u00e3o\" \/>\n<meta property=\"og:description\" content=\"12\u00aa FEICIC \u2013 2026 Edi\u00e7\u00f5es anteriores: 11\u00aa FEICIC \u2013 2025 10\u00aa FEICIC \u2013 2024 9\u00aa FEICIC \u2013 2023 8\u00aa FEICIC \u2013 2022 7\u00aa FEICIC \u2013 2021 FEICIC \u2013 2020 FEICIC \u2013 2019 FEICIC \u2013 2018 FEICIC \u2013 2017 FEICIC \u2013 2015 FEICIC \u2013 2014 Multifeira 2011\" \/>\n<meta property=\"og:url\" content=\"https:\/\/redeicm.org.br\/imaculadaconceicao\/feicic\/\" \/>\n<meta property=\"og:site_name\" content=\"Col\u00e9gio Imaculada Concei\u00e7\u00e3o | Rede ICM de educa\u00e7\u00e3o\" \/>\n<meta property=\"article:modified_time\" content=\"2026-03-06T13:40:31+00:00\" \/>\n<meta property=\"og:image\" content=\"https:\/\/redeicm.org.br\/imaculadaconceicao\/wp-content\/uploads\/sites\/12\/2024\/08\/banner-ensino-fundamental-finais.jpg\" \/>\n\t<meta property=\"og:image:width\" content=\"1440\" \/>\n\t<meta property=\"og:image:height\" content=\"401\" \/>\n\t<meta property=\"og:image:type\" content=\"image\/jpeg\" \/>\n<meta name=\"twitter:card\" content=\"summary_large_image\" \/>\n<meta name=\"twitter:label1\" content=\"Est. tempo de leitura\" \/>\n\t<meta name=\"twitter:data1\" content=\"1 minuto\" \/>\n<script type=\"application\/ld+json\" class=\"yoast-schema-graph\">{\"@context\":\"https:\/\/schema.org\",\"@graph\":[{\"@type\":\"WebPage\",\"@id\":\"https:\/\/redeicm.org.br\/imaculadaconceicao\/feicic\/\",\"url\":\"https:\/\/redeicm.org.br\/imaculadaconceicao\/feicic\/\",\"name\":\"FEICIC - Col\u00e9gio Imaculada Concei\u00e7\u00e3o | Rede ICM de educa\u00e7\u00e3o\",\"isPartOf\":{\"@id\":\"https:\/\/redeicm.org.br\/imaculadaconceicao\/#website\"},\"primaryImageOfPage\":{\"@id\":\"https:\/\/redeicm.org.br\/imaculadaconceicao\/feicic\/#primaryimage\"},\"image\":{\"@id\":\"https:\/\/redeicm.org.br\/imaculadaconceicao\/feicic\/#primaryimage\"},\"thumbnailUrl\":\"https:\/\/redeicm.org.br\/imaculadaconceicao\/wp-content\/uploads\/sites\/12\/2024\/08\/banner-ensino-fundamental-finais.jpg\",\"datePublished\":\"2024-08-21T15:22:30+00:00\",\"dateModified\":\"2026-03-06T13:40:31+00:00\",\"breadcrumb\":{\"@id\":\"https:\/\/redeicm.org.br\/imaculadaconceicao\/feicic\/#breadcrumb\"},\"inLanguage\":\"pt-BR\",\"potentialAction\":[{\"@type\":\"ReadAction\",\"target\":[\"https:\/\/redeicm.org.br\/imaculadaconceicao\/feicic\/\"]}]},{\"@type\":\"ImageObject\",\"inLanguage\":\"pt-BR\",\"@id\":\"https:\/\/redeicm.org.br\/imaculadaconceicao\/feicic\/#primaryimage\",\"url\":\"https:\/\/redeicm.org.br\/imaculadaconceicao\/wp-content\/uploads\/sites\/12\/2024\/08\/banner-ensino-fundamental-finais.jpg\",\"contentUrl\":\"https:\/\/redeicm.org.br\/imaculadaconceicao\/wp-content\/uploads\/sites\/12\/2024\/08\/banner-ensino-fundamental-finais.jpg\",\"width\":1440,\"height\":401},{\"@type\":\"BreadcrumbList\",\"@id\":\"https:\/\/redeicm.org.br\/imaculadaconceicao\/feicic\/#breadcrumb\",\"itemListElement\":[{\"@type\":\"ListItem\",\"position\":1,\"name\":\"In\u00edcio\",\"item\":\"https:\/\/redeicm.org.br\/imaculadaconceicao\/\"},{\"@type\":\"ListItem\",\"position\":2,\"name\":\"FEICIC\"}]},{\"@type\":\"WebSite\",\"@id\":\"https:\/\/redeicm.org.br\/imaculadaconceicao\/#website\",\"url\":\"https:\/\/redeicm.org.br\/imaculadaconceicao\/\",\"name\":\"Col\u00e9gio Imaculada Concei\u00e7\u00e3o | Rede ICM de educa\u00e7\u00e3o\",\"description\":\"\",\"publisher\":{\"@id\":\"https:\/\/redeicm.org.br\/imaculadaconceicao\/#organization\"},\"potentialAction\":[{\"@type\":\"SearchAction\",\"target\":{\"@type\":\"EntryPoint\",\"urlTemplate\":\"https:\/\/redeicm.org.br\/imaculadaconceicao\/?s={search_term_string}\"},\"query-input\":{\"@type\":\"PropertyValueSpecification\",\"valueRequired\":true,\"valueName\":\"search_term_string\"}}],\"inLanguage\":\"pt-BR\"},{\"@type\":\"Organization\",\"@id\":\"https:\/\/redeicm.org.br\/imaculadaconceicao\/#organization\",\"name\":\"Col\u00e9gio Imaculada Concei\u00e7\u00e3o | Rede ICM de educa\u00e7\u00e3o\",\"url\":\"https:\/\/redeicm.org.br\/imaculadaconceicao\/\",\"logo\":{\"@type\":\"ImageObject\",\"inLanguage\":\"pt-BR\",\"@id\":\"https:\/\/redeicm.org.br\/imaculadaconceicao\/#\/schema\/logo\/image\/\",\"url\":\"https:\/\/redeicm.org.br\/imaculadaconceicao\/wp-content\/uploads\/sites\/12\/2024\/08\/ICM_Educacao_Imaculada_Conceicao_Preferencial_Cores-1024x263-1.png\",\"contentUrl\":\"https:\/\/redeicm.org.br\/imaculadaconceicao\/wp-content\/uploads\/sites\/12\/2024\/08\/ICM_Educacao_Imaculada_Conceicao_Preferencial_Cores-1024x263-1.png\",\"width\":1024,\"height\":263,\"caption\":\"Col\u00e9gio Imaculada Concei\u00e7\u00e3o | Rede ICM de educa\u00e7\u00e3o\"},\"image\":{\"@id\":\"https:\/\/redeicm.org.br\/imaculadaconceicao\/#\/schema\/logo\/image\/\"}}]}<\/script>\n<!-- \/ Yoast SEO plugin. -->","yoast_head_json":{"title":"FEICIC - Col\u00e9gio Imaculada Concei\u00e7\u00e3o | Rede ICM de educa\u00e7\u00e3o","robots":{"index":"index","follow":"follow","max-snippet":"max-snippet:-1","max-image-preview":"max-image-preview:large","max-video-preview":"max-video-preview:-1"},"canonical":"https:\/\/redeicm.org.br\/imaculadaconceicao\/feicic\/","og_locale":"pt_BR","og_type":"article","og_title":"FEICIC - Col\u00e9gio Imaculada Concei\u00e7\u00e3o | Rede ICM de educa\u00e7\u00e3o","og_description":"12\u00aa FEICIC \u2013 2026 Edi\u00e7\u00f5es anteriores: 11\u00aa FEICIC \u2013 2025 10\u00aa FEICIC \u2013 2024 9\u00aa FEICIC \u2013 2023 8\u00aa FEICIC \u2013 2022 7\u00aa FEICIC \u2013 2021 FEICIC \u2013 2020 FEICIC \u2013 2019 FEICIC \u2013 2018 FEICIC \u2013 2017 FEICIC \u2013 2015 FEICIC \u2013 2014 Multifeira 2011","og_url":"https:\/\/redeicm.org.br\/imaculadaconceicao\/feicic\/","og_site_name":"Col\u00e9gio Imaculada Concei\u00e7\u00e3o | Rede ICM de educa\u00e7\u00e3o","article_modified_time":"2026-03-06T13:40:31+00:00","og_image":[{"width":1440,"height":401,"url":"https:\/\/redeicm.org.br\/imaculadaconceicao\/wp-content\/uploads\/sites\/12\/2024\/08\/banner-ensino-fundamental-finais.jpg","type":"image\/jpeg"}],"twitter_card":"summary_large_image","twitter_misc":{"Est. tempo de leitura":"1 minuto"},"schema":{"@context":"https:\/\/schema.org","@graph":[{"@type":"WebPage","@id":"https:\/\/redeicm.org.br\/imaculadaconceicao\/feicic\/","url":"https:\/\/redeicm.org.br\/imaculadaconceicao\/feicic\/","name":"FEICIC - Col\u00e9gio Imaculada Concei\u00e7\u00e3o | Rede ICM de educa\u00e7\u00e3o","isPartOf":{"@id":"https:\/\/redeicm.org.br\/imaculadaconceicao\/#website"},"primaryImageOfPage":{"@id":"https:\/\/redeicm.org.br\/imaculadaconceicao\/feicic\/#primaryimage"},"image":{"@id":"https:\/\/redeicm.org.br\/imaculadaconceicao\/feicic\/#primaryimage"},"thumbnailUrl":"https:\/\/redeicm.org.br\/imaculadaconceicao\/wp-content\/uploads\/sites\/12\/2024\/08\/banner-ensino-fundamental-finais.jpg","datePublished":"2024-08-21T15:22:30+00:00","dateModified":"2026-03-06T13:40:31+00:00","breadcrumb":{"@id":"https:\/\/redeicm.org.br\/imaculadaconceicao\/feicic\/#breadcrumb"},"inLanguage":"pt-BR","potentialAction":[{"@type":"ReadAction","target":["https:\/\/redeicm.org.br\/imaculadaconceicao\/feicic\/"]}]},{"@type":"ImageObject","inLanguage":"pt-BR","@id":"https:\/\/redeicm.org.br\/imaculadaconceicao\/feicic\/#primaryimage","url":"https:\/\/redeicm.org.br\/imaculadaconceicao\/wp-content\/uploads\/sites\/12\/2024\/08\/banner-ensino-fundamental-finais.jpg","contentUrl":"https:\/\/redeicm.org.br\/imaculadaconceicao\/wp-content\/uploads\/sites\/12\/2024\/08\/banner-ensino-fundamental-finais.jpg","width":1440,"height":401},{"@type":"BreadcrumbList","@id":"https:\/\/redeicm.org.br\/imaculadaconceicao\/feicic\/#breadcrumb","itemListElement":[{"@type":"ListItem","position":1,"name":"In\u00edcio","item":"https:\/\/redeicm.org.br\/imaculadaconceicao\/"},{"@type":"ListItem","position":2,"name":"FEICIC"}]},{"@type":"WebSite","@id":"https:\/\/redeicm.org.br\/imaculadaconceicao\/#website","url":"https:\/\/redeicm.org.br\/imaculadaconceicao\/","name":"Col\u00e9gio Imaculada Concei\u00e7\u00e3o | Rede ICM de educa\u00e7\u00e3o","description":"","publisher":{"@id":"https:\/\/redeicm.org.br\/imaculadaconceicao\/#organization"},"potentialAction":[{"@type":"SearchAction","target":{"@type":"EntryPoint","urlTemplate":"https:\/\/redeicm.org.br\/imaculadaconceicao\/?s={search_term_string}"},"query-input":{"@type":"PropertyValueSpecification","valueRequired":true,"valueName":"search_term_string"}}],"inLanguage":"pt-BR"},{"@type":"Organization","@id":"https:\/\/redeicm.org.br\/imaculadaconceicao\/#organization","name":"Col\u00e9gio Imaculada Concei\u00e7\u00e3o | Rede ICM de educa\u00e7\u00e3o","url":"https:\/\/redeicm.org.br\/imaculadaconceicao\/","logo":{"@type":"ImageObject","inLanguage":"pt-BR","@id":"https:\/\/redeicm.org.br\/imaculadaconceicao\/#\/schema\/logo\/image\/","url":"https:\/\/redeicm.org.br\/imaculadaconceicao\/wp-content\/uploads\/sites\/12\/2024\/08\/ICM_Educacao_Imaculada_Conceicao_Preferencial_Cores-1024x263-1.png","contentUrl":"https:\/\/redeicm.org.br\/imaculadaconceicao\/wp-content\/uploads\/sites\/12\/2024\/08\/ICM_Educacao_Imaculada_Conceicao_Preferencial_Cores-1024x263-1.png","width":1024,"height":263,"caption":"Col\u00e9gio Imaculada Concei\u00e7\u00e3o | Rede ICM de educa\u00e7\u00e3o"},"image":{"@id":"https:\/\/redeicm.org.br\/imaculadaconceicao\/#\/schema\/logo\/image\/"}}]}},"_links":{"self":[{"href":"https:\/\/redeicm.org.br\/imaculadaconceicao\/wp-json\/wp\/v2\/pages\/366","targetHints":{"allow":["GET"]}}],"collection":[{"href":"https:\/\/redeicm.org.br\/imaculadaconceicao\/wp-json\/wp\/v2\/pages"}],"about":[{"href":"https:\/\/redeicm.org.br\/imaculadaconceicao\/wp-json\/wp\/v2\/types\/page"}],"author":[{"embeddable":true,"href":"https:\/\/redeicm.org.br\/imaculadaconceicao\/wp-json\/wp\/v2\/users\/1"}],"replies":[{"embeddable":true,"href":"https:\/\/redeicm.org.br\/imaculadaconceicao\/wp-json\/wp\/v2\/comments?post=366"}],"version-history":[{"count":25,"href":"https:\/\/redeicm.org.br\/imaculadaconceicao\/wp-json\/wp\/v2\/pages\/366\/revisions"}],"predecessor-version":[{"id":4022,"href":"https:\/\/redeicm.org.br\/imaculadaconceicao\/wp-json\/wp\/v2\/pages\/366\/revisions\/4022"}],"wp:featuredmedia":[{"embeddable":true,"href":"https:\/\/redeicm.org.br\/imaculadaconceicao\/wp-json\/wp\/v2\/media\/113"}],"wp:attachment":[{"href":"https:\/\/redeicm.org.br\/imaculadaconceicao\/wp-json\/wp\/v2\/media?parent=366"}],"curies":[{"name":"wp","href":"https:\/\/api.w.org\/{rel}","templated":true}]}}