{"id":309,"date":"2024-08-21T12:07:45","date_gmt":"2024-08-21T15:07:45","guid":{"rendered":"https:\/\/redeicm.org.br\/imaculadaconceicao\/?page_id=309"},"modified":"2026-03-10T09:12:55","modified_gmt":"2026-03-10T12:12:55","slug":"ensino-fundamental","status":"publish","type":"page","link":"https:\/\/redeicm.org.br\/imaculadaconceicao\/ensino-fundamental\/","title":{"rendered":"Ensino Fundamental"},"content":{"rendered":"\t\t<div data-elementor-type=\"wp-page\" data-elementor-id=\"309\" class=\"elementor elementor-309\" data-elementor-post-type=\"page\">\n\t\t\t\t<div class=\"elementor-element elementor-element-7d9f9446 e-flex e-con-boxed e-con e-parent\" data-id=\"7d9f9446\" data-element_type=\"container\" data-e-type=\"container\" data-settings=\"{&quot;background_background&quot;:&quot;classic&quot;}\">\n\t\t\t\t\t<div class=\"e-con-inner\">\n\t\t\t\t<div class=\"elementor-element elementor-element-2fb7211d elementor-widget elementor-widget-heading\" data-id=\"2fb7211d\" data-element_type=\"widget\" data-e-type=\"widget\" data-widget_type=\"heading.default\">\n\t\t\t\t<div class=\"elementor-widget-container\">\n\t\t\t\t\t<h1 class=\"elementor-heading-title elementor-size-default\">Ensino Fundamental<\/h1>\t\t\t\t<\/div>\n\t\t\t\t<\/div>\n\t\t\t\t\t<\/div>\n\t\t\t\t<\/div>\n\t\t<div class=\"elementor-element elementor-element-c9ca82c e-con-full e-flex e-con e-parent\" data-id=\"c9ca82c\" data-element_type=\"container\" data-e-type=\"container\">\n\t\t<div class=\"elementor-element elementor-element-25c2076 e-flex e-con-boxed e-con e-child\" data-id=\"25c2076\" data-element_type=\"container\" data-e-type=\"container\">\n\t\t\t\t\t<div class=\"e-con-inner\">\n\t\t\t\t<div class=\"elementor-element elementor-element-cabee44 elementor-invisible elementor-widget elementor-widget-text-editor\" data-id=\"cabee44\" data-element_type=\"widget\" data-e-type=\"widget\" data-settings=\"{&quot;_animation&quot;:&quot;fadeInUp&quot;}\" data-widget_type=\"text-editor.default\">\n\t\t\t\t<div class=\"elementor-widget-container\">\n\t\t\t\t\t\t\t\t\t<p>O Ensino Fundamental, de nove anos, tem por objetivo a forma\u00e7\u00e3o b\u00e1sica do cidad\u00e3o:<\/p><ul><li>Aprimorar e dar continuidade ao processo iniciado na Educa\u00e7\u00e3o Infantil, oferecendo ambiente e recursos pertinentes \u00e0 faixa et\u00e1ria;<\/li><li>Valorizar o l\u00fadico como forma de expressar emo\u00e7\u00f5es, pensamentos, sentimentos, desejos e necessidades, estabelecendo v\u00ednculos afetivos com as pessoas que o cercam;<\/li><li>Desenvolver a capacidade de aprender, tendo como meios b\u00e1sicos o pleno dom\u00ednio da leitura, da escrita e do c\u00e1lculo;<\/li><li>Compreender o ambiente natural e social, do sistema pol\u00edtico, da tecnologia, das artes e dos valores em que se fundamenta a sociedade;<\/li><li>Desenvolver o conhecimento e as habilidades, valorizando a forma\u00e7\u00e3o de atitudes e valores como instrumento para uma vis\u00e3o cr\u00edtica do mundo;<\/li><li>Fortalecer os v\u00ednculos de fam\u00edlia, dos la\u00e7os de solidariedade humana e de toler\u00e2ncia rec\u00edproca em que se assenta a vida social;<\/li><li>Garantir um processo educativo respeitoso e constru\u00eddo nas m\u00faltiplas dimens\u00f5es e na especificidade do tempo da inf\u00e2ncia e adolesc\u00eancia.<\/li><\/ul><p>A metodologia empregada em nosso Col\u00e9gio \u00e9 ensinar aprendendo, investigando, pensando e abrindo caminhos; aprender refletindo, teorizando e transformando a pr\u00e1tica.<\/p><ul><li><span style=\"font-weight: bolder\"><u>Coordenadora e Orienta\u00e7\u00e3o Pedag\u00f3gica<\/u><\/span>:<br \/>Educa\u00e7\u00e3o Infantil e Anos Iniciais: Shirlei Wagner Loeser \u2013\u00a0<span style=\"font-weight: bolder\">E-mail:<\/span>\u00a0<a href=\"mailto:shirlei.loeser@redeicm.org.br\">shirlei.loeser@redeicm.org.br<\/a><br \/>Anos Finais e Extraclasse: Denise Daniela Klein Kohlrausch \u2013 <span style=\"font-weight: bolder\">E-mail:<\/span> <a href=\"mailto:denise.kohlrausch@redeicm.org.br\">denise.kohlrausch@redeicm.org.br<\/a><\/li><\/ul>\t\t\t\t\t\t\t\t<\/div>\n\t\t\t\t<\/div>\n\t\t\t\t\t<\/div>\n\t\t\t\t<\/div>\n\t\t\t\t<\/div>\n\t\t\t\t<\/div>\n\t\t","protected":false},"excerpt":{"rendered":"<p>O Ensino Fundamental, de nove anos, tem por objetivo a forma\u00e7\u00e3o b\u00e1sica do cidad\u00e3o: Aprimorar e dar continuidade ao processo iniciado na Educa\u00e7\u00e3o Infantil, oferecendo ambiente e recursos pertinentes \u00e0 faixa et\u00e1ria; Valorizar o l\u00fadico como forma de expressar emo\u00e7\u00f5es, pensamentos, sentimentos, desejos e necessidades, estabelecendo v\u00ednculos afetivos com as pessoas que o cercam; Desenvolver [&hellip;]<\/p>\n","protected":false},"author":1,"featured_media":113,"parent":0,"menu_order":0,"comment_status":"closed","ping_status":"closed","template":"","meta":{"_acf_changed":false,"footnotes":""},"class_list":["post-309","page","type-page","status-publish","has-post-thumbnail","hentry"],"acf":[],"yoast_head":"<!-- This site is optimized with the Yoast SEO plugin v26.3 - https:\/\/yoast.com\/wordpress\/plugins\/seo\/ -->\n<title>Ensino Fundamental - Col\u00e9gio Imaculada Concei\u00e7\u00e3o | Rede ICM de educa\u00e7\u00e3o<\/title>\n<meta name=\"robots\" content=\"index, follow, max-snippet:-1, max-image-preview:large, max-video-preview:-1\" \/>\n<link rel=\"canonical\" href=\"https:\/\/redeicm.org.br\/imaculadaconceicao\/ensino-fundamental\/\" \/>\n<meta property=\"og:locale\" content=\"pt_BR\" \/>\n<meta property=\"og:type\" content=\"article\" \/>\n<meta property=\"og:title\" content=\"Ensino Fundamental - Col\u00e9gio Imaculada Concei\u00e7\u00e3o | Rede ICM de educa\u00e7\u00e3o\" \/>\n<meta property=\"og:description\" content=\"O Ensino Fundamental, de nove anos, tem por objetivo a forma\u00e7\u00e3o b\u00e1sica do cidad\u00e3o: Aprimorar e dar continuidade ao processo iniciado na Educa\u00e7\u00e3o Infantil, oferecendo ambiente e recursos pertinentes \u00e0 faixa et\u00e1ria; Valorizar o l\u00fadico como forma de expressar emo\u00e7\u00f5es, pensamentos, sentimentos, desejos e necessidades, estabelecendo v\u00ednculos afetivos com as pessoas que o cercam; Desenvolver [&hellip;]\" \/>\n<meta property=\"og:url\" content=\"https:\/\/redeicm.org.br\/imaculadaconceicao\/ensino-fundamental\/\" \/>\n<meta property=\"og:site_name\" content=\"Col\u00e9gio Imaculada Concei\u00e7\u00e3o | Rede ICM de educa\u00e7\u00e3o\" \/>\n<meta property=\"article:modified_time\" content=\"2026-03-10T12:12:55+00:00\" \/>\n<meta property=\"og:image\" content=\"https:\/\/redeicm.org.br\/imaculadaconceicao\/wp-content\/uploads\/sites\/12\/2024\/08\/banner-ensino-fundamental-finais.jpg\" \/>\n\t<meta property=\"og:image:width\" content=\"1440\" \/>\n\t<meta property=\"og:image:height\" content=\"401\" \/>\n\t<meta property=\"og:image:type\" content=\"image\/jpeg\" \/>\n<meta name=\"twitter:card\" content=\"summary_large_image\" \/>\n<meta name=\"twitter:label1\" content=\"Est. tempo de leitura\" \/>\n\t<meta name=\"twitter:data1\" content=\"2 minutos\" \/>\n<script type=\"application\/ld+json\" class=\"yoast-schema-graph\">{\"@context\":\"https:\/\/schema.org\",\"@graph\":[{\"@type\":\"WebPage\",\"@id\":\"https:\/\/redeicm.org.br\/imaculadaconceicao\/ensino-fundamental\/\",\"url\":\"https:\/\/redeicm.org.br\/imaculadaconceicao\/ensino-fundamental\/\",\"name\":\"Ensino Fundamental - Col\u00e9gio Imaculada Concei\u00e7\u00e3o | Rede ICM de educa\u00e7\u00e3o\",\"isPartOf\":{\"@id\":\"https:\/\/redeicm.org.br\/imaculadaconceicao\/#website\"},\"primaryImageOfPage\":{\"@id\":\"https:\/\/redeicm.org.br\/imaculadaconceicao\/ensino-fundamental\/#primaryimage\"},\"image\":{\"@id\":\"https:\/\/redeicm.org.br\/imaculadaconceicao\/ensino-fundamental\/#primaryimage\"},\"thumbnailUrl\":\"https:\/\/redeicm.org.br\/imaculadaconceicao\/wp-content\/uploads\/sites\/12\/2024\/08\/banner-ensino-fundamental-finais.jpg\",\"datePublished\":\"2024-08-21T15:07:45+00:00\",\"dateModified\":\"2026-03-10T12:12:55+00:00\",\"breadcrumb\":{\"@id\":\"https:\/\/redeicm.org.br\/imaculadaconceicao\/ensino-fundamental\/#breadcrumb\"},\"inLanguage\":\"pt-BR\",\"potentialAction\":[{\"@type\":\"ReadAction\",\"target\":[\"https:\/\/redeicm.org.br\/imaculadaconceicao\/ensino-fundamental\/\"]}]},{\"@type\":\"ImageObject\",\"inLanguage\":\"pt-BR\",\"@id\":\"https:\/\/redeicm.org.br\/imaculadaconceicao\/ensino-fundamental\/#primaryimage\",\"url\":\"https:\/\/redeicm.org.br\/imaculadaconceicao\/wp-content\/uploads\/sites\/12\/2024\/08\/banner-ensino-fundamental-finais.jpg\",\"contentUrl\":\"https:\/\/redeicm.org.br\/imaculadaconceicao\/wp-content\/uploads\/sites\/12\/2024\/08\/banner-ensino-fundamental-finais.jpg\",\"width\":1440,\"height\":401},{\"@type\":\"BreadcrumbList\",\"@id\":\"https:\/\/redeicm.org.br\/imaculadaconceicao\/ensino-fundamental\/#breadcrumb\",\"itemListElement\":[{\"@type\":\"ListItem\",\"position\":1,\"name\":\"In\u00edcio\",\"item\":\"https:\/\/redeicm.org.br\/imaculadaconceicao\/\"},{\"@type\":\"ListItem\",\"position\":2,\"name\":\"Ensino Fundamental\"}]},{\"@type\":\"WebSite\",\"@id\":\"https:\/\/redeicm.org.br\/imaculadaconceicao\/#website\",\"url\":\"https:\/\/redeicm.org.br\/imaculadaconceicao\/\",\"name\":\"Col\u00e9gio Imaculada Concei\u00e7\u00e3o | Rede ICM de educa\u00e7\u00e3o\",\"description\":\"\",\"publisher\":{\"@id\":\"https:\/\/redeicm.org.br\/imaculadaconceicao\/#organization\"},\"potentialAction\":[{\"@type\":\"SearchAction\",\"target\":{\"@type\":\"EntryPoint\",\"urlTemplate\":\"https:\/\/redeicm.org.br\/imaculadaconceicao\/?s={search_term_string}\"},\"query-input\":{\"@type\":\"PropertyValueSpecification\",\"valueRequired\":true,\"valueName\":\"search_term_string\"}}],\"inLanguage\":\"pt-BR\"},{\"@type\":\"Organization\",\"@id\":\"https:\/\/redeicm.org.br\/imaculadaconceicao\/#organization\",\"name\":\"Col\u00e9gio Imaculada Concei\u00e7\u00e3o | Rede ICM de educa\u00e7\u00e3o\",\"url\":\"https:\/\/redeicm.org.br\/imaculadaconceicao\/\",\"logo\":{\"@type\":\"ImageObject\",\"inLanguage\":\"pt-BR\",\"@id\":\"https:\/\/redeicm.org.br\/imaculadaconceicao\/#\/schema\/logo\/image\/\",\"url\":\"https:\/\/redeicm.org.br\/imaculadaconceicao\/wp-content\/uploads\/sites\/12\/2024\/08\/ICM_Educacao_Imaculada_Conceicao_Preferencial_Cores-1024x263-1.png\",\"contentUrl\":\"https:\/\/redeicm.org.br\/imaculadaconceicao\/wp-content\/uploads\/sites\/12\/2024\/08\/ICM_Educacao_Imaculada_Conceicao_Preferencial_Cores-1024x263-1.png\",\"width\":1024,\"height\":263,\"caption\":\"Col\u00e9gio Imaculada Concei\u00e7\u00e3o | Rede ICM de educa\u00e7\u00e3o\"},\"image\":{\"@id\":\"https:\/\/redeicm.org.br\/imaculadaconceicao\/#\/schema\/logo\/image\/\"}}]}<\/script>\n<!-- \/ Yoast SEO plugin. -->","yoast_head_json":{"title":"Ensino Fundamental - Col\u00e9gio Imaculada Concei\u00e7\u00e3o | Rede ICM de educa\u00e7\u00e3o","robots":{"index":"index","follow":"follow","max-snippet":"max-snippet:-1","max-image-preview":"max-image-preview:large","max-video-preview":"max-video-preview:-1"},"canonical":"https:\/\/redeicm.org.br\/imaculadaconceicao\/ensino-fundamental\/","og_locale":"pt_BR","og_type":"article","og_title":"Ensino Fundamental - Col\u00e9gio Imaculada Concei\u00e7\u00e3o | Rede ICM de educa\u00e7\u00e3o","og_description":"O Ensino Fundamental, de nove anos, tem por objetivo a forma\u00e7\u00e3o b\u00e1sica do cidad\u00e3o: Aprimorar e dar continuidade ao processo iniciado na Educa\u00e7\u00e3o Infantil, oferecendo ambiente e recursos pertinentes \u00e0 faixa et\u00e1ria; Valorizar o l\u00fadico como forma de expressar emo\u00e7\u00f5es, pensamentos, sentimentos, desejos e necessidades, estabelecendo v\u00ednculos afetivos com as pessoas que o cercam; Desenvolver [&hellip;]","og_url":"https:\/\/redeicm.org.br\/imaculadaconceicao\/ensino-fundamental\/","og_site_name":"Col\u00e9gio Imaculada Concei\u00e7\u00e3o | Rede ICM de educa\u00e7\u00e3o","article_modified_time":"2026-03-10T12:12:55+00:00","og_image":[{"width":1440,"height":401,"url":"https:\/\/redeicm.org.br\/imaculadaconceicao\/wp-content\/uploads\/sites\/12\/2024\/08\/banner-ensino-fundamental-finais.jpg","type":"image\/jpeg"}],"twitter_card":"summary_large_image","twitter_misc":{"Est. tempo de leitura":"2 minutos"},"schema":{"@context":"https:\/\/schema.org","@graph":[{"@type":"WebPage","@id":"https:\/\/redeicm.org.br\/imaculadaconceicao\/ensino-fundamental\/","url":"https:\/\/redeicm.org.br\/imaculadaconceicao\/ensino-fundamental\/","name":"Ensino Fundamental - Col\u00e9gio Imaculada Concei\u00e7\u00e3o | Rede ICM de educa\u00e7\u00e3o","isPartOf":{"@id":"https:\/\/redeicm.org.br\/imaculadaconceicao\/#website"},"primaryImageOfPage":{"@id":"https:\/\/redeicm.org.br\/imaculadaconceicao\/ensino-fundamental\/#primaryimage"},"image":{"@id":"https:\/\/redeicm.org.br\/imaculadaconceicao\/ensino-fundamental\/#primaryimage"},"thumbnailUrl":"https:\/\/redeicm.org.br\/imaculadaconceicao\/wp-content\/uploads\/sites\/12\/2024\/08\/banner-ensino-fundamental-finais.jpg","datePublished":"2024-08-21T15:07:45+00:00","dateModified":"2026-03-10T12:12:55+00:00","breadcrumb":{"@id":"https:\/\/redeicm.org.br\/imaculadaconceicao\/ensino-fundamental\/#breadcrumb"},"inLanguage":"pt-BR","potentialAction":[{"@type":"ReadAction","target":["https:\/\/redeicm.org.br\/imaculadaconceicao\/ensino-fundamental\/"]}]},{"@type":"ImageObject","inLanguage":"pt-BR","@id":"https:\/\/redeicm.org.br\/imaculadaconceicao\/ensino-fundamental\/#primaryimage","url":"https:\/\/redeicm.org.br\/imaculadaconceicao\/wp-content\/uploads\/sites\/12\/2024\/08\/banner-ensino-fundamental-finais.jpg","contentUrl":"https:\/\/redeicm.org.br\/imaculadaconceicao\/wp-content\/uploads\/sites\/12\/2024\/08\/banner-ensino-fundamental-finais.jpg","width":1440,"height":401},{"@type":"BreadcrumbList","@id":"https:\/\/redeicm.org.br\/imaculadaconceicao\/ensino-fundamental\/#breadcrumb","itemListElement":[{"@type":"ListItem","position":1,"name":"In\u00edcio","item":"https:\/\/redeicm.org.br\/imaculadaconceicao\/"},{"@type":"ListItem","position":2,"name":"Ensino Fundamental"}]},{"@type":"WebSite","@id":"https:\/\/redeicm.org.br\/imaculadaconceicao\/#website","url":"https:\/\/redeicm.org.br\/imaculadaconceicao\/","name":"Col\u00e9gio Imaculada Concei\u00e7\u00e3o | Rede ICM de educa\u00e7\u00e3o","description":"","publisher":{"@id":"https:\/\/redeicm.org.br\/imaculadaconceicao\/#organization"},"potentialAction":[{"@type":"SearchAction","target":{"@type":"EntryPoint","urlTemplate":"https:\/\/redeicm.org.br\/imaculadaconceicao\/?s={search_term_string}"},"query-input":{"@type":"PropertyValueSpecification","valueRequired":true,"valueName":"search_term_string"}}],"inLanguage":"pt-BR"},{"@type":"Organization","@id":"https:\/\/redeicm.org.br\/imaculadaconceicao\/#organization","name":"Col\u00e9gio Imaculada Concei\u00e7\u00e3o | Rede ICM de educa\u00e7\u00e3o","url":"https:\/\/redeicm.org.br\/imaculadaconceicao\/","logo":{"@type":"ImageObject","inLanguage":"pt-BR","@id":"https:\/\/redeicm.org.br\/imaculadaconceicao\/#\/schema\/logo\/image\/","url":"https:\/\/redeicm.org.br\/imaculadaconceicao\/wp-content\/uploads\/sites\/12\/2024\/08\/ICM_Educacao_Imaculada_Conceicao_Preferencial_Cores-1024x263-1.png","contentUrl":"https:\/\/redeicm.org.br\/imaculadaconceicao\/wp-content\/uploads\/sites\/12\/2024\/08\/ICM_Educacao_Imaculada_Conceicao_Preferencial_Cores-1024x263-1.png","width":1024,"height":263,"caption":"Col\u00e9gio Imaculada Concei\u00e7\u00e3o | Rede ICM de educa\u00e7\u00e3o"},"image":{"@id":"https:\/\/redeicm.org.br\/imaculadaconceicao\/#\/schema\/logo\/image\/"}}]}},"_links":{"self":[{"href":"https:\/\/redeicm.org.br\/imaculadaconceicao\/wp-json\/wp\/v2\/pages\/309","targetHints":{"allow":["GET"]}}],"collection":[{"href":"https:\/\/redeicm.org.br\/imaculadaconceicao\/wp-json\/wp\/v2\/pages"}],"about":[{"href":"https:\/\/redeicm.org.br\/imaculadaconceicao\/wp-json\/wp\/v2\/types\/page"}],"author":[{"embeddable":true,"href":"https:\/\/redeicm.org.br\/imaculadaconceicao\/wp-json\/wp\/v2\/users\/1"}],"replies":[{"embeddable":true,"href":"https:\/\/redeicm.org.br\/imaculadaconceicao\/wp-json\/wp\/v2\/comments?post=309"}],"version-history":[{"count":12,"href":"https:\/\/redeicm.org.br\/imaculadaconceicao\/wp-json\/wp\/v2\/pages\/309\/revisions"}],"predecessor-version":[{"id":4038,"href":"https:\/\/redeicm.org.br\/imaculadaconceicao\/wp-json\/wp\/v2\/pages\/309\/revisions\/4038"}],"wp:featuredmedia":[{"embeddable":true,"href":"https:\/\/redeicm.org.br\/imaculadaconceicao\/wp-json\/wp\/v2\/media\/113"}],"wp:attachment":[{"href":"https:\/\/redeicm.org.br\/imaculadaconceicao\/wp-json\/wp\/v2\/media?parent=309"}],"curies":[{"name":"wp","href":"https:\/\/api.w.org\/{rel}","templated":true}]}}