{"id":288,"date":"2024-08-21T12:02:06","date_gmt":"2024-08-21T15:02:06","guid":{"rendered":"https:\/\/redeicm.org.br\/imaculadaconceicao\/?page_id=288"},"modified":"2026-03-06T10:28:09","modified_gmt":"2026-03-06T13:28:09","slug":"orientacoes-para-alunos","status":"publish","type":"page","link":"https:\/\/redeicm.org.br\/imaculadaconceicao\/orientacoes-para-alunos\/","title":{"rendered":"Orienta\u00e7\u00f5es para Alunos"},"content":{"rendered":"\t\t<div data-elementor-type=\"wp-page\" data-elementor-id=\"288\" class=\"elementor elementor-288\" data-elementor-post-type=\"page\">\n\t\t\t\t<div class=\"elementor-element elementor-element-7d9f9446 e-flex e-con-boxed e-con e-parent\" data-id=\"7d9f9446\" data-element_type=\"container\" data-e-type=\"container\" data-settings=\"{&quot;background_background&quot;:&quot;classic&quot;}\">\n\t\t\t\t\t<div class=\"e-con-inner\">\n\t\t\t\t<div class=\"elementor-element elementor-element-2fb7211d elementor-widget elementor-widget-heading\" data-id=\"2fb7211d\" data-element_type=\"widget\" data-e-type=\"widget\" data-widget_type=\"heading.default\">\n\t\t\t\t<div class=\"elementor-widget-container\">\n\t\t\t\t\t<h1 class=\"elementor-heading-title elementor-size-default\">Orienta\u00e7\u00f5es para Alunos<\/h1>\t\t\t\t<\/div>\n\t\t\t\t<\/div>\n\t\t\t\t\t<\/div>\n\t\t\t\t<\/div>\n\t\t<div class=\"elementor-element elementor-element-c9ca82c e-flex e-con-boxed e-con e-parent\" data-id=\"c9ca82c\" data-element_type=\"container\" data-e-type=\"container\">\n\t\t\t\t\t<div class=\"e-con-inner\">\n\t\t<div class=\"elementor-element elementor-element-25c2076 e-con-full e-flex e-con e-child\" data-id=\"25c2076\" data-element_type=\"container\" data-e-type=\"container\">\n\t\t\t\t<div class=\"elementor-element elementor-element-cabee44 elementor-widget__width-inherit elementor-invisible elementor-widget elementor-widget-text-editor\" data-id=\"cabee44\" data-element_type=\"widget\" data-e-type=\"widget\" data-settings=\"{&quot;_animation&quot;:&quot;fadeInUp&quot;}\" data-widget_type=\"text-editor.default\">\n\t\t\t\t<div class=\"elementor-widget-container\">\n\t\t\t\t\t\t\t\t\t<p><b>ORIENTA\u00c7\u00d5ES PARA ALUNOS 2025<\/b><\/p><p><b>\u00a0<\/b>Cada um de n\u00f3s, Col\u00e9gio, fam\u00edlia e estudante \u00e9 correspons\u00e1vel na constru\u00e7\u00e3o de um clima que possibilite o aprendizado e crescimento como pessoa, experimentando e escolhendo a\u00e7\u00f5es que nos levem a desenvolver a criatividade, a autonomia e o respeito, de forma a construir a pr\u00f3pria identidade e optar por escolhas respons\u00e1veis. Neste processo, \u00e9 importante lembrar de:<\/p><ul><li>Cumprir com pontualidade os hor\u00e1rios de in\u00edcio, intervalo e fim das aulas, evitando sa\u00eddas antecipadas e atrasos.<\/li><li>A toler\u00e2ncia para chegada em atraso \u00e9 de 5min, passando deste tempo, dever\u00e1 aguardar na recep\u00e7\u00e3o o pr\u00f3ximo per\u00edodo de aula;<\/li><li>\u00a0Usar o uniforme diariamente. Em apenas dias muito frios \u00e9 permitido o uso de casaco grosso, azul marinho o preto.<\/li><\/ul><p>No registro do terceiro atraso sem justificativa m\u00e9dica e\/ou sem o uso do uniforme, o estudante receber\u00e1 a 1\u00aa advert\u00eancia e, em caso de reincid\u00eancia, seguir\u00e3o\u00a0 as san\u00e7\u00f5es conforme o Regimento Escolar.<\/p><ul><li>Manter uma rela\u00e7\u00e3o cordial e de respeito com todos os colegas, professores. funcion\u00e1rios do Col\u00e9gio e demais pessoas que circulam na institui\u00e7\u00e3o;<\/li><li>Ser cuidadoso na linguagem, nas atitudes e nas rela\u00e7\u00f5es humanas;<\/li><li>Organizar um hor\u00e1rio e um ambiente de sil\u00eancio para a realiza\u00e7\u00e3o de tema e estudo.<\/li><li>Em rela\u00e7\u00e3o a aparelhos eletr\u00f4nicos (celulares, tablets, notebook, kindle e outros objetos), respeitar a regra estabelecida que,\u00a0 os mesmos s\u00f3 poder\u00e3o ser utilizados mediante a autoriza\u00e7\u00e3o do(a) professor(a) para uso pedag\u00f3gico. Fora isso, o aparelho dever\u00e1 permanecer desligado. Nas avalia\u00e7\u00f5es dever\u00e1 ficar desligado sobre a classe, vis\u00edvel aos professores. N\u00e3o respeitada esta determina\u00e7\u00e3o, o aparelho ser\u00e1 recolhido e encaminhado para a coordena\u00e7\u00e3o. No primeiro descumprimento, o mesmo ser\u00e1 devolvido para o estudante no final do turno, se houver reincid\u00eancia,\u00a0 a retirada ser\u00e1 feita apenas pela fam\u00edlia\/respons\u00e1vel.<\/li><li>Quando houver necessidade do aluno comunicar-se com a fam\u00edlia, comunicar o professor e este dar\u00e1 a orienta\u00e7\u00e3o necess\u00e1ria. \u00c9 de responsabilidade do Col\u00e9gio realizar o contato com as fam\u00edlias.<\/li><li>Em caso de faltas, responsabilizar-se pela atualiza\u00e7\u00e3o das atividades, trabalhos e materiais. Se houver avalia\u00e7\u00e3o, o aluno dever\u00e1 apresentar atestado m\u00e9dico, na secretaria, para obter a autoriza\u00e7\u00e3o para a realiza\u00e7\u00e3o da prova e\/ou atividades diversificadas. Em caso de viagem, avisar a secretaria, atrav\u00e9s da agenda eletr\u00f4nica (Clip), o per\u00edodo da viagem,\u00a0 solicitar prova de segunda chamada e realizar o pagamento da mesma, no valor de R$ 60,00. Ap\u00f3s estes encaminhamentos,\u00a0 o estudante precisa ir na secretaria, agendar a prova que sempre ser\u00e1 na primeira quarta-feira,\u00a0 ap\u00f3s o retorno da viagem;\u00a0<\/li><li>Comprometer-se com sua aprendizagem: plataforma Bernoulli, livros, cadernos, temas, avalia\u00e7\u00f5es, auxiliando na organiza\u00e7\u00e3o do material escolar e momentos de estudo;<\/li><li>Participar das atividades e eventos escolares com entusiasmo e responsabilidade;<\/li><li>Responsabilizar-se com o cumprimento do contrato coletivo da turma;<\/li><li>Aguardar os professores no pavilh\u00e3o no in\u00edcio da aula e ap\u00f3s o intervalo, exceto a T91 que poder\u00e1 ir diretamente para a sua sala (a manuten\u00e7\u00e3o deste direito depender\u00e1 exclusivamente do comportamento dos estudantes).;<\/li><li>No intervalo n\u00e3o \u00e9 permitido permanecer na sala de aula;<\/li><li>O intervalo al\u00e9m da divers\u00e3o e lanche, tamb\u00e9m \u00e9 o momento\u00a0 para ir ao banheiro e encher a garrafinha de \u00e1gua, evitando assim, sa\u00eddas durante as aulas;<\/li><li>Retirar e devolver os materiais utilizados no intervalo (bolas, tacos, etc);<\/li><li>Ser respons\u00e1vel e cuidadoso com a manuten\u00e7\u00e3o da estrutura, materiais e equipamentos da institui\u00e7\u00e3o. Em casos de danos, os mesmos ser\u00e3o cobrados;<\/li><li>Retirar seus materiais do escaninho no in\u00edcio da manh\u00e3 e devolv\u00ea-los ao final, 11h50min. O estudante \u00e9 respons\u00e1vel pela chave adquirida na secretaria. Em caso de extravio ou esquecimento n\u00e3o h\u00e1 chave reserva. Esta chave dever\u00e1 ser devolvida na secretaria, no final do ano letivo;<\/li><li>Manter o ambiente escolar limpo e organizado;<\/li><\/ul><p>A apresenta\u00e7\u00e3o da carteirinha da Biblioteca \u00e9 indispens\u00e1vel para retirada e renova\u00e7\u00e3o de livros e outros materiais. A carteirinha \u00e9 gratuita. Em caso de perda, refaz\u00ea-la ter\u00e1 custo.\u00a0\u00a0Se o estudante faltar a aula no dia da devolu\u00e7\u00e3o, o livro dever\u00e1 ser deixado na caixa de coleta em frente a biblioteca. Em caso de perda, extravio ou danos, de qualquer material, o mesmo dever\u00e1 ser reposto ou ter o seu valor indenizado.<\/p>\t\t\t\t\t\t\t\t<\/div>\n\t\t\t\t<\/div>\n\t\t\t\t<\/div>\n\t\t\t\t\t<\/div>\n\t\t\t\t<\/div>\n\t\t\t\t<\/div>\n\t\t","protected":false},"excerpt":{"rendered":"<p>ORIENTA\u00c7\u00d5ES PARA ALUNOS 2025 \u00a0Cada um de n\u00f3s, Col\u00e9gio, fam\u00edlia e estudante \u00e9 correspons\u00e1vel na constru\u00e7\u00e3o de um clima que possibilite o aprendizado e crescimento como pessoa, experimentando e escolhendo a\u00e7\u00f5es que nos levem a desenvolver a criatividade, a autonomia e o respeito, de forma a construir a pr\u00f3pria identidade e optar por escolhas respons\u00e1veis. [&hellip;]<\/p>\n","protected":false},"author":1,"featured_media":113,"parent":0,"menu_order":0,"comment_status":"closed","ping_status":"closed","template":"","meta":{"_acf_changed":false,"footnotes":""},"class_list":["post-288","page","type-page","status-publish","has-post-thumbnail","hentry"],"acf":[],"yoast_head":"<!-- This site is optimized with the Yoast SEO plugin v26.3 - https:\/\/yoast.com\/wordpress\/plugins\/seo\/ -->\n<title>Orienta\u00e7\u00f5es para Alunos - Col\u00e9gio Imaculada Concei\u00e7\u00e3o | Rede ICM de educa\u00e7\u00e3o<\/title>\n<meta name=\"robots\" content=\"index, follow, max-snippet:-1, max-image-preview:large, max-video-preview:-1\" \/>\n<link rel=\"canonical\" href=\"https:\/\/redeicm.org.br\/imaculadaconceicao\/orientacoes-para-alunos\/\" \/>\n<meta property=\"og:locale\" content=\"pt_BR\" \/>\n<meta property=\"og:type\" content=\"article\" \/>\n<meta property=\"og:title\" content=\"Orienta\u00e7\u00f5es para Alunos - Col\u00e9gio Imaculada Concei\u00e7\u00e3o | Rede ICM de educa\u00e7\u00e3o\" \/>\n<meta property=\"og:description\" content=\"ORIENTA\u00c7\u00d5ES PARA ALUNOS 2025 \u00a0Cada um de n\u00f3s, Col\u00e9gio, fam\u00edlia e estudante \u00e9 correspons\u00e1vel na constru\u00e7\u00e3o de um clima que possibilite o aprendizado e crescimento como pessoa, experimentando e escolhendo a\u00e7\u00f5es que nos levem a desenvolver a criatividade, a autonomia e o respeito, de forma a construir a pr\u00f3pria identidade e optar por escolhas respons\u00e1veis. [&hellip;]\" \/>\n<meta property=\"og:url\" content=\"https:\/\/redeicm.org.br\/imaculadaconceicao\/orientacoes-para-alunos\/\" \/>\n<meta property=\"og:site_name\" content=\"Col\u00e9gio Imaculada Concei\u00e7\u00e3o | Rede ICM de educa\u00e7\u00e3o\" \/>\n<meta property=\"article:modified_time\" content=\"2026-03-06T13:28:09+00:00\" \/>\n<meta property=\"og:image\" content=\"https:\/\/redeicm.org.br\/imaculadaconceicao\/wp-content\/uploads\/sites\/12\/2024\/08\/banner-ensino-fundamental-finais.jpg\" \/>\n\t<meta property=\"og:image:width\" content=\"1440\" \/>\n\t<meta property=\"og:image:height\" content=\"401\" \/>\n\t<meta property=\"og:image:type\" content=\"image\/jpeg\" \/>\n<meta name=\"twitter:card\" content=\"summary_large_image\" \/>\n<meta name=\"twitter:label1\" content=\"Est. tempo de leitura\" \/>\n\t<meta name=\"twitter:data1\" content=\"4 minutos\" \/>\n<script type=\"application\/ld+json\" class=\"yoast-schema-graph\">{\"@context\":\"https:\/\/schema.org\",\"@graph\":[{\"@type\":\"WebPage\",\"@id\":\"https:\/\/redeicm.org.br\/imaculadaconceicao\/orientacoes-para-alunos\/\",\"url\":\"https:\/\/redeicm.org.br\/imaculadaconceicao\/orientacoes-para-alunos\/\",\"name\":\"Orienta\u00e7\u00f5es para Alunos - Col\u00e9gio Imaculada Concei\u00e7\u00e3o | Rede ICM de educa\u00e7\u00e3o\",\"isPartOf\":{\"@id\":\"https:\/\/redeicm.org.br\/imaculadaconceicao\/#website\"},\"primaryImageOfPage\":{\"@id\":\"https:\/\/redeicm.org.br\/imaculadaconceicao\/orientacoes-para-alunos\/#primaryimage\"},\"image\":{\"@id\":\"https:\/\/redeicm.org.br\/imaculadaconceicao\/orientacoes-para-alunos\/#primaryimage\"},\"thumbnailUrl\":\"https:\/\/redeicm.org.br\/imaculadaconceicao\/wp-content\/uploads\/sites\/12\/2024\/08\/banner-ensino-fundamental-finais.jpg\",\"datePublished\":\"2024-08-21T15:02:06+00:00\",\"dateModified\":\"2026-03-06T13:28:09+00:00\",\"breadcrumb\":{\"@id\":\"https:\/\/redeicm.org.br\/imaculadaconceicao\/orientacoes-para-alunos\/#breadcrumb\"},\"inLanguage\":\"pt-BR\",\"potentialAction\":[{\"@type\":\"ReadAction\",\"target\":[\"https:\/\/redeicm.org.br\/imaculadaconceicao\/orientacoes-para-alunos\/\"]}]},{\"@type\":\"ImageObject\",\"inLanguage\":\"pt-BR\",\"@id\":\"https:\/\/redeicm.org.br\/imaculadaconceicao\/orientacoes-para-alunos\/#primaryimage\",\"url\":\"https:\/\/redeicm.org.br\/imaculadaconceicao\/wp-content\/uploads\/sites\/12\/2024\/08\/banner-ensino-fundamental-finais.jpg\",\"contentUrl\":\"https:\/\/redeicm.org.br\/imaculadaconceicao\/wp-content\/uploads\/sites\/12\/2024\/08\/banner-ensino-fundamental-finais.jpg\",\"width\":1440,\"height\":401},{\"@type\":\"BreadcrumbList\",\"@id\":\"https:\/\/redeicm.org.br\/imaculadaconceicao\/orientacoes-para-alunos\/#breadcrumb\",\"itemListElement\":[{\"@type\":\"ListItem\",\"position\":1,\"name\":\"In\u00edcio\",\"item\":\"https:\/\/redeicm.org.br\/imaculadaconceicao\/\"},{\"@type\":\"ListItem\",\"position\":2,\"name\":\"Orienta\u00e7\u00f5es para Alunos\"}]},{\"@type\":\"WebSite\",\"@id\":\"https:\/\/redeicm.org.br\/imaculadaconceicao\/#website\",\"url\":\"https:\/\/redeicm.org.br\/imaculadaconceicao\/\",\"name\":\"Col\u00e9gio Imaculada Concei\u00e7\u00e3o | Rede ICM de educa\u00e7\u00e3o\",\"description\":\"\",\"publisher\":{\"@id\":\"https:\/\/redeicm.org.br\/imaculadaconceicao\/#organization\"},\"potentialAction\":[{\"@type\":\"SearchAction\",\"target\":{\"@type\":\"EntryPoint\",\"urlTemplate\":\"https:\/\/redeicm.org.br\/imaculadaconceicao\/?s={search_term_string}\"},\"query-input\":{\"@type\":\"PropertyValueSpecification\",\"valueRequired\":true,\"valueName\":\"search_term_string\"}}],\"inLanguage\":\"pt-BR\"},{\"@type\":\"Organization\",\"@id\":\"https:\/\/redeicm.org.br\/imaculadaconceicao\/#organization\",\"name\":\"Col\u00e9gio Imaculada Concei\u00e7\u00e3o | Rede ICM de educa\u00e7\u00e3o\",\"url\":\"https:\/\/redeicm.org.br\/imaculadaconceicao\/\",\"logo\":{\"@type\":\"ImageObject\",\"inLanguage\":\"pt-BR\",\"@id\":\"https:\/\/redeicm.org.br\/imaculadaconceicao\/#\/schema\/logo\/image\/\",\"url\":\"https:\/\/redeicm.org.br\/imaculadaconceicao\/wp-content\/uploads\/sites\/12\/2024\/08\/ICM_Educacao_Imaculada_Conceicao_Preferencial_Cores-1024x263-1.png\",\"contentUrl\":\"https:\/\/redeicm.org.br\/imaculadaconceicao\/wp-content\/uploads\/sites\/12\/2024\/08\/ICM_Educacao_Imaculada_Conceicao_Preferencial_Cores-1024x263-1.png\",\"width\":1024,\"height\":263,\"caption\":\"Col\u00e9gio Imaculada Concei\u00e7\u00e3o | Rede ICM de educa\u00e7\u00e3o\"},\"image\":{\"@id\":\"https:\/\/redeicm.org.br\/imaculadaconceicao\/#\/schema\/logo\/image\/\"}}]}<\/script>\n<!-- \/ Yoast SEO plugin. -->","yoast_head_json":{"title":"Orienta\u00e7\u00f5es para Alunos - Col\u00e9gio Imaculada Concei\u00e7\u00e3o | Rede ICM de educa\u00e7\u00e3o","robots":{"index":"index","follow":"follow","max-snippet":"max-snippet:-1","max-image-preview":"max-image-preview:large","max-video-preview":"max-video-preview:-1"},"canonical":"https:\/\/redeicm.org.br\/imaculadaconceicao\/orientacoes-para-alunos\/","og_locale":"pt_BR","og_type":"article","og_title":"Orienta\u00e7\u00f5es para Alunos - Col\u00e9gio Imaculada Concei\u00e7\u00e3o | Rede ICM de educa\u00e7\u00e3o","og_description":"ORIENTA\u00c7\u00d5ES PARA ALUNOS 2025 \u00a0Cada um de n\u00f3s, Col\u00e9gio, fam\u00edlia e estudante \u00e9 correspons\u00e1vel na constru\u00e7\u00e3o de um clima que possibilite o aprendizado e crescimento como pessoa, experimentando e escolhendo a\u00e7\u00f5es que nos levem a desenvolver a criatividade, a autonomia e o respeito, de forma a construir a pr\u00f3pria identidade e optar por escolhas respons\u00e1veis. [&hellip;]","og_url":"https:\/\/redeicm.org.br\/imaculadaconceicao\/orientacoes-para-alunos\/","og_site_name":"Col\u00e9gio Imaculada Concei\u00e7\u00e3o | Rede ICM de educa\u00e7\u00e3o","article_modified_time":"2026-03-06T13:28:09+00:00","og_image":[{"width":1440,"height":401,"url":"https:\/\/redeicm.org.br\/imaculadaconceicao\/wp-content\/uploads\/sites\/12\/2024\/08\/banner-ensino-fundamental-finais.jpg","type":"image\/jpeg"}],"twitter_card":"summary_large_image","twitter_misc":{"Est. tempo de leitura":"4 minutos"},"schema":{"@context":"https:\/\/schema.org","@graph":[{"@type":"WebPage","@id":"https:\/\/redeicm.org.br\/imaculadaconceicao\/orientacoes-para-alunos\/","url":"https:\/\/redeicm.org.br\/imaculadaconceicao\/orientacoes-para-alunos\/","name":"Orienta\u00e7\u00f5es para Alunos - Col\u00e9gio Imaculada Concei\u00e7\u00e3o | Rede ICM de educa\u00e7\u00e3o","isPartOf":{"@id":"https:\/\/redeicm.org.br\/imaculadaconceicao\/#website"},"primaryImageOfPage":{"@id":"https:\/\/redeicm.org.br\/imaculadaconceicao\/orientacoes-para-alunos\/#primaryimage"},"image":{"@id":"https:\/\/redeicm.org.br\/imaculadaconceicao\/orientacoes-para-alunos\/#primaryimage"},"thumbnailUrl":"https:\/\/redeicm.org.br\/imaculadaconceicao\/wp-content\/uploads\/sites\/12\/2024\/08\/banner-ensino-fundamental-finais.jpg","datePublished":"2024-08-21T15:02:06+00:00","dateModified":"2026-03-06T13:28:09+00:00","breadcrumb":{"@id":"https:\/\/redeicm.org.br\/imaculadaconceicao\/orientacoes-para-alunos\/#breadcrumb"},"inLanguage":"pt-BR","potentialAction":[{"@type":"ReadAction","target":["https:\/\/redeicm.org.br\/imaculadaconceicao\/orientacoes-para-alunos\/"]}]},{"@type":"ImageObject","inLanguage":"pt-BR","@id":"https:\/\/redeicm.org.br\/imaculadaconceicao\/orientacoes-para-alunos\/#primaryimage","url":"https:\/\/redeicm.org.br\/imaculadaconceicao\/wp-content\/uploads\/sites\/12\/2024\/08\/banner-ensino-fundamental-finais.jpg","contentUrl":"https:\/\/redeicm.org.br\/imaculadaconceicao\/wp-content\/uploads\/sites\/12\/2024\/08\/banner-ensino-fundamental-finais.jpg","width":1440,"height":401},{"@type":"BreadcrumbList","@id":"https:\/\/redeicm.org.br\/imaculadaconceicao\/orientacoes-para-alunos\/#breadcrumb","itemListElement":[{"@type":"ListItem","position":1,"name":"In\u00edcio","item":"https:\/\/redeicm.org.br\/imaculadaconceicao\/"},{"@type":"ListItem","position":2,"name":"Orienta\u00e7\u00f5es para Alunos"}]},{"@type":"WebSite","@id":"https:\/\/redeicm.org.br\/imaculadaconceicao\/#website","url":"https:\/\/redeicm.org.br\/imaculadaconceicao\/","name":"Col\u00e9gio Imaculada Concei\u00e7\u00e3o | Rede ICM de educa\u00e7\u00e3o","description":"","publisher":{"@id":"https:\/\/redeicm.org.br\/imaculadaconceicao\/#organization"},"potentialAction":[{"@type":"SearchAction","target":{"@type":"EntryPoint","urlTemplate":"https:\/\/redeicm.org.br\/imaculadaconceicao\/?s={search_term_string}"},"query-input":{"@type":"PropertyValueSpecification","valueRequired":true,"valueName":"search_term_string"}}],"inLanguage":"pt-BR"},{"@type":"Organization","@id":"https:\/\/redeicm.org.br\/imaculadaconceicao\/#organization","name":"Col\u00e9gio Imaculada Concei\u00e7\u00e3o | Rede ICM de educa\u00e7\u00e3o","url":"https:\/\/redeicm.org.br\/imaculadaconceicao\/","logo":{"@type":"ImageObject","inLanguage":"pt-BR","@id":"https:\/\/redeicm.org.br\/imaculadaconceicao\/#\/schema\/logo\/image\/","url":"https:\/\/redeicm.org.br\/imaculadaconceicao\/wp-content\/uploads\/sites\/12\/2024\/08\/ICM_Educacao_Imaculada_Conceicao_Preferencial_Cores-1024x263-1.png","contentUrl":"https:\/\/redeicm.org.br\/imaculadaconceicao\/wp-content\/uploads\/sites\/12\/2024\/08\/ICM_Educacao_Imaculada_Conceicao_Preferencial_Cores-1024x263-1.png","width":1024,"height":263,"caption":"Col\u00e9gio Imaculada Concei\u00e7\u00e3o | Rede ICM de educa\u00e7\u00e3o"},"image":{"@id":"https:\/\/redeicm.org.br\/imaculadaconceicao\/#\/schema\/logo\/image\/"}}]}},"_links":{"self":[{"href":"https:\/\/redeicm.org.br\/imaculadaconceicao\/wp-json\/wp\/v2\/pages\/288","targetHints":{"allow":["GET"]}}],"collection":[{"href":"https:\/\/redeicm.org.br\/imaculadaconceicao\/wp-json\/wp\/v2\/pages"}],"about":[{"href":"https:\/\/redeicm.org.br\/imaculadaconceicao\/wp-json\/wp\/v2\/types\/page"}],"author":[{"embeddable":true,"href":"https:\/\/redeicm.org.br\/imaculadaconceicao\/wp-json\/wp\/v2\/users\/1"}],"replies":[{"embeddable":true,"href":"https:\/\/redeicm.org.br\/imaculadaconceicao\/wp-json\/wp\/v2\/comments?post=288"}],"version-history":[{"count":12,"href":"https:\/\/redeicm.org.br\/imaculadaconceicao\/wp-json\/wp\/v2\/pages\/288\/revisions"}],"predecessor-version":[{"id":4003,"href":"https:\/\/redeicm.org.br\/imaculadaconceicao\/wp-json\/wp\/v2\/pages\/288\/revisions\/4003"}],"wp:featuredmedia":[{"embeddable":true,"href":"https:\/\/redeicm.org.br\/imaculadaconceicao\/wp-json\/wp\/v2\/media\/113"}],"wp:attachment":[{"href":"https:\/\/redeicm.org.br\/imaculadaconceicao\/wp-json\/wp\/v2\/media?parent=288"}],"curies":[{"name":"wp","href":"https:\/\/api.w.org\/{rel}","templated":true}]}}