{"id":2845,"date":"2025-06-18T10:06:49","date_gmt":"2025-06-18T13:06:49","guid":{"rendered":"https:\/\/redeicm.org.br\/imaculadaconceicao\/?page_id=2845"},"modified":"2025-06-18T10:06:49","modified_gmt":"2025-06-18T13:06:49","slug":"feicic-2025","status":"publish","type":"page","link":"https:\/\/redeicm.org.br\/imaculadaconceicao\/feicic-2025\/","title":{"rendered":"FEICIC 2025"},"content":{"rendered":"<h2 style=\"text-align: center\"><\/h2>\n<h2 style=\"text-align: center\"><a href=\"https:\/\/drive.google.com\/file\/d\/1dG1ApP-5SJPtMjyJKnnerTironD80V0H\/view?usp=sharing\"><strong>REGULAMENTO GERAL &#8211; 11\u00aa FEICIC<\/strong><\/a><\/h2>\n<h3 style=\"text-align: center\">ENVIO DO LINK DO V\u00cdDEO<\/h3>\n<h3 style=\"text-align: center\"><a href=\"https:\/\/forms.gle\/SqLMaA9gqB57kR757\">ENVIO DO RELAT\u00d3RIO DE PESQUISA E BANNER<\/a><\/h3>\n<h3 style=\"text-align: center\"><a href=\"https:\/\/forms.gle\/MP126VL8bcAKa39Z9\">FORMUL\u00c1RIO DE INSCRI\u00c7\u00c3O (ANOS FINAIS)<\/a><\/h3>\n<h3 style=\"text-align: center\"><a href=\"https:\/\/forms.gle\/RT633SbsgxRj3j6z5\">FORMUL\u00c1RIO DE PR\u00c9-INSCRI\u00c7\u00c3O<\/a><\/h3>\n<h3 style=\"text-align: center\"><a href=\"https:\/\/drive.google.com\/file\/d\/1lXj1T16ExyfvxjG16sti50LxVTRBmzBa\/view\">ORIENTA\u00c7\u00d5ES SOBRE O RELAT\u00d3RIO DE PESQUISA<\/a><\/h3>\n<h3 style=\"text-align: center\"><a href=\"https:\/\/drive.google.com\/file\/d\/1JXyEMkAt8bHBqqzkSHCX_60hzb7grHuy\/view?usp=sharing\">ORIENTA\u00c7\u00d5ES SOBRE O BANNER<\/a><\/h3>\n<h3 style=\"text-align: center\"><a href=\"https:\/\/drive.google.com\/file\/d\/1gxcPjxZxt6OsAxNBPt_74xNFXFBW9B51\/view\">ORIENTA\u00c7\u00d5ES SOBRE O CADERNO DE CAMPO<\/a><\/h3>\n<h3 style=\"text-align: center\"><a href=\"https:\/\/drive.google.com\/file\/d\/1jF6kiPLseZNM0KQNXXpYEQgCtPpxuvLZ\/view\">ORIENTA\u00c7\u00d5ES SOBRE O V\u00cdDEO<\/a><\/h3>\n<h3 style=\"text-align: center\"><a href=\"https:\/\/drive.google.com\/file\/d\/1qIh6dLy2ZIxUzsJYNqcpWmoV2KJhPVMY\/view\">ORIENTA\u00c7\u00d5ES PARA APRESENTA\u00c7\u00c3O<\/a><\/h3>\n<h3 style=\"text-align: center\"><a href=\"https:\/\/drive.google.com\/file\/d\/1JT9nl-SLTYksleoGta7dej4tSwK_fXLb\/view\">MODELO DE RELAT\u00d3RIO DE PESQUISA<\/a><\/h3>\n<h3 style=\"text-align: center\"><a href=\"https:\/\/docs.google.com\/presentation\/d\/1Hou1qyKdgnn2Uk96yc0-igDl0XJXGVWr7ywCzun544o\/\">MODELO DE BANNER<\/a><\/h3>\n","protected":false},"excerpt":{"rendered":"<p>REGULAMENTO GERAL &#8211; 11\u00aa FEICIC ENVIO DO LINK DO V\u00cdDEO ENVIO DO RELAT\u00d3RIO DE PESQUISA E BANNER FORMUL\u00c1RIO DE INSCRI\u00c7\u00c3O (ANOS FINAIS) FORMUL\u00c1RIO DE PR\u00c9-INSCRI\u00c7\u00c3O ORIENTA\u00c7\u00d5ES SOBRE O RELAT\u00d3RIO DE PESQUISA ORIENTA\u00c7\u00d5ES SOBRE O BANNER ORIENTA\u00c7\u00d5ES SOBRE O CADERNO DE CAMPO ORIENTA\u00c7\u00d5ES SOBRE O V\u00cdDEO ORIENTA\u00c7\u00d5ES PARA APRESENTA\u00c7\u00c3O MODELO DE RELAT\u00d3RIO DE PESQUISA MODELO DE [&hellip;]<\/p>\n","protected":false},"author":20,"featured_media":0,"parent":0,"menu_order":0,"comment_status":"closed","ping_status":"closed","template":"","meta":{"_acf_changed":false,"footnotes":""},"class_list":["post-2845","page","type-page","status-publish","hentry"],"acf":[],"yoast_head":"<!-- This site is optimized with the Yoast SEO plugin v26.3 - https:\/\/yoast.com\/wordpress\/plugins\/seo\/ -->\n<title>FEICIC 2025 - Col\u00e9gio Imaculada Concei\u00e7\u00e3o | Rede ICM de educa\u00e7\u00e3o<\/title>\n<meta name=\"robots\" content=\"index, follow, max-snippet:-1, max-image-preview:large, max-video-preview:-1\" \/>\n<link rel=\"canonical\" href=\"https:\/\/redeicm.org.br\/imaculadaconceicao\/feicic-2025\/\" \/>\n<meta property=\"og:locale\" content=\"pt_BR\" \/>\n<meta property=\"og:type\" content=\"article\" \/>\n<meta property=\"og:title\" content=\"FEICIC 2025 - Col\u00e9gio Imaculada Concei\u00e7\u00e3o | Rede ICM de educa\u00e7\u00e3o\" \/>\n<meta property=\"og:description\" content=\"REGULAMENTO GERAL &#8211; 11\u00aa FEICIC ENVIO DO LINK DO V\u00cdDEO ENVIO DO RELAT\u00d3RIO DE PESQUISA E BANNER FORMUL\u00c1RIO DE INSCRI\u00c7\u00c3O (ANOS FINAIS) FORMUL\u00c1RIO DE PR\u00c9-INSCRI\u00c7\u00c3O ORIENTA\u00c7\u00d5ES SOBRE O RELAT\u00d3RIO DE PESQUISA ORIENTA\u00c7\u00d5ES SOBRE O BANNER ORIENTA\u00c7\u00d5ES SOBRE O CADERNO DE CAMPO ORIENTA\u00c7\u00d5ES SOBRE O V\u00cdDEO ORIENTA\u00c7\u00d5ES PARA APRESENTA\u00c7\u00c3O MODELO DE RELAT\u00d3RIO DE PESQUISA MODELO DE [&hellip;]\" \/>\n<meta property=\"og:url\" content=\"https:\/\/redeicm.org.br\/imaculadaconceicao\/feicic-2025\/\" \/>\n<meta property=\"og:site_name\" content=\"Col\u00e9gio Imaculada Concei\u00e7\u00e3o | Rede ICM de educa\u00e7\u00e3o\" \/>\n<meta name=\"twitter:card\" content=\"summary_large_image\" \/>\n<meta name=\"twitter:label1\" content=\"Est. tempo de leitura\" \/>\n\t<meta name=\"twitter:data1\" content=\"1 minuto\" \/>\n<script type=\"application\/ld+json\" class=\"yoast-schema-graph\">{\"@context\":\"https:\/\/schema.org\",\"@graph\":[{\"@type\":\"WebPage\",\"@id\":\"https:\/\/redeicm.org.br\/imaculadaconceicao\/feicic-2025\/\",\"url\":\"https:\/\/redeicm.org.br\/imaculadaconceicao\/feicic-2025\/\",\"name\":\"FEICIC 2025 - Col\u00e9gio Imaculada Concei\u00e7\u00e3o | Rede ICM de educa\u00e7\u00e3o\",\"isPartOf\":{\"@id\":\"https:\/\/redeicm.org.br\/imaculadaconceicao\/#website\"},\"datePublished\":\"2025-06-18T13:06:49+00:00\",\"breadcrumb\":{\"@id\":\"https:\/\/redeicm.org.br\/imaculadaconceicao\/feicic-2025\/#breadcrumb\"},\"inLanguage\":\"pt-BR\",\"potentialAction\":[{\"@type\":\"ReadAction\",\"target\":[\"https:\/\/redeicm.org.br\/imaculadaconceicao\/feicic-2025\/\"]}]},{\"@type\":\"BreadcrumbList\",\"@id\":\"https:\/\/redeicm.org.br\/imaculadaconceicao\/feicic-2025\/#breadcrumb\",\"itemListElement\":[{\"@type\":\"ListItem\",\"position\":1,\"name\":\"In\u00edcio\",\"item\":\"https:\/\/redeicm.org.br\/imaculadaconceicao\/\"},{\"@type\":\"ListItem\",\"position\":2,\"name\":\"FEICIC 2025\"}]},{\"@type\":\"WebSite\",\"@id\":\"https:\/\/redeicm.org.br\/imaculadaconceicao\/#website\",\"url\":\"https:\/\/redeicm.org.br\/imaculadaconceicao\/\",\"name\":\"Col\u00e9gio Imaculada Concei\u00e7\u00e3o | Rede ICM de educa\u00e7\u00e3o\",\"description\":\"\",\"publisher\":{\"@id\":\"https:\/\/redeicm.org.br\/imaculadaconceicao\/#organization\"},\"potentialAction\":[{\"@type\":\"SearchAction\",\"target\":{\"@type\":\"EntryPoint\",\"urlTemplate\":\"https:\/\/redeicm.org.br\/imaculadaconceicao\/?s={search_term_string}\"},\"query-input\":{\"@type\":\"PropertyValueSpecification\",\"valueRequired\":true,\"valueName\":\"search_term_string\"}}],\"inLanguage\":\"pt-BR\"},{\"@type\":\"Organization\",\"@id\":\"https:\/\/redeicm.org.br\/imaculadaconceicao\/#organization\",\"name\":\"Col\u00e9gio Imaculada Concei\u00e7\u00e3o | Rede ICM de educa\u00e7\u00e3o\",\"url\":\"https:\/\/redeicm.org.br\/imaculadaconceicao\/\",\"logo\":{\"@type\":\"ImageObject\",\"inLanguage\":\"pt-BR\",\"@id\":\"https:\/\/redeicm.org.br\/imaculadaconceicao\/#\/schema\/logo\/image\/\",\"url\":\"https:\/\/redeicm.org.br\/imaculadaconceicao\/wp-content\/uploads\/sites\/12\/2024\/08\/ICM_Educacao_Imaculada_Conceicao_Preferencial_Cores-1024x263-1.png\",\"contentUrl\":\"https:\/\/redeicm.org.br\/imaculadaconceicao\/wp-content\/uploads\/sites\/12\/2024\/08\/ICM_Educacao_Imaculada_Conceicao_Preferencial_Cores-1024x263-1.png\",\"width\":1024,\"height\":263,\"caption\":\"Col\u00e9gio Imaculada Concei\u00e7\u00e3o | Rede ICM de educa\u00e7\u00e3o\"},\"image\":{\"@id\":\"https:\/\/redeicm.org.br\/imaculadaconceicao\/#\/schema\/logo\/image\/\"}}]}<\/script>\n<!-- \/ Yoast SEO plugin. -->","yoast_head_json":{"title":"FEICIC 2025 - Col\u00e9gio Imaculada Concei\u00e7\u00e3o | Rede ICM de educa\u00e7\u00e3o","robots":{"index":"index","follow":"follow","max-snippet":"max-snippet:-1","max-image-preview":"max-image-preview:large","max-video-preview":"max-video-preview:-1"},"canonical":"https:\/\/redeicm.org.br\/imaculadaconceicao\/feicic-2025\/","og_locale":"pt_BR","og_type":"article","og_title":"FEICIC 2025 - Col\u00e9gio Imaculada Concei\u00e7\u00e3o | Rede ICM de educa\u00e7\u00e3o","og_description":"REGULAMENTO GERAL &#8211; 11\u00aa FEICIC ENVIO DO LINK DO V\u00cdDEO ENVIO DO RELAT\u00d3RIO DE PESQUISA E BANNER FORMUL\u00c1RIO DE INSCRI\u00c7\u00c3O (ANOS FINAIS) FORMUL\u00c1RIO DE PR\u00c9-INSCRI\u00c7\u00c3O ORIENTA\u00c7\u00d5ES SOBRE O RELAT\u00d3RIO DE PESQUISA ORIENTA\u00c7\u00d5ES SOBRE O BANNER ORIENTA\u00c7\u00d5ES SOBRE O CADERNO DE CAMPO ORIENTA\u00c7\u00d5ES SOBRE O V\u00cdDEO ORIENTA\u00c7\u00d5ES PARA APRESENTA\u00c7\u00c3O MODELO DE RELAT\u00d3RIO DE PESQUISA MODELO DE [&hellip;]","og_url":"https:\/\/redeicm.org.br\/imaculadaconceicao\/feicic-2025\/","og_site_name":"Col\u00e9gio Imaculada Concei\u00e7\u00e3o | Rede ICM de educa\u00e7\u00e3o","twitter_card":"summary_large_image","twitter_misc":{"Est. tempo de leitura":"1 minuto"},"schema":{"@context":"https:\/\/schema.org","@graph":[{"@type":"WebPage","@id":"https:\/\/redeicm.org.br\/imaculadaconceicao\/feicic-2025\/","url":"https:\/\/redeicm.org.br\/imaculadaconceicao\/feicic-2025\/","name":"FEICIC 2025 - Col\u00e9gio Imaculada Concei\u00e7\u00e3o | Rede ICM de educa\u00e7\u00e3o","isPartOf":{"@id":"https:\/\/redeicm.org.br\/imaculadaconceicao\/#website"},"datePublished":"2025-06-18T13:06:49+00:00","breadcrumb":{"@id":"https:\/\/redeicm.org.br\/imaculadaconceicao\/feicic-2025\/#breadcrumb"},"inLanguage":"pt-BR","potentialAction":[{"@type":"ReadAction","target":["https:\/\/redeicm.org.br\/imaculadaconceicao\/feicic-2025\/"]}]},{"@type":"BreadcrumbList","@id":"https:\/\/redeicm.org.br\/imaculadaconceicao\/feicic-2025\/#breadcrumb","itemListElement":[{"@type":"ListItem","position":1,"name":"In\u00edcio","item":"https:\/\/redeicm.org.br\/imaculadaconceicao\/"},{"@type":"ListItem","position":2,"name":"FEICIC 2025"}]},{"@type":"WebSite","@id":"https:\/\/redeicm.org.br\/imaculadaconceicao\/#website","url":"https:\/\/redeicm.org.br\/imaculadaconceicao\/","name":"Col\u00e9gio Imaculada Concei\u00e7\u00e3o | Rede ICM de educa\u00e7\u00e3o","description":"","publisher":{"@id":"https:\/\/redeicm.org.br\/imaculadaconceicao\/#organization"},"potentialAction":[{"@type":"SearchAction","target":{"@type":"EntryPoint","urlTemplate":"https:\/\/redeicm.org.br\/imaculadaconceicao\/?s={search_term_string}"},"query-input":{"@type":"PropertyValueSpecification","valueRequired":true,"valueName":"search_term_string"}}],"inLanguage":"pt-BR"},{"@type":"Organization","@id":"https:\/\/redeicm.org.br\/imaculadaconceicao\/#organization","name":"Col\u00e9gio Imaculada Concei\u00e7\u00e3o | Rede ICM de educa\u00e7\u00e3o","url":"https:\/\/redeicm.org.br\/imaculadaconceicao\/","logo":{"@type":"ImageObject","inLanguage":"pt-BR","@id":"https:\/\/redeicm.org.br\/imaculadaconceicao\/#\/schema\/logo\/image\/","url":"https:\/\/redeicm.org.br\/imaculadaconceicao\/wp-content\/uploads\/sites\/12\/2024\/08\/ICM_Educacao_Imaculada_Conceicao_Preferencial_Cores-1024x263-1.png","contentUrl":"https:\/\/redeicm.org.br\/imaculadaconceicao\/wp-content\/uploads\/sites\/12\/2024\/08\/ICM_Educacao_Imaculada_Conceicao_Preferencial_Cores-1024x263-1.png","width":1024,"height":263,"caption":"Col\u00e9gio Imaculada Concei\u00e7\u00e3o | Rede ICM de educa\u00e7\u00e3o"},"image":{"@id":"https:\/\/redeicm.org.br\/imaculadaconceicao\/#\/schema\/logo\/image\/"}}]}},"_links":{"self":[{"href":"https:\/\/redeicm.org.br\/imaculadaconceicao\/wp-json\/wp\/v2\/pages\/2845","targetHints":{"allow":["GET"]}}],"collection":[{"href":"https:\/\/redeicm.org.br\/imaculadaconceicao\/wp-json\/wp\/v2\/pages"}],"about":[{"href":"https:\/\/redeicm.org.br\/imaculadaconceicao\/wp-json\/wp\/v2\/types\/page"}],"author":[{"embeddable":true,"href":"https:\/\/redeicm.org.br\/imaculadaconceicao\/wp-json\/wp\/v2\/users\/20"}],"replies":[{"embeddable":true,"href":"https:\/\/redeicm.org.br\/imaculadaconceicao\/wp-json\/wp\/v2\/comments?post=2845"}],"version-history":[{"count":1,"href":"https:\/\/redeicm.org.br\/imaculadaconceicao\/wp-json\/wp\/v2\/pages\/2845\/revisions"}],"predecessor-version":[{"id":2846,"href":"https:\/\/redeicm.org.br\/imaculadaconceicao\/wp-json\/wp\/v2\/pages\/2845\/revisions\/2846"}],"wp:attachment":[{"href":"https:\/\/redeicm.org.br\/imaculadaconceicao\/wp-json\/wp\/v2\/media?parent=2845"}],"curies":[{"name":"wp","href":"https:\/\/api.w.org\/{rel}","templated":true}]}}