{"id":924,"date":"2024-10-08T19:33:43","date_gmt":"2024-10-08T22:33:43","guid":{"rendered":"https:\/\/redeicm.org.br\/gloria\/?page_id=924"},"modified":"2025-07-22T11:03:11","modified_gmt":"2025-07-22T14:03:11","slug":"provas-e-avaliacoes","status":"publish","type":"page","link":"https:\/\/redeicm.org.br\/gloria\/provas-e-avaliacoes\/","title":{"rendered":"Provas e Avalia\u00e7\u00f5es"},"content":{"rendered":"\t\t<div data-elementor-type=\"wp-page\" data-elementor-id=\"924\" class=\"elementor elementor-924\" data-elementor-post-type=\"page\">\n\t\t\t\t<div class=\"elementor-element elementor-element-59d962d e-flex e-con-boxed e-con e-parent\" data-id=\"59d962d\" data-element_type=\"container\" data-e-type=\"container\" data-settings=\"{&quot;background_background&quot;:&quot;classic&quot;}\">\n\t\t\t\t\t<div class=\"e-con-inner\">\n\t\t\t\t<div class=\"elementor-element elementor-element-5eb2889 elementor-widget elementor-widget-heading\" data-id=\"5eb2889\" data-element_type=\"widget\" data-e-type=\"widget\" data-widget_type=\"heading.default\">\n\t\t\t\t<div class=\"elementor-widget-container\">\n\t\t\t\t\t<h2 class=\"elementor-heading-title elementor-size-default\">Provas e Avalia\u00e7\u00f5es<\/h2>\t\t\t\t<\/div>\n\t\t\t\t<\/div>\n\t\t\t\t\t<\/div>\n\t\t\t\t<\/div>\n\t\t<div class=\"elementor-element elementor-element-2437e20 e-flex e-con-boxed e-con e-parent\" data-id=\"2437e20\" data-element_type=\"container\" data-e-type=\"container\">\n\t\t\t\t\t<div class=\"e-con-inner\">\n\t\t\t\t<div class=\"elementor-element elementor-element-4345d7f elementor-widget elementor-widget-heading\" data-id=\"4345d7f\" data-element_type=\"widget\" data-e-type=\"widget\" data-widget_type=\"heading.default\">\n\t\t\t\t<div class=\"elementor-widget-container\">\n\t\t\t\t\t<h2 class=\"elementor-heading-title elementor-size-default\">CRONOGRAMA DE PROVAS TRIMESTRAIS E SEMESTRAIS <\/h2>\t\t\t\t<\/div>\n\t\t\t\t<\/div>\n\t\t\t\t<div class=\"elementor-element elementor-element-813bb98 elementor-widget elementor-widget-heading\" data-id=\"813bb98\" data-element_type=\"widget\" data-e-type=\"widget\" data-widget_type=\"heading.default\">\n\t\t\t\t<div class=\"elementor-widget-container\">\n\t\t\t\t\t<h2 class=\"elementor-heading-title elementor-size-default\">CRONOGRAMA DE PROVAS TRIMESTRAIS \u2013 I TRIMESTRE DE 2024<\/h2>\t\t\t\t<\/div>\n\t\t\t\t<\/div>\n\t\t\t\t<div class=\"elementor-element elementor-element-e355e04 elementor-widget__width-auto elementor-widget elementor-widget-text-editor\" data-id=\"e355e04\" data-element_type=\"widget\" data-e-type=\"widget\" data-widget_type=\"text-editor.default\">\n\t\t\t\t<div class=\"elementor-widget-container\">\n\t\t\t\t\t\t\t\t\t<p style=\"text-align: left;\"><a href=\"https:\/\/redeicm.org.br\/gloria\/wp-content\/uploads\/sites\/11\/2025\/05\/6o-7o-8o-anos.pdf\">6\u00ba, 7\u00ba E 8\u00ba ANOS DO EF<\/a><\/p><p style=\"text-align: left;\"><a href=\"https:\/\/redeicm.org.br\/gloria\/wp-content\/uploads\/sites\/11\/2025\/05\/9o-ano.pdf\">9\u00ba ANO<\/a><\/p><p style=\"text-align: left;\"><a href=\"https:\/\/redeicm.org.br\/gloria\/wp-content\/uploads\/sites\/11\/2025\/05\/1a-serie.pdf\">1\u00aa S\u00c9RIE EM<\/a><\/p><p style=\"text-align: left;\"><a href=\"https:\/\/redeicm.org.br\/gloria\/wp-content\/uploads\/sites\/11\/2025\/05\/2a-serie.pdf\">2\u00aa S\u00c9RIE EM<\/a><\/p><p style=\"text-align: left;\"><a href=\"https:\/\/redeicm.org.br\/gloria\/wp-content\/uploads\/sites\/11\/2025\/05\/3a-serie.pdf\">3\u00aa S\u00c9RIE EM<\/a><\/p>\t\t\t\t\t\t\t\t<\/div>\n\t\t\t\t<\/div>\n\t\t\t\t<div class=\"elementor-element elementor-element-1f53648 elementor-widget__width-auto elementor-widget elementor-widget-text-editor\" data-id=\"1f53648\" data-element_type=\"widget\" data-e-type=\"widget\" data-widget_type=\"text-editor.default\">\n\t\t\t\t<div class=\"elementor-widget-container\">\n\t\t\t\t\t\t\t\t\t<p style=\"text-align: left;\"><a href=\"https:\/\/redeicm.org.br\/gloria\/wp-content\/uploads\/sites\/11\/2025\/05\/AT_ENSINO-FUNDAMENTAL-1o-TRI.pdf\">6\u00ba,\u00a0 7\u00ba e 8\u00ba ANOS DO EF<\/a><\/p><p style=\"text-align: left;\"><a href=\"https:\/\/redeicm.org.br\/gloria\/wp-content\/uploads\/sites\/11\/2025\/05\/AT_NONO-ANO-1o-TRI.pdf\">9\u00ba ANO<\/a><\/p><p style=\"text-align: left;\">\u00a0<\/p>\t\t\t\t\t\t\t\t<\/div>\n\t\t\t\t<\/div>\n\t\t\t\t\t<\/div>\n\t\t\t\t<\/div>\n\t\t\t\t<\/div>\n\t\t","protected":false},"excerpt":{"rendered":"<p>CRONOGRAMA DE PROVAS TRIMESTRAIS E SEMESTRAIS CRONOGRAMA DE PROVAS TRIMESTRAIS \u2013 I TRIMESTRE DE 2024 6\u00ba, 7\u00ba E 8\u00ba ANOS DO EF 9\u00ba ANO 1\u00aa S\u00c9RIE EM 2\u00aa S\u00c9RIE EM 3\u00aa S\u00c9RIE EM 6\u00ba,\u00a0 7\u00ba e 8\u00ba ANOS DO EF 9\u00ba ANO \u00a0<\/p>\n","protected":false},"author":1,"featured_media":0,"parent":0,"menu_order":0,"comment_status":"closed","ping_status":"closed","template":"elementor_header_footer","meta":{"_acf_changed":false,"footnotes":""},"class_list":["post-924","page","type-page","status-publish","hentry"],"acf":[],"yoast_head":"<!-- This site is optimized with the Yoast SEO plugin v26.3 - https:\/\/yoast.com\/wordpress\/plugins\/seo\/ -->\n<title>Provas e Avalia\u00e7\u00f5es - Col\u00e9gio Nossa Senhora da Gl\u00f3ria | Rede ICM de Educa\u00e7\u00e3o<\/title>\n<meta name=\"robots\" content=\"index, follow, max-snippet:-1, max-image-preview:large, max-video-preview:-1\" \/>\n<link rel=\"canonical\" href=\"https:\/\/redeicm.org.br\/gloria\/provas-e-avaliacoes\/\" \/>\n<meta property=\"og:locale\" content=\"pt_BR\" \/>\n<meta property=\"og:type\" content=\"article\" \/>\n<meta property=\"og:title\" content=\"Provas e Avalia\u00e7\u00f5es - Col\u00e9gio Nossa Senhora da Gl\u00f3ria | Rede ICM de Educa\u00e7\u00e3o\" \/>\n<meta property=\"og:description\" content=\"CRONOGRAMA DE PROVAS TRIMESTRAIS E SEMESTRAIS CRONOGRAMA DE PROVAS TRIMESTRAIS \u2013 I TRIMESTRE DE 2024 6\u00ba, 7\u00ba E 8\u00ba ANOS DO EF 9\u00ba ANO 1\u00aa S\u00c9RIE EM 2\u00aa S\u00c9RIE EM 3\u00aa S\u00c9RIE EM 6\u00ba,\u00a0 7\u00ba e 8\u00ba ANOS DO EF 9\u00ba ANO \u00a0\" \/>\n<meta property=\"og:url\" content=\"https:\/\/redeicm.org.br\/gloria\/provas-e-avaliacoes\/\" \/>\n<meta property=\"og:site_name\" content=\"Col\u00e9gio Nossa Senhora da Gl\u00f3ria | Rede ICM de Educa\u00e7\u00e3o\" \/>\n<meta property=\"article:modified_time\" content=\"2025-07-22T14:03:11+00:00\" \/>\n<meta name=\"twitter:card\" content=\"summary_large_image\" \/>\n<meta name=\"twitter:label1\" content=\"Est. tempo de leitura\" \/>\n\t<meta name=\"twitter:data1\" content=\"1 minuto\" \/>\n<script type=\"application\/ld+json\" class=\"yoast-schema-graph\">{\"@context\":\"https:\/\/schema.org\",\"@graph\":[{\"@type\":\"WebPage\",\"@id\":\"https:\/\/redeicm.org.br\/gloria\/provas-e-avaliacoes\/\",\"url\":\"https:\/\/redeicm.org.br\/gloria\/provas-e-avaliacoes\/\",\"name\":\"Provas e Avalia\u00e7\u00f5es - Col\u00e9gio Nossa Senhora da Gl\u00f3ria | Rede ICM de Educa\u00e7\u00e3o\",\"isPartOf\":{\"@id\":\"https:\/\/redeicm.org.br\/gloria\/#website\"},\"datePublished\":\"2024-10-08T22:33:43+00:00\",\"dateModified\":\"2025-07-22T14:03:11+00:00\",\"breadcrumb\":{\"@id\":\"https:\/\/redeicm.org.br\/gloria\/provas-e-avaliacoes\/#breadcrumb\"},\"inLanguage\":\"pt-BR\",\"potentialAction\":[{\"@type\":\"ReadAction\",\"target\":[\"https:\/\/redeicm.org.br\/gloria\/provas-e-avaliacoes\/\"]}]},{\"@type\":\"BreadcrumbList\",\"@id\":\"https:\/\/redeicm.org.br\/gloria\/provas-e-avaliacoes\/#breadcrumb\",\"itemListElement\":[{\"@type\":\"ListItem\",\"position\":1,\"name\":\"In\u00edcio\",\"item\":\"https:\/\/redeicm.org.br\/gloria\/\"},{\"@type\":\"ListItem\",\"position\":2,\"name\":\"Provas e Avalia\u00e7\u00f5es\"}]},{\"@type\":\"WebSite\",\"@id\":\"https:\/\/redeicm.org.br\/gloria\/#website\",\"url\":\"https:\/\/redeicm.org.br\/gloria\/\",\"name\":\"Col\u00e9gio Nossa Senhora da Gl\u00f3ria | Rede ICM de Educa\u00e7\u00e3o\",\"description\":\"\",\"publisher\":{\"@id\":\"https:\/\/redeicm.org.br\/gloria\/#organization\"},\"potentialAction\":[{\"@type\":\"SearchAction\",\"target\":{\"@type\":\"EntryPoint\",\"urlTemplate\":\"https:\/\/redeicm.org.br\/gloria\/?s={search_term_string}\"},\"query-input\":{\"@type\":\"PropertyValueSpecification\",\"valueRequired\":true,\"valueName\":\"search_term_string\"}}],\"inLanguage\":\"pt-BR\"},{\"@type\":\"Organization\",\"@id\":\"https:\/\/redeicm.org.br\/gloria\/#organization\",\"name\":\"Col\u00e9gio Nossa Senhora da Gl\u00f3ria | Rede ICM de Educa\u00e7\u00e3o\",\"url\":\"https:\/\/redeicm.org.br\/gloria\/\",\"logo\":{\"@type\":\"ImageObject\",\"inLanguage\":\"pt-BR\",\"@id\":\"https:\/\/redeicm.org.br\/gloria\/#\/schema\/logo\/image\/\",\"url\":\"https:\/\/redeicm.org.br\/gloria\/wp-content\/uploads\/sites\/11\/2024\/08\/icm_educacao_gloria_preferencial_cores-1024x512-1.webp\",\"contentUrl\":\"https:\/\/redeicm.org.br\/gloria\/wp-content\/uploads\/sites\/11\/2024\/08\/icm_educacao_gloria_preferencial_cores-1024x512-1.webp\",\"width\":1024,\"height\":512,\"caption\":\"Col\u00e9gio Nossa Senhora da Gl\u00f3ria | Rede ICM de Educa\u00e7\u00e3o\"},\"image\":{\"@id\":\"https:\/\/redeicm.org.br\/gloria\/#\/schema\/logo\/image\/\"}}]}<\/script>\n<!-- \/ Yoast SEO plugin. -->","yoast_head_json":{"title":"Provas e Avalia\u00e7\u00f5es - Col\u00e9gio Nossa Senhora da Gl\u00f3ria | Rede ICM de Educa\u00e7\u00e3o","robots":{"index":"index","follow":"follow","max-snippet":"max-snippet:-1","max-image-preview":"max-image-preview:large","max-video-preview":"max-video-preview:-1"},"canonical":"https:\/\/redeicm.org.br\/gloria\/provas-e-avaliacoes\/","og_locale":"pt_BR","og_type":"article","og_title":"Provas e Avalia\u00e7\u00f5es - Col\u00e9gio Nossa Senhora da Gl\u00f3ria | Rede ICM de Educa\u00e7\u00e3o","og_description":"CRONOGRAMA DE PROVAS TRIMESTRAIS E SEMESTRAIS CRONOGRAMA DE PROVAS TRIMESTRAIS \u2013 I TRIMESTRE DE 2024 6\u00ba, 7\u00ba E 8\u00ba ANOS DO EF 9\u00ba ANO 1\u00aa S\u00c9RIE EM 2\u00aa S\u00c9RIE EM 3\u00aa S\u00c9RIE EM 6\u00ba,\u00a0 7\u00ba e 8\u00ba ANOS DO EF 9\u00ba ANO \u00a0","og_url":"https:\/\/redeicm.org.br\/gloria\/provas-e-avaliacoes\/","og_site_name":"Col\u00e9gio Nossa Senhora da Gl\u00f3ria | Rede ICM de Educa\u00e7\u00e3o","article_modified_time":"2025-07-22T14:03:11+00:00","twitter_card":"summary_large_image","twitter_misc":{"Est. tempo de leitura":"1 minuto"},"schema":{"@context":"https:\/\/schema.org","@graph":[{"@type":"WebPage","@id":"https:\/\/redeicm.org.br\/gloria\/provas-e-avaliacoes\/","url":"https:\/\/redeicm.org.br\/gloria\/provas-e-avaliacoes\/","name":"Provas e Avalia\u00e7\u00f5es - Col\u00e9gio Nossa Senhora da Gl\u00f3ria | Rede ICM de Educa\u00e7\u00e3o","isPartOf":{"@id":"https:\/\/redeicm.org.br\/gloria\/#website"},"datePublished":"2024-10-08T22:33:43+00:00","dateModified":"2025-07-22T14:03:11+00:00","breadcrumb":{"@id":"https:\/\/redeicm.org.br\/gloria\/provas-e-avaliacoes\/#breadcrumb"},"inLanguage":"pt-BR","potentialAction":[{"@type":"ReadAction","target":["https:\/\/redeicm.org.br\/gloria\/provas-e-avaliacoes\/"]}]},{"@type":"BreadcrumbList","@id":"https:\/\/redeicm.org.br\/gloria\/provas-e-avaliacoes\/#breadcrumb","itemListElement":[{"@type":"ListItem","position":1,"name":"In\u00edcio","item":"https:\/\/redeicm.org.br\/gloria\/"},{"@type":"ListItem","position":2,"name":"Provas e Avalia\u00e7\u00f5es"}]},{"@type":"WebSite","@id":"https:\/\/redeicm.org.br\/gloria\/#website","url":"https:\/\/redeicm.org.br\/gloria\/","name":"Col\u00e9gio Nossa Senhora da Gl\u00f3ria | Rede ICM de Educa\u00e7\u00e3o","description":"","publisher":{"@id":"https:\/\/redeicm.org.br\/gloria\/#organization"},"potentialAction":[{"@type":"SearchAction","target":{"@type":"EntryPoint","urlTemplate":"https:\/\/redeicm.org.br\/gloria\/?s={search_term_string}"},"query-input":{"@type":"PropertyValueSpecification","valueRequired":true,"valueName":"search_term_string"}}],"inLanguage":"pt-BR"},{"@type":"Organization","@id":"https:\/\/redeicm.org.br\/gloria\/#organization","name":"Col\u00e9gio Nossa Senhora da Gl\u00f3ria | Rede ICM de Educa\u00e7\u00e3o","url":"https:\/\/redeicm.org.br\/gloria\/","logo":{"@type":"ImageObject","inLanguage":"pt-BR","@id":"https:\/\/redeicm.org.br\/gloria\/#\/schema\/logo\/image\/","url":"https:\/\/redeicm.org.br\/gloria\/wp-content\/uploads\/sites\/11\/2024\/08\/icm_educacao_gloria_preferencial_cores-1024x512-1.webp","contentUrl":"https:\/\/redeicm.org.br\/gloria\/wp-content\/uploads\/sites\/11\/2024\/08\/icm_educacao_gloria_preferencial_cores-1024x512-1.webp","width":1024,"height":512,"caption":"Col\u00e9gio Nossa Senhora da Gl\u00f3ria | Rede ICM de Educa\u00e7\u00e3o"},"image":{"@id":"https:\/\/redeicm.org.br\/gloria\/#\/schema\/logo\/image\/"}}]}},"_links":{"self":[{"href":"https:\/\/redeicm.org.br\/gloria\/wp-json\/wp\/v2\/pages\/924","targetHints":{"allow":["GET"]}}],"collection":[{"href":"https:\/\/redeicm.org.br\/gloria\/wp-json\/wp\/v2\/pages"}],"about":[{"href":"https:\/\/redeicm.org.br\/gloria\/wp-json\/wp\/v2\/types\/page"}],"author":[{"embeddable":true,"href":"https:\/\/redeicm.org.br\/gloria\/wp-json\/wp\/v2\/users\/1"}],"replies":[{"embeddable":true,"href":"https:\/\/redeicm.org.br\/gloria\/wp-json\/wp\/v2\/comments?post=924"}],"version-history":[{"count":4,"href":"https:\/\/redeicm.org.br\/gloria\/wp-json\/wp\/v2\/pages\/924\/revisions"}],"predecessor-version":[{"id":1391,"href":"https:\/\/redeicm.org.br\/gloria\/wp-json\/wp\/v2\/pages\/924\/revisions\/1391"}],"wp:attachment":[{"href":"https:\/\/redeicm.org.br\/gloria\/wp-json\/wp\/v2\/media?parent=924"}],"curies":[{"name":"wp","href":"https:\/\/api.w.org\/{rel}","templated":true}]}}